{"id":998,"date":"2024-07-08T11:37:11","date_gmt":"2024-07-08T11:37:11","guid":{"rendered":"https:\/\/lekarzeopole.pl\/wordpress\/?post_type=product&#038;p=998"},"modified":"2025-02-05T17:28:39","modified_gmt":"2025-02-05T17:28:39","slug":"virilan","status":"publish","type":"product","link":"https:\/\/lekarzeopole.pl\/wordpress\/product\/virilan\/","title":{"rendered":"Virilan"},"content":{"rendered":"<p>Virilan to innowacyjny suplement diety stworzony z my\u015bl\u0105 o m\u0119\u017cczyznach poszukuj\u0105cych naturalnych rozwi\u0105za\u0144 wspieraj\u0105cych zdrowie seksualne. Produkt ten jest szczeg\u00f3lnie polecany dla m\u0119\u017cczyzn odczuwaj\u0105cych dyskomfort zwi\u0105zany z rozmiarem penisa oraz dla tych, kt\u00f3rzy pragn\u0105 poprawi\u0107 swoje \u017cycie seksualne. Regularne stosowanie Virilan mo\u017ce przyczyni\u0107 si\u0119 do zwi\u0119kszenia pewno\u015bci siebie oraz satysfakcji z \u017cycia intymnego.<\/p>\n<h2>Sk\u0142ad i dzia\u0142anie sk\u0142adnik\u00f3w Virilan<\/h2>\n<p>Virilan zawiera starannie dobran\u0105 kombinacj\u0119 naturalnych sk\u0142adnik\u00f3w, kt\u00f3re s\u0105 znane ze swojego pozytywnego wp\u0142ywu na zdrowie seksualne m\u0119\u017cczyzn:<\/p>\n<ol>\n<li><strong>Olej konopny<\/strong> &#8211; bogaty w niezb\u0119dne nienasycone kwasy t\u0142uszczowe, wspomaga og\u00f3lny stan zdrowia oraz poprawia ukrwienie, co mo\u017ce mie\u0107 korzystny wp\u0142yw na zdrowie seksualne.<\/li>\n<li><strong>Ekstrakt z owoc\u00f3w palmy saba\u0142owej<\/strong> &#8211; tradycyjnie stosowany w celu wspierania zdrowia prostaty i regulacji poziomu hormon\u00f3w.<\/li>\n<li><strong>Ekstrakt z li\u015bci pokrzywy<\/strong> &#8211; pomaga w utrzymaniu odpowiednich poziom\u00f3w testosteronu, co jest kluczowe dla zdrowia seksualnego.<\/li>\n<li><strong>Ekstrakt z owoc\u00f3w granatu<\/strong> &#8211; bogaty w przeciwutleniacze, kt\u00f3re mog\u0105 wspomaga\u0107 zdrowie naczy\u0144 krwiono\u015bnych i poprawia\u0107 kr\u0105\u017cenie krwi w okolicach intymnych.<\/li>\n<li><strong>Lecytyna sojowa<\/strong> &#8211; wspiera zdrowie kom\u00f3rek oraz mo\u017ce mie\u0107 korzystny wp\u0142yw na funkcj\u0119 seksualn\u0105.<\/li>\n<li><strong>Witamina D3 (cholekalcyferol)<\/strong> &#8211; istotna dla og\u00f3lnego zdrowia organizmu, mo\u017ce r\u00f3wnie\u017c wspiera\u0107 zdrowie seksualne poprzez regulacj\u0119 poziom\u00f3w testosteronu.<\/li>\n<\/ol>\n<p>Wszystkie sk\u0142adniki Virilan zosta\u0142y starannie dobrane i po\u0142\u0105czone w celu maksymalizacji korzy\u015bci dla zdrowia seksualnego m\u0119\u017cczyzn, przy zachowaniu bezpiecze\u0144stwa stosowania.<\/p>\n<h2>Efekty Virilan i ich charakterystyka<\/h2>\n<p>Regularne stosowanie Virilan mo\u017ce przynie\u015b\u0107 szereg korzy\u015bci, w tym:<\/p>\n<ul>\n<li><strong>Zwi\u0119kszenie pewno\u015bci siebie<\/strong> &#8211; poprawa satysfakcji z \u017cycia seksualnego mo\u017ce wp\u0142yn\u0105\u0107 na og\u00f3lne samopoczucie.<\/li>\n<li><strong>Poprawa jako\u015bci erekcji<\/strong> &#8211; sk\u0142adniki Virilan wspomagaj\u0105 zdrowie naczy\u0144 krwiono\u015bnych oraz mog\u0105 wp\u0142ywa\u0107 korzystnie na funkcj\u0119 erekcyjn\u0105.<\/li>\n<li><strong>Wsparcie dla zdrowia prostaty<\/strong> &#8211; dzi\u0119ki obecno\u015bci ekstraktu z palmy saba\u0142owej, Virilan mo\u017ce wspiera\u0107 zdrowie prostaty.<\/li>\n<\/ul>\n<h2>Ryzyko skutk\u00f3w ubocznych<\/h2>\n<p>Virilan wyr\u00f3\u017cnia si\u0119 na rynku dzi\u0119ki swojemu naturalnemu sk\u0142adowi, co minimalizuje ryzyko wyst\u0105pienia skutk\u00f3w ubocznych. Dzi\u0119ki starannie dobranym naturalnym sk\u0142adnikom, produkt jest dobrze tolerowany przez organizm. Regularne stosowanie zgodnie z zaleceniami producenta (2 kapsu\u0142ki dziennie) pozwala na bezpieczne korzystanie z dobroczynnych w\u0142a\u015bciwo\u015bci Virilan.<\/p>\n<p>Virilan to innowacyjny produkt, kt\u00f3ry dzi\u0119ki swojemu naturalnemu sk\u0142adowi mo\u017ce wspiera\u0107 zdrowie seksualne m\u0119\u017cczyzn. Regularne stosowanie mo\u017ce przyczyni\u0107 si\u0119 do poprawy jako\u015bci \u017cycia intymnego oraz zwi\u0119kszenia pewno\u015bci siebie. Bezpiecze\u0144stwo i skuteczno\u015b\u0107 Virilan zosta\u0142y potwierdzone dzi\u0119ki starannie dobranym sk\u0142adnikom, kt\u00f3re dzia\u0142aj\u0105 synergistycznie na korzy\u015b\u0107 zdrowia seksualnego. Wybieraj\u0105c Virilan, wybierasz naturalne wsparcie dla swojego zdrowia.<\/p>\n<p style=\"text-align: center;\"><a href=\"https:\/\/tl-track.com\/tracker\/useW\"><button>www.virilan.pl<\/button><\/a><\/p>\n<h2>Opinie klient\u00f3w o Virilan: fora po\u015bwi\u0119cone zdrowiu<\/h2>\n<p>W Polsce Virilan zyska\u0142 ogromn\u0105 popularno\u015b\u0107 w\u015br\u00f3d m\u0119\u017cczyzn poszukuj\u0105cych naturalnych rozwi\u0105za\u0144 wspieraj\u0105cych zdrowie seksualne. \u015awiadectwem tego s\u0105 liczne pozytywne opinie zamieszczane na specjalistycznych forach zdrowotnych oraz w\u015br\u00f3d u\u017cytkownik\u00f3w, kt\u00f3rzy dziel\u0105 si\u0119 swoimi do\u015bwiadczeniami. Wi\u0119kszo\u015b\u0107 recenzji opisuje Virilan jako skuteczny produkt, kt\u00f3ry nie tylko poprawia jako\u015b\u0107 \u017cycia intymnego, ale tak\u017ce jest \u0142atwo dost\u0119pny.<\/p>\n<ul>\n<li><strong>Pawe\u0142, 42 lata<\/strong>: &#8222;Virilan naprawd\u0119 dzia\u0142a! Po kilku tygodniach regularnego stosowania zauwa\u017cy\u0142em znaczn\u0105 popraw\u0119 w mojej sprawno\u015bci seksualnej. Polecam ka\u017cdemu, kto chce poczu\u0107 si\u0119 pewniej w \u0142\u00f3\u017cku.&#8221;<\/li>\n<li><strong>Marcin, 35 lat<\/strong>: &#8222;Jestem mile zaskoczony efektami Virilan. Dla mnie wa\u017cne by\u0142o, \u017ce sk\u0142ada si\u0119 on z naturalnych sk\u0142adnik\u00f3w. Po miesi\u0105cu stosowania czuj\u0119 si\u0119 bardziej energiczny i gotowy na ka\u017cde wyzwanie.&#8221;<\/li>\n<\/ul>\n<h2>Spos\u00f3b podawania i dawkowanie<\/h2>\n<p>Zaleca si\u0119 stosowanie Virilan zgodnie z zaleceniami producenta. Preparat wyst\u0119puje w formie \u0142atwych do po\u0142kni\u0119cia kapsu\u0142ek, kt\u00f3re nale\u017cy przyjmowa\u0107 po jednej kapsu\u0142ce rano i jednej wieczorem, popijaj\u0105c wod\u0105. Regularno\u015b\u0107 i systematyczno\u015b\u0107 stosowania s\u0105 kluczowe dla osi\u0105gni\u0119cia optymalnych efekt\u00f3w. Virilan mo\u017cna stosowa\u0107 zar\u00f3wno dora\u017anie, jak i profilaktycznie, zale\u017cnie od indywidualnych potrzeb.<\/p>\n<h2>Kup teraz Virilan z dostaw\u0105<\/h2>\n<p>Zakup Virilan jest prosty i wygodny dzi\u0119ki oficjalnej stronie producenta, gdzie mo\u017cna zam\u00f3wi\u0107 produkt bezpo\u015brednio online. Klient nie musi dokonywa\u0107 przedp\u0142aty &#8211; p\u0142atno\u015b\u0107 za Virilan nast\u0119puje dopiero przy odbiorze przesy\u0142ki. Dzi\u0119ki takiemu rozwi\u0105zaniu, ka\u017cdy klient ma pewno\u015b\u0107, \u017ce otrzyma oryginalny produkt bez \u017cadnych ryzyk. Dostawa Virilan zazwyczaj zajmuje 3-4 dni robocze na terenie Polski. Dodatkowo, po z\u0142o\u017ceniu zam\u00f3wienia, klient otrzymuje potwierdzenie telefoniczne od specjalisty, kt\u00f3ry s\u0142u\u017cy pomoc\u0105 i mo\u017ce udzieli\u0107 informacji na temat dost\u0119pno\u015bci oraz ewentualnych promocji.<\/p>\n<p style=\"text-align: center;\"><a href=\"https:\/\/tl-track.com\/tracker\/useW\"><button>Zakup na stronie producenta (-50%)<\/button><\/a><\/p>\n<h2>Por\u00f3wnanie ofert: ceny i dost\u0119pno\u015b\u0107 Virilan<\/h2>\n<p>Producent Virilan stawia na bezpo\u015bredni kontakt z klientem, dlatego produkt mo\u017cna naby\u0107 bezpo\u015brednio na oficjalnej stronie internetowej. Dzi\u0119ki temu unikamy po\u015brednik\u00f3w oraz dodatkowych mar\u017c. Na stronie producenta regularnie pojawiaj\u0105 si\u0119 r\u00f3wnie\u017c atrakcyjne promocje i zni\u017cki, kt\u00f3re warto regularnie sprawdza\u0107. Wa\u017cne jest, aby pami\u0119ta\u0107, \u017ce Virilan nie jest dost\u0119pny w tradycyjnych aptekach stacjonarnych, co gwarantuje oryginalno\u015b\u0107 produktu oraz bezpiecze\u0144stwo jego stosowania.<\/p>\n","protected":false},"excerpt":{"rendered":"<p style=\"text-align: center;\"><a href=\"https:\/\/tl-track.com\/tracker\/useW\"><button>Kup teraz<\/button><\/a><\/p>\n<p>SKU:\u00a0<span class=\"sku\">789.005.453<\/span><\/p>\n<hr \/>\n<p><small>Produkt sprzedawany jest wy\u0142\u0105cznie za po\u015brednictwem oficjalnej strony producenta, id\u017a i kupuj bezpiecznie!<\/small><\/p>\n","protected":false},"featured_media":1148,"comment_status":"open","ping_status":"closed","template":"","meta":[],"product_brand":[],"product_cat":[15],"product_tag":[],"class_list":{"0":"post-998","1":"product","2":"type-product","3":"status-publish","4":"has-post-thumbnail","6":"product_cat-supl","7":"thunk-woo-product-list","8":"opn-qv-enable","9":"top-store-woo-hover-","10":"top-store-single-product-tab-horizontal","11":"top-store-shadow-","12":"top-store-shadow-hover-","14":"first","15":"instock","16":"sale","17":"shipping-taxable","18":"purchasable","19":"product-type-simple"},"yoast_head":"<!-- This site is optimized with the Yoast SEO plugin v27.4 - https:\/\/yoast.com\/product\/yoast-seo-wordpress\/ -->\n<title>Virilan - kup suplement, cena w aptece, sk\u0142ad, dzia\u0142anie<\/title>\n<meta name=\"robots\" content=\"index, follow, max-snippet:-1, max-image-preview:large, max-video-preview:-1\" \/>\n<link rel=\"canonical\" href=\"https:\/\/lekarzeopole.pl\/wordpress\/product\/virilan\/\" \/>\n<meta property=\"og:locale\" content=\"pl_PL\" \/>\n<meta property=\"og:type\" content=\"article\" \/>\n<meta property=\"og:title\" content=\"Virilan - kup suplement, cena w aptece, sk\u0142ad, dzia\u0142anie\" \/>\n<meta property=\"og:description\" content=\"Kup teraz SKU:\u00a0789.005.453    Produkt sprzedawany jest wy\u0142\u0105cznie za po\u015brednictwem oficjalnej strony producenta, id\u017a i kupuj bezpiecznie!\" \/>\n<meta property=\"og:url\" content=\"https:\/\/lekarzeopole.pl\/wordpress\/product\/virilan\/\" \/>\n<meta property=\"og:site_name\" content=\"Lekarze Opole\" \/>\n<meta property=\"article:modified_time\" content=\"2025-02-05T17:28:39+00:00\" \/>\n<meta property=\"og:image\" content=\"https:\/\/lekarzeopole.pl\/wordpress\/wp-content\/uploads\/2024\/07\/virilan.jpg\" \/>\n\t<meta property=\"og:image:width\" content=\"240\" \/>\n\t<meta property=\"og:image:height\" content=\"240\" \/>\n\t<meta property=\"og:image:type\" content=\"image\/jpeg\" \/>\n<meta name=\"twitter:card\" content=\"summary_large_image\" \/>\n<meta name=\"twitter:label1\" content=\"Szacowany czas czytania\" \/>\n\t<meta name=\"twitter:data1\" content=\"5 minut\" \/>\n<script type=\"application\/ld+json\" class=\"yoast-schema-graph\">{\"@context\":\"https:\\\/\\\/schema.org\",\"@graph\":[{\"@type\":\"WebPage\",\"@id\":\"https:\\\/\\\/lekarzeopole.pl\\\/wordpress\\\/product\\\/virilan\\\/\",\"url\":\"https:\\\/\\\/lekarzeopole.pl\\\/wordpress\\\/product\\\/virilan\\\/\",\"name\":\"Virilan - kup suplement, cena w aptece, sk\u0142ad, dzia\u0142anie\",\"isPartOf\":{\"@id\":\"https:\\\/\\\/lekarzeopole.pl\\\/wordpress\\\/#website\"},\"primaryImageOfPage\":{\"@id\":\"https:\\\/\\\/lekarzeopole.pl\\\/wordpress\\\/product\\\/virilan\\\/#primaryimage\"},\"image\":{\"@id\":\"https:\\\/\\\/lekarzeopole.pl\\\/wordpress\\\/product\\\/virilan\\\/#primaryimage\"},\"thumbnailUrl\":\"https:\\\/\\\/lekarzeopole.pl\\\/wordpress\\\/wp-content\\\/uploads\\\/2024\\\/07\\\/virilan.jpg\",\"datePublished\":\"2024-07-08T11:37:11+00:00\",\"dateModified\":\"2025-02-05T17:28:39+00:00\",\"breadcrumb\":{\"@id\":\"https:\\\/\\\/lekarzeopole.pl\\\/wordpress\\\/product\\\/virilan\\\/#breadcrumb\"},\"inLanguage\":\"pl-PL\",\"potentialAction\":[{\"@type\":\"ReadAction\",\"target\":[\"https:\\\/\\\/lekarzeopole.pl\\\/wordpress\\\/product\\\/virilan\\\/\"]}]},{\"@type\":\"ImageObject\",\"inLanguage\":\"pl-PL\",\"@id\":\"https:\\\/\\\/lekarzeopole.pl\\\/wordpress\\\/product\\\/virilan\\\/#primaryimage\",\"url\":\"https:\\\/\\\/lekarzeopole.pl\\\/wordpress\\\/wp-content\\\/uploads\\\/2024\\\/07\\\/virilan.jpg\",\"contentUrl\":\"https:\\\/\\\/lekarzeopole.pl\\\/wordpress\\\/wp-content\\\/uploads\\\/2024\\\/07\\\/virilan.jpg\",\"width\":240,\"height\":240,\"caption\":\"Virilan\"},{\"@type\":\"BreadcrumbList\",\"@id\":\"https:\\\/\\\/lekarzeopole.pl\\\/wordpress\\\/product\\\/virilan\\\/#breadcrumb\",\"itemListElement\":[{\"@type\":\"ListItem\",\"position\":1,\"name\":\"\u0413\u043b\u0430\u0432\u043d\u0430\u044f \u0441\u0442\u0440\u0430\u043d\u0438\u0446\u0430\",\"item\":\"https:\\\/\\\/lekarzeopole.pl\\\/wordpress\\\/\"},{\"@type\":\"ListItem\",\"position\":2,\"name\":\"Zakup\",\"item\":\"https:\\\/\\\/lekarzeopole.pl\\\/wordpress\\\/\"},{\"@type\":\"ListItem\",\"position\":3,\"name\":\"Virilan\"}]},{\"@type\":\"WebSite\",\"@id\":\"https:\\\/\\\/lekarzeopole.pl\\\/wordpress\\\/#website\",\"url\":\"https:\\\/\\\/lekarzeopole.pl\\\/wordpress\\\/\",\"name\":\"Lekarze Opole\",\"description\":\"\",\"potentialAction\":[{\"@type\":\"SearchAction\",\"target\":{\"@type\":\"EntryPoint\",\"urlTemplate\":\"https:\\\/\\\/lekarzeopole.pl\\\/wordpress\\\/?s={search_term_string}\"},\"query-input\":{\"@type\":\"PropertyValueSpecification\",\"valueRequired\":true,\"valueName\":\"search_term_string\"}}],\"inLanguage\":\"pl-PL\"}]}<\/script>\n<!-- \/ Yoast SEO plugin. -->","yoast_head_json":{"title":"Virilan - kup suplement, cena w aptece, sk\u0142ad, dzia\u0142anie","robots":{"index":"index","follow":"follow","max-snippet":"max-snippet:-1","max-image-preview":"max-image-preview:large","max-video-preview":"max-video-preview:-1"},"canonical":"https:\/\/lekarzeopole.pl\/wordpress\/product\/virilan\/","og_locale":"pl_PL","og_type":"article","og_title":"Virilan - kup suplement, cena w aptece, sk\u0142ad, dzia\u0142anie","og_description":"Kup teraz SKU:\u00a0789.005.453    Produkt sprzedawany jest wy\u0142\u0105cznie za po\u015brednictwem oficjalnej strony producenta, id\u017a i kupuj bezpiecznie!","og_url":"https:\/\/lekarzeopole.pl\/wordpress\/product\/virilan\/","og_site_name":"Lekarze Opole","article_modified_time":"2025-02-05T17:28:39+00:00","og_image":[{"width":240,"height":240,"url":"https:\/\/lekarzeopole.pl\/wordpress\/wp-content\/uploads\/2024\/07\/virilan.jpg","type":"image\/jpeg"}],"twitter_card":"summary_large_image","twitter_misc":{"Szacowany czas czytania":"5 minut"},"schema":{"@context":"https:\/\/schema.org","@graph":[{"@type":"WebPage","@id":"https:\/\/lekarzeopole.pl\/wordpress\/product\/virilan\/","url":"https:\/\/lekarzeopole.pl\/wordpress\/product\/virilan\/","name":"Virilan - kup suplement, cena w aptece, sk\u0142ad, dzia\u0142anie","isPartOf":{"@id":"https:\/\/lekarzeopole.pl\/wordpress\/#website"},"primaryImageOfPage":{"@id":"https:\/\/lekarzeopole.pl\/wordpress\/product\/virilan\/#primaryimage"},"image":{"@id":"https:\/\/lekarzeopole.pl\/wordpress\/product\/virilan\/#primaryimage"},"thumbnailUrl":"https:\/\/lekarzeopole.pl\/wordpress\/wp-content\/uploads\/2024\/07\/virilan.jpg","datePublished":"2024-07-08T11:37:11+00:00","dateModified":"2025-02-05T17:28:39+00:00","breadcrumb":{"@id":"https:\/\/lekarzeopole.pl\/wordpress\/product\/virilan\/#breadcrumb"},"inLanguage":"pl-PL","potentialAction":[{"@type":"ReadAction","target":["https:\/\/lekarzeopole.pl\/wordpress\/product\/virilan\/"]}]},{"@type":"ImageObject","inLanguage":"pl-PL","@id":"https:\/\/lekarzeopole.pl\/wordpress\/product\/virilan\/#primaryimage","url":"https:\/\/lekarzeopole.pl\/wordpress\/wp-content\/uploads\/2024\/07\/virilan.jpg","contentUrl":"https:\/\/lekarzeopole.pl\/wordpress\/wp-content\/uploads\/2024\/07\/virilan.jpg","width":240,"height":240,"caption":"Virilan"},{"@type":"BreadcrumbList","@id":"https:\/\/lekarzeopole.pl\/wordpress\/product\/virilan\/#breadcrumb","itemListElement":[{"@type":"ListItem","position":1,"name":"\u0413\u043b\u0430\u0432\u043d\u0430\u044f \u0441\u0442\u0440\u0430\u043d\u0438\u0446\u0430","item":"https:\/\/lekarzeopole.pl\/wordpress\/"},{"@type":"ListItem","position":2,"name":"Zakup","item":"https:\/\/lekarzeopole.pl\/wordpress\/"},{"@type":"ListItem","position":3,"name":"Virilan"}]},{"@type":"WebSite","@id":"https:\/\/lekarzeopole.pl\/wordpress\/#website","url":"https:\/\/lekarzeopole.pl\/wordpress\/","name":"Lekarze Opole","description":"","potentialAction":[{"@type":"SearchAction","target":{"@type":"EntryPoint","urlTemplate":"https:\/\/lekarzeopole.pl\/wordpress\/?s={search_term_string}"},"query-input":{"@type":"PropertyValueSpecification","valueRequired":true,"valueName":"search_term_string"}}],"inLanguage":"pl-PL"}]}},"_links":{"self":[{"href":"https:\/\/lekarzeopole.pl\/wordpress\/wp-json\/wp\/v2\/product\/998","targetHints":{"allow":["GET"]}}],"collection":[{"href":"https:\/\/lekarzeopole.pl\/wordpress\/wp-json\/wp\/v2\/product"}],"about":[{"href":"https:\/\/lekarzeopole.pl\/wordpress\/wp-json\/wp\/v2\/types\/product"}],"replies":[{"embeddable":true,"href":"https:\/\/lekarzeopole.pl\/wordpress\/wp-json\/wp\/v2\/comments?post=998"}],"wp:featuredmedia":[{"embeddable":true,"href":"https:\/\/lekarzeopole.pl\/wordpress\/wp-json\/wp\/v2\/media\/1148"}],"wp:attachment":[{"href":"https:\/\/lekarzeopole.pl\/wordpress\/wp-json\/wp\/v2\/media?parent=998"}],"wp:term":[{"taxonomy":"product_brand","embeddable":true,"href":"https:\/\/lekarzeopole.pl\/wordpress\/wp-json\/wp\/v2\/product_brand?post=998"},{"taxonomy":"product_cat","embeddable":true,"href":"https:\/\/lekarzeopole.pl\/wordpress\/wp-json\/wp\/v2\/product_cat?post=998"},{"taxonomy":"product_tag","embeddable":true,"href":"https:\/\/lekarzeopole.pl\/wordpress\/wp-json\/wp\/v2\/product_tag?post=998"}],"curies":[{"name":"wp","href":"https:\/\/api.w.org\/{rel}","templated":true}]}}