{"id":988,"date":"2024-07-08T11:10:14","date_gmt":"2024-07-08T11:10:14","guid":{"rendered":"https:\/\/lekarzeopole.pl\/wordpress\/?post_type=product&#038;p=988"},"modified":"2024-07-08T11:10:16","modified_gmt":"2024-07-08T11:10:16","slug":"proctonic","status":"publish","type":"product","link":"https:\/\/lekarzeopole.pl\/wordpress\/product\/proctonic\/","title":{"rendered":"Proctonic"},"content":{"rendered":"<div class=\"w-full text-token-text-primary\" dir=\"auto\" data-testid=\"conversation-turn-3\" data-scroll-anchor=\"false\">\n<div class=\"py-2 juice:py-[18px] px-3 text-base md:px-4 m-auto md:px-5 lg:px-1 xl:px-5\">\n<div class=\"mx-auto flex flex-1 gap-3 text-base juice:gap-4 juice:md:gap-5 juice:lg:gap-6 md:max-w-3xl lg:max-w-[40rem] xl:max-w-[48rem]\">\n<div class=\"group\/conversation-turn relative flex w-full min-w-0 flex-col agent-turn\">\n<div class=\"flex-col gap-1 md:gap-3\">\n<div class=\"flex flex-grow flex-col max-w-full\">\n<div class=\"min-h-[20px] text-message flex flex-col items-start whitespace-pre-wrap break-words [.text-message+&amp;]:mt-5 juice:w-full juice:items-end overflow-x-auto gap-2\" dir=\"auto\" data-message-author-role=\"assistant\" data-message-id=\"fd5b93fb-4c2c-4abd-a25b-78acc8d0a6e2\">\n<div class=\"flex w-full flex-col gap-1 juice:empty:hidden juice:first:pt-[3px]\">\n<div class=\"markdown prose w-full break-words dark:prose-invert light\">\n<p>Hemoroidy s\u0105 powszechnym problemem zdrowotnym, kt\u00f3ry dotyka miliony ludzi na ca\u0142ym \u015bwiecie. Cz\u0119sto towarzyszy im dyskomfort, b\u00f3l, a czasem nawet krwawienie. W zwi\u0105zku z tym poszukiwanie skutecznego i bezpiecznego rozwi\u0105zania jest kluczowe dla wielu os\u00f3b cierpi\u0105cych na t\u0119 dolegliwo\u015b\u0107. Jednym z takich rozwi\u0105za\u0144 jest krem Proctonic, kt\u00f3ry wyr\u00f3\u017cnia si\u0119 unikalnym sk\u0142adem opartym na naturalnych sk\u0142adnikach. W niniejszym artykule om\u00f3wimy wskazania do stosowania Proctonic, sk\u0142ad i dzia\u0142anie jego sk\u0142adnik\u00f3w, efekty stosowania oraz ryzyko skutk\u00f3w ubocznych.<\/p>\n<h2>Wskazania do stosowania Proctonic<\/h2>\n<p>Proctonic jest polecany w wielu przypadkach zwi\u0105zanych z problemami hemoroidalnymi. Poni\u017cej znajduj\u0105 si\u0119 g\u0142\u00f3wne wskazania do jego stosowania:<\/p>\n<ol>\n<li><strong>Hemoroidy zewn\u0119trzne i wewn\u0119trzne<\/strong>: Proctonic \u0142agodzi objawy hemoroid\u00f3w zewn\u0119trznych i wewn\u0119trznych, redukuj\u0105c obrz\u0119ki i zmniejszaj\u0105c b\u00f3l.<\/li>\n<li><strong>\u015awi\u0105d i pieczenie<\/strong>: Sk\u0142adniki kremu skutecznie \u0142agodz\u0105 \u015bwi\u0105d i pieczenie w okolicach odbytu, kt\u00f3re cz\u0119sto towarzysz\u0105 hemoroidom.<\/li>\n<li><strong>Podra\u017cnienia i stany zapalne<\/strong>: Proctonic dzia\u0142a przeciwzapalnie, co pomaga w redukcji podra\u017cnie\u0144 i stan\u00f3w zapalnych.<\/li>\n<li><strong>Profilaktyka<\/strong>: Regularne stosowanie kremu mo\u017ce dzia\u0142a\u0107 profilaktycznie, zapobiegaj\u0105c nawrotom hemoroid\u00f3w.<\/li>\n<\/ol>\n<h2>Sk\u0142ad i dzia\u0142anie sk\u0142adnik\u00f3w Proctonic<\/h2>\n<p>Jednym z g\u0142\u00f3wnych atut\u00f3w Proctonic jest jego naturalny sk\u0142ad. Ka\u017cdy ze sk\u0142adnik\u00f3w zosta\u0142 starannie dobrany, aby zapewni\u0107 maksymaln\u0105 skuteczno\u015b\u0107 i minimalne ryzyko skutk\u00f3w ubocznych. Oto niekt\u00f3re z g\u0142\u00f3wnych sk\u0142adnik\u00f3w i ich dzia\u0142anie:<\/p>\n<ol>\n<li><strong>Wyci\u0105g z kasztanowca<\/strong>: Kasztanowiec jest znany ze swoich w\u0142a\u015bciwo\u015bci przeciwzapalnych i przeciwobrz\u0119kowych. Zawarte w nim escyna i flawonoidy wzmacniaj\u0105 naczynia krwiono\u015bne, co jest kluczowe w leczeniu hemoroid\u00f3w.<\/li>\n<li><strong>Aloes<\/strong>: Aloes ma dzia\u0142anie \u0142agodz\u0105ce i regeneruj\u0105ce. Przyspiesza gojenie si\u0119 ran i zmniejsza podra\u017cnienia sk\u00f3ry.<\/li>\n<li><strong>Nagietek<\/strong>: Ekstrakt z nagietka dzia\u0142a przeciwzapalnie i przeciwbakteryjnie, co pomaga w \u0142agodzeniu objaw\u00f3w hemoroid\u00f3w.<\/li>\n<li><strong>Kora d\u0119bu<\/strong>: Zawiera garbniki, kt\u00f3re dzia\u0142aj\u0105 \u015bci\u0105gaj\u0105co i przeciwzapalnie. Pomagaj\u0105 w redukcji obrz\u0119k\u00f3w i \u0142agodz\u0105 b\u00f3l.<\/li>\n<li><strong>Olej z wiesio\u0142ka<\/strong>: Bogaty w kwasy t\u0142uszczowe omega-6, kt\u00f3re maj\u0105 dzia\u0142anie przeciwzapalne i pomagaj\u0105 w regeneracji uszkodzonych tkanek.<\/li>\n<\/ol>\n<h2>Efekty Proctonic i ich charakterystyka<\/h2>\n<p>Regularne stosowanie kremu Proctonic przynosi szereg korzy\u015bci, kt\u00f3re mog\u0105 znacznie poprawi\u0107 jako\u015b\u0107 \u017cycia os\u00f3b cierpi\u0105cych na hemoroidy. Poni\u017cej przedstawiamy najwa\u017cniejsze efekty jego stosowania:<\/p>\n<ol>\n<li><strong>Zmniejszenie b\u00f3lu i dyskomfortu<\/strong>: Dzi\u0119ki dzia\u0142aniu przeciwzapalnemu i przeciwb\u00f3lowemu, Proctonic szybko \u0142agodzi b\u00f3l i dyskomfort zwi\u0105zany z hemoroidami.<\/li>\n<li><strong>Redukcja obrz\u0119k\u00f3w<\/strong>: Sk\u0142adniki kremu skutecznie zmniejszaj\u0105 obrz\u0119ki, co przyczynia si\u0119 do poprawy komfortu.<\/li>\n<li><strong>Przyspieszenie gojenia<\/strong>: Proctonic wspomaga regeneracj\u0119 uszkodzonych tkanek, co przyspiesza proces gojenia.<\/li>\n<li><strong>\u0141agodzenie \u015bwi\u0105du i pieczenia<\/strong>: Naturalne sk\u0142adniki kremu dzia\u0142aj\u0105 koj\u0105co, eliminuj\u0105c \u015bwi\u0105d i pieczenie.<\/li>\n<li><strong>Poprawa elastyczno\u015bci sk\u00f3ry<\/strong>: Proctonic nawil\u017ca i poprawia elastyczno\u015b\u0107 sk\u00f3ry w okolicach odbytu, co jest istotne w zapobieganiu p\u0119kni\u0119ciom i podra\u017cnieniom.<\/li>\n<\/ol>\n<h2>Ryzyko skutk\u00f3w ubocznych<\/h2>\n<p>Jednym z kluczowych atut\u00f3w Proctonic jest jego bezpiecze\u0144stwo stosowania. Dzi\u0119ki naturalnemu sk\u0142adowi, krem jest dobrze tolerowany przez wi\u0119kszo\u015b\u0107 u\u017cytkownik\u00f3w i ryzyko wyst\u0105pienia skutk\u00f3w ubocznych jest minimalne. Jednak\u017ce, jak ka\u017cdy preparat, Proctonic mo\u017ce powodowa\u0107 reakcje alergiczne u os\u00f3b uczulonych na kt\u00f3rykolwiek ze sk\u0142adnik\u00f3w. W takim przypadku nale\u017cy przerwa\u0107 stosowanie i skonsultowa\u0107 si\u0119 z lekarzem.<\/p>\n<p style=\"text-align: center;\"><a href=\"https:\/\/mandarv.com\/JLwS?sub1=sub1&amp;sub2=sub2&amp;sub3=sub3&amp;sub4=sub4&amp;sub5=sub5\"><button>www.proctonic.pl<\/button><\/a><\/p>\n<\/div>\n<\/div>\n<\/div>\n<\/div>\n<\/div>\n<\/div>\n<\/div>\n<\/div>\n<\/div>\n<div class=\"w-full text-token-text-primary\" dir=\"auto\" data-testid=\"conversation-turn-5\" data-scroll-anchor=\"true\">\n<div class=\"py-2 juice:py-[18px] px-3 text-base md:px-4 m-auto md:px-5 lg:px-1 xl:px-5\">\n<div class=\"mx-auto flex flex-1 gap-3 text-base juice:gap-4 juice:md:gap-5 juice:lg:gap-6 md:max-w-3xl lg:max-w-[40rem] xl:max-w-[48rem]\">\n<div class=\"group\/conversation-turn relative flex w-full min-w-0 flex-col agent-turn\">\n<div class=\"flex-col gap-1 md:gap-3\">\n<div class=\"flex flex-grow flex-col max-w-full\">\n<div class=\"min-h-[20px] text-message flex flex-col items-start whitespace-pre-wrap break-words [.text-message+&amp;]:mt-5 juice:w-full juice:items-end overflow-x-auto gap-2\" dir=\"auto\" data-message-author-role=\"assistant\" data-message-id=\"7a08ab92-51a1-4ca1-960e-92bf86e5ce11\">\n<div class=\"flex w-full flex-col gap-1 juice:empty:hidden juice:first:pt-[3px]\">\n<div class=\"markdown prose w-full break-words dark:prose-invert light\">\n<h2>Opinie klient\u00f3w o Proctonic: fora po\u015bwi\u0119cone zdrowiu<\/h2>\n<p>W Polsce, fora internetowe po\u015bwi\u0119cone zdrowiu s\u0105 miejscem, gdzie ludzie dziel\u0105 si\u0119 swoimi do\u015bwiadczeniami z r\u00f3\u017cnymi produktami leczniczymi. Krem Proctonic zdobywa coraz wi\u0119ksz\u0105 popularno\u015b\u0107 w\u015br\u00f3d u\u017cytkownik\u00f3w, co przek\u0142ada si\u0119 na liczne pozytywne opinie na forach. Wi\u0119kszo\u015b\u0107 u\u017cytkownik\u00f3w opisuje Proctonic jako skuteczny i dost\u0119pny \u015brodek, kt\u00f3ry przynosi ulg\u0119 w objawach hemoroid\u00f3w.<\/p>\n<ul>\n<li><strong>Anna z Warszawy:<\/strong> &#8222;Stosowa\u0142am Proctonic przez kilka tygodni i jestem bardzo zadowolona z efekt\u00f3w. B\u00f3l i \u015bwi\u0105d ust\u0105pi\u0142y ju\u017c po kilku dniach stosowania. Dodatkowo, krem jest \u0142atwo dost\u0119pny i mo\u017cna go zam\u00f3wi\u0107 online, co jest du\u017cym plusem.&#8221;<\/li>\n<li><strong>Marek z Krakowa:<\/strong> &#8222;Proctonic pom\u00f3g\u0142 mi w kr\u00f3tkim czasie upora\u0107 si\u0119 z problemem hemoroid\u00f3w. Naturalny sk\u0142ad sprawia, \u017ce nie musz\u0119 si\u0119 martwi\u0107 o skutki uboczne. Dodatkowo, krem jest przyst\u0119pny cenowo i \u0142atwo go zam\u00f3wi\u0107 przez internet.&#8221;<\/li>\n<\/ul>\n<h2>Spos\u00f3b podawania i dawkowanie<\/h2>\n<p>Stosowanie kremu Proctonic jest proste i wygodne. Oto kroki, kt\u00f3re nale\u017cy wykona\u0107, aby osi\u0105gn\u0105\u0107 najlepsze efekty:<\/p>\n<ol>\n<li><strong>Higiena<\/strong>: Przed na\u0142o\u017ceniem kremu nale\u017cy dok\u0142adnie umy\u0107 i osuszy\u0107 obszar odbytu.<\/li>\n<li><strong>Aplikacja<\/strong>: Na\u0142\u00f3\u017c niewielk\u0105 ilo\u015b\u0107 kremu na czysty palec i delikatnie wmasuj w obszar obj\u0119ty problemem.<\/li>\n<li><strong>Cz\u0119stotliwo\u015b\u0107<\/strong>: Stosowa\u0107 2-3 razy dziennie, najlepiej rano, wieczorem i po ka\u017cdym wypr\u00f3\u017cnieniu.<\/li>\n<\/ol>\n<p>Dawkowanie kremu mo\u017ce si\u0119 r\u00f3\u017cni\u0107 w zale\u017cno\u015bci od stopnia nasilenia objaw\u00f3w, dlatego w przypadku w\u0105tpliwo\u015bci zawsze warto skonsultowa\u0107 si\u0119 z lekarzem.<\/p>\n<h2>Kup teraz Proctonic z dostaw\u0105<\/h2>\n<p>Zakup kremu Proctonic jest \u0142atwy i wygodny dzi\u0119ki mo\u017cliwo\u015bci zam\u00f3wienia online. Oto kilka krok\u00f3w, jak to zrobi\u0107:<\/p>\n<ol>\n<li><strong>Zam\u00f3wienie online<\/strong>: Krem mo\u017cna zam\u00f3wi\u0107 na oficjalnej stronie producenta. Wype\u0142nij formularz zam\u00f3wienia, podaj\u0105c swoje dane kontaktowe.<\/li>\n<li><strong>Bezpieczna p\u0142atno\u015b\u0107<\/strong>: Nie musisz p\u0142aci\u0107 z g\u00f3ry &#8211; p\u0142atno\u015b\u0107 nast\u0119puje przy odbiorze, co eliminuje ryzyko zwi\u0105zane z zakupami online.<\/li>\n<li><strong>Szybka dostawa<\/strong>: Przesy\u0142ka zazwyczaj dociera w ci\u0105gu 3-4 dni roboczych na terenie Polski.<\/li>\n<li><strong>Potwierdzenie zam\u00f3wienia<\/strong>: Po z\u0142o\u017ceniu zam\u00f3wienia, skontaktuje si\u0119 z Tob\u0105 specjalista, aby potwierdzi\u0107 zam\u00f3wienie i odpowiedzie\u0107 na ewentualne pytania dotycz\u0105ce dost\u0119pnych promocji i ilo\u015bci produktu.<\/li>\n<\/ol>\n<p style=\"text-align: center;\"><a href=\"https:\/\/mandarv.com\/JLwS?sub1=sub1&amp;sub2=sub2&amp;sub3=sub3&amp;sub4=sub4&amp;sub5=sub5\"><button>Zakup na stronie producenta (-50%)<\/button><\/a><\/p>\n<h2>Por\u00f3wnanie ofert: ceny i dost\u0119pno\u015b\u0107 Proctonic<\/h2>\n<p>Producent Proctonic k\u0142adzie du\u017cy nacisk na dost\u0119pno\u015b\u0107 swojego produktu dla klient\u00f3w. Dzi\u0119ki sprzeda\u017cy bezpo\u015bredniej przez oficjaln\u0105 stron\u0119 internetow\u0105, mo\u017cliwe jest unikni\u0119cie dodatkowych koszt\u00f3w po\u015brednik\u00f3w, co czyni krem bardziej przyst\u0119pnym cenowo.<\/p>\n<ol>\n<li><strong>Oficjalna strona producenta<\/strong>: Najlepsze ceny i gwarancja oryginalno\u015bci produktu.<\/li>\n<li><strong>Bezpo\u015brednia sprzeda\u017c<\/strong>: Brak po\u015brednik\u00f3w oznacza brak dodatkowych mar\u017c, co przek\u0142ada si\u0119 na bardziej konkurencyjne ceny.<\/li>\n<li><strong>Okresowe promocje<\/strong>: Na stronie producenta regularnie pojawiaj\u0105 si\u0119 promocje i rabaty, dlatego warto \u015bledzi\u0107 aktualno\u015bci, aby skorzysta\u0107 z najlepszych ofert.<\/li>\n<\/ol>\n<p>Warto zaznaczy\u0107, \u017ce Proctonic nie jest dost\u0119pny w stacjonarnych aptekach, co ma na celu utrzymanie konkurencyjnych cen i eliminacj\u0119 ryzyka zakupu podr\u00f3bek.<\/p>\n<p>Proctonic to skuteczny i bezpieczny krem na hemoroidy, kt\u00f3ry mo\u017cna \u0142atwo zam\u00f3wi\u0107 online. Jego naturalny sk\u0142ad i pozytywne opinie u\u017cytkownik\u00f3w czyni\u0105 go godnym polecenia rozwi\u0105zaniem dla os\u00f3b cierpi\u0105cych na hemoroidy. Dzi\u0119ki bezpiecznej p\u0142atno\u015bci przy odbiorze i szybkiej dostawie, zakup Proctonic jest prosty i bezpieczny.<\/p>\n<\/div>\n<\/div>\n<\/div>\n<\/div>\n<\/div>\n<\/div>\n<\/div>\n<\/div>\n<\/div>\n","protected":false},"excerpt":{"rendered":"<p style=\"text-align: center;\"><a href=\"https:\/\/mandarv.com\/JLwS?sub1=sub1&amp;sub2=sub2&amp;sub3=sub3&amp;sub4=sub4&amp;sub5=sub5\"><button>Kup teraz<\/button><\/a><\/p>\n<p>SKU:\u00a0<span class=\"sku\">789.005.596<\/span><\/p>\n<hr \/>\n<p><small>Produkt sprzedawany jest wy\u0142\u0105cznie za po\u015brednictwem oficjalnej strony producenta, id\u017a i kupuj bezpiecznie!<\/small><\/p>\n","protected":false},"featured_media":989,"comment_status":"open","ping_status":"closed","template":"","meta":[],"product_brand":[],"product_cat":[15],"product_tag":[],"class_list":{"0":"post-988","1":"product","2":"type-product","3":"status-publish","4":"has-post-thumbnail","6":"product_cat-supl","7":"thunk-woo-product-list","8":"opn-qv-enable","9":"top-store-woo-hover-","10":"top-store-single-product-tab-horizontal","11":"top-store-shadow-","12":"top-store-shadow-hover-","14":"first","15":"instock","16":"sale","17":"shipping-taxable","18":"purchasable","19":"product-type-simple"},"yoast_head":"<!-- This site is optimized with the Yoast SEO plugin v27.4 - https:\/\/yoast.com\/product\/yoast-seo-wordpress\/ -->\n<title>Proctonic - kup suplement, cena w aptece, sk\u0142ad, dzia\u0142anie<\/title>\n<meta name=\"robots\" content=\"index, follow, max-snippet:-1, max-image-preview:large, max-video-preview:-1\" \/>\n<link rel=\"canonical\" href=\"https:\/\/lekarzeopole.pl\/wordpress\/product\/proctonic\/\" \/>\n<meta property=\"og:locale\" content=\"pl_PL\" \/>\n<meta property=\"og:type\" content=\"article\" \/>\n<meta property=\"og:title\" content=\"Proctonic - kup suplement, cena w aptece, sk\u0142ad, dzia\u0142anie\" \/>\n<meta property=\"og:description\" content=\"Kup teraz SKU:\u00a0789.005.596    Produkt sprzedawany jest wy\u0142\u0105cznie za po\u015brednictwem oficjalnej strony producenta, id\u017a i kupuj bezpiecznie!\" \/>\n<meta property=\"og:url\" content=\"https:\/\/lekarzeopole.pl\/wordpress\/product\/proctonic\/\" \/>\n<meta property=\"og:site_name\" content=\"Lekarze Opole\" \/>\n<meta property=\"article:modified_time\" content=\"2024-07-08T11:10:16+00:00\" \/>\n<meta property=\"og:image\" content=\"https:\/\/lekarzeopole.pl\/wordpress\/wp-content\/uploads\/2024\/07\/proctonic.png\" \/>\n\t<meta property=\"og:image:width\" content=\"327\" \/>\n\t<meta property=\"og:image:height\" content=\"652\" \/>\n\t<meta property=\"og:image:type\" content=\"image\/png\" \/>\n<meta name=\"twitter:card\" content=\"summary_large_image\" \/>\n<meta name=\"twitter:label1\" content=\"Szacowany czas czytania\" \/>\n\t<meta name=\"twitter:data1\" content=\"6 minut\" \/>\n<script type=\"application\/ld+json\" class=\"yoast-schema-graph\">{\"@context\":\"https:\\\/\\\/schema.org\",\"@graph\":[{\"@type\":\"WebPage\",\"@id\":\"https:\\\/\\\/lekarzeopole.pl\\\/wordpress\\\/product\\\/proctonic\\\/\",\"url\":\"https:\\\/\\\/lekarzeopole.pl\\\/wordpress\\\/product\\\/proctonic\\\/\",\"name\":\"Proctonic - kup suplement, cena w aptece, sk\u0142ad, dzia\u0142anie\",\"isPartOf\":{\"@id\":\"https:\\\/\\\/lekarzeopole.pl\\\/wordpress\\\/#website\"},\"primaryImageOfPage\":{\"@id\":\"https:\\\/\\\/lekarzeopole.pl\\\/wordpress\\\/product\\\/proctonic\\\/#primaryimage\"},\"image\":{\"@id\":\"https:\\\/\\\/lekarzeopole.pl\\\/wordpress\\\/product\\\/proctonic\\\/#primaryimage\"},\"thumbnailUrl\":\"https:\\\/\\\/lekarzeopole.pl\\\/wordpress\\\/wp-content\\\/uploads\\\/2024\\\/07\\\/proctonic.png\",\"datePublished\":\"2024-07-08T11:10:14+00:00\",\"dateModified\":\"2024-07-08T11:10:16+00:00\",\"breadcrumb\":{\"@id\":\"https:\\\/\\\/lekarzeopole.pl\\\/wordpress\\\/product\\\/proctonic\\\/#breadcrumb\"},\"inLanguage\":\"pl-PL\",\"potentialAction\":[{\"@type\":\"ReadAction\",\"target\":[\"https:\\\/\\\/lekarzeopole.pl\\\/wordpress\\\/product\\\/proctonic\\\/\"]}]},{\"@type\":\"ImageObject\",\"inLanguage\":\"pl-PL\",\"@id\":\"https:\\\/\\\/lekarzeopole.pl\\\/wordpress\\\/product\\\/proctonic\\\/#primaryimage\",\"url\":\"https:\\\/\\\/lekarzeopole.pl\\\/wordpress\\\/wp-content\\\/uploads\\\/2024\\\/07\\\/proctonic.png\",\"contentUrl\":\"https:\\\/\\\/lekarzeopole.pl\\\/wordpress\\\/wp-content\\\/uploads\\\/2024\\\/07\\\/proctonic.png\",\"width\":327,\"height\":652,\"caption\":\"Proctonic\"},{\"@type\":\"BreadcrumbList\",\"@id\":\"https:\\\/\\\/lekarzeopole.pl\\\/wordpress\\\/product\\\/proctonic\\\/#breadcrumb\",\"itemListElement\":[{\"@type\":\"ListItem\",\"position\":1,\"name\":\"\u0413\u043b\u0430\u0432\u043d\u0430\u044f \u0441\u0442\u0440\u0430\u043d\u0438\u0446\u0430\",\"item\":\"https:\\\/\\\/lekarzeopole.pl\\\/wordpress\\\/\"},{\"@type\":\"ListItem\",\"position\":2,\"name\":\"Zakup\",\"item\":\"https:\\\/\\\/lekarzeopole.pl\\\/wordpress\\\/\"},{\"@type\":\"ListItem\",\"position\":3,\"name\":\"Proctonic\"}]},{\"@type\":\"WebSite\",\"@id\":\"https:\\\/\\\/lekarzeopole.pl\\\/wordpress\\\/#website\",\"url\":\"https:\\\/\\\/lekarzeopole.pl\\\/wordpress\\\/\",\"name\":\"Lekarze Opole\",\"description\":\"\",\"potentialAction\":[{\"@type\":\"SearchAction\",\"target\":{\"@type\":\"EntryPoint\",\"urlTemplate\":\"https:\\\/\\\/lekarzeopole.pl\\\/wordpress\\\/?s={search_term_string}\"},\"query-input\":{\"@type\":\"PropertyValueSpecification\",\"valueRequired\":true,\"valueName\":\"search_term_string\"}}],\"inLanguage\":\"pl-PL\"}]}<\/script>\n<!-- \/ Yoast SEO plugin. -->","yoast_head_json":{"title":"Proctonic - kup suplement, cena w aptece, sk\u0142ad, dzia\u0142anie","robots":{"index":"index","follow":"follow","max-snippet":"max-snippet:-1","max-image-preview":"max-image-preview:large","max-video-preview":"max-video-preview:-1"},"canonical":"https:\/\/lekarzeopole.pl\/wordpress\/product\/proctonic\/","og_locale":"pl_PL","og_type":"article","og_title":"Proctonic - kup suplement, cena w aptece, sk\u0142ad, dzia\u0142anie","og_description":"Kup teraz SKU:\u00a0789.005.596    Produkt sprzedawany jest wy\u0142\u0105cznie za po\u015brednictwem oficjalnej strony producenta, id\u017a i kupuj bezpiecznie!","og_url":"https:\/\/lekarzeopole.pl\/wordpress\/product\/proctonic\/","og_site_name":"Lekarze Opole","article_modified_time":"2024-07-08T11:10:16+00:00","og_image":[{"width":327,"height":652,"url":"https:\/\/lekarzeopole.pl\/wordpress\/wp-content\/uploads\/2024\/07\/proctonic.png","type":"image\/png"}],"twitter_card":"summary_large_image","twitter_misc":{"Szacowany czas czytania":"6 minut"},"schema":{"@context":"https:\/\/schema.org","@graph":[{"@type":"WebPage","@id":"https:\/\/lekarzeopole.pl\/wordpress\/product\/proctonic\/","url":"https:\/\/lekarzeopole.pl\/wordpress\/product\/proctonic\/","name":"Proctonic - kup suplement, cena w aptece, sk\u0142ad, dzia\u0142anie","isPartOf":{"@id":"https:\/\/lekarzeopole.pl\/wordpress\/#website"},"primaryImageOfPage":{"@id":"https:\/\/lekarzeopole.pl\/wordpress\/product\/proctonic\/#primaryimage"},"image":{"@id":"https:\/\/lekarzeopole.pl\/wordpress\/product\/proctonic\/#primaryimage"},"thumbnailUrl":"https:\/\/lekarzeopole.pl\/wordpress\/wp-content\/uploads\/2024\/07\/proctonic.png","datePublished":"2024-07-08T11:10:14+00:00","dateModified":"2024-07-08T11:10:16+00:00","breadcrumb":{"@id":"https:\/\/lekarzeopole.pl\/wordpress\/product\/proctonic\/#breadcrumb"},"inLanguage":"pl-PL","potentialAction":[{"@type":"ReadAction","target":["https:\/\/lekarzeopole.pl\/wordpress\/product\/proctonic\/"]}]},{"@type":"ImageObject","inLanguage":"pl-PL","@id":"https:\/\/lekarzeopole.pl\/wordpress\/product\/proctonic\/#primaryimage","url":"https:\/\/lekarzeopole.pl\/wordpress\/wp-content\/uploads\/2024\/07\/proctonic.png","contentUrl":"https:\/\/lekarzeopole.pl\/wordpress\/wp-content\/uploads\/2024\/07\/proctonic.png","width":327,"height":652,"caption":"Proctonic"},{"@type":"BreadcrumbList","@id":"https:\/\/lekarzeopole.pl\/wordpress\/product\/proctonic\/#breadcrumb","itemListElement":[{"@type":"ListItem","position":1,"name":"\u0413\u043b\u0430\u0432\u043d\u0430\u044f \u0441\u0442\u0440\u0430\u043d\u0438\u0446\u0430","item":"https:\/\/lekarzeopole.pl\/wordpress\/"},{"@type":"ListItem","position":2,"name":"Zakup","item":"https:\/\/lekarzeopole.pl\/wordpress\/"},{"@type":"ListItem","position":3,"name":"Proctonic"}]},{"@type":"WebSite","@id":"https:\/\/lekarzeopole.pl\/wordpress\/#website","url":"https:\/\/lekarzeopole.pl\/wordpress\/","name":"Lekarze Opole","description":"","potentialAction":[{"@type":"SearchAction","target":{"@type":"EntryPoint","urlTemplate":"https:\/\/lekarzeopole.pl\/wordpress\/?s={search_term_string}"},"query-input":{"@type":"PropertyValueSpecification","valueRequired":true,"valueName":"search_term_string"}}],"inLanguage":"pl-PL"}]}},"_links":{"self":[{"href":"https:\/\/lekarzeopole.pl\/wordpress\/wp-json\/wp\/v2\/product\/988","targetHints":{"allow":["GET"]}}],"collection":[{"href":"https:\/\/lekarzeopole.pl\/wordpress\/wp-json\/wp\/v2\/product"}],"about":[{"href":"https:\/\/lekarzeopole.pl\/wordpress\/wp-json\/wp\/v2\/types\/product"}],"replies":[{"embeddable":true,"href":"https:\/\/lekarzeopole.pl\/wordpress\/wp-json\/wp\/v2\/comments?post=988"}],"wp:featuredmedia":[{"embeddable":true,"href":"https:\/\/lekarzeopole.pl\/wordpress\/wp-json\/wp\/v2\/media\/989"}],"wp:attachment":[{"href":"https:\/\/lekarzeopole.pl\/wordpress\/wp-json\/wp\/v2\/media?parent=988"}],"wp:term":[{"taxonomy":"product_brand","embeddable":true,"href":"https:\/\/lekarzeopole.pl\/wordpress\/wp-json\/wp\/v2\/product_brand?post=988"},{"taxonomy":"product_cat","embeddable":true,"href":"https:\/\/lekarzeopole.pl\/wordpress\/wp-json\/wp\/v2\/product_cat?post=988"},{"taxonomy":"product_tag","embeddable":true,"href":"https:\/\/lekarzeopole.pl\/wordpress\/wp-json\/wp\/v2\/product_tag?post=988"}],"curies":[{"name":"wp","href":"https:\/\/api.w.org\/{rel}","templated":true}]}}