{"id":982,"date":"2024-07-08T10:56:35","date_gmt":"2024-07-08T10:56:35","guid":{"rendered":"https:\/\/lekarzeopole.pl\/wordpress\/?post_type=product&#038;p=982"},"modified":"2025-04-17T15:29:30","modified_gmt":"2025-04-17T15:29:30","slug":"perky-crave","status":"publish","type":"product","link":"https:\/\/lekarzeopole.pl\/wordpress\/product\/perky-crave\/","title":{"rendered":"Perky Crave"},"content":{"rendered":"<div class=\"w-full text-token-text-primary\" dir=\"auto\" data-testid=\"conversation-turn-3\" data-scroll-anchor=\"false\">\n<div class=\"py-2 juice:py-[18px] px-3 text-base md:px-4 m-auto md:px-5 lg:px-1 xl:px-5\">\n<div class=\"mx-auto flex flex-1 gap-3 text-base juice:gap-4 juice:md:gap-5 juice:lg:gap-6 md:max-w-3xl lg:max-w-[40rem] xl:max-w-[48rem]\">\n<div class=\"group\/conversation-turn relative flex w-full min-w-0 flex-col agent-turn\">\n<div class=\"flex-col gap-1 md:gap-3\">\n<div class=\"flex flex-grow flex-col max-w-full\">\n<div class=\"min-h-[20px] text-message flex flex-col items-start whitespace-pre-wrap break-words [.text-message+&amp;]:mt-5 juice:w-full juice:items-end overflow-x-auto gap-2\" dir=\"auto\" data-message-author-role=\"assistant\" data-message-id=\"32da5d18-5b60-44d4-8b11-1773729f9677\">\n<div class=\"flex w-full flex-col gap-1 juice:empty:hidden juice:first:pt-[3px]\">\n<div class=\"markdown prose w-full break-words dark:prose-invert light\">\n<p><strong>Perky Crave<\/strong> to rewolucyjny krem odm\u0142adzaj\u0105cy do biustu, kt\u00f3ry pomaga wzmocni\u0107 sk\u00f3r\u0119 i zwi\u0119kszy\u0107 jej elastyczno\u015b\u0107. Przeznaczony dla wszystkich kobiet powy\u017cej 20 roku \u017cycia, krem ten skutecznie walczy z oznakami starzenia, takimi jak zmarszczki i wiotko\u015b\u0107 sk\u00f3ry. Dzi\u0119ki starannie dobranym naturalnym sk\u0142adnikom, Perky Crave zapewnia kompleksow\u0105 piel\u0119gnacj\u0119 i wsparcie dla delikatnej sk\u00f3ry biustu. W niniejszym artykule przyjrzymy si\u0119 szczeg\u00f3\u0142owo wskazaniom do stosowania, sk\u0142adowi i dzia\u0142aniu sk\u0142adnik\u00f3w, efektom oraz minimalnym ryzykom skutk\u00f3w ubocznych tego produktu.<\/p>\n<h2>Wskazania do stosowania Perky Crave<\/h2>\n<p>Perky Crave jest zalecany dla ka\u017cdej kobiety powy\u017cej 20 roku \u017cycia, kt\u00f3ra chce zadba\u0107 o wygl\u0105d i zdrowie swojego biustu. Krem ten jest szczeg\u00f3lnie przydatny w nast\u0119puj\u0105cych przypadkach:<\/p>\n<ol>\n<li><strong>Profilaktyka starzenia si\u0119 sk\u00f3ry:<\/strong> Regularne stosowanie Perky Crave pomaga zapobiega\u0107 przedwczesnemu starzeniu si\u0119 sk\u00f3ry, dzi\u0119ki czemu biust wygl\u0105da m\u0142odziej i bardziej j\u0119drnie.<\/li>\n<li><strong>Zmniejszanie zmarszczek i wiotko\u015bci sk\u00f3ry:<\/strong> Sk\u0142adniki kremu pomagaj\u0105 wyg\u0142adzi\u0107 istniej\u0105ce zmarszczki i zwi\u0119kszy\u0107 elastyczno\u015b\u0107 sk\u00f3ry, co skutkuje bardziej napi\u0119t\u0105 i g\u0142adk\u0105 sk\u00f3r\u0105.<\/li>\n<li><strong>Poprawa elastyczno\u015bci i j\u0119drno\u015bci sk\u00f3ry:<\/strong> Dzi\u0119ki unikalnej formule, Perky Crave wspomaga naturalne procesy regeneracji sk\u00f3ry, co przyczynia si\u0119 do poprawy jej elastyczno\u015bci i j\u0119drno\u015bci.<\/li>\n<li><strong>Wsparcie dla sk\u00f3ry po ci\u0105\u017cy i karmieniu:<\/strong> Krem jest idealny dla kobiet, kt\u00f3re chc\u0105 przywr\u00f3ci\u0107 j\u0119drno\u015b\u0107 i elastyczno\u015b\u0107 swojego biustu po ci\u0105\u017cy i okresie karmienia piersi\u0105.<\/li>\n<\/ol>\n<h2>Sk\u0142ad i dzia\u0142anie sk\u0142adnik\u00f3w Perky Crave<\/h2>\n<p>Perky Crave zawiera starannie dobrane naturalne sk\u0142adniki, kt\u00f3re zapewniaj\u0105 kompleksow\u0105 piel\u0119gnacj\u0119 i ochron\u0119 dla sk\u00f3ry biustu. Oto szczeg\u00f3\u0142owy opis sk\u0142adnik\u00f3w i ich dzia\u0142ania:<\/p>\n<ol>\n<li><strong>Aqua (woda):<\/strong> Podstawowy sk\u0142adnik, kt\u00f3ry nawil\u017ca sk\u00f3r\u0119 i zapewnia jej odpowiednie nawodnienie.<\/li>\n<li><strong>Hydrogenated Polyisobutene:<\/strong> Zapewnia sk\u00f3rze g\u0142adko\u015b\u0107 i elastyczno\u015b\u0107, tworz\u0105c ochronn\u0105 barier\u0119 na jej powierzchni.<\/li>\n<li><strong>Caprylic\/Capric triglycerides:<\/strong> Naturalne t\u0142uszcze pozyskiwane z oleju kokosowego, kt\u00f3re nawil\u017caj\u0105 i zmi\u0119kczaj\u0105 sk\u00f3r\u0119, jednocze\u015bnie wspomagaj\u0105c jej regeneracj\u0119.<\/li>\n<li><strong>Glycerin:<\/strong> Sk\u0142adnik o w\u0142a\u015bciwo\u015bciach higroskopijnych, kt\u00f3ry przyci\u0105ga wilgo\u0107 z otoczenia, pomagaj\u0105c utrzyma\u0107 odpowiedni poziom nawil\u017cenia sk\u00f3ry.<\/li>\n<li><strong>Butylene Glycol:<\/strong> Nawil\u017ca sk\u00f3r\u0119 i poprawia wch\u0142anianie innych sk\u0142adnik\u00f3w kremu.<\/li>\n<li><strong>Prunus Amygdalus Dulcis Oil (olej ze s\u0142odkich migda\u0142\u00f3w):<\/strong> Bogaty w witaminy i minera\u0142y, olej ten dzia\u0142a od\u017cywczo i regeneruj\u0105co na sk\u00f3r\u0119, poprawiaj\u0105c jej elastyczno\u015b\u0107 i j\u0119drno\u015b\u0107.<\/li>\n<li><strong>Hydrogenated Ethylhexyl Olivate:<\/strong> Sk\u0142adnik pozyskiwany z oliwy z oliwek, kt\u00f3ry nawil\u017ca i chroni sk\u00f3r\u0119 przed utrat\u0105 wilgoci.<\/li>\n<li><strong>Hydroxyethyl Acrylate\/Sodium Acryloyldimethyl Taurate Copolymer:<\/strong> Substancja poprawiaj\u0105ca tekstur\u0119 kremu, zapewniaj\u0105ca jego \u0142atwe i r\u00f3wnomierne rozprowadzenie na sk\u00f3rze.<\/li>\n<li><strong>Polysorbate 20:<\/strong> Emulgator, kt\u00f3ry pomaga w po\u0142\u0105czeniu olej\u00f3w i wody, zapewniaj\u0105c jednolit\u0105 konsystencj\u0119 kremu.<\/li>\n<li><strong>Phenoxyethanol:<\/strong> Konserwant, kt\u00f3ry chroni krem przed mikroorganizmami, zapewniaj\u0105c jego trwa\u0142o\u015b\u0107 i bezpiecze\u0144stwo stosowania.<\/li>\n<li><strong>Betaine:<\/strong> Naturalny sk\u0142adnik pozyskiwany z burak\u00f3w cukrowych, kt\u00f3ry nawil\u017ca sk\u00f3r\u0119 i redukuje podra\u017cnienia.<\/li>\n<li><strong>Hydrogenated Olive Oil Unsaponifiables:<\/strong> Frakcja t\u0142uszczowa oliwy z oliwek, kt\u00f3ra dzia\u0142a nawil\u017caj\u0105co i ochronnie na sk\u00f3r\u0119.<\/li>\n<li><strong>Sorbitan Laurate:<\/strong> Emulgator, kt\u00f3ry pomaga w tworzeniu jednolitej emulsji.<\/li>\n<li><strong>Ethylhexylglycerin:<\/strong> Substancja nawil\u017caj\u0105ca i antybakteryjna, kt\u00f3ra wspiera dzia\u0142anie konserwant\u00f3w.<\/li>\n<li><strong>Hydroxyethylcellulose:<\/strong> Substancja zag\u0119szczaj\u0105ca, kt\u00f3ra nadaje kremowi odpowiedni\u0105 konsystencj\u0119.<\/li>\n<li><strong>Acetyl Dipeptide 1 Cetyl Ester:<\/strong> Peptyd, kt\u00f3ry dzia\u0142a relaksuj\u0105co na mi\u0119\u015bnie sk\u00f3ry, pomagaj\u0105c wyg\u0142adzi\u0107 zmarszczki.<\/li>\n<li><strong>Laminaria Japonica Extract (ekstrakt z alg):<\/strong> Bogaty w minera\u0142y i witaminy, ekstrakt ten nawil\u017ca i od\u017cywia sk\u00f3r\u0119, poprawiaj\u0105c jej elastyczno\u015b\u0107 i j\u0119drno\u015b\u0107.<\/li>\n<li><strong>Parfum:<\/strong> Delikatny zapach, kt\u00f3ry nadaje kremowi przyjemny aromat.<\/li>\n<li><strong>Anemarrhenae Asphodeloides Root Extract (ekstrakt z korzenia Anemarrhenae Asphodeloides):<\/strong> Sk\u0142adnik o w\u0142a\u015bciwo\u015bciach przeciwstarzeniowych, kt\u00f3ry pomaga wzmocni\u0107 i uelastyczni\u0107 sk\u00f3r\u0119.<\/li>\n<li><strong>Citric Acid:<\/strong> Substancja reguluj\u0105ca pH kremu, zapewniaj\u0105c jego odpowiedni\u0105 kwasowo\u015b\u0107.<\/li>\n<li><strong>Sodium benzoate:<\/strong> Konserwant, kt\u00f3ry chroni krem przed rozwojem mikroorganizm\u00f3w.<\/li>\n<li><strong>Potassium sorbate:<\/strong> Kolejny konserwant, kt\u00f3ry zapewnia trwa\u0142o\u015b\u0107 i bezpiecze\u0144stwo stosowania produktu.<\/li>\n<\/ol>\n<h2>Efekty Perky Crave i ich charakterystyka<\/h2>\n<p>Stosowanie Perky Crave przynosi wiele korzy\u015bci dla sk\u00f3ry biustu. Oto niekt\u00f3re z najwa\u017cniejszych efekt\u00f3w, kt\u00f3re mo\u017cna zaobserwowa\u0107 przy regularnym stosowaniu kremu:<\/p>\n<ol>\n<li><strong>Poprawa elastyczno\u015bci sk\u00f3ry:<\/strong> Dzi\u0119ki zawarto\u015bci naturalnych olej\u00f3w i ekstrakt\u00f3w, Perky Crave skutecznie zwi\u0119ksza elastyczno\u015b\u0107 sk\u00f3ry, czyni\u0105c j\u0105 bardziej napi\u0119t\u0105 i j\u0119drn\u0105.<\/li>\n<li><strong>Wyg\u0142adzenie zmarszczek:<\/strong> Aktywne sk\u0142adniki kremu pomagaj\u0105 zredukowa\u0107 widoczno\u015b\u0107 zmarszczek, sprawiaj\u0105c, \u017ce sk\u00f3ra staje si\u0119 g\u0142adsza i m\u0142odsza.<\/li>\n<li><strong>Nawil\u017cenie i od\u017cywienie sk\u00f3ry:<\/strong> Perky Crave intensywnie nawil\u017ca i od\u017cywia sk\u00f3r\u0119, zapewniaj\u0105c jej zdrowy i promienny wygl\u0105d.<\/li>\n<li><strong>Ochrona przed starzeniem:<\/strong> Dzi\u0119ki w\u0142a\u015bciwo\u015bciom przeciwstarzeniowym, krem chroni sk\u00f3r\u0119 przed przedwczesnym starzeniem, pomagaj\u0105c zachowa\u0107 jej m\u0142ody wygl\u0105d na d\u0142u\u017cej.<\/li>\n<\/ol>\n<h2>Ryzyko skutk\u00f3w ubocznych<\/h2>\n<p>Perky Crave to produkt oparty na naturalnych sk\u0142adnikach, co sprawia, \u017ce ryzyko wyst\u0105pienia skutk\u00f3w ubocznych jest minimalne. Wszystkie sk\u0142adniki kremu zosta\u0142y starannie dobrane i przetestowane pod k\u0105tem bezpiecze\u0144stwa, aby zapewni\u0107 jak najlepsze efekty bez niepo\u017c\u0105danych reakcji.<\/p>\n<p>Warto jednak pami\u0119ta\u0107, \u017ce ka\u017cda sk\u00f3ra jest inna i mo\u017ce r\u00f3\u017cnie reagowa\u0107 na nowe produkty. Dlatego zaleca si\u0119 przeprowadzenie testu uczuleniowego przed pierwszym u\u017cyciem kremu. W przypadku wyst\u0105pienia jakichkolwiek podra\u017cnie\u0144 lub reakcji alergicznych, nale\u017cy natychmiast przerwa\u0107 stosowanie produktu i skonsultowa\u0107 si\u0119 z lekarzem.<\/p>\n<p style=\"text-align: center;\"><a href=\"https:\/\/tl-track.com\/tracker\/uFTM\"><button>www.perky-crave.pl<\/button><\/a><\/p>\n<\/div>\n<\/div>\n<\/div>\n<\/div>\n<\/div>\n<\/div>\n<\/div>\n<\/div>\n<\/div>\n<div class=\"w-full text-token-text-primary\" dir=\"auto\" data-testid=\"conversation-turn-5\" data-scroll-anchor=\"true\">\n<div class=\"py-2 juice:py-[18px] px-3 text-base md:px-4 m-auto md:px-5 lg:px-1 xl:px-5\">\n<div class=\"mx-auto flex flex-1 gap-3 text-base juice:gap-4 juice:md:gap-5 juice:lg:gap-6 md:max-w-3xl lg:max-w-[40rem] xl:max-w-[48rem]\">\n<div class=\"group\/conversation-turn relative flex w-full min-w-0 flex-col agent-turn\">\n<div class=\"flex-col gap-1 md:gap-3\">\n<div class=\"flex flex-grow flex-col max-w-full\">\n<div class=\"min-h-[20px] text-message flex flex-col items-start whitespace-pre-wrap break-words [.text-message+&amp;]:mt-5 juice:w-full juice:items-end overflow-x-auto gap-2\" dir=\"auto\" data-message-author-role=\"assistant\" data-message-id=\"b21d0730-00db-45a0-95dd-c4c81c5c600c\">\n<div class=\"flex w-full flex-col gap-1 juice:empty:hidden juice:first:pt-[3px]\">\n<div class=\"markdown prose w-full break-words dark:prose-invert light\">\n<h2>Opinie klient\u00f3w o Perky Crave: fora po\u015bwi\u0119cone zdrowiu<\/h2>\n<p>W Polsce Perky Crave zyskuje coraz wi\u0119ksz\u0105 popularno\u015b\u0107 w\u015br\u00f3d kobiet dbaj\u0105cych o zdrowie i wygl\u0105d swojego biustu. Liczne fora internetowe po\u015bwi\u0119cone zdrowiu i urodzie pe\u0142ne s\u0105 dyskusji na temat tego produktu. Wiele u\u017cytkowniczek dzieli si\u0119 swoimi pozytywnymi do\u015bwiadczeniami, opisuj\u0105c korzy\u015bci, jakie przynosi regularne stosowanie Perky Crave.<\/p>\n<ol>\n<li><strong>Anna, 34 lata:<\/strong> &#8222;Zacz\u0119\u0142am u\u017cywa\u0107 Perky Crave kilka miesi\u0119cy temu i jestem zachwycona efektami. Moja sk\u00f3ra sta\u0142a si\u0119 bardziej elastyczna, a zmarszczki wok\u00f3\u0142 biustu znacznie si\u0119 zmniejszy\u0142y. Polecam wszystkim kobietom, kt\u00f3re chc\u0105 zadba\u0107 o sw\u00f3j biust w naturalny spos\u00f3b.&#8221;<\/li>\n<li><strong>Kasia, 28 lat:<\/strong> &#8222;Perky Crave to prawdziwe odkrycie! Krem jest lekki, szybko si\u0119 wch\u0142ania i pi\u0119knie pachnie. Ju\u017c po kilku tygodniach zauwa\u017cy\u0142am, \u017ce moja sk\u00f3ra jest bardziej napi\u0119ta i g\u0142adka. Dodatkowym plusem jest przyst\u0119pna cena i \u0142atwo\u015b\u0107 zam\u00f3wienia online.&#8221;<\/li>\n<\/ol>\n<h2>Spos\u00f3b podawania i dawkowanie<\/h2>\n<p>Aby uzyska\u0107 najlepsze rezultaty, Perky Crave nale\u017cy stosowa\u0107 regularnie, zgodnie z zaleceniami producenta. Oto kilka wskaz\u00f3wek dotycz\u0105cych aplikacji kremu:<\/p>\n<ol>\n<li><strong>Czyszczenie sk\u00f3ry:<\/strong> Przed na\u0142o\u017ceniem kremu nale\u017cy dok\u0142adnie oczy\u015bci\u0107 sk\u00f3r\u0119 biustu, aby usun\u0105\u0107 wszelkie zanieczyszczenia i makija\u017c.<\/li>\n<li><strong>Aplikacja:<\/strong> Niewielk\u0105 ilo\u015b\u0107 kremu nanie\u015b\u0107 na sk\u00f3r\u0119 biustu i delikatnie masowa\u0107 kolistymi ruchami a\u017c do ca\u0142kowitego wch\u0142oni\u0119cia. Zaleca si\u0119 stosowanie kremu dwa razy dziennie \u2013 rano i wieczorem.<\/li>\n<li><strong>Czas stosowania:<\/strong> Aby osi\u0105gn\u0105\u0107 optymalne efekty, Perky Crave powinien by\u0107 stosowany przez co najmniej 3 miesi\u0105ce. Regularne stosowanie zapewnia trwa\u0142e rezultaty i pomaga w utrzymaniu zdrowej i j\u0119drnej sk\u00f3ry.<\/li>\n<\/ol>\n<h2>Kup teraz Perky Crave z dostaw\u0105<\/h2>\n<p>Zakup Perky Crave jest niezwykle prosty i wygodny. Produkt mo\u017cna zam\u00f3wi\u0107 online, co eliminuje konieczno\u015b\u0107 wychodzenia z domu. Oto kluczowe informacje na temat procesu zakupu i dostawy:<\/p>\n<ol>\n<li><strong>\u0141atwo\u015b\u0107 zam\u00f3wienia:<\/strong> Zam\u00f3wienie Perky Crave mo\u017cna z\u0142o\u017cy\u0107 bezpo\u015brednio na oficjalnej stronie internetowej producenta. Formularz zam\u00f3wienia jest prosty i intuicyjny.<\/li>\n<li><strong>Bezpiecze\u0144stwo p\u0142atno\u015bci:<\/strong> Nie ma potrzeby wcze\u015bniejszej zap\u0142aty za produkt. P\u0142atno\u015b\u0107 dokonywana jest dopiero przy odbiorze przesy\u0142ki, co gwarantuje bezpiecze\u0144stwo i eliminuje ryzyko zakupu podr\u00f3bki.<\/li>\n<li><strong>Szybka dostawa:<\/strong> Przesy\u0142ki dostarczane s\u0105 w ci\u0105gu 3-4 dni roboczych na terenie ca\u0142ej Polski. Po z\u0142o\u017ceniu zam\u00f3wienia, specjalista ds. obs\u0142ugi klienta kontaktuje si\u0119 telefonicznie, aby potwierdzi\u0107 zam\u00f3wienie oraz udzieli\u0107 dodatkowych informacji na temat dost\u0119pnych promocji i ofert specjalnych.<\/li>\n<\/ol>\n<p style=\"text-align: center;\"><a href=\"https:\/\/tl-track.com\/tracker\/uFTM\"><button>Zakup na stronie producenta (-50%)<\/button><\/a><\/p>\n<h2>Por\u00f3wnanie ofert: ceny i dost\u0119pno\u015b\u0107 Perky Crave<\/h2>\n<p>Producent Perky Crave k\u0142adzie du\u017cy nacisk na dost\u0119pno\u015b\u0107 swojego produktu dla szerokiego grona klient\u00f3w. Oto kilka wa\u017cnych informacji dotycz\u0105cych cen i dost\u0119pno\u015bci:<\/p>\n<ol>\n<li><strong>Oficjalna strona internetowa:<\/strong> Perky Crave mo\u017cna kupi\u0107 wy\u0142\u0105cznie na oficjalnej stronie internetowej producenta. Dzi\u0119ki temu unika si\u0119 dodatkowych koszt\u00f3w zwi\u0105zanych z po\u015brednikami i na\u0142o\u017conymi mar\u017cami.<\/li>\n<li><strong>Atrakcyjne ceny:<\/strong> Producent regularnie oferuje r\u00f3\u017cne promocje i rabaty, kt\u00f3re warto \u015bledzi\u0107 na bie\u017c\u0105co. Dzi\u0119ki temu mo\u017cna naby\u0107 krem w jeszcze bardziej przyst\u0119pnej cenie.<\/li>\n<li><strong>Brak w aptekach stacjonarnych:<\/strong> Z uwagi na polityk\u0119 producenta, Perky Crave nie jest dost\u0119pny w stacjonarnych aptekach. Taki model sprzeda\u017cy pozwala na utrzymanie konkurencyjnych cen i zapewnia klientom oryginalny produkt bez ryzyka zakupu podr\u00f3bek.<\/li>\n<\/ol>\n<p>Perky Crave to skuteczny i bezpieczny krem do piel\u0119gnacji biustu, kt\u00f3ry dzi\u0119ki naturalnym sk\u0142adnikom zapewnia widoczne efekty bez ryzyka skutk\u00f3w ubocznych. \u0141atwo\u015b\u0107 zakupu online, szybka dostawa oraz liczne pozytywne opinie u\u017cytkowniczek sprawiaj\u0105, \u017ce jest to produkt godny polecenia ka\u017cdej kobiecie dbaj\u0105cej o swoje zdrowie i urod\u0119.<\/p>\n<\/div>\n<\/div>\n<\/div>\n<\/div>\n<\/div>\n<\/div>\n<\/div>\n<\/div>\n<\/div>\n","protected":false},"excerpt":{"rendered":"<p style=\"text-align: center;\"><a href=\"https:\/\/tl-track.com\/tracker\/uFTM\"><button>Kup teraz<\/button><\/a><\/p>\n<p>SKU:\u00a0<span class=\"sku\">789.005.546<\/span><\/p>\n<hr \/>\n<p><small>Produkt sprzedawany jest wy\u0142\u0105cznie za po\u015brednictwem oficjalnej strony producenta, id\u017a i kupuj bezpiecznie!<\/small><\/p>\n","protected":false},"featured_media":983,"comment_status":"open","ping_status":"closed","template":"","meta":[],"product_brand":[],"product_cat":[15],"product_tag":[],"class_list":{"0":"post-982","1":"product","2":"type-product","3":"status-publish","4":"has-post-thumbnail","6":"product_cat-supl","7":"thunk-woo-product-list","8":"opn-qv-enable","9":"top-store-woo-hover-","10":"top-store-single-product-tab-horizontal","11":"top-store-shadow-","12":"top-store-shadow-hover-","14":"first","15":"instock","16":"sale","17":"shipping-taxable","18":"purchasable","19":"product-type-simple"},"yoast_head":"<!-- This site is optimized with the Yoast SEO plugin v27.4 - https:\/\/yoast.com\/product\/yoast-seo-wordpress\/ -->\n<title>Perky Crave - kup suplement, cena w aptece, sk\u0142ad, dzia\u0142anie<\/title>\n<meta name=\"robots\" content=\"index, follow, max-snippet:-1, max-image-preview:large, max-video-preview:-1\" \/>\n<link rel=\"canonical\" href=\"https:\/\/lekarzeopole.pl\/wordpress\/product\/perky-crave\/\" \/>\n<meta property=\"og:locale\" content=\"pl_PL\" \/>\n<meta property=\"og:type\" content=\"article\" \/>\n<meta property=\"og:title\" content=\"Perky Crave - kup suplement, cena w aptece, sk\u0142ad, dzia\u0142anie\" \/>\n<meta property=\"og:description\" content=\"Kup teraz SKU:\u00a0789.005.546    Produkt sprzedawany jest wy\u0142\u0105cznie za po\u015brednictwem oficjalnej strony producenta, id\u017a i kupuj bezpiecznie!\" \/>\n<meta property=\"og:url\" content=\"https:\/\/lekarzeopole.pl\/wordpress\/product\/perky-crave\/\" \/>\n<meta property=\"og:site_name\" content=\"Lekarze Opole\" \/>\n<meta property=\"article:modified_time\" content=\"2025-04-17T15:29:30+00:00\" \/>\n<meta property=\"og:image\" content=\"https:\/\/lekarzeopole.pl\/wordpress\/wp-content\/uploads\/2024\/07\/perky-crave.png\" \/>\n\t<meta property=\"og:image:width\" content=\"350\" \/>\n\t<meta property=\"og:image:height\" content=\"209\" \/>\n\t<meta property=\"og:image:type\" content=\"image\/png\" \/>\n<meta name=\"twitter:card\" content=\"summary_large_image\" \/>\n<meta name=\"twitter:label1\" content=\"Szacowany czas czytania\" \/>\n\t<meta name=\"twitter:data1\" content=\"8 minut\" \/>\n<script type=\"application\/ld+json\" class=\"yoast-schema-graph\">{\"@context\":\"https:\\\/\\\/schema.org\",\"@graph\":[{\"@type\":\"WebPage\",\"@id\":\"https:\\\/\\\/lekarzeopole.pl\\\/wordpress\\\/product\\\/perky-crave\\\/\",\"url\":\"https:\\\/\\\/lekarzeopole.pl\\\/wordpress\\\/product\\\/perky-crave\\\/\",\"name\":\"Perky Crave - kup suplement, cena w aptece, sk\u0142ad, dzia\u0142anie\",\"isPartOf\":{\"@id\":\"https:\\\/\\\/lekarzeopole.pl\\\/wordpress\\\/#website\"},\"primaryImageOfPage\":{\"@id\":\"https:\\\/\\\/lekarzeopole.pl\\\/wordpress\\\/product\\\/perky-crave\\\/#primaryimage\"},\"image\":{\"@id\":\"https:\\\/\\\/lekarzeopole.pl\\\/wordpress\\\/product\\\/perky-crave\\\/#primaryimage\"},\"thumbnailUrl\":\"https:\\\/\\\/lekarzeopole.pl\\\/wordpress\\\/wp-content\\\/uploads\\\/2024\\\/07\\\/perky-crave.png\",\"datePublished\":\"2024-07-08T10:56:35+00:00\",\"dateModified\":\"2025-04-17T15:29:30+00:00\",\"breadcrumb\":{\"@id\":\"https:\\\/\\\/lekarzeopole.pl\\\/wordpress\\\/product\\\/perky-crave\\\/#breadcrumb\"},\"inLanguage\":\"pl-PL\",\"potentialAction\":[{\"@type\":\"ReadAction\",\"target\":[\"https:\\\/\\\/lekarzeopole.pl\\\/wordpress\\\/product\\\/perky-crave\\\/\"]}]},{\"@type\":\"ImageObject\",\"inLanguage\":\"pl-PL\",\"@id\":\"https:\\\/\\\/lekarzeopole.pl\\\/wordpress\\\/product\\\/perky-crave\\\/#primaryimage\",\"url\":\"https:\\\/\\\/lekarzeopole.pl\\\/wordpress\\\/wp-content\\\/uploads\\\/2024\\\/07\\\/perky-crave.png\",\"contentUrl\":\"https:\\\/\\\/lekarzeopole.pl\\\/wordpress\\\/wp-content\\\/uploads\\\/2024\\\/07\\\/perky-crave.png\",\"width\":350,\"height\":209,\"caption\":\"Perky Crave\"},{\"@type\":\"BreadcrumbList\",\"@id\":\"https:\\\/\\\/lekarzeopole.pl\\\/wordpress\\\/product\\\/perky-crave\\\/#breadcrumb\",\"itemListElement\":[{\"@type\":\"ListItem\",\"position\":1,\"name\":\"\u0413\u043b\u0430\u0432\u043d\u0430\u044f \u0441\u0442\u0440\u0430\u043d\u0438\u0446\u0430\",\"item\":\"https:\\\/\\\/lekarzeopole.pl\\\/wordpress\\\/\"},{\"@type\":\"ListItem\",\"position\":2,\"name\":\"Zakup\",\"item\":\"https:\\\/\\\/lekarzeopole.pl\\\/wordpress\\\/\"},{\"@type\":\"ListItem\",\"position\":3,\"name\":\"Perky Crave\"}]},{\"@type\":\"WebSite\",\"@id\":\"https:\\\/\\\/lekarzeopole.pl\\\/wordpress\\\/#website\",\"url\":\"https:\\\/\\\/lekarzeopole.pl\\\/wordpress\\\/\",\"name\":\"Lekarze Opole\",\"description\":\"\",\"potentialAction\":[{\"@type\":\"SearchAction\",\"target\":{\"@type\":\"EntryPoint\",\"urlTemplate\":\"https:\\\/\\\/lekarzeopole.pl\\\/wordpress\\\/?s={search_term_string}\"},\"query-input\":{\"@type\":\"PropertyValueSpecification\",\"valueRequired\":true,\"valueName\":\"search_term_string\"}}],\"inLanguage\":\"pl-PL\"}]}<\/script>\n<!-- \/ Yoast SEO plugin. -->","yoast_head_json":{"title":"Perky Crave - kup suplement, cena w aptece, sk\u0142ad, dzia\u0142anie","robots":{"index":"index","follow":"follow","max-snippet":"max-snippet:-1","max-image-preview":"max-image-preview:large","max-video-preview":"max-video-preview:-1"},"canonical":"https:\/\/lekarzeopole.pl\/wordpress\/product\/perky-crave\/","og_locale":"pl_PL","og_type":"article","og_title":"Perky Crave - kup suplement, cena w aptece, sk\u0142ad, dzia\u0142anie","og_description":"Kup teraz SKU:\u00a0789.005.546    Produkt sprzedawany jest wy\u0142\u0105cznie za po\u015brednictwem oficjalnej strony producenta, id\u017a i kupuj bezpiecznie!","og_url":"https:\/\/lekarzeopole.pl\/wordpress\/product\/perky-crave\/","og_site_name":"Lekarze Opole","article_modified_time":"2025-04-17T15:29:30+00:00","og_image":[{"width":350,"height":209,"url":"https:\/\/lekarzeopole.pl\/wordpress\/wp-content\/uploads\/2024\/07\/perky-crave.png","type":"image\/png"}],"twitter_card":"summary_large_image","twitter_misc":{"Szacowany czas czytania":"8 minut"},"schema":{"@context":"https:\/\/schema.org","@graph":[{"@type":"WebPage","@id":"https:\/\/lekarzeopole.pl\/wordpress\/product\/perky-crave\/","url":"https:\/\/lekarzeopole.pl\/wordpress\/product\/perky-crave\/","name":"Perky Crave - kup suplement, cena w aptece, sk\u0142ad, dzia\u0142anie","isPartOf":{"@id":"https:\/\/lekarzeopole.pl\/wordpress\/#website"},"primaryImageOfPage":{"@id":"https:\/\/lekarzeopole.pl\/wordpress\/product\/perky-crave\/#primaryimage"},"image":{"@id":"https:\/\/lekarzeopole.pl\/wordpress\/product\/perky-crave\/#primaryimage"},"thumbnailUrl":"https:\/\/lekarzeopole.pl\/wordpress\/wp-content\/uploads\/2024\/07\/perky-crave.png","datePublished":"2024-07-08T10:56:35+00:00","dateModified":"2025-04-17T15:29:30+00:00","breadcrumb":{"@id":"https:\/\/lekarzeopole.pl\/wordpress\/product\/perky-crave\/#breadcrumb"},"inLanguage":"pl-PL","potentialAction":[{"@type":"ReadAction","target":["https:\/\/lekarzeopole.pl\/wordpress\/product\/perky-crave\/"]}]},{"@type":"ImageObject","inLanguage":"pl-PL","@id":"https:\/\/lekarzeopole.pl\/wordpress\/product\/perky-crave\/#primaryimage","url":"https:\/\/lekarzeopole.pl\/wordpress\/wp-content\/uploads\/2024\/07\/perky-crave.png","contentUrl":"https:\/\/lekarzeopole.pl\/wordpress\/wp-content\/uploads\/2024\/07\/perky-crave.png","width":350,"height":209,"caption":"Perky Crave"},{"@type":"BreadcrumbList","@id":"https:\/\/lekarzeopole.pl\/wordpress\/product\/perky-crave\/#breadcrumb","itemListElement":[{"@type":"ListItem","position":1,"name":"\u0413\u043b\u0430\u0432\u043d\u0430\u044f \u0441\u0442\u0440\u0430\u043d\u0438\u0446\u0430","item":"https:\/\/lekarzeopole.pl\/wordpress\/"},{"@type":"ListItem","position":2,"name":"Zakup","item":"https:\/\/lekarzeopole.pl\/wordpress\/"},{"@type":"ListItem","position":3,"name":"Perky Crave"}]},{"@type":"WebSite","@id":"https:\/\/lekarzeopole.pl\/wordpress\/#website","url":"https:\/\/lekarzeopole.pl\/wordpress\/","name":"Lekarze Opole","description":"","potentialAction":[{"@type":"SearchAction","target":{"@type":"EntryPoint","urlTemplate":"https:\/\/lekarzeopole.pl\/wordpress\/?s={search_term_string}"},"query-input":{"@type":"PropertyValueSpecification","valueRequired":true,"valueName":"search_term_string"}}],"inLanguage":"pl-PL"}]}},"_links":{"self":[{"href":"https:\/\/lekarzeopole.pl\/wordpress\/wp-json\/wp\/v2\/product\/982","targetHints":{"allow":["GET"]}}],"collection":[{"href":"https:\/\/lekarzeopole.pl\/wordpress\/wp-json\/wp\/v2\/product"}],"about":[{"href":"https:\/\/lekarzeopole.pl\/wordpress\/wp-json\/wp\/v2\/types\/product"}],"replies":[{"embeddable":true,"href":"https:\/\/lekarzeopole.pl\/wordpress\/wp-json\/wp\/v2\/comments?post=982"}],"wp:featuredmedia":[{"embeddable":true,"href":"https:\/\/lekarzeopole.pl\/wordpress\/wp-json\/wp\/v2\/media\/983"}],"wp:attachment":[{"href":"https:\/\/lekarzeopole.pl\/wordpress\/wp-json\/wp\/v2\/media?parent=982"}],"wp:term":[{"taxonomy":"product_brand","embeddable":true,"href":"https:\/\/lekarzeopole.pl\/wordpress\/wp-json\/wp\/v2\/product_brand?post=982"},{"taxonomy":"product_cat","embeddable":true,"href":"https:\/\/lekarzeopole.pl\/wordpress\/wp-json\/wp\/v2\/product_cat?post=982"},{"taxonomy":"product_tag","embeddable":true,"href":"https:\/\/lekarzeopole.pl\/wordpress\/wp-json\/wp\/v2\/product_tag?post=982"}],"curies":[{"name":"wp","href":"https:\/\/api.w.org\/{rel}","templated":true}]}}