{"id":980,"date":"2024-07-08T10:52:40","date_gmt":"2024-07-08T10:52:40","guid":{"rendered":"https:\/\/lekarzeopole.pl\/wordpress\/?post_type=product&#038;p=980"},"modified":"2024-07-08T10:52:42","modified_gmt":"2024-07-08T10:52:42","slug":"osteflex","status":"publish","type":"product","link":"https:\/\/lekarzeopole.pl\/wordpress\/product\/osteflex\/","title":{"rendered":"Osteflex"},"content":{"rendered":"<div class=\"w-full text-token-text-primary\" dir=\"auto\" data-testid=\"conversation-turn-3\" data-scroll-anchor=\"false\">\n<div class=\"py-2 juice:py-[18px] px-3 text-base md:px-4 m-auto md:px-5 lg:px-1 xl:px-5\">\n<div class=\"mx-auto flex flex-1 gap-3 text-base juice:gap-4 juice:md:gap-5 juice:lg:gap-6 md:max-w-3xl lg:max-w-[40rem] xl:max-w-[48rem]\">\n<div class=\"group\/conversation-turn relative flex w-full min-w-0 flex-col agent-turn\">\n<div class=\"flex-col gap-1 md:gap-3\">\n<div class=\"flex flex-grow flex-col max-w-full\">\n<div class=\"min-h-[20px] text-message flex flex-col items-start whitespace-pre-wrap break-words [.text-message+&amp;]:mt-5 juice:w-full juice:items-end overflow-x-auto gap-2\" dir=\"auto\" data-message-author-role=\"assistant\" data-message-id=\"45e476b0-d444-4479-9028-53fa156f020b\">\n<div class=\"flex w-full flex-col gap-1 juice:empty:hidden juice:first:pt-[3px]\">\n<div class=\"markdown prose w-full break-words dark:prose-invert light\">\n<p>Osteflex Premium to innowacyjny krem stworzony z my\u015bl\u0105 o osobach cierpi\u0105cych na b\u00f3le staw\u00f3w oraz stany zapalne. Produkt ten jest idealnym rozwi\u0105zaniem dla os\u00f3b borykaj\u0105cych si\u0119 z problemami ruchowymi, kt\u00f3re mog\u0105 wynika\u0107 z r\u00f3\u017cnych przyczyn, takich jak starzenie si\u0119, kontuzje czy choroby przewlek\u0142e, takie jak artretyzm. Regularne stosowanie Osteflex pomaga z\u0142agodzi\u0107 b\u00f3l, redukuje obrz\u0119ki i poprawia og\u00f3ln\u0105 mobilno\u015b\u0107 staw\u00f3w.<\/p>\n<h3>Kluczowe wskazania do stosowania Osteflex to:<\/h3>\n<ol>\n<li><strong>B\u00f3le staw\u00f3w<\/strong> \u2013 zar\u00f3wno te przewlek\u0142e, jak i okresowe.<\/li>\n<li><strong>Stany zapalne staw\u00f3w<\/strong> \u2013 zwi\u0105zane z urazami czy chorobami reumatycznymi.<\/li>\n<li><strong>Problemy z kr\u0105\u017ceniem<\/strong> \u2013 szczeg\u00f3lnie w ko\u0144czynach.<\/li>\n<li><strong>Skurcze mi\u0119\u015bni<\/strong> \u2013 zw\u0142aszcza po intensywnym wysi\u0142ku fizycznym.<\/li>\n<li><strong>Profilaktyka uraz\u00f3w sportowych<\/strong> \u2013 jako \u015brodek wspomagaj\u0105cy regeneracj\u0119 po kontuzjach.<\/li>\n<\/ol>\n<h2>Sk\u0142ad i dzia\u0142anie sk\u0142adnik\u00f3w Osteflex<\/h2>\n<p>Osteflex Premium zawiera wyselekcjonowane naturalne sk\u0142adniki, kt\u00f3re dzia\u0142aj\u0105 synergicznie, aby zapewni\u0107 maksymaln\u0105 skuteczno\u015b\u0107 i bezpiecze\u0144stwo u\u017cytkowania.<\/p>\n<h3>Centella Asiatica<\/h3>\n<p>Centella asiatica, znana r\u00f3wnie\u017c jako w\u0105krota azjatycka, to ro\u015blina o silnych w\u0142a\u015bciwo\u015bciach przeciwzapalnych. Pomaga \u0142agodzi\u0107 stany zapalne, co jest kluczowe dla os\u00f3b cierpi\u0105cych na b\u00f3le staw\u00f3w. Dzia\u0142a r\u00f3wnie\u017c regeneruj\u0105co na sk\u00f3r\u0119, wspomagaj\u0105c procesy gojenia.<\/p>\n<h3>Korze\u0144 \u0142opianu<\/h3>\n<p>Korze\u0144 \u0142opianu jest znany ze swoich w\u0142a\u015bciwo\u015bci przeciwutleniaj\u0105cych. Chroni kom\u00f3rki przed uszkodzeniem spowodowanym przez wolne rodniki, co jest istotne w walce z chorobami zwyrodnieniowymi staw\u00f3w. Dodatkowo, \u0142opian wspomaga oczyszczanie organizmu z toksyn.<\/p>\n<h3>Mentol<\/h3>\n<p>Mentol ma dzia\u0142anie znieczulaj\u0105ce, co przynosi natychmiastow\u0105 ulg\u0119 w b\u00f3lu. Jego ch\u0142odz\u0105ce w\u0142a\u015bciwo\u015bci r\u00f3wnie\u017c pomagaj\u0105 zmniejszy\u0107 obrz\u0119ki i uczucie dyskomfortu w stawach.<\/p>\n<h3>Nasiona kasztanowca<\/h3>\n<p>Nasiona kasztanowca poprawiaj\u0105 kr\u0105\u017cenie krwi, szczeg\u00f3lnie w ko\u0144czynach. Lepsze kr\u0105\u017cenie krwi oznacza lepsze od\u017cywienie tkanek i szybsz\u0105 regeneracj\u0119. Kasztanowiec dzia\u0142a r\u00f3wnie\u017c przeciwzapalnie i przeciwobrz\u0119kowo.<\/p>\n<h3>Olejek migda\u0142owy<\/h3>\n<p>Olejek migda\u0142owy jest nie tylko sk\u0142adnikiem nawil\u017caj\u0105cym i od\u017cywczym dla sk\u00f3ry, ale r\u00f3wnie\u017c dzia\u0142a koj\u0105co i regeneruj\u0105co. Jego w\u0142a\u015bciwo\u015bci zapewniaj\u0105 bezpiecze\u0144stwo stosowania, nawet przy wra\u017cliwej sk\u00f3rze.<\/p>\n<h2>Efekty Osteflex i ich charakterystyka<\/h2>\n<p>Regularne stosowanie Osteflex przynosi szereg pozytywnych efekt\u00f3w, kt\u00f3re s\u0105 zauwa\u017calne ju\u017c po kilku dniach u\u017cytkowania. Poni\u017cej przedstawiamy najwa\u017cniejsze z nich:<\/p>\n<ol>\n<li><strong>Redukcja b\u00f3lu staw\u00f3w<\/strong> \u2013 dzi\u0119ki znieczulaj\u0105cemu dzia\u0142aniu mentolu oraz przeciwzapalnym w\u0142a\u015bciwo\u015bciom centelli asiatica.<\/li>\n<li><strong>Zmniejszenie stan\u00f3w zapalnych<\/strong> \u2013 korze\u0144 \u0142opianu oraz nasiona kasztanowca skutecznie redukuj\u0105 obrz\u0119ki i stany zapalne.<\/li>\n<li><strong>Poprawa kr\u0105\u017cenia<\/strong> \u2013 nasiona kasztanowca wspomagaj\u0105 przep\u0142yw krwi, co jest kluczowe dla zdrowia staw\u00f3w.<\/li>\n<li><strong>Regeneracja sk\u00f3ry<\/strong> \u2013 olejek migda\u0142owy i centella asiatica wspomagaj\u0105 procesy regeneracyjne sk\u00f3ry, czyni\u0105c j\u0105 bardziej elastyczn\u0105 i zdrow\u0105.<\/li>\n<li><strong>Profilaktyka i ochrona<\/strong> \u2013 regularne stosowanie Osteflex mo\u017ce zapobiega\u0107 nawrotom b\u00f3lu oraz utrzymywa\u0107 stawy w dobrej kondycji.<\/li>\n<\/ol>\n<h2>Ryzyko skutk\u00f3w ubocznych<\/h2>\n<p>Jednym z g\u0142\u00f3wnych atut\u00f3w Osteflex jest jego naturalny sk\u0142ad, kt\u00f3ry minimalizuje ryzyko wyst\u0105pienia skutk\u00f3w ubocznych. Naturalne sk\u0142adniki, takie jak centella asiatica, korze\u0144 \u0142opianu, mentol, nasiona kasztanowca oraz olejek migda\u0142owy, s\u0105 dobrze tolerowane przez sk\u00f3r\u0119 i organizm.<\/p>\n<h3>Minimalne ryzyko skutk\u00f3w ubocznych<\/h3>\n<ol>\n<li><strong>Bezpieczne dla sk\u00f3ry<\/strong> \u2013 olejek migda\u0142owy i centella asiatica dzia\u0142aj\u0105 koj\u0105co na sk\u00f3r\u0119, co minimalizuje ryzyko podra\u017cnie\u0144.<\/li>\n<li><strong>Brak toksycznych sk\u0142adnik\u00f3w<\/strong> \u2013 Osteflex nie zawiera szkodliwych substancji chemicznych, co czyni go bezpiecznym w d\u0142ugotrwa\u0142ym u\u017cytkowaniu.<\/li>\n<li><strong>Naturalne dzia\u0142anie<\/strong> \u2013 sk\u0142adniki Osteflex dzia\u0142aj\u0105 w harmonii z naturalnymi procesami organizmu, co zmniejsza ryzyko niepo\u017c\u0105danych reakcji.<\/li>\n<\/ol>\n<p>Osteflex Premium to skuteczny i bezpieczny krem na b\u00f3le staw\u00f3w, oparty na naturalnych sk\u0142adnikach. Jego regularne stosowanie przynosi ulg\u0119 w b\u00f3lu, redukuje stany zapalne i poprawia og\u00f3ln\u0105 kondycj\u0119 staw\u00f3w, minimalizuj\u0105c jednocze\u015bnie ryzyko skutk\u00f3w ubocznych. Dzi\u0119ki temu Osteflex jest idealnym wyborem dla os\u00f3b poszukuj\u0105cych naturalnych i skutecznych rozwi\u0105za\u0144 w walce z problemami staw\u00f3w.<\/p>\n<p style=\"text-align: center;\"><a href=\"https:\/\/tl-track.com\/tracker\/uFTK\"><button>www.osteflex.pl<\/button><\/a><\/p>\n<\/div>\n<\/div>\n<\/div>\n<\/div>\n<\/div>\n<\/div>\n<\/div>\n<\/div>\n<\/div>\n<div class=\"w-full text-token-text-primary\" dir=\"auto\" data-testid=\"conversation-turn-5\" data-scroll-anchor=\"true\">\n<div class=\"py-2 juice:py-[18px] px-3 text-base md:px-4 m-auto md:px-5 lg:px-1 xl:px-5\">\n<div class=\"mx-auto flex flex-1 gap-3 text-base juice:gap-4 juice:md:gap-5 juice:lg:gap-6 md:max-w-3xl lg:max-w-[40rem] xl:max-w-[48rem]\">\n<div class=\"group\/conversation-turn relative flex w-full min-w-0 flex-col agent-turn\">\n<div class=\"flex-col gap-1 md:gap-3\">\n<div class=\"flex flex-grow flex-col max-w-full\">\n<div class=\"min-h-[20px] text-message flex flex-col items-start whitespace-pre-wrap break-words [.text-message+&amp;]:mt-5 juice:w-full juice:items-end overflow-x-auto gap-2\" dir=\"auto\" data-message-author-role=\"assistant\" data-message-id=\"955f7119-d65c-4c18-be1a-269870d84959\">\n<div class=\"flex w-full flex-col gap-1 juice:empty:hidden juice:first:pt-[3px]\">\n<div class=\"markdown prose w-full break-words dark:prose-invert light\">\n<h2>Opinie klient\u00f3w o Osteflex: fora po\u015bwi\u0119cone zdrowiu<\/h2>\n<p>Osteflex Premium zdobywa coraz wi\u0119ksz\u0105 popularno\u015b\u0107 w Polsce, a fora po\u015bwi\u0119cone zdrowiu staj\u0105 si\u0119 miejscem, gdzie u\u017cytkownicy dziel\u0105 si\u0119 swoimi do\u015bwiadczeniami i opiniami na temat tego produktu. Wiele os\u00f3b chwali sobie pozytywne dzia\u0142anie kremu oraz jego dost\u0119pno\u015b\u0107.<\/p>\n<p><strong>Anna, 45 lat:<\/strong><\/p>\n<p>&#8222;Od kilku lat boryka\u0142am si\u0119 z b\u00f3lem staw\u00f3w, kt\u00f3ry utrudnia\u0142 mi codzienne funkcjonowanie. Wypr\u00f3bowa\u0142am r\u00f3\u017cne ma\u015bci i leki, ale dopiero Osteflex przyni\u00f3s\u0142 mi ulg\u0119. Stosuj\u0119 go regularnie i zauwa\u017cy\u0142am znaczn\u0105 popraw\u0119. B\u00f3l jest zdecydowanie mniejszy, a ja mog\u0119 zn\u00f3w cieszy\u0107 si\u0119 aktywnym trybem \u017cycia. Polecam ka\u017cdemu, kto ma podobne problemy.&#8221;<\/p>\n<p><strong>Piotr, 60 lat:<\/strong><\/p>\n<p>&#8222;Przez d\u0142ugi czas mia\u0142em problemy z kolanami, zw\u0142aszcza po d\u0142ugich spacerach. Znajomy poleci\u0142 mi Osteflex i postanowi\u0142em spr\u00f3bowa\u0107. Efekty by\u0142y widoczne ju\u017c po kilku dniach stosowania. Kolana przesta\u0142y bole\u0107, a ja mog\u0119 zn\u00f3w cieszy\u0107 si\u0119 d\u0142ugimi spacerami bez b\u00f3lu. Dodatkowym plusem jest \u0142atwo\u015b\u0107 zakupu i szybka dostawa. To naprawd\u0119 dzia\u0142a!&#8221;<\/p>\n<h2>Spos\u00f3b podawania i dawkowanie<\/h2>\n<p>Osteflex Premium jest kremem, kt\u00f3ry nale\u017cy stosowa\u0107 miejscowo na obszary cia\u0142a dotkni\u0119te b\u00f3lem staw\u00f3w lub stanem zapalnym. Aby uzyska\u0107 najlepsze efekty, zaleca si\u0119 stosowanie produktu zgodnie z poni\u017cszymi wskaz\u00f3wkami:<\/p>\n<ol>\n<li><strong>Czysta sk\u00f3ra:<\/strong> Przed na\u0142o\u017ceniem kremu nale\u017cy dok\u0142adnie oczy\u015bci\u0107 i osuszy\u0107 sk\u00f3r\u0119 w miejscu aplikacji.<\/li>\n<li><strong>Odpowiednia ilo\u015b\u0107:<\/strong> Niewielk\u0105 ilo\u015b\u0107 kremu (oko\u0142o 1-2 cm) nale\u017cy delikatnie wmasowa\u0107 w sk\u00f3r\u0119, a\u017c do ca\u0142kowitego wch\u0142oni\u0119cia.<\/li>\n<li><strong>Regularno\u015b\u0107:<\/strong> Stosowa\u0107 2-3 razy dziennie, najlepiej rano i wieczorem.<\/li>\n<li><strong>D\u0142ugotrwa\u0142e stosowanie:<\/strong> Aby osi\u0105gn\u0105\u0107 pe\u0142ne korzy\u015bci, zaleca si\u0119 stosowanie Osteflex przez co najmniej 4-6 tygodni.<\/li>\n<\/ol>\n<h2>Kup teraz Osteflex z dostaw\u0105<\/h2>\n<p>Zakup Osteflex Premium jest niezwykle prosty i wygodny dzi\u0119ki mo\u017cliwo\u015bci zam\u00f3wienia online. Kupuj\u0105cy nie musz\u0105 martwi\u0107 si\u0119 o p\u0142atno\u015b\u0107 z g\u00f3ry, poniewa\u017c op\u0142ata za produkt jest dokonywana dopiero po otrzymaniu paczki. Dzi\u0119ki temu klienci mog\u0105 by\u0107 pewni, \u017ce otrzymaj\u0105 oryginalny produkt bez ryzyka.<\/p>\n<p><strong>Proces zakupu:<\/strong><\/p>\n<ol>\n<li><strong>Zam\u00f3wienie online:<\/strong> Wystarczy odwiedzi\u0107 oficjaln\u0105 stron\u0119 producenta i wype\u0142ni\u0107 formularz zam\u00f3wienia.<\/li>\n<li><strong>Potwierdzenie telefoniczne:<\/strong> Po z\u0142o\u017ceniu zam\u00f3wienia, specjalista skontaktuje si\u0119 telefonicznie, aby potwierdzi\u0107 szczeg\u00f3\u0142y zam\u00f3wienia oraz udzieli\u0107 ewentualnych porad dotycz\u0105cych ilo\u015bci produktu i dost\u0119pnych promocji.<\/li>\n<li><strong>Szybka dostawa:<\/strong> Czas dostawy wynosi zazwyczaj 3-4 dni robocze na terenie ca\u0142ej Polski.<\/li>\n<li><strong>P\u0142atno\u015b\u0107 przy odbiorze:<\/strong> P\u0142atno\u015b\u0107 jest dokonywana przy odbiorze paczki, co eliminuje ryzyko zwi\u0105zane z przedp\u0142at\u0105.<\/li>\n<\/ol>\n<h2>Por\u00f3wnanie ofert: ceny i dost\u0119pno\u015b\u0107 Osteflex<\/h2>\n<p>Producent Osteflex stawia na pierwszym miejscu dost\u0119pno\u015b\u0107 swojego produktu dla szerokiego grona klient\u00f3w. Dlatego Osteflex mo\u017cna zakupi\u0107 bezpo\u015brednio na oficjalnej stronie producenta, co eliminuje dodatkowe koszty zwi\u0105zane z po\u015brednikami oraz mar\u017ce aptek.<\/p>\n<p><strong>Zalety zakupu na oficjalnej stronie:<\/strong><\/p>\n<ol>\n<li><strong>Brak po\u015brednik\u00f3w:<\/strong> Produkt dost\u0119pny jest bezpo\u015brednio od producenta, co gwarantuje najni\u017csz\u0105 mo\u017cliw\u0105 cen\u0119.<\/li>\n<li><strong>Ci\u0105g\u0142e promocje:<\/strong> Producent regularnie oferuje r\u00f3\u017cnego rodzaju promocje i zni\u017cki, dlatego warto \u015bledzi\u0107 aktualno\u015bci na stronie, aby skorzysta\u0107 z najlepszych ofert.<\/li>\n<li><strong>Oryginalno\u015b\u0107:<\/strong> Zakup na oficjalnej stronie gwarantuje otrzymanie oryginalnego produktu.<\/li>\n<\/ol>\n<p style=\"text-align: center;\"><a href=\"https:\/\/tl-track.com\/tracker\/uFTK\"><button>Zakup na stronie producenta (-50%)<\/button><\/a><\/p>\n<h2><strong>Dlaczego Osteflex nie jest dost\u0119pny w aptekach stacjonarnych?<\/strong><\/h2>\n<p>Producent zdecydowa\u0142 si\u0119 na dystrybucj\u0119 wy\u0142\u0105cznie przez internet, aby maksymalnie obni\u017cy\u0107 koszty i zapewni\u0107 produkt w jak najni\u017cszej cenie dla ko\u0144cowego klienta. Dzi\u0119ki temu Osteflex jest dost\u0119pny dla ka\u017cdego, kto potrzebuje skutecznej i naturalnej pomocy w walce z b\u00f3lem staw\u00f3w.<\/p>\n<p>Osteflex Premium to niezawodna pomoc w walce z b\u00f3lem staw\u00f3w, oparta na naturalnych sk\u0142adnikach. Dzi\u0119ki prostocie zakupu, bezpiecznemu sposobowi p\u0142atno\u015bci i szybkiej dostawie, produkt ten jest dost\u0119pny dla ka\u017cdego, kto potrzebuje skutecznego i bezpiecznego rozwi\u0105zania.<\/p>\n<\/div>\n<\/div>\n<\/div>\n<\/div>\n<\/div>\n<\/div>\n<\/div>\n<\/div>\n<\/div>\n","protected":false},"excerpt":{"rendered":"<p style=\"text-align: center;\"><a href=\"https:\/\/tl-track.com\/tracker\/uFTK\"><button>Kup teraz<\/button><\/a><\/p>\n<p>SKU:\u00a0<span class=\"sku\">789.005.566<\/span><\/p>\n<hr \/>\n<p><small>Produkt sprzedawany jest wy\u0142\u0105cznie za po\u015brednictwem oficjalnej strony producenta, id\u017a i kupuj bezpiecznie!<\/small><\/p>\n","protected":false},"featured_media":981,"comment_status":"open","ping_status":"closed","template":"","meta":[],"product_brand":[],"product_cat":[15],"product_tag":[],"class_list":{"0":"post-980","1":"product","2":"type-product","3":"status-publish","4":"has-post-thumbnail","6":"product_cat-supl","7":"thunk-woo-product-list","8":"opn-qv-enable","9":"top-store-woo-hover-","10":"top-store-single-product-tab-horizontal","11":"top-store-shadow-","12":"top-store-shadow-hover-","14":"first","15":"instock","16":"sale","17":"shipping-taxable","18":"purchasable","19":"product-type-simple"},"yoast_head":"<!-- This site is optimized with the Yoast SEO plugin v27.4 - https:\/\/yoast.com\/product\/yoast-seo-wordpress\/ -->\n<title>Osteflex - kup suplement, cena w aptece, sk\u0142ad, dzia\u0142anie<\/title>\n<meta name=\"robots\" content=\"index, follow, max-snippet:-1, max-image-preview:large, max-video-preview:-1\" \/>\n<link rel=\"canonical\" href=\"https:\/\/lekarzeopole.pl\/wordpress\/product\/osteflex\/\" \/>\n<meta property=\"og:locale\" content=\"pl_PL\" \/>\n<meta property=\"og:type\" content=\"article\" \/>\n<meta property=\"og:title\" content=\"Osteflex - kup suplement, cena w aptece, sk\u0142ad, dzia\u0142anie\" \/>\n<meta property=\"og:description\" content=\"Kup teraz SKU:\u00a0789.005.566    Produkt sprzedawany jest wy\u0142\u0105cznie za po\u015brednictwem oficjalnej strony producenta, id\u017a i kupuj bezpiecznie!\" \/>\n<meta property=\"og:url\" content=\"https:\/\/lekarzeopole.pl\/wordpress\/product\/osteflex\/\" \/>\n<meta property=\"og:site_name\" content=\"Lekarze Opole\" \/>\n<meta property=\"article:modified_time\" content=\"2024-07-08T10:52:42+00:00\" \/>\n<meta property=\"og:image\" content=\"https:\/\/lekarzeopole.pl\/wordpress\/wp-content\/uploads\/2024\/07\/osteflex1.png\" \/>\n\t<meta property=\"og:image:width\" content=\"400\" \/>\n\t<meta property=\"og:image:height\" content=\"400\" \/>\n\t<meta property=\"og:image:type\" content=\"image\/png\" \/>\n<meta name=\"twitter:card\" content=\"summary_large_image\" \/>\n<meta name=\"twitter:label1\" content=\"Szacowany czas czytania\" \/>\n\t<meta name=\"twitter:data1\" content=\"7 minut\" \/>\n<script type=\"application\/ld+json\" class=\"yoast-schema-graph\">{\"@context\":\"https:\\\/\\\/schema.org\",\"@graph\":[{\"@type\":\"WebPage\",\"@id\":\"https:\\\/\\\/lekarzeopole.pl\\\/wordpress\\\/product\\\/osteflex\\\/\",\"url\":\"https:\\\/\\\/lekarzeopole.pl\\\/wordpress\\\/product\\\/osteflex\\\/\",\"name\":\"Osteflex - kup suplement, cena w aptece, sk\u0142ad, dzia\u0142anie\",\"isPartOf\":{\"@id\":\"https:\\\/\\\/lekarzeopole.pl\\\/wordpress\\\/#website\"},\"primaryImageOfPage\":{\"@id\":\"https:\\\/\\\/lekarzeopole.pl\\\/wordpress\\\/product\\\/osteflex\\\/#primaryimage\"},\"image\":{\"@id\":\"https:\\\/\\\/lekarzeopole.pl\\\/wordpress\\\/product\\\/osteflex\\\/#primaryimage\"},\"thumbnailUrl\":\"https:\\\/\\\/lekarzeopole.pl\\\/wordpress\\\/wp-content\\\/uploads\\\/2024\\\/07\\\/osteflex1.png\",\"datePublished\":\"2024-07-08T10:52:40+00:00\",\"dateModified\":\"2024-07-08T10:52:42+00:00\",\"breadcrumb\":{\"@id\":\"https:\\\/\\\/lekarzeopole.pl\\\/wordpress\\\/product\\\/osteflex\\\/#breadcrumb\"},\"inLanguage\":\"pl-PL\",\"potentialAction\":[{\"@type\":\"ReadAction\",\"target\":[\"https:\\\/\\\/lekarzeopole.pl\\\/wordpress\\\/product\\\/osteflex\\\/\"]}]},{\"@type\":\"ImageObject\",\"inLanguage\":\"pl-PL\",\"@id\":\"https:\\\/\\\/lekarzeopole.pl\\\/wordpress\\\/product\\\/osteflex\\\/#primaryimage\",\"url\":\"https:\\\/\\\/lekarzeopole.pl\\\/wordpress\\\/wp-content\\\/uploads\\\/2024\\\/07\\\/osteflex1.png\",\"contentUrl\":\"https:\\\/\\\/lekarzeopole.pl\\\/wordpress\\\/wp-content\\\/uploads\\\/2024\\\/07\\\/osteflex1.png\",\"width\":400,\"height\":400,\"caption\":\"Osteflex\"},{\"@type\":\"BreadcrumbList\",\"@id\":\"https:\\\/\\\/lekarzeopole.pl\\\/wordpress\\\/product\\\/osteflex\\\/#breadcrumb\",\"itemListElement\":[{\"@type\":\"ListItem\",\"position\":1,\"name\":\"\u0413\u043b\u0430\u0432\u043d\u0430\u044f \u0441\u0442\u0440\u0430\u043d\u0438\u0446\u0430\",\"item\":\"https:\\\/\\\/lekarzeopole.pl\\\/wordpress\\\/\"},{\"@type\":\"ListItem\",\"position\":2,\"name\":\"Zakup\",\"item\":\"https:\\\/\\\/lekarzeopole.pl\\\/wordpress\\\/\"},{\"@type\":\"ListItem\",\"position\":3,\"name\":\"Osteflex\"}]},{\"@type\":\"WebSite\",\"@id\":\"https:\\\/\\\/lekarzeopole.pl\\\/wordpress\\\/#website\",\"url\":\"https:\\\/\\\/lekarzeopole.pl\\\/wordpress\\\/\",\"name\":\"Lekarze Opole\",\"description\":\"\",\"potentialAction\":[{\"@type\":\"SearchAction\",\"target\":{\"@type\":\"EntryPoint\",\"urlTemplate\":\"https:\\\/\\\/lekarzeopole.pl\\\/wordpress\\\/?s={search_term_string}\"},\"query-input\":{\"@type\":\"PropertyValueSpecification\",\"valueRequired\":true,\"valueName\":\"search_term_string\"}}],\"inLanguage\":\"pl-PL\"}]}<\/script>\n<!-- \/ Yoast SEO plugin. -->","yoast_head_json":{"title":"Osteflex - kup suplement, cena w aptece, sk\u0142ad, dzia\u0142anie","robots":{"index":"index","follow":"follow","max-snippet":"max-snippet:-1","max-image-preview":"max-image-preview:large","max-video-preview":"max-video-preview:-1"},"canonical":"https:\/\/lekarzeopole.pl\/wordpress\/product\/osteflex\/","og_locale":"pl_PL","og_type":"article","og_title":"Osteflex - kup suplement, cena w aptece, sk\u0142ad, dzia\u0142anie","og_description":"Kup teraz SKU:\u00a0789.005.566    Produkt sprzedawany jest wy\u0142\u0105cznie za po\u015brednictwem oficjalnej strony producenta, id\u017a i kupuj bezpiecznie!","og_url":"https:\/\/lekarzeopole.pl\/wordpress\/product\/osteflex\/","og_site_name":"Lekarze Opole","article_modified_time":"2024-07-08T10:52:42+00:00","og_image":[{"width":400,"height":400,"url":"https:\/\/lekarzeopole.pl\/wordpress\/wp-content\/uploads\/2024\/07\/osteflex1.png","type":"image\/png"}],"twitter_card":"summary_large_image","twitter_misc":{"Szacowany czas czytania":"7 minut"},"schema":{"@context":"https:\/\/schema.org","@graph":[{"@type":"WebPage","@id":"https:\/\/lekarzeopole.pl\/wordpress\/product\/osteflex\/","url":"https:\/\/lekarzeopole.pl\/wordpress\/product\/osteflex\/","name":"Osteflex - kup suplement, cena w aptece, sk\u0142ad, dzia\u0142anie","isPartOf":{"@id":"https:\/\/lekarzeopole.pl\/wordpress\/#website"},"primaryImageOfPage":{"@id":"https:\/\/lekarzeopole.pl\/wordpress\/product\/osteflex\/#primaryimage"},"image":{"@id":"https:\/\/lekarzeopole.pl\/wordpress\/product\/osteflex\/#primaryimage"},"thumbnailUrl":"https:\/\/lekarzeopole.pl\/wordpress\/wp-content\/uploads\/2024\/07\/osteflex1.png","datePublished":"2024-07-08T10:52:40+00:00","dateModified":"2024-07-08T10:52:42+00:00","breadcrumb":{"@id":"https:\/\/lekarzeopole.pl\/wordpress\/product\/osteflex\/#breadcrumb"},"inLanguage":"pl-PL","potentialAction":[{"@type":"ReadAction","target":["https:\/\/lekarzeopole.pl\/wordpress\/product\/osteflex\/"]}]},{"@type":"ImageObject","inLanguage":"pl-PL","@id":"https:\/\/lekarzeopole.pl\/wordpress\/product\/osteflex\/#primaryimage","url":"https:\/\/lekarzeopole.pl\/wordpress\/wp-content\/uploads\/2024\/07\/osteflex1.png","contentUrl":"https:\/\/lekarzeopole.pl\/wordpress\/wp-content\/uploads\/2024\/07\/osteflex1.png","width":400,"height":400,"caption":"Osteflex"},{"@type":"BreadcrumbList","@id":"https:\/\/lekarzeopole.pl\/wordpress\/product\/osteflex\/#breadcrumb","itemListElement":[{"@type":"ListItem","position":1,"name":"\u0413\u043b\u0430\u0432\u043d\u0430\u044f \u0441\u0442\u0440\u0430\u043d\u0438\u0446\u0430","item":"https:\/\/lekarzeopole.pl\/wordpress\/"},{"@type":"ListItem","position":2,"name":"Zakup","item":"https:\/\/lekarzeopole.pl\/wordpress\/"},{"@type":"ListItem","position":3,"name":"Osteflex"}]},{"@type":"WebSite","@id":"https:\/\/lekarzeopole.pl\/wordpress\/#website","url":"https:\/\/lekarzeopole.pl\/wordpress\/","name":"Lekarze Opole","description":"","potentialAction":[{"@type":"SearchAction","target":{"@type":"EntryPoint","urlTemplate":"https:\/\/lekarzeopole.pl\/wordpress\/?s={search_term_string}"},"query-input":{"@type":"PropertyValueSpecification","valueRequired":true,"valueName":"search_term_string"}}],"inLanguage":"pl-PL"}]}},"_links":{"self":[{"href":"https:\/\/lekarzeopole.pl\/wordpress\/wp-json\/wp\/v2\/product\/980","targetHints":{"allow":["GET"]}}],"collection":[{"href":"https:\/\/lekarzeopole.pl\/wordpress\/wp-json\/wp\/v2\/product"}],"about":[{"href":"https:\/\/lekarzeopole.pl\/wordpress\/wp-json\/wp\/v2\/types\/product"}],"replies":[{"embeddable":true,"href":"https:\/\/lekarzeopole.pl\/wordpress\/wp-json\/wp\/v2\/comments?post=980"}],"wp:featuredmedia":[{"embeddable":true,"href":"https:\/\/lekarzeopole.pl\/wordpress\/wp-json\/wp\/v2\/media\/981"}],"wp:attachment":[{"href":"https:\/\/lekarzeopole.pl\/wordpress\/wp-json\/wp\/v2\/media?parent=980"}],"wp:term":[{"taxonomy":"product_brand","embeddable":true,"href":"https:\/\/lekarzeopole.pl\/wordpress\/wp-json\/wp\/v2\/product_brand?post=980"},{"taxonomy":"product_cat","embeddable":true,"href":"https:\/\/lekarzeopole.pl\/wordpress\/wp-json\/wp\/v2\/product_cat?post=980"},{"taxonomy":"product_tag","embeddable":true,"href":"https:\/\/lekarzeopole.pl\/wordpress\/wp-json\/wp\/v2\/product_tag?post=980"}],"curies":[{"name":"wp","href":"https:\/\/api.w.org\/{rel}","templated":true}]}}