{"id":976,"date":"2024-07-08T10:45:01","date_gmt":"2024-07-08T10:45:01","guid":{"rendered":"https:\/\/lekarzeopole.pl\/wordpress\/?post_type=product&#038;p=976"},"modified":"2025-03-04T10:11:24","modified_gmt":"2025-03-04T10:11:24","slug":"nano-flex","status":"publish","type":"product","link":"https:\/\/lekarzeopole.pl\/wordpress\/product\/nano-flex\/","title":{"rendered":"Nano Flex"},"content":{"rendered":"<div class=\"w-full text-token-text-primary\" dir=\"auto\" data-testid=\"conversation-turn-3\" data-scroll-anchor=\"false\">\n<div class=\"py-2 juice:py-[18px] px-3 text-base md:px-4 m-auto md:px-5 lg:px-1 xl:px-5\">\n<div class=\"mx-auto flex flex-1 gap-3 text-base juice:gap-4 juice:md:gap-5 juice:lg:gap-6 md:max-w-3xl lg:max-w-[40rem] xl:max-w-[48rem]\">\n<div class=\"group\/conversation-turn relative flex w-full min-w-0 flex-col agent-turn\">\n<div class=\"flex-col gap-1 md:gap-3\">\n<div class=\"flex flex-grow flex-col max-w-full\">\n<div class=\"min-h-[20px] text-message flex flex-col items-start whitespace-pre-wrap break-words [.text-message+&amp;]:mt-5 juice:w-full juice:items-end overflow-x-auto gap-2\" dir=\"auto\" data-message-author-role=\"assistant\" data-message-id=\"7cdabffe-ef6b-438e-8ea1-8b4298d5f6eb\">\n<div class=\"flex w-full flex-col gap-1 juice:empty:hidden juice:first:pt-[3px]\">\n<div class=\"markdown prose w-full break-words dark:prose-invert light\">\n<p>W dzisiejszych czasach problemy ze stawami dotykaj\u0105 coraz wi\u0119kszej liczby os\u00f3b, niezale\u017cnie od wieku. B\u00f3l, sztywno\u015b\u0107 i ograniczona ruchomo\u015b\u0107 mog\u0105 znacz\u0105co wp\u0142yn\u0105\u0107 na jako\u015b\u0107 \u017cycia. Na szcz\u0119\u015bcie istniej\u0105 skuteczne rozwi\u0105zania, kt\u00f3re mog\u0105 przynie\u015b\u0107 ulg\u0119 i poprawi\u0107 stan naszych staw\u00f3w. Jednym z takich produkt\u00f3w jest Nano Flex \u2013 giel dla staw\u00f3w, kt\u00f3ry wykorzystuje moc naturalnych sk\u0142adnik\u00f3w. W tej artykule przyjrzymy si\u0119 bli\u017cej temu produktowi, jego sk\u0142adnikom, dzia\u0142aniu oraz efektom, jakie mo\u017cna osi\u0105gn\u0105\u0107 dzi\u0119ki jego regularnemu stosowaniu.<\/p>\n<h2>Wskazania do stosowania Nano Flex<\/h2>\n<p>Nano Flex to produkt dedykowany osobom borykaj\u0105cym si\u0119 z r\u00f3\u017cnorodnymi problemami stawowymi. Mo\u017ce by\u0107 stosowany w przypadku:<\/p>\n<ol>\n<li><strong>B\u00f3lu staw\u00f3w<\/strong> \u2013 zar\u00f3wno ostry, jak i przewlek\u0142y b\u00f3l staw\u00f3w mo\u017ce by\u0107 skutecznie \u0142agodzony dzi\u0119ki regularnemu stosowaniu Nano Flex.<\/li>\n<li><strong>Sztywno\u015bci staw\u00f3w<\/strong> \u2013 Nano Flex pomaga w redukcji sztywno\u015bci, u\u0142atwiaj\u0105c codzienne funkcjonowanie.<\/li>\n<li><strong>Stanu zapalnego<\/strong> \u2013 sk\u0142adniki gela maj\u0105 dzia\u0142anie przeciwzapalne, co przyczynia si\u0119 do zmniejszenia obrz\u0119k\u00f3w i stan\u00f3w zapalnych.<\/li>\n<li><strong>Zmniejszonej ruchomo\u015bci<\/strong> \u2013 produkt wspomaga popraw\u0119 ruchomo\u015bci staw\u00f3w, co jest szczeg\u00f3lnie wa\u017cne dla os\u00f3b aktywnych fizycznie.<\/li>\n<li><strong>Problemy wynikaj\u0105ce z przeci\u0105\u017ce\u0144 i uraz\u00f3w<\/strong> \u2013 Nano Flex jest idealnym rozwi\u0105zaniem dla sportowc\u00f3w i os\u00f3b nara\u017conych na cz\u0119ste przeci\u0105\u017cenia staw\u00f3w.<\/li>\n<\/ol>\n<h2>Sk\u0142ad i dzia\u0142anie sk\u0142adnik\u00f3w Nano Flex<\/h2>\n<p>Nano Flex wyr\u00f3\u017cnia si\u0119 unikalnym sk\u0142adem, kt\u00f3ry \u0142\u0105czy w sobie moc naturalnych sk\u0142adnik\u00f3w o udokumentowanym dzia\u0142aniu prozdrowotnym. W sk\u0142ad produktu wchodz\u0105:<\/p>\n<ol>\n<li><strong>Kolagen<\/strong> \u2013 podstawowy budulec chrz\u0105stki stawowej. Jego suplementacja wspiera odbudow\u0119 i regeneracj\u0119 tkanki chrz\u0119stnej.<\/li>\n<li><strong>Glukozamina<\/strong> \u2013 naturalny sk\u0142adnik mazi stawowej, kt\u00f3ry wspomaga regeneracj\u0119 staw\u00f3w i zwi\u0119ksza ich elastyczno\u015b\u0107.<\/li>\n<li><strong>Chondroityna<\/strong> \u2013 substancja, kt\u00f3ra pomaga w utrzymaniu odpowiedniej struktury i funkcji chrz\u0105stki stawowej, dzia\u0142aj\u0105c jednocze\u015bnie przeciwzapalnie.<\/li>\n<li><strong>Ekstrakt z boswellii<\/strong> \u2013 ro\u015blina o silnym dzia\u0142aniu przeciwzapalnym, kt\u00f3ra jest cz\u0119sto stosowana w leczeniu schorze\u0144 staw\u00f3w.<\/li>\n<li><strong>Ekstrakt z kurkumy<\/strong> \u2013 naturalny antyoksydant i \u015brodek przeciwzapalny, kt\u00f3ry wspiera zdrowie staw\u00f3w i zmniejsza b\u00f3l.<\/li>\n<li><strong>Ekstrakt z imbiru<\/strong> \u2013 znany ze swoich w\u0142a\u015bciwo\u015bci przeciwb\u00f3lowych i przeciwzapalnych, wspiera leczenie stan\u00f3w zapalnych staw\u00f3w.<\/li>\n<li><strong>Mentol<\/strong> \u2013 dzia\u0142a ch\u0142odz\u0105co, przynosz\u0105c natychmiastow\u0105 ulg\u0119 w b\u00f3lu i zmniejszaj\u0105c obrz\u0119ki.<\/li>\n<\/ol>\n<p>Ka\u017cdy z tych sk\u0142adnik\u00f3w dzia\u0142a synergicznie, co oznacza, \u017ce ich wsp\u00f3lne dzia\u0142anie jest bardziej efektywne ni\u017c dzia\u0142anie poszczeg\u00f3lnych sk\u0142adnik\u00f3w osobno. Regularne stosowanie Nano Flex mo\u017ce przynie\u015b\u0107 znacz\u0105c\u0105 popraw\u0119 stanu staw\u00f3w i jako\u015bci \u017cycia.<\/p>\n<h2>Efekty Nano Flex i ich charakterystyka<\/h2>\n<p>Stosowanie Nano Flex przynosi wiele korzy\u015bci, kt\u00f3re mog\u0105 znacz\u0105co poprawi\u0107 komfort \u017cycia. Oto niekt\u00f3re z efekt\u00f3w, jakie mo\u017cna osi\u0105gn\u0105\u0107:<\/p>\n<ol>\n<li><strong>Redukcja b\u00f3lu<\/strong> \u2013 Nano Flex skutecznie zmniejsza b\u00f3l staw\u00f3w, co pozwala na bardziej komfortowe wykonywanie codziennych czynno\u015bci.<\/li>\n<li><strong>Zmniejszenie stanu zapalnego<\/strong> \u2013 dzi\u0119ki w\u0142a\u015bciwo\u015bciom przeciwzapalnym, produkt pomaga w redukcji obrz\u0119k\u00f3w i stan\u00f3w zapalnych.<\/li>\n<li><strong>Poprawa ruchomo\u015bci staw\u00f3w<\/strong> \u2013 regularne stosowanie Nano Flex mo\u017ce przyczyni\u0107 si\u0119 do zwi\u0119kszenia zakresu ruchu w stawach.<\/li>\n<li><strong>Odbudowa chrz\u0105stki stawowej<\/strong> \u2013 zawarty w produkcie kolagen wspomaga regeneracj\u0119 tkanki chrz\u0119stnej, co jest kluczowe dla zdrowia staw\u00f3w.<\/li>\n<li><strong>Ch\u0142odzenie i ulga<\/strong> \u2013 mentol przynosi natychmiastowe uczucie ch\u0142odzenia, co pomaga w \u0142agodzeniu b\u00f3lu i dyskomfortu.<\/li>\n<\/ol>\n<h2>Ryzyko skutk\u00f3w ubocznych<\/h2>\n<p>Nano Flex to produkt bazuj\u0105cy na naturalnych sk\u0142adnikach, co sprawia, \u017ce jest bezpieczny dla wi\u0119kszo\u015bci os\u00f3b. Ryzyko wyst\u0105pienia skutk\u00f3w ubocznych jest minimalne, jednak jak w przypadku ka\u017cdego produktu, istnieje mo\u017cliwo\u015b\u0107 wyst\u0105pienia reakcji alergicznych u os\u00f3b uczulonych na kt\u00f3rykolwiek ze sk\u0142adnik\u00f3w. Warto przed rozpocz\u0119ciem stosowania skonsultowa\u0107 si\u0119 z lekarzem, zw\u0142aszcza je\u015bli mamy jakiekolwiek w\u0105tpliwo\u015bci co do bezpiecze\u0144stwa stosowania produktu.<\/p>\n<p style=\"text-align: center;\"><a href=\"https:\/\/price-low.eu\/a\/5LxJHW7jKtOj9X\"><button>www.nano-flex.pl<\/button><\/a><\/p>\n<p>Nano Flex to innowacyjny produkt, kt\u00f3ry dzi\u0119ki naturalnym sk\u0142adnikom mo\u017ce przynie\u015b\u0107 ulg\u0119 osobom borykaj\u0105cym si\u0119 z problemami stawowymi. Regularne stosowanie tego gela mo\u017ce przyczyni\u0107 si\u0119 do poprawy jako\u015bci \u017cycia, redukcji b\u00f3lu i stan\u00f3w zapalnych oraz zwi\u0119kszenia ruchomo\u015bci staw\u00f3w. Dzi\u0119ki minimalnemu ryzyku skutk\u00f3w ubocznych, Nano Flex jest bezpiecznym wyborem dla os\u00f3b szukaj\u0105cych skutecznej i naturalnej pomocy w walce z dolegliwo\u015bciami stawowymi.<\/p>\n<\/div>\n<\/div>\n<\/div>\n<\/div>\n<\/div>\n<\/div>\n<\/div>\n<\/div>\n<\/div>\n<div class=\"w-full text-token-text-primary\" dir=\"auto\" data-testid=\"conversation-turn-5\" data-scroll-anchor=\"true\">\n<div class=\"py-2 juice:py-[18px] px-3 text-base md:px-4 m-auto md:px-5 lg:px-1 xl:px-5\">\n<div class=\"mx-auto flex flex-1 gap-3 text-base juice:gap-4 juice:md:gap-5 juice:lg:gap-6 md:max-w-3xl lg:max-w-[40rem] xl:max-w-[48rem]\">\n<div class=\"group\/conversation-turn relative flex w-full min-w-0 flex-col agent-turn\">\n<div class=\"flex-col gap-1 md:gap-3\">\n<div class=\"flex flex-grow flex-col max-w-full\">\n<div class=\"min-h-[20px] text-message flex flex-col items-start whitespace-pre-wrap break-words [.text-message+&amp;]:mt-5 juice:w-full juice:items-end overflow-x-auto gap-2\" dir=\"auto\" data-message-author-role=\"assistant\" data-message-id=\"942446ca-358c-447b-acf3-dd87d5aa16b7\">\n<div class=\"flex w-full flex-col gap-1 juice:empty:hidden juice:first:pt-[3px]\">\n<div class=\"markdown prose w-full break-words dark:prose-invert light\">\n<h2>Opinie klient\u00f3w o Nano Flex: fora po\u015bwi\u0119cone zdrowiu<\/h2>\n<p>Nano Flex szybko zyskuje popularno\u015b\u0107 w\u015br\u00f3d os\u00f3b zmagaj\u0105cych si\u0119 z problemami stawowymi w Polsce. Na licznych forach internetowych po\u015bwi\u0119conych zdrowiu i urodzie mo\u017cna znale\u017a\u0107 wiele opinii na temat tego produktu. Wi\u0119kszo\u015b\u0107 u\u017cytkownik\u00f3w opisuje pozytywne dzia\u0142anie gela oraz jego dost\u0119pno\u015b\u0107. Dzi\u0119ki swojej skuteczno\u015bci i naturalnemu sk\u0142adowi, Nano Flex zdobywa zaufanie coraz wi\u0119kszej liczby os\u00f3b.<\/p>\n<ul>\n<li><strong>Anna, 45 lat:<\/strong> \u201eOd kilku miesi\u0119cy stosuj\u0119 Nano Flex i jestem bardzo zadowolona z efekt\u00f3w. B\u00f3l staw\u00f3w, kt\u00f3ry towarzyszy\u0142 mi od d\u0142u\u017cszego czasu, znacznie si\u0119 zmniejszy\u0142. Ceni\u0119 sobie r\u00f3wnie\u017c fakt, \u017ce produkt jest naturalny i nie musz\u0119 martwi\u0107 si\u0119 o skutki uboczne. Dodatkowo, mo\u017cliwo\u015b\u0107 zakupu online jest bardzo wygodna.\u201d<\/li>\n<li><strong>Tomasz, 52 lata:<\/strong> \u201eZdecydowa\u0142em si\u0119 na Nano Flex po przeczytaniu wielu pozytywnych opinii na forum. Ju\u017c po kilku tygodniach stosowania zauwa\u017cy\u0142em popraw\u0119 \u2013 stawy s\u0105 mniej sztywne, a b\u00f3l znacznie si\u0119 zmniejszy\u0142. Polecam ten produkt ka\u017cdemu, kto boryka si\u0119 z problemami stawowymi.\u201d<\/li>\n<\/ul>\n<h2>Spos\u00f3b podawania i dawkowanie<\/h2>\n<p>Aby osi\u0105gn\u0105\u0107 najlepsze rezultaty, wa\u017cne jest stosowanie Nano Flex zgodnie z zaleceniami producenta. \u017bel nale\u017cy nanosi\u0107 na czyst\u0105 i such\u0105 sk\u00f3r\u0119 w okolicach bol\u0105cych staw\u00f3w, a nast\u0119pnie delikatnie wmasowa\u0107 a\u017c do ca\u0142kowitego wch\u0142oni\u0119cia. Zaleca si\u0119 stosowanie Nano Flex dwa razy dziennie \u2013 rano i wieczorem. Regularne stosowanie produktu pozwala na osi\u0105gni\u0119cie najlepszych efekt\u00f3w i znaczn\u0105 popraw\u0119 stanu staw\u00f3w.<\/p>\n<h2>Kup teraz Nano Flex z dostaw\u0105<\/h2>\n<p>Zakup Nano Flex jest bardzo prosty i wygodny. Produkt mo\u017cna zam\u00f3wi\u0107 online, co eliminuje konieczno\u015b\u0107 odwiedzania stacjonarnych sklep\u00f3w. Co wi\u0119cej, nie trzeba p\u0142aci\u0107 z g\u00f3ry \u2013 op\u0142ata za produkt jest dokonywana dopiero przy odbiorze, co daje pewno\u015b\u0107 otrzymania oryginalnego towaru bez ryzyka. Dostawa trwa zazwyczaj 3-4 dni robocze na terenie Polski. Po z\u0142o\u017ceniu zam\u00f3wienia, specjalista telefonicznie potwierdza zam\u00f3wienie, a tak\u017ce mo\u017ce udzieli\u0107 dodatkowych informacji na temat ilo\u015bci oraz dost\u0119pnych promocji.<\/p>\n<h2>Por\u00f3wnanie ofert: ceny i dost\u0119pno\u015b\u0107 Nano Flex<\/h2>\n<p>Producent Nano Flex k\u0142adzie du\u017cy nacisk na dost\u0119pno\u015b\u0107 produktu dla szerokiego grona klient\u00f3w. Dlatego te\u017c \u017cel mo\u017cna kupi\u0107 bezpo\u015brednio na oficjalnej stronie producenta, co eliminuje koszty po\u015brednik\u00f3w i dodatkowe mar\u017ce. Ceny s\u0105 bardzo konkurencyjne, a dodatkowo cz\u0119sto dost\u0119pne s\u0105 r\u00f3\u017cne promocje i rabaty, dlatego warto regularnie sprawdza\u0107 aktualne oferty. W\u0142a\u015bnie ze wzgl\u0119du na ch\u0119\u0107 zapewnienia najlepszych cen i jako\u015bci, Nano Flex nie jest dost\u0119pny w stacjonarnych aptekach, a jedynie poprzez oficjalny kana\u0142 sprzeda\u017cy online.<\/p>\n<p style=\"text-align: center;\"><a href=\"https:\/\/price-low.eu\/a\/5LxJHW7jKtOj9X\"><button>Zakup na stronie producenta (-50%)<\/button><\/a><\/p>\n<p>Nano Flex to wyj\u0105tkowy produkt, kt\u00f3ry dzi\u0119ki swojemu naturalnemu sk\u0142adowi i skutecznemu dzia\u0142aniu zdobywa coraz wi\u0119ksze uznanie w\u015br\u00f3d u\u017cytkownik\u00f3w. Jego dost\u0119pno\u015b\u0107 i atrakcyjne ceny sprawiaj\u0105, \u017ce jest to doskona\u0142y wyb\u00f3r dla os\u00f3b poszukuj\u0105cych skutecznego rozwi\u0105zania na problemy ze stawami.<\/p>\n<\/div>\n<\/div>\n<\/div>\n<\/div>\n<\/div>\n<\/div>\n<\/div>\n<\/div>\n<\/div>\n","protected":false},"excerpt":{"rendered":"<p style=\"text-align: center;\"><a href=\"https:\/\/price-low.eu\/a\/5LxJHW7jKtOj9X\"><button>Kup teraz<\/button><\/a><\/p>\n<p>SKU:\u00a0<span class=\"sku\">789.005.546<\/span><\/p>\n<hr \/>\n<p><small>Produkt sprzedawany jest wy\u0142\u0105cznie za po\u015brednictwem oficjalnej strony producenta, id\u017a i kupuj bezpiecznie!<\/small><\/p>\n","protected":false},"featured_media":1197,"comment_status":"open","ping_status":"closed","template":"","meta":[],"product_brand":[],"product_cat":[15],"product_tag":[],"class_list":{"0":"post-976","1":"product","2":"type-product","3":"status-publish","4":"has-post-thumbnail","6":"product_cat-supl","7":"thunk-woo-product-list","8":"opn-qv-enable","9":"top-store-woo-hover-","10":"top-store-single-product-tab-horizontal","11":"top-store-shadow-","12":"top-store-shadow-hover-","14":"first","15":"instock","16":"sale","17":"shipping-taxable","18":"purchasable","19":"product-type-simple"},"yoast_head":"<!-- This site is optimized with the Yoast SEO plugin v27.4 - https:\/\/yoast.com\/product\/yoast-seo-wordpress\/ -->\n<title>Nano Flex - kup suplement, cena w aptece, sk\u0142ad, dzia\u0142anie<\/title>\n<meta name=\"robots\" content=\"index, follow, max-snippet:-1, max-image-preview:large, max-video-preview:-1\" \/>\n<link rel=\"canonical\" href=\"https:\/\/lekarzeopole.pl\/wordpress\/product\/nano-flex\/\" \/>\n<meta property=\"og:locale\" content=\"pl_PL\" \/>\n<meta property=\"og:type\" content=\"article\" \/>\n<meta property=\"og:title\" content=\"Nano Flex - kup suplement, cena w aptece, sk\u0142ad, dzia\u0142anie\" \/>\n<meta property=\"og:description\" content=\"Kup teraz SKU:\u00a0789.005.546    Produkt sprzedawany jest wy\u0142\u0105cznie za po\u015brednictwem oficjalnej strony producenta, id\u017a i kupuj bezpiecznie!\" \/>\n<meta property=\"og:url\" content=\"https:\/\/lekarzeopole.pl\/wordpress\/product\/nano-flex\/\" \/>\n<meta property=\"og:site_name\" content=\"Lekarze Opole\" \/>\n<meta property=\"article:modified_time\" content=\"2025-03-04T10:11:24+00:00\" \/>\n<meta property=\"og:image\" content=\"https:\/\/lekarzeopole.pl\/wordpress\/wp-content\/uploads\/2024\/07\/nano-flex.jpg\" \/>\n\t<meta property=\"og:image:width\" content=\"900\" \/>\n\t<meta property=\"og:image:height\" content=\"900\" \/>\n\t<meta property=\"og:image:type\" content=\"image\/jpeg\" \/>\n<meta name=\"twitter:card\" content=\"summary_large_image\" \/>\n<meta name=\"twitter:label1\" content=\"Szacowany czas czytania\" \/>\n\t<meta name=\"twitter:data1\" content=\"6 minut\" \/>\n<script type=\"application\/ld+json\" class=\"yoast-schema-graph\">{\"@context\":\"https:\\\/\\\/schema.org\",\"@graph\":[{\"@type\":\"WebPage\",\"@id\":\"https:\\\/\\\/lekarzeopole.pl\\\/wordpress\\\/product\\\/nano-flex\\\/\",\"url\":\"https:\\\/\\\/lekarzeopole.pl\\\/wordpress\\\/product\\\/nano-flex\\\/\",\"name\":\"Nano Flex - kup suplement, cena w aptece, sk\u0142ad, dzia\u0142anie\",\"isPartOf\":{\"@id\":\"https:\\\/\\\/lekarzeopole.pl\\\/wordpress\\\/#website\"},\"primaryImageOfPage\":{\"@id\":\"https:\\\/\\\/lekarzeopole.pl\\\/wordpress\\\/product\\\/nano-flex\\\/#primaryimage\"},\"image\":{\"@id\":\"https:\\\/\\\/lekarzeopole.pl\\\/wordpress\\\/product\\\/nano-flex\\\/#primaryimage\"},\"thumbnailUrl\":\"https:\\\/\\\/lekarzeopole.pl\\\/wordpress\\\/wp-content\\\/uploads\\\/2024\\\/07\\\/nano-flex.jpg\",\"datePublished\":\"2024-07-08T10:45:01+00:00\",\"dateModified\":\"2025-03-04T10:11:24+00:00\",\"breadcrumb\":{\"@id\":\"https:\\\/\\\/lekarzeopole.pl\\\/wordpress\\\/product\\\/nano-flex\\\/#breadcrumb\"},\"inLanguage\":\"pl-PL\",\"potentialAction\":[{\"@type\":\"ReadAction\",\"target\":[\"https:\\\/\\\/lekarzeopole.pl\\\/wordpress\\\/product\\\/nano-flex\\\/\"]}]},{\"@type\":\"ImageObject\",\"inLanguage\":\"pl-PL\",\"@id\":\"https:\\\/\\\/lekarzeopole.pl\\\/wordpress\\\/product\\\/nano-flex\\\/#primaryimage\",\"url\":\"https:\\\/\\\/lekarzeopole.pl\\\/wordpress\\\/wp-content\\\/uploads\\\/2024\\\/07\\\/nano-flex.jpg\",\"contentUrl\":\"https:\\\/\\\/lekarzeopole.pl\\\/wordpress\\\/wp-content\\\/uploads\\\/2024\\\/07\\\/nano-flex.jpg\",\"width\":900,\"height\":900,\"caption\":\"Nano Flex\"},{\"@type\":\"BreadcrumbList\",\"@id\":\"https:\\\/\\\/lekarzeopole.pl\\\/wordpress\\\/product\\\/nano-flex\\\/#breadcrumb\",\"itemListElement\":[{\"@type\":\"ListItem\",\"position\":1,\"name\":\"\u0413\u043b\u0430\u0432\u043d\u0430\u044f \u0441\u0442\u0440\u0430\u043d\u0438\u0446\u0430\",\"item\":\"https:\\\/\\\/lekarzeopole.pl\\\/wordpress\\\/\"},{\"@type\":\"ListItem\",\"position\":2,\"name\":\"Zakup\",\"item\":\"https:\\\/\\\/lekarzeopole.pl\\\/wordpress\\\/\"},{\"@type\":\"ListItem\",\"position\":3,\"name\":\"Nano Flex\"}]},{\"@type\":\"WebSite\",\"@id\":\"https:\\\/\\\/lekarzeopole.pl\\\/wordpress\\\/#website\",\"url\":\"https:\\\/\\\/lekarzeopole.pl\\\/wordpress\\\/\",\"name\":\"Lekarze Opole\",\"description\":\"\",\"potentialAction\":[{\"@type\":\"SearchAction\",\"target\":{\"@type\":\"EntryPoint\",\"urlTemplate\":\"https:\\\/\\\/lekarzeopole.pl\\\/wordpress\\\/?s={search_term_string}\"},\"query-input\":{\"@type\":\"PropertyValueSpecification\",\"valueRequired\":true,\"valueName\":\"search_term_string\"}}],\"inLanguage\":\"pl-PL\"}]}<\/script>\n<!-- \/ Yoast SEO plugin. -->","yoast_head_json":{"title":"Nano Flex - kup suplement, cena w aptece, sk\u0142ad, dzia\u0142anie","robots":{"index":"index","follow":"follow","max-snippet":"max-snippet:-1","max-image-preview":"max-image-preview:large","max-video-preview":"max-video-preview:-1"},"canonical":"https:\/\/lekarzeopole.pl\/wordpress\/product\/nano-flex\/","og_locale":"pl_PL","og_type":"article","og_title":"Nano Flex - kup suplement, cena w aptece, sk\u0142ad, dzia\u0142anie","og_description":"Kup teraz SKU:\u00a0789.005.546    Produkt sprzedawany jest wy\u0142\u0105cznie za po\u015brednictwem oficjalnej strony producenta, id\u017a i kupuj bezpiecznie!","og_url":"https:\/\/lekarzeopole.pl\/wordpress\/product\/nano-flex\/","og_site_name":"Lekarze Opole","article_modified_time":"2025-03-04T10:11:24+00:00","og_image":[{"width":900,"height":900,"url":"https:\/\/lekarzeopole.pl\/wordpress\/wp-content\/uploads\/2024\/07\/nano-flex.jpg","type":"image\/jpeg"}],"twitter_card":"summary_large_image","twitter_misc":{"Szacowany czas czytania":"6 minut"},"schema":{"@context":"https:\/\/schema.org","@graph":[{"@type":"WebPage","@id":"https:\/\/lekarzeopole.pl\/wordpress\/product\/nano-flex\/","url":"https:\/\/lekarzeopole.pl\/wordpress\/product\/nano-flex\/","name":"Nano Flex - kup suplement, cena w aptece, sk\u0142ad, dzia\u0142anie","isPartOf":{"@id":"https:\/\/lekarzeopole.pl\/wordpress\/#website"},"primaryImageOfPage":{"@id":"https:\/\/lekarzeopole.pl\/wordpress\/product\/nano-flex\/#primaryimage"},"image":{"@id":"https:\/\/lekarzeopole.pl\/wordpress\/product\/nano-flex\/#primaryimage"},"thumbnailUrl":"https:\/\/lekarzeopole.pl\/wordpress\/wp-content\/uploads\/2024\/07\/nano-flex.jpg","datePublished":"2024-07-08T10:45:01+00:00","dateModified":"2025-03-04T10:11:24+00:00","breadcrumb":{"@id":"https:\/\/lekarzeopole.pl\/wordpress\/product\/nano-flex\/#breadcrumb"},"inLanguage":"pl-PL","potentialAction":[{"@type":"ReadAction","target":["https:\/\/lekarzeopole.pl\/wordpress\/product\/nano-flex\/"]}]},{"@type":"ImageObject","inLanguage":"pl-PL","@id":"https:\/\/lekarzeopole.pl\/wordpress\/product\/nano-flex\/#primaryimage","url":"https:\/\/lekarzeopole.pl\/wordpress\/wp-content\/uploads\/2024\/07\/nano-flex.jpg","contentUrl":"https:\/\/lekarzeopole.pl\/wordpress\/wp-content\/uploads\/2024\/07\/nano-flex.jpg","width":900,"height":900,"caption":"Nano Flex"},{"@type":"BreadcrumbList","@id":"https:\/\/lekarzeopole.pl\/wordpress\/product\/nano-flex\/#breadcrumb","itemListElement":[{"@type":"ListItem","position":1,"name":"\u0413\u043b\u0430\u0432\u043d\u0430\u044f \u0441\u0442\u0440\u0430\u043d\u0438\u0446\u0430","item":"https:\/\/lekarzeopole.pl\/wordpress\/"},{"@type":"ListItem","position":2,"name":"Zakup","item":"https:\/\/lekarzeopole.pl\/wordpress\/"},{"@type":"ListItem","position":3,"name":"Nano Flex"}]},{"@type":"WebSite","@id":"https:\/\/lekarzeopole.pl\/wordpress\/#website","url":"https:\/\/lekarzeopole.pl\/wordpress\/","name":"Lekarze Opole","description":"","potentialAction":[{"@type":"SearchAction","target":{"@type":"EntryPoint","urlTemplate":"https:\/\/lekarzeopole.pl\/wordpress\/?s={search_term_string}"},"query-input":{"@type":"PropertyValueSpecification","valueRequired":true,"valueName":"search_term_string"}}],"inLanguage":"pl-PL"}]}},"_links":{"self":[{"href":"https:\/\/lekarzeopole.pl\/wordpress\/wp-json\/wp\/v2\/product\/976","targetHints":{"allow":["GET"]}}],"collection":[{"href":"https:\/\/lekarzeopole.pl\/wordpress\/wp-json\/wp\/v2\/product"}],"about":[{"href":"https:\/\/lekarzeopole.pl\/wordpress\/wp-json\/wp\/v2\/types\/product"}],"replies":[{"embeddable":true,"href":"https:\/\/lekarzeopole.pl\/wordpress\/wp-json\/wp\/v2\/comments?post=976"}],"wp:featuredmedia":[{"embeddable":true,"href":"https:\/\/lekarzeopole.pl\/wordpress\/wp-json\/wp\/v2\/media\/1197"}],"wp:attachment":[{"href":"https:\/\/lekarzeopole.pl\/wordpress\/wp-json\/wp\/v2\/media?parent=976"}],"wp:term":[{"taxonomy":"product_brand","embeddable":true,"href":"https:\/\/lekarzeopole.pl\/wordpress\/wp-json\/wp\/v2\/product_brand?post=976"},{"taxonomy":"product_cat","embeddable":true,"href":"https:\/\/lekarzeopole.pl\/wordpress\/wp-json\/wp\/v2\/product_cat?post=976"},{"taxonomy":"product_tag","embeddable":true,"href":"https:\/\/lekarzeopole.pl\/wordpress\/wp-json\/wp\/v2\/product_tag?post=976"}],"curies":[{"name":"wp","href":"https:\/\/api.w.org\/{rel}","templated":true}]}}