{"id":972,"date":"2024-07-08T10:37:43","date_gmt":"2024-07-08T10:37:43","guid":{"rendered":"https:\/\/lekarzeopole.pl\/wordpress\/?post_type=product&#038;p=972"},"modified":"2024-07-08T10:37:44","modified_gmt":"2024-07-08T10:37:44","slug":"matcha-extreme","status":"publish","type":"product","link":"https:\/\/lekarzeopole.pl\/wordpress\/product\/matcha-extreme\/","title":{"rendered":"Matcha Extreme"},"content":{"rendered":"<div class=\"w-full text-token-text-primary\" dir=\"auto\" data-testid=\"conversation-turn-3\" data-scroll-anchor=\"false\">\n<div class=\"py-2 juice:py-[18px] px-3 text-base md:px-4 m-auto md:px-5 lg:px-1 xl:px-5\">\n<div class=\"mx-auto flex flex-1 gap-3 text-base juice:gap-4 juice:md:gap-5 juice:lg:gap-6 md:max-w-3xl lg:max-w-[40rem] xl:max-w-[48rem]\">\n<div class=\"group\/conversation-turn relative flex w-full min-w-0 flex-col agent-turn\">\n<div class=\"flex-col gap-1 md:gap-3\">\n<div class=\"flex flex-grow flex-col max-w-full\">\n<div class=\"min-h-[20px] text-message flex flex-col items-start whitespace-pre-wrap break-words [.text-message+&amp;]:mt-5 juice:w-full juice:items-end overflow-x-auto gap-2\" dir=\"auto\" data-message-author-role=\"assistant\" data-message-id=\"7deda930-42d6-470c-9b24-eeb7e909d7f0\">\n<div class=\"flex w-full flex-col gap-1 juice:empty:hidden juice:first:pt-[3px]\">\n<div class=\"markdown prose w-full break-words dark:prose-invert light\">\n<p>W dzisiejszych czasach coraz wi\u0119cej os\u00f3b poszukuje naturalnych metod wspierania zdrowia i utraty wagi. Suplementy diety staj\u0105 si\u0119 popularnym wyborem, zw\u0142aszcza te oparte na sk\u0142adnikach ro\u015blinnych. Jednym z nich jest Matcha Extreme \u2013 nowoczesny suplement diety, kt\u00f3ry umo\u017cliwia przygotowanie pysznej herbaty. Produkt ten zawiera sk\u0142adniki, kt\u00f3re pomagaj\u0105 kontrolowa\u0107 mas\u0119 cia\u0142a i przyczyniaj\u0105 si\u0119 do usuwania nadmiaru wody z organizmu. Dodatkowo, suplement wspiera procesy detoksykacji organizmu oraz ma pozytywny wp\u0142yw na poziom cukru we krwi i cholesterol. Przyjrzyjmy si\u0119 bli\u017cej wskazaniom do stosowania Matcha Extreme, jego sk\u0142adnikom i ich dzia\u0142aniu, efektom oraz ryzyku skutk\u00f3w ubocznych.<\/p>\n<h2>Wskazania do stosowania Matcha Extreme<\/h2>\n<p>Matcha Extreme to suplement diety, kt\u00f3ry mo\u017ce by\u0107 stosowany w r\u00f3\u017cnych sytuacjach, przede wszystkim w celu wspierania:<\/p>\n<ul>\n<li><strong>Kontroli masy cia\u0142a<\/strong>: Matcha Extreme pomaga w redukcji nadmiernej masy cia\u0142a dzi\u0119ki sk\u0142adnikom, kt\u00f3re przyspieszaj\u0105 metabolizm i spalanie t\u0142uszczu.<\/li>\n<li><strong>Usuwania nadmiaru wody z organizmu<\/strong>: Suplement wspomaga naturalne procesy eliminacji nadmiaru wody, co mo\u017ce pom\u00f3c w redukcji obrz\u0119k\u00f3w.<\/li>\n<li><strong>Detoksykacji organizmu<\/strong>: Zawarte w Matcha Extreme sk\u0142adniki wspieraj\u0105 naturalne procesy oczyszczania organizmu z toksyn.<\/li>\n<li><strong>Regulacji poziomu cukru we krwi i cholesterolu<\/strong>: Regularne spo\u017cywanie suplementu mo\u017ce przyczyni\u0107 si\u0119 do utrzymania zdrowego poziomu cukru we krwi oraz korzystnie wp\u0142yn\u0105\u0107 na profil lipidowy.<\/li>\n<\/ul>\n<h2>Sk\u0142ad i dzia\u0142anie sk\u0142adnik\u00f3w Matcha Extreme<\/h2>\n<p>Matcha Extreme opiera si\u0119 na czterech wysoko skutecznych sk\u0142adnikach, kt\u00f3re dzia\u0142aj\u0105 synergicznie, aby dostarczy\u0107 najlepsze rezultaty:<\/p>\n<ol>\n<li><strong>Proszek z li\u015bci zielonej herbaty matcha<\/strong>\n<ul>\n<li><strong>Dzia\u0142anie<\/strong>: Matcha jest bogata w katechiny, kt\u00f3re maj\u0105 silne dzia\u0142anie antyoksydacyjne, wspomagaj\u0105 metabolizm i spalanie t\u0142uszczu. Matcha zawiera r\u00f3wnie\u017c L-teanin\u0119, kt\u00f3ra wspiera koncentracj\u0119 i relaksacj\u0119.<\/li>\n<li><strong>Korzy\u015bci<\/strong>: Zwi\u0119ksza termogenez\u0119, co przyczynia si\u0119 do szybszego spalania kalorii, wspiera detoksykacj\u0119 organizmu, dostarcza energii i poprawia og\u00f3lne samopoczucie.<\/li>\n<\/ul>\n<\/li>\n<li><strong>Spirulina<\/strong>\n<ul>\n<li><strong>Dzia\u0142anie<\/strong>: Spirulina jest bogata w bia\u0142ko, witaminy i minera\u0142y. Ma w\u0142a\u015bciwo\u015bci przeciwzapalne i wspiera uk\u0142ad odporno\u015bciowy.<\/li>\n<li><strong>Korzy\u015bci<\/strong>: Pomaga w usuwaniu metali ci\u0119\u017ckich z organizmu, wspiera zdrowie w\u0105troby, poprawia metabolizm i dodaje energii.<\/li>\n<\/ul>\n<\/li>\n<li><strong>Ekstrakt z owoc\u00f3w opuncji figowej<\/strong>\n<ul>\n<li><strong>Dzia\u0142anie<\/strong>: Opuncja figowa jest znana ze swoich w\u0142a\u015bciwo\u015bci diuretycznych i detoksykacyjnych. Pomaga w regulacji poziomu cukru we krwi i cholesterolu.<\/li>\n<li><strong>Korzy\u015bci<\/strong>: Wspomaga usuwanie nadmiaru wody z organizmu, co przyczynia si\u0119 do redukcji obrz\u0119k\u00f3w, wspiera zdrowie serca i uk\u0142adu kr\u0105\u017cenia.<\/li>\n<\/ul>\n<\/li>\n<li><strong>Ekstrakt z owoc\u00f3w aceroli<\/strong>\n<ul>\n<li><strong>Dzia\u0142anie<\/strong>: Acerola jest bogata w witamin\u0119 C i antyoksydanty. Wzmacnia uk\u0142ad odporno\u015bciowy i wspiera produkcj\u0119 kolagenu.<\/li>\n<li><strong>Korzy\u015bci<\/strong>: Poprawia stan sk\u00f3ry, wspomaga zdrowie uk\u0142adu odporno\u015bciowego, wspiera procesy detoksykacji organizmu.<\/li>\n<\/ul>\n<\/li>\n<\/ol>\n<h2>Efekty Matcha Extreme i ich charakterystyka<\/h2>\n<p>Stosowanie Matcha Extreme przynosi szereg pozytywnych efekt\u00f3w, kt\u00f3re mo\u017cna zauwa\u017cy\u0107 ju\u017c po kr\u00f3tkim czasie:<\/p>\n<ul>\n<li><strong>Redukcja masy cia\u0142a<\/strong>: Dzi\u0119ki przyspieszonemu metabolizmowi i zwi\u0119kszonemu spalaniu t\u0142uszczu, mo\u017cna zauwa\u017cy\u0107 zmniejszenie masy cia\u0142a.<\/li>\n<li><strong>Detoksykacja organizmu<\/strong>: Sk\u0142adniki Matcha Extreme wspieraj\u0105 naturalne procesy oczyszczania organizmu, co przyczynia si\u0119 do lepszego samopoczucia i zdrowia.<\/li>\n<li><strong>Lepsza kontrola poziomu cukru we krwi i cholesterolu<\/strong>: Regularne stosowanie suplementu pomaga w utrzymaniu zdrowego poziomu cukru i cholesterolu, co ma korzystny wp\u0142yw na zdrowie metaboliczne.<\/li>\n<li><strong>Usuwanie nadmiaru wody z organizmu<\/strong>: Dzi\u0119ki w\u0142a\u015bciwo\u015bciom diuretycznym, Matcha Extreme pomaga w redukcji obrz\u0119k\u00f3w i uczucia ci\u0119\u017cko\u015bci.<\/li>\n<\/ul>\n<h2>Ryzyko skutk\u00f3w ubocznych<\/h2>\n<p>Matcha Extreme to suplement diety oparty na naturalnych sk\u0142adnikach, co sprawia, \u017ce ryzyko wyst\u0105pienia skutk\u00f3w ubocznych jest minimalne. Sk\u0142adniki takie jak matcha, spirulina, opuncja figowa i acerola s\u0105 dobrze tolerowane przez wi\u0119kszo\u015b\u0107 os\u00f3b. Niemniej jednak, jak ka\u017cdy suplement, mo\u017ce on wywo\u0142a\u0107 reakcje alergiczne u os\u00f3b uczulonych na kt\u00f3rykolwiek ze sk\u0142adnik\u00f3w. Przed rozpocz\u0119ciem stosowania Matcha Extreme warto skonsultowa\u0107 si\u0119 z lekarzem, zw\u0142aszcza je\u015bli mamy istniej\u0105ce schorzenia lub przyjmujemy inne leki.<\/p>\n<p>Matcha Extreme to innowacyjny suplement diety, kt\u00f3ry dzi\u0119ki zawarto\u015bci naturalnych sk\u0142adnik\u00f3w wspomaga kontrol\u0119 masy cia\u0142a, detoksykacj\u0119 organizmu, regulacj\u0119 poziomu cukru we krwi i cholesterolu oraz usuwanie nadmiaru wody z organizmu. Jego skuteczno\u015b\u0107 opiera si\u0119 na dzia\u0142aniu proszku z li\u015bci zielonej herbaty matcha, spiruliny, ekstraktu z owoc\u00f3w opuncji figowej oraz ekstraktu z owoc\u00f3w aceroli. Dzi\u0119ki minimalnemu ryzyku skutk\u00f3w ubocznych, Matcha Extreme stanowi bezpieczn\u0105 i efektywn\u0105 pomoc w d\u0105\u017ceniu do zdrowia i dobrej kondycji.<\/p>\n<p style=\"text-align: center;\"><a href=\"https:\/\/nplink.net\/6h5z54on\"><button>www.matcha-extreme.pl<\/button><\/a><\/p>\n<\/div>\n<\/div>\n<\/div>\n<\/div>\n<\/div>\n<\/div>\n<\/div>\n<\/div>\n<\/div>\n<div class=\"w-full text-token-text-primary\" dir=\"auto\" data-testid=\"conversation-turn-5\" data-scroll-anchor=\"true\">\n<div class=\"py-2 juice:py-[18px] px-3 text-base md:px-4 m-auto md:px-5 lg:px-1 xl:px-5\">\n<div class=\"mx-auto flex flex-1 gap-3 text-base juice:gap-4 juice:md:gap-5 juice:lg:gap-6 md:max-w-3xl lg:max-w-[40rem] xl:max-w-[48rem]\">\n<div class=\"group\/conversation-turn relative flex w-full min-w-0 flex-col agent-turn\">\n<div class=\"flex-col gap-1 md:gap-3\">\n<div class=\"flex flex-grow flex-col max-w-full\">\n<div class=\"min-h-[20px] text-message flex flex-col items-start whitespace-pre-wrap break-words [.text-message+&amp;]:mt-5 juice:w-full juice:items-end overflow-x-auto gap-2\" dir=\"auto\" data-message-author-role=\"assistant\" data-message-id=\"1176ef93-f081-4a8e-8625-c9561dc030ef\">\n<div class=\"flex w-full flex-col gap-1 juice:empty:hidden juice:first:pt-[3px]\">\n<div class=\"markdown prose w-full break-words dark:prose-invert light\">\n<h2>Opinie klient\u00f3w \u043e Matcha Extreme: fora po\u015bwi\u0119cone zdrowiu<\/h2>\n<p>W Polsce fora internetowe po\u015bwi\u0119cone zdrowiu i suplementacji zyskuj\u0105 coraz wi\u0119ksz\u0105 popularno\u015b\u0107. U\u017cytkownicy dziel\u0105 si\u0119 swoimi do\u015bwiadczeniami, poszukuj\u0105 porad i rekomendacji dotycz\u0105cych r\u00f3\u017cnych produkt\u00f3w. W\u015br\u00f3d nich Matcha Extreme zdobywa coraz wi\u0119ksze uznanie, co znajduje odzwierciedlenie w licznych pozytywnych opiniach. Wi\u0119kszo\u015b\u0107 u\u017cytkownik\u00f3w podkre\u015bla skuteczno\u015b\u0107 dzia\u0142ania suplementu, jego naturalny sk\u0142ad oraz dost\u0119pno\u015b\u0107.<\/p>\n<ul>\n<li><strong>Anna z Warszawy<\/strong>: &#8222;U\u017cywam Matcha Extreme od trzech miesi\u0119cy i zauwa\u017cy\u0142am znaczn\u0105 popraw\u0119 w mojej wadze oraz samopoczuciu. Herbata smakuje \u015bwietnie, a efekt jest naprawd\u0119 zadowalaj\u0105cy. Dodatkowo, cieszy mnie, \u017ce produkt jest naturalny i nie wywo\u0142uje skutk\u00f3w ubocznych.&#8221;<\/li>\n<li><strong>Marek z Krakowa<\/strong>: &#8222;Zdecydowa\u0142em si\u0119 na Matcha Extreme po przeczytaniu wielu pozytywnych opinii w internecie. Musz\u0119 przyzna\u0107, \u017ce produkt spe\u0142ni\u0142 moje oczekiwania. Czuj\u0119 si\u0119 l\u017cejszy, a m\u00f3j poziom energii zdecydowanie wzr\u00f3s\u0142. Polecam ka\u017cdemu, kto chce naturalnie wspom\u00f3c swoj\u0105 diet\u0119 i zdrowie.&#8221;<\/li>\n<\/ul>\n<h2>Spos\u00f3b podawania i dawkowanie<\/h2>\n<p>Stosowanie Matcha Extreme jest proste i wygodne. Zalecana dzienna dawka to jedna \u0142y\u017ceczka proszku rozpuszczona w gor\u0105cej wodzie, mleku lub soku. Suplement mo\u017cna spo\u017cywa\u0107 o dowolnej porze dnia, jednak najlepiej jest to robi\u0107 rano lub przed po\u0142udniem, aby maksymalnie wykorzysta\u0107 jego w\u0142a\u015bciwo\u015bci energetyzuj\u0105ce. Regularne stosowanie zgodnie z zaleceniami producenta przynosi najlepsze efekty.<\/p>\n<h2>Kup teraz Matcha Extreme z dostaw\u0105<\/h2>\n<p>Zakup Matcha Extreme jest \u0142atwy i wygodny. Mo\u017cna to zrobi\u0107 online na oficjalnej stronie producenta. Nie ma potrzeby wcze\u015bniejszej p\u0142atno\u015bci \u2013 op\u0142ata jest pobierana dopiero przy odbiorze, co daje pewno\u015b\u0107, \u017ce otrzymasz oryginalny produkt bez ryzyka. Dostawa na terenie Polski trwa zazwyczaj 3-4 dni robocze. Po z\u0142o\u017ceniu zam\u00f3wienia skontaktuje si\u0119 z Tob\u0105 specjalista, kt\u00f3ry potwierdzi zam\u00f3wienie, doradzi w kwestii dawkowania oraz poinformuje o ewentualnych promocjach.<\/p>\n<h2>Por\u00f3wnanie ofert: ceny i dost\u0119pno\u015b\u0107 Matcha Extreme<\/h2>\n<p>Producent Matcha Extreme dba o to, aby produkt by\u0142 dost\u0119pny dla szerokiego grona klient\u00f3w. Suplement mo\u017cna kupi\u0107 bezpo\u015brednio na oficjalnej stronie internetowej producenta, co eliminuje koszty po\u015brednik\u00f3w i dodatkowe mar\u017ce. Dzi\u0119ki temu cena jest konkurencyjna, a kupuj\u0105cy mog\u0105 mie\u0107 pewno\u015b\u0107, \u017ce nabywaj\u0105 oryginalny produkt. Regularnie na stronie producenta pojawiaj\u0105 si\u0119 atrakcyjne oferty i promocje, dlatego warto sprawdza\u0107 aktualne rabaty. Matcha Extreme nie jest dost\u0119pny w stacjonarnych aptekach, co pozwala utrzyma\u0107 ni\u017csze ceny i bezpo\u015bredni kontakt z klientem.<\/p>\n<p style=\"text-align: center;\"><a href=\"https:\/\/nplink.net\/6h5z54on\"><button>Zakup na stronie producenta (-50%)<\/button><\/a><\/p>\n<p>Matcha Extreme to skuteczny i naturalny suplement diety, kt\u00f3ry cieszy si\u0119 rosn\u0105c\u0105 popularno\u015bci\u0105 w\u015br\u00f3d u\u017cytkownik\u00f3w. Liczne pozytywne opinie, \u0142atwo\u015b\u0107 zakupu oraz konkurencyjne ceny sprawiaj\u0105, \u017ce jest to produkt godny polecenia. Dzi\u0119ki wygodnemu systemowi zamawiania i szybkiej dostawie, ka\u017cdy mo\u017ce cieszy\u0107 si\u0119 korzy\u015bciami, jakie niesie ze sob\u0105 regularne spo\u017cywanie Matcha Extreme.<\/p>\n<\/div>\n<\/div>\n<\/div>\n<\/div>\n<\/div>\n<\/div>\n<\/div>\n<\/div>\n<\/div>\n","protected":false},"excerpt":{"rendered":"<p style=\"text-align: center;\"><a href=\"https:\/\/nplink.net\/6h5z54on\"><button>Kup teraz<\/button><\/a><\/p>\n<p>SKU:\u00a0<span class=\"sku\">789.005.526<\/span><\/p>\n<hr \/>\n<p><small>Produkt sprzedawany jest wy\u0142\u0105cznie za po\u015brednictwem oficjalnej strony producenta, id\u017a i kupuj bezpiecznie!<\/small><\/p>\n","protected":false},"featured_media":973,"comment_status":"open","ping_status":"closed","template":"","meta":[],"product_brand":[],"product_cat":[15],"product_tag":[],"class_list":{"0":"post-972","1":"product","2":"type-product","3":"status-publish","4":"has-post-thumbnail","6":"product_cat-supl","7":"thunk-woo-product-list","8":"opn-qv-enable","9":"top-store-woo-hover-","10":"top-store-single-product-tab-horizontal","11":"top-store-shadow-","12":"top-store-shadow-hover-","14":"first","15":"instock","16":"shipping-taxable","17":"purchasable","18":"product-type-simple"},"yoast_head":"<!-- This site is optimized with the Yoast SEO plugin v27.4 - https:\/\/yoast.com\/product\/yoast-seo-wordpress\/ -->\n<title>Matcha Extreme - kup suplement, cena w aptece, sk\u0142ad, dzia\u0142anie<\/title>\n<meta name=\"robots\" content=\"index, follow, max-snippet:-1, max-image-preview:large, max-video-preview:-1\" \/>\n<link rel=\"canonical\" href=\"https:\/\/lekarzeopole.pl\/wordpress\/product\/matcha-extreme\/\" \/>\n<meta property=\"og:locale\" content=\"pl_PL\" \/>\n<meta property=\"og:type\" content=\"article\" \/>\n<meta property=\"og:title\" content=\"Matcha Extreme - kup suplement, cena w aptece, sk\u0142ad, dzia\u0142anie\" \/>\n<meta property=\"og:description\" content=\"Kup teraz SKU:\u00a0789.005.526    Produkt sprzedawany jest wy\u0142\u0105cznie za po\u015brednictwem oficjalnej strony producenta, id\u017a i kupuj bezpiecznie!\" \/>\n<meta property=\"og:url\" content=\"https:\/\/lekarzeopole.pl\/wordpress\/product\/matcha-extreme\/\" \/>\n<meta property=\"og:site_name\" content=\"Lekarze Opole\" \/>\n<meta property=\"article:modified_time\" content=\"2024-07-08T10:37:44+00:00\" \/>\n<meta property=\"og:image\" content=\"https:\/\/lekarzeopole.pl\/wordpress\/wp-content\/uploads\/2024\/07\/matcha-extreme2.jpg\" \/>\n\t<meta property=\"og:image:width\" content=\"960\" \/>\n\t<meta property=\"og:image:height\" content=\"645\" \/>\n\t<meta property=\"og:image:type\" content=\"image\/jpeg\" \/>\n<meta name=\"twitter:card\" content=\"summary_large_image\" \/>\n<meta name=\"twitter:label1\" content=\"Szacowany czas czytania\" \/>\n\t<meta name=\"twitter:data1\" content=\"7 minut\" \/>\n<script type=\"application\/ld+json\" class=\"yoast-schema-graph\">{\"@context\":\"https:\\\/\\\/schema.org\",\"@graph\":[{\"@type\":\"WebPage\",\"@id\":\"https:\\\/\\\/lekarzeopole.pl\\\/wordpress\\\/product\\\/matcha-extreme\\\/\",\"url\":\"https:\\\/\\\/lekarzeopole.pl\\\/wordpress\\\/product\\\/matcha-extreme\\\/\",\"name\":\"Matcha Extreme - kup suplement, cena w aptece, sk\u0142ad, dzia\u0142anie\",\"isPartOf\":{\"@id\":\"https:\\\/\\\/lekarzeopole.pl\\\/wordpress\\\/#website\"},\"primaryImageOfPage\":{\"@id\":\"https:\\\/\\\/lekarzeopole.pl\\\/wordpress\\\/product\\\/matcha-extreme\\\/#primaryimage\"},\"image\":{\"@id\":\"https:\\\/\\\/lekarzeopole.pl\\\/wordpress\\\/product\\\/matcha-extreme\\\/#primaryimage\"},\"thumbnailUrl\":\"https:\\\/\\\/lekarzeopole.pl\\\/wordpress\\\/wp-content\\\/uploads\\\/2024\\\/07\\\/matcha-extreme2.jpg\",\"datePublished\":\"2024-07-08T10:37:43+00:00\",\"dateModified\":\"2024-07-08T10:37:44+00:00\",\"breadcrumb\":{\"@id\":\"https:\\\/\\\/lekarzeopole.pl\\\/wordpress\\\/product\\\/matcha-extreme\\\/#breadcrumb\"},\"inLanguage\":\"pl-PL\",\"potentialAction\":[{\"@type\":\"ReadAction\",\"target\":[\"https:\\\/\\\/lekarzeopole.pl\\\/wordpress\\\/product\\\/matcha-extreme\\\/\"]}]},{\"@type\":\"ImageObject\",\"inLanguage\":\"pl-PL\",\"@id\":\"https:\\\/\\\/lekarzeopole.pl\\\/wordpress\\\/product\\\/matcha-extreme\\\/#primaryimage\",\"url\":\"https:\\\/\\\/lekarzeopole.pl\\\/wordpress\\\/wp-content\\\/uploads\\\/2024\\\/07\\\/matcha-extreme2.jpg\",\"contentUrl\":\"https:\\\/\\\/lekarzeopole.pl\\\/wordpress\\\/wp-content\\\/uploads\\\/2024\\\/07\\\/matcha-extreme2.jpg\",\"width\":960,\"height\":645,\"caption\":\"Matcha Extreme\"},{\"@type\":\"BreadcrumbList\",\"@id\":\"https:\\\/\\\/lekarzeopole.pl\\\/wordpress\\\/product\\\/matcha-extreme\\\/#breadcrumb\",\"itemListElement\":[{\"@type\":\"ListItem\",\"position\":1,\"name\":\"\u0413\u043b\u0430\u0432\u043d\u0430\u044f \u0441\u0442\u0440\u0430\u043d\u0438\u0446\u0430\",\"item\":\"https:\\\/\\\/lekarzeopole.pl\\\/wordpress\\\/\"},{\"@type\":\"ListItem\",\"position\":2,\"name\":\"Zakup\",\"item\":\"https:\\\/\\\/lekarzeopole.pl\\\/wordpress\\\/\"},{\"@type\":\"ListItem\",\"position\":3,\"name\":\"Matcha Extreme\"}]},{\"@type\":\"WebSite\",\"@id\":\"https:\\\/\\\/lekarzeopole.pl\\\/wordpress\\\/#website\",\"url\":\"https:\\\/\\\/lekarzeopole.pl\\\/wordpress\\\/\",\"name\":\"Lekarze Opole\",\"description\":\"\",\"potentialAction\":[{\"@type\":\"SearchAction\",\"target\":{\"@type\":\"EntryPoint\",\"urlTemplate\":\"https:\\\/\\\/lekarzeopole.pl\\\/wordpress\\\/?s={search_term_string}\"},\"query-input\":{\"@type\":\"PropertyValueSpecification\",\"valueRequired\":true,\"valueName\":\"search_term_string\"}}],\"inLanguage\":\"pl-PL\"}]}<\/script>\n<!-- \/ Yoast SEO plugin. -->","yoast_head_json":{"title":"Matcha Extreme - kup suplement, cena w aptece, sk\u0142ad, dzia\u0142anie","robots":{"index":"index","follow":"follow","max-snippet":"max-snippet:-1","max-image-preview":"max-image-preview:large","max-video-preview":"max-video-preview:-1"},"canonical":"https:\/\/lekarzeopole.pl\/wordpress\/product\/matcha-extreme\/","og_locale":"pl_PL","og_type":"article","og_title":"Matcha Extreme - kup suplement, cena w aptece, sk\u0142ad, dzia\u0142anie","og_description":"Kup teraz SKU:\u00a0789.005.526    Produkt sprzedawany jest wy\u0142\u0105cznie za po\u015brednictwem oficjalnej strony producenta, id\u017a i kupuj bezpiecznie!","og_url":"https:\/\/lekarzeopole.pl\/wordpress\/product\/matcha-extreme\/","og_site_name":"Lekarze Opole","article_modified_time":"2024-07-08T10:37:44+00:00","og_image":[{"width":960,"height":645,"url":"https:\/\/lekarzeopole.pl\/wordpress\/wp-content\/uploads\/2024\/07\/matcha-extreme2.jpg","type":"image\/jpeg"}],"twitter_card":"summary_large_image","twitter_misc":{"Szacowany czas czytania":"7 minut"},"schema":{"@context":"https:\/\/schema.org","@graph":[{"@type":"WebPage","@id":"https:\/\/lekarzeopole.pl\/wordpress\/product\/matcha-extreme\/","url":"https:\/\/lekarzeopole.pl\/wordpress\/product\/matcha-extreme\/","name":"Matcha Extreme - kup suplement, cena w aptece, sk\u0142ad, dzia\u0142anie","isPartOf":{"@id":"https:\/\/lekarzeopole.pl\/wordpress\/#website"},"primaryImageOfPage":{"@id":"https:\/\/lekarzeopole.pl\/wordpress\/product\/matcha-extreme\/#primaryimage"},"image":{"@id":"https:\/\/lekarzeopole.pl\/wordpress\/product\/matcha-extreme\/#primaryimage"},"thumbnailUrl":"https:\/\/lekarzeopole.pl\/wordpress\/wp-content\/uploads\/2024\/07\/matcha-extreme2.jpg","datePublished":"2024-07-08T10:37:43+00:00","dateModified":"2024-07-08T10:37:44+00:00","breadcrumb":{"@id":"https:\/\/lekarzeopole.pl\/wordpress\/product\/matcha-extreme\/#breadcrumb"},"inLanguage":"pl-PL","potentialAction":[{"@type":"ReadAction","target":["https:\/\/lekarzeopole.pl\/wordpress\/product\/matcha-extreme\/"]}]},{"@type":"ImageObject","inLanguage":"pl-PL","@id":"https:\/\/lekarzeopole.pl\/wordpress\/product\/matcha-extreme\/#primaryimage","url":"https:\/\/lekarzeopole.pl\/wordpress\/wp-content\/uploads\/2024\/07\/matcha-extreme2.jpg","contentUrl":"https:\/\/lekarzeopole.pl\/wordpress\/wp-content\/uploads\/2024\/07\/matcha-extreme2.jpg","width":960,"height":645,"caption":"Matcha Extreme"},{"@type":"BreadcrumbList","@id":"https:\/\/lekarzeopole.pl\/wordpress\/product\/matcha-extreme\/#breadcrumb","itemListElement":[{"@type":"ListItem","position":1,"name":"\u0413\u043b\u0430\u0432\u043d\u0430\u044f \u0441\u0442\u0440\u0430\u043d\u0438\u0446\u0430","item":"https:\/\/lekarzeopole.pl\/wordpress\/"},{"@type":"ListItem","position":2,"name":"Zakup","item":"https:\/\/lekarzeopole.pl\/wordpress\/"},{"@type":"ListItem","position":3,"name":"Matcha Extreme"}]},{"@type":"WebSite","@id":"https:\/\/lekarzeopole.pl\/wordpress\/#website","url":"https:\/\/lekarzeopole.pl\/wordpress\/","name":"Lekarze Opole","description":"","potentialAction":[{"@type":"SearchAction","target":{"@type":"EntryPoint","urlTemplate":"https:\/\/lekarzeopole.pl\/wordpress\/?s={search_term_string}"},"query-input":{"@type":"PropertyValueSpecification","valueRequired":true,"valueName":"search_term_string"}}],"inLanguage":"pl-PL"}]}},"_links":{"self":[{"href":"https:\/\/lekarzeopole.pl\/wordpress\/wp-json\/wp\/v2\/product\/972","targetHints":{"allow":["GET"]}}],"collection":[{"href":"https:\/\/lekarzeopole.pl\/wordpress\/wp-json\/wp\/v2\/product"}],"about":[{"href":"https:\/\/lekarzeopole.pl\/wordpress\/wp-json\/wp\/v2\/types\/product"}],"replies":[{"embeddable":true,"href":"https:\/\/lekarzeopole.pl\/wordpress\/wp-json\/wp\/v2\/comments?post=972"}],"wp:featuredmedia":[{"embeddable":true,"href":"https:\/\/lekarzeopole.pl\/wordpress\/wp-json\/wp\/v2\/media\/973"}],"wp:attachment":[{"href":"https:\/\/lekarzeopole.pl\/wordpress\/wp-json\/wp\/v2\/media?parent=972"}],"wp:term":[{"taxonomy":"product_brand","embeddable":true,"href":"https:\/\/lekarzeopole.pl\/wordpress\/wp-json\/wp\/v2\/product_brand?post=972"},{"taxonomy":"product_cat","embeddable":true,"href":"https:\/\/lekarzeopole.pl\/wordpress\/wp-json\/wp\/v2\/product_cat?post=972"},{"taxonomy":"product_tag","embeddable":true,"href":"https:\/\/lekarzeopole.pl\/wordpress\/wp-json\/wp\/v2\/product_tag?post=972"}],"curies":[{"name":"wp","href":"https:\/\/api.w.org\/{rel}","templated":true}]}}