{"id":97,"date":"2024-02-02T10:03:22","date_gmt":"2024-02-02T10:03:22","guid":{"rendered":"https:\/\/lekarzeopole.pl\/wordpress\/?post_type=product&#038;p=97"},"modified":"2025-09-24T11:09:45","modified_gmt":"2025-09-24T11:09:45","slug":"acustal","status":"publish","type":"product","link":"https:\/\/lekarzeopole.pl\/wordpress\/product\/acustal\/","title":{"rendered":"Acustal"},"content":{"rendered":"<div class=\"w-full text-token-text-primary\" data-testid=\"conversation-turn-2\">\n<div class=\"px-4 py-2 justify-center text-base md:gap-6 m-auto\">\n<div class=\"flex flex-1 text-base mx-auto gap-3 md:px-5 lg:px-1 xl:px-5 md:max-w-3xl lg:max-w-[40rem] xl:max-w-[48rem] group\">\n<div class=\"relative flex w-full flex-col lg:w-[calc(100%-115px)] agent-turn\">\n<div class=\"flex-col gap-1 md:gap-3\">\n<div class=\"flex flex-grow flex-col max-w-full\">\n<div class=\"text-message flex flex-col items-start gap-3 whitespace-pre-wrap break-words [.text-message+&amp;]:mt-5 overflow-x-auto\" data-message-author-role=\"assistant\" data-message-id=\"70aa7229-d162-4002-bba9-effec121def7\">\n<div class=\"markdown prose w-full break-words dark:prose-invert light\">\n<p>Acustal to innowacyjny preparat, kt\u00f3ry zdobywa coraz wi\u0119ksz\u0105 popularno\u015b\u0107 w\u015br\u00f3d os\u00f3b dbaj\u0105cych o higien\u0119 i zdrowie swoich uszu. Ten unikalny spray dzia\u0142a wielop\u0142aszczyznowo, zapewniaj\u0105c kompleksow\u0105 opiek\u0119 nad higien\u0105 uszu, a tak\u017ce pomagaj\u0105c w \u0142agodzeniu dolegliwo\u015bci zwi\u0105zanych z b\u00f3lem czy stanami zapalnymi. Dzi\u0119ki naturalnemu sk\u0142adowi Acustal jest bezpieczny i skuteczny. W tej artykule przyjrzymy si\u0119 bli\u017cej temu niezwyk\u0142emu produktowi.<\/p>\n<h2>Wskazania do stosowania Acustal<\/h2>\n<table style=\"height: 356px;\" width=\"933\">\n<thead>\n<tr>\n<th><strong>Wskazania<\/strong><\/th>\n<th><strong>Opis<\/strong><\/th>\n<\/tr>\n<\/thead>\n<tbody>\n<tr>\n<td>Higiena uszu<\/td>\n<td>Doskona\u0142y spos\u00f3b na utrzymanie czysto\u015bci i higieny uszu. Mo\u017ce by\u0107 stosowany profilaktycznie.<\/td>\n<\/tr>\n<tr>\n<td>Redukcja uczucia zatkanego ucha<\/td>\n<td>Pomaga pozby\u0107 si\u0119 uczucia zatkanego ucha, spowodowanego nagromadzeniem si\u0119 woskowiny.<\/td>\n<\/tr>\n<tr>\n<td>Zapobieganie nadmiernemu woskowaceniu<\/td>\n<td>Skutecznie zapobiega nadmiernemu woskowaceniu uszu, szczeg\u00f3lnie u os\u00f3b predysponowanych.<\/td>\n<\/tr>\n<tr>\n<td>Ochrona przed infekcjami<\/td>\n<td>Dzia\u0142a antybakteryjnie, chroni\u0105c uszy przed infekcjami i stanami zapalnymi.<\/td>\n<\/tr>\n<tr>\n<td>Redukcja dolegliwo\u015bci zwi\u0105zanych z b\u00f3lem<\/td>\n<td>Pomaga w \u0142agodzeniu b\u00f3lu usznego, zw\u0142aszcza zwi\u0105zanego z zatkanym uchem lub stanem zapalnym.<\/td>\n<\/tr>\n<tr>\n<td>Pomoc w przypadku cerumenolizy<\/td>\n<td>Stosowany jako element terapii w przypadku cerumenolizy, czyli usuwania zalegaj\u0105cej woskowiny.<\/td>\n<\/tr>\n<\/tbody>\n<\/table>\n<h2>Opis Acustal<\/h2>\n<p>Acustal to spray, kt\u00f3ry zosta\u0142 stworzony z my\u015bl\u0105 o kompleksowej opiece nad higien\u0105 i zdrowiem uszu. Jego innowacyjna formu\u0142a opiera si\u0119 na naturalnych sk\u0142adnikach, co czyni go nie tylko skutecznym, ale r\u00f3wnie\u017c bezpiecznym dla u\u017cytkowania. Preparat jest \u0142atwy w u\u017cyciu, a jego aplikacja nie sprawia \u017cadnych trudno\u015bci.<\/p>\n<h2>Sk\u0142ad i dzia\u0142anie sk\u0142adnik\u00f3w Acustal<\/h2>\n<p>Skuteczno\u015b\u0107 Acustal wynika przede wszystkim z unikalnego sk\u0142adu, opartego na naturalnych substancjach aktywnych. G\u0142\u00f3wne sk\u0142adniki to:<\/p>\n<ol>\n<li><strong>Ekstrakt z lawendy<\/strong> &#8211; posiada w\u0142a\u015bciwo\u015bci antybakteryjne i przeciwzapalne, co sprawia, \u017ce chroni uszy przed infekcjami i stanami zapalnymi.<\/li>\n<li><strong>Oliwa z oliwek<\/strong> &#8211; dzia\u0142a nawil\u017caj\u0105co i \u0142agodz\u0105co, co pomaga w \u0142agodzeniu dolegliwo\u015bci zwi\u0105zanych z b\u00f3lem usznym.<\/li>\n<li><strong>Ekstrakt z rumianku<\/strong> &#8211; ma dzia\u0142anie przeciwzapalne i przeciwb\u00f3lowe, co wspomaga redukcj\u0119 b\u00f3lu i stan\u00f3w zapalnych.<\/li>\n<li><strong>Woda morska<\/strong> &#8211; pomaga w rozmi\u0119kczeniu i usuni\u0119ciu zalegaj\u0105cej woskowiny, co jest istotne w przypadku cerumenolizy.<\/li>\n<\/ol>\n<p style=\"text-align: center;\"><a href=\"https:\/\/mandarv.com\/RJtS?sub1=sub1&amp;sub2=sub2&amp;sub3=sub3&amp;sub4=sub4&amp;sub5=sub5\"><button>www.acustal.pl<\/button><\/a><\/p>\n<h2>Efekty Acustal i ich charakterystyka<\/h2>\n<p>Stosowanie Acustal przynosi wiele korzy\u015bci dla zdrowia uszu. Oto g\u0142\u00f3wne efekty i ich charakterystyka:<\/p>\n<ul>\n<li><strong>Higiena uszu<\/strong>: Acustal to doskona\u0142y spos\u00f3b na utrzymanie higieny uszu. Mo\u017ce by\u0107 stosowany zar\u00f3wno profilaktycznie, jak i w celu oczyszczenia uszu z nagromadzonej woskowiny.<\/li>\n<li><strong>Redukcja uczucia zatkanego ucha<\/strong>: Acustal pomaga pozby\u0107 si\u0119 uczucia zatkanego ucha, kt\u00f3re mo\u017ce by\u0107 wynikiem gromadzenia si\u0119 woskowiny. Regularne stosowanie preparatu pomaga utrzyma\u0107 przew\u00f3d s\u0142uchowy w dobrej kondycji.<\/li>\n<li><strong>Zapobieganie nadmiernemu woskowaceniu<\/strong>: Przy pomocy Acustal mo\u017cna skutecznie zapobiega\u0107 nadmiernemu woskowaceniu uszu, co jest szczeg\u00f3lnie istotne u os\u00f3b, kt\u00f3re maj\u0105 predyspozycje do tego typu problem\u00f3w.<\/li>\n<li><strong>Ochrona przed infekcjami<\/strong>: Preparat dzia\u0142a r\u00f3wnie\u017c antybakteryjnie, co oznacza, \u017ce chroni uszy przed infekcjami i stanami zapalnymi.<\/li>\n<li><strong>Redukcja dolegliwo\u015bci zwi\u0105zanych z b\u00f3lem<\/strong>: Acustal mo\u017ce pom\u00f3c w \u0142agodzeniu b\u00f3lu usznego, szczeg\u00f3lnie gdy jest on zwi\u0105zany z zatkanym uchem lub stanem zapalnym.<\/li>\n<li><strong>Pomoc w przypadku cerumenolizy<\/strong>: Acustal mo\u017ce by\u0107 r\u00f3wnie\u017c stosowany jako element terapii w przypadku cerumenolizy, czyli rozmi\u0119kczenia i usuni\u0119cia zalegaj\u0105cej woskowiny.<\/li>\n<\/ul>\n<h2>Ryzyko skutk\u00f3w ubocznych<\/h2>\n<p>Dzi\u0119ki naturalnemu sk\u0142adowi Acustal, ryzyko wyst\u0105pienia skutk\u00f3w ubocznych jest minimalne. Preparat nie zawiera substancji chemicznych, kt\u00f3re mog\u0142yby wywo\u0142a\u0107 niepo\u017c\u0105dane reakcje alergiczne czy podra\u017cnienia sk\u00f3ry. Jest to wi\u0119c bezpieczna opcja dla os\u00f3b w ka\u017cdym wieku.<\/p>\n<h2>Opinie klient\u00f3w o Acustal: fora po\u015bwi\u0119cone zdrowiu<\/h2>\n<p>W Polsce, fora internetowe po\u015bwi\u0119cone zdrowiu zyskuj\u0105 coraz wi\u0119ksz\u0105 popularno\u015b\u0107. Coraz wi\u0119cej os\u00f3b poszukuje informacji na temat naturalnych i skutecznych produkt\u00f3w do piel\u0119gnacji, w tym preparat\u00f3w do higieny uszu. Acustal zdobywa tam coraz wi\u0119cej pozytywnych opinii.<\/p>\n<p>Klienci, kt\u00f3rzy korzystaj\u0105 z Acustal, ch\u0119tnie dziel\u0105 si\u0119 swoimi do\u015bwiadczeniami na tych forum. W wi\u0119kszo\u015bci przypadk\u00f3w opisuj\u0105 pozytywny wp\u0142yw preparatu na higien\u0119 i zdrowie uszu. Dzi\u0119ki swojemu naturalnemu sk\u0142adowi, Acustal zdobywa zaufanie u\u017cytkownik\u00f3w, kt\u00f3rzy doceniaj\u0105 jego skuteczno\u015b\u0107 i dost\u0119pno\u015b\u0107.<\/p>\n<p>Acustal to innowacyjny spray do higieny uszu, kt\u00f3ry oferuje kompleksow\u0105 opiek\u0119 nad tym delikatnym obszarem naszego cia\u0142a. Dzi\u0119ki naturalnemu sk\u0142adowi i skuteczno\u015bci dzia\u0142ania zyskuje coraz wi\u0119ksz\u0105 popularno\u015b\u0107 w Polsce. Bezpieczny i \u0142atwy w u\u017cyciu, Acustal to doskona\u0142y wyb\u00f3r dla os\u00f3b dbaj\u0105cych o zdrowie swoich uszu.<\/p>\n<\/div>\n<\/div>\n<\/div>\n<\/div>\n<\/div>\n<\/div>\n<\/div>\n<\/div>\n<div class=\"w-full text-token-text-primary\" data-testid=\"conversation-turn-4\">\n<div class=\"px-4 py-2 justify-center text-base md:gap-6 m-auto\">\n<div class=\"flex flex-1 text-base mx-auto gap-3 md:px-5 lg:px-1 xl:px-5 md:max-w-3xl lg:max-w-[40rem] xl:max-w-[48rem] group final-completion\">\n<div class=\"relative flex w-full flex-col lg:w-[calc(100%-115px)] agent-turn\">\n<div class=\"flex-col gap-1 md:gap-3\">\n<div class=\"flex flex-grow flex-col max-w-full\">\n<div class=\"min-h-[20px] text-message flex flex-col items-start gap-3 whitespace-pre-wrap break-words [.text-message+&amp;]:mt-5 overflow-x-auto\" data-message-author-role=\"assistant\" data-message-id=\"93466285-ddec-4cb4-a354-b57f198d18de\">\n<div class=\"markdown prose w-full break-words dark:prose-invert light\">\n<h2>Ulotka do\u0142\u0105czona do Acustal<\/h2>\n<p>Ulotka do\u0142\u0105czona do opakowania Acustal to wa\u017cne \u017ar\u00f3d\u0142o informacji dla u\u017cytkownik\u00f3w preparatu. Zawiera ona szczeg\u00f3\u0142owe informacje dotycz\u0105ce stosowania i sk\u0142adu produktu, co pozwala na w\u0142a\u015bciwe korzystanie z sprayu. Przed u\u017cyciem warto zapozna\u0107 si\u0119 z tre\u015bci\u0105 ulotki, aby dowiedzie\u0107 si\u0119 wi\u0119cej o w\u0142a\u015bciwo\u015bciach i zastosowaniach Acustal.<\/p>\n<h2>Wskazania i przeciwwskazania<\/h2>\n<p><strong>Wskazania do stosowania Acustal:<\/strong><\/p>\n<ul>\n<li>Higiena uszu<\/li>\n<li>Redukcja uczucia zatkanego ucha<\/li>\n<li>Zapobieganie nadmiernemu woskowaceniu<\/li>\n<li>Ochrona przed infekcjami<\/li>\n<li>Redukcja dolegliwo\u015bci zwi\u0105zanych z b\u00f3lem<\/li>\n<li>Pomoc w przypadku cerumenolizy<\/li>\n<\/ul>\n<p><strong>Przeciwwskazania:<\/strong><\/p>\n<ul>\n<li>Osoby uczulone na kt\u00f3rykolwiek ze sk\u0142adnik\u00f3w preparatu.<\/li>\n<\/ul>\n<p>Przed rozpocz\u0119ciem stosowania Acustal zawsze warto skonsultowa\u0107 si\u0119 z lekarzem, szczeg\u00f3lnie je\u015bli istniej\u0105 jakiekolwiek w\u0105tpliwo\u015bci dotycz\u0105ce bezpiecze\u0144stwa lub skuteczno\u015bci produktu.<\/p>\n<h2>Spos\u00f3b podawania i dawkowanie<\/h2>\n<p>Acustal jest \u0142atwy w u\u017cyciu. Aby skorzysta\u0107 z jego w\u0142a\u015bciwo\u015bci, nale\u017cy post\u0119powa\u0107 zgodnie z poni\u017cszymi wskaz\u00f3wkami:<\/p>\n<ol>\n<li>Przed u\u017cyciem wstrz\u0105\u015bnij opakowaniem.<\/li>\n<li>Nast\u0119pnie wlej niewielk\u0105 ilo\u015b\u0107 preparatu do ucha.<\/li>\n<li>Pozosta\u0144 w pozycji le\u017c\u0105cej przez kilka minut, aby preparat m\u00f3g\u0142 r\u00f3wnomiernie rozprowadzi\u0107 si\u0119 w uchu.<\/li>\n<li>Powt\u00f3rz czynno\u015b\u0107 w drugim uchu, je\u015bli jest to konieczne.<\/li>\n<\/ol>\n<h2>Porady od lekarzy<\/h2>\n<p>Og\u00f3lnie, dla utrzymania higieny uszu, lekarze zalecaj\u0105:<\/p>\n<ul>\n<li>Nie u\u017cywa\u0107 wacik\u00f3w lub innych przedmiot\u00f3w do czyszczenia uszu, kt\u00f3re mog\u0105 uszkodzi\u0107 b\u0142on\u0119 b\u0119benkow\u0105.<\/li>\n<li>Unika\u0107 zbyt cz\u0119stego mycia uszu, poniewa\u017c naturalna woskowina pe\u0142ni funkcj\u0119 ochronn\u0105.<\/li>\n<li>Stosowa\u0107 Acustal profilaktycznie, zw\u0142aszcza po k\u0105pieli w basenie lub morzu.<\/li>\n<\/ul>\n<p style=\"text-align: center;\"><a href=\"https:\/\/mandarv.com\/RJtS?sub1=sub1&amp;sub2=sub2&amp;sub3=sub3&amp;sub4=sub4&amp;sub5=sub5\"><button>Zakup na stronie producenta (-50%)<\/button><\/a><\/p>\n<h2>Kup teraz Acustal z dostaw\u0105<\/h2>\n<p>Je\u015bli jeste\u015b zainteresowany zakupem Acustal, to teraz mo\u017cesz to zrobi\u0107 bezpiecznie i wygodnie. Wystarczy klikn\u0105\u0107 przycisk &#8222;Kup teraz&#8221;, a nast\u0119pnie wype\u0142ni\u0107 formularz zam\u00f3wienia, podaj\u0105c jedynie swoje imi\u0119 i numer telefonu. Nie ma potrzeby p\u0142acenia z g\u00f3ry, poniewa\u017c p\u0142atno\u015b\u0107 odbywa si\u0119 przy dostawie. Dzi\u0119ki temu masz pewno\u015b\u0107, \u017ce otrzymasz oryginalny produkt, a dostawa trwa zaledwie 3-4 dni w Polsce. Dodatkowo, specjalista skontaktuje si\u0119 z Tob\u0105 telefonicznie, aby doradzi\u0107 Ci odno\u015bnie ilo\u015bci produktu i dost\u0119pno\u015bci ewentualnych promocji.<\/p>\n<h2>Por\u00f3wnanie ofert: ceny i dost\u0119pno\u015b\u0107 Acustal<\/h2>\n<p>Producent Acustal stawia na dost\u0119pno\u015b\u0107 dla klient\u00f3w, dlatego preparat mo\u017cna naby\u0107 bezpo\u015brednio na oficjalnej stronie producenta, bez po\u015brednik\u00f3w i dodatkowych op\u0142at. Dodatkowo, na stronie s\u0105 dost\u0119pne r\u00f3\u017cnego rodzaju rabaty, kt\u00f3rych aktualno\u015b\u0107 warto sprawdza\u0107 regularnie. Dlatego Acustal nie jest dost\u0119pny w sprzeda\u017cy w stacjonarnych aptekach. Kupuj\u0105c go online, mo\u017cesz mie\u0107 pewno\u015b\u0107, \u017ce otrzymasz oryginalny produkt, kt\u00f3ry zagwarantuje Ci kompleksow\u0105 opiek\u0119 nad higien\u0105 i zdrowiem uszu.<\/p>\n<\/div>\n<\/div>\n<\/div>\n<\/div>\n<\/div>\n<\/div>\n<\/div>\n<\/div>\n","protected":false},"excerpt":{"rendered":"<p style=\"text-align: center;\"><a href=\"https:\/\/mandarv.com\/RJtS?sub1=sub1&amp;sub2=sub2&amp;sub3=sub3&amp;sub4=sub4&amp;sub5=sub5\"><button>Kup teraz<\/button><\/a><\/p>\n<p>SKU: 9<span class=\"sku\">89.878.019<\/span><\/p>\n<hr \/>\n<p><small>Produkt sprzedawany jest wy\u0142\u0105cznie za po\u015brednictwem oficjalnej strony producenta, id\u017a i kupuj bezpiecznie!<\/small><\/p>\n","protected":false},"featured_media":1375,"comment_status":"open","ping_status":"closed","template":"","meta":[],"product_brand":[],"product_cat":[15],"product_tag":[],"class_list":{"0":"post-97","1":"product","2":"type-product","3":"status-publish","4":"has-post-thumbnail","6":"product_cat-supl","7":"thunk-woo-product-list","8":"opn-qv-enable","9":"top-store-woo-hover-","10":"top-store-single-product-tab-horizontal","11":"top-store-shadow-","12":"top-store-shadow-hover-","14":"first","15":"instock","16":"sale","17":"shipping-taxable","18":"purchasable","19":"product-type-simple"},"yoast_head":"<!-- This site is optimized with the Yoast SEO plugin v27.4 - https:\/\/yoast.com\/product\/yoast-seo-wordpress\/ -->\n<title>Acustal - kup suplement, cena w aptece, sk\u0142ad, dzia\u0142anie<\/title>\n<meta name=\"robots\" content=\"index, follow, max-snippet:-1, max-image-preview:large, max-video-preview:-1\" \/>\n<link rel=\"canonical\" href=\"https:\/\/lekarzeopole.pl\/wordpress\/product\/acustal\/\" \/>\n<meta property=\"og:locale\" content=\"pl_PL\" \/>\n<meta property=\"og:type\" content=\"article\" \/>\n<meta property=\"og:title\" content=\"Acustal - kup suplement, cena w aptece, sk\u0142ad, dzia\u0142anie\" \/>\n<meta property=\"og:description\" content=\"Kup teraz SKU: 989.878.019    Produkt sprzedawany jest wy\u0142\u0105cznie za po\u015brednictwem oficjalnej strony producenta, id\u017a i kupuj bezpiecznie!\" \/>\n<meta property=\"og:url\" content=\"https:\/\/lekarzeopole.pl\/wordpress\/product\/acustal\/\" \/>\n<meta property=\"og:site_name\" content=\"Lekarze Opole\" \/>\n<meta property=\"article:modified_time\" content=\"2025-09-24T11:09:45+00:00\" \/>\n<meta property=\"og:image\" content=\"https:\/\/lekarzeopole.pl\/wordpress\/wp-content\/uploads\/2024\/02\/acustal.webp\" \/>\n\t<meta property=\"og:image:width\" content=\"828\" \/>\n\t<meta property=\"og:image:height\" content=\"828\" \/>\n\t<meta property=\"og:image:type\" content=\"image\/webp\" \/>\n<meta name=\"twitter:card\" content=\"summary_large_image\" \/>\n<meta name=\"twitter:label1\" content=\"Szacowany czas czytania\" \/>\n\t<meta name=\"twitter:data1\" content=\"7 minut\" \/>\n<script type=\"application\/ld+json\" class=\"yoast-schema-graph\">{\"@context\":\"https:\\\/\\\/schema.org\",\"@graph\":[{\"@type\":\"WebPage\",\"@id\":\"https:\\\/\\\/lekarzeopole.pl\\\/wordpress\\\/product\\\/acustal\\\/\",\"url\":\"https:\\\/\\\/lekarzeopole.pl\\\/wordpress\\\/product\\\/acustal\\\/\",\"name\":\"Acustal - kup suplement, cena w aptece, sk\u0142ad, dzia\u0142anie\",\"isPartOf\":{\"@id\":\"https:\\\/\\\/lekarzeopole.pl\\\/wordpress\\\/#website\"},\"primaryImageOfPage\":{\"@id\":\"https:\\\/\\\/lekarzeopole.pl\\\/wordpress\\\/product\\\/acustal\\\/#primaryimage\"},\"image\":{\"@id\":\"https:\\\/\\\/lekarzeopole.pl\\\/wordpress\\\/product\\\/acustal\\\/#primaryimage\"},\"thumbnailUrl\":\"https:\\\/\\\/lekarzeopole.pl\\\/wordpress\\\/wp-content\\\/uploads\\\/2024\\\/02\\\/acustal.webp\",\"datePublished\":\"2024-02-02T10:03:22+00:00\",\"dateModified\":\"2025-09-24T11:09:45+00:00\",\"breadcrumb\":{\"@id\":\"https:\\\/\\\/lekarzeopole.pl\\\/wordpress\\\/product\\\/acustal\\\/#breadcrumb\"},\"inLanguage\":\"pl-PL\",\"potentialAction\":[{\"@type\":\"ReadAction\",\"target\":[\"https:\\\/\\\/lekarzeopole.pl\\\/wordpress\\\/product\\\/acustal\\\/\"]}]},{\"@type\":\"ImageObject\",\"inLanguage\":\"pl-PL\",\"@id\":\"https:\\\/\\\/lekarzeopole.pl\\\/wordpress\\\/product\\\/acustal\\\/#primaryimage\",\"url\":\"https:\\\/\\\/lekarzeopole.pl\\\/wordpress\\\/wp-content\\\/uploads\\\/2024\\\/02\\\/acustal.webp\",\"contentUrl\":\"https:\\\/\\\/lekarzeopole.pl\\\/wordpress\\\/wp-content\\\/uploads\\\/2024\\\/02\\\/acustal.webp\",\"width\":828,\"height\":828,\"caption\":\"Acustal\"},{\"@type\":\"BreadcrumbList\",\"@id\":\"https:\\\/\\\/lekarzeopole.pl\\\/wordpress\\\/product\\\/acustal\\\/#breadcrumb\",\"itemListElement\":[{\"@type\":\"ListItem\",\"position\":1,\"name\":\"\u0413\u043b\u0430\u0432\u043d\u0430\u044f \u0441\u0442\u0440\u0430\u043d\u0438\u0446\u0430\",\"item\":\"https:\\\/\\\/lekarzeopole.pl\\\/wordpress\\\/\"},{\"@type\":\"ListItem\",\"position\":2,\"name\":\"Zakup\",\"item\":\"https:\\\/\\\/lekarzeopole.pl\\\/wordpress\\\/\"},{\"@type\":\"ListItem\",\"position\":3,\"name\":\"Acustal\"}]},{\"@type\":\"WebSite\",\"@id\":\"https:\\\/\\\/lekarzeopole.pl\\\/wordpress\\\/#website\",\"url\":\"https:\\\/\\\/lekarzeopole.pl\\\/wordpress\\\/\",\"name\":\"Lekarze Opole\",\"description\":\"\",\"potentialAction\":[{\"@type\":\"SearchAction\",\"target\":{\"@type\":\"EntryPoint\",\"urlTemplate\":\"https:\\\/\\\/lekarzeopole.pl\\\/wordpress\\\/?s={search_term_string}\"},\"query-input\":{\"@type\":\"PropertyValueSpecification\",\"valueRequired\":true,\"valueName\":\"search_term_string\"}}],\"inLanguage\":\"pl-PL\"}]}<\/script>\n<!-- \/ Yoast SEO plugin. -->","yoast_head_json":{"title":"Acustal - kup suplement, cena w aptece, sk\u0142ad, dzia\u0142anie","robots":{"index":"index","follow":"follow","max-snippet":"max-snippet:-1","max-image-preview":"max-image-preview:large","max-video-preview":"max-video-preview:-1"},"canonical":"https:\/\/lekarzeopole.pl\/wordpress\/product\/acustal\/","og_locale":"pl_PL","og_type":"article","og_title":"Acustal - kup suplement, cena w aptece, sk\u0142ad, dzia\u0142anie","og_description":"Kup teraz SKU: 989.878.019    Produkt sprzedawany jest wy\u0142\u0105cznie za po\u015brednictwem oficjalnej strony producenta, id\u017a i kupuj bezpiecznie!","og_url":"https:\/\/lekarzeopole.pl\/wordpress\/product\/acustal\/","og_site_name":"Lekarze Opole","article_modified_time":"2025-09-24T11:09:45+00:00","og_image":[{"width":828,"height":828,"url":"https:\/\/lekarzeopole.pl\/wordpress\/wp-content\/uploads\/2024\/02\/acustal.webp","type":"image\/webp"}],"twitter_card":"summary_large_image","twitter_misc":{"Szacowany czas czytania":"7 minut"},"schema":{"@context":"https:\/\/schema.org","@graph":[{"@type":"WebPage","@id":"https:\/\/lekarzeopole.pl\/wordpress\/product\/acustal\/","url":"https:\/\/lekarzeopole.pl\/wordpress\/product\/acustal\/","name":"Acustal - kup suplement, cena w aptece, sk\u0142ad, dzia\u0142anie","isPartOf":{"@id":"https:\/\/lekarzeopole.pl\/wordpress\/#website"},"primaryImageOfPage":{"@id":"https:\/\/lekarzeopole.pl\/wordpress\/product\/acustal\/#primaryimage"},"image":{"@id":"https:\/\/lekarzeopole.pl\/wordpress\/product\/acustal\/#primaryimage"},"thumbnailUrl":"https:\/\/lekarzeopole.pl\/wordpress\/wp-content\/uploads\/2024\/02\/acustal.webp","datePublished":"2024-02-02T10:03:22+00:00","dateModified":"2025-09-24T11:09:45+00:00","breadcrumb":{"@id":"https:\/\/lekarzeopole.pl\/wordpress\/product\/acustal\/#breadcrumb"},"inLanguage":"pl-PL","potentialAction":[{"@type":"ReadAction","target":["https:\/\/lekarzeopole.pl\/wordpress\/product\/acustal\/"]}]},{"@type":"ImageObject","inLanguage":"pl-PL","@id":"https:\/\/lekarzeopole.pl\/wordpress\/product\/acustal\/#primaryimage","url":"https:\/\/lekarzeopole.pl\/wordpress\/wp-content\/uploads\/2024\/02\/acustal.webp","contentUrl":"https:\/\/lekarzeopole.pl\/wordpress\/wp-content\/uploads\/2024\/02\/acustal.webp","width":828,"height":828,"caption":"Acustal"},{"@type":"BreadcrumbList","@id":"https:\/\/lekarzeopole.pl\/wordpress\/product\/acustal\/#breadcrumb","itemListElement":[{"@type":"ListItem","position":1,"name":"\u0413\u043b\u0430\u0432\u043d\u0430\u044f \u0441\u0442\u0440\u0430\u043d\u0438\u0446\u0430","item":"https:\/\/lekarzeopole.pl\/wordpress\/"},{"@type":"ListItem","position":2,"name":"Zakup","item":"https:\/\/lekarzeopole.pl\/wordpress\/"},{"@type":"ListItem","position":3,"name":"Acustal"}]},{"@type":"WebSite","@id":"https:\/\/lekarzeopole.pl\/wordpress\/#website","url":"https:\/\/lekarzeopole.pl\/wordpress\/","name":"Lekarze Opole","description":"","potentialAction":[{"@type":"SearchAction","target":{"@type":"EntryPoint","urlTemplate":"https:\/\/lekarzeopole.pl\/wordpress\/?s={search_term_string}"},"query-input":{"@type":"PropertyValueSpecification","valueRequired":true,"valueName":"search_term_string"}}],"inLanguage":"pl-PL"}]}},"_links":{"self":[{"href":"https:\/\/lekarzeopole.pl\/wordpress\/wp-json\/wp\/v2\/product\/97","targetHints":{"allow":["GET"]}}],"collection":[{"href":"https:\/\/lekarzeopole.pl\/wordpress\/wp-json\/wp\/v2\/product"}],"about":[{"href":"https:\/\/lekarzeopole.pl\/wordpress\/wp-json\/wp\/v2\/types\/product"}],"replies":[{"embeddable":true,"href":"https:\/\/lekarzeopole.pl\/wordpress\/wp-json\/wp\/v2\/comments?post=97"}],"wp:featuredmedia":[{"embeddable":true,"href":"https:\/\/lekarzeopole.pl\/wordpress\/wp-json\/wp\/v2\/media\/1375"}],"wp:attachment":[{"href":"https:\/\/lekarzeopole.pl\/wordpress\/wp-json\/wp\/v2\/media?parent=97"}],"wp:term":[{"taxonomy":"product_brand","embeddable":true,"href":"https:\/\/lekarzeopole.pl\/wordpress\/wp-json\/wp\/v2\/product_brand?post=97"},{"taxonomy":"product_cat","embeddable":true,"href":"https:\/\/lekarzeopole.pl\/wordpress\/wp-json\/wp\/v2\/product_cat?post=97"},{"taxonomy":"product_tag","embeddable":true,"href":"https:\/\/lekarzeopole.pl\/wordpress\/wp-json\/wp\/v2\/product_tag?post=97"}],"curies":[{"name":"wp","href":"https:\/\/api.w.org\/{rel}","templated":true}]}}