{"id":967,"date":"2024-07-08T10:30:21","date_gmt":"2024-07-08T10:30:21","guid":{"rendered":"https:\/\/lekarzeopole.pl\/wordpress\/?post_type=product&#038;p=967"},"modified":"2024-12-12T10:43:07","modified_gmt":"2024-12-12T10:43:07","slug":"keto-side","status":"publish","type":"product","link":"https:\/\/lekarzeopole.pl\/wordpress\/product\/keto-side\/","title":{"rendered":"Keto Side"},"content":{"rendered":"<div class=\"w-full text-token-text-primary\" dir=\"auto\" data-testid=\"conversation-turn-3\" data-scroll-anchor=\"false\">\n<div class=\"py-2 juice:py-[18px] px-3 text-base md:px-4 m-auto md:px-5 lg:px-1 xl:px-5\">\n<div class=\"mx-auto flex flex-1 gap-3 text-base juice:gap-4 juice:md:gap-5 juice:lg:gap-6 md:max-w-3xl lg:max-w-[40rem] xl:max-w-[48rem]\">\n<div class=\"group\/conversation-turn relative flex w-full min-w-0 flex-col agent-turn\">\n<div class=\"flex-col gap-1 md:gap-3\">\n<div class=\"flex flex-grow flex-col max-w-full\">\n<div class=\"min-h-[20px] text-message flex flex-col items-start whitespace-pre-wrap break-words [.text-message+&amp;]:mt-5 juice:w-full juice:items-end overflow-x-auto gap-2\" dir=\"auto\" data-message-author-role=\"assistant\" data-message-id=\"06e4fd8a-8eb7-4346-927f-76a58ccd9b11\">\n<div class=\"flex w-full flex-col gap-1 juice:empty:hidden juice:first:pt-[3px]\">\n<div class=\"markdown prose w-full break-words dark:prose-invert light\">\n<p>Keto Side to innowacyjny suplement diety, kt\u00f3ry zosta\u0142 zaprojektowany, aby wspiera\u0107 proces odchudzania. Jego naturalny sk\u0142ad sprawia, \u017ce jest to idealne rozwi\u0105zanie dla os\u00f3b, kt\u00f3re chc\u0105 zredukowa\u0107 swoj\u0105 wag\u0119 bez u\u017cycia szkodliwych substancji chemicznych. G\u0142\u00f3wne wskazania do stosowania Keto Side to:<\/p>\n<ol>\n<li><strong>Nadmierna masa cia\u0142a<\/strong>: Suplement jest przeznaczony dla os\u00f3b zmagaj\u0105cych si\u0119 z nadwag\u0105 lub oty\u0142o\u015bci\u0105, kt\u00f3re pragn\u0105 skutecznie i bezpiecznie zredukowa\u0107 mas\u0119 cia\u0142a.<\/li>\n<li><strong>Trudno\u015bci w spalaniu t\u0142uszczu<\/strong>: Keto Side pomaga w przyspieszeniu procesu spalania t\u0142uszczu, co jest szczeg\u00f3lnie wa\u017cne dla os\u00f3b, kt\u00f3re maj\u0105 problemy z metabolizmem.<\/li>\n<li><strong>Brak energii<\/strong>: Dzi\u0119ki zawarto\u015bci naturalnych sk\u0142adnik\u00f3w, Keto Side mo\u017ce zwi\u0119kszy\u0107 poziom energii, co jest szczeg\u00f3lnie korzystne dla os\u00f3b prowadz\u0105cych aktywny tryb \u017cycia.<\/li>\n<li><strong>Kontrola apetytu<\/strong>: Produkt wspomaga kontrol\u0119 apetytu, co pomaga w redukcji niezdrowych przek\u0105sek i zachowa\u0144 zwi\u0105zanych z przejadaniem si\u0119.<\/li>\n<\/ol>\n<h2>Sk\u0142ad i dzia\u0142anie sk\u0142adnik\u00f3w Keto Side<\/h2>\n<p>Keto Side wyr\u00f3\u017cnia si\u0119 unikalnym sk\u0142adem, kt\u00f3ry bazuje wy\u0142\u0105cznie na naturalnych komponentach. Ka\u017cdy sk\u0142adnik zosta\u0142 starannie dobrany, aby wspiera\u0107 proces odchudzania na r\u00f3\u017cnych poziomach.<\/p>\n<ol>\n<li><strong>Ekstrakt z zielonej herbaty<\/strong>: Zielona herbata jest znana ze swoich w\u0142a\u015bciwo\u015bci przyspieszaj\u0105cych metabolizm. Zawiera katechiny, kt\u00f3re wspomagaj\u0105 spalanie t\u0142uszczu i poprawiaj\u0105 termogenez\u0119 organizmu.<\/li>\n<li><strong>Kofeina<\/strong>: Naturalny stymulant, kt\u00f3ry zwi\u0119ksza poziom energii i poprawia koncentracj\u0119. Kofeina pomaga r\u00f3wnie\u017c w przyspieszeniu metabolizmu, co prowadzi do wi\u0119kszego spalania kalorii.<\/li>\n<li><strong>Ekstrakt z guarany<\/strong>: Guarana jest \u017ar\u00f3d\u0142em naturalnej kofeiny i ma dzia\u0142anie pobudzaj\u0105ce. Pomaga w redukcji zm\u0119czenia i wspiera procesy spalania t\u0142uszczu.<\/li>\n<li><strong>L-karnityna<\/strong>: Aminokwas, kt\u00f3ry odgrywa kluczow\u0105 rol\u0119 w transporcie kwas\u00f3w t\u0142uszczowych do mitochondri\u00f3w, gdzie s\u0105 one przekszta\u0142cane w energi\u0119. L-karnityna wspomaga proces odchudzania i poprawia wydolno\u015b\u0107 fizyczn\u0105.<\/li>\n<li><strong>Ekstrakt z pieprzu cayenne<\/strong>: Zawiera kapsaicyn\u0119, kt\u00f3ra zwi\u0119ksza termogenez\u0119 i przyspiesza metabolizm, co pomaga w spalaniu wi\u0119kszej ilo\u015bci kalorii.<\/li>\n<li><strong>Chrom<\/strong>: Pierwiastek, kt\u00f3ry wspomaga kontrol\u0119 poziomu cukru we krwi i zmniejsza \u0142aknienie na s\u0142odycze, co jest kluczowe dla utrzymania zdrowej diety.<\/li>\n<\/ol>\n<h2>Efekty Keto Side i ich charakterystyka<\/h2>\n<p>Keto Side oferuje szereg korzy\u015bci dla os\u00f3b d\u0105\u017c\u0105cych do redukcji wagi. Regularne stosowanie suplementu przynosi zauwa\u017calne efekty, kt\u00f3re mog\u0105 znacznie poprawi\u0107 jako\u015b\u0107 \u017cycia.<\/p>\n<ol>\n<li><strong>Redukcja masy cia\u0142a<\/strong>: Dzi\u0119ki synergicznemu dzia\u0142aniu sk\u0142adnik\u00f3w, Keto Side pomaga w skutecznej redukcji masy cia\u0142a. Proces odchudzania jest wspierany na wielu poziomach, co prowadzi do trwa\u0142ych wynik\u00f3w.<\/li>\n<li><strong>Zwi\u0119kszenie poziomu energii<\/strong>: Naturalne stymulanty zawarte w produkcie, takie jak kofeina i guarana, przyczyniaj\u0105 si\u0119 do zwi\u0119kszenia poziomu energii, co pozwala na bardziej aktywny tryb \u017cycia.<\/li>\n<li><strong>Poprawa metabolizmu<\/strong>: Sk\u0142adniki takie jak zielona herbata i pieprz cayenne wspomagaj\u0105 przyspieszenie metabolizmu, co przyczynia si\u0119 do szybszego spalania kalorii.<\/li>\n<li><strong>Kontrola apetytu<\/strong>: Keto Side pomaga w kontrolowaniu apetytu, co jest kluczowe dla utrzymania zdrowej diety i unikania przejadania si\u0119.<\/li>\n<li><strong>Lepsza koncentracja<\/strong>: Dzi\u0119ki kofeinie i guaranie, suplement poprawia zdolno\u015b\u0107 koncentracji i og\u00f3ln\u0105 wydajno\u015b\u0107 umys\u0142ow\u0105.<\/li>\n<\/ol>\n<h2>Ryzyko skutk\u00f3w ubocznych<\/h2>\n<p>Jednym z najwi\u0119kszych atut\u00f3w Keto Side jest jego naturalny sk\u0142ad, kt\u00f3ry minimalizuje ryzyko wyst\u0105pienia skutk\u00f3w ubocznych. Naturalne sk\u0142adniki s\u0105 dobrze tolerowane przez organizm, co sprawia, \u017ce suplement jest bezpieczny dla wi\u0119kszo\u015bci u\u017cytkownik\u00f3w.<\/p>\n<ol>\n<li><strong>Minimalne ryzyko<\/strong>: Keto Side zawiera wy\u0142\u0105cznie naturalne sk\u0142adniki, kt\u00f3re s\u0105 dobrze przebadane i bezpieczne w stosowaniu. Dzi\u0119ki temu ryzyko wyst\u0105pienia skutk\u00f3w ubocznych jest minimalne.<\/li>\n<li><strong>Brak sztucznych dodatk\u00f3w<\/strong>: Suplement nie zawiera sztucznych barwnik\u00f3w, konserwant\u00f3w ani innych chemicznych dodatk\u00f3w, co sprawia, \u017ce jest bardziej przyjazny dla organizmu.<\/li>\n<li><strong>Bezpieczne dawkowanie<\/strong>: Przy zalecanym dawkowaniu, Keto Side jest bezpieczny i nie powoduje niepo\u017c\u0105danych efekt\u00f3w. Wa\u017cne jest jednak, aby przestrzega\u0107 zalece\u0144 producenta dotycz\u0105cych dawkowania.<\/li>\n<\/ol>\n<p style=\"text-align: center;\"><a href=\"https:\/\/kshop5.com\/aSij9a\/\"><button>www.keto-side.pl<\/button><\/a><\/p>\n<p>Keto Side to skuteczny i bezpieczny suplement diety, kt\u00f3ry wspomaga proces odchudzania dzi\u0119ki unikalnemu sk\u0142adowi naturalnych sk\u0142adnik\u00f3w. Regularne stosowanie Keto Side pozwala na skuteczn\u0105 redukcj\u0119 masy cia\u0142a, zwi\u0119kszenie poziomu energii, popraw\u0119 metabolizmu oraz kontrol\u0119 apetytu. Dzi\u0119ki minimalnemu ryzyku skutk\u00f3w ubocznych, Keto Side jest doskona\u0142ym wyborem dla os\u00f3b poszukuj\u0105cych naturalnej i niezawodnej pomocy w odchudzaniu.<\/p>\n<\/div>\n<\/div>\n<\/div>\n<\/div>\n<\/div>\n<\/div>\n<\/div>\n<\/div>\n<\/div>\n<div class=\"w-full text-token-text-primary\" dir=\"auto\" data-testid=\"conversation-turn-5\" data-scroll-anchor=\"true\">\n<div class=\"py-2 juice:py-[18px] px-3 text-base md:px-4 m-auto md:px-5 lg:px-1 xl:px-5\">\n<div class=\"mx-auto flex flex-1 gap-3 text-base juice:gap-4 juice:md:gap-5 juice:lg:gap-6 md:max-w-3xl lg:max-w-[40rem] xl:max-w-[48rem]\">\n<div class=\"group\/conversation-turn relative flex w-full min-w-0 flex-col agent-turn\">\n<div class=\"flex-col gap-1 md:gap-3\">\n<div class=\"flex flex-grow flex-col max-w-full\">\n<div class=\"min-h-[20px] text-message flex flex-col items-start whitespace-pre-wrap break-words [.text-message+&amp;]:mt-5 juice:w-full juice:items-end overflow-x-auto gap-2\" dir=\"auto\" data-message-author-role=\"assistant\" data-message-id=\"f3ae805a-77ae-41ef-90e4-4793256a9e33\">\n<div class=\"flex w-full flex-col gap-1 juice:empty:hidden juice:first:pt-[3px]\">\n<div class=\"markdown prose w-full break-words dark:prose-invert light\">\n<h2>Opinie klient\u00f3w \u043e Keto Side: fora po\u015bwi\u0119cone zdrowiu<\/h2>\n<p>Keto Side szybko zdobywa popularno\u015b\u0107 w\u015br\u00f3d os\u00f3b d\u0105\u017c\u0105cych do utraty wagi, co sprawia, \u017ce pojawia si\u0119 coraz wi\u0119cej opinii na jego temat na forach internetowych po\u015bwi\u0119conych zdrowiu i odchudzaniu w Polsce. U\u017cytkownicy ch\u0119tnie dziel\u0105 si\u0119 swoimi do\u015bwiadczeniami, opisuj\u0105c pozytywne efekty dzia\u0142ania suplementu oraz jego dost\u0119pno\u015b\u0107.<\/p>\n<ol>\n<li><strong>Magda, 34 lata<\/strong>: &#8222;Zdecydowa\u0142am si\u0119 na zakup Keto Side po przeczytaniu wielu pozytywnych opinii na forach. Ju\u017c po dw\u00f3ch tygodniach zauwa\u017cy\u0142am pierwsze efekty \u2013 znikn\u0119\u0142o kilka centymetr\u00f3w w talii, a ja czuj\u0119 si\u0119 pe\u0142na energii. To naprawd\u0119 dzia\u0142a! Dodatkowo ciesz\u0119 si\u0119, \u017ce mog\u0142am kupi\u0107 go online bez potrzeby wcze\u015bniejszej p\u0142atno\u015bci. Gor\u0105co polecam!&#8221;<\/li>\n<li><strong>Tomek, 28 lat<\/strong>: &#8222;Jestem bardzo zadowolony z efekt\u00f3w stosowania Keto Side. Suplement pom\u00f3g\u0142 mi zrzuci\u0107 zb\u0119dne kilogramy bez wi\u0119kszych trudno\u015bci i bez skutk\u00f3w ubocznych. Proces zam\u00f3wienia by\u0142 prosty, a dostawa szybka. Du\u017cy plus za konsultacj\u0119 telefoniczn\u0105 przed wysy\u0142k\u0105 \u2013 czu\u0142em si\u0119 pewniej co do zakupu. Polecam ka\u017cdemu, kto chce skutecznie schudn\u0105\u0107!&#8221;<\/li>\n<\/ol>\n<h2>Spos\u00f3b podawania i dawkowanie<\/h2>\n<p>Aby osi\u0105gn\u0105\u0107 najlepsze efekty, wa\u017cne jest, aby stosowa\u0107 Keto Side zgodnie z zaleceniami producenta. Standardowe dawkowanie to dwie kapsu\u0142ki dziennie \u2013 jedna rano i jedna wieczorem, popijaj\u0105c du\u017c\u0105 ilo\u015bci\u0105 wody. Zaleca si\u0119 przyjmowanie suplementu 30 minut przed posi\u0142kiem, aby sk\u0142adniki aktywne mog\u0142y zosta\u0107 szybko wch\u0142oni\u0119te i rozpocz\u0105\u0107 dzia\u0142anie. Regularne stosowanie Keto Side zgodnie z zaleceniami zapewnia optymalne rezultaty i wspiera proces odchudzania.<\/p>\n<h2>Kup teraz Keto Side z dostaw\u0105<\/h2>\n<p>Kupno Keto Side jest niezwykle proste i wygodne dzi\u0119ki mo\u017cliwo\u015bci zam\u00f3wienia go online. Aby zapewni\u0107 klientom bezpiecze\u0144stwo i pewno\u015b\u0107, producent oferuje opcj\u0119 p\u0142atno\u015bci przy odbiorze. Oznacza to, \u017ce nie ma potrzeby wcze\u015bniejszej p\u0142atno\u015bci \u2013 zap\u0142acisz za produkt dopiero po jego dostarczeniu. Taki system eliminuje ryzyko zakupu podrobionego produktu.<\/p>\n<p>Proces dostawy trwa zazwyczaj 3-4 dni robocze na terenie Polski. Po z\u0142o\u017ceniu zam\u00f3wienia, specjalista skontaktuje si\u0119 z Tob\u0105 telefonicznie, aby potwierdzi\u0107 szczeg\u00f3\u0142y zam\u00f3wienia oraz odpowiedzie\u0107 na wszelkie pytania dotycz\u0105ce ilo\u015bci i dost\u0119pno\u015bci promocji. Taka rozmowa pozwala r\u00f3wnie\u017c na uzyskanie dodatkowych informacji o produkcie.<\/p>\n<p style=\"text-align: center;\"><a href=\"https:\/\/kshop5.com\/aSij9a\/\"><button>Zakup na stronie producenta (-50%)<\/button><\/a><\/p>\n<h2>Por\u00f3wnanie ofert: ceny i dost\u0119pno\u015b\u0107 Keto Side<\/h2>\n<p>Producent Keto Side dba o to, aby suplement by\u0142 dost\u0119pny dla jak najszerszej grupy klient\u00f3w, dlatego mo\u017cna go zakupi\u0107 bezpo\u015brednio na oficjalnej stronie internetowej. Zakup bezpo\u015brednio od producenta eliminuje dodatkowe koszty zwi\u0105zane z po\u015brednikami i mar\u017cami. Co wi\u0119cej, regularnie pojawiaj\u0105 si\u0119 atrakcyjne promocje i zni\u017cki, dlatego warto sprawdza\u0107 aktualne oferty na stronie producenta.<\/p>\n<p>Ze wzgl\u0119du na polityk\u0119 firmy, Keto Side nie jest dost\u0119pny w stacjonarnych aptekach. Dzi\u0119ki sprzeda\u017cy online producent mo\u017ce zaoferowa\u0107 konkurencyjne ceny oraz zapewni\u0107 oryginalno\u015b\u0107 produktu. Regularne \u015bledzenie ofert promocyjnych pozwala na jeszcze korzystniejszy zakup suplementu.<\/p>\n<p>Keto Side to suplement diety, kt\u00f3ry dzi\u0119ki swojemu naturalnemu sk\u0142adowi i skuteczno\u015bci zdobywa coraz wi\u0119ksze uznanie w\u015br\u00f3d u\u017cytkownik\u00f3w. Opinie klient\u00f3w potwierdzaj\u0105 jego efektywno\u015b\u0107 oraz \u0142atwo\u015b\u0107 zam\u00f3wienia i dostawy. Kupuj\u0105c Keto Side, zyskujesz pewno\u015b\u0107, \u017ce otrzymujesz oryginalny produkt, kt\u00f3ry wspomo\u017ce Ci\u0119 w procesie odchudzania.<\/p>\n<\/div>\n<\/div>\n<\/div>\n<\/div>\n<\/div>\n<\/div>\n<\/div>\n<\/div>\n<\/div>\n","protected":false},"excerpt":{"rendered":"<p style=\"text-align: center;\"><a href=\"https:\/\/kshop5.com\/aSij9a\/\"><button>Kup teraz<\/button><\/a><\/p>\n<p>SKU:\u00a0<span class=\"sku\">789.005.856<\/span><\/p>\n<hr \/>\n<p><small>Produkt sprzedawany jest wy\u0142\u0105cznie za po\u015brednictwem oficjalnej strony producenta, id\u017a i kupuj bezpiecznie!<\/small><\/p>\n","protected":false},"featured_media":1128,"comment_status":"open","ping_status":"closed","template":"","meta":[],"product_brand":[],"product_cat":[15],"product_tag":[],"class_list":{"0":"post-967","1":"product","2":"type-product","3":"status-publish","4":"has-post-thumbnail","6":"product_cat-supl","7":"thunk-woo-product-list","8":"opn-qv-enable","9":"top-store-woo-hover-","10":"top-store-single-product-tab-horizontal","11":"top-store-shadow-","12":"top-store-shadow-hover-","14":"first","15":"instock","16":"sale","17":"shipping-taxable","18":"purchasable","19":"product-type-simple"},"yoast_head":"<!-- This site is optimized with the Yoast SEO plugin v27.4 - https:\/\/yoast.com\/product\/yoast-seo-wordpress\/ -->\n<title>Keto Side - kup suplement, cena w aptece, sk\u0142ad, dzia\u0142anie<\/title>\n<meta name=\"robots\" content=\"index, follow, max-snippet:-1, max-image-preview:large, max-video-preview:-1\" \/>\n<link rel=\"canonical\" href=\"https:\/\/lekarzeopole.pl\/wordpress\/product\/keto-side\/\" \/>\n<meta property=\"og:locale\" content=\"pl_PL\" \/>\n<meta property=\"og:type\" content=\"article\" \/>\n<meta property=\"og:title\" content=\"Keto Side - kup suplement, cena w aptece, sk\u0142ad, dzia\u0142anie\" \/>\n<meta property=\"og:description\" content=\"Kup teraz SKU:\u00a0789.005.856    Produkt sprzedawany jest wy\u0142\u0105cznie za po\u015brednictwem oficjalnej strony producenta, id\u017a i kupuj bezpiecznie!\" \/>\n<meta property=\"og:url\" content=\"https:\/\/lekarzeopole.pl\/wordpress\/product\/keto-side\/\" \/>\n<meta property=\"og:site_name\" content=\"Lekarze Opole\" \/>\n<meta property=\"article:modified_time\" content=\"2024-12-12T10:43:07+00:00\" \/>\n<meta property=\"og:image\" content=\"https:\/\/lekarzeopole.pl\/wordpress\/wp-content\/uploads\/2024\/07\/keto-side-1.webp\" \/>\n\t<meta property=\"og:image:width\" content=\"600\" \/>\n\t<meta property=\"og:image:height\" content=\"600\" \/>\n\t<meta property=\"og:image:type\" content=\"image\/webp\" \/>\n<meta name=\"twitter:card\" content=\"summary_large_image\" \/>\n<meta name=\"twitter:label1\" content=\"Szacowany czas czytania\" \/>\n\t<meta name=\"twitter:data1\" content=\"7 minut\" \/>\n<script type=\"application\/ld+json\" class=\"yoast-schema-graph\">{\"@context\":\"https:\\\/\\\/schema.org\",\"@graph\":[{\"@type\":\"WebPage\",\"@id\":\"https:\\\/\\\/lekarzeopole.pl\\\/wordpress\\\/product\\\/keto-side\\\/\",\"url\":\"https:\\\/\\\/lekarzeopole.pl\\\/wordpress\\\/product\\\/keto-side\\\/\",\"name\":\"Keto Side - kup suplement, cena w aptece, sk\u0142ad, dzia\u0142anie\",\"isPartOf\":{\"@id\":\"https:\\\/\\\/lekarzeopole.pl\\\/wordpress\\\/#website\"},\"primaryImageOfPage\":{\"@id\":\"https:\\\/\\\/lekarzeopole.pl\\\/wordpress\\\/product\\\/keto-side\\\/#primaryimage\"},\"image\":{\"@id\":\"https:\\\/\\\/lekarzeopole.pl\\\/wordpress\\\/product\\\/keto-side\\\/#primaryimage\"},\"thumbnailUrl\":\"https:\\\/\\\/lekarzeopole.pl\\\/wordpress\\\/wp-content\\\/uploads\\\/2024\\\/07\\\/keto-side-1.webp\",\"datePublished\":\"2024-07-08T10:30:21+00:00\",\"dateModified\":\"2024-12-12T10:43:07+00:00\",\"breadcrumb\":{\"@id\":\"https:\\\/\\\/lekarzeopole.pl\\\/wordpress\\\/product\\\/keto-side\\\/#breadcrumb\"},\"inLanguage\":\"pl-PL\",\"potentialAction\":[{\"@type\":\"ReadAction\",\"target\":[\"https:\\\/\\\/lekarzeopole.pl\\\/wordpress\\\/product\\\/keto-side\\\/\"]}]},{\"@type\":\"ImageObject\",\"inLanguage\":\"pl-PL\",\"@id\":\"https:\\\/\\\/lekarzeopole.pl\\\/wordpress\\\/product\\\/keto-side\\\/#primaryimage\",\"url\":\"https:\\\/\\\/lekarzeopole.pl\\\/wordpress\\\/wp-content\\\/uploads\\\/2024\\\/07\\\/keto-side-1.webp\",\"contentUrl\":\"https:\\\/\\\/lekarzeopole.pl\\\/wordpress\\\/wp-content\\\/uploads\\\/2024\\\/07\\\/keto-side-1.webp\",\"width\":600,\"height\":600,\"caption\":\"Keto Side\"},{\"@type\":\"BreadcrumbList\",\"@id\":\"https:\\\/\\\/lekarzeopole.pl\\\/wordpress\\\/product\\\/keto-side\\\/#breadcrumb\",\"itemListElement\":[{\"@type\":\"ListItem\",\"position\":1,\"name\":\"\u0413\u043b\u0430\u0432\u043d\u0430\u044f \u0441\u0442\u0440\u0430\u043d\u0438\u0446\u0430\",\"item\":\"https:\\\/\\\/lekarzeopole.pl\\\/wordpress\\\/\"},{\"@type\":\"ListItem\",\"position\":2,\"name\":\"Zakup\",\"item\":\"https:\\\/\\\/lekarzeopole.pl\\\/wordpress\\\/\"},{\"@type\":\"ListItem\",\"position\":3,\"name\":\"Keto Side\"}]},{\"@type\":\"WebSite\",\"@id\":\"https:\\\/\\\/lekarzeopole.pl\\\/wordpress\\\/#website\",\"url\":\"https:\\\/\\\/lekarzeopole.pl\\\/wordpress\\\/\",\"name\":\"Lekarze Opole\",\"description\":\"\",\"potentialAction\":[{\"@type\":\"SearchAction\",\"target\":{\"@type\":\"EntryPoint\",\"urlTemplate\":\"https:\\\/\\\/lekarzeopole.pl\\\/wordpress\\\/?s={search_term_string}\"},\"query-input\":{\"@type\":\"PropertyValueSpecification\",\"valueRequired\":true,\"valueName\":\"search_term_string\"}}],\"inLanguage\":\"pl-PL\"}]}<\/script>\n<!-- \/ Yoast SEO plugin. -->","yoast_head_json":{"title":"Keto Side - kup suplement, cena w aptece, sk\u0142ad, dzia\u0142anie","robots":{"index":"index","follow":"follow","max-snippet":"max-snippet:-1","max-image-preview":"max-image-preview:large","max-video-preview":"max-video-preview:-1"},"canonical":"https:\/\/lekarzeopole.pl\/wordpress\/product\/keto-side\/","og_locale":"pl_PL","og_type":"article","og_title":"Keto Side - kup suplement, cena w aptece, sk\u0142ad, dzia\u0142anie","og_description":"Kup teraz SKU:\u00a0789.005.856    Produkt sprzedawany jest wy\u0142\u0105cznie za po\u015brednictwem oficjalnej strony producenta, id\u017a i kupuj bezpiecznie!","og_url":"https:\/\/lekarzeopole.pl\/wordpress\/product\/keto-side\/","og_site_name":"Lekarze Opole","article_modified_time":"2024-12-12T10:43:07+00:00","og_image":[{"width":600,"height":600,"url":"https:\/\/lekarzeopole.pl\/wordpress\/wp-content\/uploads\/2024\/07\/keto-side-1.webp","type":"image\/webp"}],"twitter_card":"summary_large_image","twitter_misc":{"Szacowany czas czytania":"7 minut"},"schema":{"@context":"https:\/\/schema.org","@graph":[{"@type":"WebPage","@id":"https:\/\/lekarzeopole.pl\/wordpress\/product\/keto-side\/","url":"https:\/\/lekarzeopole.pl\/wordpress\/product\/keto-side\/","name":"Keto Side - kup suplement, cena w aptece, sk\u0142ad, dzia\u0142anie","isPartOf":{"@id":"https:\/\/lekarzeopole.pl\/wordpress\/#website"},"primaryImageOfPage":{"@id":"https:\/\/lekarzeopole.pl\/wordpress\/product\/keto-side\/#primaryimage"},"image":{"@id":"https:\/\/lekarzeopole.pl\/wordpress\/product\/keto-side\/#primaryimage"},"thumbnailUrl":"https:\/\/lekarzeopole.pl\/wordpress\/wp-content\/uploads\/2024\/07\/keto-side-1.webp","datePublished":"2024-07-08T10:30:21+00:00","dateModified":"2024-12-12T10:43:07+00:00","breadcrumb":{"@id":"https:\/\/lekarzeopole.pl\/wordpress\/product\/keto-side\/#breadcrumb"},"inLanguage":"pl-PL","potentialAction":[{"@type":"ReadAction","target":["https:\/\/lekarzeopole.pl\/wordpress\/product\/keto-side\/"]}]},{"@type":"ImageObject","inLanguage":"pl-PL","@id":"https:\/\/lekarzeopole.pl\/wordpress\/product\/keto-side\/#primaryimage","url":"https:\/\/lekarzeopole.pl\/wordpress\/wp-content\/uploads\/2024\/07\/keto-side-1.webp","contentUrl":"https:\/\/lekarzeopole.pl\/wordpress\/wp-content\/uploads\/2024\/07\/keto-side-1.webp","width":600,"height":600,"caption":"Keto Side"},{"@type":"BreadcrumbList","@id":"https:\/\/lekarzeopole.pl\/wordpress\/product\/keto-side\/#breadcrumb","itemListElement":[{"@type":"ListItem","position":1,"name":"\u0413\u043b\u0430\u0432\u043d\u0430\u044f \u0441\u0442\u0440\u0430\u043d\u0438\u0446\u0430","item":"https:\/\/lekarzeopole.pl\/wordpress\/"},{"@type":"ListItem","position":2,"name":"Zakup","item":"https:\/\/lekarzeopole.pl\/wordpress\/"},{"@type":"ListItem","position":3,"name":"Keto Side"}]},{"@type":"WebSite","@id":"https:\/\/lekarzeopole.pl\/wordpress\/#website","url":"https:\/\/lekarzeopole.pl\/wordpress\/","name":"Lekarze Opole","description":"","potentialAction":[{"@type":"SearchAction","target":{"@type":"EntryPoint","urlTemplate":"https:\/\/lekarzeopole.pl\/wordpress\/?s={search_term_string}"},"query-input":{"@type":"PropertyValueSpecification","valueRequired":true,"valueName":"search_term_string"}}],"inLanguage":"pl-PL"}]}},"_links":{"self":[{"href":"https:\/\/lekarzeopole.pl\/wordpress\/wp-json\/wp\/v2\/product\/967","targetHints":{"allow":["GET"]}}],"collection":[{"href":"https:\/\/lekarzeopole.pl\/wordpress\/wp-json\/wp\/v2\/product"}],"about":[{"href":"https:\/\/lekarzeopole.pl\/wordpress\/wp-json\/wp\/v2\/types\/product"}],"replies":[{"embeddable":true,"href":"https:\/\/lekarzeopole.pl\/wordpress\/wp-json\/wp\/v2\/comments?post=967"}],"wp:featuredmedia":[{"embeddable":true,"href":"https:\/\/lekarzeopole.pl\/wordpress\/wp-json\/wp\/v2\/media\/1128"}],"wp:attachment":[{"href":"https:\/\/lekarzeopole.pl\/wordpress\/wp-json\/wp\/v2\/media?parent=967"}],"wp:term":[{"taxonomy":"product_brand","embeddable":true,"href":"https:\/\/lekarzeopole.pl\/wordpress\/wp-json\/wp\/v2\/product_brand?post=967"},{"taxonomy":"product_cat","embeddable":true,"href":"https:\/\/lekarzeopole.pl\/wordpress\/wp-json\/wp\/v2\/product_cat?post=967"},{"taxonomy":"product_tag","embeddable":true,"href":"https:\/\/lekarzeopole.pl\/wordpress\/wp-json\/wp\/v2\/product_tag?post=967"}],"curies":[{"name":"wp","href":"https:\/\/api.w.org\/{rel}","templated":true}]}}