{"id":965,"date":"2024-07-08T10:23:56","date_gmt":"2024-07-08T10:23:56","guid":{"rendered":"https:\/\/lekarzeopole.pl\/wordpress\/?post_type=product&#038;p=965"},"modified":"2025-09-24T10:37:11","modified_gmt":"2025-09-24T10:37:11","slug":"insulevel","status":"publish","type":"product","link":"https:\/\/lekarzeopole.pl\/wordpress\/product\/insulevel\/","title":{"rendered":"Insulevel"},"content":{"rendered":"<div class=\"w-full text-token-text-primary\" dir=\"auto\" data-testid=\"conversation-turn-3\" data-scroll-anchor=\"false\">\n<div class=\"py-2 juice:py-[18px] px-3 text-base md:px-4 m-auto md:px-5 lg:px-1 xl:px-5\">\n<div class=\"mx-auto flex flex-1 gap-3 text-base juice:gap-4 juice:md:gap-5 juice:lg:gap-6 md:max-w-3xl lg:max-w-[40rem] xl:max-w-[48rem]\">\n<div class=\"group\/conversation-turn relative flex w-full min-w-0 flex-col agent-turn\">\n<div class=\"flex-col gap-1 md:gap-3\">\n<div class=\"flex flex-grow flex-col max-w-full\">\n<div class=\"min-h-[20px] text-message flex flex-col items-start whitespace-pre-wrap break-words [.text-message+&amp;]:mt-5 juice:w-full juice:items-end overflow-x-auto gap-2\" dir=\"auto\" data-message-author-role=\"assistant\" data-message-id=\"f4a48026-952f-4785-ac0d-67b5a02ccdae\">\n<div class=\"flex w-full flex-col gap-1 juice:empty:hidden juice:first:pt-[3px]\">\n<div class=\"markdown prose w-full break-words dark:prose-invert light\">\n<p>Insulevel to innowacyjny suplement diety, kt\u00f3ry zdobywa coraz wi\u0119ksz\u0105 popularno\u015b\u0107 w walce z cukrzyc\u0105. Jego unikalna formu\u0142a opiera si\u0119 na naturalnych sk\u0142adnikach, kt\u00f3re wsp\u00f3lnie dzia\u0142aj\u0105, aby zapewni\u0107 kompleksow\u0105 pomoc osobom zmagaj\u0105cym si\u0119 z t\u0105 przewlek\u0142\u0105 chorob\u0105. Insulevel jest zalecany przede wszystkim dla os\u00f3b:<\/p>\n<ul>\n<li>Z cukrzyc\u0105 typu 2<\/li>\n<li>Z zaburzeniami metabolizmu<\/li>\n<li>Z problemami hormonalnymi, w tym dysfunkcjami tarczycy i jajnik\u00f3w<\/li>\n<li>Z podwy\u017cszonym poziomem cholesterolu<\/li>\n<li>Z nadci\u015bnieniem t\u0119tniczym<\/li>\n<li>Z os\u0142abionym uk\u0142adem odporno\u015bciowym<\/li>\n<li>Z problemami z oczyszczaniem organizmu z toksyn<\/li>\n<\/ul>\n<h2>Sk\u0142ad i dzia\u0142anie sk\u0142adnik\u00f3w Insulevel<\/h2>\n<p>Insulevel zawiera starannie dobrane naturalne sk\u0142adniki, kt\u00f3re wsp\u00f3lnie dzia\u0142aj\u0105 na wielu poziomach, aby przeciwdzia\u0142a\u0107 objawom cukrzycy i wspiera\u0107 zdrowie organizmu.<\/p>\n<h3>G\u0142\u00f3wne sk\u0142adniki Insulevel:<\/h3>\n<ol>\n<li><strong>Ekstrakt z li\u015bci Gymnema sylvestre<\/strong> &#8211; znany z w\u0142a\u015bciwo\u015bci obni\u017caj\u0105cych poziom cukru we krwi. Gymnema sylvestre stymuluje kom\u00f3rki beta wysepek Langerhansa w trzustce, co prowadzi do zwi\u0119kszonej produkcji insuliny.<\/li>\n<li><strong>Ekstrakt z gorzkiego melona<\/strong> &#8211; wspomaga metabolizm glukozy i poprawia wra\u017cliwo\u015b\u0107 na insulin\u0119. Dzia\u0142a r\u00f3wnie\u017c detoksykuj\u0105co, pomagaj\u0105c w oczyszczaniu krwi i limfy.<\/li>\n<li><strong>Ekstrakt z korzenia \u017ce\u0144-szenia<\/strong> &#8211; dzia\u0142a ochronnie na organizm, wzmacniaj\u0105c uk\u0142ad odporno\u015bciowy i chroni\u0105c przed uszkodzeniami wzroku.<\/li>\n<li><strong>Kwas alfa-liponowy<\/strong> &#8211; silny przeciwutleniacz, kt\u00f3ry wspomaga regeneracj\u0119 kom\u00f3rek i chroni przed stresem oksydacyjnym. Pomaga r\u00f3wnie\u017c w regulacji ci\u015bnienia krwi i poziomu cholesterolu.<\/li>\n<li><strong>Cynamon<\/strong> &#8211; pomaga w stabilizacji poziomu cukru we krwi i poprawia funkcjonowanie uk\u0142adu sercowo-naczyniowego. Dodatkowo wzmacnia prac\u0119 serca i jego rytm.<\/li>\n<\/ol>\n<h2>Efekty Insulevel i ich charakterystyka<\/h2>\n<p>Insulevel dzia\u0142a na wielu poziomach, zapewniaj\u0105c kompleksowe wsparcie w walce z cukrzyc\u0105 i innymi zaburzeniami metabolicznymi. Oto g\u0142\u00f3wne efekty stosowania Insulevel:<\/p>\n<h3>Stymulacja kom\u00f3rek beta w trzustce<\/h3>\n<p>Insulevel pomaga w stymulacji kom\u00f3rek beta wysepek Langerhansa w trzustce, co prowadzi do zwi\u0119kszonej produkcji insuliny. To kluczowy element w zarz\u0105dzaniu poziomem cukru we krwi u os\u00f3b z cukrzyc\u0105 typu 2.<\/p>\n<h3>Normalizacja proces\u00f3w metabolicznych<\/h3>\n<p>Dzi\u0119ki naturalnym sk\u0142adnikom, Insulevel normalizuje procesy metaboliczne, zapobiegaj\u0105c dysfunkcjom tarczycy, jajnik\u00f3w i innych narz\u0105d\u00f3w zwi\u0105zanych z gospodark\u0105 hormonaln\u0105.<\/p>\n<h3>Ochrona organizmu przed zatruciem<\/h3>\n<p>Insulevel chroni organizm przed toksynami, wspomagaj\u0105c procesy detoksykacyjne i oczyszczaj\u0105c krew oraz limf\u0119.<\/p>\n<h3>Wzmacnianie uk\u0142adu odporno\u015bciowego<\/h3>\n<p>Regularne stosowanie Insulevel wzmacnia uk\u0142ad odporno\u015bciowy, co pomaga w zapobieganiu infekcjom i uszkodzeniom wzroku spowodowanym wysokim poziomem cukru we krwi.<\/p>\n<h3>Dodatkowe korzy\u015bci dla zdrowia<\/h3>\n<p>Insulevel ma r\u00f3wnie\u017c szereg innych korzy\u015bci dla zdrowia, takich jak wzmocnienie \u015bcian naczy\u0144 krwiono\u015bnych, zmniejszenie poziomu cholesterolu, normalizacja ci\u015bnienia krwi oraz wspomaganie pracy serca i jego rytmu.<\/p>\n<h2>Ryzyko skutk\u00f3w ubocznych<\/h2>\n<p>Jedn\u0105 z najwi\u0119kszych zalet Insulevel jest jego naturalny sk\u0142ad, kt\u00f3ry minimalizuje ryzyko wyst\u0105pienia skutk\u00f3w ubocznych. W przeciwie\u0144stwie do wielu syntetycznych lek\u00f3w, Insulevel jest bezpieczny w d\u0142ugotrwa\u0142ym stosowaniu i nie powoduje niepo\u017c\u0105danych efekt\u00f3w ubocznych.<\/p>\n<h3>Naturalno\u015b\u0107 i bezpiecze\u0144stwo<\/h3>\n<p>Insulevel zosta\u0142 opracowany z my\u015bl\u0105 o bezpiecze\u0144stwie i skuteczno\u015bci. Wszystkie jego sk\u0142adniki s\u0105 naturalnego pochodzenia, co sprawia, \u017ce jest odpowiedni dla wi\u0119kszo\u015bci os\u00f3b, w tym tych z wra\u017cliwo\u015bci\u0105 na syntetyczne substancje.<\/p>\n<h3>Minimalne ryzyko reakcji alergicznych<\/h3>\n<p>Poniewa\u017c Insulevel jest wytwarzany z naturalnych sk\u0142adnik\u00f3w, ryzyko wyst\u0105pienia reakcji alergicznych jest minimalne. Jednak\u017ce, jak w przypadku ka\u017cdego suplementu, zaleca si\u0119 konsultacj\u0119 z lekarzem przed rozpocz\u0119ciem kuracji, szczeg\u00f3lnie je\u015bli pacjent ma histori\u0119 alergii na sk\u0142adniki ro\u015blinne.<\/p>\n<h2>Spos\u00f3b stosowania<\/h2>\n<p>Aby osi\u0105gn\u0105\u0107 najlepsze efekty, Insulevel nale\u017cy stosowa\u0107 regularnie, zgodnie z zaleceniami producenta. Rekomendowana dawka to 1-2 razy dziennie podczas posi\u0142ku. Kuracja powinna trwa\u0107 90 dni, aby sk\u0142adniki mog\u0142y w pe\u0142ni zadzia\u0142a\u0107 i przynie\u015b\u0107 trwa\u0142e korzy\u015bci dla zdrowia.<\/p>\n<p style=\"text-align: center;\"><a href=\"https:\/\/keonv.com\/pllS?sub1=sub1&amp;sub2=sub2&amp;sub3=sub3&amp;sub4=sub4&amp;sub5=sub5\"><button>www.insulevel.pl<\/button><\/a><\/p>\n<p>Insulevel to wyj\u0105tkowy suplement diety, kt\u00f3ry dzi\u0119ki naturalnym sk\u0142adnikom oferuje kompleksow\u0105 pomoc w walce z cukrzyc\u0105 i innymi zaburzeniami metabolicznymi. Jego regularne stosowanie pomaga nie tylko w kontroli poziomu cukru we krwi, ale tak\u017ce w poprawie og\u00f3lnego stanu zdrowia, wzmacniaj\u0105c uk\u0142ad odporno\u015bciowy i chroni\u0105c przed toksynami. Naturalny sk\u0142ad minimalizuje ryzyko skutk\u00f3w ubocznych, co czyni Insulevel bezpiecznym wyborem dla os\u00f3b szukaj\u0105cych wsparcia w zarz\u0105dzaniu cukrzyc\u0105.<\/p>\n<\/div>\n<\/div>\n<\/div>\n<\/div>\n<\/div>\n<\/div>\n<\/div>\n<\/div>\n<\/div>\n<div class=\"w-full text-token-text-primary\" dir=\"auto\" data-testid=\"conversation-turn-5\" data-scroll-anchor=\"true\">\n<div class=\"py-2 juice:py-[18px] px-3 text-base md:px-4 m-auto md:px-5 lg:px-1 xl:px-5\">\n<div class=\"mx-auto flex flex-1 gap-3 text-base juice:gap-4 juice:md:gap-5 juice:lg:gap-6 md:max-w-3xl lg:max-w-[40rem] xl:max-w-[48rem]\">\n<div class=\"group\/conversation-turn relative flex w-full min-w-0 flex-col agent-turn\">\n<div class=\"flex-col gap-1 md:gap-3\">\n<div class=\"flex flex-grow flex-col max-w-full\">\n<div class=\"min-h-[20px] text-message flex flex-col items-start whitespace-pre-wrap break-words [.text-message+&amp;]:mt-5 juice:w-full juice:items-end overflow-x-auto gap-2\" dir=\"auto\" data-message-author-role=\"assistant\" data-message-id=\"d9cec286-301e-4c79-a4ef-586ab1467a5e\">\n<div class=\"flex w-full flex-col gap-1 juice:empty:hidden juice:first:pt-[3px]\">\n<div class=\"markdown prose w-full break-words dark:prose-invert light\">\n<h2>Opinie klient\u00f3w \u043e Insulevel: fora po\u015bwi\u0119cone zdrowiu<\/h2>\n<p>Insulevel zdobywa coraz wi\u0119ksz\u0105 popularno\u015b\u0107 na polskich forach po\u015bwi\u0119conych zdrowiu. Liczba pozytywnych opinii od u\u017cytkownik\u00f3w nieustannie ro\u015bnie, co \u015bwiadczy o skuteczno\u015bci i dost\u0119pno\u015bci tego suplementu. Wi\u0119kszo\u015b\u0107 u\u017cytkownik\u00f3w opisuje korzystne dzia\u0142anie Insulevel oraz jego dost\u0119pno\u015b\u0107 w przyst\u0119pnej cenie.<\/p>\n<ul>\n<li><strong>Anna, 45 lat:<\/strong> <em>&#8222;U\u017cywam Insulevel od trzech miesi\u0119cy i zauwa\u017cy\u0142am znaczn\u0105 popraw\u0119 w poziomie cukru we krwi. Czuj\u0119 si\u0119 lepiej i mam wi\u0119cej energii na co dzie\u0144. Dodatkowo, zam\u00f3wienie by\u0142o bardzo proste i dostarczone na czas. Gor\u0105co polecam ten suplement ka\u017cdemu, kto zmaga si\u0119 z cukrzyc\u0105!&#8221;<\/em><\/li>\n<li><strong>Tomasz, 52 lata:<\/strong> <em>&#8222;Insulevel pom\u00f3g\u0142 mi w stabilizacji poziomu cukru we krwi. Ju\u017c po kilku tygodniach stosowania zauwa\u017cy\u0142em popraw\u0119. Dodatkowo, ciesz\u0119 si\u0119, \u017ce mog\u0142em zam\u00f3wi\u0107 produkt online i zap\u0142aci\u0107 przy odbiorze, co daje mi pewno\u015b\u0107, \u017ce otrzymuj\u0119 oryginalny produkt. Dostawa by\u0142a szybka, a konsultant bardzo pomocny.&#8221;<\/em><\/li>\n<\/ul>\n<h2>Spos\u00f3b podawania i dawkowanie<\/h2>\n<p>Aby osi\u0105gn\u0105\u0107 optymalne rezultaty, Insulevel nale\u017cy stosowa\u0107 zgodnie z zaleceniami producenta. Rekomendowane dawkowanie to 1-2 razy dziennie podczas posi\u0142ku. Kuracja powinna trwa\u0107 90 dni, aby sk\u0142adniki mog\u0142y w pe\u0142ni zadzia\u0142a\u0107 i przynie\u015b\u0107 trwa\u0142e korzy\u015bci zdrowotne. Regularno\u015b\u0107 w stosowaniu jest kluczowa, aby uzyska\u0107 najlepsze efekty.<\/p>\n<h2>Kup teraz Insulevel z dostaw\u0105<\/h2>\n<p>Kupno Insulevel jest niezwykle proste i wygodne. Mo\u017cna go zam\u00f3wi\u0107 online, bez konieczno\u015bci wcze\u015bniejszej op\u0142aty. P\u0142atno\u015b\u0107 odbywa si\u0119 przy odbiorze, co gwarantuje otrzymanie oryginalnego produktu bez ryzyka. Dostawa na terenie Polski zajmuje zazwyczaj 3-4 dni. Po z\u0142o\u017ceniu zam\u00f3wienia, specjalista skontaktuje si\u0119 telefonicznie, aby potwierdzi\u0107 zam\u00f3wienie i udzieli\u0107 dodatkowych informacji na temat ilo\u015bci i ewentualnych promocji.<\/p>\n<p style=\"text-align: center;\"><a href=\"https:\/\/keonv.com\/pllS?sub1=sub1&amp;sub2=sub2&amp;sub3=sub3&amp;sub4=sub4&amp;sub5=sub5\"><button>Zakup na stronie producenta (-50%)<\/button><\/a><\/p>\n<h2>Por\u00f3wnanie ofert: ceny i dost\u0119pno\u015b\u0107 Insulevel<\/h2>\n<p>Producent Insulevel stawia na pierwszym miejscu dost\u0119pno\u015b\u0107 dla klient\u00f3w. Suplement mo\u017cna kupi\u0107 bezpo\u015brednio na oficjalnej stronie producenta, co eliminuje konieczno\u015b\u0107 p\u0142acenia mar\u017cy po\u015brednikom. Dzi\u0119ki temu cena jest bardziej przyst\u0119pna. Na stronie producenta cz\u0119sto pojawiaj\u0105 si\u0119 promocje i rabaty, dlatego warto regularnie sprawdza\u0107 ich aktualno\u015b\u0107. Insulevel nie jest dost\u0119pny w stacjonarnych aptekach, co gwarantuje, \u017ce produkt trafia bezpo\u015brednio od producenta do klienta, zachowuj\u0105c najwy\u017csz\u0105 jako\u015b\u0107 i \u015bwie\u017co\u015b\u0107.<\/p>\n<\/div>\n<\/div>\n<\/div>\n<\/div>\n<\/div>\n<\/div>\n<\/div>\n<\/div>\n<\/div>\n","protected":false},"excerpt":{"rendered":"<p style=\"text-align: center;\"><a href=\"https:\/\/keonv.com\/pllS?sub1=sub1&amp;sub2=sub2&amp;sub3=sub3&amp;sub4=sub4&amp;sub5=sub5\"><button>Kup teraz<\/button><\/a><\/p>\n<p>SKU:\u00a0<span class=\"sku\">789.005.856<\/span><\/p>\n<hr \/>\n<p><small>Produkt sprzedawany jest wy\u0142\u0105cznie za po\u015brednictwem oficjalnej strony producenta, id\u017a i kupuj bezpiecznie!<\/small><\/p>\n","protected":false},"featured_media":1364,"comment_status":"open","ping_status":"closed","template":"","meta":[],"product_brand":[],"product_cat":[15],"product_tag":[],"class_list":{"0":"post-965","1":"product","2":"type-product","3":"status-publish","4":"has-post-thumbnail","6":"product_cat-supl","7":"thunk-woo-product-list","8":"opn-qv-enable","9":"top-store-woo-hover-","10":"top-store-single-product-tab-horizontal","11":"top-store-shadow-","12":"top-store-shadow-hover-","14":"first","15":"instock","16":"sale","17":"shipping-taxable","18":"purchasable","19":"product-type-simple"},"yoast_head":"<!-- This site is optimized with the Yoast SEO plugin v27.4 - https:\/\/yoast.com\/product\/yoast-seo-wordpress\/ -->\n<title>Insulevel - kup suplement, cena w aptece, sk\u0142ad, dzia\u0142anie<\/title>\n<meta name=\"robots\" content=\"index, follow, max-snippet:-1, max-image-preview:large, max-video-preview:-1\" \/>\n<link rel=\"canonical\" href=\"https:\/\/lekarzeopole.pl\/wordpress\/product\/insulevel\/\" \/>\n<meta property=\"og:locale\" content=\"pl_PL\" \/>\n<meta property=\"og:type\" content=\"article\" \/>\n<meta property=\"og:title\" content=\"Insulevel - kup suplement, cena w aptece, sk\u0142ad, dzia\u0142anie\" \/>\n<meta property=\"og:description\" content=\"Kup teraz SKU:\u00a0789.005.856    Produkt sprzedawany jest wy\u0142\u0105cznie za po\u015brednictwem oficjalnej strony producenta, id\u017a i kupuj bezpiecznie!\" \/>\n<meta property=\"og:url\" content=\"https:\/\/lekarzeopole.pl\/wordpress\/product\/insulevel\/\" \/>\n<meta property=\"og:site_name\" content=\"Lekarze Opole\" \/>\n<meta property=\"article:modified_time\" content=\"2025-09-24T10:37:11+00:00\" \/>\n<meta property=\"og:image\" content=\"https:\/\/lekarzeopole.pl\/wordpress\/wp-content\/uploads\/2024\/07\/insulevel-1.png\" \/>\n\t<meta property=\"og:image:width\" content=\"1600\" \/>\n\t<meta property=\"og:image:height\" content=\"1080\" \/>\n\t<meta property=\"og:image:type\" content=\"image\/png\" \/>\n<meta name=\"twitter:card\" content=\"summary_large_image\" \/>\n<meta name=\"twitter:label1\" content=\"Szacowany czas czytania\" \/>\n\t<meta name=\"twitter:data1\" content=\"6 minut\" \/>\n<script type=\"application\/ld+json\" class=\"yoast-schema-graph\">{\"@context\":\"https:\\\/\\\/schema.org\",\"@graph\":[{\"@type\":\"WebPage\",\"@id\":\"https:\\\/\\\/lekarzeopole.pl\\\/wordpress\\\/product\\\/insulevel\\\/\",\"url\":\"https:\\\/\\\/lekarzeopole.pl\\\/wordpress\\\/product\\\/insulevel\\\/\",\"name\":\"Insulevel - kup suplement, cena w aptece, sk\u0142ad, dzia\u0142anie\",\"isPartOf\":{\"@id\":\"https:\\\/\\\/lekarzeopole.pl\\\/wordpress\\\/#website\"},\"primaryImageOfPage\":{\"@id\":\"https:\\\/\\\/lekarzeopole.pl\\\/wordpress\\\/product\\\/insulevel\\\/#primaryimage\"},\"image\":{\"@id\":\"https:\\\/\\\/lekarzeopole.pl\\\/wordpress\\\/product\\\/insulevel\\\/#primaryimage\"},\"thumbnailUrl\":\"https:\\\/\\\/lekarzeopole.pl\\\/wordpress\\\/wp-content\\\/uploads\\\/2024\\\/07\\\/insulevel-1.png\",\"datePublished\":\"2024-07-08T10:23:56+00:00\",\"dateModified\":\"2025-09-24T10:37:11+00:00\",\"breadcrumb\":{\"@id\":\"https:\\\/\\\/lekarzeopole.pl\\\/wordpress\\\/product\\\/insulevel\\\/#breadcrumb\"},\"inLanguage\":\"pl-PL\",\"potentialAction\":[{\"@type\":\"ReadAction\",\"target\":[\"https:\\\/\\\/lekarzeopole.pl\\\/wordpress\\\/product\\\/insulevel\\\/\"]}]},{\"@type\":\"ImageObject\",\"inLanguage\":\"pl-PL\",\"@id\":\"https:\\\/\\\/lekarzeopole.pl\\\/wordpress\\\/product\\\/insulevel\\\/#primaryimage\",\"url\":\"https:\\\/\\\/lekarzeopole.pl\\\/wordpress\\\/wp-content\\\/uploads\\\/2024\\\/07\\\/insulevel-1.png\",\"contentUrl\":\"https:\\\/\\\/lekarzeopole.pl\\\/wordpress\\\/wp-content\\\/uploads\\\/2024\\\/07\\\/insulevel-1.png\",\"width\":1600,\"height\":1080,\"caption\":\"Insulevel\"},{\"@type\":\"BreadcrumbList\",\"@id\":\"https:\\\/\\\/lekarzeopole.pl\\\/wordpress\\\/product\\\/insulevel\\\/#breadcrumb\",\"itemListElement\":[{\"@type\":\"ListItem\",\"position\":1,\"name\":\"\u0413\u043b\u0430\u0432\u043d\u0430\u044f \u0441\u0442\u0440\u0430\u043d\u0438\u0446\u0430\",\"item\":\"https:\\\/\\\/lekarzeopole.pl\\\/wordpress\\\/\"},{\"@type\":\"ListItem\",\"position\":2,\"name\":\"Zakup\",\"item\":\"https:\\\/\\\/lekarzeopole.pl\\\/wordpress\\\/\"},{\"@type\":\"ListItem\",\"position\":3,\"name\":\"Insulevel\"}]},{\"@type\":\"WebSite\",\"@id\":\"https:\\\/\\\/lekarzeopole.pl\\\/wordpress\\\/#website\",\"url\":\"https:\\\/\\\/lekarzeopole.pl\\\/wordpress\\\/\",\"name\":\"Lekarze Opole\",\"description\":\"\",\"potentialAction\":[{\"@type\":\"SearchAction\",\"target\":{\"@type\":\"EntryPoint\",\"urlTemplate\":\"https:\\\/\\\/lekarzeopole.pl\\\/wordpress\\\/?s={search_term_string}\"},\"query-input\":{\"@type\":\"PropertyValueSpecification\",\"valueRequired\":true,\"valueName\":\"search_term_string\"}}],\"inLanguage\":\"pl-PL\"}]}<\/script>\n<!-- \/ Yoast SEO plugin. -->","yoast_head_json":{"title":"Insulevel - kup suplement, cena w aptece, sk\u0142ad, dzia\u0142anie","robots":{"index":"index","follow":"follow","max-snippet":"max-snippet:-1","max-image-preview":"max-image-preview:large","max-video-preview":"max-video-preview:-1"},"canonical":"https:\/\/lekarzeopole.pl\/wordpress\/product\/insulevel\/","og_locale":"pl_PL","og_type":"article","og_title":"Insulevel - kup suplement, cena w aptece, sk\u0142ad, dzia\u0142anie","og_description":"Kup teraz SKU:\u00a0789.005.856    Produkt sprzedawany jest wy\u0142\u0105cznie za po\u015brednictwem oficjalnej strony producenta, id\u017a i kupuj bezpiecznie!","og_url":"https:\/\/lekarzeopole.pl\/wordpress\/product\/insulevel\/","og_site_name":"Lekarze Opole","article_modified_time":"2025-09-24T10:37:11+00:00","og_image":[{"width":1600,"height":1080,"url":"https:\/\/lekarzeopole.pl\/wordpress\/wp-content\/uploads\/2024\/07\/insulevel-1.png","type":"image\/png"}],"twitter_card":"summary_large_image","twitter_misc":{"Szacowany czas czytania":"6 minut"},"schema":{"@context":"https:\/\/schema.org","@graph":[{"@type":"WebPage","@id":"https:\/\/lekarzeopole.pl\/wordpress\/product\/insulevel\/","url":"https:\/\/lekarzeopole.pl\/wordpress\/product\/insulevel\/","name":"Insulevel - kup suplement, cena w aptece, sk\u0142ad, dzia\u0142anie","isPartOf":{"@id":"https:\/\/lekarzeopole.pl\/wordpress\/#website"},"primaryImageOfPage":{"@id":"https:\/\/lekarzeopole.pl\/wordpress\/product\/insulevel\/#primaryimage"},"image":{"@id":"https:\/\/lekarzeopole.pl\/wordpress\/product\/insulevel\/#primaryimage"},"thumbnailUrl":"https:\/\/lekarzeopole.pl\/wordpress\/wp-content\/uploads\/2024\/07\/insulevel-1.png","datePublished":"2024-07-08T10:23:56+00:00","dateModified":"2025-09-24T10:37:11+00:00","breadcrumb":{"@id":"https:\/\/lekarzeopole.pl\/wordpress\/product\/insulevel\/#breadcrumb"},"inLanguage":"pl-PL","potentialAction":[{"@type":"ReadAction","target":["https:\/\/lekarzeopole.pl\/wordpress\/product\/insulevel\/"]}]},{"@type":"ImageObject","inLanguage":"pl-PL","@id":"https:\/\/lekarzeopole.pl\/wordpress\/product\/insulevel\/#primaryimage","url":"https:\/\/lekarzeopole.pl\/wordpress\/wp-content\/uploads\/2024\/07\/insulevel-1.png","contentUrl":"https:\/\/lekarzeopole.pl\/wordpress\/wp-content\/uploads\/2024\/07\/insulevel-1.png","width":1600,"height":1080,"caption":"Insulevel"},{"@type":"BreadcrumbList","@id":"https:\/\/lekarzeopole.pl\/wordpress\/product\/insulevel\/#breadcrumb","itemListElement":[{"@type":"ListItem","position":1,"name":"\u0413\u043b\u0430\u0432\u043d\u0430\u044f \u0441\u0442\u0440\u0430\u043d\u0438\u0446\u0430","item":"https:\/\/lekarzeopole.pl\/wordpress\/"},{"@type":"ListItem","position":2,"name":"Zakup","item":"https:\/\/lekarzeopole.pl\/wordpress\/"},{"@type":"ListItem","position":3,"name":"Insulevel"}]},{"@type":"WebSite","@id":"https:\/\/lekarzeopole.pl\/wordpress\/#website","url":"https:\/\/lekarzeopole.pl\/wordpress\/","name":"Lekarze Opole","description":"","potentialAction":[{"@type":"SearchAction","target":{"@type":"EntryPoint","urlTemplate":"https:\/\/lekarzeopole.pl\/wordpress\/?s={search_term_string}"},"query-input":{"@type":"PropertyValueSpecification","valueRequired":true,"valueName":"search_term_string"}}],"inLanguage":"pl-PL"}]}},"_links":{"self":[{"href":"https:\/\/lekarzeopole.pl\/wordpress\/wp-json\/wp\/v2\/product\/965","targetHints":{"allow":["GET"]}}],"collection":[{"href":"https:\/\/lekarzeopole.pl\/wordpress\/wp-json\/wp\/v2\/product"}],"about":[{"href":"https:\/\/lekarzeopole.pl\/wordpress\/wp-json\/wp\/v2\/types\/product"}],"replies":[{"embeddable":true,"href":"https:\/\/lekarzeopole.pl\/wordpress\/wp-json\/wp\/v2\/comments?post=965"}],"wp:featuredmedia":[{"embeddable":true,"href":"https:\/\/lekarzeopole.pl\/wordpress\/wp-json\/wp\/v2\/media\/1364"}],"wp:attachment":[{"href":"https:\/\/lekarzeopole.pl\/wordpress\/wp-json\/wp\/v2\/media?parent=965"}],"wp:term":[{"taxonomy":"product_brand","embeddable":true,"href":"https:\/\/lekarzeopole.pl\/wordpress\/wp-json\/wp\/v2\/product_brand?post=965"},{"taxonomy":"product_cat","embeddable":true,"href":"https:\/\/lekarzeopole.pl\/wordpress\/wp-json\/wp\/v2\/product_cat?post=965"},{"taxonomy":"product_tag","embeddable":true,"href":"https:\/\/lekarzeopole.pl\/wordpress\/wp-json\/wp\/v2\/product_tag?post=965"}],"curies":[{"name":"wp","href":"https:\/\/api.w.org\/{rel}","templated":true}]}}