{"id":961,"date":"2024-07-08T10:17:10","date_gmt":"2024-07-08T10:17:10","guid":{"rendered":"https:\/\/lekarzeopole.pl\/wordpress\/?post_type=product&#038;p=961"},"modified":"2024-07-08T10:17:13","modified_gmt":"2024-07-08T10:17:13","slug":"goldrevive","status":"publish","type":"product","link":"https:\/\/lekarzeopole.pl\/wordpress\/product\/goldrevive\/","title":{"rendered":"GoldRevive"},"content":{"rendered":"<div class=\"w-full text-token-text-primary\" dir=\"auto\" data-testid=\"conversation-turn-3\" data-scroll-anchor=\"false\">\n<div class=\"py-2 juice:py-[18px] px-3 text-base md:px-4 m-auto md:px-5 lg:px-1 xl:px-5\">\n<div class=\"mx-auto flex flex-1 gap-3 text-base juice:gap-4 juice:md:gap-5 juice:lg:gap-6 md:max-w-3xl lg:max-w-[40rem] xl:max-w-[48rem]\">\n<div class=\"group\/conversation-turn relative flex w-full min-w-0 flex-col agent-turn\">\n<div class=\"flex-col gap-1 md:gap-3\">\n<div class=\"flex flex-grow flex-col max-w-full\">\n<div class=\"min-h-[20px] text-message flex flex-col items-start whitespace-pre-wrap break-words [.text-message+&amp;]:mt-5 juice:w-full juice:items-end overflow-x-auto gap-2\" dir=\"auto\" data-message-author-role=\"assistant\" data-message-id=\"6a30a4b7-9bc0-4e00-95fd-6580801f01bf\">\n<div class=\"flex w-full flex-col gap-1 juice:empty:hidden juice:first:pt-[3px]\">\n<div class=\"markdown prose w-full break-words dark:prose-invert light\">\n<p>GoldRevive to innowacyjny krem odm\u0142adzaj\u0105cy, kt\u00f3ry pomaga walczy\u0107 z oznakami starzenia si\u0119 sk\u00f3ry. Dzi\u0119ki swojej unikalnej formule, zawieraj\u0105cej naturalne sk\u0142adniki, GoldRevive przywraca sk\u00f3rze m\u0142odzie\u0144czy blask, redukuje zmarszczki oraz poprawia j\u0119drno\u015b\u0107 sk\u00f3ry. W artykule przedstawimy wskazania do stosowania tego kremu, szczeg\u00f3\u0142owy sk\u0142ad oraz dzia\u0142anie jego komponent\u00f3w, efekty stosowania GoldRevive oraz minimalne ryzyko skutk\u00f3w ubocznych zwi\u0105zanych z jego u\u017cyciem.<\/p>\n<h2>Wskazania do stosowania GoldRevive<\/h2>\n<p>GoldRevive jest przeznaczony dla os\u00f3b, kt\u00f3re pragn\u0105 poprawi\u0107 kondycj\u0119 swojej sk\u00f3ry i przeciwdzia\u0142a\u0107 oznakom starzenia. Wskazania do stosowania kremu obejmuj\u0105:<\/p>\n<ul>\n<li><strong>Zmarszczki<\/strong>: Krem skutecznie redukuje widoczno\u015b\u0107 zmarszczek, zar\u00f3wno mimicznych, jak i tych powsta\u0142ych w wyniku naturalnego procesu starzenia si\u0119 sk\u00f3ry.<\/li>\n<li><strong>Matowa sk\u00f3ra<\/strong>: Formu\u0142a kremu przywraca sk\u00f3rze blask, nadaj\u0105c jej zdrowy i promienny wygl\u0105d.<\/li>\n<li><strong>Utrata j\u0119drno\u015bci<\/strong>: GoldRevive wzmacnia turgor sk\u00f3ry, poprawiaj\u0105c jej elastyczno\u015b\u0107 i j\u0119drno\u015b\u0107.<\/li>\n<li><strong>Profilaktyka starzenia<\/strong>: Regularne stosowanie kremu pomaga zapobiega\u0107 pojawianiu si\u0119 nowych oznak starzenia, takich jak plamy pigmentacyjne i wiotczenie sk\u00f3ry.<\/li>\n<\/ul>\n<h2>Sk\u0142ad i dzia\u0142anie sk\u0142adnik\u00f3w GoldRevive<\/h2>\n<p>GoldRevive zawiera starannie dobrany zestaw sk\u0142adnik\u00f3w, kt\u00f3re wsp\u00f3lnie dzia\u0142aj\u0105 na rzecz poprawy wygl\u0105du sk\u00f3ry. Poni\u017cej przedstawiamy g\u0142\u00f3wne sk\u0142adniki kremu oraz ich dzia\u0142anie:<\/p>\n<ul>\n<li><strong>Aqua<\/strong>: Woda stanowi baz\u0119 kremu, zapewniaj\u0105c odpowiednie nawil\u017cenie sk\u00f3ry.<\/li>\n<li><strong>Caprylic\/Capric triglycerides<\/strong>: Sk\u0142adnik ten pochodzi z oleju kokosowego i dzia\u0142a jako emolient, kt\u00f3ry nawil\u017ca i wyg\u0142adza sk\u00f3r\u0119.<\/li>\n<li><strong>Glycerol<\/strong>: Gliceryna jest naturalnym humektantem, kt\u00f3ry przyci\u0105ga wilgo\u0107 do sk\u00f3ry, pomagaj\u0105c w utrzymaniu jej odpowiedniego nawil\u017cenia.<\/li>\n<li><strong>Prunus Amygdalus Dulcis Oil<\/strong>: Olej ze s\u0142odkich migda\u0142\u00f3w jest bogaty w witaminy i minera\u0142y, kt\u00f3re od\u017cywiaj\u0105 sk\u00f3r\u0119 i poprawiaj\u0105 jej elastyczno\u015b\u0107.<\/li>\n<li><strong>Hydrogenated Ethylhexyl Olivate (and) Hydrogenated Olive Oil Unsaponifiables<\/strong>: Sk\u0142adniki te pochodz\u0105 z oliwy z oliwek i dzia\u0142aj\u0105 jako naturalne emolienty, kt\u00f3re zmi\u0119kczaj\u0105 i nawil\u017caj\u0105 sk\u00f3r\u0119.<\/li>\n<li><strong>Hydroxyethyl Acrylate\/Sodium Acryloyldimethyl Taurate Copolymer<\/strong>: Ten sk\u0142adnik dzia\u0142a jako stabilizator i zag\u0119szczacz, kt\u00f3ry pomaga utrzyma\u0107 konsystencj\u0119 kremu.<\/li>\n<li><strong>Polysorbate 20<\/strong>: Emulgator, kt\u00f3ry pomaga w r\u00f3wnomiernym rozprowadzeniu sk\u0142adnik\u00f3w aktywnych w kremie.<\/li>\n<li><strong>Betaine<\/strong>: Naturalny sk\u0142adnik pochodz\u0105cy z burak\u00f3w cukrowych, kt\u00f3ry nawil\u017ca sk\u00f3r\u0119 i chroni j\u0105 przed podra\u017cnieniami.<\/li>\n<li><strong>Phenoxyethanol i Ethylhexylglycerin<\/strong>: Naturalne konserwanty, kt\u00f3re zapewniaj\u0105 d\u0142ugotrwa\u0142\u0105 \u015bwie\u017co\u015b\u0107 kremu.<\/li>\n<li><strong>Algae extract<\/strong>: Ekstrakt z alg jest bogaty w witaminy i minera\u0142y, kt\u00f3re od\u017cywiaj\u0105 sk\u00f3r\u0119 i poprawiaj\u0105 jej wygl\u0105d.<\/li>\n<li><strong>Parfum<\/strong>: Delikatny zapach, kt\u00f3ry uprzyjemnia stosowanie kremu.<\/li>\n<li><strong>Hydroxypropyl Cyclodextrin<\/strong>: Sk\u0142adnik ten dzia\u0142a jako no\u015bnik innych sk\u0142adnik\u00f3w aktywnych, zwi\u0119kszaj\u0105c ich skuteczno\u015b\u0107.<\/li>\n<li><strong>Palmitoyl Tripeptide-38<\/strong>: Peptyd, kt\u00f3ry stymuluje produkcj\u0119 kolagenu, poprawiaj\u0105c j\u0119drno\u015b\u0107 i elastyczno\u015b\u0107 sk\u00f3ry.<\/li>\n<li><strong>Glycol, Citric acid, Sodium benzoate, Potassium sorbate<\/strong>: Naturalne konserwanty i stabilizatory, kt\u00f3re zapewniaj\u0105 d\u0142ugotrwa\u0142\u0105 \u015bwie\u017co\u015b\u0107 kremu.<\/li>\n<li><strong>Colloidal Gold<\/strong>: Z\u0142oto koloidalne dzia\u0142a przeciwzapalnie i przeciwstarzeniowo, wspieraj\u0105c regeneracj\u0119 sk\u00f3ry.<\/li>\n<li><strong>Caprylyl Glycol<\/strong>: Sk\u0142adnik nawil\u017caj\u0105cy i konserwuj\u0105cy.<\/li>\n<li><strong>Mica, Tin Oxide, Titanium Dioxide<\/strong>: Naturalne minera\u0142y, kt\u00f3re nadaj\u0105 sk\u00f3rze zdrowy blask i chroni\u0105 j\u0105 przed szkodliwym dzia\u0142aniem promieni UV.<\/li>\n<\/ul>\n<h2>Efekty GoldRevive i ich charakterystyka<\/h2>\n<p>Stosowanie GoldRevive przynosi liczne korzy\u015bci dla sk\u00f3ry. Oto niekt\u00f3re z efekt\u00f3w, kt\u00f3re mo\u017cna zaobserwowa\u0107 po regularnym stosowaniu kremu:<\/p>\n<ul>\n<li><strong>Redukcja zmarszczek<\/strong>: Dzi\u0119ki zawarto\u015bci peptyd\u00f3w i z\u0142ota koloidalnego, krem skutecznie wyg\u0142adza zmarszczki i linie mimiczne.<\/li>\n<li><strong>Poprawa j\u0119drno\u015bci sk\u00f3ry<\/strong>: Naturalne oleje i ekstrakty ro\u015blinne wzmacniaj\u0105 turgor sk\u00f3ry, poprawiaj\u0105c jej elastyczno\u015b\u0107 i j\u0119drno\u015b\u0107.<\/li>\n<li><strong>Nawil\u017cenie i od\u017cywienie<\/strong>: Krem intensywnie nawil\u017ca sk\u00f3r\u0119, dostarczaj\u0105c jej niezb\u0119dnych sk\u0142adnik\u00f3w od\u017cywczych, co przek\u0142ada si\u0119 na zdrowszy i bardziej promienny wygl\u0105d.<\/li>\n<li><strong>Ochrona przed starzeniem<\/strong>: Regularne stosowanie GoldRevive pomaga w zapobieganiu pojawianiu si\u0119 nowych oznak starzenia, takich jak plamy pigmentacyjne i utrata elastyczno\u015bci sk\u00f3ry.<\/li>\n<\/ul>\n<h2>Ryzyko skutk\u00f3w ubocznych<\/h2>\n<p>GoldRevive jest produktem opartym na naturalnych sk\u0142adnikach, co minimalizuje ryzyko wyst\u0105pienia skutk\u00f3w ubocznych. Dzi\u0119ki starannie dobranej formule, krem jest odpowiedni dla wi\u0119kszo\u015bci typ\u00f3w sk\u00f3ry, w tym sk\u00f3ry wra\u017cliwej. Warto jednak zawsze przeprowadzi\u0107 test uczuleniowy przed pierwszym u\u017cyciem produktu, nak\u0142adaj\u0105c niewielk\u0105 ilo\u015b\u0107 kremu na ma\u0142y obszar sk\u00f3ry i obserwuj\u0105c reakcj\u0119 przez 24 godziny.<\/p>\n<p style=\"text-align: center;\"><a href=\"https:\/\/tl-track.com\/tracker\/uFTf\"><button>www.goldrevive.pl<\/button><\/a><\/p>\n<p>GoldRevive to niezawodna pomoc w walce z oznakami starzenia si\u0119 sk\u00f3ry. Dzi\u0119ki naturalnym sk\u0142adnikom, krem skutecznie redukuje zmarszczki, poprawia j\u0119drno\u015b\u0107 sk\u00f3ry oraz przywraca jej zdrowy i promienny wygl\u0105d. Minimalne ryzyko skutk\u00f3w ubocznych sprawia, \u017ce jest to produkt odpowiedni dla szerokiego grona u\u017cytkownik\u00f3w, pragn\u0105cych zadba\u0107 o kondycj\u0119 swojej sk\u00f3ry w spos\u00f3b naturalny i bezpieczny. Regularne stosowanie GoldRevive pozwala cieszy\u0107 si\u0119 m\u0142odszym i bardziej \u015bwie\u017cym wygl\u0105dem sk\u00f3ry przez d\u0142ugi czas.<\/p>\n<\/div>\n<\/div>\n<\/div>\n<\/div>\n<\/div>\n<\/div>\n<\/div>\n<\/div>\n<\/div>\n<div class=\"w-full text-token-text-primary\" dir=\"auto\" data-testid=\"conversation-turn-5\" data-scroll-anchor=\"true\">\n<div class=\"py-2 juice:py-[18px] px-3 text-base md:px-4 m-auto md:px-5 lg:px-1 xl:px-5\">\n<div class=\"mx-auto flex flex-1 gap-3 text-base juice:gap-4 juice:md:gap-5 juice:lg:gap-6 md:max-w-3xl lg:max-w-[40rem] xl:max-w-[48rem]\">\n<div class=\"group\/conversation-turn relative flex w-full min-w-0 flex-col agent-turn\">\n<div class=\"flex-col gap-1 md:gap-3\">\n<div class=\"flex flex-grow flex-col max-w-full\">\n<div class=\"min-h-[20px] text-message flex flex-col items-start whitespace-pre-wrap break-words [.text-message+&amp;]:mt-5 juice:w-full juice:items-end overflow-x-auto gap-2\" dir=\"auto\" data-message-author-role=\"assistant\" data-message-id=\"80280eea-2fc4-4f38-91dd-d00f7b16a49c\">\n<div class=\"flex w-full flex-col gap-1 juice:empty:hidden juice:first:pt-[3px]\">\n<div class=\"markdown prose w-full break-words dark:prose-invert light\">\n<h2>Opinie klient\u00f3w o GoldRevive: fora po\u015bwi\u0119cone zdrowiu<\/h2>\n<p>GoldRevive zdobywa coraz wi\u0119ksz\u0105 popularno\u015b\u0107 w\u015br\u00f3d polskich klient\u00f3w, o czym \u015bwiadczy liczba pozytywnych opinii na forach po\u015bwi\u0119conych zdrowiu i urodzie. Wiele os\u00f3b dzieli si\u0119 swoimi do\u015bwiadczeniami, opisuj\u0105c pozytywne dzia\u0142anie preparatu i jego przyst\u0119pno\u015b\u0107 cenow\u0105. Na forach mo\u017cna znale\u017a\u0107 liczne historie sukcesu u\u017cytkownik\u00f3w, kt\u00f3rzy zauwa\u017cyli widoczne efekty po stosowaniu GoldRevive.<\/p>\n<ul>\n<li><strong>Anna, 45 lat<\/strong>: &#8222;GoldRevive stosuj\u0119 od kilku miesi\u0119cy i jestem zachwycona efektami! Moja sk\u00f3ra jest bardziej j\u0119drna, a zmarszczki wyra\u017anie si\u0119 sp\u0142yci\u0142y. Dodatkowo, krem ma przyjemn\u0105 konsystencj\u0119 i szybko si\u0119 wch\u0142ania. Polecam ka\u017cdemu, kto chce zadba\u0107 o swoj\u0105 sk\u00f3r\u0119!&#8221;<\/li>\n<li><strong>Marek, 52 lata<\/strong>: &#8222;Na forach du\u017co czyta\u0142em o GoldRevive, wi\u0119c postanowi\u0142em spr\u00f3bowa\u0107. Musz\u0119 przyzna\u0107, \u017ce to by\u0142 strza\u0142 w dziesi\u0105tk\u0119. Sk\u00f3ra na twarzy jest widocznie m\u0142odsza, a zmarszczki mniej widoczne. Dodatkowo, krem jest bardzo wydajny, wi\u0119c na pewno b\u0119d\u0119 go u\u017cywa\u0142 przez d\u0142ugi czas.&#8221;<\/li>\n<\/ul>\n<h2>Spos\u00f3b podawania i dawkowanie<\/h2>\n<p>GoldRevive nale\u017cy stosowa\u0107 codziennie, najlepiej rano i wieczorem, na czyst\u0105 sk\u00f3r\u0119 twarzy i szyi. Niewielk\u0105 ilo\u015b\u0107 kremu nanie\u015b\u0107 na sk\u00f3r\u0119 i delikatnie wmasowa\u0107 kolistymi ruchami, a\u017c do ca\u0142kowitego wch\u0142oni\u0119cia. Regularne stosowanie produktu zapewnia najlepsze efekty, wspieraj\u0105c regeneracj\u0119 sk\u00f3ry i op\u00f3\u017aniaj\u0105c procesy starzenia.<\/p>\n<h2>Kup teraz GoldRevive z dostaw\u0105<\/h2>\n<p>Zakup GoldRevive jest niezwykle prosty i wygodny. Produkt mo\u017cna zam\u00f3wi\u0107 online, bez konieczno\u015bci wcze\u015bniejszej p\u0142atno\u015bci. Op\u0142ata za krem jest pobierana dopiero przy odbiorze przesy\u0142ki, co gwarantuje otrzymanie oryginalnego produktu bez ryzyka oszustwa. Dostawa na terenie Polski trwa zazwyczaj 3-4 dni. Po z\u0142o\u017ceniu zam\u00f3wienia, konsultant telefonicznie potwierdzi zam\u00f3wienie i udzieli informacji na temat dost\u0119pnych promocji oraz doradzi w kwestii odpowiedniej ilo\u015bci produktu.<\/p>\n<p style=\"text-align: center;\"><a href=\"https:\/\/tl-track.com\/tracker\/uFTf\"><button>Zakup na stronie producenta (-50%)<\/button><\/a><\/p>\n<h2>Por\u00f3wnanie ofert: ceny i dost\u0119pno\u015b\u0107 GoldRevive<\/h2>\n<p>Producent GoldRevive k\u0142adzie du\u017cy nacisk na dost\u0119pno\u015b\u0107 swojego produktu dla klient\u00f3w. Krem mo\u017cna kupi\u0107 bezpo\u015brednio na oficjalnej stronie producenta, co eliminuje konieczno\u015b\u0107 p\u0142acenia dodatkowych koszt\u00f3w zwi\u0105zanych z po\u015brednikami. Regularnie organizowane s\u0105 promocje, dzi\u0119ki kt\u00f3rym mo\u017cna naby\u0107 GoldRevive w korzystnych cenach. Aby by\u0107 na bie\u017c\u0105co z aktualnymi ofertami, warto regularnie sprawdza\u0107 stron\u0119 producenta. Produkt nie jest dost\u0119pny w stacjonarnych aptekach, co gwarantuje oryginalno\u015b\u0107 i konkurencyjn\u0105 cen\u0119.<\/p>\n<p>GoldRevive to doskona\u0142y wyb\u00f3r dla os\u00f3b pragn\u0105cych zadba\u0107 o swoj\u0105 sk\u00f3r\u0119 w spos\u00f3b naturalny i bezpieczny. Dzi\u0119ki wygodnemu zakupowi online, minimalnym ryzyku skutk\u00f3w ubocznych oraz licznym pozytywnym opiniom klient\u00f3w, krem ten cieszy si\u0119 coraz wi\u0119ksz\u0105 popularno\u015bci\u0105 na rynku. Regularne stosowanie GoldRevive zapewnia widoczne efekty, poprawiaj\u0105c kondycj\u0119 sk\u00f3ry i przeciwdzia\u0142aj\u0105c oznakom starzenia.<\/p>\n<\/div>\n<\/div>\n<\/div>\n<\/div>\n<\/div>\n<\/div>\n<\/div>\n<\/div>\n<\/div>\n","protected":false},"excerpt":{"rendered":"<p style=\"text-align: center;\"><a href=\"https:\/\/tl-track.com\/tracker\/uFTf\"><button>Kup teraz<\/button><\/a><\/p>\n<p>SKU:\u00a0<span class=\"sku\">789.005.656<\/span><\/p>\n<hr \/>\n<p><small>Produkt sprzedawany jest wy\u0142\u0105cznie za po\u015brednictwem oficjalnej strony producenta, id\u017a i kupuj bezpiecznie!<\/small><\/p>\n","protected":false},"featured_media":962,"comment_status":"open","ping_status":"closed","template":"","meta":[],"product_brand":[],"product_cat":[15],"product_tag":[],"class_list":{"0":"post-961","1":"product","2":"type-product","3":"status-publish","4":"has-post-thumbnail","6":"product_cat-supl","7":"thunk-woo-product-list","8":"opn-qv-enable","9":"top-store-woo-hover-","10":"top-store-single-product-tab-horizontal","11":"top-store-shadow-","12":"top-store-shadow-hover-","14":"first","15":"instock","16":"sale","17":"shipping-taxable","18":"purchasable","19":"product-type-simple"},"yoast_head":"<!-- This site is optimized with the Yoast SEO plugin v27.4 - https:\/\/yoast.com\/product\/yoast-seo-wordpress\/ -->\n<title>GoldRevive - kup suplement, cena w aptece, sk\u0142ad, dzia\u0142anie<\/title>\n<meta name=\"robots\" content=\"index, follow, max-snippet:-1, max-image-preview:large, max-video-preview:-1\" \/>\n<link rel=\"canonical\" href=\"https:\/\/lekarzeopole.pl\/wordpress\/product\/goldrevive\/\" \/>\n<meta property=\"og:locale\" content=\"pl_PL\" \/>\n<meta property=\"og:type\" content=\"article\" \/>\n<meta property=\"og:title\" content=\"GoldRevive - kup suplement, cena w aptece, sk\u0142ad, dzia\u0142anie\" \/>\n<meta property=\"og:description\" content=\"Kup teraz SKU:\u00a0789.005.656    Produkt sprzedawany jest wy\u0142\u0105cznie za po\u015brednictwem oficjalnej strony producenta, id\u017a i kupuj bezpiecznie!\" \/>\n<meta property=\"og:url\" content=\"https:\/\/lekarzeopole.pl\/wordpress\/product\/goldrevive\/\" \/>\n<meta property=\"og:site_name\" content=\"Lekarze Opole\" \/>\n<meta property=\"article:modified_time\" content=\"2024-07-08T10:17:13+00:00\" \/>\n<meta property=\"og:image\" content=\"https:\/\/lekarzeopole.pl\/wordpress\/wp-content\/uploads\/2024\/07\/goldrevive.jpg\" \/>\n\t<meta property=\"og:image:width\" content=\"300\" \/>\n\t<meta property=\"og:image:height\" content=\"420\" \/>\n\t<meta property=\"og:image:type\" content=\"image\/jpeg\" \/>\n<meta name=\"twitter:card\" content=\"summary_large_image\" \/>\n<meta name=\"twitter:label1\" content=\"Szacowany czas czytania\" \/>\n\t<meta name=\"twitter:data1\" content=\"7 minut\" \/>\n<script type=\"application\/ld+json\" class=\"yoast-schema-graph\">{\"@context\":\"https:\\\/\\\/schema.org\",\"@graph\":[{\"@type\":\"WebPage\",\"@id\":\"https:\\\/\\\/lekarzeopole.pl\\\/wordpress\\\/product\\\/goldrevive\\\/\",\"url\":\"https:\\\/\\\/lekarzeopole.pl\\\/wordpress\\\/product\\\/goldrevive\\\/\",\"name\":\"GoldRevive - kup suplement, cena w aptece, sk\u0142ad, dzia\u0142anie\",\"isPartOf\":{\"@id\":\"https:\\\/\\\/lekarzeopole.pl\\\/wordpress\\\/#website\"},\"primaryImageOfPage\":{\"@id\":\"https:\\\/\\\/lekarzeopole.pl\\\/wordpress\\\/product\\\/goldrevive\\\/#primaryimage\"},\"image\":{\"@id\":\"https:\\\/\\\/lekarzeopole.pl\\\/wordpress\\\/product\\\/goldrevive\\\/#primaryimage\"},\"thumbnailUrl\":\"https:\\\/\\\/lekarzeopole.pl\\\/wordpress\\\/wp-content\\\/uploads\\\/2024\\\/07\\\/goldrevive.jpg\",\"datePublished\":\"2024-07-08T10:17:10+00:00\",\"dateModified\":\"2024-07-08T10:17:13+00:00\",\"breadcrumb\":{\"@id\":\"https:\\\/\\\/lekarzeopole.pl\\\/wordpress\\\/product\\\/goldrevive\\\/#breadcrumb\"},\"inLanguage\":\"pl-PL\",\"potentialAction\":[{\"@type\":\"ReadAction\",\"target\":[\"https:\\\/\\\/lekarzeopole.pl\\\/wordpress\\\/product\\\/goldrevive\\\/\"]}]},{\"@type\":\"ImageObject\",\"inLanguage\":\"pl-PL\",\"@id\":\"https:\\\/\\\/lekarzeopole.pl\\\/wordpress\\\/product\\\/goldrevive\\\/#primaryimage\",\"url\":\"https:\\\/\\\/lekarzeopole.pl\\\/wordpress\\\/wp-content\\\/uploads\\\/2024\\\/07\\\/goldrevive.jpg\",\"contentUrl\":\"https:\\\/\\\/lekarzeopole.pl\\\/wordpress\\\/wp-content\\\/uploads\\\/2024\\\/07\\\/goldrevive.jpg\",\"width\":300,\"height\":420,\"caption\":\"GoldRevive\"},{\"@type\":\"BreadcrumbList\",\"@id\":\"https:\\\/\\\/lekarzeopole.pl\\\/wordpress\\\/product\\\/goldrevive\\\/#breadcrumb\",\"itemListElement\":[{\"@type\":\"ListItem\",\"position\":1,\"name\":\"\u0413\u043b\u0430\u0432\u043d\u0430\u044f \u0441\u0442\u0440\u0430\u043d\u0438\u0446\u0430\",\"item\":\"https:\\\/\\\/lekarzeopole.pl\\\/wordpress\\\/\"},{\"@type\":\"ListItem\",\"position\":2,\"name\":\"Zakup\",\"item\":\"https:\\\/\\\/lekarzeopole.pl\\\/wordpress\\\/\"},{\"@type\":\"ListItem\",\"position\":3,\"name\":\"GoldRevive\"}]},{\"@type\":\"WebSite\",\"@id\":\"https:\\\/\\\/lekarzeopole.pl\\\/wordpress\\\/#website\",\"url\":\"https:\\\/\\\/lekarzeopole.pl\\\/wordpress\\\/\",\"name\":\"Lekarze Opole\",\"description\":\"\",\"potentialAction\":[{\"@type\":\"SearchAction\",\"target\":{\"@type\":\"EntryPoint\",\"urlTemplate\":\"https:\\\/\\\/lekarzeopole.pl\\\/wordpress\\\/?s={search_term_string}\"},\"query-input\":{\"@type\":\"PropertyValueSpecification\",\"valueRequired\":true,\"valueName\":\"search_term_string\"}}],\"inLanguage\":\"pl-PL\"}]}<\/script>\n<!-- \/ Yoast SEO plugin. -->","yoast_head_json":{"title":"GoldRevive - kup suplement, cena w aptece, sk\u0142ad, dzia\u0142anie","robots":{"index":"index","follow":"follow","max-snippet":"max-snippet:-1","max-image-preview":"max-image-preview:large","max-video-preview":"max-video-preview:-1"},"canonical":"https:\/\/lekarzeopole.pl\/wordpress\/product\/goldrevive\/","og_locale":"pl_PL","og_type":"article","og_title":"GoldRevive - kup suplement, cena w aptece, sk\u0142ad, dzia\u0142anie","og_description":"Kup teraz SKU:\u00a0789.005.656    Produkt sprzedawany jest wy\u0142\u0105cznie za po\u015brednictwem oficjalnej strony producenta, id\u017a i kupuj bezpiecznie!","og_url":"https:\/\/lekarzeopole.pl\/wordpress\/product\/goldrevive\/","og_site_name":"Lekarze Opole","article_modified_time":"2024-07-08T10:17:13+00:00","og_image":[{"width":300,"height":420,"url":"https:\/\/lekarzeopole.pl\/wordpress\/wp-content\/uploads\/2024\/07\/goldrevive.jpg","type":"image\/jpeg"}],"twitter_card":"summary_large_image","twitter_misc":{"Szacowany czas czytania":"7 minut"},"schema":{"@context":"https:\/\/schema.org","@graph":[{"@type":"WebPage","@id":"https:\/\/lekarzeopole.pl\/wordpress\/product\/goldrevive\/","url":"https:\/\/lekarzeopole.pl\/wordpress\/product\/goldrevive\/","name":"GoldRevive - kup suplement, cena w aptece, sk\u0142ad, dzia\u0142anie","isPartOf":{"@id":"https:\/\/lekarzeopole.pl\/wordpress\/#website"},"primaryImageOfPage":{"@id":"https:\/\/lekarzeopole.pl\/wordpress\/product\/goldrevive\/#primaryimage"},"image":{"@id":"https:\/\/lekarzeopole.pl\/wordpress\/product\/goldrevive\/#primaryimage"},"thumbnailUrl":"https:\/\/lekarzeopole.pl\/wordpress\/wp-content\/uploads\/2024\/07\/goldrevive.jpg","datePublished":"2024-07-08T10:17:10+00:00","dateModified":"2024-07-08T10:17:13+00:00","breadcrumb":{"@id":"https:\/\/lekarzeopole.pl\/wordpress\/product\/goldrevive\/#breadcrumb"},"inLanguage":"pl-PL","potentialAction":[{"@type":"ReadAction","target":["https:\/\/lekarzeopole.pl\/wordpress\/product\/goldrevive\/"]}]},{"@type":"ImageObject","inLanguage":"pl-PL","@id":"https:\/\/lekarzeopole.pl\/wordpress\/product\/goldrevive\/#primaryimage","url":"https:\/\/lekarzeopole.pl\/wordpress\/wp-content\/uploads\/2024\/07\/goldrevive.jpg","contentUrl":"https:\/\/lekarzeopole.pl\/wordpress\/wp-content\/uploads\/2024\/07\/goldrevive.jpg","width":300,"height":420,"caption":"GoldRevive"},{"@type":"BreadcrumbList","@id":"https:\/\/lekarzeopole.pl\/wordpress\/product\/goldrevive\/#breadcrumb","itemListElement":[{"@type":"ListItem","position":1,"name":"\u0413\u043b\u0430\u0432\u043d\u0430\u044f \u0441\u0442\u0440\u0430\u043d\u0438\u0446\u0430","item":"https:\/\/lekarzeopole.pl\/wordpress\/"},{"@type":"ListItem","position":2,"name":"Zakup","item":"https:\/\/lekarzeopole.pl\/wordpress\/"},{"@type":"ListItem","position":3,"name":"GoldRevive"}]},{"@type":"WebSite","@id":"https:\/\/lekarzeopole.pl\/wordpress\/#website","url":"https:\/\/lekarzeopole.pl\/wordpress\/","name":"Lekarze Opole","description":"","potentialAction":[{"@type":"SearchAction","target":{"@type":"EntryPoint","urlTemplate":"https:\/\/lekarzeopole.pl\/wordpress\/?s={search_term_string}"},"query-input":{"@type":"PropertyValueSpecification","valueRequired":true,"valueName":"search_term_string"}}],"inLanguage":"pl-PL"}]}},"_links":{"self":[{"href":"https:\/\/lekarzeopole.pl\/wordpress\/wp-json\/wp\/v2\/product\/961","targetHints":{"allow":["GET"]}}],"collection":[{"href":"https:\/\/lekarzeopole.pl\/wordpress\/wp-json\/wp\/v2\/product"}],"about":[{"href":"https:\/\/lekarzeopole.pl\/wordpress\/wp-json\/wp\/v2\/types\/product"}],"replies":[{"embeddable":true,"href":"https:\/\/lekarzeopole.pl\/wordpress\/wp-json\/wp\/v2\/comments?post=961"}],"wp:featuredmedia":[{"embeddable":true,"href":"https:\/\/lekarzeopole.pl\/wordpress\/wp-json\/wp\/v2\/media\/962"}],"wp:attachment":[{"href":"https:\/\/lekarzeopole.pl\/wordpress\/wp-json\/wp\/v2\/media?parent=961"}],"wp:term":[{"taxonomy":"product_brand","embeddable":true,"href":"https:\/\/lekarzeopole.pl\/wordpress\/wp-json\/wp\/v2\/product_brand?post=961"},{"taxonomy":"product_cat","embeddable":true,"href":"https:\/\/lekarzeopole.pl\/wordpress\/wp-json\/wp\/v2\/product_cat?post=961"},{"taxonomy":"product_tag","embeddable":true,"href":"https:\/\/lekarzeopole.pl\/wordpress\/wp-json\/wp\/v2\/product_tag?post=961"}],"curies":[{"name":"wp","href":"https:\/\/api.w.org\/{rel}","templated":true}]}}