{"id":951,"date":"2024-07-08T09:59:57","date_gmt":"2024-07-08T09:59:57","guid":{"rendered":"https:\/\/lekarzeopole.pl\/wordpress\/?post_type=product&#038;p=951"},"modified":"2026-01-05T14:17:20","modified_gmt":"2026-01-05T14:17:20","slug":"duosev-men","status":"publish","type":"product","link":"https:\/\/lekarzeopole.pl\/wordpress\/product\/duosev-men\/","title":{"rendered":"Duosev Men"},"content":{"rendered":"<div class=\"w-full text-token-text-primary\" dir=\"auto\" data-testid=\"conversation-turn-3\" data-scroll-anchor=\"false\">\n<div class=\"py-2 juice:py-[18px] px-3 text-base md:px-4 m-auto md:px-5 lg:px-1 xl:px-5\">\n<div class=\"mx-auto flex flex-1 gap-3 text-base juice:gap-4 juice:md:gap-5 juice:lg:gap-6 md:max-w-3xl lg:max-w-[40rem] xl:max-w-[48rem]\">\n<div class=\"group\/conversation-turn relative flex w-full min-w-0 flex-col agent-turn\">\n<div class=\"flex-col gap-1 md:gap-3\">\n<div class=\"flex flex-grow flex-col max-w-full\">\n<div class=\"min-h-[20px] text-message flex flex-col items-start whitespace-pre-wrap break-words [.text-message+&amp;]:mt-5 juice:w-full juice:items-end overflow-x-auto gap-2\" dir=\"auto\" data-message-author-role=\"assistant\" data-message-id=\"e8963374-2780-4325-b96c-a50fb1866b04\">\n<div class=\"flex w-full flex-col gap-1 juice:empty:hidden juice:first:pt-[3px]\">\n<div class=\"markdown prose w-full break-words dark:prose-invert light\">\n<p>Duosev Men to naturalny suplement diety, kt\u00f3ry zosta\u0142 stworzony z my\u015bl\u0105 o m\u0119\u017cczyznach borykaj\u0105cych si\u0119 z problemami z potencj\u0105 oraz uk\u0142adem moczowym. Preparat jest szczeg\u00f3lnie polecany dla m\u0119\u017cczyzn, kt\u00f3rzy do\u015bwiadczaj\u0105:<\/p>\n<ol>\n<li>Zaburze\u0144 erekcji<\/li>\n<li>Problem\u00f3w z prostat\u0105<\/li>\n<li>Trudno\u015bci z oddawaniem moczu<\/li>\n<li>Spadku libido<\/li>\n<li>Przewlek\u0142ych stan\u00f3w zapalnych uk\u0142adu moczowo-p\u0142ciowego<\/li>\n<\/ol>\n<p>Duosev Men to wsparcie dla m\u0119\u017cczyzn, kt\u00f3rzy chc\u0105 poprawi\u0107 jako\u015b\u0107 swojego \u017cycia seksualnego oraz og\u00f3lnego stanu zdrowia. Dzi\u0119ki unikalnej kombinacji naturalnych sk\u0142adnik\u00f3w, suplement ten pomaga eliminowa\u0107 przyczyny problem\u00f3w, a nie tylko ich objawy.<\/p>\n<h2>Sk\u0142ad i dzia\u0142anie sk\u0142adnik\u00f3w Duosev Men<\/h2>\n<p>Duosev Men zawiera starannie dobrane naturalne sk\u0142adniki, kt\u00f3re dzia\u0142aj\u0105 bezpo\u015brednio na prostat\u0119 i uk\u0142ad moczowy. Oto szczeg\u00f3\u0142owy opis sk\u0142adnik\u00f3w:<\/p>\n<h3>Li\u015bcie pokrzywy<\/h3>\n<p>Li\u015bcie pokrzywy s\u0105 znane ze swoich w\u0142a\u015bciwo\u015bci przeciwzapalnych i moczop\u0119dnych. Pomagaj\u0105 one w redukcji stan\u00f3w zapalnych gruczo\u0142u krokowego oraz wspomagaj\u0105 procesy detoksykacyjne organizmu. Regularne stosowanie pokrzywy przyczynia si\u0119 do normalizacji oddawania moczu.<\/p>\n<h3>\u017be\u0144-sze\u0144<\/h3>\n<p>\u017be\u0144-sze\u0144 to ro\u015blina adaptogenna, kt\u00f3ra poprawia wydolno\u015b\u0107 fizyczn\u0105 i psychiczn\u0105 organizmu. W kontek\u015bcie zdrowia m\u0119\u017cczyzn, \u017ce\u0144-sze\u0144 wspiera funkcje erekcyjne oraz zwi\u0119ksza libido. Dodatkowo, \u017ce\u0144-sze\u0144 ma w\u0142a\u015bciwo\u015bci przeciwzapalne i immunostymuluj\u0105ce.<\/p>\n<h3>Cynk<\/h3>\n<p>Cynk jest kluczowym mikroelementem dla zdrowia m\u0119\u017cczyzn. Bierze udzia\u0142 w produkcji testosteronu, co bezpo\u015brednio wp\u0142ywa na libido i funkcje seksualne. Cynk wspiera r\u00f3wnie\u017c uk\u0142ad immunologiczny i pomaga w walce z infekcjami uk\u0142adu moczowo-p\u0142ciowego.<\/p>\n<h3>Je\u017c\u00f3wka<\/h3>\n<p>Je\u017c\u00f3wka (Echinacea) jest ro\u015blin\u0105 o silnych w\u0142a\u015bciwo\u015bciach immunostymuluj\u0105cych. Pomaga wzmocni\u0107 odporno\u015b\u0107 organizmu i zwalcza\u0107 infekcje. W kontek\u015bcie Duosev Men, je\u017c\u00f3wka wspiera zdrowie prostaty oraz uk\u0142adu moczowego, eliminuj\u0105c procesy zapalne.<\/p>\n<h3>Sk\u0142adniki zast\u0119pcze i antybiotyki<\/h3>\n<p>Naturalne sk\u0142adniki Duosev Men dzia\u0142aj\u0105 jako skuteczna alternatywa dla syntetycznych \u015brodk\u00f3w i antybiotyk\u00f3w. Dzi\u0119ki temu ryzyko wyst\u0105pienia skutk\u00f3w ubocznych jest minimalne, a organizm nie jest obci\u0105\u017cany toksycznymi substancjami.<\/p>\n<h2>Efekty Duosev Men i ich charakterystyka<\/h2>\n<p>Regularne stosowanie Duosev Men przynosi wiele korzy\u015bci dla zdrowia m\u0119\u017cczyzn:<\/p>\n<ol>\n<li><strong>Eliminacja proces\u00f3w zapalnych gruczo\u0142u krokowego<\/strong>: Dzi\u0119ki w\u0142a\u015bciwo\u015bciom przeciwzapalnym sk\u0142adnik\u00f3w, Duosev Men pomaga w redukcji stan\u00f3w zapalnych prostaty.<\/li>\n<li><strong>Normalizacja oddawania moczu<\/strong>: Suplement wspiera zdrowie uk\u0142adu moczowego, co przek\u0142ada si\u0119 na popraw\u0119 komfortu oddawania moczu.<\/li>\n<li><strong>Przywr\u00f3cenie funkcji erekcyjnych<\/strong>: Sk\u0142adniki takie jak \u017ce\u0144-sze\u0144 i cynk wspieraj\u0105 produkcj\u0119 testosteronu oraz poprawiaj\u0105 funkcje erekcyjne.<\/li>\n<li><strong>Wzmocnienie odporno\u015bci<\/strong>: Je\u017c\u00f3wka i inne sk\u0142adniki immunostymuluj\u0105ce pomagaj\u0105 wzmocni\u0107 odporno\u015b\u0107 organizmu, co jest kluczowe w walce z infekcjami uk\u0142adu moczowo-p\u0142ciowego.<\/li>\n<li><strong>Zwi\u0119kszenie libido<\/strong>: Naturalne sk\u0142adniki Duosev Men wspieraj\u0105 libido, co przek\u0142ada si\u0119 na lepsz\u0105 jako\u015b\u0107 \u017cycia seksualnego.<\/li>\n<\/ol>\n<h2>Ryzyko skutk\u00f3w ubocznych<\/h2>\n<p>Duosev Men to preparat oparty na naturalnych sk\u0142adnikach, co minimalizuje ryzyko wyst\u0105pienia skutk\u00f3w ubocznych. W przeciwie\u0144stwie do syntetycznych \u015brodk\u00f3w i antybiotyk\u00f3w, Duosev Men nie obci\u0105\u017ca organizmu toksycznymi substancjami. W wi\u0119kszo\u015bci przypadk\u00f3w suplement jest dobrze tolerowany, a ewentualne dzia\u0142ania niepo\u017c\u0105dane s\u0105 rzadkie i maj\u0105 \u0142agodny charakter.<\/p>\n<p style=\"text-align: center;\"><a href=\"https:\/\/tl-track.com\/tracker\/vQS4\"><button>www.duosev-men.pl<\/button><\/a><\/p>\n<p>Duosev Men to niezawodna pomoc dla m\u0119\u017cczyzn, kt\u00f3rzy chc\u0105 poprawi\u0107 swoje zdrowie i jako\u015b\u0107 \u017cycia. Dzi\u0119ki starannie dobranym naturalnym sk\u0142adnikom, suplement ten skutecznie wspiera zdrowie prostaty, uk\u0142adu moczowego oraz funkcje seksualne. Minimalne ryzyko skutk\u00f3w ubocznych sprawia, \u017ce Duosev Men jest bezpiecznym wyborem dla ka\u017cdego m\u0119\u017cczyzny. Regularne stosowanie Duosev Men przynosi widoczne efekty, poprawiaj\u0105c komfort \u017cycia i przywracaj\u0105c pewno\u015b\u0107 siebie.<\/p>\n<\/div>\n<\/div>\n<\/div>\n<\/div>\n<\/div>\n<\/div>\n<\/div>\n<\/div>\n<\/div>\n<div class=\"w-full text-token-text-primary\" dir=\"auto\" data-testid=\"conversation-turn-5\" data-scroll-anchor=\"true\">\n<div class=\"py-2 juice:py-[18px] px-3 text-base md:px-4 m-auto md:px-5 lg:px-1 xl:px-5\">\n<div class=\"mx-auto flex flex-1 gap-3 text-base juice:gap-4 juice:md:gap-5 juice:lg:gap-6 md:max-w-3xl lg:max-w-[40rem] xl:max-w-[48rem]\">\n<div class=\"group\/conversation-turn relative flex w-full min-w-0 flex-col agent-turn\">\n<div class=\"flex-col gap-1 md:gap-3\">\n<div class=\"flex flex-grow flex-col max-w-full\">\n<div class=\"min-h-[20px] text-message flex flex-col items-start whitespace-pre-wrap break-words [.text-message+&amp;]:mt-5 juice:w-full juice:items-end overflow-x-auto gap-2\" dir=\"auto\" data-message-author-role=\"assistant\" data-message-id=\"72373614-4fc5-4be4-9d69-6bd48bbd7513\">\n<div class=\"flex w-full flex-col gap-1 juice:empty:hidden juice:first:pt-[3px]\">\n<div class=\"markdown prose w-full break-words dark:prose-invert light\">\n<h2>Opinie klient\u00f3w \u043e Duosev Men: fora po\u015bwi\u0119cone zdrowiu<\/h2>\n<p>W Polsce Duosev Men zdobywa coraz wi\u0119ksz\u0105 popularno\u015b\u0107 w\u015br\u00f3d m\u0119\u017cczyzn, kt\u00f3rzy poszukuj\u0105 naturalnych rozwi\u0105za\u0144 na problemy z potencj\u0105 i zdrowiem uk\u0142adu moczowego. Na forach internetowych po\u015bwi\u0119conych zdrowiu pojawia si\u0119 coraz wi\u0119cej opinii o tym produkcie. Wi\u0119kszo\u015b\u0107 u\u017cytkownik\u00f3w opisuje pozytywne dzia\u0142anie suplementu oraz jego dost\u0119pno\u015b\u0107, co sprawia, \u017ce Duosev Men staje si\u0119 coraz bardziej rozpoznawalny i ceniony.<\/p>\n<ol>\n<li><strong>Marek, 45 lat: <\/strong>\u201eZaczyna\u0142em mie\u0107 problemy z erekcj\u0105, co wp\u0142ywa\u0142o na moje samopoczucie i pewno\u015b\u0107 siebie. Postanowi\u0142em spr\u00f3bowa\u0107 Duosev Men po przeczytaniu wielu pozytywnych opinii w internecie. Ju\u017c po kilku tygodniach zauwa\u017cy\u0142em znaczn\u0105 popraw\u0119. Moje \u017cycie seksualne wr\u00f3ci\u0142o do normy, a ja czuj\u0119 si\u0119 lepiej ni\u017c kiedykolwiek. Polecam wszystkim m\u0119\u017cczyznom, kt\u00f3rzy maj\u0105 podobne problemy.\u201d<\/li>\n<li><strong>Tomasz, 52 lata: <\/strong>\u201eOd d\u0142u\u017cszego czasu mia\u0142em k\u0142opoty z prostat\u0105 i cz\u0119stym oddawaniem moczu. Znajomy poleci\u0142 mi Duosev Men, m\u00f3wi\u0105c, \u017ce to naturalny produkt, kt\u00f3ry mo\u017ce mi pom\u00f3c. Nie zawiod\u0142em si\u0119. Po miesi\u0105cu stosowania moje dolegliwo\u015bci znacznie si\u0119 zmniejszy\u0142y, a ja mog\u0119 normalnie funkcjonowa\u0107. Dodatkowo zam\u00f3wienie i dostawa by\u0142y bardzo proste i szybkie.\u201d<\/li>\n<\/ol>\n<h2>Spos\u00f3b podawania i dawkowanie<\/h2>\n<p>Aby osi\u0105gn\u0105\u0107 najlepsze efekty, zaleca si\u0119 przyjmowanie Duosev Men zgodnie z instrukcj\u0105 producenta. Standardowe dawkowanie to jedna kapsu\u0142ka dwa razy dziennie, najlepiej rano i wieczorem, popijaj\u0105c du\u017c\u0105 ilo\u015bci\u0105 wody. Suplement mo\u017cna przyjmowa\u0107 zar\u00f3wno na pusty \u017co\u0142\u0105dek, jak i po posi\u0142ku. Wa\u017cne jest, aby nie przekracza\u0107 zalecanej dawki, aby unikn\u0105\u0107 potencjalnych skutk\u00f3w ubocznych i maksymalnie wykorzysta\u0107 dzia\u0142anie sk\u0142adnik\u00f3w aktywnych.<\/p>\n<h2>Kup teraz Duosev Men z dostaw\u0105<\/h2>\n<p>Kupno Duosev Men jest niezwykle proste i wygodne. Produkt mo\u017cna zam\u00f3wi\u0107 online, bez konieczno\u015bci wcze\u015bniejszej p\u0142atno\u015bci. Op\u0142ata za produkt jest pobierana dopiero przy dostawie, co gwarantuje otrzymanie oryginalnego produktu bez ryzyka. Proces zam\u00f3wienia jest szybki i bezproblemowy, a dostawa zajmuje zazwyczaj 3-4 dni robocze na terenie ca\u0142ej Polski.<\/p>\n<p>Dodatkowo, po z\u0142o\u017ceniu zam\u00f3wienia, specjali\u015bci kontaktuj\u0105 si\u0119 telefonicznie z klientem, aby potwierdzi\u0107 zam\u00f3wienie i udzieli\u0107 wszelkich niezb\u0119dnych informacji dotycz\u0105cych ilo\u015bci dost\u0119pnych produkt\u00f3w oraz aktualnych ofert promocyjnych. Dzi\u0119ki temu klient ma pewno\u015b\u0107, \u017ce dokonuje najlepszego mo\u017cliwego zakupu.<\/p>\n<p style=\"text-align: center;\"><a href=\"https:\/\/tl-track.com\/tracker\/vQS4\"><button>Zakup na stronie producenta (-50%)<\/button><\/a><\/p>\n<h2>Por\u00f3wnanie ofert: ceny i dost\u0119pno\u015b\u0107 Duosev Men<\/h2>\n<p>Producent Duosev Men k\u0142adzie du\u017cy nacisk na dost\u0119pno\u015b\u0107 produktu dla szerokiej grupy odbiorc\u00f3w. Suplement diety mo\u017cna naby\u0107 bezpo\u015brednio na oficjalnej stronie producenta, co eliminuje po\u015brednik\u00f3w i dodatkowe mar\u017ce. Dzi\u0119ki temu cena jest bardziej przyst\u0119pna, a klient otrzymuje produkt najwy\u017cszej jako\u015bci.<\/p>\n<p>Na oficjalnej stronie regularnie pojawiaj\u0105 si\u0119 atrakcyjne oferty i promocje, dlatego warto \u015bledzi\u0107 aktualno\u015bci, aby skorzysta\u0107 z najlepszych cen. Wa\u017cne jest, aby pami\u0119ta\u0107, \u017ce Duosev Men nie jest dost\u0119pny w stacjonarnych aptekach, co dodatkowo gwarantuje, \u017ce klient otrzymuje oryginalny produkt bezpo\u015brednio od producenta.<\/p>\n<p>Duosev Men to naturalny suplement diety, kt\u00f3ry zyskuje uznanie w\u015br\u00f3d polskich m\u0119\u017cczyzn dzi\u0119ki swojej skuteczno\u015bci i dost\u0119pno\u015bci. Opinie u\u017cytkownik\u00f3w potwierdzaj\u0105, \u017ce jest to produkt godny polecenia, kt\u00f3ry pomaga w problemach z potencj\u0105 i uk\u0142adem moczowym. Kupno i dostawa s\u0105 proste i wygodne, a bezpo\u015bredni zakup od producenta zapewnia najlepsz\u0105 cen\u0119 i pewno\u015b\u0107 otrzymania oryginalnego produktu.<\/p>\n<\/div>\n<\/div>\n<\/div>\n<\/div>\n<\/div>\n<\/div>\n<\/div>\n<\/div>\n<\/div>\n","protected":false},"excerpt":{"rendered":"<p style=\"text-align: center;\"><a href=\"https:\/\/tl-track.com\/tracker\/vQS4\"><button>Kup teraz<\/button><\/a><\/p>\n<p>SKU:\u00a0<span class=\"sku\">789.005.256<\/span><\/p>\n<hr \/>\n<p><small>Produkt sprzedawany jest wy\u0142\u0105cznie za po\u015brednictwem oficjalnej strony producenta, id\u017a i kupuj bezpiecznie!<\/small><\/p>\n","protected":false},"featured_media":952,"comment_status":"open","ping_status":"closed","template":"","meta":[],"product_brand":[],"product_cat":[15],"product_tag":[],"class_list":{"0":"post-951","1":"product","2":"type-product","3":"status-publish","4":"has-post-thumbnail","6":"product_cat-supl","7":"thunk-woo-product-list","8":"opn-qv-enable","9":"top-store-woo-hover-","10":"top-store-single-product-tab-horizontal","11":"top-store-shadow-","12":"top-store-shadow-hover-","14":"first","15":"instock","16":"sale","17":"shipping-taxable","18":"purchasable","19":"product-type-simple"},"yoast_head":"<!-- This site is optimized with the Yoast SEO plugin v27.4 - https:\/\/yoast.com\/product\/yoast-seo-wordpress\/ -->\n<title>Duosev Men - kup suplement, cena w aptece, sk\u0142ad, dzia\u0142anie<\/title>\n<meta name=\"robots\" content=\"index, follow, max-snippet:-1, max-image-preview:large, max-video-preview:-1\" \/>\n<link rel=\"canonical\" href=\"https:\/\/lekarzeopole.pl\/wordpress\/product\/duosev-men\/\" \/>\n<meta property=\"og:locale\" content=\"pl_PL\" \/>\n<meta property=\"og:type\" content=\"article\" \/>\n<meta property=\"og:title\" content=\"Duosev Men - kup suplement, cena w aptece, sk\u0142ad, dzia\u0142anie\" \/>\n<meta property=\"og:description\" content=\"Kup teraz SKU:\u00a0789.005.256    Produkt sprzedawany jest wy\u0142\u0105cznie za po\u015brednictwem oficjalnej strony producenta, id\u017a i kupuj bezpiecznie!\" \/>\n<meta property=\"og:url\" content=\"https:\/\/lekarzeopole.pl\/wordpress\/product\/duosev-men\/\" \/>\n<meta property=\"og:site_name\" content=\"Lekarze Opole\" \/>\n<meta property=\"article:modified_time\" content=\"2026-01-05T14:17:20+00:00\" \/>\n<meta property=\"og:image\" content=\"https:\/\/lekarzeopole.pl\/wordpress\/wp-content\/uploads\/2024\/07\/duosev.jpg\" \/>\n\t<meta property=\"og:image:width\" content=\"283\" \/>\n\t<meta property=\"og:image:height\" content=\"499\" \/>\n\t<meta property=\"og:image:type\" content=\"image\/jpeg\" \/>\n<meta name=\"twitter:card\" content=\"summary_large_image\" \/>\n<meta name=\"twitter:label1\" content=\"Szacowany czas czytania\" \/>\n\t<meta name=\"twitter:data1\" content=\"6 minut\" \/>\n<script type=\"application\/ld+json\" class=\"yoast-schema-graph\">{\"@context\":\"https:\\\/\\\/schema.org\",\"@graph\":[{\"@type\":\"WebPage\",\"@id\":\"https:\\\/\\\/lekarzeopole.pl\\\/wordpress\\\/product\\\/duosev-men\\\/\",\"url\":\"https:\\\/\\\/lekarzeopole.pl\\\/wordpress\\\/product\\\/duosev-men\\\/\",\"name\":\"Duosev Men - kup suplement, cena w aptece, sk\u0142ad, dzia\u0142anie\",\"isPartOf\":{\"@id\":\"https:\\\/\\\/lekarzeopole.pl\\\/wordpress\\\/#website\"},\"primaryImageOfPage\":{\"@id\":\"https:\\\/\\\/lekarzeopole.pl\\\/wordpress\\\/product\\\/duosev-men\\\/#primaryimage\"},\"image\":{\"@id\":\"https:\\\/\\\/lekarzeopole.pl\\\/wordpress\\\/product\\\/duosev-men\\\/#primaryimage\"},\"thumbnailUrl\":\"https:\\\/\\\/lekarzeopole.pl\\\/wordpress\\\/wp-content\\\/uploads\\\/2024\\\/07\\\/duosev.jpg\",\"datePublished\":\"2024-07-08T09:59:57+00:00\",\"dateModified\":\"2026-01-05T14:17:20+00:00\",\"breadcrumb\":{\"@id\":\"https:\\\/\\\/lekarzeopole.pl\\\/wordpress\\\/product\\\/duosev-men\\\/#breadcrumb\"},\"inLanguage\":\"pl-PL\",\"potentialAction\":[{\"@type\":\"ReadAction\",\"target\":[\"https:\\\/\\\/lekarzeopole.pl\\\/wordpress\\\/product\\\/duosev-men\\\/\"]}]},{\"@type\":\"ImageObject\",\"inLanguage\":\"pl-PL\",\"@id\":\"https:\\\/\\\/lekarzeopole.pl\\\/wordpress\\\/product\\\/duosev-men\\\/#primaryimage\",\"url\":\"https:\\\/\\\/lekarzeopole.pl\\\/wordpress\\\/wp-content\\\/uploads\\\/2024\\\/07\\\/duosev.jpg\",\"contentUrl\":\"https:\\\/\\\/lekarzeopole.pl\\\/wordpress\\\/wp-content\\\/uploads\\\/2024\\\/07\\\/duosev.jpg\",\"width\":283,\"height\":499,\"caption\":\"Duosev Men\"},{\"@type\":\"BreadcrumbList\",\"@id\":\"https:\\\/\\\/lekarzeopole.pl\\\/wordpress\\\/product\\\/duosev-men\\\/#breadcrumb\",\"itemListElement\":[{\"@type\":\"ListItem\",\"position\":1,\"name\":\"\u0413\u043b\u0430\u0432\u043d\u0430\u044f \u0441\u0442\u0440\u0430\u043d\u0438\u0446\u0430\",\"item\":\"https:\\\/\\\/lekarzeopole.pl\\\/wordpress\\\/\"},{\"@type\":\"ListItem\",\"position\":2,\"name\":\"Zakup\",\"item\":\"https:\\\/\\\/lekarzeopole.pl\\\/wordpress\\\/\"},{\"@type\":\"ListItem\",\"position\":3,\"name\":\"Duosev Men\"}]},{\"@type\":\"WebSite\",\"@id\":\"https:\\\/\\\/lekarzeopole.pl\\\/wordpress\\\/#website\",\"url\":\"https:\\\/\\\/lekarzeopole.pl\\\/wordpress\\\/\",\"name\":\"Lekarze Opole\",\"description\":\"\",\"potentialAction\":[{\"@type\":\"SearchAction\",\"target\":{\"@type\":\"EntryPoint\",\"urlTemplate\":\"https:\\\/\\\/lekarzeopole.pl\\\/wordpress\\\/?s={search_term_string}\"},\"query-input\":{\"@type\":\"PropertyValueSpecification\",\"valueRequired\":true,\"valueName\":\"search_term_string\"}}],\"inLanguage\":\"pl-PL\"}]}<\/script>\n<!-- \/ Yoast SEO plugin. -->","yoast_head_json":{"title":"Duosev Men - kup suplement, cena w aptece, sk\u0142ad, dzia\u0142anie","robots":{"index":"index","follow":"follow","max-snippet":"max-snippet:-1","max-image-preview":"max-image-preview:large","max-video-preview":"max-video-preview:-1"},"canonical":"https:\/\/lekarzeopole.pl\/wordpress\/product\/duosev-men\/","og_locale":"pl_PL","og_type":"article","og_title":"Duosev Men - kup suplement, cena w aptece, sk\u0142ad, dzia\u0142anie","og_description":"Kup teraz SKU:\u00a0789.005.256    Produkt sprzedawany jest wy\u0142\u0105cznie za po\u015brednictwem oficjalnej strony producenta, id\u017a i kupuj bezpiecznie!","og_url":"https:\/\/lekarzeopole.pl\/wordpress\/product\/duosev-men\/","og_site_name":"Lekarze Opole","article_modified_time":"2026-01-05T14:17:20+00:00","og_image":[{"width":283,"height":499,"url":"https:\/\/lekarzeopole.pl\/wordpress\/wp-content\/uploads\/2024\/07\/duosev.jpg","type":"image\/jpeg"}],"twitter_card":"summary_large_image","twitter_misc":{"Szacowany czas czytania":"6 minut"},"schema":{"@context":"https:\/\/schema.org","@graph":[{"@type":"WebPage","@id":"https:\/\/lekarzeopole.pl\/wordpress\/product\/duosev-men\/","url":"https:\/\/lekarzeopole.pl\/wordpress\/product\/duosev-men\/","name":"Duosev Men - kup suplement, cena w aptece, sk\u0142ad, dzia\u0142anie","isPartOf":{"@id":"https:\/\/lekarzeopole.pl\/wordpress\/#website"},"primaryImageOfPage":{"@id":"https:\/\/lekarzeopole.pl\/wordpress\/product\/duosev-men\/#primaryimage"},"image":{"@id":"https:\/\/lekarzeopole.pl\/wordpress\/product\/duosev-men\/#primaryimage"},"thumbnailUrl":"https:\/\/lekarzeopole.pl\/wordpress\/wp-content\/uploads\/2024\/07\/duosev.jpg","datePublished":"2024-07-08T09:59:57+00:00","dateModified":"2026-01-05T14:17:20+00:00","breadcrumb":{"@id":"https:\/\/lekarzeopole.pl\/wordpress\/product\/duosev-men\/#breadcrumb"},"inLanguage":"pl-PL","potentialAction":[{"@type":"ReadAction","target":["https:\/\/lekarzeopole.pl\/wordpress\/product\/duosev-men\/"]}]},{"@type":"ImageObject","inLanguage":"pl-PL","@id":"https:\/\/lekarzeopole.pl\/wordpress\/product\/duosev-men\/#primaryimage","url":"https:\/\/lekarzeopole.pl\/wordpress\/wp-content\/uploads\/2024\/07\/duosev.jpg","contentUrl":"https:\/\/lekarzeopole.pl\/wordpress\/wp-content\/uploads\/2024\/07\/duosev.jpg","width":283,"height":499,"caption":"Duosev Men"},{"@type":"BreadcrumbList","@id":"https:\/\/lekarzeopole.pl\/wordpress\/product\/duosev-men\/#breadcrumb","itemListElement":[{"@type":"ListItem","position":1,"name":"\u0413\u043b\u0430\u0432\u043d\u0430\u044f \u0441\u0442\u0440\u0430\u043d\u0438\u0446\u0430","item":"https:\/\/lekarzeopole.pl\/wordpress\/"},{"@type":"ListItem","position":2,"name":"Zakup","item":"https:\/\/lekarzeopole.pl\/wordpress\/"},{"@type":"ListItem","position":3,"name":"Duosev Men"}]},{"@type":"WebSite","@id":"https:\/\/lekarzeopole.pl\/wordpress\/#website","url":"https:\/\/lekarzeopole.pl\/wordpress\/","name":"Lekarze Opole","description":"","potentialAction":[{"@type":"SearchAction","target":{"@type":"EntryPoint","urlTemplate":"https:\/\/lekarzeopole.pl\/wordpress\/?s={search_term_string}"},"query-input":{"@type":"PropertyValueSpecification","valueRequired":true,"valueName":"search_term_string"}}],"inLanguage":"pl-PL"}]}},"_links":{"self":[{"href":"https:\/\/lekarzeopole.pl\/wordpress\/wp-json\/wp\/v2\/product\/951","targetHints":{"allow":["GET"]}}],"collection":[{"href":"https:\/\/lekarzeopole.pl\/wordpress\/wp-json\/wp\/v2\/product"}],"about":[{"href":"https:\/\/lekarzeopole.pl\/wordpress\/wp-json\/wp\/v2\/types\/product"}],"replies":[{"embeddable":true,"href":"https:\/\/lekarzeopole.pl\/wordpress\/wp-json\/wp\/v2\/comments?post=951"}],"wp:featuredmedia":[{"embeddable":true,"href":"https:\/\/lekarzeopole.pl\/wordpress\/wp-json\/wp\/v2\/media\/952"}],"wp:attachment":[{"href":"https:\/\/lekarzeopole.pl\/wordpress\/wp-json\/wp\/v2\/media?parent=951"}],"wp:term":[{"taxonomy":"product_brand","embeddable":true,"href":"https:\/\/lekarzeopole.pl\/wordpress\/wp-json\/wp\/v2\/product_brand?post=951"},{"taxonomy":"product_cat","embeddable":true,"href":"https:\/\/lekarzeopole.pl\/wordpress\/wp-json\/wp\/v2\/product_cat?post=951"},{"taxonomy":"product_tag","embeddable":true,"href":"https:\/\/lekarzeopole.pl\/wordpress\/wp-json\/wp\/v2\/product_tag?post=951"}],"curies":[{"name":"wp","href":"https:\/\/api.w.org\/{rel}","templated":true}]}}