{"id":944,"date":"2024-07-08T09:47:09","date_gmt":"2024-07-08T09:47:09","guid":{"rendered":"https:\/\/lekarzeopole.pl\/wordpress\/?post_type=product&#038;p=944"},"modified":"2024-07-08T09:47:11","modified_gmt":"2024-07-08T09:47:11","slug":"crave-burner","status":"publish","type":"product","link":"https:\/\/lekarzeopole.pl\/wordpress\/product\/crave-burner\/","title":{"rendered":"Crave Burner"},"content":{"rendered":"<div class=\"w-full text-token-text-primary\" dir=\"auto\" data-testid=\"conversation-turn-3\" data-scroll-anchor=\"false\">\n<div class=\"py-2 juice:py-[18px] px-3 text-base md:px-4 m-auto md:px-5 lg:px-1 xl:px-5\">\n<div class=\"mx-auto flex flex-1 gap-3 text-base juice:gap-4 juice:md:gap-5 juice:lg:gap-6 md:max-w-3xl lg:max-w-[40rem] xl:max-w-[48rem]\">\n<div class=\"group\/conversation-turn relative flex w-full min-w-0 flex-col agent-turn\">\n<div class=\"flex-col gap-1 md:gap-3\">\n<div class=\"flex flex-grow flex-col max-w-full\">\n<div class=\"min-h-[20px] text-message flex flex-col items-start whitespace-pre-wrap break-words [.text-message+&amp;]:mt-5 juice:w-full juice:items-end overflow-x-auto gap-2\" dir=\"auto\" data-message-author-role=\"assistant\" data-message-id=\"21e25d8b-8ab6-4f61-b490-3c34f06f2626\">\n<div class=\"flex w-full flex-col gap-1 juice:empty:hidden juice:first:pt-[3px]\">\n<div class=\"markdown prose w-full break-words dark:prose-invert light\">\n<p>W dzisiejszych czasach wiele os\u00f3b boryka si\u0119 z problemem nadmiernej masy cia\u0142a i trudno\u015bciami w kontrolowaniu apetytu. Przyczyn\u0105 tego mo\u017ce by\u0107 wiele czynnik\u00f3w, takich jak stres, niezdrowa dieta czy brak aktywno\u015bci fizycznej. Na szcz\u0119\u015bcie na rynku dost\u0119pne s\u0105 produkty, kt\u00f3re mog\u0105 wspom\u00f3c walk\u0119 z tymi problemami. Jednym z takich produkt\u00f3w jest Crave Burner &#8211; wielosk\u0142adnikowy suplement diety, kt\u00f3ry wspiera kontrol\u0119 apetytu i masy cia\u0142a. W niniejszym artykule przyjrzymy si\u0119 bli\u017cej temu, jak Crave Burner dzia\u0142a, jakie sk\u0142adniki zawiera oraz jakie efekty mo\u017cna uzyska\u0107 dzi\u0119ki jego stosowaniu.<\/p>\n<h2>Wskazania do stosowania Crave Burner<\/h2>\n<p>Crave Burner jest idealnym rozwi\u0105zaniem dla os\u00f3b, kt\u00f3re:<\/p>\n<ul>\n<li>Maj\u0105 trudno\u015bci z kontrolowaniem apetytu i cz\u0119sto si\u0119gaj\u0105 po przek\u0105ski mi\u0119dzy posi\u0142kami.<\/li>\n<li>Chc\u0105 zredukowa\u0107 swoj\u0105 mas\u0119 cia\u0142a w naturalny spos\u00f3b.<\/li>\n<li>Poszukuj\u0105 wsparcia w procesie przemiany materii i spalania t\u0142uszczu.<\/li>\n<li>Chc\u0105 zwi\u0119kszy\u0107 uczucie syto\u015bci i zmniejszy\u0107 potrzeb\u0119 podjadania.<\/li>\n<li>Pragn\u0105 utrzyma\u0107 stabilny poziom glukozy we krwi.<\/li>\n<li>Cierpi\u0105 na problemy trawienne i szukaj\u0105 sposob\u00f3w na popraw\u0119 komfortu trawiennego.<\/li>\n<\/ul>\n<h2>Sk\u0142ad i dzia\u0142anie sk\u0142adnik\u00f3w Crave Burner<\/h2>\n<p>Wysoka skuteczno\u015b\u0107 Crave Burner wynika z unikalnej mieszanki siedmiu sk\u0142adnik\u00f3w, kt\u00f3re naturalnie wspomagaj\u0105 powr\u00f3t do dawnej, szczup\u0142ej sylwetki. Oto one:<\/p>\n<h3>1. Ekstrakt z zielonej herbaty<\/h3>\n<p>Zielona herbata jest znana ze swoich w\u0142a\u015bciwo\u015bci przyspieszaj\u0105cych metabolizm i wspomagaj\u0105cych spalanie t\u0142uszczu. Polifenole zawarte w zielonej herbacie, szczeg\u00f3lnie katechiny, maj\u0105 zdolno\u015b\u0107 do zwi\u0119kszania termogenezy, co prowadzi do spalania wi\u0119kszej ilo\u015bci kalorii.<\/p>\n<h3>2. Ekstrakt z Garcinia Cambogia<\/h3>\n<p>Garcinia Cambogia zawiera kwas hydroksycytrynowy (HCA), kt\u00f3ry pomaga w t\u0142umieniu apetytu i blokowaniu enzym\u00f3w odpowiedzialnych za magazynowanie t\u0142uszczu. HCA wspiera r\u00f3wnie\u017c produkcj\u0119 serotoniny, co mo\u017ce poprawia\u0107 nastr\u00f3j i zmniejsza\u0107 sk\u0142onno\u015b\u0107 do emocjonalnego jedzenia.<\/p>\n<h3>3. Ekstrakt z pieprzu kaje\u0144skiego<\/h3>\n<p>Pieprz kaje\u0144ski, dzi\u0119ki zawarto\u015bci kapsaicyny, zwi\u0119ksza tempo przemiany materii i wspomaga spalanie kalorii. Dodatkowo kapsaicyna mo\u017ce wp\u0142ywa\u0107 na zmniejszenie apetytu i wyd\u0142u\u017cenie uczucia syto\u015bci po posi\u0142kach.<\/p>\n<h3>4. Ekstrakt z yerba mate<\/h3>\n<p>Yerba mate jest bogata w antyoksydanty i zwi\u0105zki, kt\u00f3re wspieraj\u0105 termogenez\u0119 oraz zwi\u0119kszaj\u0105 poziom energii. Yerba mate mo\u017ce r\u00f3wnie\u017c wspomaga\u0107 trawienie i poprawia\u0107 metabolizm t\u0142uszcz\u00f3w.<\/p>\n<h3>5. Chrom<\/h3>\n<p>Chrom jest pierwiastkiem \u015bladowym, kt\u00f3ry pomaga regulowa\u0107 poziom glukozy we krwi. Dzi\u0119ki temu mo\u017ce zmniejsza\u0107 \u0142aknienie na s\u0142odycze i inne wysokokaloryczne przek\u0105ski.<\/p>\n<h3>6. Ekstrakt z imbiru<\/h3>\n<p>Imbir ma dzia\u0142anie przeciwzapalne i przeciwutleniaj\u0105ce. Pomaga w regulacji proces\u00f3w trawiennych, zwi\u0119ksza termogenez\u0119 i mo\u017ce wspomaga\u0107 redukcj\u0119 tkanki t\u0142uszczowej.<\/p>\n<h3>7. L-karnityna<\/h3>\n<p>L-karnityna jest aminokwasem, kt\u00f3ry odgrywa kluczow\u0105 rol\u0119 w transporcie kwas\u00f3w t\u0142uszczowych do mitochondri\u00f3w, gdzie s\u0105 one przekszta\u0142cane w energi\u0119. Dzi\u0119ki temu wspomaga spalanie t\u0142uszczu i zwi\u0119ksza wydolno\u015b\u0107 fizyczn\u0105.<\/p>\n<p style=\"text-align: center;\"><a href=\"https:\/\/nplink.net\/dntnpk42\"><button>www.crave-burner.pl<\/button><\/a><\/p>\n<h2>Efekty Crave Burner i ich charakterystyka<\/h2>\n<p>Regularne stosowanie Crave Burner przynosi wiele korzy\u015bci, w tym:<\/p>\n<ul>\n<li><strong>Redukcja masy cia\u0142a:<\/strong> Dzi\u0119ki synergicznemu dzia\u0142aniu sk\u0142adnik\u00f3w, Crave Burner wspomaga spalanie t\u0142uszczu i przyczynia si\u0119 do utraty zb\u0119dnych kilogram\u00f3w.<\/li>\n<li><strong>Kontrola apetytu:<\/strong> Sk\u0142adniki takie jak Garcinia Cambogia i chrom pomagaj\u0105 w t\u0142umieniu apetytu, co u\u0142atwia kontrolowanie kaloryczno\u015bci diety.<\/li>\n<li><strong>Zwi\u0119kszenie uczucia syto\u015bci:<\/strong> Sk\u0142adniki takie jak pieprz kaje\u0144ski i yerba mate pomagaj\u0105 wyd\u0142u\u017cy\u0107 uczucie syto\u015bci po posi\u0142kach, co zmniejsza potrzeb\u0119 podjadania.<\/li>\n<li><strong>Poprawa metabolizmu:<\/strong> Sk\u0142adniki takie jak zielona herbata i imbir wspomagaj\u0105 procesy metaboliczne, co przyczynia si\u0119 do efektywniejszego spalania kalorii.<\/li>\n<li><strong>Lepsze trawienie:<\/strong> Imbir i yerba mate maj\u0105 korzystny wp\u0142yw na uk\u0142ad trawienny, poprawiaj\u0105c komfort trawienny i wspomagaj\u0105c prawid\u0142owe funkcjonowanie jelit.<\/li>\n<li><strong>Stabilizacja poziomu glukozy:<\/strong> Chrom pomaga w utrzymaniu stabilnego poziomu glukozy we krwi, co mo\u017ce zapobiega\u0107 nag\u0142ym spadkom energii i napadom g\u0142odu.<\/li>\n<\/ul>\n<h2>Ryzyko skutk\u00f3w ubocznych<\/h2>\n<p>Crave Burner to suplement diety oparty na naturalnych sk\u0142adnikach, co minimalizuje ryzyko wyst\u0105pienia skutk\u00f3w ubocznych. Wszystkie sk\u0142adniki s\u0105 starannie dobrane i pochodz\u0105 z naturalnych \u017ar\u00f3de\u0142, co zapewnia bezpiecze\u0144stwo stosowania. Niemniej jednak, jak w przypadku ka\u017cdego suplementu diety, warto skonsultowa\u0107 si\u0119 z lekarzem przed rozpocz\u0119ciem kuracji, szczeg\u00f3lnie je\u015bli masz jakiekolwiek schorzenia lub przyjmujesz inne leki.<\/p>\n<p>Crave Burner to niezawodna pomoc w walce z nadmiern\u0105 mas\u0105 cia\u0142a i problemami z kontrolowaniem apetytu. Dzi\u0119ki unikalnej formule opartej na naturalnych sk\u0142adnikach, suplement ten wspiera procesy metaboliczne, poprawia komfort trawienny i pomaga w utrzymaniu stabilnego poziomu glukozy we krwi. Regularne stosowanie Crave Burner przynosi liczne korzy\u015bci, umo\u017cliwiaj\u0105c powr\u00f3t do szczup\u0142ej sylwetki w zdrowy i bezpieczny spos\u00f3b.<\/p>\n<\/div>\n<\/div>\n<\/div>\n<\/div>\n<\/div>\n<\/div>\n<\/div>\n<\/div>\n<\/div>\n<div class=\"w-full text-token-text-primary\" dir=\"auto\" data-testid=\"conversation-turn-5\" data-scroll-anchor=\"true\">\n<div class=\"py-2 juice:py-[18px] px-3 text-base md:px-4 m-auto md:px-5 lg:px-1 xl:px-5\">\n<div class=\"mx-auto flex flex-1 gap-3 text-base juice:gap-4 juice:md:gap-5 juice:lg:gap-6 md:max-w-3xl lg:max-w-[40rem] xl:max-w-[48rem]\">\n<div class=\"group\/conversation-turn relative flex w-full min-w-0 flex-col agent-turn\">\n<div class=\"flex-col gap-1 md:gap-3\">\n<div class=\"flex flex-grow flex-col max-w-full\">\n<div class=\"min-h-[20px] text-message flex flex-col items-start whitespace-pre-wrap break-words [.text-message+&amp;]:mt-5 juice:w-full juice:items-end overflow-x-auto gap-2\" dir=\"auto\" data-message-author-role=\"assistant\" data-message-id=\"1671507c-9308-4b2b-8dc3-7cb95a84a7b6\">\n<div class=\"flex w-full flex-col gap-1 juice:empty:hidden juice:first:pt-[3px]\">\n<div class=\"markdown prose w-full break-words dark:prose-invert light\">\n<h2>Opinie klient\u00f3w o Crave Burner: fora po\u015bwi\u0119cone zdrowiu<\/h2>\n<p>W Polsce fora internetowe po\u015bwi\u0119cone zdrowiu ciesz\u0105 si\u0119 du\u017c\u0105 popularno\u015bci\u0105. Coraz wi\u0119cej os\u00f3b dzieli si\u0119 swoimi do\u015bwiadczeniami i opiniami na temat r\u00f3\u017cnych suplement\u00f3w diety, w tym Crave Burner. Produkt ten zdobywa coraz wi\u0119ksz\u0105 popularno\u015b\u0107 w\u015br\u00f3d u\u017cytkownik\u00f3w, co potwierdzaj\u0105 liczne pozytywne recenzje. Wi\u0119kszo\u015b\u0107 u\u017cytkownik\u00f3w opisuje pozytywne dzia\u0142anie suplementu oraz podkre\u015bla jego dost\u0119pno\u015b\u0107 i wygod\u0119 zakupu.<\/p>\n<ul>\n<li><strong>Anna, 34 lata:<\/strong> \u201eZacz\u0119\u0142am stosowa\u0107 Crave Burner, poniewa\u017c mia\u0142am problemy z kontrolowaniem apetytu i cz\u0119sto podjada\u0142am mi\u0119dzy posi\u0142kami. Ju\u017c po kilku dniach zauwa\u017cy\u0142am, \u017ce m\u00f3j apetyt si\u0119 zmniejszy\u0142, a ja czuj\u0119 si\u0119 bardziej syta po posi\u0142kach. Dzi\u0119ki temu uda\u0142o mi si\u0119 schudn\u0105\u0107 kilka kilogram\u00f3w bez wi\u0119kszego wysi\u0142ku. Polecam ka\u017cdemu, kto ma podobne problemy.\u201d<\/li>\n<li><strong>Marek, 45 lat:<\/strong> \u201eCrave Burner to strza\u0142 w dziesi\u0105tk\u0119! Dzi\u0119ki niemu w ko\u0144cu uda\u0142o mi si\u0119 schudn\u0105\u0107. Zawsze mia\u0142em problem z wieczornym podjadaniem, a teraz mog\u0119 spokojnie przesta\u0107 my\u015ble\u0107 o jedzeniu. Dodatkowo czuj\u0119 si\u0119 pe\u0142en energii i poprawi\u0142o si\u0119 moje trawienie. Na pewno b\u0119d\u0119 kontynuowa\u0142 jego stosowanie.\u201d<\/li>\n<\/ul>\n<h2>Spos\u00f3b podawania i dawkowanie<\/h2>\n<p>Crave Burner jest suplementem diety, kt\u00f3ry nale\u017cy stosowa\u0107 zgodnie z zaleceniami producenta, aby osi\u0105gn\u0105\u0107 najlepsze rezultaty. Standardowe dawkowanie to dwie kapsu\u0142ki dziennie \u2013 jedna rano, druga wieczorem. Kapsu\u0142ki nale\u017cy popi\u0107 du\u017c\u0105 ilo\u015bci\u0105 wody, co zapewni optymalne wch\u0142anianie sk\u0142adnik\u00f3w aktywnych. Wa\u017cne jest, aby nie przekracza\u0107 zalecanej dziennej dawki. W przypadku jakichkolwiek w\u0105tpliwo\u015bci dotycz\u0105cych dawkowania, warto skonsultowa\u0107 si\u0119 z lekarzem lub specjalist\u0105 ds. \u017cywienia.<\/p>\n<h2>Kup teraz Crave Burner z dostaw\u0105<\/h2>\n<p>Kupno Crave Burner jest niezwykle proste i wygodne. Suplement mo\u017cna zam\u00f3wi\u0107 online bez potrzeby wychodzenia z domu. Op\u0142ata za produkt jest dokonywana dopiero przy odbiorze, co eliminuje ryzyko utraty pieni\u0119dzy w przypadku problem\u00f3w z dostaw\u0105. Otrzymujesz oryginalny produkt bez ryzyka oszustwa. Dostawa zazwyczaj zajmuje 3-4 dni robocze na terenie ca\u0142ej Polski. Po z\u0142o\u017ceniu zam\u00f3wienia, kontaktuje si\u0119 z Tob\u0105 specjalista, kt\u00f3ry potwierdza zam\u00f3wienie i mo\u017ce udzieli\u0107 dodatkowych informacji na temat dost\u0119pnych promocji oraz ilo\u015bci produktu, kt\u00f3ra b\u0119dzie dla Ciebie odpowiednia.<\/p>\n<p style=\"text-align: center;\"><a href=\"https:\/\/nplink.net\/dntnpk42\"><button>Zakup na stronie producenta (-50%)<\/button><\/a><\/p>\n<h2>Por\u00f3wnanie ofert: ceny i dost\u0119pno\u015b\u0107 Crave Burner<\/h2>\n<p>Producent Crave Burner stawia na dost\u0119pno\u015b\u0107 swojego produktu dla jak najwi\u0119kszej liczby os\u00f3b. Suplement mo\u017cna kupi\u0107 bezpo\u015brednio na oficjalnej stronie internetowej producenta, co eliminuje konieczno\u015b\u0107 korzystania z po\u015brednik\u00f3w i pozwala na unikni\u0119cie dodatkowych koszt\u00f3w. Na stronie cz\u0119sto dost\u0119pne s\u0105 atrakcyjne rabaty, dlatego warto regularnie sprawdza\u0107 aktualne oferty. Crave Burner nie jest sprzedawany w stacjonarnych aptekach, co gwarantuje, \u017ce ka\u017cdy klient otrzymuje produkt bezpo\u015brednio od producenta, w najlepszej cenie i z pewno\u015bci\u0105 co do jego autentyczno\u015bci.<\/p>\n<\/div>\n<\/div>\n<\/div>\n<\/div>\n<\/div>\n<\/div>\n<\/div>\n<\/div>\n<\/div>\n","protected":false},"excerpt":{"rendered":"<p style=\"text-align: center;\"><a href=\"https:\/\/nplink.net\/dntnpk42\"><button>Kup teraz<\/button><\/a><\/p>\n<p>SKU:\u00a0<span class=\"sku\">789.005.569<\/span><\/p>\n<hr \/>\n<p><small>Produkt sprzedawany jest wy\u0142\u0105cznie za po\u015brednictwem oficjalnej strony producenta, id\u017a i kupuj bezpiecznie!<\/small><\/p>\n","protected":false},"featured_media":945,"comment_status":"open","ping_status":"closed","template":"","meta":[],"product_brand":[],"product_cat":[15],"product_tag":[],"class_list":{"0":"post-944","1":"product","2":"type-product","3":"status-publish","4":"has-post-thumbnail","6":"product_cat-supl","7":"thunk-woo-product-list","8":"opn-qv-enable","9":"top-store-woo-hover-","10":"top-store-single-product-tab-horizontal","11":"top-store-shadow-","12":"top-store-shadow-hover-","14":"first","15":"instock","16":"shipping-taxable","17":"purchasable","18":"product-type-simple"},"yoast_head":"<!-- This site is optimized with the Yoast SEO plugin v27.4 - https:\/\/yoast.com\/product\/yoast-seo-wordpress\/ -->\n<title>Crave Burner - kup suplement, cena w aptece, sk\u0142ad, dzia\u0142anie<\/title>\n<meta name=\"robots\" content=\"index, follow, max-snippet:-1, max-image-preview:large, max-video-preview:-1\" \/>\n<link rel=\"canonical\" href=\"https:\/\/lekarzeopole.pl\/wordpress\/product\/crave-burner\/\" \/>\n<meta property=\"og:locale\" content=\"pl_PL\" \/>\n<meta property=\"og:type\" content=\"article\" \/>\n<meta property=\"og:title\" content=\"Crave Burner - kup suplement, cena w aptece, sk\u0142ad, dzia\u0142anie\" \/>\n<meta property=\"og:description\" content=\"Kup teraz SKU:\u00a0789.005.569    Produkt sprzedawany jest wy\u0142\u0105cznie za po\u015brednictwem oficjalnej strony producenta, id\u017a i kupuj bezpiecznie!\" \/>\n<meta property=\"og:url\" content=\"https:\/\/lekarzeopole.pl\/wordpress\/product\/crave-burner\/\" \/>\n<meta property=\"og:site_name\" content=\"Lekarze Opole\" \/>\n<meta property=\"article:modified_time\" content=\"2024-07-08T09:47:11+00:00\" \/>\n<meta property=\"og:image\" content=\"https:\/\/lekarzeopole.pl\/wordpress\/wp-content\/uploads\/2024\/07\/crave-burner.webp\" \/>\n\t<meta property=\"og:image:width\" content=\"584\" \/>\n\t<meta property=\"og:image:height\" content=\"528\" \/>\n\t<meta property=\"og:image:type\" content=\"image\/webp\" \/>\n<meta name=\"twitter:card\" content=\"summary_large_image\" \/>\n<meta name=\"twitter:label1\" content=\"Szacowany czas czytania\" \/>\n\t<meta name=\"twitter:data1\" content=\"7 minut\" \/>\n<script type=\"application\/ld+json\" class=\"yoast-schema-graph\">{\"@context\":\"https:\\\/\\\/schema.org\",\"@graph\":[{\"@type\":\"WebPage\",\"@id\":\"https:\\\/\\\/lekarzeopole.pl\\\/wordpress\\\/product\\\/crave-burner\\\/\",\"url\":\"https:\\\/\\\/lekarzeopole.pl\\\/wordpress\\\/product\\\/crave-burner\\\/\",\"name\":\"Crave Burner - kup suplement, cena w aptece, sk\u0142ad, dzia\u0142anie\",\"isPartOf\":{\"@id\":\"https:\\\/\\\/lekarzeopole.pl\\\/wordpress\\\/#website\"},\"primaryImageOfPage\":{\"@id\":\"https:\\\/\\\/lekarzeopole.pl\\\/wordpress\\\/product\\\/crave-burner\\\/#primaryimage\"},\"image\":{\"@id\":\"https:\\\/\\\/lekarzeopole.pl\\\/wordpress\\\/product\\\/crave-burner\\\/#primaryimage\"},\"thumbnailUrl\":\"https:\\\/\\\/lekarzeopole.pl\\\/wordpress\\\/wp-content\\\/uploads\\\/2024\\\/07\\\/crave-burner.webp\",\"datePublished\":\"2024-07-08T09:47:09+00:00\",\"dateModified\":\"2024-07-08T09:47:11+00:00\",\"breadcrumb\":{\"@id\":\"https:\\\/\\\/lekarzeopole.pl\\\/wordpress\\\/product\\\/crave-burner\\\/#breadcrumb\"},\"inLanguage\":\"pl-PL\",\"potentialAction\":[{\"@type\":\"ReadAction\",\"target\":[\"https:\\\/\\\/lekarzeopole.pl\\\/wordpress\\\/product\\\/crave-burner\\\/\"]}]},{\"@type\":\"ImageObject\",\"inLanguage\":\"pl-PL\",\"@id\":\"https:\\\/\\\/lekarzeopole.pl\\\/wordpress\\\/product\\\/crave-burner\\\/#primaryimage\",\"url\":\"https:\\\/\\\/lekarzeopole.pl\\\/wordpress\\\/wp-content\\\/uploads\\\/2024\\\/07\\\/crave-burner.webp\",\"contentUrl\":\"https:\\\/\\\/lekarzeopole.pl\\\/wordpress\\\/wp-content\\\/uploads\\\/2024\\\/07\\\/crave-burner.webp\",\"width\":584,\"height\":528,\"caption\":\"Crave Burner\"},{\"@type\":\"BreadcrumbList\",\"@id\":\"https:\\\/\\\/lekarzeopole.pl\\\/wordpress\\\/product\\\/crave-burner\\\/#breadcrumb\",\"itemListElement\":[{\"@type\":\"ListItem\",\"position\":1,\"name\":\"\u0413\u043b\u0430\u0432\u043d\u0430\u044f \u0441\u0442\u0440\u0430\u043d\u0438\u0446\u0430\",\"item\":\"https:\\\/\\\/lekarzeopole.pl\\\/wordpress\\\/\"},{\"@type\":\"ListItem\",\"position\":2,\"name\":\"Zakup\",\"item\":\"https:\\\/\\\/lekarzeopole.pl\\\/wordpress\\\/\"},{\"@type\":\"ListItem\",\"position\":3,\"name\":\"Crave Burner\"}]},{\"@type\":\"WebSite\",\"@id\":\"https:\\\/\\\/lekarzeopole.pl\\\/wordpress\\\/#website\",\"url\":\"https:\\\/\\\/lekarzeopole.pl\\\/wordpress\\\/\",\"name\":\"Lekarze Opole\",\"description\":\"\",\"potentialAction\":[{\"@type\":\"SearchAction\",\"target\":{\"@type\":\"EntryPoint\",\"urlTemplate\":\"https:\\\/\\\/lekarzeopole.pl\\\/wordpress\\\/?s={search_term_string}\"},\"query-input\":{\"@type\":\"PropertyValueSpecification\",\"valueRequired\":true,\"valueName\":\"search_term_string\"}}],\"inLanguage\":\"pl-PL\"}]}<\/script>\n<!-- \/ Yoast SEO plugin. -->","yoast_head_json":{"title":"Crave Burner - kup suplement, cena w aptece, sk\u0142ad, dzia\u0142anie","robots":{"index":"index","follow":"follow","max-snippet":"max-snippet:-1","max-image-preview":"max-image-preview:large","max-video-preview":"max-video-preview:-1"},"canonical":"https:\/\/lekarzeopole.pl\/wordpress\/product\/crave-burner\/","og_locale":"pl_PL","og_type":"article","og_title":"Crave Burner - kup suplement, cena w aptece, sk\u0142ad, dzia\u0142anie","og_description":"Kup teraz SKU:\u00a0789.005.569    Produkt sprzedawany jest wy\u0142\u0105cznie za po\u015brednictwem oficjalnej strony producenta, id\u017a i kupuj bezpiecznie!","og_url":"https:\/\/lekarzeopole.pl\/wordpress\/product\/crave-burner\/","og_site_name":"Lekarze Opole","article_modified_time":"2024-07-08T09:47:11+00:00","og_image":[{"width":584,"height":528,"url":"https:\/\/lekarzeopole.pl\/wordpress\/wp-content\/uploads\/2024\/07\/crave-burner.webp","type":"image\/webp"}],"twitter_card":"summary_large_image","twitter_misc":{"Szacowany czas czytania":"7 minut"},"schema":{"@context":"https:\/\/schema.org","@graph":[{"@type":"WebPage","@id":"https:\/\/lekarzeopole.pl\/wordpress\/product\/crave-burner\/","url":"https:\/\/lekarzeopole.pl\/wordpress\/product\/crave-burner\/","name":"Crave Burner - kup suplement, cena w aptece, sk\u0142ad, dzia\u0142anie","isPartOf":{"@id":"https:\/\/lekarzeopole.pl\/wordpress\/#website"},"primaryImageOfPage":{"@id":"https:\/\/lekarzeopole.pl\/wordpress\/product\/crave-burner\/#primaryimage"},"image":{"@id":"https:\/\/lekarzeopole.pl\/wordpress\/product\/crave-burner\/#primaryimage"},"thumbnailUrl":"https:\/\/lekarzeopole.pl\/wordpress\/wp-content\/uploads\/2024\/07\/crave-burner.webp","datePublished":"2024-07-08T09:47:09+00:00","dateModified":"2024-07-08T09:47:11+00:00","breadcrumb":{"@id":"https:\/\/lekarzeopole.pl\/wordpress\/product\/crave-burner\/#breadcrumb"},"inLanguage":"pl-PL","potentialAction":[{"@type":"ReadAction","target":["https:\/\/lekarzeopole.pl\/wordpress\/product\/crave-burner\/"]}]},{"@type":"ImageObject","inLanguage":"pl-PL","@id":"https:\/\/lekarzeopole.pl\/wordpress\/product\/crave-burner\/#primaryimage","url":"https:\/\/lekarzeopole.pl\/wordpress\/wp-content\/uploads\/2024\/07\/crave-burner.webp","contentUrl":"https:\/\/lekarzeopole.pl\/wordpress\/wp-content\/uploads\/2024\/07\/crave-burner.webp","width":584,"height":528,"caption":"Crave Burner"},{"@type":"BreadcrumbList","@id":"https:\/\/lekarzeopole.pl\/wordpress\/product\/crave-burner\/#breadcrumb","itemListElement":[{"@type":"ListItem","position":1,"name":"\u0413\u043b\u0430\u0432\u043d\u0430\u044f \u0441\u0442\u0440\u0430\u043d\u0438\u0446\u0430","item":"https:\/\/lekarzeopole.pl\/wordpress\/"},{"@type":"ListItem","position":2,"name":"Zakup","item":"https:\/\/lekarzeopole.pl\/wordpress\/"},{"@type":"ListItem","position":3,"name":"Crave Burner"}]},{"@type":"WebSite","@id":"https:\/\/lekarzeopole.pl\/wordpress\/#website","url":"https:\/\/lekarzeopole.pl\/wordpress\/","name":"Lekarze Opole","description":"","potentialAction":[{"@type":"SearchAction","target":{"@type":"EntryPoint","urlTemplate":"https:\/\/lekarzeopole.pl\/wordpress\/?s={search_term_string}"},"query-input":{"@type":"PropertyValueSpecification","valueRequired":true,"valueName":"search_term_string"}}],"inLanguage":"pl-PL"}]}},"_links":{"self":[{"href":"https:\/\/lekarzeopole.pl\/wordpress\/wp-json\/wp\/v2\/product\/944","targetHints":{"allow":["GET"]}}],"collection":[{"href":"https:\/\/lekarzeopole.pl\/wordpress\/wp-json\/wp\/v2\/product"}],"about":[{"href":"https:\/\/lekarzeopole.pl\/wordpress\/wp-json\/wp\/v2\/types\/product"}],"replies":[{"embeddable":true,"href":"https:\/\/lekarzeopole.pl\/wordpress\/wp-json\/wp\/v2\/comments?post=944"}],"wp:featuredmedia":[{"embeddable":true,"href":"https:\/\/lekarzeopole.pl\/wordpress\/wp-json\/wp\/v2\/media\/945"}],"wp:attachment":[{"href":"https:\/\/lekarzeopole.pl\/wordpress\/wp-json\/wp\/v2\/media?parent=944"}],"wp:term":[{"taxonomy":"product_brand","embeddable":true,"href":"https:\/\/lekarzeopole.pl\/wordpress\/wp-json\/wp\/v2\/product_brand?post=944"},{"taxonomy":"product_cat","embeddable":true,"href":"https:\/\/lekarzeopole.pl\/wordpress\/wp-json\/wp\/v2\/product_cat?post=944"},{"taxonomy":"product_tag","embeddable":true,"href":"https:\/\/lekarzeopole.pl\/wordpress\/wp-json\/wp\/v2\/product_tag?post=944"}],"curies":[{"name":"wp","href":"https:\/\/api.w.org\/{rel}","templated":true}]}}