{"id":932,"date":"2024-07-08T09:27:03","date_gmt":"2024-07-08T09:27:03","guid":{"rendered":"https:\/\/lekarzeopole.pl\/wordpress\/?post_type=product&#038;p=932"},"modified":"2025-12-26T18:07:01","modified_gmt":"2025-12-26T18:07:01","slug":"activestin","status":"publish","type":"product","link":"https:\/\/lekarzeopole.pl\/wordpress\/product\/activestin\/","title":{"rendered":"Activestin"},"content":{"rendered":"<div class=\"w-full text-token-text-primary\" dir=\"auto\" data-testid=\"conversation-turn-3\" data-scroll-anchor=\"false\">\n<div class=\"py-2 juice:py-[18px] px-3 text-base md:px-4 m-auto md:px-5 lg:px-1 xl:px-5\">\n<div class=\"mx-auto flex flex-1 gap-3 text-base juice:gap-4 juice:md:gap-5 juice:lg:gap-6 md:max-w-3xl lg:max-w-[40rem] xl:max-w-[48rem]\">\n<div class=\"group\/conversation-turn relative flex w-full min-w-0 flex-col agent-turn\">\n<div class=\"flex-col gap-1 md:gap-3\">\n<div class=\"flex flex-grow flex-col max-w-full\">\n<div class=\"min-h-[20px] text-message flex flex-col items-start whitespace-pre-wrap break-words [.text-message+&amp;]:mt-5 juice:w-full juice:items-end overflow-x-auto gap-2\" dir=\"auto\" data-message-author-role=\"assistant\" data-message-id=\"6a178fd9-8d57-4de2-bfce-a37a1831e62b\">\n<div class=\"flex w-full flex-col gap-1 juice:empty:hidden juice:first:pt-[3px]\">\n<div class=\"markdown prose w-full break-words dark:prose-invert light\">\n<p>Activestin to nowoczesny suplement diety w formie szipuchych tabletek, kt\u00f3ry zosta\u0142 starannie opracowany, aby wspiera\u0107 osoby pragn\u0105ce zadba\u0107 o swoj\u0105 sylwetk\u0119, w tym tak\u017ce tych, kt\u00f3rzy regularnie \u0107wicz\u0105. Dzi\u0119ki unikalnemu po\u0142\u0105czeniu naturalnych sk\u0142adnik\u00f3w, Activestin nie tylko wspomaga procesy zwi\u0105zane z redukcj\u0105 tkanki t\u0142uszczowej, ale tak\u017ce poprawia og\u00f3ln\u0105 wydolno\u015b\u0107 organizmu. W niniejszym artykule przedstawimy szczeg\u00f3\u0142owe informacje na temat wskaza\u0144 do stosowania, sk\u0142adu oraz dzia\u0142ania poszczeg\u00f3lnych sk\u0142adnik\u00f3w, a tak\u017ce om\u00f3wimy efekty i potencjalne ryzyko skutk\u00f3w ubocznych.<\/p>\n<h2>Wskazania do stosowania Activestin<\/h2>\n<p>Activestin to suplement diety przeznaczony dla szerokiej grupy odbiorc\u00f3w. G\u0142\u00f3wne wskazania do jego stosowania obejmuj\u0105:<\/p>\n<ol>\n<li><strong>Wsparcie w redukcji tkanki t\u0142uszczowej<\/strong>: Dzi\u0119ki obecno\u015bci tauryny i L-karnityny, Activestin skutecznie wspomaga proces spalania t\u0142uszczu podczas wysi\u0142ku fizycznego.<\/li>\n<li><strong>Poprawa wydolno\u015bci fizycznej<\/strong>: Tauryna, magnez oraz kofeina wp\u0142ywaj\u0105 korzystnie na wydolno\u015b\u0107 fizyczn\u0105, co jest szczeg\u00f3lnie wa\u017cne dla os\u00f3b aktywnych fizycznie.<\/li>\n<li><strong>Zmniejszenie uczucia zm\u0119czenia<\/strong>: Witaminy z grupy B (B2, B6, B12) pomagaj\u0105 w redukcji zm\u0119czenia i utrzymaniu odpowiedniego poziomu energii.<\/li>\n<li><strong>Wsparcie funkcji mi\u0119\u015bni<\/strong>: Magnez zawarty w Activestin wspiera prawid\u0142owe funkcjonowanie mi\u0119\u015bni oraz syntez\u0119 bia\u0142ek.<\/li>\n<li><strong>Og\u00f3lne wsparcie zdrowia i samopoczucia<\/strong>: Inozytol i niacyna przyczyniaj\u0105 si\u0119 do poprawy og\u00f3lnego stanu zdrowia oraz samopoczucia.<\/li>\n<\/ol>\n<p style=\"text-align: center;\"><a href=\"https:\/\/tl-track.com\/tracker\/ukUh\"><button>www.activestin.pl<\/button><\/a><\/p>\n<h2>Sk\u0142ad i dzia\u0142anie sk\u0142adnik\u00f3w Activestin<\/h2>\n<p>Activestin zawiera starannie dobran\u0105 kompozycj\u0119 sk\u0142adnik\u00f3w, kt\u00f3re wsp\u00f3lnie dzia\u0142aj\u0105 na korzy\u015b\u0107 organizmu. Poni\u017cej przedstawiamy szczeg\u00f3\u0142owy opis ka\u017cdego z nich:<\/p>\n<ol>\n<li><strong>Tauryna<\/strong>: Naturalny aminokwas wyst\u0119puj\u0105cy w organizmie cz\u0142owieka. Wspiera wydolno\u015b\u0107 fizyczn\u0105 oraz proces spalania t\u0142uszczu podczas \u0107wicze\u0144. Badania potwierdzaj\u0105 jej korzystny wp\u0142yw na organizm.<\/li>\n<li><strong>Magnez<\/strong>: Kluczowy minera\u0142, kt\u00f3ry wspomaga prawid\u0142owe funkcjonowanie mi\u0119\u015bni oraz syntez\u0119 bia\u0142ek. Ponadto, magnez wp\u0142ywa na prawid\u0142owe funkcjonowanie uk\u0142adu nerwowego i sercowo-naczyniowego.<\/li>\n<li><strong>Witaminy z grupy B<\/strong>: B2 (ryboflawina), B6 (pirydoksyna), B12 (cyjanokobalamina) oraz niacyna. Te witaminy odgrywaj\u0105 kluczow\u0105 rol\u0119 w metabolizmie energetycznym, redukcji zm\u0119czenia oraz utrzymaniu zdrowia psychicznego.<\/li>\n<li><strong>Kofeina<\/strong>: Naturalny stymulant, kt\u00f3ry poprawia koncentracj\u0119 oraz wydolno\u015b\u0107 fizyczn\u0105. Dzia\u0142a tak\u017ce jako \u015brodek wspomagaj\u0105cy spalanie t\u0142uszczu.<\/li>\n<li><strong>L-karnityna<\/strong>: Zwi\u0105zek bior\u0105cy udzia\u0142 w transporcie kwas\u00f3w t\u0142uszczowych do mitochondri\u00f3w, gdzie s\u0105 one przekszta\u0142cane w energi\u0119. Wspomaga proces redukcji tkanki t\u0142uszczowej.<\/li>\n<li><strong>Inozytol<\/strong>: Sk\u0142adnik wp\u0142ywaj\u0105cy na prawid\u0142owe funkcjonowanie uk\u0142adu nerwowego oraz metabolicznego.<\/li>\n<li><strong>Regulatory kwasowo\u015bci<\/strong>: Kwas cytrynowy i w\u0119glany sodu, kt\u00f3re nadaj\u0105 tabletkom szipuchym orze\u017awiaj\u0105cy smak pomara\u0144czowy.<\/li>\n<li><strong>Substancje s\u0142odz\u0105ce<\/strong>: Cyklaminy i sacharyny, kt\u00f3re zapewniaj\u0105 przyjemny smak bez dodatku cukru.<\/li>\n<li><strong>Polietylenoglikol<\/strong>: Substancja wi\u0105\u017c\u0105ca, kt\u00f3ra stabilizuje sk\u0142adniki tabletki.<\/li>\n<li><strong>Koncentrat z czerwonego buraka<\/strong>: Naturalny barwnik nadaj\u0105cy produktowi atrakcyjny wygl\u0105d.<\/li>\n<\/ol>\n<h2>Efekty Activestin i ich charakterystyka<\/h2>\n<p>Regularne stosowanie Activestin mo\u017ce przynie\u015b\u0107 szereg korzy\u015bci dla organizmu. Poni\u017cej przedstawiamy najwa\u017cniejsze z nich:<\/p>\n<ol>\n<li><strong>Zwi\u0119kszona wydolno\u015b\u0107 fizyczna<\/strong>: Tauryna, magnez oraz kofeina wsp\u00f3lnie dzia\u0142aj\u0105 na popraw\u0119 wydolno\u015bci fizycznej, co jest szczeg\u00f3lnie wa\u017cne dla os\u00f3b aktywnych fizycznie.<\/li>\n<li><strong>Skuteczne spalanie t\u0142uszczu<\/strong>: L-karnityna i tauryna wspomagaj\u0105 proces spalania t\u0142uszczu, co mo\u017ce przyczyni\u0107 si\u0119 do redukcji tkanki t\u0142uszczowej i poprawy sylwetki.<\/li>\n<li><strong>Redukcja zm\u0119czenia<\/strong>: Witaminy z grupy B pomagaj\u0105 w redukcji uczucia zm\u0119czenia oraz utrzymaniu odpowiedniego poziomu energii przez ca\u0142y dzie\u0144.<\/li>\n<li><strong>Poprawa funkcji mi\u0119\u015bni<\/strong>: Magnez wspiera prawid\u0142owe funkcjonowanie mi\u0119\u015bni, co jest kluczowe dla os\u00f3b regularnie \u0107wicz\u0105cych.<\/li>\n<li><strong>Wsparcie uk\u0142adu nerwowego<\/strong>: Inozytol oraz witaminy z grupy B maj\u0105 korzystny wp\u0142yw na funkcjonowanie uk\u0142adu nerwowego, co przyczynia si\u0119 do poprawy samopoczucia.<\/li>\n<\/ol>\n<h2>Ryzyko skutk\u00f3w ubocznych<\/h2>\n<p>Activestin to suplement diety oparty na naturalnych sk\u0142adnikach, co sprawia, \u017ce ryzyko wyst\u0105pienia skutk\u00f3w ubocznych jest minimalne. Wszystkie sk\u0142adniki zosta\u0142y starannie dobrane i przebadane pod k\u0105tem bezpiecze\u0144stwa stosowania. Niemniej jednak, jak ka\u017cdy suplement diety, Activestin mo\u017ce wywo\u0142a\u0107 reakcje alergiczne u os\u00f3b uczulonych na kt\u00f3rykolwiek ze sk\u0142adnik\u00f3w produktu. Dlatego przed rozpocz\u0119ciem stosowania warto skonsultowa\u0107 si\u0119 z lekarzem lub farmaceut\u0105, zw\u0142aszcza je\u015bli mamy jakiekolwiek w\u0105tpliwo\u015bci lub cierpimy na przewlek\u0142e schorzenia.<\/p>\n<p>Activestin to innowacyjny suplement diety w formie szipuchych tabletek, kt\u00f3ry dzi\u0119ki swojej unikalnej kompozycji sk\u0142adnik\u00f3w wspiera proces redukcji tkanki t\u0142uszczowej, poprawia wydolno\u015b\u0107 fizyczn\u0105 oraz redukuje uczucie zm\u0119czenia. Dzi\u0119ki naturalnym sk\u0142adnikom, takim jak tauryna, magnez, witaminy z grupy B, kofeina, L-karnityna i inozytol, Activestin stanowi skuteczn\u0105 i bezpieczn\u0105 pomoc dla os\u00f3b pragn\u0105cych zadba\u0107 o swoj\u0105 sylwetk\u0119 oraz og\u00f3ln\u0105 kondycj\u0119 organizmu. Minimalne ryzyko skutk\u00f3w ubocznych sprawia, \u017ce jest to produkt godny polecenia ka\u017cdemu, kto d\u0105\u017cy do poprawy swojego zdrowia i samopoczucia.<\/p>\n<\/div>\n<\/div>\n<\/div>\n<\/div>\n<\/div>\n<\/div>\n<\/div>\n<\/div>\n<\/div>\n<div class=\"w-full text-token-text-primary\" dir=\"auto\" data-testid=\"conversation-turn-5\" data-scroll-anchor=\"true\">\n<div class=\"py-2 juice:py-[18px] px-3 text-base md:px-4 m-auto md:px-5 lg:px-1 xl:px-5\">\n<div class=\"mx-auto flex flex-1 gap-3 text-base juice:gap-4 juice:md:gap-5 juice:lg:gap-6 md:max-w-3xl lg:max-w-[40rem] xl:max-w-[48rem]\">\n<div class=\"group\/conversation-turn relative flex w-full min-w-0 flex-col agent-turn\">\n<div class=\"flex-col gap-1 md:gap-3\">\n<div class=\"flex flex-grow flex-col max-w-full\">\n<div class=\"min-h-[20px] text-message flex flex-col items-start whitespace-pre-wrap break-words [.text-message+&amp;]:mt-5 juice:w-full juice:items-end overflow-x-auto gap-2\" dir=\"auto\" data-message-author-role=\"assistant\" data-message-id=\"3fd27947-77de-4ddb-927c-5b7668f7c495\">\n<div class=\"flex w-full flex-col gap-1 juice:empty:hidden juice:first:pt-[3px]\">\n<div class=\"markdown prose w-full break-words dark:prose-invert light\">\n<h2>Opinie klient\u00f3w \u043e Activestin: fora po\u015bwi\u0119cone zdrowiu<\/h2>\n<p>W ostatnich latach fora internetowe po\u015bwi\u0119cone zdrowiu i fitnessowi w Polsce zyska\u0142y na popularno\u015bci jako miejsca wymiany do\u015bwiadcze\u0144 i opinii na temat r\u00f3\u017cnorodnych suplement\u00f3w diety. W\u015br\u00f3d wielu produkt\u00f3w dost\u0119pnych na rynku, Activestin wyr\u00f3\u017cnia si\u0119 jako suplement, kt\u00f3ry zdobywa coraz wi\u0119ksze uznanie w\u015br\u00f3d u\u017cytkownik\u00f3w. Na forach internetowych pojawia si\u0119 mn\u00f3stwo pozytywnych opinii na temat tego preparatu, co \u015bwiadczy o jego skuteczno\u015bci i dost\u0119pno\u015bci.<\/p>\n<p>Wi\u0119kszo\u015b\u0107 u\u017cytkownik\u00f3w opisuje pozytywne dzia\u0142anie Activestin, chwal\u0105c jego wp\u0142yw na popraw\u0119 wydolno\u015bci fizycznej oraz skuteczno\u015b\u0107 w redukcji tkanki t\u0142uszczowej. Wielu klient\u00f3w r\u00f3wnie\u017c podkre\u015bla wygod\u0119 stosowania i przyst\u0119pn\u0105 cen\u0119 produktu.<\/p>\n<ul>\n<li><em>Anna, 35 lat<\/em>: &#8222;Stosuj\u0119 Activestin od kilku miesi\u0119cy i zauwa\u017cy\u0142am znaczn\u0105 popraw\u0119 swojej kondycji fizycznej. Efekty s\u0105 naprawd\u0119 widoczne, a przy tym tabletki maj\u0105 przyjemny, pomara\u0144czowy smak. Gor\u0105co polecam ka\u017cdemu, kto chce zadba\u0107 o swoj\u0105 sylwetk\u0119!&#8221;<\/li>\n<li><em>Jan, 42 lata<\/em>: &#8222;Activestin to \u015bwietny suplement, kt\u00f3ry pom\u00f3g\u0142 mi w procesie odchudzania. Dzi\u0119ki niemu mam wi\u0119cej energii do \u0107wicze\u0144, a efekty wida\u0107 ju\u017c po kilku tygodniach. Dodatkowo, bardzo ceni\u0119 sobie wygod\u0119 zakupu online i szybk\u0105 dostaw\u0119.&#8221;<\/li>\n<\/ul>\n<h2>Spos\u00f3b podawania i dawkowanie<\/h2>\n<p>Activestin to suplement diety w formie szipuchych tabletek, kt\u00f3ry jest bardzo \u0142atwy w u\u017cyciu. Aby przygotowa\u0107 nap\u00f3j, wystarczy rozpu\u015bci\u0107 jedn\u0105 tabletk\u0119 w szklance wody. Zalecana dawka to jedna tabletka dziennie, najlepiej spo\u017cywana przed treningiem lub w trakcie posi\u0142ku. Regularne stosowanie zgodnie z zaleceniami producenta pozwala na uzyskanie optymalnych rezultat\u00f3w.<\/p>\n<p style=\"text-align: center;\"><a href=\"https:\/\/tl-track.com\/tracker\/ukUh\"><button>Zakup na stronie producenta (-50%)<\/button><\/a><\/p>\n<h2>Kup teraz Activestin z dostaw\u0105<\/h2>\n<p>Zakup Activestin jest niezwykle prosty i wygodny. Produkt mo\u017cna zam\u00f3wi\u0107 online, bez konieczno\u015bci wcze\u015bniejszej p\u0142atno\u015bci. P\u0142atno\u015b\u0107 za zam\u00f3wienie odbywa si\u0119 dopiero przy odbiorze, co gwarantuje otrzymanie oryginalnego produktu bez ryzyka. Czas dostawy wynosi zazwyczaj 3-4 dni robocze na terenie Polski. Dodatkowo, zam\u00f3wienie jest potwierdzane telefonicznie przez specjalist\u0119, kt\u00f3ry mo\u017ce udzieli\u0107 dodatkowych informacji na temat produktu oraz dost\u0119pnych promocji.<\/p>\n<h2>Por\u00f3wnanie ofert: ceny i dost\u0119pno\u015b\u0107 Activestin<\/h2>\n<p>Producent Activestin stawia na dost\u0119pno\u015b\u0107 swojego produktu dla jak najwi\u0119kszej liczby klient\u00f3w. Dlatego suplement mo\u017cna zakupi\u0107 bezpo\u015brednio na oficjalnej stronie producenta, co pozwala unikn\u0105\u0107 dodatkowych koszt\u00f3w zwi\u0105zanych z po\u015brednikami. Na stronie cz\u0119sto dost\u0119pne s\u0105 r\u00f3\u017cnego rodzaju promocje i rabaty, dlatego warto regularnie sprawdza\u0107 aktualne oferty.<\/p>\n<p>Z tego wzgl\u0119du Activestin nie jest dost\u0119pny w stacjonarnych aptekach, co pozwala producentowi na utrzymanie konkurencyjnych cen i zapewnienie najwy\u017cszej jako\u015bci produktu. Zakupy online s\u0105 bezpieczne i wygodne, a dzi\u0119ki bezpo\u015bredniemu kontaktowi z producentem, klient ma pewno\u015b\u0107, \u017ce otrzymuje oryginalny produkt.<\/p>\n<p>Podsumowuj\u0105c, Activestin to skuteczny i \u0142atwo dost\u0119pny suplement diety, kt\u00f3ry zdobywa coraz wi\u0119ksze uznanie w\u015br\u00f3d u\u017cytkownik\u00f3w. Dzi\u0119ki naturalnym sk\u0142adnikom i wygodnej formie podania, jest to produkt godny polecenia ka\u017cdemu, kto chce zadba\u0107 o swoj\u0105 sylwetk\u0119 i poprawi\u0107 og\u00f3ln\u0105 kondycj\u0119 fizyczn\u0105.<\/p>\n<\/div>\n<\/div>\n<\/div>\n<\/div>\n<\/div>\n<\/div>\n<\/div>\n<\/div>\n<\/div>\n","protected":false},"excerpt":{"rendered":"<p style=\"text-align: center;\"><a href=\"https:\/\/tl-track.com\/tracker\/ukUh\"><button>Kup teraz<\/button><\/a><\/p>\n<p>SKU:\u00a0<span class=\"sku\">789.005.561<\/span><\/p>\n<hr \/>\n<p><small>Produkt sprzedawany jest wy\u0142\u0105cznie za po\u015brednictwem oficjalnej strony producenta, id\u017a i kupuj bezpiecznie!<\/small><\/p>\n","protected":false},"featured_media":933,"comment_status":"open","ping_status":"closed","template":"","meta":[],"product_brand":[],"product_cat":[15],"product_tag":[],"class_list":{"0":"post-932","1":"product","2":"type-product","3":"status-publish","4":"has-post-thumbnail","6":"product_cat-supl","7":"thunk-woo-product-list","8":"opn-qv-enable","9":"top-store-woo-hover-","10":"top-store-single-product-tab-horizontal","11":"top-store-shadow-","12":"top-store-shadow-hover-","14":"first","15":"instock","16":"sale","17":"shipping-taxable","18":"purchasable","19":"product-type-simple"},"yoast_head":"<!-- This site is optimized with the Yoast SEO plugin v27.4 - https:\/\/yoast.com\/product\/yoast-seo-wordpress\/ -->\n<title>Activestin - kup suplement, cena w aptece, sk\u0142ad, dzia\u0142anie<\/title>\n<meta name=\"robots\" content=\"index, follow, max-snippet:-1, max-image-preview:large, max-video-preview:-1\" \/>\n<link rel=\"canonical\" href=\"https:\/\/lekarzeopole.pl\/wordpress\/product\/activestin\/\" \/>\n<meta property=\"og:locale\" content=\"pl_PL\" \/>\n<meta property=\"og:type\" content=\"article\" \/>\n<meta property=\"og:title\" content=\"Activestin - kup suplement, cena w aptece, sk\u0142ad, dzia\u0142anie\" \/>\n<meta property=\"og:description\" content=\"Kup teraz SKU:\u00a0789.005.561    Produkt sprzedawany jest wy\u0142\u0105cznie za po\u015brednictwem oficjalnej strony producenta, id\u017a i kupuj bezpiecznie!\" \/>\n<meta property=\"og:url\" content=\"https:\/\/lekarzeopole.pl\/wordpress\/product\/activestin\/\" \/>\n<meta property=\"og:site_name\" content=\"Lekarze Opole\" \/>\n<meta property=\"article:modified_time\" content=\"2025-12-26T18:07:01+00:00\" \/>\n<meta property=\"og:image\" content=\"https:\/\/lekarzeopole.pl\/wordpress\/wp-content\/uploads\/2024\/07\/activestin1.jpeg\" \/>\n\t<meta property=\"og:image:width\" content=\"435\" \/>\n\t<meta property=\"og:image:height\" content=\"435\" \/>\n\t<meta property=\"og:image:type\" content=\"image\/jpeg\" \/>\n<meta name=\"twitter:card\" content=\"summary_large_image\" \/>\n<meta name=\"twitter:label1\" content=\"Szacowany czas czytania\" \/>\n\t<meta name=\"twitter:data1\" content=\"7 minut\" \/>\n<script type=\"application\/ld+json\" class=\"yoast-schema-graph\">{\"@context\":\"https:\\\/\\\/schema.org\",\"@graph\":[{\"@type\":\"WebPage\",\"@id\":\"https:\\\/\\\/lekarzeopole.pl\\\/wordpress\\\/product\\\/activestin\\\/\",\"url\":\"https:\\\/\\\/lekarzeopole.pl\\\/wordpress\\\/product\\\/activestin\\\/\",\"name\":\"Activestin - kup suplement, cena w aptece, sk\u0142ad, dzia\u0142anie\",\"isPartOf\":{\"@id\":\"https:\\\/\\\/lekarzeopole.pl\\\/wordpress\\\/#website\"},\"primaryImageOfPage\":{\"@id\":\"https:\\\/\\\/lekarzeopole.pl\\\/wordpress\\\/product\\\/activestin\\\/#primaryimage\"},\"image\":{\"@id\":\"https:\\\/\\\/lekarzeopole.pl\\\/wordpress\\\/product\\\/activestin\\\/#primaryimage\"},\"thumbnailUrl\":\"https:\\\/\\\/lekarzeopole.pl\\\/wordpress\\\/wp-content\\\/uploads\\\/2024\\\/07\\\/activestin1.jpeg\",\"datePublished\":\"2024-07-08T09:27:03+00:00\",\"dateModified\":\"2025-12-26T18:07:01+00:00\",\"breadcrumb\":{\"@id\":\"https:\\\/\\\/lekarzeopole.pl\\\/wordpress\\\/product\\\/activestin\\\/#breadcrumb\"},\"inLanguage\":\"pl-PL\",\"potentialAction\":[{\"@type\":\"ReadAction\",\"target\":[\"https:\\\/\\\/lekarzeopole.pl\\\/wordpress\\\/product\\\/activestin\\\/\"]}]},{\"@type\":\"ImageObject\",\"inLanguage\":\"pl-PL\",\"@id\":\"https:\\\/\\\/lekarzeopole.pl\\\/wordpress\\\/product\\\/activestin\\\/#primaryimage\",\"url\":\"https:\\\/\\\/lekarzeopole.pl\\\/wordpress\\\/wp-content\\\/uploads\\\/2024\\\/07\\\/activestin1.jpeg\",\"contentUrl\":\"https:\\\/\\\/lekarzeopole.pl\\\/wordpress\\\/wp-content\\\/uploads\\\/2024\\\/07\\\/activestin1.jpeg\",\"width\":435,\"height\":435,\"caption\":\"Activestin\"},{\"@type\":\"BreadcrumbList\",\"@id\":\"https:\\\/\\\/lekarzeopole.pl\\\/wordpress\\\/product\\\/activestin\\\/#breadcrumb\",\"itemListElement\":[{\"@type\":\"ListItem\",\"position\":1,\"name\":\"\u0413\u043b\u0430\u0432\u043d\u0430\u044f \u0441\u0442\u0440\u0430\u043d\u0438\u0446\u0430\",\"item\":\"https:\\\/\\\/lekarzeopole.pl\\\/wordpress\\\/\"},{\"@type\":\"ListItem\",\"position\":2,\"name\":\"Zakup\",\"item\":\"https:\\\/\\\/lekarzeopole.pl\\\/wordpress\\\/\"},{\"@type\":\"ListItem\",\"position\":3,\"name\":\"Activestin\"}]},{\"@type\":\"WebSite\",\"@id\":\"https:\\\/\\\/lekarzeopole.pl\\\/wordpress\\\/#website\",\"url\":\"https:\\\/\\\/lekarzeopole.pl\\\/wordpress\\\/\",\"name\":\"Lekarze Opole\",\"description\":\"\",\"potentialAction\":[{\"@type\":\"SearchAction\",\"target\":{\"@type\":\"EntryPoint\",\"urlTemplate\":\"https:\\\/\\\/lekarzeopole.pl\\\/wordpress\\\/?s={search_term_string}\"},\"query-input\":{\"@type\":\"PropertyValueSpecification\",\"valueRequired\":true,\"valueName\":\"search_term_string\"}}],\"inLanguage\":\"pl-PL\"}]}<\/script>\n<!-- \/ Yoast SEO plugin. -->","yoast_head_json":{"title":"Activestin - kup suplement, cena w aptece, sk\u0142ad, dzia\u0142anie","robots":{"index":"index","follow":"follow","max-snippet":"max-snippet:-1","max-image-preview":"max-image-preview:large","max-video-preview":"max-video-preview:-1"},"canonical":"https:\/\/lekarzeopole.pl\/wordpress\/product\/activestin\/","og_locale":"pl_PL","og_type":"article","og_title":"Activestin - kup suplement, cena w aptece, sk\u0142ad, dzia\u0142anie","og_description":"Kup teraz SKU:\u00a0789.005.561    Produkt sprzedawany jest wy\u0142\u0105cznie za po\u015brednictwem oficjalnej strony producenta, id\u017a i kupuj bezpiecznie!","og_url":"https:\/\/lekarzeopole.pl\/wordpress\/product\/activestin\/","og_site_name":"Lekarze Opole","article_modified_time":"2025-12-26T18:07:01+00:00","og_image":[{"width":435,"height":435,"url":"https:\/\/lekarzeopole.pl\/wordpress\/wp-content\/uploads\/2024\/07\/activestin1.jpeg","type":"image\/jpeg"}],"twitter_card":"summary_large_image","twitter_misc":{"Szacowany czas czytania":"7 minut"},"schema":{"@context":"https:\/\/schema.org","@graph":[{"@type":"WebPage","@id":"https:\/\/lekarzeopole.pl\/wordpress\/product\/activestin\/","url":"https:\/\/lekarzeopole.pl\/wordpress\/product\/activestin\/","name":"Activestin - kup suplement, cena w aptece, sk\u0142ad, dzia\u0142anie","isPartOf":{"@id":"https:\/\/lekarzeopole.pl\/wordpress\/#website"},"primaryImageOfPage":{"@id":"https:\/\/lekarzeopole.pl\/wordpress\/product\/activestin\/#primaryimage"},"image":{"@id":"https:\/\/lekarzeopole.pl\/wordpress\/product\/activestin\/#primaryimage"},"thumbnailUrl":"https:\/\/lekarzeopole.pl\/wordpress\/wp-content\/uploads\/2024\/07\/activestin1.jpeg","datePublished":"2024-07-08T09:27:03+00:00","dateModified":"2025-12-26T18:07:01+00:00","breadcrumb":{"@id":"https:\/\/lekarzeopole.pl\/wordpress\/product\/activestin\/#breadcrumb"},"inLanguage":"pl-PL","potentialAction":[{"@type":"ReadAction","target":["https:\/\/lekarzeopole.pl\/wordpress\/product\/activestin\/"]}]},{"@type":"ImageObject","inLanguage":"pl-PL","@id":"https:\/\/lekarzeopole.pl\/wordpress\/product\/activestin\/#primaryimage","url":"https:\/\/lekarzeopole.pl\/wordpress\/wp-content\/uploads\/2024\/07\/activestin1.jpeg","contentUrl":"https:\/\/lekarzeopole.pl\/wordpress\/wp-content\/uploads\/2024\/07\/activestin1.jpeg","width":435,"height":435,"caption":"Activestin"},{"@type":"BreadcrumbList","@id":"https:\/\/lekarzeopole.pl\/wordpress\/product\/activestin\/#breadcrumb","itemListElement":[{"@type":"ListItem","position":1,"name":"\u0413\u043b\u0430\u0432\u043d\u0430\u044f \u0441\u0442\u0440\u0430\u043d\u0438\u0446\u0430","item":"https:\/\/lekarzeopole.pl\/wordpress\/"},{"@type":"ListItem","position":2,"name":"Zakup","item":"https:\/\/lekarzeopole.pl\/wordpress\/"},{"@type":"ListItem","position":3,"name":"Activestin"}]},{"@type":"WebSite","@id":"https:\/\/lekarzeopole.pl\/wordpress\/#website","url":"https:\/\/lekarzeopole.pl\/wordpress\/","name":"Lekarze Opole","description":"","potentialAction":[{"@type":"SearchAction","target":{"@type":"EntryPoint","urlTemplate":"https:\/\/lekarzeopole.pl\/wordpress\/?s={search_term_string}"},"query-input":{"@type":"PropertyValueSpecification","valueRequired":true,"valueName":"search_term_string"}}],"inLanguage":"pl-PL"}]}},"_links":{"self":[{"href":"https:\/\/lekarzeopole.pl\/wordpress\/wp-json\/wp\/v2\/product\/932","targetHints":{"allow":["GET"]}}],"collection":[{"href":"https:\/\/lekarzeopole.pl\/wordpress\/wp-json\/wp\/v2\/product"}],"about":[{"href":"https:\/\/lekarzeopole.pl\/wordpress\/wp-json\/wp\/v2\/types\/product"}],"replies":[{"embeddable":true,"href":"https:\/\/lekarzeopole.pl\/wordpress\/wp-json\/wp\/v2\/comments?post=932"}],"wp:featuredmedia":[{"embeddable":true,"href":"https:\/\/lekarzeopole.pl\/wordpress\/wp-json\/wp\/v2\/media\/933"}],"wp:attachment":[{"href":"https:\/\/lekarzeopole.pl\/wordpress\/wp-json\/wp\/v2\/media?parent=932"}],"wp:term":[{"taxonomy":"product_brand","embeddable":true,"href":"https:\/\/lekarzeopole.pl\/wordpress\/wp-json\/wp\/v2\/product_brand?post=932"},{"taxonomy":"product_cat","embeddable":true,"href":"https:\/\/lekarzeopole.pl\/wordpress\/wp-json\/wp\/v2\/product_cat?post=932"},{"taxonomy":"product_tag","embeddable":true,"href":"https:\/\/lekarzeopole.pl\/wordpress\/wp-json\/wp\/v2\/product_tag?post=932"}],"curies":[{"name":"wp","href":"https:\/\/api.w.org\/{rel}","templated":true}]}}