{"id":930,"date":"2024-07-08T09:23:11","date_gmt":"2024-07-08T09:23:11","guid":{"rendered":"https:\/\/lekarzeopole.pl\/wordpress\/?post_type=product&#038;p=930"},"modified":"2024-07-08T09:23:13","modified_gmt":"2024-07-08T09:23:13","slug":"abslim","status":"publish","type":"product","link":"https:\/\/lekarzeopole.pl\/wordpress\/product\/abslim\/","title":{"rendered":"ABslim"},"content":{"rendered":"<div class=\"w-full text-token-text-primary\" dir=\"auto\" data-testid=\"conversation-turn-3\" data-scroll-anchor=\"false\">\n<div class=\"py-2 juice:py-[18px] px-3 text-base md:px-4 m-auto md:px-5 lg:px-1 xl:px-5\">\n<div class=\"mx-auto flex flex-1 gap-3 text-base juice:gap-4 juice:md:gap-5 juice:lg:gap-6 md:max-w-3xl lg:max-w-[40rem] xl:max-w-[48rem]\">\n<div class=\"group\/conversation-turn relative flex w-full min-w-0 flex-col agent-turn\">\n<div class=\"flex-col gap-1 md:gap-3\">\n<div class=\"flex flex-grow flex-col max-w-full\">\n<div class=\"min-h-[20px] text-message flex flex-col items-start whitespace-pre-wrap break-words [.text-message+&amp;]:mt-5 juice:w-full juice:items-end overflow-x-auto gap-2\" dir=\"auto\" data-message-author-role=\"assistant\" data-message-id=\"84a71724-6ddb-4cb0-848c-59840fa550c6\">\n<div class=\"flex w-full flex-col gap-1 juice:empty:hidden juice:first:pt-[3px]\">\n<div class=\"markdown prose w-full break-words dark:prose-invert light\">\n<p>W dzisiejszych czasach wiele os\u00f3b boryka si\u0119 z problemem nadwagi i oty\u0142o\u015bci. Chc\u0105c schudn\u0105\u0107, si\u0119gamy po r\u00f3\u017cnorodne metody, od diet, przez \u0107wiczenia, po suplementy diety. W\u015br\u00f3d tych ostatnich, coraz wi\u0119ksz\u0105 popularno\u015b\u0107 zdobywaj\u0105 ABslim &#8211; kapli dla odchudzania, kt\u00f3re wyr\u00f3\u017cniaj\u0105 si\u0119 naturalnym sk\u0142adem i skuteczno\u015bci\u0105 dzia\u0142ania. W tej artykule przyjrzymy si\u0119 bli\u017cej, jak dzia\u0142aj\u0105 te kapli, jakie sk\u0142adniki zawieraj\u0105 oraz jakie efekty mo\u017cna osi\u0105gn\u0105\u0107 dzi\u0119ki ich stosowaniu.<\/p>\n<h2>Wskazania do stosowania ABslim<\/h2>\n<p>ABslim s\u0105 rekomendowane dla os\u00f3b, kt\u00f3re chc\u0105 zrzuci\u0107 zb\u0119dne kilogramy w bezpieczny i naturalny spos\u00f3b. G\u0142\u00f3wne wskazania do stosowania tych kropel obejmuj\u0105:<\/p>\n<ul>\n<li><strong>Nadwaga i oty\u0142o\u015b\u0107<\/strong>: ABslim pomagaj\u0105 zmniejszy\u0107 mas\u0119 cia\u0142a poprzez przyspieszenie metabolizmu i redukcj\u0119 apetytu.<\/li>\n<li><strong>Problemy z trawieniem<\/strong>: Dzi\u0119ki sk\u0142adnikom wspomagaj\u0105cym trawienie, ABslim mog\u0105 pom\u00f3c w przypadku problem\u00f3w \u017co\u0142\u0105dkowo-jelitowych.<\/li>\n<li><strong>Zatrzymywanie wody w organizmie<\/strong>: Kapli te maj\u0105 dzia\u0142anie moczop\u0119dne, co pomaga w redukcji obrz\u0119k\u00f3w i uczucia ci\u0119\u017cko\u015bci.<\/li>\n<li><strong>Zmniejszenie \u0142aknienia<\/strong>: Sk\u0142adniki zawarte w ABslim pomagaj\u0105 kontrolowa\u0107 apetyt, co jest kluczowe dla utrzymania zdrowej diety.<\/li>\n<\/ul>\n<p style=\"text-align: center;\"><a href=\"https:\/\/mandarv.com\/n7xS?sub1=sub1&amp;sub2=sub2&amp;sub3=sub3&amp;sub4=sub4&amp;sub5=sub5\"><button>www.abslim.pl<\/button><\/a><\/p>\n<h2>Sk\u0142ad i dzia\u0142anie sk\u0142adnik\u00f3w ABslim<\/h2>\n<p>ABslim zawiera szereg naturalnych sk\u0142adnik\u00f3w, kt\u00f3re wsp\u00f3lnie przyczyniaj\u0105 si\u0119 do utraty wagi. Oto kilka kluczowych sk\u0142adnik\u00f3w i ich dzia\u0142ania:<\/p>\n<h3>Ekstrakt z zielonej herbaty<\/h3>\n<p>Zielona herbata jest znana ze swoich w\u0142a\u015bciwo\u015bci przyspieszaj\u0105cych metabolizm. Zawiera katechiny, kt\u00f3re pomagaj\u0105 w spalaniu t\u0142uszczu, zw\u0142aszcza t\u0142uszczu brzusznego. Dodatkowo, zielona herbata dzia\u0142a jako silny przeciwutleniacz, chroni\u0105c organizm przed wolnymi rodnikami.<\/p>\n<h3>Ekstrakt z Garcinia Cambogia<\/h3>\n<p>Garcinia Cambogia jest owocem tropikalnym, kt\u00f3ry zawiera kwas hydroksycytrynowy (HCA). HCA blokuje enzym odpowiedzialny za magazynowanie t\u0142uszczu w organizmie, co prowadzi do zmniejszenia ilo\u015bci t\u0142uszczu w ciele. Ponadto, Garcinia Cambogia zwi\u0119ksza poziom serotoniny, co pomaga kontrolowa\u0107 apetyt i poprawia nastr\u00f3j.<\/p>\n<h3>Ekstrakt z imbiru<\/h3>\n<p>Imbir jest znany ze swoich w\u0142a\u015bciwo\u015bci przeciwzapalnych i wspomagaj\u0105cych trawienie. Dzia\u0142a tak\u017ce termogenicznie, co oznacza, \u017ce pomaga zwi\u0119kszy\u0107 wydatki energetyczne organizmu poprzez podniesienie temperatury cia\u0142a, co prowadzi do spalania wi\u0119kszej ilo\u015bci kalorii.<\/p>\n<h3>Ekstrakt z Guarany<\/h3>\n<p>Guarana zawiera kofein\u0119, kt\u00f3ra jest silnym stymulantem. Pomaga zwi\u0119kszy\u0107 poziom energii, poprawia wydolno\u015b\u0107 fizyczn\u0105 i umys\u0142ow\u0105, a tak\u017ce przyspiesza metabolizm, co sprzyja spalaniu t\u0142uszczu.<\/p>\n<h3>Ekstrakt z morszczynu p\u0119cherzykowatego<\/h3>\n<p>Morszczyn p\u0119cherzykowaty to rodzaj algi, kt\u00f3ry jest bogaty w jod. Jod jest niezb\u0119dny do prawid\u0142owego funkcjonowania tarczycy, kt\u00f3ra reguluje metabolizm. Poprawa funkcji tarczycy mo\u017ce prowadzi\u0107 do lepszego spalania kalorii i utraty wagi.<\/p>\n<h2>Efekty ABslim i ich charakterystyka<\/h2>\n<p>Stosowanie ABslim mo\u017ce przynie\u015b\u0107 wiele pozytywnych efekt\u00f3w, kt\u00f3re r\u00f3\u017cni\u0105 si\u0119 w zale\u017cno\u015bci od indywidualnych cech organizmu i stylu \u017cycia. Do g\u0142\u00f3wnych efekt\u00f3w nale\u017c\u0105:<\/p>\n<ul>\n<li><strong>Utrata wagi<\/strong>: Regularne stosowanie ABslim mo\u017ce prowadzi\u0107 do zauwa\u017calnej utraty wagi, zw\u0142aszcza przy jednoczesnym stosowaniu zdrowej diety i aktywno\u015bci fizycznej.<\/li>\n<li><strong>Poprawa trawienia<\/strong>: Sk\u0142adniki zawarte w kaplach wspieraj\u0105 procesy trawienne, co mo\u017ce pom\u00f3c w redukcji problem\u00f3w \u017co\u0142\u0105dkowo-jelitowych.<\/li>\n<li><strong>Zwi\u0119kszenie poziomu energii<\/strong>: Dzi\u0119ki obecno\u015bci guarany i innych naturalnych stymulant\u00f3w, ABslim mog\u0105 zwi\u0119kszy\u0107 poziom energii i poprawi\u0107 samopoczucie.<\/li>\n<li><strong>Zmniejszenie \u0142aknienia<\/strong>: Kontrola apetytu jest kluczowa w procesie odchudzania, a sk\u0142adniki ABslim pomagaj\u0105 w redukcji uczucia g\u0142odu.<\/li>\n<\/ul>\n<h2>Ryzyko skutk\u00f3w ubocznych<\/h2>\n<p>Jednym z najwi\u0119kszych atut\u00f3w ABslim jest ich naturalny sk\u0142ad, kt\u00f3ry minimalizuje ryzyko wyst\u0105pienia skutk\u00f3w ubocznych. Sk\u0142adniki pochodzenia ro\u015blinnego s\u0105 zazwyczaj dobrze tolerowane przez organizm i rzadko powoduj\u0105 niepo\u017c\u0105dane reakcje. Niemniej jednak, warto zwr\u00f3ci\u0107 uwag\u0119 na kilka kwestii:<\/p>\n<ul>\n<li><strong>Indywidualna nietolerancja<\/strong>: Niekt\u00f3re osoby mog\u0105 by\u0107 uczulone na konkretne sk\u0142adniki zawarte w ABslim. Warto zacz\u0105\u0107 od mniejszej dawki i obserwowa\u0107 reakcj\u0119 organizmu.<\/li>\n<li><strong>Kofeina<\/strong>: Obecno\u015b\u0107 guarany, kt\u00f3ra zawiera kofein\u0119, mo\u017ce nie by\u0107 odpowiednia dla os\u00f3b wra\u017cliwych na ten sk\u0142adnik. Mog\u0105 wyst\u0105pi\u0107 objawy takie jak bezsenno\u015b\u0107, nerwowo\u015b\u0107 czy przyspieszone bicie serca.<\/li>\n<li><strong>Interakcje z lekami<\/strong>: Osoby przyjmuj\u0105ce leki na sta\u0142e powinny skonsultowa\u0107 si\u0119 z lekarzem przed rozpocz\u0119ciem stosowania ABslim, aby wykluczy\u0107 ewentualne interakcje.<\/li>\n<\/ul>\n<p>ABslim to innowacyjne kapli dla odchudzania, kt\u00f3re \u0142\u0105cz\u0105 w sobie moc naturalnych sk\u0142adnik\u00f3w o udowodnionym dzia\u0142aniu. Dzi\u0119ki odpowiedniemu doborowi ekstrakt\u00f3w ro\u015blinnych, ABslim pomagaj\u0105 w redukcji wagi, poprawie trawienia i zwi\u0119kszeniu poziomu energii. Minimalne ryzyko skutk\u00f3w ubocznych sprawia, \u017ce s\u0105 one bezpiecznym wyborem dla os\u00f3b pragn\u0105cych schudn\u0105\u0107 w zdrowy spos\u00f3b. Pami\u0119taj jednak, \u017ce najlepsze efekty osi\u0105gniesz, \u0142\u0105cz\u0105c stosowanie ABslim ze zdrow\u0105 diet\u0105 i regularn\u0105 aktywno\u015bci\u0105 fizyczn\u0105.<\/p>\n<\/div>\n<\/div>\n<\/div>\n<\/div>\n<\/div>\n<\/div>\n<\/div>\n<\/div>\n<\/div>\n<div class=\"w-full text-token-text-primary\" dir=\"auto\" data-testid=\"conversation-turn-5\" data-scroll-anchor=\"true\">\n<div class=\"py-2 juice:py-[18px] px-3 text-base md:px-4 m-auto md:px-5 lg:px-1 xl:px-5\">\n<div class=\"mx-auto flex flex-1 gap-3 text-base juice:gap-4 juice:md:gap-5 juice:lg:gap-6 md:max-w-3xl lg:max-w-[40rem] xl:max-w-[48rem]\">\n<div class=\"group\/conversation-turn relative flex w-full min-w-0 flex-col agent-turn\">\n<div class=\"flex-col gap-1 md:gap-3\">\n<div class=\"flex flex-grow flex-col max-w-full\">\n<div class=\"min-h-[20px] text-message flex flex-col items-start whitespace-pre-wrap break-words [.text-message+&amp;]:mt-5 juice:w-full juice:items-end overflow-x-auto gap-2\" dir=\"auto\" data-message-author-role=\"assistant\" data-message-id=\"3aa3f351-fbe4-4dbc-af96-96d25c1fec7c\">\n<div class=\"flex w-full flex-col gap-1 juice:empty:hidden juice:first:pt-[3px]\">\n<div class=\"markdown prose w-full break-words dark:prose-invert light\">\n<h2>Opinie klient\u00f3w o ABslim: fora po\u015bwi\u0119cone zdrowiu<\/h2>\n<p>W Polsce coraz wi\u0119cej os\u00f3b korzysta z for\u00f3w internetowych po\u015bwi\u0119conych zdrowiu i odchudzaniu, aby dzieli\u0107 si\u0119 swoimi do\u015bwiadczeniami i opiniami na temat r\u00f3\u017cnych produkt\u00f3w. ABslim zdobywa popularno\u015b\u0107 w\u015br\u00f3d klient\u00f3w, co sprawia, \u017ce na tych forach mo\u017cna znale\u017a\u0107 wiele recenzji na jego temat. Wi\u0119kszo\u015b\u0107 u\u017cytkownik\u00f3w opisuje pozytywne dzia\u0142anie preparatu, jego skuteczno\u015b\u0107 w redukcji wagi oraz przyst\u0119pno\u015b\u0107 cenow\u0105.<\/p>\n<ul>\n<li><strong>Anna, 34 lata:<\/strong><br \/>\n\u201eOd dawna szuka\u0142am naturalnego \u015brodka wspomagaj\u0105cego odchudzanie i trafi\u0142am na ABslim. Ju\u017c po miesi\u0105cu zauwa\u017cy\u0142am znaczn\u0105 popraw\u0119 \u2013 schud\u0142am 4 kilogramy i czuj\u0119 si\u0119 o wiele lepiej. Dodatkowo, kapli te s\u0105 bardzo wygodne w u\u017cyciu, a ich smak jest neutralny. Polecam ka\u017cdemu, kto chce schudn\u0105\u0107 w zdrowy spos\u00f3b!\u201d<\/li>\n<li><strong>Marek, 45 lat:<\/strong><br \/>\n\u201ePostanowi\u0142em spr\u00f3bowa\u0107 ABslim po przeczytaniu wielu pozytywnych opinii na forum. Musz\u0119 przyzna\u0107, \u017ce by\u0142em mile zaskoczony. W ci\u0105gu dw\u00f3ch miesi\u0119cy zrzuci\u0142em 8 kilogram\u00f3w bez wi\u0119kszych wyrzecze\u0144 dietetycznych. Dodatkowym plusem jest to, \u017ce nie odczuwa\u0142em \u017cadnych skutk\u00f3w ubocznych. \u015awietny produkt!\u201d<\/li>\n<\/ul>\n<h2>Spos\u00f3b podawania i dawkowanie<\/h2>\n<p>Stosowanie ABslim jest niezwykle proste i wygodne. Zgodnie z zaleceniami producenta, nale\u017cy stosowa\u0107 10-15 kropli dwa razy dziennie. Kapli te mo\u017cna dodawa\u0107 do szklanki wody, soku lub herbaty. Najlepiej spo\u017cywa\u0107 je przed posi\u0142kami, co pozwala na lepsze wch\u0142anianie sk\u0142adnik\u00f3w aktywnych i zwi\u0119ksza skuteczno\u015b\u0107 dzia\u0142ania preparatu. Wa\u017cne jest, aby stosowa\u0107 ABslim regularnie, zgodnie z zaleceniami, aby osi\u0105gn\u0105\u0107 optymalne efekty odchudzania.<\/p>\n<p style=\"text-align: center;\"><a href=\"https:\/\/mandarv.com\/n7xS?sub1=sub1&amp;sub2=sub2&amp;sub3=sub3&amp;sub4=sub4&amp;sub5=sub5\"><button>Zakup na stronie producenta (-50%)<\/button><\/a><\/p>\n<h2>Kup teraz ABslim z dostaw\u0105<\/h2>\n<p>Kupno ABslim jest niezwykle \u0142atwe i wygodne. Mo\u017cna zam\u00f3wi\u0107 produkt online, bez konieczno\u015bci wcze\u015bniejszej op\u0142aty. P\u0142atno\u015b\u0107 odbywa si\u0119 przy odbiorze paczki, co eliminuje ryzyko zwi\u0105zane z przedp\u0142at\u0105 i gwarantuje otrzymanie oryginalnego produktu. Czas dostawy wynosi zazwyczaj 3-4 dni robocze na terenie Polski. Po z\u0142o\u017ceniu zam\u00f3wienia, konsultant skontaktuje si\u0119 telefonicznie, aby potwierdzi\u0107 zam\u00f3wienie oraz udzieli\u0107 dodatkowych informacji na temat dawkowania i ewentualnych ofert promocyjnych.<\/p>\n<h2>Por\u00f3wnanie ofert: ceny i dost\u0119pno\u015b\u0107 ABslim<\/h2>\n<p>Producent ABslim stawia na dost\u0119pno\u015b\u0107 swojego produktu dla szerokiego grona klient\u00f3w, dlatego kapli te mo\u017cna naby\u0107 bezpo\u015brednio na oficjalnej stronie internetowej producenta. Unikanie po\u015brednik\u00f3w pozwala na utrzymanie konkurencyjnych cen i brak dodatkowych mar\u017c. Dodatkowo, regularnie pojawiaj\u0105 si\u0119 promocje i rabaty, dlatego warto \u015bledzi\u0107 stron\u0119 internetow\u0105, aby skorzysta\u0107 z najlepszych ofert. Warto zauwa\u017cy\u0107, \u017ce ABslim nie s\u0105 dost\u0119pne w stacjonarnych aptekach, co dodatkowo podkre\u015bla ich wyj\u0105tkowo\u015b\u0107 i ekskluzywno\u015b\u0107 sprzeda\u017cy bezpo\u015bredniej.<\/p>\n<p>Kupuj\u0105c ABslim bezpo\u015brednio od producenta, mamy pewno\u015b\u0107, \u017ce otrzymujemy oryginalny produkt, wspieramy bezpo\u015brednio firm\u0119 i korzystamy z najnowszych ofert cenowych.<\/p>\n<\/div>\n<\/div>\n<\/div>\n<\/div>\n<\/div>\n<\/div>\n<\/div>\n<\/div>\n<\/div>\n","protected":false},"excerpt":{"rendered":"<p style=\"text-align: center;\"><a href=\"https:\/\/mandarv.com\/n7xS?sub1=sub1&amp;sub2=sub2&amp;sub3=sub3&amp;sub4=sub4&amp;sub5=sub5\"><button>Kup teraz<\/button><\/a><\/p>\n<p>SKU:\u00a0<span class=\"sku\">789.005.222<\/span><\/p>\n<hr \/>\n<p><small>Produkt sprzedawany jest wy\u0142\u0105cznie za po\u015brednictwem oficjalnej strony producenta, id\u017a i kupuj bezpiecznie!<\/small><\/p>\n","protected":false},"featured_media":931,"comment_status":"open","ping_status":"closed","template":"","meta":[],"product_brand":[],"product_cat":[15],"product_tag":[],"class_list":{"0":"post-930","1":"product","2":"type-product","3":"status-publish","4":"has-post-thumbnail","6":"product_cat-supl","7":"thunk-woo-product-list","8":"opn-qv-enable","9":"top-store-woo-hover-","10":"top-store-single-product-tab-horizontal","11":"top-store-shadow-","12":"top-store-shadow-hover-","14":"first","15":"instock","16":"sale","17":"shipping-taxable","18":"purchasable","19":"product-type-simple"},"yoast_head":"<!-- This site is optimized with the Yoast SEO plugin v27.4 - https:\/\/yoast.com\/product\/yoast-seo-wordpress\/ -->\n<title>ABslim - kup suplement, cena w aptece, sk\u0142ad, dzia\u0142anie<\/title>\n<meta name=\"robots\" content=\"index, follow, max-snippet:-1, max-image-preview:large, max-video-preview:-1\" \/>\n<link rel=\"canonical\" href=\"https:\/\/lekarzeopole.pl\/wordpress\/product\/abslim\/\" \/>\n<meta property=\"og:locale\" content=\"pl_PL\" \/>\n<meta property=\"og:type\" content=\"article\" \/>\n<meta property=\"og:title\" content=\"ABslim - kup suplement, cena w aptece, sk\u0142ad, dzia\u0142anie\" \/>\n<meta property=\"og:description\" content=\"Kup teraz SKU:\u00a0789.005.222    Produkt sprzedawany jest wy\u0142\u0105cznie za po\u015brednictwem oficjalnej strony producenta, id\u017a i kupuj bezpiecznie!\" \/>\n<meta property=\"og:url\" content=\"https:\/\/lekarzeopole.pl\/wordpress\/product\/abslim\/\" \/>\n<meta property=\"og:site_name\" content=\"Lekarze Opole\" \/>\n<meta property=\"article:modified_time\" content=\"2024-07-08T09:23:13+00:00\" \/>\n<meta property=\"og:image\" content=\"https:\/\/lekarzeopole.pl\/wordpress\/wp-content\/uploads\/2024\/07\/abslim.png\" \/>\n\t<meta property=\"og:image:width\" content=\"287\" \/>\n\t<meta property=\"og:image:height\" content=\"295\" \/>\n\t<meta property=\"og:image:type\" content=\"image\/png\" \/>\n<meta name=\"twitter:card\" content=\"summary_large_image\" \/>\n<meta name=\"twitter:label1\" content=\"Szacowany czas czytania\" \/>\n\t<meta name=\"twitter:data1\" content=\"7 minut\" \/>\n<script type=\"application\/ld+json\" class=\"yoast-schema-graph\">{\"@context\":\"https:\\\/\\\/schema.org\",\"@graph\":[{\"@type\":\"WebPage\",\"@id\":\"https:\\\/\\\/lekarzeopole.pl\\\/wordpress\\\/product\\\/abslim\\\/\",\"url\":\"https:\\\/\\\/lekarzeopole.pl\\\/wordpress\\\/product\\\/abslim\\\/\",\"name\":\"ABslim - kup suplement, cena w aptece, sk\u0142ad, dzia\u0142anie\",\"isPartOf\":{\"@id\":\"https:\\\/\\\/lekarzeopole.pl\\\/wordpress\\\/#website\"},\"primaryImageOfPage\":{\"@id\":\"https:\\\/\\\/lekarzeopole.pl\\\/wordpress\\\/product\\\/abslim\\\/#primaryimage\"},\"image\":{\"@id\":\"https:\\\/\\\/lekarzeopole.pl\\\/wordpress\\\/product\\\/abslim\\\/#primaryimage\"},\"thumbnailUrl\":\"https:\\\/\\\/lekarzeopole.pl\\\/wordpress\\\/wp-content\\\/uploads\\\/2024\\\/07\\\/abslim.png\",\"datePublished\":\"2024-07-08T09:23:11+00:00\",\"dateModified\":\"2024-07-08T09:23:13+00:00\",\"breadcrumb\":{\"@id\":\"https:\\\/\\\/lekarzeopole.pl\\\/wordpress\\\/product\\\/abslim\\\/#breadcrumb\"},\"inLanguage\":\"pl-PL\",\"potentialAction\":[{\"@type\":\"ReadAction\",\"target\":[\"https:\\\/\\\/lekarzeopole.pl\\\/wordpress\\\/product\\\/abslim\\\/\"]}]},{\"@type\":\"ImageObject\",\"inLanguage\":\"pl-PL\",\"@id\":\"https:\\\/\\\/lekarzeopole.pl\\\/wordpress\\\/product\\\/abslim\\\/#primaryimage\",\"url\":\"https:\\\/\\\/lekarzeopole.pl\\\/wordpress\\\/wp-content\\\/uploads\\\/2024\\\/07\\\/abslim.png\",\"contentUrl\":\"https:\\\/\\\/lekarzeopole.pl\\\/wordpress\\\/wp-content\\\/uploads\\\/2024\\\/07\\\/abslim.png\",\"width\":287,\"height\":295,\"caption\":\"ABslim\"},{\"@type\":\"BreadcrumbList\",\"@id\":\"https:\\\/\\\/lekarzeopole.pl\\\/wordpress\\\/product\\\/abslim\\\/#breadcrumb\",\"itemListElement\":[{\"@type\":\"ListItem\",\"position\":1,\"name\":\"\u0413\u043b\u0430\u0432\u043d\u0430\u044f \u0441\u0442\u0440\u0430\u043d\u0438\u0446\u0430\",\"item\":\"https:\\\/\\\/lekarzeopole.pl\\\/wordpress\\\/\"},{\"@type\":\"ListItem\",\"position\":2,\"name\":\"Zakup\",\"item\":\"https:\\\/\\\/lekarzeopole.pl\\\/wordpress\\\/\"},{\"@type\":\"ListItem\",\"position\":3,\"name\":\"ABslim\"}]},{\"@type\":\"WebSite\",\"@id\":\"https:\\\/\\\/lekarzeopole.pl\\\/wordpress\\\/#website\",\"url\":\"https:\\\/\\\/lekarzeopole.pl\\\/wordpress\\\/\",\"name\":\"Lekarze Opole\",\"description\":\"\",\"potentialAction\":[{\"@type\":\"SearchAction\",\"target\":{\"@type\":\"EntryPoint\",\"urlTemplate\":\"https:\\\/\\\/lekarzeopole.pl\\\/wordpress\\\/?s={search_term_string}\"},\"query-input\":{\"@type\":\"PropertyValueSpecification\",\"valueRequired\":true,\"valueName\":\"search_term_string\"}}],\"inLanguage\":\"pl-PL\"}]}<\/script>\n<!-- \/ Yoast SEO plugin. -->","yoast_head_json":{"title":"ABslim - kup suplement, cena w aptece, sk\u0142ad, dzia\u0142anie","robots":{"index":"index","follow":"follow","max-snippet":"max-snippet:-1","max-image-preview":"max-image-preview:large","max-video-preview":"max-video-preview:-1"},"canonical":"https:\/\/lekarzeopole.pl\/wordpress\/product\/abslim\/","og_locale":"pl_PL","og_type":"article","og_title":"ABslim - kup suplement, cena w aptece, sk\u0142ad, dzia\u0142anie","og_description":"Kup teraz SKU:\u00a0789.005.222    Produkt sprzedawany jest wy\u0142\u0105cznie za po\u015brednictwem oficjalnej strony producenta, id\u017a i kupuj bezpiecznie!","og_url":"https:\/\/lekarzeopole.pl\/wordpress\/product\/abslim\/","og_site_name":"Lekarze Opole","article_modified_time":"2024-07-08T09:23:13+00:00","og_image":[{"width":287,"height":295,"url":"https:\/\/lekarzeopole.pl\/wordpress\/wp-content\/uploads\/2024\/07\/abslim.png","type":"image\/png"}],"twitter_card":"summary_large_image","twitter_misc":{"Szacowany czas czytania":"7 minut"},"schema":{"@context":"https:\/\/schema.org","@graph":[{"@type":"WebPage","@id":"https:\/\/lekarzeopole.pl\/wordpress\/product\/abslim\/","url":"https:\/\/lekarzeopole.pl\/wordpress\/product\/abslim\/","name":"ABslim - kup suplement, cena w aptece, sk\u0142ad, dzia\u0142anie","isPartOf":{"@id":"https:\/\/lekarzeopole.pl\/wordpress\/#website"},"primaryImageOfPage":{"@id":"https:\/\/lekarzeopole.pl\/wordpress\/product\/abslim\/#primaryimage"},"image":{"@id":"https:\/\/lekarzeopole.pl\/wordpress\/product\/abslim\/#primaryimage"},"thumbnailUrl":"https:\/\/lekarzeopole.pl\/wordpress\/wp-content\/uploads\/2024\/07\/abslim.png","datePublished":"2024-07-08T09:23:11+00:00","dateModified":"2024-07-08T09:23:13+00:00","breadcrumb":{"@id":"https:\/\/lekarzeopole.pl\/wordpress\/product\/abslim\/#breadcrumb"},"inLanguage":"pl-PL","potentialAction":[{"@type":"ReadAction","target":["https:\/\/lekarzeopole.pl\/wordpress\/product\/abslim\/"]}]},{"@type":"ImageObject","inLanguage":"pl-PL","@id":"https:\/\/lekarzeopole.pl\/wordpress\/product\/abslim\/#primaryimage","url":"https:\/\/lekarzeopole.pl\/wordpress\/wp-content\/uploads\/2024\/07\/abslim.png","contentUrl":"https:\/\/lekarzeopole.pl\/wordpress\/wp-content\/uploads\/2024\/07\/abslim.png","width":287,"height":295,"caption":"ABslim"},{"@type":"BreadcrumbList","@id":"https:\/\/lekarzeopole.pl\/wordpress\/product\/abslim\/#breadcrumb","itemListElement":[{"@type":"ListItem","position":1,"name":"\u0413\u043b\u0430\u0432\u043d\u0430\u044f \u0441\u0442\u0440\u0430\u043d\u0438\u0446\u0430","item":"https:\/\/lekarzeopole.pl\/wordpress\/"},{"@type":"ListItem","position":2,"name":"Zakup","item":"https:\/\/lekarzeopole.pl\/wordpress\/"},{"@type":"ListItem","position":3,"name":"ABslim"}]},{"@type":"WebSite","@id":"https:\/\/lekarzeopole.pl\/wordpress\/#website","url":"https:\/\/lekarzeopole.pl\/wordpress\/","name":"Lekarze Opole","description":"","potentialAction":[{"@type":"SearchAction","target":{"@type":"EntryPoint","urlTemplate":"https:\/\/lekarzeopole.pl\/wordpress\/?s={search_term_string}"},"query-input":{"@type":"PropertyValueSpecification","valueRequired":true,"valueName":"search_term_string"}}],"inLanguage":"pl-PL"}]}},"_links":{"self":[{"href":"https:\/\/lekarzeopole.pl\/wordpress\/wp-json\/wp\/v2\/product\/930","targetHints":{"allow":["GET"]}}],"collection":[{"href":"https:\/\/lekarzeopole.pl\/wordpress\/wp-json\/wp\/v2\/product"}],"about":[{"href":"https:\/\/lekarzeopole.pl\/wordpress\/wp-json\/wp\/v2\/types\/product"}],"replies":[{"embeddable":true,"href":"https:\/\/lekarzeopole.pl\/wordpress\/wp-json\/wp\/v2\/comments?post=930"}],"wp:featuredmedia":[{"embeddable":true,"href":"https:\/\/lekarzeopole.pl\/wordpress\/wp-json\/wp\/v2\/media\/931"}],"wp:attachment":[{"href":"https:\/\/lekarzeopole.pl\/wordpress\/wp-json\/wp\/v2\/media?parent=930"}],"wp:term":[{"taxonomy":"product_brand","embeddable":true,"href":"https:\/\/lekarzeopole.pl\/wordpress\/wp-json\/wp\/v2\/product_brand?post=930"},{"taxonomy":"product_cat","embeddable":true,"href":"https:\/\/lekarzeopole.pl\/wordpress\/wp-json\/wp\/v2\/product_cat?post=930"},{"taxonomy":"product_tag","embeddable":true,"href":"https:\/\/lekarzeopole.pl\/wordpress\/wp-json\/wp\/v2\/product_tag?post=930"}],"curies":[{"name":"wp","href":"https:\/\/api.w.org\/{rel}","templated":true}]}}