{"id":88,"date":"2024-02-02T09:12:47","date_gmt":"2024-02-02T09:12:47","guid":{"rendered":"https:\/\/lekarzeopole.pl\/wordpress\/?post_type=product&#038;p=88"},"modified":"2024-12-21T12:13:12","modified_gmt":"2024-12-21T12:13:12","slug":"peelstim","status":"publish","type":"product","link":"https:\/\/lekarzeopole.pl\/wordpress\/product\/peelstim\/","title":{"rendered":"Peelstim"},"content":{"rendered":"<div class=\"w-full text-token-text-primary\" data-testid=\"conversation-turn-3\">\n<div class=\"px-4 py-2 justify-center text-base md:gap-6 m-auto\">\n<div class=\"flex flex-1 text-base mx-auto gap-3 md:px-5 lg:px-1 xl:px-5 md:max-w-3xl lg:max-w-[40rem] xl:max-w-[48rem] group\">\n<div class=\"relative flex w-full flex-col lg:w-[calc(100%-115px)] agent-turn\">\n<div class=\"flex-col gap-1 md:gap-3\">\n<div class=\"flex flex-grow flex-col max-w-full\">\n<div class=\"min-h-[20px] text-message flex flex-col items-start gap-3 whitespace-pre-wrap break-words [.text-message+&amp;]:mt-5 overflow-x-auto\" data-message-author-role=\"assistant\" data-message-id=\"5c638835-ead6-4b8a-9b25-3dab25aa3eb1\">\n<div class=\"markdown prose w-full break-words dark:prose-invert light\">\n<p>Peelstim to innowacyjne serum, kt\u00f3re stanowi niezawodne wsparcie dla os\u00f3b borykaj\u0105cych si\u0119 z problemem wypadaj\u0105cych w\u0142os\u00f3w. To naturalny produkt, kt\u00f3ry dzi\u0119ki swojej unikalnej formule pomaga przeciwdzia\u0142a\u0107 wypadaniu w\u0142os\u00f3w oraz stymuluje ich wzrost. W tym artykule przyjrzymy si\u0119 dok\u0142adniej Peelstim, jego sk\u0142adnikom i skuteczno\u015bci w walce z problemami z w\u0142osami.<\/p>\n<h2>Wskazania do stosowania Peelstim<\/h2>\n<table style=\"height: 219px;\" width=\"714\">\n<thead>\n<tr>\n<th>Problem<\/th>\n<th>Wskazania<\/th>\n<\/tr>\n<\/thead>\n<tbody>\n<tr>\n<td>\u0141upie\u017c<\/td>\n<td>Tak<\/td>\n<\/tr>\n<tr>\n<td>Wypadanie w\u0142os\u00f3w<\/td>\n<td>Tak<\/td>\n<\/tr>\n<tr>\n<td>Problemy z cebulkami w\u0142os\u00f3w<\/td>\n<td>Tak<\/td>\n<\/tr>\n<tr>\n<td>\u0141ysienie<\/td>\n<td>Tak<\/td>\n<\/tr>\n<tr>\n<td>W\u0142osy os\u0142abione i zniszczone<\/td>\n<td>Tak<\/td>\n<\/tr>\n<tr>\n<td>Pragnienie poprawy kondycji w\u0142os\u00f3w<\/td>\n<td>Tak<\/td>\n<\/tr>\n<\/tbody>\n<\/table>\n<h2>Opis Peelstim<\/h2>\n<p>Peelstim to serum stworzone z my\u015bl\u0105 o osobach, kt\u00f3re chc\u0105 poprawi\u0107 kondycj\u0119 swoich w\u0142os\u00f3w i pozby\u0107 si\u0119 problemu wypadaj\u0105cych w\u0142os\u00f3w. Dzia\u0142a ono na wielu poziomach, pomagaj\u0105c zregenerowa\u0107 cebulki w\u0142os\u00f3w i zapewniaj\u0105c niezb\u0119dne sk\u0142adniki od\u017cywcze sk\u00f3rze g\u0142owy.<\/p>\n<p>G\u0142\u00f3wne sk\u0142adniki Peelstim to:<\/p>\n<ul>\n<li><strong>Ekstrakt z korzenia Glycyrrhiza Glabra:<\/strong> Ta ro\u015blina ma w\u0142a\u015bciwo\u015bci przeciwbakteryjne i przeciwzapalne, co pomaga zwalcza\u0107 \u0142upie\u017c i zapewnia\u0107 optymalne warunki dla cebulek w\u0142os\u00f3w.<\/li>\n<li><strong>Ekstrakt z li\u015bci Equisetum Arvense:<\/strong> Znany r\u00f3wnie\u017c jako skrzyp polny, ten sk\u0142adnik pomaga wzmocni\u0107 w\u0142osy, nadaj\u0105c im po\u0142ysk i elastyczno\u015b\u0107.<\/li>\n<li><strong>Mentol:<\/strong> Mentol ma dzia\u0142anie ch\u0142odz\u0105ce i \u0142agodzi podra\u017cnienia sk\u00f3ry g\u0142owy, co mo\u017ce pom\u00f3c w redukcji sw\u0119dzenia i \u0142upie\u017cu.<\/li>\n<\/ul>\n<p>Peelstim jest produktem, kt\u00f3ry przeszed\u0142 rygorystyczne badania i zosta\u0142 dopuszczony do sprzeda\u017cy. Nie ma \u017cadnych przeciwwskaza\u0144 do jego stosowania, chyba \u017ce masz alergi\u0119 na kt\u00f3rykolwiek ze sk\u0142adnik\u00f3w preparatu.<\/p>\n<h2>Sk\u0142ad i dzia\u0142anie sk\u0142adnik\u00f3w Peelstim<\/h2>\n<ul>\n<li><strong>Ekstrakt z korzenia Glycyrrhiza Glabra:<\/strong> Ten sk\u0142adnik ma w\u0142a\u015bciwo\u015bci przeciwbakteryjne i przeciwzapalne. Pomaga zwalcza\u0107 \u0142upie\u017c oraz zapewnia optymalne warunki dla cebulek w\u0142os\u00f3w. Dzi\u0119ki niemu sk\u00f3ra g\u0142owy jest zdrowsza, co sprzyja wzrostowi w\u0142os\u00f3w.<\/li>\n<li><strong>Ekstrakt z li\u015bci Equisetum Arvense:<\/strong> Skrzyp polny, znany r\u00f3wnie\u017c jako Equisetum Arvense, to ro\u015blina bogata w krzemionk\u0119. Ten sk\u0142adnik pomaga wzmocni\u0107 w\u0142osy, nadaj\u0105c im po\u0142ysk i elastyczno\u015b\u0107. W\u0142osy staj\u0105 si\u0119 bardziej odporne na uszkodzenia i \u0142amliwo\u015b\u0107.<\/li>\n<li><strong>Mentol:<\/strong> Mentol ma dzia\u0142anie ch\u0142odz\u0105ce i \u0142agodzi podra\u017cnienia sk\u00f3ry g\u0142owy. Pomaga r\u00f3wnie\u017c w redukcji sw\u0119dzenia i \u0142upie\u017cu, co przyczynia si\u0119 do poprawy komfortu podczas stosowania Peelstim.<\/li>\n<\/ul>\n<h2>Efekty Peelstim i ich charakterystyka<\/h2>\n<p>Regularne stosowanie Peelstim przynosi wiele korzy\u015bci dla kondycji w\u0142os\u00f3w:<\/p>\n<ul>\n<li><strong>Zminimalizowane wypadanie w\u0142os\u00f3w:<\/strong> Dzi\u0119ki aktywacji cebulki w\u0142osa do produkcji substancji od\u017cywczych, Peelstim pomaga zapobiec obumieraniu cebulek i zmniejsza wypadanie w\u0142os\u00f3w.<\/li>\n<li><strong>Stymulacja wzrostu w\u0142os\u00f3w:<\/strong> Serum aktywnie wspomaga proces tworzenia nowej tkanki w\u0142osa. Pierwsze efekty to g\u0119stsze w\u0142osy, cho\u0107 na pocz\u0105tku mog\u0105 by\u0107 s\u0142absze. Regularne stosowanie Peelstim sprawia, \u017ce w\u0142osy staj\u0105 si\u0119 coraz silniejsze, grubsze i zdrowsze.<\/li>\n<li><strong>Od\u017cywienie i wzmocnienie w\u0142os\u00f3w:<\/strong> Sk\u0142adniki zawarte w Peelstim nie tylko przywracaj\u0105 g\u0119sto\u015b\u0107 w\u0142os\u00f3w, ale tak\u017ce dbaj\u0105 o odpowiednie od\u017cywienie cebulek w\u0142osowych i nawil\u017cenie sk\u00f3ry g\u0142owy. Dodatkowo, eliminuj\u0105 \u0142upie\u017c, co sprawia, \u017ce w\u0142osy s\u0105 bardziej zdrowe i b\u0142yszcz\u0105ce.<\/li>\n<\/ul>\n<p>Peelstim to produkt, kt\u00f3ry dzia\u0142a biotechnologicznie, zapewniaj\u0105c precyzyjne wsparcie w procesie odnowy w\u0142os\u00f3w.<\/p>\n<p style=\"text-align: center;\"><a href=\"https:\/\/tl-track.com\/tracker\/uppJ\"><button>www.peelstim.pl<\/button><\/a><\/p>\n<h2>Ryzyko skutk\u00f3w ubocznych<\/h2>\n<p>Peelstim jest produktem o naturalnym sk\u0142adzie, co minimalizuje ryzyko wyst\u0105pienia skutk\u00f3w ubocznych. Jednak\u017ce, jak przy ka\u017cdym produkcie, istnieje mo\u017cliwo\u015b\u0107 wyst\u0105pienia reakcji alergicznych u os\u00f3b uczulonych na kt\u00f3rykolwiek ze sk\u0142adnik\u00f3w preparatu. Dlatego zawsze zaleca si\u0119 przetestowanie produktu na niewielkiej powierzchni sk\u00f3ry przed regularnym stosowaniem, aby unikn\u0105\u0107 ewentualnych reakcji alergicznych.<\/p>\n<h2>Opinie klient\u00f3w o Peelstim: fora po\u015bwi\u0119cone zdrowiu<\/h2>\n<p>W Polsce, Peelstim zyskuje coraz wi\u0119ksz\u0105 popularno\u015b\u0107 w\u015br\u00f3d kupuj\u0105cych, co przek\u0142ada si\u0119 na liczne recenzje i opinie na r\u00f3\u017cnych forach po\u015bwi\u0119conych zdrowiu i piel\u0119gnacji w\u0142os\u00f3w. U\u017cytkownicy cz\u0119sto opisuj\u0105 pozytywne efekty stosowania Peelstim oraz jego dost\u0119pno\u015b\u0107 na rynku. Wiele opinii potwierdza, \u017ce serum pomog\u0142o w zahamowaniu wypadania w\u0142os\u00f3w, poprawie ich kondycji oraz zdrowiu sk\u00f3ry g\u0142owy. Dzi\u0119ki temu, coraz wi\u0119cej os\u00f3b odkrywa, \u017ce Peelstim mo\u017ce by\u0107 niezawodnym wsparciem w walce o pi\u0119kne i zdrowe w\u0142osy.<\/p>\n<\/div>\n<\/div>\n<\/div>\n<\/div>\n<\/div>\n<\/div>\n<\/div>\n<\/div>\n<div class=\"w-full text-token-text-primary\" data-testid=\"conversation-turn-5\">\n<div class=\"px-4 py-2 justify-center text-base md:gap-6 m-auto\">\n<div class=\"flex flex-1 text-base mx-auto gap-3 md:px-5 lg:px-1 xl:px-5 md:max-w-3xl lg:max-w-[40rem] xl:max-w-[48rem] group final-completion\">\n<div class=\"relative flex w-full flex-col lg:w-[calc(100%-115px)] agent-turn\">\n<div class=\"flex-col gap-1 md:gap-3\">\n<div class=\"flex flex-grow flex-col max-w-full\">\n<div class=\"text-message flex flex-col items-start gap-3 whitespace-pre-wrap break-words [.text-message+&amp;]:mt-5 overflow-x-auto\" data-message-author-role=\"assistant\" data-message-id=\"618f464a-c00a-4be8-ae22-f5f747019e7a\">\n<div class=\"markdown prose w-full break-words dark:prose-invert light\">\n<h2>Peelstim &#8211; Skuteczna Szybka Pomoc na Wypadanie W\u0142os\u00f3w<\/h2>\n<p>Wskazania do stosowania Peelstim:<\/p>\n<table style=\"height: 201px;\" width=\"1271\">\n<thead>\n<tr>\n<th>Problem<\/th>\n<th>Rozwi\u0105zanie<\/th>\n<\/tr>\n<\/thead>\n<tbody>\n<tr>\n<td>\u0141upie\u017c<\/td>\n<td>Natychmiastowe pozbycie si\u0119 \u0142upie\u017cu<\/td>\n<\/tr>\n<tr>\n<td>Wypadanie w\u0142os\u00f3w<\/td>\n<td>Dwukrotne przyspieszenie procesu regeneracji cebulek<\/td>\n<\/tr>\n<tr>\n<td>Brak si\u0142y i g\u0119sto\u015bci w\u0142os\u00f3w<\/td>\n<td>O 47,5% wzmocnienie zakorzenienia cebulek<\/td>\n<\/tr>\n<tr>\n<td>Os\u0142abione cebulki w\u0142osowe<\/td>\n<td>Przywr\u00f3cenie dzia\u0142ania gruczo\u0142\u00f3w \u0142ojowych<\/td>\n<\/tr>\n<tr>\n<td>Problemy z samoocen\u0105<\/td>\n<td>Zyskanie nowych w\u0142os\u00f3w ju\u017c po 3 dniach od pierwszego stosowania<\/td>\n<\/tr>\n<\/tbody>\n<\/table>\n<h2>Ryzyko skutk\u00f3w ubocznych<\/h2>\n<p>Peelstim to produkt o naturalnym sk\u0142adzie, dlatego ryzyko wyst\u0105pienia skutk\u00f3w ubocznych jest minimalne. Jednak\u017ce, przed rozpocz\u0119ciem kuracji, zawsze warto skonsultowa\u0107 si\u0119 z lekarzem, zw\u0142aszcza w przypadku sk\u0142onno\u015bci do alergii.<\/p>\n<h2>Opinie klient\u00f3w o Peelstim: fora po\u015bwi\u0119cone zdrowiu<\/h2>\n<p>W Polsce, fora internetowe po\u015bwi\u0119cone zdrowiu staj\u0105 si\u0119 coraz popularniejsze w\u015br\u00f3d konsument\u00f3w. Peelstim zyskuje na popularno\u015bci w\u015br\u00f3d kupuj\u0105cych, co przek\u0142ada si\u0119 na liczne recenzje i opinie na jego temat. W wi\u0119kszo\u015bci przypadk\u00f3w u\u017cytkownicy opisuj\u0105 pozytywny wp\u0142yw suplementu na ich w\u0142osy oraz jego dost\u0119pno\u015b\u0107.<\/p>\n<h2>Wskazania i przeciwwskazania<\/h2>\n<p>Ulotka do\u0142\u0105czona do Peelstim zawiera szczeg\u00f3\u0142owe informacje dotycz\u0105ce wskaza\u0144 do stosowania oraz ewentualnych przeciwwskaza\u0144. Jest to niezb\u0119dne \u017ar\u00f3d\u0142o informacji przed rozpocz\u0119ciem kuracji.<\/p>\n<h2>Spos\u00f3b podawania i dawkowanie<\/h2>\n<p>Peelstim nale\u017cy stosowa\u0107 zgodnie z zaleceniami zawartymi w ulotce. Prawid\u0142owe dawkowanie ma kluczowe znaczenie dla osi\u0105gni\u0119cia optymalnych efekt\u00f3w.<\/p>\n<h2>Porady od lekarzy<\/h2>\n<p>Lekarze zalecaj\u0105 tak\u017ce przestrzeganie og\u00f3lnych zasad dbania o w\u0142osy, takich jak zdrowa dieta, unikanie stresu i regularna higiena sk\u00f3ry g\u0142owy. Warto r\u00f3wnie\u017c unika\u0107 przegrzewania w\u0142os\u00f3w suszark\u0105 do w\u0142os\u00f3w oraz cz\u0119stej stylizacji, kt\u00f3ra mo\u017ce przyczynia\u0107 si\u0119 do os\u0142abienia w\u0142os\u00f3w.<\/p>\n<p style=\"text-align: center;\"><a href=\"https:\/\/tl-track.com\/tracker\/uppJ\"><button>Zakup na stronie producenta (-50%)<\/button><\/a><\/p>\n<h2>Kup teraz Peelstim z dostaw\u0105<\/h2>\n<p>Zakup Peelstim jest niezwykle prosty. Wystarczy klikn\u0105\u0107 przycisk &#8222;Kup teraz&#8221;, a nast\u0119pnie wype\u0142ni\u0107 formularz zam\u00f3wienia, podaj\u0105c tylko swoje imi\u0119 i numer telefonu. P\u0142atno\u015b\u0107 dokonuje si\u0119 przy odbiorze, co gwarantuje otrzymanie oryginalnego produktu bez ryzyka. Dostawa trwa zaledwie 3-4 dni w Polsce, a zam\u00f3wienie jest potwierdzane przez specjalist\u0119, kt\u00f3ry mo\u017ce doradzi\u0107 kupuj\u0105cemu w kwestii ilo\u015bci i dost\u0119pno\u015bci promocji.<\/p>\n<h2>Por\u00f3wnanie ofert: ceny i dost\u0119pno\u015b\u0107 Peelstim<\/h2>\n<p>Producenci priorytetyzuj\u0105 dost\u0119pno\u015b\u0107 dla klient\u00f3w, dlatego suplement mo\u017cna naby\u0107 bezpo\u015brednio na oficjalnej stronie internetowej producenta, bez po\u015brednik\u00f3w i dodatkowych op\u0142at. Istniej\u0105 r\u00f3wnie\u017c rabaty, kt\u00f3rych aktualno\u015b\u0107 warto sprawdza\u0107 okresowo. Dlatego suplement nie jest dost\u0119pny w sprzeda\u017cy w stacjonarnych aptekach.<\/p>\n<\/div>\n<\/div>\n<\/div>\n<\/div>\n<\/div>\n<\/div>\n<\/div>\n<\/div>\n","protected":false},"excerpt":{"rendered":"<p style=\"text-align: center;\"><a href=\"https:\/\/tl-track.com\/tracker\/uppJ\"><button>Kup teraz<\/button><\/a><\/p>\n<p>SKU: 4<span class=\"sku\">89.878.019<\/span><\/p>\n<hr \/>\n<p><small>Produkt sprzedawany jest wy\u0142\u0105cznie za po\u015brednictwem oficjalnej strony producenta, id\u017a i kupuj bezpiecznie!<\/small><\/p>\n","protected":false},"featured_media":1132,"comment_status":"open","ping_status":"closed","template":"","meta":[],"product_brand":[],"product_cat":[15],"product_tag":[],"class_list":{"0":"post-88","1":"product","2":"type-product","3":"status-publish","4":"has-post-thumbnail","6":"product_cat-supl","7":"thunk-woo-product-list","8":"opn-qv-enable","9":"top-store-woo-hover-","10":"top-store-single-product-tab-horizontal","11":"top-store-shadow-","12":"top-store-shadow-hover-","14":"first","15":"instock","16":"sale","17":"shipping-taxable","18":"purchasable","19":"product-type-simple"},"yoast_head":"<!-- This site is optimized with the Yoast SEO plugin v27.4 - https:\/\/yoast.com\/product\/yoast-seo-wordpress\/ -->\n<title>Peelstim - kup suplement, cena w aptece, sk\u0142ad, dzia\u0142anie<\/title>\n<meta name=\"robots\" content=\"index, follow, max-snippet:-1, max-image-preview:large, max-video-preview:-1\" \/>\n<link rel=\"canonical\" href=\"https:\/\/lekarzeopole.pl\/wordpress\/product\/peelstim\/\" \/>\n<meta property=\"og:locale\" content=\"pl_PL\" \/>\n<meta property=\"og:type\" content=\"article\" \/>\n<meta property=\"og:title\" content=\"Peelstim - kup suplement, cena w aptece, sk\u0142ad, dzia\u0142anie\" \/>\n<meta property=\"og:description\" content=\"Kup teraz SKU: 489.878.019    Produkt sprzedawany jest wy\u0142\u0105cznie za po\u015brednictwem oficjalnej strony producenta, id\u017a i kupuj bezpiecznie!\" \/>\n<meta property=\"og:url\" content=\"https:\/\/lekarzeopole.pl\/wordpress\/product\/peelstim\/\" \/>\n<meta property=\"og:site_name\" content=\"Lekarze Opole\" \/>\n<meta property=\"article:modified_time\" content=\"2024-12-21T12:13:12+00:00\" \/>\n<meta property=\"og:image\" content=\"https:\/\/lekarzeopole.pl\/wordpress\/wp-content\/uploads\/2024\/02\/peelstim-1.webp\" \/>\n\t<meta property=\"og:image:width\" content=\"600\" \/>\n\t<meta property=\"og:image:height\" content=\"600\" \/>\n\t<meta property=\"og:image:type\" content=\"image\/webp\" \/>\n<meta name=\"twitter:card\" content=\"summary_large_image\" \/>\n<meta name=\"twitter:label1\" content=\"Szacowany czas czytania\" \/>\n\t<meta name=\"twitter:data1\" content=\"6 minut\" \/>\n<script type=\"application\/ld+json\" class=\"yoast-schema-graph\">{\"@context\":\"https:\\\/\\\/schema.org\",\"@graph\":[{\"@type\":\"WebPage\",\"@id\":\"https:\\\/\\\/lekarzeopole.pl\\\/wordpress\\\/product\\\/peelstim\\\/\",\"url\":\"https:\\\/\\\/lekarzeopole.pl\\\/wordpress\\\/product\\\/peelstim\\\/\",\"name\":\"Peelstim - kup suplement, cena w aptece, sk\u0142ad, dzia\u0142anie\",\"isPartOf\":{\"@id\":\"https:\\\/\\\/lekarzeopole.pl\\\/wordpress\\\/#website\"},\"primaryImageOfPage\":{\"@id\":\"https:\\\/\\\/lekarzeopole.pl\\\/wordpress\\\/product\\\/peelstim\\\/#primaryimage\"},\"image\":{\"@id\":\"https:\\\/\\\/lekarzeopole.pl\\\/wordpress\\\/product\\\/peelstim\\\/#primaryimage\"},\"thumbnailUrl\":\"https:\\\/\\\/lekarzeopole.pl\\\/wordpress\\\/wp-content\\\/uploads\\\/2024\\\/02\\\/peelstim-1.webp\",\"datePublished\":\"2024-02-02T09:12:47+00:00\",\"dateModified\":\"2024-12-21T12:13:12+00:00\",\"breadcrumb\":{\"@id\":\"https:\\\/\\\/lekarzeopole.pl\\\/wordpress\\\/product\\\/peelstim\\\/#breadcrumb\"},\"inLanguage\":\"pl-PL\",\"potentialAction\":[{\"@type\":\"ReadAction\",\"target\":[\"https:\\\/\\\/lekarzeopole.pl\\\/wordpress\\\/product\\\/peelstim\\\/\"]}]},{\"@type\":\"ImageObject\",\"inLanguage\":\"pl-PL\",\"@id\":\"https:\\\/\\\/lekarzeopole.pl\\\/wordpress\\\/product\\\/peelstim\\\/#primaryimage\",\"url\":\"https:\\\/\\\/lekarzeopole.pl\\\/wordpress\\\/wp-content\\\/uploads\\\/2024\\\/02\\\/peelstim-1.webp\",\"contentUrl\":\"https:\\\/\\\/lekarzeopole.pl\\\/wordpress\\\/wp-content\\\/uploads\\\/2024\\\/02\\\/peelstim-1.webp\",\"width\":600,\"height\":600,\"caption\":\"Peelstim\"},{\"@type\":\"BreadcrumbList\",\"@id\":\"https:\\\/\\\/lekarzeopole.pl\\\/wordpress\\\/product\\\/peelstim\\\/#breadcrumb\",\"itemListElement\":[{\"@type\":\"ListItem\",\"position\":1,\"name\":\"\u0413\u043b\u0430\u0432\u043d\u0430\u044f \u0441\u0442\u0440\u0430\u043d\u0438\u0446\u0430\",\"item\":\"https:\\\/\\\/lekarzeopole.pl\\\/wordpress\\\/\"},{\"@type\":\"ListItem\",\"position\":2,\"name\":\"Zakup\",\"item\":\"https:\\\/\\\/lekarzeopole.pl\\\/wordpress\\\/\"},{\"@type\":\"ListItem\",\"position\":3,\"name\":\"Peelstim\"}]},{\"@type\":\"WebSite\",\"@id\":\"https:\\\/\\\/lekarzeopole.pl\\\/wordpress\\\/#website\",\"url\":\"https:\\\/\\\/lekarzeopole.pl\\\/wordpress\\\/\",\"name\":\"Lekarze Opole\",\"description\":\"\",\"potentialAction\":[{\"@type\":\"SearchAction\",\"target\":{\"@type\":\"EntryPoint\",\"urlTemplate\":\"https:\\\/\\\/lekarzeopole.pl\\\/wordpress\\\/?s={search_term_string}\"},\"query-input\":{\"@type\":\"PropertyValueSpecification\",\"valueRequired\":true,\"valueName\":\"search_term_string\"}}],\"inLanguage\":\"pl-PL\"}]}<\/script>\n<!-- \/ Yoast SEO plugin. -->","yoast_head_json":{"title":"Peelstim - kup suplement, cena w aptece, sk\u0142ad, dzia\u0142anie","robots":{"index":"index","follow":"follow","max-snippet":"max-snippet:-1","max-image-preview":"max-image-preview:large","max-video-preview":"max-video-preview:-1"},"canonical":"https:\/\/lekarzeopole.pl\/wordpress\/product\/peelstim\/","og_locale":"pl_PL","og_type":"article","og_title":"Peelstim - kup suplement, cena w aptece, sk\u0142ad, dzia\u0142anie","og_description":"Kup teraz SKU: 489.878.019    Produkt sprzedawany jest wy\u0142\u0105cznie za po\u015brednictwem oficjalnej strony producenta, id\u017a i kupuj bezpiecznie!","og_url":"https:\/\/lekarzeopole.pl\/wordpress\/product\/peelstim\/","og_site_name":"Lekarze Opole","article_modified_time":"2024-12-21T12:13:12+00:00","og_image":[{"width":600,"height":600,"url":"https:\/\/lekarzeopole.pl\/wordpress\/wp-content\/uploads\/2024\/02\/peelstim-1.webp","type":"image\/webp"}],"twitter_card":"summary_large_image","twitter_misc":{"Szacowany czas czytania":"6 minut"},"schema":{"@context":"https:\/\/schema.org","@graph":[{"@type":"WebPage","@id":"https:\/\/lekarzeopole.pl\/wordpress\/product\/peelstim\/","url":"https:\/\/lekarzeopole.pl\/wordpress\/product\/peelstim\/","name":"Peelstim - kup suplement, cena w aptece, sk\u0142ad, dzia\u0142anie","isPartOf":{"@id":"https:\/\/lekarzeopole.pl\/wordpress\/#website"},"primaryImageOfPage":{"@id":"https:\/\/lekarzeopole.pl\/wordpress\/product\/peelstim\/#primaryimage"},"image":{"@id":"https:\/\/lekarzeopole.pl\/wordpress\/product\/peelstim\/#primaryimage"},"thumbnailUrl":"https:\/\/lekarzeopole.pl\/wordpress\/wp-content\/uploads\/2024\/02\/peelstim-1.webp","datePublished":"2024-02-02T09:12:47+00:00","dateModified":"2024-12-21T12:13:12+00:00","breadcrumb":{"@id":"https:\/\/lekarzeopole.pl\/wordpress\/product\/peelstim\/#breadcrumb"},"inLanguage":"pl-PL","potentialAction":[{"@type":"ReadAction","target":["https:\/\/lekarzeopole.pl\/wordpress\/product\/peelstim\/"]}]},{"@type":"ImageObject","inLanguage":"pl-PL","@id":"https:\/\/lekarzeopole.pl\/wordpress\/product\/peelstim\/#primaryimage","url":"https:\/\/lekarzeopole.pl\/wordpress\/wp-content\/uploads\/2024\/02\/peelstim-1.webp","contentUrl":"https:\/\/lekarzeopole.pl\/wordpress\/wp-content\/uploads\/2024\/02\/peelstim-1.webp","width":600,"height":600,"caption":"Peelstim"},{"@type":"BreadcrumbList","@id":"https:\/\/lekarzeopole.pl\/wordpress\/product\/peelstim\/#breadcrumb","itemListElement":[{"@type":"ListItem","position":1,"name":"\u0413\u043b\u0430\u0432\u043d\u0430\u044f \u0441\u0442\u0440\u0430\u043d\u0438\u0446\u0430","item":"https:\/\/lekarzeopole.pl\/wordpress\/"},{"@type":"ListItem","position":2,"name":"Zakup","item":"https:\/\/lekarzeopole.pl\/wordpress\/"},{"@type":"ListItem","position":3,"name":"Peelstim"}]},{"@type":"WebSite","@id":"https:\/\/lekarzeopole.pl\/wordpress\/#website","url":"https:\/\/lekarzeopole.pl\/wordpress\/","name":"Lekarze Opole","description":"","potentialAction":[{"@type":"SearchAction","target":{"@type":"EntryPoint","urlTemplate":"https:\/\/lekarzeopole.pl\/wordpress\/?s={search_term_string}"},"query-input":{"@type":"PropertyValueSpecification","valueRequired":true,"valueName":"search_term_string"}}],"inLanguage":"pl-PL"}]}},"_links":{"self":[{"href":"https:\/\/lekarzeopole.pl\/wordpress\/wp-json\/wp\/v2\/product\/88","targetHints":{"allow":["GET"]}}],"collection":[{"href":"https:\/\/lekarzeopole.pl\/wordpress\/wp-json\/wp\/v2\/product"}],"about":[{"href":"https:\/\/lekarzeopole.pl\/wordpress\/wp-json\/wp\/v2\/types\/product"}],"replies":[{"embeddable":true,"href":"https:\/\/lekarzeopole.pl\/wordpress\/wp-json\/wp\/v2\/comments?post=88"}],"wp:featuredmedia":[{"embeddable":true,"href":"https:\/\/lekarzeopole.pl\/wordpress\/wp-json\/wp\/v2\/media\/1132"}],"wp:attachment":[{"href":"https:\/\/lekarzeopole.pl\/wordpress\/wp-json\/wp\/v2\/media?parent=88"}],"wp:term":[{"taxonomy":"product_brand","embeddable":true,"href":"https:\/\/lekarzeopole.pl\/wordpress\/wp-json\/wp\/v2\/product_brand?post=88"},{"taxonomy":"product_cat","embeddable":true,"href":"https:\/\/lekarzeopole.pl\/wordpress\/wp-json\/wp\/v2\/product_cat?post=88"},{"taxonomy":"product_tag","embeddable":true,"href":"https:\/\/lekarzeopole.pl\/wordpress\/wp-json\/wp\/v2\/product_tag?post=88"}],"curies":[{"name":"wp","href":"https:\/\/api.w.org\/{rel}","templated":true}]}}