{"id":86,"date":"2024-02-02T08:50:28","date_gmt":"2024-02-02T08:50:28","guid":{"rendered":"https:\/\/lekarzeopole.pl\/wordpress\/?post_type=product&#038;p=86"},"modified":"2025-12-26T18:04:11","modified_gmt":"2025-12-26T18:04:11","slug":"manbuilder","status":"publish","type":"product","link":"https:\/\/lekarzeopole.pl\/wordpress\/product\/manbuilder\/","title":{"rendered":"ManBuilder"},"content":{"rendered":"<div class=\"w-full text-token-text-primary\" data-testid=\"conversation-turn-3\">\n<div class=\"px-4 py-2 justify-center text-base md:gap-6 m-auto\">\n<div class=\"flex flex-1 text-base mx-auto gap-3 md:px-5 lg:px-1 xl:px-5 md:max-w-3xl lg:max-w-[40rem] xl:max-w-[48rem] group\">\n<div class=\"relative flex w-full flex-col lg:w-[calc(100%-115px)] agent-turn\">\n<div class=\"flex-col gap-1 md:gap-3\">\n<div class=\"flex flex-grow flex-col max-w-full\">\n<div class=\"min-h-[20px] text-message flex flex-col items-start gap-3 whitespace-pre-wrap break-words [.text-message+&amp;]:mt-5 overflow-x-auto\" data-message-author-role=\"assistant\" data-message-id=\"9db953cf-466e-44c7-bc93-5925c9525e8d\">\n<div class=\"markdown prose w-full break-words dark:prose-invert light\">\n<p>Wsp\u00f3\u0142czesne \u017cycie cz\u0119sto stawia przed m\u0119\u017cczyznami r\u00f3\u017cne wyzwania, zar\u00f3wno w sferze zawodowej, jak i prywatnej. Stres, z\u0142a dieta, brak aktywno\u015bci fizycznej i wiele innych czynnik\u00f3w mo\u017ce wp\u0142ywa\u0107 negatywnie na zdrowie i kondycj\u0119 m\u0119\u017cczyzn. W takim przypadku suplementy diety, takie jak ManBuilder, mog\u0105 okaza\u0107 si\u0119 niezast\u0105pionym wsparciem. Przedstawiamy Ci pe\u0142n\u0105 analiz\u0119 tego produktu, aby\u015b m\u00f3g\u0142 dowiedzie\u0107 si\u0119, jakie korzy\u015bci mo\u017ce przynie\u015b\u0107 Twojemu zdrowiu i samopoczuciu.<\/p>\n<h2>Wskazania do stosowania suplementu diety ManBuilder<\/h2>\n<table style=\"height: 181px;\" width=\"1268\">\n<thead>\n<tr>\n<th>Wskazania<\/th>\n<\/tr>\n<\/thead>\n<tbody>\n<tr>\n<td>Przywr\u00f3\u0107 sobie m\u0119sko\u015b\u0107 i aktywno\u015b\u0107<\/td>\n<\/tr>\n<tr>\n<td>Zadowalaj swoj\u0105 partnerk\u0119 za ka\u017cdym razem<\/td>\n<\/tr>\n<tr>\n<td>Zdob\u0105d\u017a energi\u0119 i umiej\u0119tno\u015bci, kt\u00f3rych potrzebujesz<\/td>\n<\/tr>\n<tr>\n<td>Wzmacniaj og\u00f3lny ton cia\u0142a<\/td>\n<\/tr>\n<tr>\n<td>Chcesz zaskoczy\u0107 siebie i pozby\u0107 si\u0119 impotencji? Dowiedz si\u0119, jak si\u0119 wzbudzi\u0107 i uprawia\u0107 seks bez przerwy!<\/td>\n<\/tr>\n<\/tbody>\n<\/table>\n<h2>Opis dodatku do \u017cywno\u015bci ManBuilder<\/h2>\n<p>ManBuilder to suplement diety, kt\u00f3ry zosta\u0142 stworzony specjalnie z my\u015bl\u0105 o m\u0119\u017cczyznach. Jego unikalna formu\u0142a opiera si\u0119 na naturalnych sk\u0142adnikach, kt\u00f3re pomagaj\u0105 przywr\u00f3ci\u0107 m\u0119sko\u015b\u0107, zwi\u0119kszy\u0107 aktywno\u015b\u0107 fizyczn\u0105 i poprawi\u0107 jako\u015b\u0107 \u017cycia intymnego. Produkt jest dost\u0119pny w postaci kapsu\u0142ek, co czyni go wygodnym i \u0142atwym w u\u017cyciu.<\/p>\n<h2>Sk\u0142ad i dzia\u0142anie sk\u0142adnik\u00f3w ManBuilder<\/h2>\n<p>Sk\u0142adniki ManBuilder zosta\u0142y starannie wybrane, aby zapewni\u0107 m\u0119\u017cczyznom kompleksow\u0105 pomoc w odzyskaniu energii i poprawie zdolno\u015bci seksualnych. Oto g\u0142\u00f3wne sk\u0142adniki i ich dzia\u0142anie:<\/p>\n<ol>\n<li><strong>Maca korze\u0144<\/strong> &#8211; Wzmacnia libido, zwi\u0119ksza wytrzyma\u0142o\u015b\u0107 seksualn\u0105 oraz poprawia og\u00f3ln\u0105 kondycj\u0119 organizmu.<\/li>\n<li><strong>\u017be\u0144-sze\u0144 korea\u0144ski<\/strong> &#8211; Wspomaga witalno\u015b\u0107 i dodaje energii, co wp\u0142ywa pozytywnie na samopoczucie i aktywno\u015b\u0107 fizyczn\u0105.<\/li>\n<li><strong>L-arginina<\/strong> &#8211; Poprawia kr\u0105\u017cenie krwi, co mo\u017ce pom\u00f3c w osi\u0105gni\u0119ciu i utrzymaniu erekcji.<\/li>\n<li><strong>Selen<\/strong> &#8211; Wspiera prawid\u0142owe funkcjonowanie uk\u0142adu rozrodczego i wp\u0142ywa na produkcj\u0119 spermy.<\/li>\n<li><strong>Tribulus terrestris<\/strong> &#8211; Zwi\u0119ksza poziom testosteronu, co mo\u017ce przek\u0142ada\u0107 si\u0119 na zwi\u0119kszenie m\u0119skiej energii.<\/li>\n<li><strong>Cynk<\/strong> &#8211; Jest niezb\u0119dny do zachowania zdrowej spermy oraz wp\u0142ywa na prawid\u0142ow\u0105 prac\u0119 gruczo\u0142u prostaty.<\/li>\n<\/ol>\n<h2>Efekty ManBuilder i ich charakterystyka<\/h2>\n<p>ManBuilder ma wiele korzy\u015bci dla m\u0119\u017cczyzn, kt\u00f3rzy go stosuj\u0105. Oto niekt\u00f3re z efekt\u00f3w, jakie mo\u017cna osi\u0105gn\u0105\u0107:<\/p>\n<ul>\n<li>Zwi\u0119kszenie libido i poprawa \u017cycia seksualnego.<\/li>\n<li>Wzrost energii i wytrzyma\u0142o\u015bci.<\/li>\n<li>Poprawa og\u00f3lnego samopoczucia i aktywno\u015bci fizycznej.<\/li>\n<li>Przywr\u00f3cenie pewno\u015bci siebie i m\u0119sko\u015bci.<\/li>\n<li>Poprawa kondycji organizmu.<\/li>\n<li>Zwi\u0119kszenie szans na sukces w \u017cyciu prywatnym i zawodowym.<\/li>\n<\/ul>\n<p style=\"text-align: center;\"><a href=\"https:\/\/tl-track.com\/tracker\/vQS3\"><button>www.manbuilder.pl<\/button><\/a><\/p>\n<h2>Ryzyko skutk\u00f3w ubocznych<\/h2>\n<p>Suplement ManBuilder posiada naturalny sk\u0142ad, co minimalizuje ryzyko wyst\u0105pienia skutk\u00f3w ubocznych. Jednak\u017ce, zawsze warto skonsultowa\u0107 si\u0119 z lekarzem przed rozpocz\u0119ciem suplementacji, szczeg\u00f3lnie je\u015bli masz jakiekolwiek schorzenia lub przyjmujesz inne leki.<\/p>\n<h2>Opinie klient\u00f3w o ManBuilder: fora po\u015bwi\u0119cone zdrowiu<\/h2>\n<p>W Polsce fora internetowe po\u015bwi\u0119cone zdrowiu zyskuj\u0105 coraz wi\u0119ksz\u0105 popularno\u015b\u0107. W ramach tych spo\u0142eczno\u015bci, ManBuilder sta\u0142 si\u0119 tematem licznych dyskusji. Klienci dziel\u0105 si\u0119 swoimi opiniami na temat tego suplementu, a wi\u0119kszo\u015b\u0107 z nich opisuje jego pozytywny wp\u0142yw na ich \u017cycie.<\/p>\n<p>Wielu u\u017cytkownik\u00f3w podkre\u015bla, \u017ce ManBuilder pom\u00f3g\u0142 im odzyska\u0107 m\u0119sko\u015b\u0107, poprawi\u0107 jako\u015b\u0107 \u017cycia seksualnego i zwi\u0119kszy\u0107 energi\u0119. Dost\u0119pno\u015b\u0107 produktu sprawia, \u017ce jest on dost\u0119pny dla ka\u017cdego, kto potrzebuje wsparcia w trosce o swoje zdrowie i kondycj\u0119 fizyczn\u0105.<\/p>\n<p>ManBuilder to suplement diety, kt\u00f3ry mo\u017ce pom\u00f3c m\u0119\u017cczyznom odzyska\u0107 m\u0119sko\u015b\u0107, poprawi\u0107 jako\u015b\u0107 \u017cycia intymnego oraz zwi\u0119kszy\u0107 og\u00f3ln\u0105 aktywno\u015b\u0107 i energi\u0119. Dzi\u0119ki naturalnym sk\u0142adnikom i pozytywnym opiniiom klient\u00f3w, sta\u0142 si\u0119 on popularnym wyborem w Polsce. Jednak pami\u0119taj, aby przed rozpocz\u0119ciem suplementacji skonsultowa\u0107 si\u0119 z lekarzem, aby upewni\u0107 si\u0119, \u017ce jest to odpowiedni produkt dla Ciebie. ManBuilder mo\u017ce by\u0107 kluczem do przywr\u00f3cenia r\u00f3wnowagi i pewno\u015bci siebie w Twoim \u017cyciu.<\/p>\n<\/div>\n<\/div>\n<\/div>\n<\/div>\n<\/div>\n<\/div>\n<\/div>\n<\/div>\n<div class=\"w-full text-token-text-primary\" data-testid=\"conversation-turn-5\">\n<div class=\"px-4 py-2 justify-center text-base md:gap-6 m-auto\">\n<div class=\"flex flex-1 text-base mx-auto gap-3 md:px-5 lg:px-1 xl:px-5 md:max-w-3xl lg:max-w-[40rem] xl:max-w-[48rem] group final-completion\">\n<div class=\"relative flex w-full flex-col lg:w-[calc(100%-115px)] agent-turn\">\n<div class=\"flex-col gap-1 md:gap-3\">\n<div class=\"flex flex-grow flex-col max-w-full\">\n<div class=\"min-h-[20px] text-message flex flex-col items-start gap-3 whitespace-pre-wrap break-words [.text-message+&amp;]:mt-5 overflow-x-auto\" data-message-author-role=\"assistant\" data-message-id=\"7bec93f7-93e3-4793-bcda-96f3d245f3aa\">\n<div class=\"markdown prose w-full break-words dark:prose-invert light\">\n<h2>Ulotka do\u0142\u0105czona do ManBuilder<\/h2>\n<p>Ulotka do\u0142\u0105czona do ManBuilder zawiera niezb\u0119dne informacje na temat produktu, w tym wskazania i przeciwwskazania oraz spos\u00f3b podawania i dawkowanie. Jest to wa\u017cny dokument, kt\u00f3ry nale\u017cy uwa\u017cnie przeczyta\u0107 przed rozpocz\u0119ciem suplementacji, aby zapewni\u0107 sobie maksymalne korzy\u015bci i unikn\u0105\u0107 ewentualnych problem\u00f3w zdrowotnych.<\/p>\n<h2>Wskazania i przeciwwskazania<\/h2>\n<p>ManBuilder jest przeznaczony dla m\u0119\u017cczyzn, kt\u00f3rzy chc\u0105 przywr\u00f3ci\u0107 sobie m\u0119sko\u015b\u0107, zwi\u0119kszy\u0107 aktywno\u015b\u0107 fizyczn\u0105 i poprawi\u0107 jako\u015b\u0107 swojego \u017cycia intymnego. Jednak\u017ce, istniej\u0105 pewne sytuacje, w kt\u00f3rych nie zaleca si\u0119 stosowania tego suplementu. Przeciwwskazania obejmuj\u0105:<\/p>\n<ul>\n<li>Nadwra\u017cliwo\u015b\u0107 na kt\u00f3rykolwiek ze sk\u0142adnik\u00f3w ManBuilder.<\/li>\n<li>Przewlek\u0142e choroby, kt\u00f3re wymagaj\u0105 specjalistycznego leczenia i konsultacji z lekarzem.<\/li>\n<li>Osoby nieletnie oraz kobiety w ci\u0105\u017cy i karmi\u0105ce piersi\u0105.<\/li>\n<\/ul>\n<p>Zawsze przed rozpocz\u0119ciem suplementacji warto skonsultowa\u0107 si\u0119 z lekarzem, zw\u0142aszcza je\u015bli masz jakiekolwiek w\u0105tpliwo\u015bci dotycz\u0105ce swojego zdrowia.<\/p>\n<h2>Spos\u00f3b podawania i dawkowanie<\/h2>\n<p>Zgodnie z zaleceniami producenta, ManBuilder nale\u017cy przyjmowa\u0107 codziennie, jedn\u0105 kapsu\u0142k\u0119, popijaj\u0105c j\u0105 odpowiedni\u0105 ilo\u015bci\u0105 wody. Nie przekraczaj zalecanej dawki, poniewa\u017c to nie zwi\u0119kszy efekt\u00f3w, a mo\u017ce wr\u0119cz przyczyni\u0107 si\u0119 do wyst\u0105pienia skutk\u00f3w ubocznych.<\/p>\n<h2>Porady od lekarzy<\/h2>\n<p>Oto kilka og\u00f3lnych wskaz\u00f3wek od lekarzy dotycz\u0105cych rozwi\u0105zywania problem\u00f3w zdrowia m\u0119\u017cczyzn:<\/p>\n<ol>\n<li><strong>Zadbaj o zdrow\u0105 diet\u0119<\/strong> &#8211; Wprowad\u017a do swojej diety wi\u0119cej warzyw, owoc\u00f3w, orzech\u00f3w i pe\u0142noziarnistych produkt\u00f3w. Unikaj przetworzonej \u017cywno\u015bci i nadmiaru t\u0142uszcz\u00f3w nasyconych.<\/li>\n<li><strong>Regularna aktywno\u015b\u0107 fizyczna<\/strong> &#8211; \u0106wicz regularnie, to pomo\u017ce w utrzymaniu dobrej kondycji i poprawie kr\u0105\u017cenia krwi.<\/li>\n<li><strong>Unikaj stresu<\/strong> &#8211; Stres mo\u017ce negatywnie wp\u0142ywa\u0107 na zdolno\u015b\u0107 seksualn\u0105. Wprowad\u017a techniki relaksacyjne, takie jak medytacja czy joga.<\/li>\n<li><strong>Zadbaj o sen<\/strong> &#8211; Wystarczaj\u0105ca ilo\u015b\u0107 snu jest kluczowa dla og\u00f3lnego zdrowia i energii.<\/li>\n<li><strong>Unikaj nadmiernego spo\u017cycia alkoholu i palenia tytoniu<\/strong> &#8211; Te nawyki mog\u0105 wp\u0142ywa\u0107 negatywnie na zdrowie m\u0119skiego uk\u0142adu rozrodczego.<\/li>\n<\/ol>\n<p style=\"text-align: center;\"><a href=\"https:\/\/tl-track.com\/tracker\/vQS3\"><button>Zakup na stronie producenta (-50%)<\/button><\/a><\/p>\n<h2>Kup teraz ManBuilder z dostaw\u0105<\/h2>\n<p>Kupuj\u0105c ManBuilder, masz pewno\u015b\u0107, \u017ce otrzymasz oryginalny produkt bez ryzyka, poniewa\u017c p\u0142atno\u015b\u0107 odbywa si\u0119 przy dostawie. Proces zamawiania jest prosty &#8211; wystarczy klikn\u0105\u0107 przycisk &#8222;Kup teraz&#8221; i wype\u0142ni\u0107 formularz zam\u00f3wienia, podaj\u0105c tylko swoje imi\u0119 i numer telefonu. Dostawa odbywa si\u0119 w ci\u0105gu 3-4 dni w Polsce. Po z\u0142o\u017ceniu zam\u00f3wienia, otrzymasz r\u00f3wnie\u017c potwierdzenie od specjalisty, kt\u00f3ry mo\u017ce udzieli\u0107 Ci rad dotycz\u0105cych ilo\u015bci produktu oraz dost\u0119pno\u015bci ofert promocyjnych.<\/p>\n<h2>Por\u00f3wnanie ofert: ceny i dost\u0119pno\u015b\u0107 ManBuilder<\/h2>\n<p>Producent ManBuilder stawia na dost\u0119pno\u015b\u0107 dla klient\u00f3w, dlatego suplement mo\u017cna zakupi\u0107 bezpo\u015brednio na oficjalnej stronie internetowej producenta, eliminuj\u0105c po\u015brednik\u00f3w i dodatkowe op\u0142aty. Na stronie mo\u017cna r\u00f3wnie\u017c sprawdzi\u0107 aktualne promocje i rabaty, kt\u00f3re pojawiaj\u0105 si\u0119 regularnie. Dlatego suplement nie jest dost\u0119pny w stacjonarnych aptekach, aby zapewni\u0107 klientom najlepsz\u0105 cen\u0119 i dost\u0119pno\u015b\u0107.<\/p>\n<p>ManBuilder to produkt, kt\u00f3ry pom\u00f3g\u0142 wielu m\u0119\u017cczyznom odzyska\u0107 pewno\u015b\u0107 siebie, energi\u0119 i zdolno\u015bci seksualne. Je\u015bli masz problemy w tych obszarach, warto rozwa\u017cy\u0107 jego stosowanie po konsultacji z lekarzem. Nie czekaj d\u0142u\u017cej i podj\u0119j kroki w kierunku poprawy swojego zdrowia i samopoczucia ju\u017c dzi\u015b!<\/p>\n<\/div>\n<\/div>\n<\/div>\n<\/div>\n<\/div>\n<\/div>\n<\/div>\n<\/div>\n","protected":false},"excerpt":{"rendered":"<p style=\"text-align: center;\"><a href=\"https:\/\/tl-track.com\/tracker\/vQS3\"><button>Kup teraz<\/button><\/a><\/p>\n<p>SKU: 3<span class=\"sku\">89.878.019<\/span><\/p>\n<hr \/>\n<p><small>Produkt sprzedawany jest wy\u0142\u0105cznie za po\u015brednictwem oficjalnej strony producenta, id\u017a i kupuj bezpiecznie!<\/small><\/p>\n","protected":false},"featured_media":87,"comment_status":"open","ping_status":"closed","template":"","meta":[],"product_brand":[],"product_cat":[15],"product_tag":[],"class_list":{"0":"post-86","1":"product","2":"type-product","3":"status-publish","4":"has-post-thumbnail","6":"product_cat-supl","7":"thunk-woo-product-list","8":"opn-qv-enable","9":"top-store-woo-hover-","10":"top-store-single-product-tab-horizontal","11":"top-store-shadow-","12":"top-store-shadow-hover-","14":"first","15":"instock","16":"sale","17":"shipping-taxable","18":"purchasable","19":"product-type-simple"},"yoast_head":"<!-- This site is optimized with the Yoast SEO plugin v27.5 - https:\/\/yoast.com\/product\/yoast-seo-wordpress\/ -->\n<title>ManBuilder - kup suplement, cena w aptece, sk\u0142ad, dzia\u0142anie<\/title>\n<meta name=\"robots\" content=\"index, follow, max-snippet:-1, max-image-preview:large, max-video-preview:-1\" \/>\n<link rel=\"canonical\" href=\"https:\/\/lekarzeopole.pl\/wordpress\/product\/manbuilder\/\" \/>\n<meta property=\"og:locale\" content=\"pl_PL\" \/>\n<meta property=\"og:type\" content=\"article\" \/>\n<meta property=\"og:title\" content=\"ManBuilder - kup suplement, cena w aptece, sk\u0142ad, dzia\u0142anie\" \/>\n<meta property=\"og:description\" content=\"Kup teraz SKU: 389.878.019    Produkt sprzedawany jest wy\u0142\u0105cznie za po\u015brednictwem oficjalnej strony producenta, id\u017a i kupuj bezpiecznie!\" \/>\n<meta property=\"og:url\" content=\"https:\/\/lekarzeopole.pl\/wordpress\/product\/manbuilder\/\" \/>\n<meta property=\"og:site_name\" content=\"Lekarze Opole\" \/>\n<meta property=\"article:modified_time\" content=\"2025-12-26T18:04:11+00:00\" \/>\n<meta property=\"og:image\" content=\"https:\/\/lekarzeopole.pl\/wordpress\/wp-content\/uploads\/2024\/02\/manbuilder.png\" \/>\n\t<meta property=\"og:image:width\" content=\"250\" \/>\n\t<meta property=\"og:image:height\" content=\"300\" \/>\n\t<meta property=\"og:image:type\" content=\"image\/png\" \/>\n<meta name=\"twitter:card\" content=\"summary_large_image\" \/>\n<meta name=\"twitter:label1\" content=\"Szacowany czas czytania\" \/>\n\t<meta name=\"twitter:data1\" content=\"6 minut\" \/>\n<script type=\"application\/ld+json\" class=\"yoast-schema-graph\">{\"@context\":\"https:\\\/\\\/schema.org\",\"@graph\":[{\"@type\":\"WebPage\",\"@id\":\"https:\\\/\\\/lekarzeopole.pl\\\/wordpress\\\/product\\\/manbuilder\\\/\",\"url\":\"https:\\\/\\\/lekarzeopole.pl\\\/wordpress\\\/product\\\/manbuilder\\\/\",\"name\":\"ManBuilder - kup suplement, cena w aptece, sk\u0142ad, dzia\u0142anie\",\"isPartOf\":{\"@id\":\"https:\\\/\\\/lekarzeopole.pl\\\/wordpress\\\/#website\"},\"primaryImageOfPage\":{\"@id\":\"https:\\\/\\\/lekarzeopole.pl\\\/wordpress\\\/product\\\/manbuilder\\\/#primaryimage\"},\"image\":{\"@id\":\"https:\\\/\\\/lekarzeopole.pl\\\/wordpress\\\/product\\\/manbuilder\\\/#primaryimage\"},\"thumbnailUrl\":\"https:\\\/\\\/lekarzeopole.pl\\\/wordpress\\\/wp-content\\\/uploads\\\/2024\\\/02\\\/manbuilder.png\",\"datePublished\":\"2024-02-02T08:50:28+00:00\",\"dateModified\":\"2025-12-26T18:04:11+00:00\",\"breadcrumb\":{\"@id\":\"https:\\\/\\\/lekarzeopole.pl\\\/wordpress\\\/product\\\/manbuilder\\\/#breadcrumb\"},\"inLanguage\":\"pl-PL\",\"potentialAction\":[{\"@type\":\"ReadAction\",\"target\":[\"https:\\\/\\\/lekarzeopole.pl\\\/wordpress\\\/product\\\/manbuilder\\\/\"]}]},{\"@type\":\"ImageObject\",\"inLanguage\":\"pl-PL\",\"@id\":\"https:\\\/\\\/lekarzeopole.pl\\\/wordpress\\\/product\\\/manbuilder\\\/#primaryimage\",\"url\":\"https:\\\/\\\/lekarzeopole.pl\\\/wordpress\\\/wp-content\\\/uploads\\\/2024\\\/02\\\/manbuilder.png\",\"contentUrl\":\"https:\\\/\\\/lekarzeopole.pl\\\/wordpress\\\/wp-content\\\/uploads\\\/2024\\\/02\\\/manbuilder.png\",\"width\":250,\"height\":300,\"caption\":\"ManBuilder\"},{\"@type\":\"BreadcrumbList\",\"@id\":\"https:\\\/\\\/lekarzeopole.pl\\\/wordpress\\\/product\\\/manbuilder\\\/#breadcrumb\",\"itemListElement\":[{\"@type\":\"ListItem\",\"position\":1,\"name\":\"\u0413\u043b\u0430\u0432\u043d\u0430\u044f \u0441\u0442\u0440\u0430\u043d\u0438\u0446\u0430\",\"item\":\"https:\\\/\\\/lekarzeopole.pl\\\/wordpress\\\/\"},{\"@type\":\"ListItem\",\"position\":2,\"name\":\"Zakup\",\"item\":\"https:\\\/\\\/lekarzeopole.pl\\\/wordpress\\\/\"},{\"@type\":\"ListItem\",\"position\":3,\"name\":\"ManBuilder\"}]},{\"@type\":\"WebSite\",\"@id\":\"https:\\\/\\\/lekarzeopole.pl\\\/wordpress\\\/#website\",\"url\":\"https:\\\/\\\/lekarzeopole.pl\\\/wordpress\\\/\",\"name\":\"Lekarze Opole\",\"description\":\"\",\"potentialAction\":[{\"@type\":\"SearchAction\",\"target\":{\"@type\":\"EntryPoint\",\"urlTemplate\":\"https:\\\/\\\/lekarzeopole.pl\\\/wordpress\\\/?s={search_term_string}\"},\"query-input\":{\"@type\":\"PropertyValueSpecification\",\"valueRequired\":true,\"valueName\":\"search_term_string\"}}],\"inLanguage\":\"pl-PL\"}]}<\/script>\n<!-- \/ Yoast SEO plugin. -->","yoast_head_json":{"title":"ManBuilder - kup suplement, cena w aptece, sk\u0142ad, dzia\u0142anie","robots":{"index":"index","follow":"follow","max-snippet":"max-snippet:-1","max-image-preview":"max-image-preview:large","max-video-preview":"max-video-preview:-1"},"canonical":"https:\/\/lekarzeopole.pl\/wordpress\/product\/manbuilder\/","og_locale":"pl_PL","og_type":"article","og_title":"ManBuilder - kup suplement, cena w aptece, sk\u0142ad, dzia\u0142anie","og_description":"Kup teraz SKU: 389.878.019    Produkt sprzedawany jest wy\u0142\u0105cznie za po\u015brednictwem oficjalnej strony producenta, id\u017a i kupuj bezpiecznie!","og_url":"https:\/\/lekarzeopole.pl\/wordpress\/product\/manbuilder\/","og_site_name":"Lekarze Opole","article_modified_time":"2025-12-26T18:04:11+00:00","og_image":[{"width":250,"height":300,"url":"https:\/\/lekarzeopole.pl\/wordpress\/wp-content\/uploads\/2024\/02\/manbuilder.png","type":"image\/png"}],"twitter_card":"summary_large_image","twitter_misc":{"Szacowany czas czytania":"6 minut"},"schema":{"@context":"https:\/\/schema.org","@graph":[{"@type":"WebPage","@id":"https:\/\/lekarzeopole.pl\/wordpress\/product\/manbuilder\/","url":"https:\/\/lekarzeopole.pl\/wordpress\/product\/manbuilder\/","name":"ManBuilder - kup suplement, cena w aptece, sk\u0142ad, dzia\u0142anie","isPartOf":{"@id":"https:\/\/lekarzeopole.pl\/wordpress\/#website"},"primaryImageOfPage":{"@id":"https:\/\/lekarzeopole.pl\/wordpress\/product\/manbuilder\/#primaryimage"},"image":{"@id":"https:\/\/lekarzeopole.pl\/wordpress\/product\/manbuilder\/#primaryimage"},"thumbnailUrl":"https:\/\/lekarzeopole.pl\/wordpress\/wp-content\/uploads\/2024\/02\/manbuilder.png","datePublished":"2024-02-02T08:50:28+00:00","dateModified":"2025-12-26T18:04:11+00:00","breadcrumb":{"@id":"https:\/\/lekarzeopole.pl\/wordpress\/product\/manbuilder\/#breadcrumb"},"inLanguage":"pl-PL","potentialAction":[{"@type":"ReadAction","target":["https:\/\/lekarzeopole.pl\/wordpress\/product\/manbuilder\/"]}]},{"@type":"ImageObject","inLanguage":"pl-PL","@id":"https:\/\/lekarzeopole.pl\/wordpress\/product\/manbuilder\/#primaryimage","url":"https:\/\/lekarzeopole.pl\/wordpress\/wp-content\/uploads\/2024\/02\/manbuilder.png","contentUrl":"https:\/\/lekarzeopole.pl\/wordpress\/wp-content\/uploads\/2024\/02\/manbuilder.png","width":250,"height":300,"caption":"ManBuilder"},{"@type":"BreadcrumbList","@id":"https:\/\/lekarzeopole.pl\/wordpress\/product\/manbuilder\/#breadcrumb","itemListElement":[{"@type":"ListItem","position":1,"name":"\u0413\u043b\u0430\u0432\u043d\u0430\u044f \u0441\u0442\u0440\u0430\u043d\u0438\u0446\u0430","item":"https:\/\/lekarzeopole.pl\/wordpress\/"},{"@type":"ListItem","position":2,"name":"Zakup","item":"https:\/\/lekarzeopole.pl\/wordpress\/"},{"@type":"ListItem","position":3,"name":"ManBuilder"}]},{"@type":"WebSite","@id":"https:\/\/lekarzeopole.pl\/wordpress\/#website","url":"https:\/\/lekarzeopole.pl\/wordpress\/","name":"Lekarze Opole","description":"","potentialAction":[{"@type":"SearchAction","target":{"@type":"EntryPoint","urlTemplate":"https:\/\/lekarzeopole.pl\/wordpress\/?s={search_term_string}"},"query-input":{"@type":"PropertyValueSpecification","valueRequired":true,"valueName":"search_term_string"}}],"inLanguage":"pl-PL"}]}},"_links":{"self":[{"href":"https:\/\/lekarzeopole.pl\/wordpress\/wp-json\/wp\/v2\/product\/86","targetHints":{"allow":["GET"]}}],"collection":[{"href":"https:\/\/lekarzeopole.pl\/wordpress\/wp-json\/wp\/v2\/product"}],"about":[{"href":"https:\/\/lekarzeopole.pl\/wordpress\/wp-json\/wp\/v2\/types\/product"}],"replies":[{"embeddable":true,"href":"https:\/\/lekarzeopole.pl\/wordpress\/wp-json\/wp\/v2\/comments?post=86"}],"wp:featuredmedia":[{"embeddable":true,"href":"https:\/\/lekarzeopole.pl\/wordpress\/wp-json\/wp\/v2\/media\/87"}],"wp:attachment":[{"href":"https:\/\/lekarzeopole.pl\/wordpress\/wp-json\/wp\/v2\/media?parent=86"}],"wp:term":[{"taxonomy":"product_brand","embeddable":true,"href":"https:\/\/lekarzeopole.pl\/wordpress\/wp-json\/wp\/v2\/product_brand?post=86"},{"taxonomy":"product_cat","embeddable":true,"href":"https:\/\/lekarzeopole.pl\/wordpress\/wp-json\/wp\/v2\/product_cat?post=86"},{"taxonomy":"product_tag","embeddable":true,"href":"https:\/\/lekarzeopole.pl\/wordpress\/wp-json\/wp\/v2\/product_tag?post=86"}],"curies":[{"name":"wp","href":"https:\/\/api.w.org\/{rel}","templated":true}]}}