{"id":78,"date":"2024-01-20T11:47:37","date_gmt":"2024-01-20T11:47:37","guid":{"rendered":"https:\/\/lekarzeopole.pl\/wordpress\/?post_type=product&#038;p=78"},"modified":"2025-09-24T11:02:33","modified_gmt":"2025-09-24T11:02:33","slug":"keto-probiotix","status":"publish","type":"product","link":"https:\/\/lekarzeopole.pl\/wordpress\/product\/keto-probiotix\/","title":{"rendered":"Keto Probiotix"},"content":{"rendered":"<div class=\"w-full text-token-text-primary\" data-testid=\"conversation-turn-3\">\n<div class=\"px-4 py-2 justify-center text-base md:gap-6 m-auto\">\n<div class=\"flex flex-1 text-base mx-auto gap-3 md:px-5 lg:px-1 xl:px-5 md:max-w-3xl lg:max-w-[40rem] xl:max-w-[48rem] group\">\n<div class=\"relative flex w-full flex-col lg:w-[calc(100%-115px)] agent-turn\">\n<div class=\"flex-col gap-1 md:gap-3\">\n<div class=\"flex flex-grow flex-col max-w-full\">\n<div class=\"min-h-[20px] text-message flex flex-col items-start gap-3 whitespace-pre-wrap break-words [.text-message+&amp;]:mt-5 overflow-x-auto\" data-message-author-role=\"assistant\" data-message-id=\"5a739733-a2d8-477a-aa2c-a75f2c54433d\">\n<div class=\"markdown prose w-full break-words dark:prose-invert light\">\n<p>Ketogeniczna dieta, znana r\u00f3wnie\u017c jako dieta keto, sta\u0142a si\u0119 jednym z najpopularniejszych trend\u00f3w w dziedzinie utraty wagi i zdrowego stylu \u017cycia. Jednak nie zawsze jest \u0142atwo dostosowa\u0107 si\u0119 do rygorystycznego re\u017cimu \u017cywieniowego, kt\u00f3ry eliminuje w\u0119glowodany. Dlatego Keto Probiotix, suplement diety w formie pysznego koktajlu o smaku czekoladowym, sta\u0142 si\u0119 wielkim hitem w Polsce. Poznajmy bli\u017cej ten produkt, jego sk\u0142adniki, efekty oraz opinie klient\u00f3w.<\/p>\n<h2>Wskazania do Stosowania Suplementu Diety Keto Probiotix<\/h2>\n<p>Zanim przejdziemy do g\u0142\u0119bszej analizy Keto Probiotix, warto przyjrze\u0107 si\u0119, kiedy mo\u017cna go stosowa\u0107. Poni\u017csza tabela przedstawia najwa\u017cniejsze wskazania do korzystania z tego suplementu:<\/p>\n<table style=\"height: 193px;\" width=\"951\">\n<thead>\n<tr>\n<th>Wskazania do Stosowania Keto Probiotix<\/th>\n<\/tr>\n<\/thead>\n<tbody>\n<tr>\n<td>&#8211; Ch\u0119\u0107 Redukcji Wagi<\/td>\n<\/tr>\n<tr>\n<td>&#8211; Pragnienie Zmniejszenia Apetytu<\/td>\n<\/tr>\n<tr>\n<td>&#8211; Kontrola Pragnienia S\u0142odyczy<\/td>\n<\/tr>\n<tr>\n<td>&#8211; Wsparcie Metabolizmu<\/td>\n<\/tr>\n<tr>\n<td>&#8211; Zast\u0119powanie Niezdrowych Przek\u0105sek<\/td>\n<\/tr>\n<\/tbody>\n<\/table>\n<h2>Opis Dodatku do \u017bywno\u015bci Keto Probiotix<\/h2>\n<p>Keto Probiotix to innowacyjny suplement diety, kt\u00f3ry pomaga w procesie utraty wagi poprzez stymulowanie naturalnych mechanizm\u00f3w organizmu. Jednak co go wyr\u00f3\u017cnia spo\u015br\u00f3d innych produkt\u00f3w na rynku? To przede wszystkim smak \u2013 czekoladowy koktajl Keto Probiotix sprawia, \u017ce utrata wagi staje si\u0119 smacznym do\u015bwiadczeniem.<\/p>\n<h2>Sk\u0142ad i Dzia\u0142anie Sk\u0142adnik\u00f3w Keto Probiotix<\/h2>\n<p>Sk\u0142ad Keto Probiotix opiera si\u0119 na naturalnych sk\u0142adnikach, kt\u00f3re wspieraj\u0105 procesy spalania tkanki t\u0142uszczowej i utrzymania zdrowej wagi. G\u0142\u00f3wne sk\u0142adniki to:<\/p>\n<ul>\n<li><strong>Ekstrakt z Awokado (Persea Americana Mill.)<\/strong>: Awokado jest bogatym \u017ar\u00f3d\u0142em zdrowych t\u0142uszcz\u00f3w, kt\u00f3re pomagaj\u0105 w utrzymaniu uczucia syto\u015bci. Ponadto, wspiera produkcj\u0119 keton\u00f3w, kt\u00f3re przekszta\u0142caj\u0105 t\u0142uszcz w energi\u0119.<\/li>\n<li><strong>Ekstrakt z Li\u015bci Zielonej Herbaty (Green Tea)<\/strong>: Zielona herbata jest znana ze swoich w\u0142a\u015bciwo\u015bci antyoksydacyjnych i termogenicznych. Pomaga przyspieszy\u0107 metabolizm oraz spalanie kalorii.<\/li>\n<\/ul>\n<p>Dzia\u0142anie tych sk\u0142adnik\u00f3w jest ukierunkowane na przekszta\u0142canie tkanki t\u0142uszczowej w energi\u0119, co pomaga w redukcji masy cia\u0142a.<\/p>\n<p style=\"text-align: center;\"><a href=\"http:\/\/tl-track.com\/tracker\/uXAP\"><button>www.keto-probiotix.pl<\/button><\/a><\/p>\n<h2>Efekty Keto Probiotix i Ich Charakterystyka<\/h2>\n<p>Keto Probiotix mo\u017ce przynie\u015b\u0107 wiele korzy\u015bci. Oto kilka g\u0142\u00f3wnych efekt\u00f3w, kt\u00f3re mo\u017cna osi\u0105gn\u0105\u0107 dzi\u0119ki temu suplementowi:<\/p>\n<ul>\n<li><strong>Przyspieszenie Metabolizmu<\/strong>: Dzi\u0119ki ekstraktowi z zielonej herbaty, produkt ten pomaga w przyspieszeniu proces\u00f3w metabolicznych, co sprzyja spalaniu kalorii.<\/li>\n<li><strong>Zmniejszenie Apetytu<\/strong>: Keto Probiotix pomaga w kontrolowaniu apetytu, co jest kluczowe dla utrzymania diety.<\/li>\n<li><strong>Dostarczenie Bia\u0142ka<\/strong>: Ten koktajl syci organizm bia\u0142kiem, co jest szczeg\u00f3lnie wa\u017cne podczas diety niskow\u0119glowodanowej.<\/li>\n<\/ul>\n<h2>Ryzyko Skutk\u00f3w Ubocznych<\/h2>\n<p>Jednym z kluczowych atut\u00f3w Keto Probiotix jest jego naturalny sk\u0142ad. Dzi\u0119ki temu ryzyko wyst\u0105pienia skutk\u00f3w ubocznych jest minimalne. Suplement ten nie jest uzale\u017cniaj\u0105cy i nie wywo\u0142uje niepo\u017c\u0105danych efekt\u00f3w, co czyni go bezpiecznym wyborem dla wi\u0119kszo\u015bci os\u00f3b.<\/p>\n<h2>Opinie Klient\u00f3w o Keto Probiotix: Fora Po\u015bwi\u0119cone Zdrowiu<\/h2>\n<p>Suplement Keto Probiotix zdobywa coraz wi\u0119ksz\u0105 popularno\u015b\u0107 w Polsce, co przek\u0142ada si\u0119 na ilo\u015b\u0107 opinii klient\u00f3w dost\u0119pnych na r\u00f3\u017cnych forach internetowych po\u015bwi\u0119conych zdrowiu i diecie. Przewa\u017caj\u0105co pozytywne opinie od u\u017cytkownik\u00f3w podkre\u015blaj\u0105 skuteczno\u015b\u0107 produktu i jego dost\u0119pno\u015b\u0107 na rynku. Warto skorzysta\u0107 z do\u015bwiadcze\u0144 innych i wypr\u00f3bowa\u0107 Keto Probiotix jako wsparcie w procesie utraty wagi.<\/p>\n<p>Keto Probiotix to niedrogie i naturalne rozwi\u0105zanie problem\u00f3w zwi\u0105zanych z utrat\u0105 wagi, bez ryzyka skutk\u00f3w ubocznych. Dzi\u0119ki swoim sk\u0142adnikom i smakowi czekoladowego koktajlu, jest on popularnym wyborem w Polsce. Warto rozwa\u017cy\u0107 jego stosowanie jako wsparcie w d\u0105\u017ceniu do zdrowszej wagi i stylu \u017cycia.<\/p>\n<\/div>\n<\/div>\n<\/div>\n<\/div>\n<\/div>\n<\/div>\n<\/div>\n<\/div>\n<div class=\"w-full text-token-text-primary\" data-testid=\"conversation-turn-5\">\n<div class=\"px-4 py-2 justify-center text-base md:gap-6 m-auto\">\n<div class=\"flex flex-1 text-base mx-auto gap-3 md:px-5 lg:px-1 xl:px-5 md:max-w-3xl lg:max-w-[40rem] xl:max-w-[48rem] group final-completion\">\n<div class=\"relative flex w-full flex-col lg:w-[calc(100%-115px)] agent-turn\">\n<div class=\"flex-col gap-1 md:gap-3\">\n<div class=\"flex flex-grow flex-col max-w-full\">\n<div class=\"min-h-[20px] text-message flex flex-col items-start gap-3 whitespace-pre-wrap break-words [.text-message+&amp;]:mt-5 overflow-x-auto\" data-message-author-role=\"assistant\" data-message-id=\"b2f993a1-87bd-4af1-aeae-931ac346d9ba\">\n<div class=\"markdown prose w-full break-words dark:prose-invert light\">\n<h2><strong>Ulotka do\u0142\u0105czona do Keto Probiotix<\/strong><\/h2>\n<p>Kiedy si\u0119gniesz po opakowanie Keto Probiotix, z pewno\u015bci\u0105 znajdziesz w \u015brodku ulotk\u0119 informacyjn\u0105. Jest to wa\u017cny dokument, kt\u00f3ry zawiera istotne informacje dotycz\u0105ce stosowania tego suplementu. Poni\u017cej przedstawiamy kilka kluczowych zagadnie\u0144, kt\u00f3re mo\u017cesz znale\u017a\u0107 na ulotce:<\/p>\n<h2>Wskazania i Przeciwwskazania<\/h2>\n<p>Ulotka do\u0142\u0105czona do Keto Probiotix zawiera informacje na temat wskaza\u0144 do stosowania tego suplementu, czyli w jakich przypadkach mo\u017ce on by\u0107 pomocny. Jednocze\u015bnie podaje przeciwwskazania, czyli sytuacje, w kt\u00f3rych stosowanie Keto Probiotix jest niewskazane lub wymaga konsultacji z lekarzem.<\/p>\n<h2>Spos\u00f3b Podawania i Dawkowanie<\/h2>\n<p>Ka\u017cdy suplement diety ma swoje zalecane dawkowanie i spos\u00f3b podawania. Ulotka precyzyjnie opisuje, jak nale\u017cy stosowa\u0107 Keto Probiotix, aby osi\u0105gn\u0105\u0107 najlepsze efekty. Wa\u017cne jest przestrzeganie tych zalece\u0144, aby suplement dzia\u0142a\u0142 skutecznie.<\/p>\n<h2>Porady od Lekarzy<\/h2>\n<p>Chocia\u017c Keto Probiotix to suplement diety, zawsze warto konsultowa\u0107 si\u0119 z lekarzem przed rozpocz\u0119ciem nowej diety lub suplementacji. Warto r\u00f3wnie\u017c zapozna\u0107 si\u0119 z og\u00f3lnymi poradami lekarzy dotycz\u0105cymi utraty wagi i zdrowego stylu \u017cycia, kt\u00f3re pomog\u0105 Ci osi\u0105gn\u0105\u0107 zamierzone cele.<\/p>\n<p style=\"text-align: center;\"><a href=\"http:\/\/tl-track.com\/tracker\/uXAP\"><button>Zakup na stronie producenta (-50%)<\/button><\/a><\/p>\n<h2>Kup Teraz Keto Probiotix z Dostaw\u0105<\/h2>\n<p>Je\u015bli jeste\u015b zainteresowany zakupem Keto Probiotix, mo\u017cesz to zrobi\u0107 wygodnie i bez ryzyka. Po prostu kliknij przycisk &#8222;Kup Teraz&#8221; i wype\u0142nij formularz zam\u00f3wienia, podaj\u0105c jedynie swoje imi\u0119 i numer telefonu. Nie ma potrzeby p\u0142acenia za produkt z g\u00f3ry \u2013 p\u0142atno\u015b\u0107 odbywa si\u0119 przy dostawie, co oznacza, \u017ce otrzymasz oryginalny produkt bez ryzyka oszustwa.<\/p>\n<p>Dostawa w Polsce zazwyczaj trwa 3-4 dni robocze, a po z\u0142o\u017ceniu zam\u00f3wienia, otrzymasz r\u00f3wnie\u017c potwierdzenie telefoniczne od specjalisty, kt\u00f3ry s\u0142u\u017cy pomoc\u0105 w wyborze ilo\u015bci produktu i dost\u0119pno\u015bci ofert promocyjnych.<\/p>\n<h2>Por\u00f3wnanie Ofert: Ceny i Dost\u0119pno\u015b\u0107 Keto Probiotix<\/h2>\n<p>Producent Keto Probiotix zawsze stawia na dost\u0119pno\u015b\u0107 dla klient\u00f3w, dlatego suplement mo\u017cna zakupi\u0107 bezpo\u015brednio na oficjalnej stronie internetowej producenta, bez po\u015brednik\u00f3w i dodatkowych op\u0142at. Istniej\u0105 tak\u017ce okresowe promocje i zni\u017cki, kt\u00f3re warto sprawdza\u0107 regularnie. Dlatego Keto Probiotix nie jest dost\u0119pny w stacjonarnych aptekach, aby zapewni\u0107 klientom korzystniejsze warunki zakupu.<\/p>\n<p>Keto Probiotix to nie tylko skuteczne wsparcie w utracie wagi, ale tak\u017ce produkt dost\u0119pny i bezpieczny dla klient\u00f3w w Polsce. Warto skorzysta\u0107 z okazji i rozpocz\u0105\u0107 swoj\u0105 drog\u0119 do zdrowszej wagi i lepszego samopoczucia.<\/p>\n<\/div>\n<\/div>\n<\/div>\n<\/div>\n<\/div>\n<\/div>\n<\/div>\n<\/div>\n","protected":false},"excerpt":{"rendered":"<p style=\"text-align: center;\"><a href=\"http:\/\/tl-track.com\/tracker\/uXAP\"><button>Kup teraz<\/button><\/a><\/p>\n<p>SKU:\u00a0<span class=\"sku\">789.878.020<\/span><\/p>\n<hr \/>\n<p><small>Produkt sprzedawany jest wy\u0142\u0105cznie za po\u015brednictwem oficjalnej strony producenta, id\u017a i kupuj bezpiecznie!<\/small><\/p>\n","protected":false},"featured_media":1371,"comment_status":"open","ping_status":"closed","template":"","meta":[],"product_brand":[],"product_cat":[15],"product_tag":[],"class_list":{"0":"post-78","1":"product","2":"type-product","3":"status-publish","4":"has-post-thumbnail","6":"product_cat-supl","7":"thunk-woo-product-list","8":"opn-qv-enable","9":"top-store-woo-hover-","10":"top-store-single-product-tab-horizontal","11":"top-store-shadow-","12":"top-store-shadow-hover-","14":"first","15":"instock","16":"sale","17":"shipping-taxable","18":"purchasable","19":"product-type-simple"},"yoast_head":"<!-- This site is optimized with the Yoast SEO plugin v27.4 - https:\/\/yoast.com\/product\/yoast-seo-wordpress\/ -->\n<title>Keto Probiotix - kup suplement, cena w aptece, sk\u0142ad, dzia\u0142anie<\/title>\n<meta name=\"robots\" content=\"index, follow, max-snippet:-1, max-image-preview:large, max-video-preview:-1\" \/>\n<link rel=\"canonical\" href=\"https:\/\/lekarzeopole.pl\/wordpress\/product\/keto-probiotix\/\" \/>\n<meta property=\"og:locale\" content=\"pl_PL\" \/>\n<meta property=\"og:type\" content=\"article\" \/>\n<meta property=\"og:title\" content=\"Keto Probiotix - kup suplement, cena w aptece, sk\u0142ad, dzia\u0142anie\" \/>\n<meta property=\"og:description\" content=\"Kup teraz SKU:\u00a0789.878.020    Produkt sprzedawany jest wy\u0142\u0105cznie za po\u015brednictwem oficjalnej strony producenta, id\u017a i kupuj bezpiecznie!\" \/>\n<meta property=\"og:url\" content=\"https:\/\/lekarzeopole.pl\/wordpress\/product\/keto-probiotix\/\" \/>\n<meta property=\"og:site_name\" content=\"Lekarze Opole\" \/>\n<meta property=\"article:modified_time\" content=\"2025-09-24T11:02:33+00:00\" \/>\n<meta property=\"og:image\" content=\"https:\/\/lekarzeopole.pl\/wordpress\/wp-content\/uploads\/2024\/01\/keto-probiotix.png\" \/>\n\t<meta property=\"og:image:width\" content=\"600\" \/>\n\t<meta property=\"og:image:height\" content=\"350\" \/>\n\t<meta property=\"og:image:type\" content=\"image\/png\" \/>\n<meta name=\"twitter:card\" content=\"summary_large_image\" \/>\n<meta name=\"twitter:label1\" content=\"Szacowany czas czytania\" \/>\n\t<meta name=\"twitter:data1\" content=\"6 minut\" \/>\n<script type=\"application\/ld+json\" class=\"yoast-schema-graph\">{\"@context\":\"https:\\\/\\\/schema.org\",\"@graph\":[{\"@type\":\"WebPage\",\"@id\":\"https:\\\/\\\/lekarzeopole.pl\\\/wordpress\\\/product\\\/keto-probiotix\\\/\",\"url\":\"https:\\\/\\\/lekarzeopole.pl\\\/wordpress\\\/product\\\/keto-probiotix\\\/\",\"name\":\"Keto Probiotix - kup suplement, cena w aptece, sk\u0142ad, dzia\u0142anie\",\"isPartOf\":{\"@id\":\"https:\\\/\\\/lekarzeopole.pl\\\/wordpress\\\/#website\"},\"primaryImageOfPage\":{\"@id\":\"https:\\\/\\\/lekarzeopole.pl\\\/wordpress\\\/product\\\/keto-probiotix\\\/#primaryimage\"},\"image\":{\"@id\":\"https:\\\/\\\/lekarzeopole.pl\\\/wordpress\\\/product\\\/keto-probiotix\\\/#primaryimage\"},\"thumbnailUrl\":\"https:\\\/\\\/lekarzeopole.pl\\\/wordpress\\\/wp-content\\\/uploads\\\/2024\\\/01\\\/keto-probiotix.png\",\"datePublished\":\"2024-01-20T11:47:37+00:00\",\"dateModified\":\"2025-09-24T11:02:33+00:00\",\"breadcrumb\":{\"@id\":\"https:\\\/\\\/lekarzeopole.pl\\\/wordpress\\\/product\\\/keto-probiotix\\\/#breadcrumb\"},\"inLanguage\":\"pl-PL\",\"potentialAction\":[{\"@type\":\"ReadAction\",\"target\":[\"https:\\\/\\\/lekarzeopole.pl\\\/wordpress\\\/product\\\/keto-probiotix\\\/\"]}]},{\"@type\":\"ImageObject\",\"inLanguage\":\"pl-PL\",\"@id\":\"https:\\\/\\\/lekarzeopole.pl\\\/wordpress\\\/product\\\/keto-probiotix\\\/#primaryimage\",\"url\":\"https:\\\/\\\/lekarzeopole.pl\\\/wordpress\\\/wp-content\\\/uploads\\\/2024\\\/01\\\/keto-probiotix.png\",\"contentUrl\":\"https:\\\/\\\/lekarzeopole.pl\\\/wordpress\\\/wp-content\\\/uploads\\\/2024\\\/01\\\/keto-probiotix.png\",\"width\":600,\"height\":350,\"caption\":\"Keto Probiotix\"},{\"@type\":\"BreadcrumbList\",\"@id\":\"https:\\\/\\\/lekarzeopole.pl\\\/wordpress\\\/product\\\/keto-probiotix\\\/#breadcrumb\",\"itemListElement\":[{\"@type\":\"ListItem\",\"position\":1,\"name\":\"\u0413\u043b\u0430\u0432\u043d\u0430\u044f \u0441\u0442\u0440\u0430\u043d\u0438\u0446\u0430\",\"item\":\"https:\\\/\\\/lekarzeopole.pl\\\/wordpress\\\/\"},{\"@type\":\"ListItem\",\"position\":2,\"name\":\"Zakup\",\"item\":\"https:\\\/\\\/lekarzeopole.pl\\\/wordpress\\\/\"},{\"@type\":\"ListItem\",\"position\":3,\"name\":\"Keto Probiotix\"}]},{\"@type\":\"WebSite\",\"@id\":\"https:\\\/\\\/lekarzeopole.pl\\\/wordpress\\\/#website\",\"url\":\"https:\\\/\\\/lekarzeopole.pl\\\/wordpress\\\/\",\"name\":\"Lekarze Opole\",\"description\":\"\",\"potentialAction\":[{\"@type\":\"SearchAction\",\"target\":{\"@type\":\"EntryPoint\",\"urlTemplate\":\"https:\\\/\\\/lekarzeopole.pl\\\/wordpress\\\/?s={search_term_string}\"},\"query-input\":{\"@type\":\"PropertyValueSpecification\",\"valueRequired\":true,\"valueName\":\"search_term_string\"}}],\"inLanguage\":\"pl-PL\"}]}<\/script>\n<!-- \/ Yoast SEO plugin. -->","yoast_head_json":{"title":"Keto Probiotix - kup suplement, cena w aptece, sk\u0142ad, dzia\u0142anie","robots":{"index":"index","follow":"follow","max-snippet":"max-snippet:-1","max-image-preview":"max-image-preview:large","max-video-preview":"max-video-preview:-1"},"canonical":"https:\/\/lekarzeopole.pl\/wordpress\/product\/keto-probiotix\/","og_locale":"pl_PL","og_type":"article","og_title":"Keto Probiotix - kup suplement, cena w aptece, sk\u0142ad, dzia\u0142anie","og_description":"Kup teraz SKU:\u00a0789.878.020    Produkt sprzedawany jest wy\u0142\u0105cznie za po\u015brednictwem oficjalnej strony producenta, id\u017a i kupuj bezpiecznie!","og_url":"https:\/\/lekarzeopole.pl\/wordpress\/product\/keto-probiotix\/","og_site_name":"Lekarze Opole","article_modified_time":"2025-09-24T11:02:33+00:00","og_image":[{"width":600,"height":350,"url":"https:\/\/lekarzeopole.pl\/wordpress\/wp-content\/uploads\/2024\/01\/keto-probiotix.png","type":"image\/png"}],"twitter_card":"summary_large_image","twitter_misc":{"Szacowany czas czytania":"6 minut"},"schema":{"@context":"https:\/\/schema.org","@graph":[{"@type":"WebPage","@id":"https:\/\/lekarzeopole.pl\/wordpress\/product\/keto-probiotix\/","url":"https:\/\/lekarzeopole.pl\/wordpress\/product\/keto-probiotix\/","name":"Keto Probiotix - kup suplement, cena w aptece, sk\u0142ad, dzia\u0142anie","isPartOf":{"@id":"https:\/\/lekarzeopole.pl\/wordpress\/#website"},"primaryImageOfPage":{"@id":"https:\/\/lekarzeopole.pl\/wordpress\/product\/keto-probiotix\/#primaryimage"},"image":{"@id":"https:\/\/lekarzeopole.pl\/wordpress\/product\/keto-probiotix\/#primaryimage"},"thumbnailUrl":"https:\/\/lekarzeopole.pl\/wordpress\/wp-content\/uploads\/2024\/01\/keto-probiotix.png","datePublished":"2024-01-20T11:47:37+00:00","dateModified":"2025-09-24T11:02:33+00:00","breadcrumb":{"@id":"https:\/\/lekarzeopole.pl\/wordpress\/product\/keto-probiotix\/#breadcrumb"},"inLanguage":"pl-PL","potentialAction":[{"@type":"ReadAction","target":["https:\/\/lekarzeopole.pl\/wordpress\/product\/keto-probiotix\/"]}]},{"@type":"ImageObject","inLanguage":"pl-PL","@id":"https:\/\/lekarzeopole.pl\/wordpress\/product\/keto-probiotix\/#primaryimage","url":"https:\/\/lekarzeopole.pl\/wordpress\/wp-content\/uploads\/2024\/01\/keto-probiotix.png","contentUrl":"https:\/\/lekarzeopole.pl\/wordpress\/wp-content\/uploads\/2024\/01\/keto-probiotix.png","width":600,"height":350,"caption":"Keto Probiotix"},{"@type":"BreadcrumbList","@id":"https:\/\/lekarzeopole.pl\/wordpress\/product\/keto-probiotix\/#breadcrumb","itemListElement":[{"@type":"ListItem","position":1,"name":"\u0413\u043b\u0430\u0432\u043d\u0430\u044f \u0441\u0442\u0440\u0430\u043d\u0438\u0446\u0430","item":"https:\/\/lekarzeopole.pl\/wordpress\/"},{"@type":"ListItem","position":2,"name":"Zakup","item":"https:\/\/lekarzeopole.pl\/wordpress\/"},{"@type":"ListItem","position":3,"name":"Keto Probiotix"}]},{"@type":"WebSite","@id":"https:\/\/lekarzeopole.pl\/wordpress\/#website","url":"https:\/\/lekarzeopole.pl\/wordpress\/","name":"Lekarze Opole","description":"","potentialAction":[{"@type":"SearchAction","target":{"@type":"EntryPoint","urlTemplate":"https:\/\/lekarzeopole.pl\/wordpress\/?s={search_term_string}"},"query-input":{"@type":"PropertyValueSpecification","valueRequired":true,"valueName":"search_term_string"}}],"inLanguage":"pl-PL"}]}},"_links":{"self":[{"href":"https:\/\/lekarzeopole.pl\/wordpress\/wp-json\/wp\/v2\/product\/78","targetHints":{"allow":["GET"]}}],"collection":[{"href":"https:\/\/lekarzeopole.pl\/wordpress\/wp-json\/wp\/v2\/product"}],"about":[{"href":"https:\/\/lekarzeopole.pl\/wordpress\/wp-json\/wp\/v2\/types\/product"}],"replies":[{"embeddable":true,"href":"https:\/\/lekarzeopole.pl\/wordpress\/wp-json\/wp\/v2\/comments?post=78"}],"wp:featuredmedia":[{"embeddable":true,"href":"https:\/\/lekarzeopole.pl\/wordpress\/wp-json\/wp\/v2\/media\/1371"}],"wp:attachment":[{"href":"https:\/\/lekarzeopole.pl\/wordpress\/wp-json\/wp\/v2\/media?parent=78"}],"wp:term":[{"taxonomy":"product_brand","embeddable":true,"href":"https:\/\/lekarzeopole.pl\/wordpress\/wp-json\/wp\/v2\/product_brand?post=78"},{"taxonomy":"product_cat","embeddable":true,"href":"https:\/\/lekarzeopole.pl\/wordpress\/wp-json\/wp\/v2\/product_cat?post=78"},{"taxonomy":"product_tag","embeddable":true,"href":"https:\/\/lekarzeopole.pl\/wordpress\/wp-json\/wp\/v2\/product_tag?post=78"}],"curies":[{"name":"wp","href":"https:\/\/api.w.org\/{rel}","templated":true}]}}