{"id":72,"date":"2024-01-20T11:36:24","date_gmt":"2024-01-20T11:36:24","guid":{"rendered":"https:\/\/lekarzeopole.pl\/wordpress\/?post_type=product&#038;p=72"},"modified":"2024-06-06T15:51:07","modified_gmt":"2024-06-06T15:51:07","slug":"colleskin","status":"publish","type":"product","link":"https:\/\/lekarzeopole.pl\/wordpress\/product\/colleskin\/","title":{"rendered":"Colleskin"},"content":{"rendered":"<div class=\"w-full text-token-text-primary\" data-testid=\"conversation-turn-3\">\n<div class=\"px-4 py-2 justify-center text-base md:gap-6 m-auto\">\n<div class=\"flex flex-1 text-base mx-auto gap-3 md:px-5 lg:px-1 xl:px-5 md:max-w-3xl lg:max-w-[40rem] xl:max-w-[48rem] group\">\n<div class=\"relative flex w-full flex-col lg:w-[calc(100%-115px)] agent-turn\">\n<div class=\"flex-col gap-1 md:gap-3\">\n<div class=\"flex flex-grow flex-col max-w-full\">\n<div class=\"min-h-[20px] text-message flex flex-col items-start gap-3 whitespace-pre-wrap break-words [.text-message+&amp;]:mt-5 overflow-x-auto\" data-message-author-role=\"assistant\" data-message-id=\"dc547526-2c7d-48d1-898b-e1a46be281dd\">\n<div class=\"markdown prose w-full break-words dark:prose-invert light\">\n<p>Wskazania do Stosowania Suplementu Diety Colleskin:<\/p>\n<table style=\"height: 224px;\" width=\"926\">\n<thead>\n<tr>\n<th>Problem<\/th>\n<th>Wska\u017anik<\/th>\n<\/tr>\n<\/thead>\n<tbody>\n<tr>\n<td>Kruche w\u0142osy<\/td>\n<td>\u2611\ufe0f<\/td>\n<\/tr>\n<tr>\n<td>Szorstka sk\u00f3ra<\/td>\n<td>\u2611\ufe0f<\/td>\n<\/tr>\n<tr>\n<td>Matowa sk\u00f3ra<\/td>\n<td>\u2611\ufe0f<\/td>\n<\/tr>\n<tr>\n<td>\u0141amliwe paznokcie<\/td>\n<td>\u2611\ufe0f<\/td>\n<\/tr>\n<tr>\n<td>Wypadanie w\u0142os\u00f3w<\/td>\n<td>\u2611\ufe0f<\/td>\n<\/tr>\n<tr>\n<td>Przerzedzaj\u0105ce si\u0119 w\u0142osy<\/td>\n<td>\u2611\ufe0f<\/td>\n<\/tr>\n<\/tbody>\n<\/table>\n<h2>Opis Dodatku do \u017bywno\u015bci Colleskin<\/h2>\n<p>Kolagen, jako kluczowy sk\u0142adnik, jest bia\u0142kiem produkowanym naturalnie przez nasz organizm. Pe\u0142ni on niezwykle istotn\u0105 rol\u0119 w utrzymaniu zdrowego wygl\u0105du sk\u00f3ry, w\u0142os\u00f3w i paznokci. Niestety, po 20 roku \u017cycia produkcja kolagenu maleje, co mo\u017ce prowadzi\u0107 do licznych problem\u00f3w zwi\u0105zanych z wygl\u0105dem. Na szcz\u0119\u015bcie, suplement diety Colleskin oferuje skuteczne i naturalne rozwi\u0105zanie.<\/p>\n<h2>Sk\u0142ad i Dzia\u0142anie Sk\u0142adnik\u00f3w Colleskin<\/h2>\n<ol>\n<li><strong>Hydrolizat Kolagenu:<\/strong> Hydrolizat kolagenu nawil\u017ca sk\u00f3r\u0119 od wewn\u0105trz, poprawiaj\u0105c jej elastyczno\u015b\u0107 i g\u0142adko\u015b\u0107. Dzia\u0142a silnie nawil\u017caj\u0105co, co przek\u0142ada si\u0119 na promienn\u0105 cer\u0119.<\/li>\n<li><strong>Ekstrakt z Kurkumy:<\/strong> Ten naturalny sk\u0142adnik, ceniony od wiek\u00f3w na Dalekim Wschodzie, zawiera wysok\u0105 ilo\u015b\u0107 polifenoli, kt\u00f3re chroni\u0105 sk\u00f3r\u0119 przed utlenianiem i wp\u0142ywaj\u0105 na jej promienno\u015b\u0107. Dzia\u0142a a\u017c pi\u0119\u0107 razy silniej od witaminy C.<\/li>\n<li><strong>Kwas Hialuronowy:<\/strong> Kwas hialuronowy zapobiega utracie wody ze sk\u00f3ry, co prowadzi do jej sta\u0142ego nawil\u017cenia. Redukuje zmarszczki na czole, pod oczami i w okolicach ust, pozostawiaj\u0105c sk\u00f3r\u0119 wyg\u0142adzon\u0105.<\/li>\n<li><strong>Cynk:<\/strong> Minera\u0142 ten pomaga odbudowa\u0107 warstw\u0119 kolagenow\u0105 sk\u00f3ry, poprawiaj\u0105c jej j\u0119drno\u015b\u0107 i kondycj\u0119. Jest szczeg\u00f3lnie istotny dla dojrza\u0142ej sk\u00f3ry po 40-tce.<\/li>\n<\/ol>\n<p style=\"text-align: center;\"><a href=\"http:\/\/tl-track.com\/tracker\/upF4\"><button>www.colleskin.pl<\/button><\/a><\/p>\n<h2>Efekty Colleskin i Ich Charakterystyka<\/h2>\n<p>Po regularnym stosowaniu suplementu Colleskin mo\u017cna oczekiwa\u0107 nast\u0119puj\u0105cych efekt\u00f3w:<\/p>\n<ul>\n<li>G\u0142adsza i bardziej elastyczna sk\u00f3ra, wolna od g\u0142\u0119bokich zmarszczek.<\/li>\n<li>Grubsze i l\u015bni\u0105ce w\u0142osy, odporniejsze na uszkodzenia.<\/li>\n<li>Mocne paznokcie, wolne od rozdwajania si\u0119 i p\u0119kni\u0119\u0107.<\/li>\n<\/ul>\n<h2>Ryzyko Skutk\u00f3w Ubocznych<\/h2>\n<p>Colleskin jest suplementem diety o naturalnym sk\u0142adzie, co minimalizuje ryzyko skutk\u00f3w ubocznych. Jest bezglutenowy i dostosowany do os\u00f3b dbaj\u0105cych o zdrowie uk\u0142adu pokarmowego.<\/p>\n<h2>Opinie Klient\u00f3w o Colleskin: Fora po\u015bwi\u0119cone Zdrowiu<\/h2>\n<p>Suplement diety Colleskin zdobywa coraz wi\u0119ksz\u0105 popularno\u015b\u0107 w Polsce, co znajduje odzwierciedlenie na forach internetowych po\u015bwi\u0119conych zdrowiu i urodzie. Na tych platformach u\u017cytkownicy dziel\u0105 si\u0119 swoimi opiniami na temat produktu. Wi\u0119kszo\u015b\u0107 z nich opisuje pozytywne efekty stosowania Colleskin oraz jego dost\u0119pno\u015b\u0107. Klientki podkre\u015blaj\u0105, \u017ce suplement pom\u00f3g\u0142 im poprawi\u0107 kondycj\u0119 sk\u00f3ry, w\u0142os\u00f3w i paznokci w spos\u00f3b naturalny i bez ryzyka skutk\u00f3w ubocznych.<\/p>\n<p>Colleskin to niedrogie i naturalne rozwi\u0105zanie problem\u00f3w zwi\u0105zanych z wygl\u0105dem, bez ryzyka skutk\u00f3w ubocznych. Dzi\u0119ki skutecznym sk\u0142adnikom, ten suplement diety pomaga odzyska\u0107 pi\u0119kny i zdrowy wygl\u0105d sk\u00f3ry, w\u0142os\u00f3w i paznokci. Otrzymujemy go po najkorzystniejszej cenie, wi\u0119c warto da\u0107 szans\u0119 Colleskin i cieszy\u0107 si\u0119 pi\u0119knym wygl\u0105dem przez wiele lat.<\/p>\n<\/div>\n<\/div>\n<\/div>\n<\/div>\n<\/div>\n<\/div>\n<\/div>\n<\/div>\n<div class=\"w-full text-token-text-primary\" data-testid=\"conversation-turn-5\">\n<div class=\"px-4 py-2 justify-center text-base md:gap-6 m-auto\">\n<div class=\"flex flex-1 text-base mx-auto gap-3 md:px-5 lg:px-1 xl:px-5 md:max-w-3xl lg:max-w-[40rem] xl:max-w-[48rem] group final-completion\">\n<div class=\"relative flex w-full flex-col lg:w-[calc(100%-115px)] agent-turn\">\n<div class=\"flex-col gap-1 md:gap-3\">\n<div class=\"flex flex-grow flex-col max-w-full\">\n<div class=\"min-h-[20px] text-message flex flex-col items-start gap-3 whitespace-pre-wrap break-words [.text-message+&amp;]:mt-5 overflow-x-auto\" data-message-author-role=\"assistant\" data-message-id=\"19805091-0394-4d88-9e20-41264a3e1933\">\n<div class=\"markdown prose w-full break-words dark:prose-invert light\">\n<h2>Ulotka Do\u0142\u0105czona do Colleskin<\/h2>\n<p>Ulotka do\u0142\u0105czona do suplementu diety Colleskin zawiera istotne informacje dotycz\u0105ce jego stosowania. Przed rozpocz\u0119ciem kuracji warto zapozna\u0107 si\u0119 z ni\u0105, aby w pe\u0142ni zrozumie\u0107, jak korzysta\u0107 z produktu.<\/p>\n<h2>Wskazania i Przeciwwskazania<\/h2>\n<p>Colleskin jest rekomendowany osobom borykaj\u0105cym si\u0119 z problemami sk\u00f3rnymi, w\u0142osami i paznokciami, takimi jak kruche w\u0142osy, szorstka i matowa sk\u00f3ra, \u0142amliwe paznokcie, wypadanie w\u0142os\u00f3w oraz przerzedzanie si\u0119 w\u0142os\u00f3w. Jednak istniej\u0105 pewne przeciwwskazania, w tym uczulenie na kt\u00f3rykolwiek sk\u0142adnik produktu. W przypadku w\u0105tpliwo\u015bci zawsze warto skonsultowa\u0107 si\u0119 z lekarzem przed rozpocz\u0119ciem suplementacji.<\/p>\n<h2>Spos\u00f3b Podawania i Dawkowanie<\/h2>\n<p>Zaleca si\u0119 przyjmowanie jednej kapsu\u0142ki Colleskin dziennie. Kapsu\u0142k\u0119 nale\u017cy popi\u0107 wod\u0105 lub mlekiem, unikaj\u0105c napoj\u00f3w cytrusowych. Regularne stosowanie produktu przynosi najlepsze efekty.<\/p>\n<h2>Porady od Lekarzy<\/h2>\n<p>Lekarze zalecaj\u0105, aby dba\u0107 o zdrowy styl \u017cycia, co mo\u017ce dodatkowo wspom\u00f3c efektywno\u015b\u0107 suplementu Colleskin. Oto kilka og\u00f3lnych wskaz\u00f3wek:<\/p>\n<ol>\n<li><strong>Zr\u00f3wnowa\u017cona Dieta:<\/strong> Jedz zdrowo, bogato w witaminy i minera\u0142y, aby wspiera\u0107 kondycj\u0119 sk\u00f3ry, w\u0142os\u00f3w i paznokci.<\/li>\n<li><strong>Regularna Aktywno\u015b\u0107 Fizyczna:<\/strong> Regularna aktywno\u015b\u0107 fizyczna poprawia kr\u0105\u017cenie krwi, co mo\u017ce korzystnie wp\u0142yn\u0105\u0107 na wygl\u0105d sk\u00f3ry i w\u0142os\u00f3w.<\/li>\n<li><strong>Wystarczaj\u0105cy Sen:<\/strong> Staraj si\u0119 spa\u0107 co najmniej 7-8 godzin dziennie, poniewa\u017c sen ma ogromne znaczenie dla regeneracji cia\u0142a.<\/li>\n<li><strong>Unikanie Stresu:<\/strong> Stres mo\u017ce wp\u0142ywa\u0107 negatywnie na wygl\u0105d, wi\u0119c warto szuka\u0107 metod relaksacji.<\/li>\n<\/ol>\n<p style=\"text-align: center;\"><a href=\"http:\/\/tl-track.com\/tracker\/upF4\"><button>Zakup na stronie producenta (-50%)<\/button><\/a><\/p>\n<h2>Kup Teraz Colleskin z Dostaw\u0105<\/h2>\n<p>Zam\u00f3wienie suplementu Colleskin jest proste i wygodne. Wystarczy klikn\u0105\u0107 przycisk &#8222;Kup teraz&#8221;, a nast\u0119pnie wype\u0142ni\u0107 formularz zam\u00f3wienia, podaj\u0105c jedynie swoje imi\u0119 i numer telefonu. Nie ma konieczno\u015bci p\u0142acenia z g\u00f3ry &#8211; p\u0142atno\u015b\u0107 odbywa si\u0119 przy dostawie. Oryginalny produkt jest dostarczany w ci\u0105gu 3-4 dni w Polsce. Dodatkowo, ka\u017cde zam\u00f3wienie jest potwierdzane przez specjalist\u0119 telefonicznie, kt\u00f3ry mo\u017ce udzieli\u0107 porad dotycz\u0105cych ilo\u015bci produktu i dost\u0119pno\u015bci promocji.<\/p>\n<h2>Por\u00f3wnanie Ofert: Ceny i Dost\u0119pno\u015b\u0107 Colleskin<\/h2>\n<p>Producent Colleskin priorytetowo dba o dost\u0119pno\u015b\u0107 produktu dla klient\u00f3w, dlatego suplement mo\u017cna naby\u0107 bezpo\u015brednio na oficjalnej stronie internetowej producenta, bez po\u015brednik\u00f3w i dodatkowych op\u0142at. Dodatkowo, istniej\u0105 okresowe promocje, kt\u00f3rych aktualno\u015b\u0107 warto sprawdza\u0107 regularnie. Dlatego suplement Colleskin nie jest dost\u0119pny w stacjonarnych aptekach, zapewniaj\u0105c klientom mo\u017cliwo\u015b\u0107 zakupu produktu bezpo\u015brednio od producenta.<\/p>\n<\/div>\n<\/div>\n<\/div>\n<\/div>\n<\/div>\n<\/div>\n<\/div>\n<\/div>\n","protected":false},"excerpt":{"rendered":"<p style=\"text-align: center;\"><a href=\"http:\/\/tl-track.com\/tracker\/upF4\"><button>Kup teraz<\/button><\/a><\/p>\n<p>SKU:\u00a0<span class=\"sku\">789.878.018<\/span><\/p>\n<hr \/>\n<p><small>Produkt sprzedawany jest wy\u0142\u0105cznie za po\u015brednictwem oficjalnej strony producenta, id\u017a i kupuj bezpiecznie!<\/small><\/p>\n","protected":false},"featured_media":73,"comment_status":"open","ping_status":"closed","template":"","meta":[],"product_brand":[],"product_cat":[15],"product_tag":[],"class_list":{"0":"post-72","1":"product","2":"type-product","3":"status-publish","4":"has-post-thumbnail","6":"product_cat-supl","7":"thunk-woo-product-list","8":"opn-qv-enable","9":"top-store-woo-hover-","10":"top-store-single-product-tab-horizontal","11":"top-store-shadow-","12":"top-store-shadow-hover-","14":"first","15":"instock","16":"sale","17":"shipping-taxable","18":"purchasable","19":"product-type-simple"},"yoast_head":"<!-- This site is optimized with the Yoast SEO plugin v27.4 - https:\/\/yoast.com\/product\/yoast-seo-wordpress\/ -->\n<title>Colleskin - kup suplement, cena w aptece, sk\u0142ad, dzia\u0142anie<\/title>\n<meta name=\"robots\" content=\"index, follow, max-snippet:-1, max-image-preview:large, max-video-preview:-1\" \/>\n<link rel=\"canonical\" href=\"https:\/\/lekarzeopole.pl\/wordpress\/product\/colleskin\/\" \/>\n<meta property=\"og:locale\" content=\"pl_PL\" \/>\n<meta property=\"og:type\" content=\"article\" \/>\n<meta property=\"og:title\" content=\"Colleskin - kup suplement, cena w aptece, sk\u0142ad, dzia\u0142anie\" \/>\n<meta property=\"og:description\" content=\"Kup teraz SKU:\u00a0789.878.018    Produkt sprzedawany jest wy\u0142\u0105cznie za po\u015brednictwem oficjalnej strony producenta, id\u017a i kupuj bezpiecznie!\" \/>\n<meta property=\"og:url\" content=\"https:\/\/lekarzeopole.pl\/wordpress\/product\/colleskin\/\" \/>\n<meta property=\"og:site_name\" content=\"Lekarze Opole\" \/>\n<meta property=\"article:modified_time\" content=\"2024-06-06T15:51:07+00:00\" \/>\n<meta property=\"og:image\" content=\"https:\/\/lekarzeopole.pl\/wordpress\/wp-content\/uploads\/2024\/01\/colleskin.jpg\" \/>\n\t<meta property=\"og:image:width\" content=\"885\" \/>\n\t<meta property=\"og:image:height\" content=\"906\" \/>\n\t<meta property=\"og:image:type\" content=\"image\/jpeg\" \/>\n<meta name=\"twitter:card\" content=\"summary_large_image\" \/>\n<meta name=\"twitter:label1\" content=\"Szacowany czas czytania\" \/>\n\t<meta name=\"twitter:data1\" content=\"5 minut\" \/>\n<script type=\"application\/ld+json\" class=\"yoast-schema-graph\">{\"@context\":\"https:\\\/\\\/schema.org\",\"@graph\":[{\"@type\":\"WebPage\",\"@id\":\"https:\\\/\\\/lekarzeopole.pl\\\/wordpress\\\/product\\\/colleskin\\\/\",\"url\":\"https:\\\/\\\/lekarzeopole.pl\\\/wordpress\\\/product\\\/colleskin\\\/\",\"name\":\"Colleskin - kup suplement, cena w aptece, sk\u0142ad, dzia\u0142anie\",\"isPartOf\":{\"@id\":\"https:\\\/\\\/lekarzeopole.pl\\\/wordpress\\\/#website\"},\"primaryImageOfPage\":{\"@id\":\"https:\\\/\\\/lekarzeopole.pl\\\/wordpress\\\/product\\\/colleskin\\\/#primaryimage\"},\"image\":{\"@id\":\"https:\\\/\\\/lekarzeopole.pl\\\/wordpress\\\/product\\\/colleskin\\\/#primaryimage\"},\"thumbnailUrl\":\"https:\\\/\\\/lekarzeopole.pl\\\/wordpress\\\/wp-content\\\/uploads\\\/2024\\\/01\\\/colleskin.jpg\",\"datePublished\":\"2024-01-20T11:36:24+00:00\",\"dateModified\":\"2024-06-06T15:51:07+00:00\",\"breadcrumb\":{\"@id\":\"https:\\\/\\\/lekarzeopole.pl\\\/wordpress\\\/product\\\/colleskin\\\/#breadcrumb\"},\"inLanguage\":\"pl-PL\",\"potentialAction\":[{\"@type\":\"ReadAction\",\"target\":[\"https:\\\/\\\/lekarzeopole.pl\\\/wordpress\\\/product\\\/colleskin\\\/\"]}]},{\"@type\":\"ImageObject\",\"inLanguage\":\"pl-PL\",\"@id\":\"https:\\\/\\\/lekarzeopole.pl\\\/wordpress\\\/product\\\/colleskin\\\/#primaryimage\",\"url\":\"https:\\\/\\\/lekarzeopole.pl\\\/wordpress\\\/wp-content\\\/uploads\\\/2024\\\/01\\\/colleskin.jpg\",\"contentUrl\":\"https:\\\/\\\/lekarzeopole.pl\\\/wordpress\\\/wp-content\\\/uploads\\\/2024\\\/01\\\/colleskin.jpg\",\"width\":885,\"height\":906,\"caption\":\"Colleskin\"},{\"@type\":\"BreadcrumbList\",\"@id\":\"https:\\\/\\\/lekarzeopole.pl\\\/wordpress\\\/product\\\/colleskin\\\/#breadcrumb\",\"itemListElement\":[{\"@type\":\"ListItem\",\"position\":1,\"name\":\"\u0413\u043b\u0430\u0432\u043d\u0430\u044f \u0441\u0442\u0440\u0430\u043d\u0438\u0446\u0430\",\"item\":\"https:\\\/\\\/lekarzeopole.pl\\\/wordpress\\\/\"},{\"@type\":\"ListItem\",\"position\":2,\"name\":\"Zakup\",\"item\":\"https:\\\/\\\/lekarzeopole.pl\\\/wordpress\\\/\"},{\"@type\":\"ListItem\",\"position\":3,\"name\":\"Colleskin\"}]},{\"@type\":\"WebSite\",\"@id\":\"https:\\\/\\\/lekarzeopole.pl\\\/wordpress\\\/#website\",\"url\":\"https:\\\/\\\/lekarzeopole.pl\\\/wordpress\\\/\",\"name\":\"Lekarze Opole\",\"description\":\"\",\"potentialAction\":[{\"@type\":\"SearchAction\",\"target\":{\"@type\":\"EntryPoint\",\"urlTemplate\":\"https:\\\/\\\/lekarzeopole.pl\\\/wordpress\\\/?s={search_term_string}\"},\"query-input\":{\"@type\":\"PropertyValueSpecification\",\"valueRequired\":true,\"valueName\":\"search_term_string\"}}],\"inLanguage\":\"pl-PL\"}]}<\/script>\n<!-- \/ Yoast SEO plugin. -->","yoast_head_json":{"title":"Colleskin - kup suplement, cena w aptece, sk\u0142ad, dzia\u0142anie","robots":{"index":"index","follow":"follow","max-snippet":"max-snippet:-1","max-image-preview":"max-image-preview:large","max-video-preview":"max-video-preview:-1"},"canonical":"https:\/\/lekarzeopole.pl\/wordpress\/product\/colleskin\/","og_locale":"pl_PL","og_type":"article","og_title":"Colleskin - kup suplement, cena w aptece, sk\u0142ad, dzia\u0142anie","og_description":"Kup teraz SKU:\u00a0789.878.018    Produkt sprzedawany jest wy\u0142\u0105cznie za po\u015brednictwem oficjalnej strony producenta, id\u017a i kupuj bezpiecznie!","og_url":"https:\/\/lekarzeopole.pl\/wordpress\/product\/colleskin\/","og_site_name":"Lekarze Opole","article_modified_time":"2024-06-06T15:51:07+00:00","og_image":[{"width":885,"height":906,"url":"https:\/\/lekarzeopole.pl\/wordpress\/wp-content\/uploads\/2024\/01\/colleskin.jpg","type":"image\/jpeg"}],"twitter_card":"summary_large_image","twitter_misc":{"Szacowany czas czytania":"5 minut"},"schema":{"@context":"https:\/\/schema.org","@graph":[{"@type":"WebPage","@id":"https:\/\/lekarzeopole.pl\/wordpress\/product\/colleskin\/","url":"https:\/\/lekarzeopole.pl\/wordpress\/product\/colleskin\/","name":"Colleskin - kup suplement, cena w aptece, sk\u0142ad, dzia\u0142anie","isPartOf":{"@id":"https:\/\/lekarzeopole.pl\/wordpress\/#website"},"primaryImageOfPage":{"@id":"https:\/\/lekarzeopole.pl\/wordpress\/product\/colleskin\/#primaryimage"},"image":{"@id":"https:\/\/lekarzeopole.pl\/wordpress\/product\/colleskin\/#primaryimage"},"thumbnailUrl":"https:\/\/lekarzeopole.pl\/wordpress\/wp-content\/uploads\/2024\/01\/colleskin.jpg","datePublished":"2024-01-20T11:36:24+00:00","dateModified":"2024-06-06T15:51:07+00:00","breadcrumb":{"@id":"https:\/\/lekarzeopole.pl\/wordpress\/product\/colleskin\/#breadcrumb"},"inLanguage":"pl-PL","potentialAction":[{"@type":"ReadAction","target":["https:\/\/lekarzeopole.pl\/wordpress\/product\/colleskin\/"]}]},{"@type":"ImageObject","inLanguage":"pl-PL","@id":"https:\/\/lekarzeopole.pl\/wordpress\/product\/colleskin\/#primaryimage","url":"https:\/\/lekarzeopole.pl\/wordpress\/wp-content\/uploads\/2024\/01\/colleskin.jpg","contentUrl":"https:\/\/lekarzeopole.pl\/wordpress\/wp-content\/uploads\/2024\/01\/colleskin.jpg","width":885,"height":906,"caption":"Colleskin"},{"@type":"BreadcrumbList","@id":"https:\/\/lekarzeopole.pl\/wordpress\/product\/colleskin\/#breadcrumb","itemListElement":[{"@type":"ListItem","position":1,"name":"\u0413\u043b\u0430\u0432\u043d\u0430\u044f \u0441\u0442\u0440\u0430\u043d\u0438\u0446\u0430","item":"https:\/\/lekarzeopole.pl\/wordpress\/"},{"@type":"ListItem","position":2,"name":"Zakup","item":"https:\/\/lekarzeopole.pl\/wordpress\/"},{"@type":"ListItem","position":3,"name":"Colleskin"}]},{"@type":"WebSite","@id":"https:\/\/lekarzeopole.pl\/wordpress\/#website","url":"https:\/\/lekarzeopole.pl\/wordpress\/","name":"Lekarze Opole","description":"","potentialAction":[{"@type":"SearchAction","target":{"@type":"EntryPoint","urlTemplate":"https:\/\/lekarzeopole.pl\/wordpress\/?s={search_term_string}"},"query-input":{"@type":"PropertyValueSpecification","valueRequired":true,"valueName":"search_term_string"}}],"inLanguage":"pl-PL"}]}},"_links":{"self":[{"href":"https:\/\/lekarzeopole.pl\/wordpress\/wp-json\/wp\/v2\/product\/72","targetHints":{"allow":["GET"]}}],"collection":[{"href":"https:\/\/lekarzeopole.pl\/wordpress\/wp-json\/wp\/v2\/product"}],"about":[{"href":"https:\/\/lekarzeopole.pl\/wordpress\/wp-json\/wp\/v2\/types\/product"}],"replies":[{"embeddable":true,"href":"https:\/\/lekarzeopole.pl\/wordpress\/wp-json\/wp\/v2\/comments?post=72"}],"wp:featuredmedia":[{"embeddable":true,"href":"https:\/\/lekarzeopole.pl\/wordpress\/wp-json\/wp\/v2\/media\/73"}],"wp:attachment":[{"href":"https:\/\/lekarzeopole.pl\/wordpress\/wp-json\/wp\/v2\/media?parent=72"}],"wp:term":[{"taxonomy":"product_brand","embeddable":true,"href":"https:\/\/lekarzeopole.pl\/wordpress\/wp-json\/wp\/v2\/product_brand?post=72"},{"taxonomy":"product_cat","embeddable":true,"href":"https:\/\/lekarzeopole.pl\/wordpress\/wp-json\/wp\/v2\/product_cat?post=72"},{"taxonomy":"product_tag","embeddable":true,"href":"https:\/\/lekarzeopole.pl\/wordpress\/wp-json\/wp\/v2\/product_tag?post=72"}],"curies":[{"name":"wp","href":"https:\/\/api.w.org\/{rel}","templated":true}]}}