{"id":653,"date":"2024-06-05T13:22:54","date_gmt":"2024-06-05T13:22:54","guid":{"rendered":"https:\/\/lekarzeopole.pl\/wordpress\/?post_type=product&#038;p=653"},"modified":"2025-02-05T17:40:02","modified_gmt":"2025-02-05T17:40:02","slug":"nicotinon-premium","status":"publish","type":"product","link":"https:\/\/lekarzeopole.pl\/wordpress\/product\/nicotinon-premium\/","title":{"rendered":"Nicotinon Premium"},"content":{"rendered":"<div class=\"w-full text-token-text-primary\" dir=\"auto\" data-testid=\"conversation-turn-3\" data-scroll-anchor=\"false\">\n<div class=\"py-2 juice:py-[18px] px-3 text-base md:px-4 m-auto md:px-5 lg:px-1 xl:px-5\">\n<div class=\"mx-auto flex flex-1 gap-3 text-base juice:gap-4 juice:md:gap-6 md:max-w-3xl lg:max-w-[40rem] xl:max-w-[48rem]\">\n<div class=\"group\/conversation-turn relative flex w-full min-w-0 flex-col agent-turn\">\n<div class=\"flex-col gap-1 md:gap-3\">\n<div class=\"flex flex-grow flex-col max-w-full\">\n<div class=\"min-h-[20px] text-message flex flex-col items-start whitespace-pre-wrap break-words [.text-message+&amp;]:mt-5 juice:w-full juice:items-end overflow-x-auto gap-2\" dir=\"auto\" data-message-author-role=\"assistant\" data-message-id=\"04935cea-9cfd-42ea-9c0c-c23ad61eb8d0\">\n<div class=\"flex w-full flex-col gap-1 juice:empty:hidden juice:first:pt-[3px]\">\n<div class=\"markdown prose w-full break-words dark:prose-invert light\">\n<p>W walce z na\u0142ogiem nikotynowym, wiele os\u00f3b szuka skutecznych, ale jednocze\u015bnie bezpiecznych rozwi\u0105za\u0144. <strong>Nicotinon Premium<\/strong> to suplement diety, kt\u00f3ry dzi\u0119ki starannie dobranym, naturalnym sk\u0142adnikom, wspiera proces rzucania palenia, minimalizuj\u0105c stres i dra\u017cliwo\u015b\u0107 oraz inne niepo\u017c\u0105dane efekty uboczne.<\/p>\n<h2>Wskazania do stosowania Nicotinon Premium<\/h2>\n<p><strong>Nicotinon Premium<\/strong> jest przeznaczony dla os\u00f3b, kt\u00f3re chc\u0105 zrezygnowa\u0107 z palenia papieros\u00f3w i potrzebuj\u0105 wsparcia w tym trudnym procesie. Suplement pomaga w:<\/p>\n<ul>\n<li>Redukcji pragnienia nikotyny<\/li>\n<li>Minimalizowaniu objaw\u00f3w odstawienia, takich jak stres i dra\u017cliwo\u015b\u0107<\/li>\n<li>Utrzymaniu r\u00f3wnowagi emocjonalnej<\/li>\n<li>Poprawie og\u00f3lnego samopoczucia<\/li>\n<\/ul>\n<p>Dzi\u0119ki swoim naturalnym sk\u0142adnikom, <strong>Nicotinon Premium<\/strong> stanowi alternatyw\u0119 dla farmakologicznych metod, kt\u00f3re mog\u0105 wi\u0105za\u0107 si\u0119 z wi\u0119kszym ryzykiem wyst\u0105pienia skutk\u00f3w ubocznych.<\/p>\n<h2>Sk\u0142ad i dzia\u0142anie sk\u0142adnik\u00f3w Nicotinon Premium<\/h2>\n<h3>\u017belatyna i mikrokryszta\u0142owa celuloza<\/h3>\n<p>\u017belatyna jest u\u017cywana do tworzenia kapsu\u0142ek, kt\u00f3re s\u0105 \u0142atwe do po\u0142kni\u0119cia, podczas gdy mikrokryszta\u0142owa celuloza dzia\u0142a jako \u015brodek wi\u0105\u017c\u0105cy, zapewniaj\u0105c odpowiedni\u0105 konsystencj\u0119 suplementu.<\/p>\n<h3>Oksyd magnezu<\/h3>\n<p>Magnez jest kluczowym minera\u0142em, kt\u00f3ry pomaga w redukcji stresu i poprawia funkcjonowanie uk\u0142adu nerwowego. Oksyd magnezu w <strong>Nicotinon Premium<\/strong> wspiera walk\u0119 z objawami odstawienia nikotyny, kt\u00f3re cz\u0119sto obejmuj\u0105 wzmo\u017con\u0105 nerwowo\u015b\u0107.<\/p>\n<h3>Ekstrakt z nasion owsa 4:1<\/h3>\n<p>Owies jest znany ze swoich w\u0142a\u015bciwo\u015bci uspokajaj\u0105cych i wspomagaj\u0105cych zdrowie psychiczne. Ekstrakt z nasion owsa pomaga w \u0142agodzeniu stresu i dra\u017cliwo\u015bci zwi\u0105zanej z rzucaniem palenia.<\/p>\n<h3>Witamina C<\/h3>\n<p>Witamina C jest silnym przeciwutleniaczem, kt\u00f3ry wspiera uk\u0142ad odporno\u015bciowy. W procesie rzucania palenia, witamina C pomaga w detoksykacji organizmu z toksyn nagromadzonych podczas palenia papieros\u00f3w.<\/p>\n<h3>Ekstrakt z k\u0142\u0105cza kudzu 4:1<\/h3>\n<p>Kudzu jest ro\u015blin\u0105, kt\u00f3ra od wiek\u00f3w by\u0142a stosowana w tradycyjnej medycynie chi\u0144skiej do leczenia uzale\u017cnie\u0144. Ekstrakt z kudzu pomaga zmniejszy\u0107 pragnienie nikotyny i wspiera proces regeneracji organizmu po rzuceniu palenia.<\/p>\n<h3>Ekstrakt z li\u015bci sza\u0142wii 4:1<\/h3>\n<p>Sza\u0142wia ma dzia\u0142anie uspokajaj\u0105ce i przeciwzapalne. W <strong>Nicotinon Premium<\/strong> wspomaga \u0142agodzenie objaw\u00f3w odstawienia oraz poprawia og\u00f3lne samopoczucie.<\/p>\n<h3>Ekstrakt z korzenia waleriany 4:1<\/h3>\n<p>Waleriana jest znanym \u015brodkiem uspokajaj\u0105cym, kt\u00f3ry pomaga w walce z bezsenno\u015bci\u0105 i nerwowo\u015bci\u0105. Waleriana wspiera osoby rzucaj\u0105ce palenie, pomagaj\u0105c im utrzyma\u0107 spokojny sen i r\u00f3wnowag\u0119 emocjonaln\u0105.<\/p>\n<h3>Ekstrakt z korzenia r\u00f3dioli 4:1<\/h3>\n<p>R\u00f3diola jest adaptogenem, kt\u00f3ry pomaga organizmowi radzi\u0107 sobie ze stresem. Ekstrakt z r\u00f3dioli w <strong>Nicotinon Premium<\/strong> wspiera odporno\u015b\u0107 na stres, co jest kluczowe podczas rzucania palenia.<\/p>\n<h3>Ekstrakt z grzyb\u00f3w chaga 4:1<\/h3>\n<p>Chaga jest silnym przeciwutleniaczem, kt\u00f3ry wspiera uk\u0142ad odporno\u015bciowy i pomaga w detoksykacji organizmu. Ekstrakt z chaga wspomaga regeneracj\u0119 organizmu po rzuceniu palenia.<\/p>\n<h3>Ekstrakt z ziela dziurawca 4:1<\/h3>\n<p>Dziurawiec jest znany ze swoich w\u0142a\u015bciwo\u015bci antydepresyjnych. Ekstrakt z dziurawca w <strong>Nicotinon Premium<\/strong> pomaga w \u0142agodzeniu objaw\u00f3w depresji i poprawia nastr\u00f3j.<\/p>\n<h3>Magnez i witamina B6<\/h3>\n<p>Magnez i witamina B6 wspieraj\u0105 funkcjonowanie uk\u0142adu nerwowego i pomagaj\u0105 w redukcji stresu oraz zm\u0119czenia. Wsp\u00f3lnie, te sk\u0142adniki wspieraj\u0105 proces adaptacji organizmu do \u017cycia bez nikotyny.<\/p>\n<\/div>\n<p style=\"text-align: center;\"><a href=\"https:\/\/tl-track.com\/tracker\/uTCe\"><button>www.nicotinon.pl<\/button><\/a><\/p>\n<div class=\"markdown prose w-full break-words dark:prose-invert light\">\n<h2>Efekty Nicotinon Premium i ich charakterystyka<\/h2>\n<p><strong>Nicotinon Premium<\/strong> oferuje szereg pozytywnych efekt\u00f3w, kt\u00f3re wspieraj\u0105 osoby rzucaj\u0105ce palenie:<\/p>\n<ul>\n<li>Redukcja pragnienia nikotyny<\/li>\n<li>Zmniejszenie stresu i dra\u017cliwo\u015bci<\/li>\n<li>Poprawa og\u00f3lnego samopoczucia i r\u00f3wnowagi emocjonalnej<\/li>\n<li>Wsparcie detoksykacji organizmu z toksyn nagromadzonych podczas palenia<\/li>\n<li>Utrzymanie zdrowego snu i redukcja bezsenno\u015bci<\/li>\n<li>Zwi\u0119kszenie odporno\u015bci na stres<\/li>\n<\/ul>\n<p>Regularne stosowanie <strong>Nicotinon Premium<\/strong> pomaga w \u0142agodnym i skutecznym przej\u015bciu przez trudny proces rzucania palenia, minimalizuj\u0105c ryzyko nawrotu do na\u0142ogu.<\/p>\n<h2>Ryzyko skutk\u00f3w ubocznych<\/h2>\n<p><strong>Nicotinon Premium<\/strong> to suplement diety oparty na naturalnych sk\u0142adnikach, co minimalizuje ryzyko wyst\u0105pienia niepo\u017c\u0105danych skutk\u00f3w ubocznych. W przeciwie\u0144stwie do niekt\u00f3rych farmakologicznych metod rzucania palenia, kt\u00f3re mog\u0105 wywo\u0142ywa\u0107 szereg negatywnych reakcji, <strong>Nicotinon Premium<\/strong> jest bezpieczny i dobrze tolerowany przez wi\u0119kszo\u015b\u0107 os\u00f3b.<\/p>\n<p>Warto jednak pami\u0119ta\u0107, \u017ce ka\u017cdy organizm jest inny i w rzadkich przypadkach mog\u0105 wyst\u0105pi\u0107 reakcje alergiczne na kt\u00f3rykolwiek ze sk\u0142adnik\u00f3w suplementu. Dlatego przed rozpocz\u0119ciem stosowania <strong>Nicotinon Premium<\/strong>, zaleca si\u0119 skonsultowanie si\u0119 z lekarzem, szczeg\u00f3lnie je\u015bli osoba ma histori\u0119 alergii na sk\u0142adniki ro\u015blinne.<\/p>\n<p><strong>Nicotinon Premium<\/strong> to innowacyjny suplement diety, kt\u00f3ry dzi\u0119ki swojemu naturalnemu sk\u0142adowi, wspiera osoby rzucaj\u0105ce palenie w bezpieczny i skuteczny spos\u00f3b. Redukuj\u0105c pragnienie nikotyny, minimalizuj\u0105c objawy odstawienia i poprawiaj\u0105c og\u00f3lne samopoczucie, <strong>Nicotinon Premium<\/strong> stanowi niezawodn\u0105 pomoc w walce z na\u0142ogiem nikotynowym.<\/p>\n<\/div>\n<\/div>\n<\/div>\n<\/div>\n<\/div>\n<\/div>\n<\/div>\n<\/div>\n<\/div>\n<div class=\"w-full text-token-text-primary\" dir=\"auto\" data-testid=\"conversation-turn-5\" data-scroll-anchor=\"true\">\n<div class=\"py-2 juice:py-[18px] px-3 text-base md:px-4 m-auto md:px-5 lg:px-1 xl:px-5\">\n<div class=\"mx-auto flex flex-1 gap-3 text-base juice:gap-4 juice:md:gap-6 md:max-w-3xl lg:max-w-[40rem] xl:max-w-[48rem]\">\n<div class=\"group\/conversation-turn relative flex w-full min-w-0 flex-col agent-turn\">\n<div class=\"flex-col gap-1 md:gap-3\">\n<div class=\"flex flex-grow flex-col max-w-full\">\n<div class=\"min-h-[20px] text-message flex flex-col items-start whitespace-pre-wrap break-words [.text-message+&amp;]:mt-5 juice:w-full juice:items-end overflow-x-auto gap-2\" dir=\"auto\" data-message-author-role=\"assistant\" data-message-id=\"5a464ad8-f058-44b7-b7b3-b8c037656505\">\n<div class=\"flex w-full flex-col gap-1 juice:empty:hidden juice:first:pt-[3px]\">\n<div class=\"markdown prose w-full break-words dark:prose-invert light\">\n<h2>Opinie klient\u00f3w \u043e Nicotinon Premium: fora po\u015bwi\u0119cone zdrowiu<\/h2>\n<p>W Polsce fora internetowe po\u015bwi\u0119cone zdrowiu i wellness zyskuj\u0105 na popularno\u015bci. W szczeg\u00f3lno\u015bci <strong>Nicotinon Premium<\/strong> staje si\u0119 coraz bardziej rozpoznawalny i ceniony przez u\u017cytkownik\u00f3w. Na r\u00f3\u017cnych platformach mo\u017cna znale\u017a\u0107 wiele opinii na temat tego suplementu, a wi\u0119kszo\u015b\u0107 z nich jest pozytywna. Klienci cz\u0119sto podkre\u015blaj\u0105 jego skuteczno\u015b\u0107 w walce z na\u0142ogiem nikotynowym oraz dost\u0119pno\u015b\u0107 produktu.<\/p>\n<ul>\n<li><strong>Janusz, 45 lat:<\/strong> \u201ePr\u00f3bowa\u0142em wielu metod, aby rzuci\u0107 palenie, ale zawsze wraca\u0142em do na\u0142ogu. Dopiero gdy zacz\u0105\u0142em stosowa\u0107 <strong>Nicotinon Premium<\/strong>, zauwa\u017cy\u0142em realne zmiany. Przesta\u0142em czu\u0107 siln\u0105 potrzeb\u0119 si\u0119gania po papierosa, a stres zwi\u0105zany z odstawieniem znacznie si\u0119 zmniejszy\u0142. Dodatkowo, suplement jest \u0142atwo dost\u0119pny online, co jest du\u017cym plusem.\u201d<\/li>\n<li><strong>Agnieszka, 38 lat:<\/strong> \u201eBy\u0142am sceptyczna, ale postanowi\u0142am spr\u00f3bowa\u0107 <strong>Nicotinon Premium<\/strong> po przeczytaniu wielu pozytywnych opinii. Ju\u017c po kilku dniach zauwa\u017cy\u0142am, \u017ce nie czuj\u0119 takiego g\u0142odu nikotynowego jak wcze\u015bniej. Dodatkowo, zam\u00f3wienie online by\u0142o bardzo proste, a produkt dotar\u0142 do mnie w ci\u0105gu kilku dni. Polecam wszystkim, kt\u00f3rzy chc\u0105 zerwa\u0107 z na\u0142ogiem.\u201d<\/li>\n<\/ul>\n<h2>Spos\u00f3b podawania i dawkowanie<\/h2>\n<p><strong>Nicotinon Premium<\/strong> jest dost\u0119pny w formie \u0142atwych do po\u0142kni\u0119cia kapsu\u0142ek. Zalecane dawkowanie to jedna kapsu\u0142ka dziennie, najlepiej przyjmowana rano, popijaj\u0105c du\u017c\u0105 ilo\u015bci\u0105 wody. Regularne stosowanie suplementu pomaga w utrzymaniu sta\u0142ego poziomu sk\u0142adnik\u00f3w aktywnych w organizmie, co wspiera proces rzucania palenia.<\/p>\n<p>Warto pami\u0119ta\u0107, \u017ce ka\u017cdy organizm jest inny, dlatego przed rozpocz\u0119ciem kuracji warto skonsultowa\u0107 si\u0119 z lekarzem, aby dostosowa\u0107 dawkowanie do indywidualnych potrzeb i stanu zdrowia.<\/p>\n<h2>Kup teraz Nicotinon Premium z dostaw\u0105<\/h2>\n<p>Zakup Nicotinon Premium jest bardzo prosty i wygodny. Produkt mo\u017cna zam\u00f3wi\u0107 online, bez konieczno\u015bci wychodzenia z domu. Co wa\u017cne, nie trzeba p\u0142aci\u0107 z g\u00f3ry \u2013 op\u0142ata jest dokonywana przy odbiorze, co gwarantuje otrzymanie oryginalnego produktu bez \u017cadnych ryzyk.<\/p>\n<p>Dostawa trwa zazwyczaj 3-4 dni robocze na terenie Polski. Po z\u0142o\u017ceniu zam\u00f3wienia, specjalista skontaktuje si\u0119 z klientem telefonicznie, aby potwierdzi\u0107 zam\u00f3wienie oraz udzieli\u0107 wszelkich niezb\u0119dnych informacji na temat produktu, dost\u0119pnych promocji i optymalnej ilo\u015bci zam\u00f3wienia.<\/p>\n<p style=\"text-align: center;\"><a href=\"https:\/\/tl-track.com\/tracker\/uTCe\"><button>Zakup na stronie producenta (-50%)<\/button><\/a><\/p>\n<h2>Por\u00f3wnanie ofert: ceny i dost\u0119pno\u015b\u0107 Nicotinon Premium<\/h2>\n<p>Producent <strong>Nicotinon Premium<\/strong> dba o to, aby produkt by\u0142 dost\u0119pny dla jak najszerszego grona odbiorc\u00f3w. Dlatego suplement mo\u017cna kupi\u0107 bezpo\u015brednio na oficjalnej stronie producenta, co eliminuje po\u015brednik\u00f3w i dodatkowe koszty zwi\u0105zane z mar\u017cami aptecznymi.<\/p>\n<p>Regularnie organizowane s\u0105 r\u00f3wnie\u017c promocje i zni\u017cki, kt\u00f3rych aktualno\u015b\u0107 warto sprawdza\u0107 na stronie. Dzi\u0119ki temu klienci mog\u0105 naby\u0107 <strong>Nicotinon Premium<\/strong> w atrakcyjnych cenach. Z tego powodu produkt nie jest dost\u0119pny w stacjonarnych aptekach, co pozwala na utrzymanie konkurencyjnych cen i bezpo\u015brednie wsparcie klienta przez producenta.<\/p>\n<p>Podsumowuj\u0105c, <strong>Nicotinon Premium<\/strong> to nie tylko skuteczny suplement diety wspomagaj\u0105cy rzucanie palenia, ale r\u00f3wnie\u017c produkt \u0142atwo dost\u0119pny i przyst\u0119pny cenowo, dzi\u0119ki sprzeda\u017cy online i eliminacji po\u015brednik\u00f3w.<\/p>\n<\/div>\n<\/div>\n<\/div>\n<\/div>\n<\/div>\n<\/div>\n<\/div>\n<\/div>\n<\/div>\n","protected":false},"excerpt":{"rendered":"<p style=\"text-align: center;\"><a href=\"https:\/\/tl-track.com\/tracker\/uTCe\"><button>Kup teraz<\/button><\/a><\/p>\n<p>SKU:\u00a0<span class=\"sku\">789.455.341<\/span><\/p>\n<hr \/>\n<p><small>Produkt sprzedawany jest wy\u0142\u0105cznie za po\u015brednictwem oficjalnej strony producenta, id\u017a i kupuj bezpiecznie!<\/small><\/p>\n","protected":false},"featured_media":654,"comment_status":"open","ping_status":"closed","template":"","meta":[],"product_brand":[],"product_cat":[15],"product_tag":[],"class_list":{"0":"post-653","1":"product","2":"type-product","3":"status-publish","4":"has-post-thumbnail","6":"product_cat-supl","7":"thunk-woo-product-list","8":"opn-qv-enable","9":"top-store-woo-hover-","10":"top-store-single-product-tab-horizontal","11":"top-store-shadow-","12":"top-store-shadow-hover-","14":"first","15":"instock","16":"sale","17":"shipping-taxable","18":"purchasable","19":"product-type-simple"},"yoast_head":"<!-- This site is optimized with the Yoast SEO plugin v27.4 - https:\/\/yoast.com\/product\/yoast-seo-wordpress\/ -->\n<title>Nicotinon Premium - kup suplement, cena w aptece, sk\u0142ad, dzia\u0142anie<\/title>\n<meta name=\"robots\" content=\"index, follow, max-snippet:-1, max-image-preview:large, max-video-preview:-1\" \/>\n<link rel=\"canonical\" href=\"https:\/\/lekarzeopole.pl\/wordpress\/product\/nicotinon-premium\/\" \/>\n<meta property=\"og:locale\" content=\"pl_PL\" \/>\n<meta property=\"og:type\" content=\"article\" \/>\n<meta property=\"og:title\" content=\"Nicotinon Premium - kup suplement, cena w aptece, sk\u0142ad, dzia\u0142anie\" \/>\n<meta property=\"og:description\" content=\"Kup teraz SKU:\u00a0789.455.341    Produkt sprzedawany jest wy\u0142\u0105cznie za po\u015brednictwem oficjalnej strony producenta, id\u017a i kupuj bezpiecznie!\" \/>\n<meta property=\"og:url\" content=\"https:\/\/lekarzeopole.pl\/wordpress\/product\/nicotinon-premium\/\" \/>\n<meta property=\"og:site_name\" content=\"Lekarze Opole\" \/>\n<meta property=\"article:modified_time\" content=\"2025-02-05T17:40:02+00:00\" \/>\n<meta property=\"og:image\" content=\"https:\/\/lekarzeopole.pl\/wordpress\/wp-content\/uploads\/2024\/06\/nicotinon-premium.png\" \/>\n\t<meta property=\"og:image:width\" content=\"372\" \/>\n\t<meta property=\"og:image:height\" content=\"509\" \/>\n\t<meta property=\"og:image:type\" content=\"image\/png\" \/>\n<meta name=\"twitter:card\" content=\"summary_large_image\" \/>\n<meta name=\"twitter:label1\" content=\"Szacowany czas czytania\" \/>\n\t<meta name=\"twitter:data1\" content=\"7 minut\" \/>\n<script type=\"application\/ld+json\" class=\"yoast-schema-graph\">{\"@context\":\"https:\\\/\\\/schema.org\",\"@graph\":[{\"@type\":\"WebPage\",\"@id\":\"https:\\\/\\\/lekarzeopole.pl\\\/wordpress\\\/product\\\/nicotinon-premium\\\/\",\"url\":\"https:\\\/\\\/lekarzeopole.pl\\\/wordpress\\\/product\\\/nicotinon-premium\\\/\",\"name\":\"Nicotinon Premium - kup suplement, cena w aptece, sk\u0142ad, dzia\u0142anie\",\"isPartOf\":{\"@id\":\"https:\\\/\\\/lekarzeopole.pl\\\/wordpress\\\/#website\"},\"primaryImageOfPage\":{\"@id\":\"https:\\\/\\\/lekarzeopole.pl\\\/wordpress\\\/product\\\/nicotinon-premium\\\/#primaryimage\"},\"image\":{\"@id\":\"https:\\\/\\\/lekarzeopole.pl\\\/wordpress\\\/product\\\/nicotinon-premium\\\/#primaryimage\"},\"thumbnailUrl\":\"https:\\\/\\\/lekarzeopole.pl\\\/wordpress\\\/wp-content\\\/uploads\\\/2024\\\/06\\\/nicotinon-premium.png\",\"datePublished\":\"2024-06-05T13:22:54+00:00\",\"dateModified\":\"2025-02-05T17:40:02+00:00\",\"breadcrumb\":{\"@id\":\"https:\\\/\\\/lekarzeopole.pl\\\/wordpress\\\/product\\\/nicotinon-premium\\\/#breadcrumb\"},\"inLanguage\":\"pl-PL\",\"potentialAction\":[{\"@type\":\"ReadAction\",\"target\":[\"https:\\\/\\\/lekarzeopole.pl\\\/wordpress\\\/product\\\/nicotinon-premium\\\/\"]}]},{\"@type\":\"ImageObject\",\"inLanguage\":\"pl-PL\",\"@id\":\"https:\\\/\\\/lekarzeopole.pl\\\/wordpress\\\/product\\\/nicotinon-premium\\\/#primaryimage\",\"url\":\"https:\\\/\\\/lekarzeopole.pl\\\/wordpress\\\/wp-content\\\/uploads\\\/2024\\\/06\\\/nicotinon-premium.png\",\"contentUrl\":\"https:\\\/\\\/lekarzeopole.pl\\\/wordpress\\\/wp-content\\\/uploads\\\/2024\\\/06\\\/nicotinon-premium.png\",\"width\":372,\"height\":509,\"caption\":\"Nicotinon Premium\"},{\"@type\":\"BreadcrumbList\",\"@id\":\"https:\\\/\\\/lekarzeopole.pl\\\/wordpress\\\/product\\\/nicotinon-premium\\\/#breadcrumb\",\"itemListElement\":[{\"@type\":\"ListItem\",\"position\":1,\"name\":\"\u0413\u043b\u0430\u0432\u043d\u0430\u044f \u0441\u0442\u0440\u0430\u043d\u0438\u0446\u0430\",\"item\":\"https:\\\/\\\/lekarzeopole.pl\\\/wordpress\\\/\"},{\"@type\":\"ListItem\",\"position\":2,\"name\":\"Zakup\",\"item\":\"https:\\\/\\\/lekarzeopole.pl\\\/wordpress\\\/\"},{\"@type\":\"ListItem\",\"position\":3,\"name\":\"Nicotinon Premium\"}]},{\"@type\":\"WebSite\",\"@id\":\"https:\\\/\\\/lekarzeopole.pl\\\/wordpress\\\/#website\",\"url\":\"https:\\\/\\\/lekarzeopole.pl\\\/wordpress\\\/\",\"name\":\"Lekarze Opole\",\"description\":\"\",\"potentialAction\":[{\"@type\":\"SearchAction\",\"target\":{\"@type\":\"EntryPoint\",\"urlTemplate\":\"https:\\\/\\\/lekarzeopole.pl\\\/wordpress\\\/?s={search_term_string}\"},\"query-input\":{\"@type\":\"PropertyValueSpecification\",\"valueRequired\":true,\"valueName\":\"search_term_string\"}}],\"inLanguage\":\"pl-PL\"}]}<\/script>\n<!-- \/ Yoast SEO plugin. -->","yoast_head_json":{"title":"Nicotinon Premium - kup suplement, cena w aptece, sk\u0142ad, dzia\u0142anie","robots":{"index":"index","follow":"follow","max-snippet":"max-snippet:-1","max-image-preview":"max-image-preview:large","max-video-preview":"max-video-preview:-1"},"canonical":"https:\/\/lekarzeopole.pl\/wordpress\/product\/nicotinon-premium\/","og_locale":"pl_PL","og_type":"article","og_title":"Nicotinon Premium - kup suplement, cena w aptece, sk\u0142ad, dzia\u0142anie","og_description":"Kup teraz SKU:\u00a0789.455.341    Produkt sprzedawany jest wy\u0142\u0105cznie za po\u015brednictwem oficjalnej strony producenta, id\u017a i kupuj bezpiecznie!","og_url":"https:\/\/lekarzeopole.pl\/wordpress\/product\/nicotinon-premium\/","og_site_name":"Lekarze Opole","article_modified_time":"2025-02-05T17:40:02+00:00","og_image":[{"width":372,"height":509,"url":"https:\/\/lekarzeopole.pl\/wordpress\/wp-content\/uploads\/2024\/06\/nicotinon-premium.png","type":"image\/png"}],"twitter_card":"summary_large_image","twitter_misc":{"Szacowany czas czytania":"7 minut"},"schema":{"@context":"https:\/\/schema.org","@graph":[{"@type":"WebPage","@id":"https:\/\/lekarzeopole.pl\/wordpress\/product\/nicotinon-premium\/","url":"https:\/\/lekarzeopole.pl\/wordpress\/product\/nicotinon-premium\/","name":"Nicotinon Premium - kup suplement, cena w aptece, sk\u0142ad, dzia\u0142anie","isPartOf":{"@id":"https:\/\/lekarzeopole.pl\/wordpress\/#website"},"primaryImageOfPage":{"@id":"https:\/\/lekarzeopole.pl\/wordpress\/product\/nicotinon-premium\/#primaryimage"},"image":{"@id":"https:\/\/lekarzeopole.pl\/wordpress\/product\/nicotinon-premium\/#primaryimage"},"thumbnailUrl":"https:\/\/lekarzeopole.pl\/wordpress\/wp-content\/uploads\/2024\/06\/nicotinon-premium.png","datePublished":"2024-06-05T13:22:54+00:00","dateModified":"2025-02-05T17:40:02+00:00","breadcrumb":{"@id":"https:\/\/lekarzeopole.pl\/wordpress\/product\/nicotinon-premium\/#breadcrumb"},"inLanguage":"pl-PL","potentialAction":[{"@type":"ReadAction","target":["https:\/\/lekarzeopole.pl\/wordpress\/product\/nicotinon-premium\/"]}]},{"@type":"ImageObject","inLanguage":"pl-PL","@id":"https:\/\/lekarzeopole.pl\/wordpress\/product\/nicotinon-premium\/#primaryimage","url":"https:\/\/lekarzeopole.pl\/wordpress\/wp-content\/uploads\/2024\/06\/nicotinon-premium.png","contentUrl":"https:\/\/lekarzeopole.pl\/wordpress\/wp-content\/uploads\/2024\/06\/nicotinon-premium.png","width":372,"height":509,"caption":"Nicotinon Premium"},{"@type":"BreadcrumbList","@id":"https:\/\/lekarzeopole.pl\/wordpress\/product\/nicotinon-premium\/#breadcrumb","itemListElement":[{"@type":"ListItem","position":1,"name":"\u0413\u043b\u0430\u0432\u043d\u0430\u044f \u0441\u0442\u0440\u0430\u043d\u0438\u0446\u0430","item":"https:\/\/lekarzeopole.pl\/wordpress\/"},{"@type":"ListItem","position":2,"name":"Zakup","item":"https:\/\/lekarzeopole.pl\/wordpress\/"},{"@type":"ListItem","position":3,"name":"Nicotinon Premium"}]},{"@type":"WebSite","@id":"https:\/\/lekarzeopole.pl\/wordpress\/#website","url":"https:\/\/lekarzeopole.pl\/wordpress\/","name":"Lekarze Opole","description":"","potentialAction":[{"@type":"SearchAction","target":{"@type":"EntryPoint","urlTemplate":"https:\/\/lekarzeopole.pl\/wordpress\/?s={search_term_string}"},"query-input":{"@type":"PropertyValueSpecification","valueRequired":true,"valueName":"search_term_string"}}],"inLanguage":"pl-PL"}]}},"_links":{"self":[{"href":"https:\/\/lekarzeopole.pl\/wordpress\/wp-json\/wp\/v2\/product\/653","targetHints":{"allow":["GET"]}}],"collection":[{"href":"https:\/\/lekarzeopole.pl\/wordpress\/wp-json\/wp\/v2\/product"}],"about":[{"href":"https:\/\/lekarzeopole.pl\/wordpress\/wp-json\/wp\/v2\/types\/product"}],"replies":[{"embeddable":true,"href":"https:\/\/lekarzeopole.pl\/wordpress\/wp-json\/wp\/v2\/comments?post=653"}],"wp:featuredmedia":[{"embeddable":true,"href":"https:\/\/lekarzeopole.pl\/wordpress\/wp-json\/wp\/v2\/media\/654"}],"wp:attachment":[{"href":"https:\/\/lekarzeopole.pl\/wordpress\/wp-json\/wp\/v2\/media?parent=653"}],"wp:term":[{"taxonomy":"product_brand","embeddable":true,"href":"https:\/\/lekarzeopole.pl\/wordpress\/wp-json\/wp\/v2\/product_brand?post=653"},{"taxonomy":"product_cat","embeddable":true,"href":"https:\/\/lekarzeopole.pl\/wordpress\/wp-json\/wp\/v2\/product_cat?post=653"},{"taxonomy":"product_tag","embeddable":true,"href":"https:\/\/lekarzeopole.pl\/wordpress\/wp-json\/wp\/v2\/product_tag?post=653"}],"curies":[{"name":"wp","href":"https:\/\/api.w.org\/{rel}","templated":true}]}}