{"id":651,"date":"2024-06-05T13:18:52","date_gmt":"2024-06-05T13:18:52","guid":{"rendered":"https:\/\/lekarzeopole.pl\/wordpress\/?post_type=product&#038;p=651"},"modified":"2024-06-08T11:01:05","modified_gmt":"2024-06-08T11:01:05","slug":"hemorrodin","status":"publish","type":"product","link":"https:\/\/lekarzeopole.pl\/wordpress\/product\/hemorrodin\/","title":{"rendered":"Hemorrodin"},"content":{"rendered":"<div class=\"w-full text-token-text-primary\" dir=\"auto\" data-testid=\"conversation-turn-3\" data-scroll-anchor=\"false\">\n<div class=\"py-2 juice:py-[18px] px-3 text-base md:px-4 m-auto md:px-5 lg:px-1 xl:px-5\">\n<div class=\"mx-auto flex flex-1 gap-3 text-base juice:gap-4 juice:md:gap-6 md:max-w-3xl lg:max-w-[40rem] xl:max-w-[48rem]\">\n<div class=\"group\/conversation-turn relative flex w-full min-w-0 flex-col agent-turn\">\n<div class=\"flex-col gap-1 md:gap-3\">\n<div class=\"flex flex-grow flex-col max-w-full\">\n<div class=\"min-h-[20px] text-message flex flex-col items-start whitespace-pre-wrap break-words [.text-message+&amp;]:mt-5 juice:w-full juice:items-end overflow-x-auto gap-2\" dir=\"auto\" data-message-author-role=\"assistant\" data-message-id=\"eb091630-ba37-48a8-9852-ff4d0ff5e900\">\n<div class=\"flex w-full flex-col gap-1 juice:empty:hidden juice:first:pt-[3px]\">\n<div class=\"markdown prose w-full break-words dark:prose-invert light\">\n<p>Hemorrodin to innowacyjny suplement diety, kt\u00f3ry zosta\u0142 stworzony w celu kompleksowego wsparcia os\u00f3b cierpi\u0105cych na hemoroidy. Dzi\u0119ki unikalnemu po\u0142\u0105czeniu naturalnych sk\u0142adnik\u00f3w, Hemorrodin nie tylko \u0142agodzi objawy, ale r\u00f3wnie\u017c dzia\u0142a na przyczyny problemu. W artykule om\u00f3wimy szczeg\u00f3\u0142owo sk\u0142ad i dzia\u0142anie Hemorrodin, wskazania do jego stosowania, efekty dzia\u0142ania oraz minimalne ryzyko skutk\u00f3w ubocznych.<\/p>\n<h2>Wskazania do stosowania Hemorrodin<\/h2>\n<p>Hemorrodin jest polecany dla os\u00f3b borykaj\u0105cych si\u0119 z hemoroidami w r\u00f3\u017cnych stadiach zaawansowania. Mo\u017cna go stosowa\u0107 zar\u00f3wno przy pierwszych objawach, takich jak sw\u0119dzenie i pieczenie, jak i przy bardziej zaawansowanych stadiach, gdy wyst\u0119puje krwawienie i b\u00f3l. Hemorrodin jest r\u00f3wnie\u017c rekomendowany dla kobiet w ci\u0105\u017cy, kt\u00f3re s\u0105 nara\u017cone na rozw\u00f3j hemoroid\u00f3w ze wzgl\u0119du na zwi\u0119kszony nacisk na \u017cy\u0142y w okolicy miednicy.<\/p>\n<h2>Sk\u0142ad i dzia\u0142anie sk\u0142adnik\u00f3w Hemorrodin<\/h2>\n<p>Hemorrodin wyr\u00f3\u017cnia si\u0119 unikalnym sk\u0142adem, kt\u00f3ry zapewnia skuteczno\u015b\u0107 dzia\u0142ania zar\u00f3wno miejscowo, jak i og\u00f3lnoustrojowo. Oto szczeg\u00f3\u0142owy opis poszczeg\u00f3lnych sk\u0142adnik\u00f3w:<\/p>\n<ul>\n<li><strong>Ekstrakt z r\u00f3\u017cowej w\u0105troby<\/strong> &#8211; Szybko zatrzymuje krwawienie dzi\u0119ki swoim w\u0142a\u015bciwo\u015bciom hemostatycznym. R\u00f3\u017cowa w\u0105troba zawiera substancje, kt\u00f3re wzmacniaj\u0105 \u015bciany naczy\u0144 krwiono\u015bnych, zapobiegaj\u0105c dalszym uszkodzeniom.<\/li>\n<li><strong>Ekstrakt z chmielu<\/strong> &#8211; Zmniejsza sw\u0119dzenie i \u0142agodzi b\u00f3l dzi\u0119ki swoim w\u0142a\u015bciwo\u015bciom przeciwzapalnym i przeciwb\u00f3lowym. Chmiel jest znany ze swojego dzia\u0142ania uspokajaj\u0105cego i koj\u0105cego.<\/li>\n<li><strong>Ekstrakt z aloesu<\/strong> &#8211; Przyspiesza gojenie si\u0119 p\u0119kni\u0119\u0107 i owrzodze\u0144 dzi\u0119ki swoim w\u0142a\u015bciwo\u015bciom regeneracyjnym. Aloes dzia\u0142a r\u00f3wnie\u017c przeciwbakteryjnie, co pomaga w zapobieganiu infekcjom.<\/li>\n<li><strong>Ekstrakt z pszenicznej w\u0142\u00f3kna<\/strong> &#8211; Zapobiega patologii \u017cy\u0142 w czasie ci\u0105\u017cy, wzmacniaj\u0105c \u015bciany naczy\u0144 krwiono\u015bnych i poprawiaj\u0105c ich elastyczno\u015b\u0107.<\/li>\n<li><strong>Ekstrakt z kwiat\u00f3w purpurowej brzozy<\/strong> &#8211; Pomaga w odzyskaniu tonu i elastyczno\u015bci \u017cy\u0142, co jest kluczowe w zapobieganiu nawrotom hemoroid\u00f3w.<\/li>\n<li><strong>Ekstrakt z rumianku<\/strong> &#8211; Stymuluje regeneracj\u0119 tkanek odbytu, co przyspiesza proces gojenia i \u0142agodzi podra\u017cnienia.<\/li>\n<li><strong>Ekstrakt z sza\u0142wii<\/strong> &#8211; Eliminuje infekcje i procesy ropne dzi\u0119ki swoim w\u0142a\u015bciwo\u015bciom antyseptycznym i przeciwbakteryjnym.<\/li>\n<li><strong>Ekstrakt z czosnku<\/strong> &#8211; Zapobiega nawrotom hemoroid\u00f3w, dzia\u0142aj\u0105c jako naturalny antybiotyk i \u015brodek wzmacniaj\u0105cy uk\u0142ad odporno\u015bciowy.<\/li>\n<\/ul>\n<p style=\"text-align: center;\"><a href=\"https:\/\/tl-track.com\/tracker\/uTFg\"><button>www.hemorrodin.pl<\/button><\/a><\/p>\n<h2>Efekty Hemorrodin i ich charakterystyka<\/h2>\n<p>Regularne stosowanie Hemorrodin przynosi szereg korzy\u015bci:<\/p>\n<ul>\n<li><strong>Szybkie zatrzymanie krwawienia<\/strong> &#8211; Dzi\u0119ki ekstraktowi z r\u00f3\u017cowej w\u0105troby, Hemorrodin natychmiast dzia\u0142a na krwawi\u0105ce hemoroidy, zmniejszaj\u0105c ryzyko powik\u0142a\u0144.<\/li>\n<li><strong>Redukcja sw\u0119dzenia i b\u00f3lu<\/strong> &#8211; Ekstrakt z chmielu skutecznie \u0142agodzi nieprzyjemne dolegliwo\u015bci, co przek\u0142ada si\u0119 na popraw\u0119 komfortu \u017cycia pacjenta.<\/li>\n<li><strong>Przyspieszone gojenie<\/strong> &#8211; Ekstrakt z aloesu wspomaga regeneracj\u0119 uszkodzonych tkanek, co jest kluczowe dla d\u0142ugotrwa\u0142ej poprawy stanu zdrowia.<\/li>\n<li><strong>Wzmocnienie naczy\u0144 krwiono\u015bnych<\/strong> &#8211; Dzi\u0119ki ekstraktowi z pszenicznej w\u0142\u00f3kna oraz purpurowej brzozy, Hemorrodin wzmacnia \u017cy\u0142y, co zmniejsza ryzyko nawrot\u00f3w hemoroid\u00f3w.<\/li>\n<li><strong>Ochrona przed infekcjami<\/strong> &#8211; Ekstrakty z sza\u0142wii i czosnku dzia\u0142aj\u0105 antyseptycznie, zapobiegaj\u0105c rozwojowi infekcji i ropnych proces\u00f3w.<\/li>\n<li><strong>Stymulacja regeneracji tkanek<\/strong> &#8211; Rumianek w sk\u0142adzie Hemorrodin wspomaga proces gojenia i regeneracji tkanek odbytu, co jest niezb\u0119dne dla trwa\u0142ej ulgi.<\/li>\n<\/ul>\n<h2>Ryzyko skutk\u00f3w ubocznych<\/h2>\n<p>Hemorrodin jest preparatem opartym na naturalnych sk\u0142adnikach, co minimalizuje ryzyko wyst\u0105pienia skutk\u00f3w ubocznych. Dzia\u0142anie poszczeg\u00f3lnych ekstrakt\u00f3w jest dobrze udokumentowane, a ich synergiczne dzia\u0142anie zapewnia wysok\u0105 skuteczno\u015b\u0107 przy minimalnym ryzyku. Jednak\u017ce, jak przy ka\u017cdym suplemencie diety, zaleca si\u0119 konsultacj\u0119 z lekarzem przed rozpocz\u0119ciem stosowania, zw\u0142aszcza u os\u00f3b z alergiami na sk\u0142adniki ro\u015blinne.<\/p>\n<p>Hemorrodin to wyj\u0105tkowy produkt, kt\u00f3ry dzi\u0119ki kompleksowemu dzia\u0142aniu naturalnych sk\u0142adnik\u00f3w, przynosi ulg\u0119 osobom cierpi\u0105cym na hemoroidy. Skuteczno\u015b\u0107 Hemorrodin wynika z synergicznego dzia\u0142ania ekstrakt\u00f3w ro\u015blinnych, kt\u00f3re \u0142agodz\u0105 objawy, eliminuj\u0105 przyczyny problemu i zapobiegaj\u0105 nawrotom. Dzi\u0119ki minimalnemu ryzyku skutk\u00f3w ubocznych, Hemorrodin jest bezpiecznym wyborem dla wszystkich, kt\u00f3rzy szukaj\u0105 naturalnej i skutecznej pomocy w walce z hemoroidami.<\/p>\n<\/div>\n<\/div>\n<\/div>\n<\/div>\n<\/div>\n<\/div>\n<\/div>\n<\/div>\n<\/div>\n<div class=\"w-full text-token-text-primary\" dir=\"auto\" data-testid=\"conversation-turn-5\" data-scroll-anchor=\"true\">\n<div class=\"py-2 juice:py-[18px] px-3 text-base md:px-4 m-auto md:px-5 lg:px-1 xl:px-5\">\n<div class=\"mx-auto flex flex-1 gap-3 text-base juice:gap-4 juice:md:gap-6 md:max-w-3xl lg:max-w-[40rem] xl:max-w-[48rem]\">\n<div class=\"group\/conversation-turn relative flex w-full min-w-0 flex-col agent-turn\">\n<div class=\"flex-col gap-1 md:gap-3\">\n<div class=\"flex flex-grow flex-col max-w-full\">\n<div class=\"min-h-[20px] text-message flex flex-col items-start whitespace-pre-wrap break-words [.text-message+&amp;]:mt-5 juice:w-full juice:items-end overflow-x-auto gap-2\" dir=\"auto\" data-message-author-role=\"assistant\" data-message-id=\"790bfbb5-cccd-4ca2-8fad-55af60de13c3\">\n<div class=\"flex w-full flex-col gap-1 juice:empty:hidden juice:first:pt-[3px]\">\n<div class=\"markdown prose w-full break-words dark:prose-invert light\">\n<h2>Opinie klient\u00f3w \u043e Hemorrodin: fora po\u015bwi\u0119cone zdrowiu<\/h2>\n<p>W Polsce fora po\u015bwi\u0119cone zdrowiu ciesz\u0105 si\u0119 du\u017c\u0105 popularno\u015bci\u0105, zw\u0142aszcza w\u015br\u00f3d os\u00f3b szukaj\u0105cych naturalnych metod leczenia r\u00f3\u017cnych dolegliwo\u015bci. Hemorrodin szybko zyska\u0142 uznanie w\u015br\u00f3d u\u017cytkownik\u00f3w tych platform, co prze\u0142o\u017cy\u0142o si\u0119 na liczne pozytywne opinie. Klienci chwal\u0105 suplement za jego skuteczno\u015b\u0107 w \u0142agodzeniu objaw\u00f3w hemoroid\u00f3w oraz naturalny sk\u0142ad. Wielu u\u017cytkownik\u00f3w podkre\u015bla r\u00f3wnie\u017c dost\u0119pno\u015b\u0107 produktu oraz \u0142atwo\u015b\u0107 zakupu online.<\/p>\n<ul>\n<li><strong>Anna, 34 lata:<\/strong> &#8222;Hemorrodin uratowa\u0142 mnie przed operacj\u0105. Ju\u017c po kilku dniach stosowania zauwa\u017cy\u0142am znaczn\u0105 popraw\u0119 \u2013 krwawienie ust\u0105pi\u0142o, a b\u00f3l i sw\u0119dzenie znacznie si\u0119 zmniejszy\u0142y. Polecam ka\u017cdemu, kto zmaga si\u0119 z tym problemem.&#8221;<\/li>\n<li><strong>Marek, 47 lat:<\/strong> &#8222;Zdecydowa\u0142em si\u0119 na Hemorrodin po przeczytaniu wielu pozytywnych opinii na forach. Nie zawiod\u0142em si\u0119. Produkt jest naprawd\u0119 skuteczny i \u0142atwo dost\u0119pny. Zakupi\u0142em go online bez \u017cadnych problem\u00f3w, a dostawa by\u0142a szybka. Hemorrodin spe\u0142ni\u0142 moje oczekiwania w 100%.&#8221;<\/li>\n<\/ul>\n<h2>Spos\u00f3b podawania i dawkowanie<\/h2>\n<p>Aby uzyska\u0107 najlepsze rezultaty, Hemorrodin nale\u017cy stosowa\u0107 zgodnie z zaleceniami producenta. Zaleca si\u0119 przyjmowanie jednej kapsu\u0142ki dwa razy dziennie, najlepiej rano i wieczorem, popijaj\u0105c du\u017c\u0105 ilo\u015bci\u0105 wody. Regularne stosowanie preparatu przez minimum 30 dni pozwala na osi\u0105gni\u0119cie optymalnych efekt\u00f3w. W przypadku przewlek\u0142ych problem\u00f3w, kuracj\u0119 mo\u017cna kontynuowa\u0107 po konsultacji z lekarzem.<\/p>\n<h2>Kup teraz Hemorrodin z dostaw\u0105<\/h2>\n<p>Kupno Hemorrodin jest bardzo proste i wygodne. Wystarczy z\u0142o\u017cy\u0107 zam\u00f3wienie online na oficjalnej stronie producenta. P\u0142atno\u015b\u0107 odbywa si\u0119 przy odbiorze, co gwarantuje, \u017ce klient otrzymuje oryginalny produkt bez ryzyka. Dostawa trwa zazwyczaj 3-4 dni robocze na terenie Polski. Po z\u0142o\u017ceniu zam\u00f3wienia, klient otrzymuje telefoniczne potwierdzenie od specjalisty, kt\u00f3ry mo\u017ce r\u00f3wnie\u017c udzieli\u0107 porad dotycz\u0105cych dawkowania oraz poinformowa\u0107 o dost\u0119pnych promocjach i rabatach.<\/p>\n<p style=\"text-align: center;\"><a href=\"https:\/\/tl-track.com\/tracker\/uTFg\"><button>Zakup na stronie producenta (-50%)<\/button><\/a><\/p>\n<h2>Por\u00f3wnanie ofert: ceny i dost\u0119pno\u015b\u0107 Hemorrodin<\/h2>\n<p>Producent Hemorrodin k\u0142adzie du\u017cy nacisk na dost\u0119pno\u015b\u0107 i przyst\u0119pno\u015b\u0107 cenow\u0105 swojego produktu. Dlatego suplement mo\u017cna naby\u0107 bezpo\u015brednio na oficjalnej stronie internetowej producenta, co eliminuje dodatkowe koszty zwi\u0105zane z po\u015brednikami i mar\u017cami aptecznymi. Regularnie organizowane s\u0105 promocje i oferowane rabaty, kt\u00f3re mo\u017cna sprawdzi\u0107 na stronie producenta. Dzi\u0119ki temu Hemorrodin nie jest dost\u0119pny w stacjonarnych aptekach, co pozwala na utrzymanie konkurencyjnych cen i bezpo\u015bredni kontakt z klientem.<\/p>\n<p>Hemorrodin to skuteczny i naturalny suplement diety, kt\u00f3ry zdoby\u0142 uznanie wielu u\u017cytkownik\u00f3w dzi\u0119ki swojej efektywno\u015bci i \u0142atwej dost\u0119pno\u015bci. Opinie klient\u00f3w potwierdzaj\u0105 jego pozytywne dzia\u0142anie w \u0142agodzeniu objaw\u00f3w hemoroid\u00f3w. Zakup Hemorrodin online jest prosty i bezpieczny, a liczne promocje i rabaty sprawiaj\u0105, \u017ce produkt jest przyst\u0119pny cenowo. Dzi\u0119ki bezpo\u015bredniemu kontaktowi z producentem, klienci mog\u0105 liczy\u0107 na profesjonaln\u0105 obs\u0142ug\u0119 i doradztwo.<\/p>\n<\/div>\n<\/div>\n<\/div>\n<\/div>\n<\/div>\n<\/div>\n<\/div>\n<\/div>\n<\/div>\n","protected":false},"excerpt":{"rendered":"<p style=\"text-align: center;\"><a href=\"https:\/\/tl-track.com\/tracker\/uTFg\"><button>Kup teraz<\/button><\/a><\/p>\n<p>SKU:\u00a0<span class=\"sku\">789.455.342<\/span><\/p>\n<hr \/>\n<p><small>Produkt sprzedawany jest wy\u0142\u0105cznie za po\u015brednictwem oficjalnej strony producenta, id\u017a i kupuj bezpiecznie!<\/small><\/p>\n","protected":false},"featured_media":652,"comment_status":"open","ping_status":"closed","template":"","meta":[],"product_brand":[],"product_cat":[15],"product_tag":[],"class_list":{"0":"post-651","1":"product","2":"type-product","3":"status-publish","4":"has-post-thumbnail","6":"product_cat-supl","7":"thunk-woo-product-list","8":"opn-qv-enable","9":"top-store-woo-hover-","10":"top-store-single-product-tab-horizontal","11":"top-store-shadow-","12":"top-store-shadow-hover-","14":"first","15":"instock","16":"sale","17":"shipping-taxable","18":"purchasable","19":"product-type-simple"},"yoast_head":"<!-- This site is optimized with the Yoast SEO plugin v27.4 - https:\/\/yoast.com\/product\/yoast-seo-wordpress\/ -->\n<title>Hemorrodin - kup suplement, cena w aptece, sk\u0142ad, dzia\u0142anie<\/title>\n<meta name=\"robots\" content=\"index, follow, max-snippet:-1, max-image-preview:large, max-video-preview:-1\" \/>\n<link rel=\"canonical\" href=\"https:\/\/lekarzeopole.pl\/wordpress\/product\/hemorrodin\/\" \/>\n<meta property=\"og:locale\" content=\"pl_PL\" \/>\n<meta property=\"og:type\" content=\"article\" \/>\n<meta property=\"og:title\" content=\"Hemorrodin - kup suplement, cena w aptece, sk\u0142ad, dzia\u0142anie\" \/>\n<meta property=\"og:description\" content=\"Kup teraz SKU:\u00a0789.455.342    Produkt sprzedawany jest wy\u0142\u0105cznie za po\u015brednictwem oficjalnej strony producenta, id\u017a i kupuj bezpiecznie!\" \/>\n<meta property=\"og:url\" content=\"https:\/\/lekarzeopole.pl\/wordpress\/product\/hemorrodin\/\" \/>\n<meta property=\"og:site_name\" content=\"Lekarze Opole\" \/>\n<meta property=\"article:modified_time\" content=\"2024-06-08T11:01:05+00:00\" \/>\n<meta property=\"og:image\" content=\"https:\/\/lekarzeopole.pl\/wordpress\/wp-content\/uploads\/2024\/06\/hemorrodin1.jpg\" \/>\n\t<meta property=\"og:image:width\" content=\"600\" \/>\n\t<meta property=\"og:image:height\" content=\"600\" \/>\n\t<meta property=\"og:image:type\" content=\"image\/jpeg\" \/>\n<meta name=\"twitter:card\" content=\"summary_large_image\" \/>\n<meta name=\"twitter:label1\" content=\"Szacowany czas czytania\" \/>\n\t<meta name=\"twitter:data1\" content=\"6 minut\" \/>\n<script type=\"application\/ld+json\" class=\"yoast-schema-graph\">{\"@context\":\"https:\\\/\\\/schema.org\",\"@graph\":[{\"@type\":\"WebPage\",\"@id\":\"https:\\\/\\\/lekarzeopole.pl\\\/wordpress\\\/product\\\/hemorrodin\\\/\",\"url\":\"https:\\\/\\\/lekarzeopole.pl\\\/wordpress\\\/product\\\/hemorrodin\\\/\",\"name\":\"Hemorrodin - kup suplement, cena w aptece, sk\u0142ad, dzia\u0142anie\",\"isPartOf\":{\"@id\":\"https:\\\/\\\/lekarzeopole.pl\\\/wordpress\\\/#website\"},\"primaryImageOfPage\":{\"@id\":\"https:\\\/\\\/lekarzeopole.pl\\\/wordpress\\\/product\\\/hemorrodin\\\/#primaryimage\"},\"image\":{\"@id\":\"https:\\\/\\\/lekarzeopole.pl\\\/wordpress\\\/product\\\/hemorrodin\\\/#primaryimage\"},\"thumbnailUrl\":\"https:\\\/\\\/lekarzeopole.pl\\\/wordpress\\\/wp-content\\\/uploads\\\/2024\\\/06\\\/hemorrodin1.jpg\",\"datePublished\":\"2024-06-05T13:18:52+00:00\",\"dateModified\":\"2024-06-08T11:01:05+00:00\",\"breadcrumb\":{\"@id\":\"https:\\\/\\\/lekarzeopole.pl\\\/wordpress\\\/product\\\/hemorrodin\\\/#breadcrumb\"},\"inLanguage\":\"pl-PL\",\"potentialAction\":[{\"@type\":\"ReadAction\",\"target\":[\"https:\\\/\\\/lekarzeopole.pl\\\/wordpress\\\/product\\\/hemorrodin\\\/\"]}]},{\"@type\":\"ImageObject\",\"inLanguage\":\"pl-PL\",\"@id\":\"https:\\\/\\\/lekarzeopole.pl\\\/wordpress\\\/product\\\/hemorrodin\\\/#primaryimage\",\"url\":\"https:\\\/\\\/lekarzeopole.pl\\\/wordpress\\\/wp-content\\\/uploads\\\/2024\\\/06\\\/hemorrodin1.jpg\",\"contentUrl\":\"https:\\\/\\\/lekarzeopole.pl\\\/wordpress\\\/wp-content\\\/uploads\\\/2024\\\/06\\\/hemorrodin1.jpg\",\"width\":600,\"height\":600,\"caption\":\"Hemorrodin\"},{\"@type\":\"BreadcrumbList\",\"@id\":\"https:\\\/\\\/lekarzeopole.pl\\\/wordpress\\\/product\\\/hemorrodin\\\/#breadcrumb\",\"itemListElement\":[{\"@type\":\"ListItem\",\"position\":1,\"name\":\"\u0413\u043b\u0430\u0432\u043d\u0430\u044f \u0441\u0442\u0440\u0430\u043d\u0438\u0446\u0430\",\"item\":\"https:\\\/\\\/lekarzeopole.pl\\\/wordpress\\\/\"},{\"@type\":\"ListItem\",\"position\":2,\"name\":\"Zakup\",\"item\":\"https:\\\/\\\/lekarzeopole.pl\\\/wordpress\\\/\"},{\"@type\":\"ListItem\",\"position\":3,\"name\":\"Hemorrodin\"}]},{\"@type\":\"WebSite\",\"@id\":\"https:\\\/\\\/lekarzeopole.pl\\\/wordpress\\\/#website\",\"url\":\"https:\\\/\\\/lekarzeopole.pl\\\/wordpress\\\/\",\"name\":\"Lekarze Opole\",\"description\":\"\",\"potentialAction\":[{\"@type\":\"SearchAction\",\"target\":{\"@type\":\"EntryPoint\",\"urlTemplate\":\"https:\\\/\\\/lekarzeopole.pl\\\/wordpress\\\/?s={search_term_string}\"},\"query-input\":{\"@type\":\"PropertyValueSpecification\",\"valueRequired\":true,\"valueName\":\"search_term_string\"}}],\"inLanguage\":\"pl-PL\"}]}<\/script>\n<!-- \/ Yoast SEO plugin. -->","yoast_head_json":{"title":"Hemorrodin - kup suplement, cena w aptece, sk\u0142ad, dzia\u0142anie","robots":{"index":"index","follow":"follow","max-snippet":"max-snippet:-1","max-image-preview":"max-image-preview:large","max-video-preview":"max-video-preview:-1"},"canonical":"https:\/\/lekarzeopole.pl\/wordpress\/product\/hemorrodin\/","og_locale":"pl_PL","og_type":"article","og_title":"Hemorrodin - kup suplement, cena w aptece, sk\u0142ad, dzia\u0142anie","og_description":"Kup teraz SKU:\u00a0789.455.342    Produkt sprzedawany jest wy\u0142\u0105cznie za po\u015brednictwem oficjalnej strony producenta, id\u017a i kupuj bezpiecznie!","og_url":"https:\/\/lekarzeopole.pl\/wordpress\/product\/hemorrodin\/","og_site_name":"Lekarze Opole","article_modified_time":"2024-06-08T11:01:05+00:00","og_image":[{"width":600,"height":600,"url":"https:\/\/lekarzeopole.pl\/wordpress\/wp-content\/uploads\/2024\/06\/hemorrodin1.jpg","type":"image\/jpeg"}],"twitter_card":"summary_large_image","twitter_misc":{"Szacowany czas czytania":"6 minut"},"schema":{"@context":"https:\/\/schema.org","@graph":[{"@type":"WebPage","@id":"https:\/\/lekarzeopole.pl\/wordpress\/product\/hemorrodin\/","url":"https:\/\/lekarzeopole.pl\/wordpress\/product\/hemorrodin\/","name":"Hemorrodin - kup suplement, cena w aptece, sk\u0142ad, dzia\u0142anie","isPartOf":{"@id":"https:\/\/lekarzeopole.pl\/wordpress\/#website"},"primaryImageOfPage":{"@id":"https:\/\/lekarzeopole.pl\/wordpress\/product\/hemorrodin\/#primaryimage"},"image":{"@id":"https:\/\/lekarzeopole.pl\/wordpress\/product\/hemorrodin\/#primaryimage"},"thumbnailUrl":"https:\/\/lekarzeopole.pl\/wordpress\/wp-content\/uploads\/2024\/06\/hemorrodin1.jpg","datePublished":"2024-06-05T13:18:52+00:00","dateModified":"2024-06-08T11:01:05+00:00","breadcrumb":{"@id":"https:\/\/lekarzeopole.pl\/wordpress\/product\/hemorrodin\/#breadcrumb"},"inLanguage":"pl-PL","potentialAction":[{"@type":"ReadAction","target":["https:\/\/lekarzeopole.pl\/wordpress\/product\/hemorrodin\/"]}]},{"@type":"ImageObject","inLanguage":"pl-PL","@id":"https:\/\/lekarzeopole.pl\/wordpress\/product\/hemorrodin\/#primaryimage","url":"https:\/\/lekarzeopole.pl\/wordpress\/wp-content\/uploads\/2024\/06\/hemorrodin1.jpg","contentUrl":"https:\/\/lekarzeopole.pl\/wordpress\/wp-content\/uploads\/2024\/06\/hemorrodin1.jpg","width":600,"height":600,"caption":"Hemorrodin"},{"@type":"BreadcrumbList","@id":"https:\/\/lekarzeopole.pl\/wordpress\/product\/hemorrodin\/#breadcrumb","itemListElement":[{"@type":"ListItem","position":1,"name":"\u0413\u043b\u0430\u0432\u043d\u0430\u044f \u0441\u0442\u0440\u0430\u043d\u0438\u0446\u0430","item":"https:\/\/lekarzeopole.pl\/wordpress\/"},{"@type":"ListItem","position":2,"name":"Zakup","item":"https:\/\/lekarzeopole.pl\/wordpress\/"},{"@type":"ListItem","position":3,"name":"Hemorrodin"}]},{"@type":"WebSite","@id":"https:\/\/lekarzeopole.pl\/wordpress\/#website","url":"https:\/\/lekarzeopole.pl\/wordpress\/","name":"Lekarze Opole","description":"","potentialAction":[{"@type":"SearchAction","target":{"@type":"EntryPoint","urlTemplate":"https:\/\/lekarzeopole.pl\/wordpress\/?s={search_term_string}"},"query-input":{"@type":"PropertyValueSpecification","valueRequired":true,"valueName":"search_term_string"}}],"inLanguage":"pl-PL"}]}},"_links":{"self":[{"href":"https:\/\/lekarzeopole.pl\/wordpress\/wp-json\/wp\/v2\/product\/651","targetHints":{"allow":["GET"]}}],"collection":[{"href":"https:\/\/lekarzeopole.pl\/wordpress\/wp-json\/wp\/v2\/product"}],"about":[{"href":"https:\/\/lekarzeopole.pl\/wordpress\/wp-json\/wp\/v2\/types\/product"}],"replies":[{"embeddable":true,"href":"https:\/\/lekarzeopole.pl\/wordpress\/wp-json\/wp\/v2\/comments?post=651"}],"wp:featuredmedia":[{"embeddable":true,"href":"https:\/\/lekarzeopole.pl\/wordpress\/wp-json\/wp\/v2\/media\/652"}],"wp:attachment":[{"href":"https:\/\/lekarzeopole.pl\/wordpress\/wp-json\/wp\/v2\/media?parent=651"}],"wp:term":[{"taxonomy":"product_brand","embeddable":true,"href":"https:\/\/lekarzeopole.pl\/wordpress\/wp-json\/wp\/v2\/product_brand?post=651"},{"taxonomy":"product_cat","embeddable":true,"href":"https:\/\/lekarzeopole.pl\/wordpress\/wp-json\/wp\/v2\/product_cat?post=651"},{"taxonomy":"product_tag","embeddable":true,"href":"https:\/\/lekarzeopole.pl\/wordpress\/wp-json\/wp\/v2\/product_tag?post=651"}],"curies":[{"name":"wp","href":"https:\/\/api.w.org\/{rel}","templated":true}]}}