{"id":631,"date":"2024-04-26T13:19:53","date_gmt":"2024-04-26T13:19:53","guid":{"rendered":"https:\/\/lekarzeopole.pl\/wordpress\/?post_type=product&#038;p=631"},"modified":"2024-06-08T10:54:47","modified_gmt":"2024-06-08T10:54:47","slug":"regenix","status":"publish","type":"product","link":"https:\/\/lekarzeopole.pl\/wordpress\/product\/regenix\/","title":{"rendered":"Regenix"},"content":{"rendered":"<div class=\"w-full text-token-text-primary\" dir=\"auto\" data-testid=\"conversation-turn-3\">\n<div class=\"px-4 py-2 justify-center text-base md:gap-6 m-auto\">\n<div class=\"flex flex-1 text-base mx-auto gap-3 juice:gap-4 juice:md:gap-6 md:px-5 lg:px-1 xl:px-5 md:max-w-3xl lg:max-w-[40rem] xl:max-w-[48rem]\">\n<div class=\"relative flex w-full min-w-0 flex-col agent-turn\">\n<div class=\"flex-col gap-1 md:gap-3\">\n<div class=\"flex flex-grow flex-col max-w-full\">\n<div class=\"min-h-[20px] text-message flex flex-col items-start gap-3 whitespace-pre-wrap break-words [.text-message+&amp;]:mt-5 overflow-x-auto\" dir=\"auto\" data-message-author-role=\"assistant\" data-message-id=\"150aca90-df0c-4aa4-a498-bc62acea2c0e\">\n<div class=\"markdown prose w-full break-words dark:prose-invert light\">\n<p>Regenix to produkt stworzony z my\u015bl\u0105 o osobach dbaj\u0105cych o zdrowie i wygl\u0105d swojej sk\u00f3ry. Jego zastosowanie jest zalecane szczeg\u00f3lnie w przypadku:<\/p>\n<ol>\n<li><strong>Zm\u0119czonej i szarej sk\u00f3ry:<\/strong> Codzienne nara\u017cenie na stres, zanieczyszczenia \u015brodowiska oraz niezdrowy tryb \u017cycia mog\u0105 prowadzi\u0107 do utraty blasku sk\u00f3ry. Regenix pomaga przywr\u00f3ci\u0107 jej naturalne pi\u0119kno i \u015bwie\u017co\u015b\u0107.<\/li>\n<li><strong>Widocznych oznak starzenia:<\/strong> Sk\u00f3ra poddawana jest procesom starzenia, kt\u00f3re mog\u0105 skutkowa\u0107 pojawieniem si\u0119 zmarszczek, utrat\u0105 j\u0119drno\u015bci oraz elastyczno\u015bci. Dzi\u0119ki dzia\u0142aniu sk\u0142adnik\u00f3w aktywnych Regenix, mo\u017cliwe jest op\u00f3\u017anienie tych niepo\u017c\u0105danych proces\u00f3w.<\/li>\n<li><strong>Przem\u0119czonej i podra\u017cnionej sk\u00f3ry:<\/strong> Wsp\u00f3\u0142czesny tryb \u017cycia cz\u0119sto wi\u0105\u017ce si\u0119 z brakiem snu, niezdrow\u0105 diet\u0105 oraz stresem, co negatywnie wp\u0142ywa na kondycj\u0119 sk\u00f3ry, prowadz\u0105c do jej podra\u017cnie\u0144 i zaczerwienie\u0144. Regenix \u0142agodzi te dolegliwo\u015bci, przywracaj\u0105c sk\u00f3rze jej naturaln\u0105 r\u00f3wnowag\u0119 i komfort.<\/li>\n<\/ol>\n<h2>Sk\u0142ad i dzia\u0142anie sk\u0142adnik\u00f3w Regenix<\/h2>\n<p>Regenix to produkt, kt\u00f3rego skuteczno\u015b\u0107 opiera si\u0119 na zaawansowanych badaniach nad potrzebami sk\u00f3ry oraz wykorzystaniu naturalnych sk\u0142adnik\u00f3w o udowodnionym dzia\u0142aniu. G\u0142\u00f3wne sk\u0142adniki aktywne to:<\/p>\n<ol>\n<li><strong>Witamina C:<\/strong> Jest to silny antyoksydant, kt\u00f3ry chroni sk\u00f3r\u0119 przed szkodliwym dzia\u0142aniem wolnych rodnik\u00f3w, zapobiegaj\u0105c przedwczesnemu starzeniu si\u0119 sk\u00f3ry. Dodatkowo, witamina C stymuluje produkcj\u0119 kolagenu, co sprawia, \u017ce sk\u00f3ra staje si\u0119 bardziej j\u0119drna i elastyczna.<\/li>\n<li><strong>Cynk:<\/strong> Posiada w\u0142a\u015bciwo\u015bci przeciwzapalne i antybakteryjne, dzi\u0119ki czemu skutecznie redukuje wypryski oraz zaczerwienienia sk\u00f3ry. Cynk wspomaga tak\u017ce proces gojenia si\u0119 sk\u00f3ry, przyspieszaj\u0105c regeneracj\u0119 kom\u00f3rek.<\/li>\n<li><strong>Inne sk\u0142adniki ro\u015blinne:<\/strong> Opr\u00f3cz witaminy C i cynku, Regenix zawiera tak\u017ce ekstrakty ro\u015blinne, takie jak aloes czy ekstrakt z zielonej herbaty, kt\u00f3re nawil\u017caj\u0105, \u0142agodz\u0105 podra\u017cnienia oraz wzmacniaj\u0105 barier\u0119 ochronn\u0105 sk\u00f3ry.<\/li>\n<\/ol>\n<p style=\"text-align: center;\"><a href=\"https:\/\/tl-track.com\/tracker\/ukUa\"><button>www.regenix.pl<\/button><\/a><\/p>\n<h2>Efekty Regenix i ich charakterystyka<\/h2>\n<p>Regularne stosowanie Regenix przynosi szereg korzy\u015bci dla sk\u00f3ry, w\u015br\u00f3d kt\u00f3rych mo\u017cna wymieni\u0107:<\/p>\n<ol>\n<li><strong>Poprawa wygl\u0105du sk\u00f3ry:<\/strong> Sk\u00f3ra staje si\u0119 bardziej promienna, j\u0119drna i elastyczna, co sprawia, \u017ce wygl\u0105da m\u0142odziej i zdrowiej.<\/li>\n<li><strong>Redukcja zmarszczek:<\/strong> Dzi\u0119ki dzia\u0142aniu antyoksydacyjnemu witaminy C oraz w\u0142a\u015bciwo\u015bciom regeneruj\u0105cym cynku, Regenix pomaga w redukcji istniej\u0105cych zmarszczek oraz zapobiega powstawaniu nowych.<\/li>\n<li><strong>Zmniejszenie podra\u017cnie\u0144:<\/strong> Dzi\u0119ki zawarto\u015bci ekstrakt\u00f3w ro\u015blinnych, Regenix \u0142agodzi podra\u017cnienia sk\u00f3ry, przynosz\u0105c ulg\u0119 nawet w przypadku najbardziej wra\u017cliwej cery.<\/li>\n<\/ol>\n<h2>Ryzyko skutk\u00f3w ubocznych<\/h2>\n<p>Jednym z najwi\u0119kszych atut\u00f3w Regenix jest jego naturalny sk\u0142ad, wolny od sztucznych substancji chemicznych, kt\u00f3re mog\u0105 powodowa\u0107 niepo\u017c\u0105dane skutki uboczne. Dzi\u0119ki temu ryzyko wyst\u0105pienia dzia\u0142a\u0144 niepo\u017c\u0105danych jest minimalne, co czyni ten produkt bezpiecznym w u\u017cytkowaniu dla os\u00f3b o r\u00f3\u017cnych rodzajach sk\u00f3ry, r\u00f3wnie\u017c tej wra\u017cliwej i podatnej na alergie.<\/p>\n<p>Regenix to innowacyjny produkt, kt\u00f3ry dzi\u0119ki swojemu naturalnemu sk\u0142adowi i skuteczno\u015bci jest godnym polecenia wyborem dla wszystkich os\u00f3b, kt\u00f3re pragn\u0105 zadba\u0107 o zdrowie i wygl\u0105d swojej sk\u00f3ry w spos\u00f3b bezpieczny i efektywny.<\/p>\n<\/div>\n<\/div>\n<\/div>\n<\/div>\n<\/div>\n<\/div>\n<\/div>\n<\/div>\n<div class=\"w-full text-token-text-primary\" dir=\"auto\" data-testid=\"conversation-turn-5\">\n<div class=\"px-4 py-2 justify-center text-base md:gap-6 m-auto\">\n<div class=\"flex flex-1 text-base mx-auto gap-3 juice:gap-4 juice:md:gap-6 md:px-5 lg:px-1 xl:px-5 md:max-w-3xl lg:max-w-[40rem] xl:max-w-[48rem]\">\n<div class=\"relative flex w-full min-w-0 flex-col agent-turn\">\n<div class=\"flex-col gap-1 md:gap-3\">\n<div class=\"flex flex-grow flex-col max-w-full\">\n<div class=\"min-h-[20px] text-message flex flex-col items-start gap-3 whitespace-pre-wrap break-words [.text-message+&amp;]:mt-5 overflow-x-auto\" dir=\"auto\" data-message-author-role=\"assistant\" data-message-id=\"01a15306-256d-4ca2-9cae-1af47276edb5\">\n<div class=\"markdown prose w-full break-words dark:prose-invert light\">\n<h2>Opinie klient\u00f3w o Regenix: fora po\u015bwi\u0119cone zdrowiu<\/h2>\n<p>W Polsce fora internetowe po\u015bwi\u0119cone zdrowiu i urodzie ciesz\u0105 si\u0119 ogromn\u0105 popularno\u015bci\u0105. Dzi\u0119ki nim u\u017cytkownicy mog\u0105 dzieli\u0107 si\u0119 swoimi do\u015bwiadczeniami, radami oraz opiniami na temat r\u00f3\u017cnych produkt\u00f3w i metod piel\u0119gnacji. W ostatnim czasie coraz wi\u0119cej w\u0105tk\u00f3w po\u015bwi\u0119conych Regenixowi przyci\u0105ga uwag\u0119 internaut\u00f3w.<\/p>\n<p>Regenix zyskuje uznanie w\u015br\u00f3d klient\u00f3w g\u0142\u00f3wnie ze wzgl\u0119du na swoje naturalne sk\u0142adniki i skuteczno\u015b\u0107. Wi\u0119kszo\u015b\u0107 u\u017cytkownik\u00f3w opisuje pozytywne efekty stosowania preparatu, takie jak poprawa kondycji sk\u00f3ry, redukcja zmarszczek oraz \u0142agodzenie podra\u017cnie\u0144. Ponadto, wielu z nich podkre\u015bla r\u00f3wnie\u017c \u0142atwo\u015b\u0107 dost\u0119pu do produktu oraz jego atrakcyjn\u0105 cen\u0119.<\/p>\n<ol>\n<li><strong>Anna<\/strong>: &#8222;Od kiedy zacz\u0119\u0142am u\u017cywa\u0107 Regenix, moja sk\u00f3ra sta\u0142a si\u0119 znacznie bardziej promienna i g\u0142adka. Jestem zachwycona rezultatami i polecam ten produkt wszystkim, kt\u00f3rzy pragn\u0105 zadba\u0107 o zdrowie swojej sk\u00f3ry w naturalny spos\u00f3b.&#8221;<\/li>\n<li><strong>Micha\u0142<\/strong>: &#8222;Jako m\u0119\u017cczyzna cz\u0119sto zaniedbywa\u0142em piel\u0119gnacj\u0119 sk\u00f3ry, ale Regenix sprawi\u0142, \u017ce zmieni\u0142em zdanie. Teraz moja sk\u00f3ra wygl\u0105da znacznie lepiej, a ja czuj\u0119 si\u0119 o wiele pewniej. Polecam!&#8221;<\/li>\n<\/ol>\n<h2>Spos\u00f3b podawania i dawkowanie<\/h2>\n<p>Regenix wyst\u0119puje w formie poro\u017cystego proszku, kt\u00f3ry mo\u017cna \u0142atwo rozpu\u015bci\u0107 w wodzie lub soku. Zalecana dawka to jedna porcja dziennie, najlepiej spo\u017cywana rano przed posi\u0142kiem. Produkt mo\u017cna r\u00f3wnie\u017c stosowa\u0107 jako dodatek do koktajli lub innych napoj\u00f3w.<\/p>\n<h2>Kup teraz Regenix z dostaw\u0105<\/h2>\n<p>Zam\u00f3wienie Regenix jest niezwykle proste i wygodne. Produkt dost\u0119pny jest do zakupu online na oficjalnej stronie producenta, gdzie mo\u017cna z\u0142o\u017cy\u0107 zam\u00f3wienie w kilku prostych krokach. Co wi\u0119cej, nie ma konieczno\u015bci p\u0142acenia za produkt z g\u00f3ry \u2013 p\u0142atno\u015b\u0107 dokonuje si\u0119 dopiero przy odbiorze przesy\u0142ki, co daje pewno\u015b\u0107, \u017ce otrzymuje si\u0119 oryginalny produkt bez ryzyka. Dostawa trwa zazwyczaj od 3 do 4 dni roboczych, co oznacza, \u017ce klient szybko b\u0119dzie m\u00f3g\u0142 cieszy\u0107 si\u0119 korzy\u015bciami stosowania Regenix.<\/p>\n<p>Dodatkowo, po z\u0142o\u017ceniu zam\u00f3wienia, klient otrzymuje potwierdzenie telefoniczne od specjalisty, kt\u00f3ry s\u0142u\u017cy pomoc\u0105 i mo\u017ce udzieli\u0107 dodatkowych informacji na temat produktu oraz dost\u0119pnych promocji.<\/p>\n<p style=\"text-align: center;\"><a href=\"https:\/\/tl-track.com\/tracker\/ukUa\"><button>Zakup na stronie producenta (-50%)<\/button><\/a><\/p>\n<h2>Por\u00f3wnanie ofert: ceny i dost\u0119pno\u015b\u0107 Regenix<\/h2>\n<p>Producenci Regenix stawiaj\u0105 na bezpo\u015bredni kontakt z klientem i eliminacj\u0119 po\u015brednik\u00f3w, co pozwala na utrzymanie atrakcyjnej ceny produktu. Dzi\u0119ki temu, Regenix dost\u0119pny jest bezpo\u015brednio na stronie producenta, a klient mo\u017ce mie\u0107 pewno\u015b\u0107 co do jako\u015bci oraz oryginalno\u015bci zakupionego produktu.<\/p>\n<p>Dodatkowo, producent regularnie oferuje promocje i rabaty, kt\u00f3re warto \u015bledzi\u0107 na oficjalnej stronie internetowej, aby skorzysta\u0107 z atrakcyjnych ofert. Warto zaznaczy\u0107, \u017ce Regenix nie jest dost\u0119pny w stacjonarnych aptekach, co sprawia, \u017ce zakup online jest jedyn\u0105 pewn\u0105 metod\u0105 nabycia tego wyj\u0105tkowego produktu.<\/p>\n<\/div>\n<\/div>\n<\/div>\n<\/div>\n<\/div>\n<\/div>\n<\/div>\n<\/div>\n","protected":false},"excerpt":{"rendered":"<p style=\"text-align: center;\"><a href=\"https:\/\/tl-track.com\/tracker\/ukUa\"><button>Kup teraz<\/button><\/a><\/p>\n<p>SKU:\u00a0<span class=\"sku\">789.455.344<\/span><\/p>\n<hr \/>\n<p><small>Produkt sprzedawany jest wy\u0142\u0105cznie za po\u015brednictwem oficjalnej strony producenta, id\u017a i kupuj bezpiecznie!<\/small><\/p>\n","protected":false},"featured_media":632,"comment_status":"open","ping_status":"closed","template":"","meta":[],"product_brand":[],"product_cat":[15],"product_tag":[],"class_list":{"0":"post-631","1":"product","2":"type-product","3":"status-publish","4":"has-post-thumbnail","6":"product_cat-supl","7":"thunk-woo-product-list","8":"opn-qv-enable","9":"top-store-woo-hover-","10":"top-store-single-product-tab-horizontal","11":"top-store-shadow-","12":"top-store-shadow-hover-","14":"first","15":"instock","16":"sale","17":"shipping-taxable","18":"purchasable","19":"product-type-simple"},"yoast_head":"<!-- This site is optimized with the Yoast SEO plugin v27.4 - https:\/\/yoast.com\/product\/yoast-seo-wordpress\/ -->\n<title>Regenix - kup suplement, cena w aptece, sk\u0142ad, dzia\u0142anie<\/title>\n<meta name=\"robots\" content=\"index, follow, max-snippet:-1, max-image-preview:large, max-video-preview:-1\" \/>\n<link rel=\"canonical\" href=\"https:\/\/lekarzeopole.pl\/wordpress\/product\/regenix\/\" \/>\n<meta property=\"og:locale\" content=\"pl_PL\" \/>\n<meta property=\"og:type\" content=\"article\" \/>\n<meta property=\"og:title\" content=\"Regenix - kup suplement, cena w aptece, sk\u0142ad, dzia\u0142anie\" \/>\n<meta property=\"og:description\" content=\"Kup teraz SKU:\u00a0789.455.344    Produkt sprzedawany jest wy\u0142\u0105cznie za po\u015brednictwem oficjalnej strony producenta, id\u017a i kupuj bezpiecznie!\" \/>\n<meta property=\"og:url\" content=\"https:\/\/lekarzeopole.pl\/wordpress\/product\/regenix\/\" \/>\n<meta property=\"og:site_name\" content=\"Lekarze Opole\" \/>\n<meta property=\"article:modified_time\" content=\"2024-06-08T10:54:47+00:00\" \/>\n<meta property=\"og:image\" content=\"https:\/\/lekarzeopole.pl\/wordpress\/wp-content\/uploads\/2024\/04\/regenix.jpg\" \/>\n\t<meta property=\"og:image:width\" content=\"400\" \/>\n\t<meta property=\"og:image:height\" content=\"400\" \/>\n\t<meta property=\"og:image:type\" content=\"image\/jpeg\" \/>\n<meta name=\"twitter:card\" content=\"summary_large_image\" \/>\n<meta name=\"twitter:label1\" content=\"Szacowany czas czytania\" \/>\n\t<meta name=\"twitter:data1\" content=\"5 minut\" \/>\n<script type=\"application\/ld+json\" class=\"yoast-schema-graph\">{\"@context\":\"https:\\\/\\\/schema.org\",\"@graph\":[{\"@type\":\"WebPage\",\"@id\":\"https:\\\/\\\/lekarzeopole.pl\\\/wordpress\\\/product\\\/regenix\\\/\",\"url\":\"https:\\\/\\\/lekarzeopole.pl\\\/wordpress\\\/product\\\/regenix\\\/\",\"name\":\"Regenix - kup suplement, cena w aptece, sk\u0142ad, dzia\u0142anie\",\"isPartOf\":{\"@id\":\"https:\\\/\\\/lekarzeopole.pl\\\/wordpress\\\/#website\"},\"primaryImageOfPage\":{\"@id\":\"https:\\\/\\\/lekarzeopole.pl\\\/wordpress\\\/product\\\/regenix\\\/#primaryimage\"},\"image\":{\"@id\":\"https:\\\/\\\/lekarzeopole.pl\\\/wordpress\\\/product\\\/regenix\\\/#primaryimage\"},\"thumbnailUrl\":\"https:\\\/\\\/lekarzeopole.pl\\\/wordpress\\\/wp-content\\\/uploads\\\/2024\\\/04\\\/regenix.jpg\",\"datePublished\":\"2024-04-26T13:19:53+00:00\",\"dateModified\":\"2024-06-08T10:54:47+00:00\",\"breadcrumb\":{\"@id\":\"https:\\\/\\\/lekarzeopole.pl\\\/wordpress\\\/product\\\/regenix\\\/#breadcrumb\"},\"inLanguage\":\"pl-PL\",\"potentialAction\":[{\"@type\":\"ReadAction\",\"target\":[\"https:\\\/\\\/lekarzeopole.pl\\\/wordpress\\\/product\\\/regenix\\\/\"]}]},{\"@type\":\"ImageObject\",\"inLanguage\":\"pl-PL\",\"@id\":\"https:\\\/\\\/lekarzeopole.pl\\\/wordpress\\\/product\\\/regenix\\\/#primaryimage\",\"url\":\"https:\\\/\\\/lekarzeopole.pl\\\/wordpress\\\/wp-content\\\/uploads\\\/2024\\\/04\\\/regenix.jpg\",\"contentUrl\":\"https:\\\/\\\/lekarzeopole.pl\\\/wordpress\\\/wp-content\\\/uploads\\\/2024\\\/04\\\/regenix.jpg\",\"width\":400,\"height\":400,\"caption\":\"Regenix\"},{\"@type\":\"BreadcrumbList\",\"@id\":\"https:\\\/\\\/lekarzeopole.pl\\\/wordpress\\\/product\\\/regenix\\\/#breadcrumb\",\"itemListElement\":[{\"@type\":\"ListItem\",\"position\":1,\"name\":\"\u0413\u043b\u0430\u0432\u043d\u0430\u044f \u0441\u0442\u0440\u0430\u043d\u0438\u0446\u0430\",\"item\":\"https:\\\/\\\/lekarzeopole.pl\\\/wordpress\\\/\"},{\"@type\":\"ListItem\",\"position\":2,\"name\":\"Zakup\",\"item\":\"https:\\\/\\\/lekarzeopole.pl\\\/wordpress\\\/\"},{\"@type\":\"ListItem\",\"position\":3,\"name\":\"Regenix\"}]},{\"@type\":\"WebSite\",\"@id\":\"https:\\\/\\\/lekarzeopole.pl\\\/wordpress\\\/#website\",\"url\":\"https:\\\/\\\/lekarzeopole.pl\\\/wordpress\\\/\",\"name\":\"Lekarze Opole\",\"description\":\"\",\"potentialAction\":[{\"@type\":\"SearchAction\",\"target\":{\"@type\":\"EntryPoint\",\"urlTemplate\":\"https:\\\/\\\/lekarzeopole.pl\\\/wordpress\\\/?s={search_term_string}\"},\"query-input\":{\"@type\":\"PropertyValueSpecification\",\"valueRequired\":true,\"valueName\":\"search_term_string\"}}],\"inLanguage\":\"pl-PL\"}]}<\/script>\n<!-- \/ Yoast SEO plugin. -->","yoast_head_json":{"title":"Regenix - kup suplement, cena w aptece, sk\u0142ad, dzia\u0142anie","robots":{"index":"index","follow":"follow","max-snippet":"max-snippet:-1","max-image-preview":"max-image-preview:large","max-video-preview":"max-video-preview:-1"},"canonical":"https:\/\/lekarzeopole.pl\/wordpress\/product\/regenix\/","og_locale":"pl_PL","og_type":"article","og_title":"Regenix - kup suplement, cena w aptece, sk\u0142ad, dzia\u0142anie","og_description":"Kup teraz SKU:\u00a0789.455.344    Produkt sprzedawany jest wy\u0142\u0105cznie za po\u015brednictwem oficjalnej strony producenta, id\u017a i kupuj bezpiecznie!","og_url":"https:\/\/lekarzeopole.pl\/wordpress\/product\/regenix\/","og_site_name":"Lekarze Opole","article_modified_time":"2024-06-08T10:54:47+00:00","og_image":[{"width":400,"height":400,"url":"https:\/\/lekarzeopole.pl\/wordpress\/wp-content\/uploads\/2024\/04\/regenix.jpg","type":"image\/jpeg"}],"twitter_card":"summary_large_image","twitter_misc":{"Szacowany czas czytania":"5 minut"},"schema":{"@context":"https:\/\/schema.org","@graph":[{"@type":"WebPage","@id":"https:\/\/lekarzeopole.pl\/wordpress\/product\/regenix\/","url":"https:\/\/lekarzeopole.pl\/wordpress\/product\/regenix\/","name":"Regenix - kup suplement, cena w aptece, sk\u0142ad, dzia\u0142anie","isPartOf":{"@id":"https:\/\/lekarzeopole.pl\/wordpress\/#website"},"primaryImageOfPage":{"@id":"https:\/\/lekarzeopole.pl\/wordpress\/product\/regenix\/#primaryimage"},"image":{"@id":"https:\/\/lekarzeopole.pl\/wordpress\/product\/regenix\/#primaryimage"},"thumbnailUrl":"https:\/\/lekarzeopole.pl\/wordpress\/wp-content\/uploads\/2024\/04\/regenix.jpg","datePublished":"2024-04-26T13:19:53+00:00","dateModified":"2024-06-08T10:54:47+00:00","breadcrumb":{"@id":"https:\/\/lekarzeopole.pl\/wordpress\/product\/regenix\/#breadcrumb"},"inLanguage":"pl-PL","potentialAction":[{"@type":"ReadAction","target":["https:\/\/lekarzeopole.pl\/wordpress\/product\/regenix\/"]}]},{"@type":"ImageObject","inLanguage":"pl-PL","@id":"https:\/\/lekarzeopole.pl\/wordpress\/product\/regenix\/#primaryimage","url":"https:\/\/lekarzeopole.pl\/wordpress\/wp-content\/uploads\/2024\/04\/regenix.jpg","contentUrl":"https:\/\/lekarzeopole.pl\/wordpress\/wp-content\/uploads\/2024\/04\/regenix.jpg","width":400,"height":400,"caption":"Regenix"},{"@type":"BreadcrumbList","@id":"https:\/\/lekarzeopole.pl\/wordpress\/product\/regenix\/#breadcrumb","itemListElement":[{"@type":"ListItem","position":1,"name":"\u0413\u043b\u0430\u0432\u043d\u0430\u044f \u0441\u0442\u0440\u0430\u043d\u0438\u0446\u0430","item":"https:\/\/lekarzeopole.pl\/wordpress\/"},{"@type":"ListItem","position":2,"name":"Zakup","item":"https:\/\/lekarzeopole.pl\/wordpress\/"},{"@type":"ListItem","position":3,"name":"Regenix"}]},{"@type":"WebSite","@id":"https:\/\/lekarzeopole.pl\/wordpress\/#website","url":"https:\/\/lekarzeopole.pl\/wordpress\/","name":"Lekarze Opole","description":"","potentialAction":[{"@type":"SearchAction","target":{"@type":"EntryPoint","urlTemplate":"https:\/\/lekarzeopole.pl\/wordpress\/?s={search_term_string}"},"query-input":{"@type":"PropertyValueSpecification","valueRequired":true,"valueName":"search_term_string"}}],"inLanguage":"pl-PL"}]}},"_links":{"self":[{"href":"https:\/\/lekarzeopole.pl\/wordpress\/wp-json\/wp\/v2\/product\/631","targetHints":{"allow":["GET"]}}],"collection":[{"href":"https:\/\/lekarzeopole.pl\/wordpress\/wp-json\/wp\/v2\/product"}],"about":[{"href":"https:\/\/lekarzeopole.pl\/wordpress\/wp-json\/wp\/v2\/types\/product"}],"replies":[{"embeddable":true,"href":"https:\/\/lekarzeopole.pl\/wordpress\/wp-json\/wp\/v2\/comments?post=631"}],"wp:featuredmedia":[{"embeddable":true,"href":"https:\/\/lekarzeopole.pl\/wordpress\/wp-json\/wp\/v2\/media\/632"}],"wp:attachment":[{"href":"https:\/\/lekarzeopole.pl\/wordpress\/wp-json\/wp\/v2\/media?parent=631"}],"wp:term":[{"taxonomy":"product_brand","embeddable":true,"href":"https:\/\/lekarzeopole.pl\/wordpress\/wp-json\/wp\/v2\/product_brand?post=631"},{"taxonomy":"product_cat","embeddable":true,"href":"https:\/\/lekarzeopole.pl\/wordpress\/wp-json\/wp\/v2\/product_cat?post=631"},{"taxonomy":"product_tag","embeddable":true,"href":"https:\/\/lekarzeopole.pl\/wordpress\/wp-json\/wp\/v2\/product_tag?post=631"}],"curies":[{"name":"wp","href":"https:\/\/api.w.org\/{rel}","templated":true}]}}