{"id":627,"date":"2024-04-26T13:09:02","date_gmt":"2024-04-26T13:09:02","guid":{"rendered":"https:\/\/lekarzeopole.pl\/wordpress\/?post_type=product&#038;p=627"},"modified":"2026-03-03T16:33:17","modified_gmt":"2026-03-03T16:33:17","slug":"indiva-system","status":"publish","type":"product","link":"https:\/\/lekarzeopole.pl\/wordpress\/product\/indiva-system\/","title":{"rendered":"InDiva System"},"content":{"rendered":"<div class=\"w-full text-token-text-primary\" dir=\"auto\" data-testid=\"conversation-turn-3\">\n<div class=\"px-4 py-2 justify-center text-base md:gap-6 m-auto\">\n<div class=\"flex flex-1 text-base mx-auto gap-3 juice:gap-4 juice:md:gap-6 md:px-5 lg:px-1 xl:px-5 md:max-w-3xl lg:max-w-[40rem] xl:max-w-[48rem]\">\n<div class=\"relative flex w-full min-w-0 flex-col agent-turn\">\n<div class=\"flex-col gap-1 md:gap-3\">\n<div class=\"flex flex-grow flex-col max-w-full\">\n<div class=\"min-h-[20px] text-message flex flex-col items-start gap-3 whitespace-pre-wrap break-words [.text-message+&amp;]:mt-5 overflow-x-auto\" dir=\"auto\" data-message-author-role=\"assistant\" data-message-id=\"f4870430-b5de-4d65-9f1e-bd0a6f4cd4c9\">\n<div class=\"markdown prose w-full break-words dark:prose-invert light\">\n<p>W dzisiejszych czasach, gdy troska o zdrowie i dobre samopoczucie staje si\u0119 coraz bardziej istotna, poszukiwanie skutecznych i bezpiecznych metod redukcji wagi staje si\u0119 priorytetem dla wielu os\u00f3b. W odpowiedzi na te potrzeby InDiva System &#8211; innowacyjne kapsu\u0142ki odchudzaj\u0105ce oparte na naturalnych sk\u0142adnikach, kt\u00f3re zapewniaj\u0105 nie tylko skuteczne wsparcie w procesie odchudzania, ale tak\u017ce promuj\u0105 og\u00f3lne zdrowie organizmu.<\/p>\n<h2>Wskazania do stosowania InDiva System<\/h2>\n<p>InDiva System zosta\u0142 stworzony z my\u015bl\u0105 o wszystkich tych, kt\u00f3rzy pragn\u0105 osi\u0105gn\u0105\u0107 swoje cele odchudzania w spos\u00f3b bezpieczny i skuteczny. Kapsu\u0142ki te mog\u0105 by\u0107 szczeg\u00f3lnie korzystne dla os\u00f3b:<\/p>\n<ul>\n<li>Zmagaj\u0105cych si\u0119 z nadmiern\u0105 ilo\u015bci\u0105 trzewnego t\u0142uszczu, kt\u00f3ry jest trudny do usuni\u0119cia za pomoc\u0105 tradycyjnych metod.<\/li>\n<li>Poszukuj\u0105cych naturalnego sposobu na stabilizacj\u0119 metabolizmu lipid\u00f3w i popraw\u0119 funkcji trzustki.<\/li>\n<li>Chc\u0105cych zmniejszy\u0107 widoczno\u015b\u0107 cellulitu i poprawi\u0107 og\u00f3ln\u0105 sylwetk\u0119.<\/li>\n<li>Odczuwaj\u0105cych problemy z obrz\u0119kami, kt\u00f3re mog\u0105 by\u0107 zwi\u0105zane z nadmiern\u0105 ilo\u015bci\u0105 t\u0142uszczu w organizmie.<\/li>\n<\/ul>\n<h2>Sk\u0142ad i dzia\u0142anie sk\u0142adnik\u00f3w InDiva System<\/h2>\n<ul>\n<li><strong>Ekstrakt z li\u015bci \u017ce\u0144-szenia:<\/strong> Ten pot\u0119\u017cny sk\u0142adnik nie tylko zwalcza &#8222;uparty&#8221; t\u0142uszcz, ale tak\u017ce zwi\u0119ksza wykorzystanie kalorii przez organizm, co sprzyja efektywniejszemu spalaniu tkanki t\u0142uszczowej. Dodatkowo, poprawia on zdolno\u015b\u0107 organizmu do pracy i wytrzyma\u0142o\u015b\u0107, co mo\u017ce by\u0107 szczeg\u00f3lnie korzystne podczas intensywnych trening\u00f3w.<\/li>\n<li><strong>Spirulina w proszku:<\/strong> Znana ze swoich w\u0142a\u015bciwo\u015bci oczyszczaj\u0105cych, spirulina pomaga stabilizowa\u0107 metabolizm lipid\u00f3w oraz oczyszcza naczynia krwiono\u015bne, eliminuj\u0105c &#8222;z\u0142y&#8221; cholesterol. Jej regularne spo\u017cywanie mo\u017ce prowadzi\u0107 do poprawy sylwetki oraz zmniejszenia widoczno\u015bci cellulitu, co sprawia, \u017ce jest idealnym dodatkiem do kapsu\u0142ek odchudzaj\u0105cych.<\/li>\n<li><strong>Ekstrakt z morszczynu:<\/strong> Dzia\u0142a wzmacniaj\u0105co na metabolizm t\u0142uszcz\u00f3w, co przyczynia si\u0119 do zapobiegania gromadzeniu si\u0119 nadmiaru tkanki t\u0142uszczowej w organizmie. Ponadto, poprawia funkcjonowanie trzustki, co mo\u017ce by\u0107 istotne dla os\u00f3b zmagaj\u0105cych si\u0119 z problemami metabolicznymi.<\/li>\n<li><strong>Ekstrakt z pomara\u0144czy gorzkiej:<\/strong> Szybko topi t\u0142uszcz trzewny, co sprawia, \u017ce jest niezast\u0105piony dla os\u00f3b pragn\u0105cych szybkich rezultat\u00f3w w procesie odchudzania. Ponadto, eliminuje obrz\u0119ki oraz zapobiega ot\u0142uszczeniu narz\u0105d\u00f3w wewn\u0119trznych, co przyczynia si\u0119 do og\u00f3lnego poprawy stanu zdrowia organizmu.<\/li>\n<\/ul>\n<p style=\"text-align: center;\"><a href=\"https:\/\/kshop5.pro\/KA67JL\/\"><button>www.indiva-system.pl<\/button><\/a><\/p>\n<h2>Efekty InDiva System i ich charakterystyka<\/h2>\n<p>Dzi\u0119ki zr\u00f3wnowa\u017conemu i starannie dobranemu sk\u0142adowi, InDiva System oferuje szereg korzy\u015bci dla os\u00f3b pragn\u0105cych schudn\u0105\u0107:<\/p>\n<ul>\n<li>Skuteczne spalanie tkanki t\u0142uszczowej, zw\u0142aszcza trzewnej, co prowadzi do redukcji obwodu talii i poprawy sylwetki.<\/li>\n<li>Stabilizacja metabolizmu lipid\u00f3w, co przyczynia si\u0119 do utrzymania zdrowego poziomu cholesterolu.<\/li>\n<li>Oczyszczenie organizmu z toksyn, co sprzyja og\u00f3lnemu zdrowiu i samopoczuciu.<\/li>\n<li>Zwi\u0119kszenie energii i wytrzyma\u0142o\u015bci, co umo\u017cliwia wydajniejsze treningi oraz aktywny tryb \u017cycia.<\/li>\n<\/ul>\n<h2>Ryzyko skutk\u00f3w ubocznych<\/h2>\n<p>Jedn\u0105 z najwi\u0119kszych zalet InDiva System jest jego ca\u0142kowicie naturalny sk\u0142ad, oparty na sprawdzonych i bezpiecznych sk\u0142adnikach ro\u015blinnych. Dzi\u0119ki temu ryzyko wyst\u0105pienia skutk\u00f3w ubocznych jest minimalne, co czyni te kapsu\u0142ki bezpiecznym wyborem dla ka\u017cdego, kto pragnie bezpiecznie schudn\u0105\u0107 i poprawi\u0107 swoje zdrowie.<\/p>\n<p>Warto podkre\u015bli\u0107, \u017ce InDiva System nie jest jedynie kolejnym \u015brodkiem odchudzaj\u0105cym, ale kompleksowym wsparciem dla procesu redukcji wagi, opartym na pot\u0119\u017cnych w\u0142a\u015bciwo\u015bciach naturalnych sk\u0142adnik\u00f3w. Dzi\u0119ki niemu ka\u017cdy mo\u017ce osi\u0105gn\u0105\u0107 swoje cele odchudzania w spos\u00f3b bezpieczny, skuteczny i trwa\u0142y.<\/p>\n<\/div>\n<\/div>\n<\/div>\n<\/div>\n<\/div>\n<\/div>\n<\/div>\n<\/div>\n<div class=\"w-full text-token-text-primary\" dir=\"auto\" data-testid=\"conversation-turn-5\">\n<div class=\"px-4 py-2 justify-center text-base md:gap-6 m-auto\">\n<div class=\"flex flex-1 text-base mx-auto gap-3 juice:gap-4 juice:md:gap-6 md:px-5 lg:px-1 xl:px-5 md:max-w-3xl lg:max-w-[40rem] xl:max-w-[48rem]\">\n<div class=\"relative flex w-full min-w-0 flex-col agent-turn\">\n<div class=\"flex-col gap-1 md:gap-3\">\n<div class=\"flex flex-grow flex-col max-w-full\">\n<div class=\"min-h-[20px] text-message flex flex-col items-start gap-3 whitespace-pre-wrap break-words [.text-message+&amp;]:mt-5 overflow-x-auto\" dir=\"auto\" data-message-author-role=\"assistant\" data-message-id=\"a3ff93c4-dfad-4c15-87ac-072c6356c93f\">\n<div class=\"markdown prose w-full break-words dark:prose-invert light\">\n<h2>Opinie klient\u00f3w o InDiva System: fora po\u015bwi\u0119cone zdrowiu<\/h2>\n<p>W Polsce fora internetowe po\u015bwi\u0119cone zdrowiu ciesz\u0105 si\u0119 ogromn\u0105 popularno\u015bci\u0105. S\u0105 to miejsca, gdzie ludzie dziel\u0105 si\u0119 swoimi do\u015bwiadczeniami z r\u00f3\u017cnymi suplementami, diety i innymi metodami poprawy zdrowia. W\u015br\u00f3d tych dyskusji InDiva System zyskuje coraz wi\u0119ksz\u0105 uwag\u0119 i pozytywne opinie.<\/p>\n<ul>\n<li><strong>Ania:<\/strong> &#8222;U\u017cywam InDiva System od trzech miesi\u0119cy i widz\u0119 naprawd\u0119 \u015bwietne rezultaty! Moja sylwetka si\u0119 poprawi\u0142a, a ja czuj\u0119 si\u0119 pe\u0142na energii. To naprawd\u0119 dzia\u0142a!&#8221;<\/li>\n<li><strong>Piotr:<\/strong> &#8222;Zawsze sceptycznie podchodzi\u0142em do tego typu suplement\u00f3w, ale po przeczytaniu opinii na forum postanowi\u0142em spr\u00f3bowa\u0107. Teraz \u017ca\u0142uj\u0119, \u017ce nie zrobi\u0142em tego wcze\u015bniej! InDiva System pom\u00f3g\u0142 mi schudn\u0105\u0107 i poczu\u0107 si\u0119 lepiej ni\u017c kiedykolwiek.&#8221;<\/li>\n<\/ul>\n<h2>Spos\u00f3b podawania i dawkowanie<\/h2>\n<p>Zalecane dawkowanie InDiva System to jedna kapsu\u0142ka dwa razy dziennie, najlepiej przed posi\u0142kiem. Kapsu\u0142ki nale\u017cy popi\u0107 du\u017c\u0105 ilo\u015bci\u0105 wody. Regularne stosowanie suplementu jest kluczowe dla osi\u0105gni\u0119cia optymalnych rezultat\u00f3w.<\/p>\n<h2>Kup teraz InDiva System z dostaw\u0105<\/h2>\n<p>Zam\u00f3wienie InDiva System jest niezwykle proste i wygodne. Mo\u017cesz naby\u0107 go online, bez konieczno\u015bci dokonywania p\u0142atno\u015bci z g\u00f3ry. P\u0142atno\u015b\u0107 odbywa si\u0119 dopiero przy odbiorze produktu, co zapewnia, \u017ce otrzymasz oryginalny produkt bez ryzyka oszustwa. Dostawa zajmuje zazwyczaj 3-4 dni robocze, dzi\u0119ki czemu szybko mo\u017cesz cieszy\u0107 si\u0119 korzy\u015bciami suplementu. Po z\u0142o\u017ceniu zam\u00f3wienia, specjalista skontaktuje si\u0119 z Tob\u0105 telefonicznie, aby potwierdzi\u0107 zam\u00f3wienie i udzieli\u0107 wszelkich potrzebnych informacji.<\/p>\n<p style=\"text-align: center;\"><a href=\"https:\/\/kshop5.pro\/KA67JL\/\"><button>Zakup na stronie producenta (-50%)<\/button><\/a><\/p>\n<h2>Por\u00f3wnanie ofert: ceny i dost\u0119pno\u015b\u0107 InDiva System<\/h2>\n<p>Producent stawia na dost\u0119pno\u015b\u0107 dla klient\u00f3w, dlatego InDiva System mo\u017cna naby\u0107 bezpo\u015brednio na oficjalnej stronie internetowej producenta, bez po\u015brednik\u00f3w i dodatkowych op\u0142at. Dodatkowo, warto regularnie sprawdza\u0107 dost\u0119pne rabaty i promocje, aby skorzysta\u0107 z atrakcyjnych ofert. Dzi\u0119ki temu, suplement jest dost\u0119pny dla ka\u017cdego, kto pragnie poprawi\u0107 swoje zdrowie i sylwetk\u0119, niezale\u017cnie od miejsca zamieszkania. Jednocze\u015bnie, z uwagi na polityk\u0119 producenta, InDiva System nie jest dost\u0119pny w stacjonarnych aptekach, co zapewnia klientom bezpo\u015bredni dost\u0119p do oryginalnego produktu po atrakcyjnej cenie.<\/p>\n<\/div>\n<\/div>\n<\/div>\n<\/div>\n<\/div>\n<\/div>\n<\/div>\n<\/div>\n","protected":false},"excerpt":{"rendered":"<p style=\"text-align: center;\"><a href=\"https:\/\/kshop5.pro\/KA67JL\/\"><button>Kup teraz<\/button><\/a><\/p>\n<p>SKU:\u00a0<span class=\"sku\">789.455.341<\/span><\/p>\n<hr \/>\n<p><small>Produkt sprzedawany jest wy\u0142\u0105cznie za po\u015brednictwem oficjalnej strony producenta, id\u017a i kupuj bezpiecznie!<\/small><\/p>\n","protected":false},"featured_media":628,"comment_status":"open","ping_status":"closed","template":"","meta":[],"product_brand":[],"product_cat":[15],"product_tag":[],"class_list":{"0":"post-627","1":"product","2":"type-product","3":"status-publish","4":"has-post-thumbnail","6":"product_cat-supl","7":"thunk-woo-product-list","8":"opn-qv-enable","9":"top-store-woo-hover-","10":"top-store-single-product-tab-horizontal","11":"top-store-shadow-","12":"top-store-shadow-hover-","14":"first","15":"instock","16":"sale","17":"shipping-taxable","18":"purchasable","19":"product-type-simple"},"yoast_head":"<!-- This site is optimized with the Yoast SEO plugin v27.4 - https:\/\/yoast.com\/product\/yoast-seo-wordpress\/ -->\n<title>InDiva System - kup suplement, cena w aptece, sk\u0142ad, dzia\u0142anie<\/title>\n<meta name=\"robots\" content=\"index, follow, max-snippet:-1, max-image-preview:large, max-video-preview:-1\" \/>\n<link rel=\"canonical\" href=\"https:\/\/lekarzeopole.pl\/wordpress\/product\/indiva-system\/\" \/>\n<meta property=\"og:locale\" content=\"pl_PL\" \/>\n<meta property=\"og:type\" content=\"article\" \/>\n<meta property=\"og:title\" content=\"InDiva System - kup suplement, cena w aptece, sk\u0142ad, dzia\u0142anie\" \/>\n<meta property=\"og:description\" content=\"Kup teraz SKU:\u00a0789.455.341    Produkt sprzedawany jest wy\u0142\u0105cznie za po\u015brednictwem oficjalnej strony producenta, id\u017a i kupuj bezpiecznie!\" \/>\n<meta property=\"og:url\" content=\"https:\/\/lekarzeopole.pl\/wordpress\/product\/indiva-system\/\" \/>\n<meta property=\"og:site_name\" content=\"Lekarze Opole\" \/>\n<meta property=\"article:modified_time\" content=\"2026-03-03T16:33:17+00:00\" \/>\n<meta property=\"og:image\" content=\"https:\/\/lekarzeopole.pl\/wordpress\/wp-content\/uploads\/2024\/04\/indiva-system.webp\" \/>\n\t<meta property=\"og:image:width\" content=\"1500\" \/>\n\t<meta property=\"og:image:height\" content=\"1500\" \/>\n\t<meta property=\"og:image:type\" content=\"image\/webp\" \/>\n<meta name=\"twitter:card\" content=\"summary_large_image\" \/>\n<meta name=\"twitter:label1\" content=\"Szacowany czas czytania\" \/>\n\t<meta name=\"twitter:data1\" content=\"5 minut\" \/>\n<script type=\"application\/ld+json\" class=\"yoast-schema-graph\">{\"@context\":\"https:\\\/\\\/schema.org\",\"@graph\":[{\"@type\":\"WebPage\",\"@id\":\"https:\\\/\\\/lekarzeopole.pl\\\/wordpress\\\/product\\\/indiva-system\\\/\",\"url\":\"https:\\\/\\\/lekarzeopole.pl\\\/wordpress\\\/product\\\/indiva-system\\\/\",\"name\":\"InDiva System - kup suplement, cena w aptece, sk\u0142ad, dzia\u0142anie\",\"isPartOf\":{\"@id\":\"https:\\\/\\\/lekarzeopole.pl\\\/wordpress\\\/#website\"},\"primaryImageOfPage\":{\"@id\":\"https:\\\/\\\/lekarzeopole.pl\\\/wordpress\\\/product\\\/indiva-system\\\/#primaryimage\"},\"image\":{\"@id\":\"https:\\\/\\\/lekarzeopole.pl\\\/wordpress\\\/product\\\/indiva-system\\\/#primaryimage\"},\"thumbnailUrl\":\"https:\\\/\\\/lekarzeopole.pl\\\/wordpress\\\/wp-content\\\/uploads\\\/2024\\\/04\\\/indiva-system.webp\",\"datePublished\":\"2024-04-26T13:09:02+00:00\",\"dateModified\":\"2026-03-03T16:33:17+00:00\",\"breadcrumb\":{\"@id\":\"https:\\\/\\\/lekarzeopole.pl\\\/wordpress\\\/product\\\/indiva-system\\\/#breadcrumb\"},\"inLanguage\":\"pl-PL\",\"potentialAction\":[{\"@type\":\"ReadAction\",\"target\":[\"https:\\\/\\\/lekarzeopole.pl\\\/wordpress\\\/product\\\/indiva-system\\\/\"]}]},{\"@type\":\"ImageObject\",\"inLanguage\":\"pl-PL\",\"@id\":\"https:\\\/\\\/lekarzeopole.pl\\\/wordpress\\\/product\\\/indiva-system\\\/#primaryimage\",\"url\":\"https:\\\/\\\/lekarzeopole.pl\\\/wordpress\\\/wp-content\\\/uploads\\\/2024\\\/04\\\/indiva-system.webp\",\"contentUrl\":\"https:\\\/\\\/lekarzeopole.pl\\\/wordpress\\\/wp-content\\\/uploads\\\/2024\\\/04\\\/indiva-system.webp\",\"width\":1500,\"height\":1500,\"caption\":\"InDiva System\"},{\"@type\":\"BreadcrumbList\",\"@id\":\"https:\\\/\\\/lekarzeopole.pl\\\/wordpress\\\/product\\\/indiva-system\\\/#breadcrumb\",\"itemListElement\":[{\"@type\":\"ListItem\",\"position\":1,\"name\":\"\u0413\u043b\u0430\u0432\u043d\u0430\u044f \u0441\u0442\u0440\u0430\u043d\u0438\u0446\u0430\",\"item\":\"https:\\\/\\\/lekarzeopole.pl\\\/wordpress\\\/\"},{\"@type\":\"ListItem\",\"position\":2,\"name\":\"Zakup\",\"item\":\"https:\\\/\\\/lekarzeopole.pl\\\/wordpress\\\/\"},{\"@type\":\"ListItem\",\"position\":3,\"name\":\"InDiva System\"}]},{\"@type\":\"WebSite\",\"@id\":\"https:\\\/\\\/lekarzeopole.pl\\\/wordpress\\\/#website\",\"url\":\"https:\\\/\\\/lekarzeopole.pl\\\/wordpress\\\/\",\"name\":\"Lekarze Opole\",\"description\":\"\",\"potentialAction\":[{\"@type\":\"SearchAction\",\"target\":{\"@type\":\"EntryPoint\",\"urlTemplate\":\"https:\\\/\\\/lekarzeopole.pl\\\/wordpress\\\/?s={search_term_string}\"},\"query-input\":{\"@type\":\"PropertyValueSpecification\",\"valueRequired\":true,\"valueName\":\"search_term_string\"}}],\"inLanguage\":\"pl-PL\"}]}<\/script>\n<!-- \/ Yoast SEO plugin. -->","yoast_head_json":{"title":"InDiva System - kup suplement, cena w aptece, sk\u0142ad, dzia\u0142anie","robots":{"index":"index","follow":"follow","max-snippet":"max-snippet:-1","max-image-preview":"max-image-preview:large","max-video-preview":"max-video-preview:-1"},"canonical":"https:\/\/lekarzeopole.pl\/wordpress\/product\/indiva-system\/","og_locale":"pl_PL","og_type":"article","og_title":"InDiva System - kup suplement, cena w aptece, sk\u0142ad, dzia\u0142anie","og_description":"Kup teraz SKU:\u00a0789.455.341    Produkt sprzedawany jest wy\u0142\u0105cznie za po\u015brednictwem oficjalnej strony producenta, id\u017a i kupuj bezpiecznie!","og_url":"https:\/\/lekarzeopole.pl\/wordpress\/product\/indiva-system\/","og_site_name":"Lekarze Opole","article_modified_time":"2026-03-03T16:33:17+00:00","og_image":[{"width":1500,"height":1500,"url":"https:\/\/lekarzeopole.pl\/wordpress\/wp-content\/uploads\/2024\/04\/indiva-system.webp","type":"image\/webp"}],"twitter_card":"summary_large_image","twitter_misc":{"Szacowany czas czytania":"5 minut"},"schema":{"@context":"https:\/\/schema.org","@graph":[{"@type":"WebPage","@id":"https:\/\/lekarzeopole.pl\/wordpress\/product\/indiva-system\/","url":"https:\/\/lekarzeopole.pl\/wordpress\/product\/indiva-system\/","name":"InDiva System - kup suplement, cena w aptece, sk\u0142ad, dzia\u0142anie","isPartOf":{"@id":"https:\/\/lekarzeopole.pl\/wordpress\/#website"},"primaryImageOfPage":{"@id":"https:\/\/lekarzeopole.pl\/wordpress\/product\/indiva-system\/#primaryimage"},"image":{"@id":"https:\/\/lekarzeopole.pl\/wordpress\/product\/indiva-system\/#primaryimage"},"thumbnailUrl":"https:\/\/lekarzeopole.pl\/wordpress\/wp-content\/uploads\/2024\/04\/indiva-system.webp","datePublished":"2024-04-26T13:09:02+00:00","dateModified":"2026-03-03T16:33:17+00:00","breadcrumb":{"@id":"https:\/\/lekarzeopole.pl\/wordpress\/product\/indiva-system\/#breadcrumb"},"inLanguage":"pl-PL","potentialAction":[{"@type":"ReadAction","target":["https:\/\/lekarzeopole.pl\/wordpress\/product\/indiva-system\/"]}]},{"@type":"ImageObject","inLanguage":"pl-PL","@id":"https:\/\/lekarzeopole.pl\/wordpress\/product\/indiva-system\/#primaryimage","url":"https:\/\/lekarzeopole.pl\/wordpress\/wp-content\/uploads\/2024\/04\/indiva-system.webp","contentUrl":"https:\/\/lekarzeopole.pl\/wordpress\/wp-content\/uploads\/2024\/04\/indiva-system.webp","width":1500,"height":1500,"caption":"InDiva System"},{"@type":"BreadcrumbList","@id":"https:\/\/lekarzeopole.pl\/wordpress\/product\/indiva-system\/#breadcrumb","itemListElement":[{"@type":"ListItem","position":1,"name":"\u0413\u043b\u0430\u0432\u043d\u0430\u044f \u0441\u0442\u0440\u0430\u043d\u0438\u0446\u0430","item":"https:\/\/lekarzeopole.pl\/wordpress\/"},{"@type":"ListItem","position":2,"name":"Zakup","item":"https:\/\/lekarzeopole.pl\/wordpress\/"},{"@type":"ListItem","position":3,"name":"InDiva System"}]},{"@type":"WebSite","@id":"https:\/\/lekarzeopole.pl\/wordpress\/#website","url":"https:\/\/lekarzeopole.pl\/wordpress\/","name":"Lekarze Opole","description":"","potentialAction":[{"@type":"SearchAction","target":{"@type":"EntryPoint","urlTemplate":"https:\/\/lekarzeopole.pl\/wordpress\/?s={search_term_string}"},"query-input":{"@type":"PropertyValueSpecification","valueRequired":true,"valueName":"search_term_string"}}],"inLanguage":"pl-PL"}]}},"_links":{"self":[{"href":"https:\/\/lekarzeopole.pl\/wordpress\/wp-json\/wp\/v2\/product\/627","targetHints":{"allow":["GET"]}}],"collection":[{"href":"https:\/\/lekarzeopole.pl\/wordpress\/wp-json\/wp\/v2\/product"}],"about":[{"href":"https:\/\/lekarzeopole.pl\/wordpress\/wp-json\/wp\/v2\/types\/product"}],"replies":[{"embeddable":true,"href":"https:\/\/lekarzeopole.pl\/wordpress\/wp-json\/wp\/v2\/comments?post=627"}],"wp:featuredmedia":[{"embeddable":true,"href":"https:\/\/lekarzeopole.pl\/wordpress\/wp-json\/wp\/v2\/media\/628"}],"wp:attachment":[{"href":"https:\/\/lekarzeopole.pl\/wordpress\/wp-json\/wp\/v2\/media?parent=627"}],"wp:term":[{"taxonomy":"product_brand","embeddable":true,"href":"https:\/\/lekarzeopole.pl\/wordpress\/wp-json\/wp\/v2\/product_brand?post=627"},{"taxonomy":"product_cat","embeddable":true,"href":"https:\/\/lekarzeopole.pl\/wordpress\/wp-json\/wp\/v2\/product_cat?post=627"},{"taxonomy":"product_tag","embeddable":true,"href":"https:\/\/lekarzeopole.pl\/wordpress\/wp-json\/wp\/v2\/product_tag?post=627"}],"curies":[{"name":"wp","href":"https:\/\/api.w.org\/{rel}","templated":true}]}}