{"id":624,"date":"2024-04-26T13:03:45","date_gmt":"2024-04-26T13:03:45","guid":{"rendered":"https:\/\/lekarzeopole.pl\/wordpress\/?post_type=product&#038;p=624"},"modified":"2024-10-23T22:17:13","modified_gmt":"2024-10-23T22:17:13","slug":"bionetic","status":"publish","type":"product","link":"https:\/\/lekarzeopole.pl\/wordpress\/product\/bionetic\/","title":{"rendered":"Bionetic"},"content":{"rendered":"<div class=\"w-full text-token-text-primary\" dir=\"auto\" data-testid=\"conversation-turn-3\">\n<div class=\"px-4 py-2 justify-center text-base md:gap-6 m-auto\">\n<div class=\"flex flex-1 text-base mx-auto gap-3 juice:gap-4 juice:md:gap-6 md:px-5 lg:px-1 xl:px-5 md:max-w-3xl lg:max-w-[40rem] xl:max-w-[48rem]\">\n<div class=\"relative flex w-full min-w-0 flex-col agent-turn\">\n<div class=\"flex-col gap-1 md:gap-3\">\n<div class=\"flex flex-grow flex-col max-w-full\">\n<div class=\"min-h-[20px] text-message flex flex-col items-start gap-3 whitespace-pre-wrap break-words [.text-message+&amp;]:mt-5 overflow-x-auto\" dir=\"auto\" data-message-author-role=\"assistant\" data-message-id=\"8ed2b013-d504-4692-b0eb-490c879b0bbd\">\n<div class=\"markdown prose w-full break-words dark:prose-invert light\">\n<p>W dzisiejszych czasach troska o w\u0142osy to nie tylko kwestia estetyki, ale tak\u017ce zdrowia i samopoczucia. Coraz wi\u0119cej os\u00f3b poszukuje skutecznych i bezpiecznych metod piel\u0119gnacji, kt\u00f3re nie tylko poprawi\u0105 kondycj\u0119 w\u0142os\u00f3w, ale tak\u017ce b\u0119d\u0105 chroni\u0107 je przed szkodliwymi czynnikami zewn\u0119trznymi. W odpowiedzi na te potrzeby powsta\u0142 Bionetic &#8211; innowacyjny spray naprawczy do w\u0142os\u00f3w, oparty na naturalnych sk\u0142adnikach, kt\u00f3re zapewniaj\u0105 kompleksow\u0105 piel\u0119gnacj\u0119 od nasady po same ko\u0144ce. W niniejszym artykule przyjrzymy si\u0119 bli\u017cej sk\u0142adowi i dzia\u0142aniu Bionetic oraz om\u00f3wimy jego efekty i charakterystyk\u0119, a tak\u017ce zbadamy minimalne ryzyko skutk\u00f3w ubocznych.<\/p>\n<h2>Wskazania do stosowania Bionetic<\/h2>\n<p>Bionetic jest przeznaczony dla wszystkich, kt\u00f3rzy pragn\u0105 poprawi\u0107 kondycj\u0119 swoich w\u0142os\u00f3w w spos\u00f3b naturalny i skuteczny. \u015awietnie sprawdzi si\u0119 zar\u00f3wno u os\u00f3b z problemem wypadania w\u0142os\u00f3w, jak i u tych, kt\u00f3re borykaj\u0105 si\u0119 z os\u0142abieniem struktury w\u0142osa, przesuszeniem czy \u0142amliwo\u015bci\u0105. Dzi\u0119ki swojemu kompleksowemu dzia\u0142aniu Bionetic mo\u017ce by\u0107 stosowany przez osoby o r\u00f3\u017cnych typach w\u0142os\u00f3w &#8211; zar\u00f3wno tych suchych, jak i t\u0142ustych, poniewa\u017c sk\u0142adniki aktywne r\u00f3wnowa\u017c\u0105 produkcj\u0119 sebum.<\/p>\n<h2>Sk\u0142ad i dzia\u0142anie sk\u0142adnik\u00f3w Bionetic<\/h2>\n<p>Bionetic zawiera trzy grupy aktywnych sk\u0142adnik\u00f3w, kt\u00f3re wsp\u00f3\u0142dzia\u0142aj\u0105, aby zapewni\u0107 kompleksow\u0105 piel\u0119gnacj\u0119 w\u0142os\u00f3w.<\/p>\n<h4>Fitokeratyna<\/h4>\n<p>Fitokeratyna to bia\u0142ka soi i pszenicy, bogate w keratyn\u0119 &#8211; substancj\u0119 niezb\u0119dn\u0105 dla zdrowia w\u0142os\u00f3w. Dzia\u0142a ona na kilku poziomach: pobudza wzrost w\u0142os\u00f3w, wzmacnia struktur\u0119 w\u0142osa, wype\u0142nia puste przestrzenie oraz chroni w\u0142osy przed czynnikami zewn\u0119trznymi, takimi jak promieniowanie UV czy zanieczyszczenia \u015brodowiska.<\/p>\n<h4>Witaminy + biostymulatory<\/h4>\n<p>W sk\u0142adzie Bionetic znajduj\u0105 si\u0119 r\u00f3wnie\u017c witaminy B-6, B-3 oraz ekstrakty ro\u015blinne, kt\u00f3re dzia\u0142aj\u0105 koj\u0105co na sk\u00f3r\u0119 g\u0142owy, reguluj\u0105c jej t\u0142usto\u015b\u0107. Dodatkowo, witaminy te uruchamiaj\u0105 metabolizm kom\u00f3rek sk\u00f3ry, wzmacniaj\u0105 w\u0142osy od wewn\u0105trz i nadaj\u0105 im zdrowy po\u0142ysk, jednocze\u015bnie chroni\u0105c je przed szkodliwym dzia\u0142aniem promieniowania s\u0142onecznego.<\/p>\n<h4>Aminokwasy<\/h4>\n<p>Trzeci\u0105 grup\u0119 sk\u0142adnik\u00f3w Bionetic stanowi\u0105 aminokwasy, takie jak arginina, ornityna i cytrulina. Ich dzia\u0142anie polega na rozszerzaniu naczy\u0144 krwiono\u015bnych, co z kolei poprawia kr\u0105\u017cenie krwi w sk\u00f3rze g\u0142owy i zapewnia lepsze od\u017cywienie mieszka w\u0142osowego. Dodatkowo, aminokwasy te maj\u0105 w\u0142a\u015bciwo\u015bci odbudowuj\u0105ce struktur\u0119 w\u0142osa, co przyczynia si\u0119 do poprawy jego kondycji i wygl\u0105du.<\/p>\n<p style=\"text-align: center;\"><a href=\"https:\/\/llzjngmm.sunnyprize.com\"><button>www.bionetic.pl<\/button><\/a><\/p>\n<h2>Efekty Bionetic i ich charakterystyka<\/h2>\n<p>Regularne stosowanie Bionetic przynosi szereg korzy\u015bci dla w\u0142os\u00f3w oraz sk\u00f3ry g\u0142owy. W\u0142osy staj\u0105 si\u0119 mocniejsze, bardziej odporne na uszkodzenia mechaniczne i dzia\u0142anie czynnik\u00f3w zewn\u0119trznych. Dodatkowo, dzi\u0119ki dzia\u0142aniu koj\u0105cemu sk\u0142adnik\u00f3w witaminowych, zmniejsza si\u0119 podra\u017cnienie sk\u00f3ry g\u0142owy, a w\u0142osy nabieraj\u0105 zdrowego blasku i elastyczno\u015bci.<\/p>\n<h2>Ryzyko skutk\u00f3w ubocznych<\/h2>\n<p>Jednym z g\u0142\u00f3wnych atut\u00f3w Bionetic jest jego naturalny sk\u0142ad, oparty na ekstraktach ro\u015blinnych i substancjach pochodzenia naturalnego. Dzi\u0119ki temu ryzyko wyst\u0105pienia skutk\u00f3w ubocznych jest minimalne, co sprawia, \u017ce preparat jest bezpieczny w u\u017cyciu nawet dla os\u00f3b o wra\u017cliwej sk\u00f3rze. W przypadku ewentualnych reakcji alergicznych zaleca si\u0119 przerwanie stosowania i skonsultowanie si\u0119 z lekarzem.<\/p>\n<p>Bionetic to innowacyjny spray naprawczy do w\u0142os\u00f3w, kt\u00f3ry dzi\u0119ki swojemu unikalnemu sk\u0142adowi zapewnia kompleksow\u0105 piel\u0119gnacj\u0119 w\u0142os\u00f3w i sk\u00f3ry g\u0142owy. Dzi\u0119ki zastosowaniu naturalnych sk\u0142adnik\u00f3w, preparat jest bezpieczny w u\u017cyciu i mo\u017ce by\u0107 stosowany przez osoby o r\u00f3\u017cnych typach w\u0142os\u00f3w. Regularne stosowanie Bionetic przynosi widoczne efekty w postaci zdrowszych, mocniejszych i bardziej l\u015bni\u0105cych w\u0142os\u00f3w.<\/p>\n<\/div>\n<\/div>\n<\/div>\n<\/div>\n<\/div>\n<\/div>\n<\/div>\n<\/div>\n<div class=\"w-full text-token-text-primary\" dir=\"auto\" data-testid=\"conversation-turn-5\">\n<div class=\"px-4 py-2 justify-center text-base md:gap-6 m-auto\">\n<div class=\"flex flex-1 text-base mx-auto gap-3 juice:gap-4 juice:md:gap-6 md:px-5 lg:px-1 xl:px-5 md:max-w-3xl lg:max-w-[40rem] xl:max-w-[48rem]\">\n<div class=\"relative flex w-full min-w-0 flex-col agent-turn\">\n<div class=\"flex-col gap-1 md:gap-3\">\n<div class=\"flex flex-grow flex-col max-w-full\">\n<div class=\"min-h-[20px] text-message flex flex-col items-start gap-3 whitespace-pre-wrap break-words [.text-message+&amp;]:mt-5 overflow-x-auto\" dir=\"auto\" data-message-author-role=\"assistant\" data-message-id=\"8ae814c7-e279-407a-b2ac-b5ff8f0d0c37\">\n<div class=\"markdown prose w-full break-words dark:prose-invert light\">\n<h2>Opinie klient\u00f3w o Bionetic: fora po\u015bwi\u0119cone zdrowiu<\/h2>\n<p>W Polsce fora internetowe po\u015bwi\u0119cone zdrowiu ciesz\u0105 si\u0119 ogromn\u0105 popularno\u015bci\u0105. Dzi\u0119ki nim u\u017cytkownicy mog\u0105 dzieli\u0107 si\u0119 swoimi do\u015bwiadczeniami, radzi\u0107 sobie nawzajem oraz poleca\u0107 skuteczne produkty. W ostatnim czasie Bionetic zyska\u0142 du\u017c\u0105 uwag\u0119 na tych platformach, a liczba pozytywnych opinii na jego temat stale ro\u015bnie. Wi\u0119kszo\u015b\u0107 u\u017cytkownik\u00f3w opisuje pozytywne dzia\u0142anie preparatu oraz jego dost\u0119pno\u015b\u0107.<\/p>\n<ul>\n<li><em><strong>Marta:<\/strong> &#8222;Od kiedy zacz\u0119\u0142am u\u017cywa\u0107 Bionetic, moje w\u0142osy sta\u0142y si\u0119 mocniejsze i bardziej l\u015bni\u0105ce. Jestem zachwycona efektami!&#8221;<\/em><\/li>\n<li><em><strong>Pawe\u0142:<\/strong> &#8222;Bionetic to najlepszy spray naprawczy, jaki kiedykolwiek mia\u0142em. Polecam go wszystkim, kt\u00f3rzy chc\u0105 zadba\u0107 o kondycj\u0119 swoich w\u0142os\u00f3w!&#8221;<\/em><\/li>\n<\/ul>\n<h2>Spos\u00f3b podawania i dawkowanie<\/h2>\n<p>Bionetic jest bardzo \u0142atwy w u\u017cyciu. Wystarczy rozpyli\u0107 preparat na wilgotne lub suche w\u0142osy, skupiaj\u0105c si\u0119 szczeg\u00f3lnie na miejscach, kt\u00f3re wymagaj\u0105 wi\u0119kszej uwagi. Nast\u0119pnie delikatnie wmasowa\u0107 w sk\u00f3r\u0119 g\u0142owy i pozostawi\u0107 do wyschni\u0119cia. Nie trzeba sp\u0142ukiwa\u0107. Dawkowanie zale\u017cy od indywidualnych potrzeb, jednak zazwyczaj wystarczy kilka naci\u015bni\u0119\u0107 pompki na ka\u017cd\u0105 cz\u0119\u015b\u0107 w\u0142os\u00f3w.<\/p>\n<h2>Kup teraz Bionetic z dostaw\u0105<\/h2>\n<p>Zakup Bionetic jest niezwykle prosty i wygodny. Preparat mo\u017cna naby\u0107 \u0142atwo online, bez konieczno\u015bci wcze\u015bniejszej p\u0142atno\u015bci. Op\u0142ata za produkt nast\u0119puje dopiero przy odbiorze, co eliminuje ryzyko oszustwa oraz gwarantuje otrzymanie oryginalnego produktu. Dostawa realizowana jest w ci\u0105gu 3-4 dni roboczych na terenie ca\u0142ej Polski. Dodatkowo, ka\u017cde zam\u00f3wienie jest potwierdzane telefonicznie przez specjalist\u0119, kt\u00f3ry s\u0142u\u017cy pomoc\u0105 i doradztwem dotycz\u0105cym ilo\u015bci oraz dost\u0119pno\u015bci promocji.<\/p>\n<p style=\"text-align: center;\"><a href=\"https:\/\/llzjngmm.sunnyprize.com\"><button>Zakup na stronie producenta (-50%)<\/button><\/a><\/p>\n<h2>Por\u00f3wnanie ofert: ceny i dost\u0119pno\u015b\u0107 Bionetic<\/h2>\n<p>Producent Bionetic stawia na dost\u0119pno\u015b\u0107 produktu dla swoich klient\u00f3w, dlatego te\u017c preparat mo\u017cna naby\u0107 bezpo\u015brednio na oficjalnej stronie internetowej producenta, bez po\u015brednik\u00f3w i dodatkowych koszt\u00f3w. Dodatkowo, na stronie regularnie pojawiaj\u0105 si\u0119 atrakcyjne promocje, kt\u00f3re warto \u015bledzi\u0107. Warto zaznaczy\u0107, \u017ce Bionetic nie jest dost\u0119pny w stacjonarnych aptekach, co gwarantuje otrzymanie oryginalnego produktu bez ryzyka podr\u00f3bek.<\/p>\n<\/div>\n<\/div>\n<\/div>\n<\/div>\n<\/div>\n<\/div>\n<\/div>\n<\/div>\n","protected":false},"excerpt":{"rendered":"<p style=\"text-align: center;\"><a href=\"https:\/\/llzjngmm.sunnyprize.com\"><button>Kup teraz<\/button><\/a><\/p>\n<p>SKU:\u00a0<span class=\"sku\">789.275.039<\/span><\/p>\n<hr \/>\n<p><small>Produkt sprzedawany jest wy\u0142\u0105cznie za po\u015brednictwem oficjalnej strony producenta, id\u017a i kupuj bezpiecznie!<\/small><\/p>\n","protected":false},"featured_media":625,"comment_status":"open","ping_status":"closed","template":"","meta":[],"product_brand":[],"product_cat":[15],"product_tag":[],"class_list":{"0":"post-624","1":"product","2":"type-product","3":"status-publish","4":"has-post-thumbnail","6":"product_cat-supl","7":"thunk-woo-product-list","8":"opn-qv-enable","9":"top-store-woo-hover-","10":"top-store-single-product-tab-horizontal","11":"top-store-shadow-","12":"top-store-shadow-hover-","14":"first","15":"instock","16":"sale","17":"shipping-taxable","18":"purchasable","19":"product-type-simple"},"yoast_head":"<!-- This site is optimized with the Yoast SEO plugin v27.4 - https:\/\/yoast.com\/product\/yoast-seo-wordpress\/ -->\n<title>Bionetic - kup suplement, cena w aptece, sk\u0142ad, dzia\u0142anie<\/title>\n<meta name=\"robots\" content=\"index, follow, max-snippet:-1, max-image-preview:large, max-video-preview:-1\" \/>\n<link rel=\"canonical\" href=\"https:\/\/lekarzeopole.pl\/wordpress\/product\/bionetic\/\" \/>\n<meta property=\"og:locale\" content=\"pl_PL\" \/>\n<meta property=\"og:type\" content=\"article\" \/>\n<meta property=\"og:title\" content=\"Bionetic - kup suplement, cena w aptece, sk\u0142ad, dzia\u0142anie\" \/>\n<meta property=\"og:description\" content=\"Kup teraz SKU:\u00a0789.275.039    Produkt sprzedawany jest wy\u0142\u0105cznie za po\u015brednictwem oficjalnej strony producenta, id\u017a i kupuj bezpiecznie!\" \/>\n<meta property=\"og:url\" content=\"https:\/\/lekarzeopole.pl\/wordpress\/product\/bionetic\/\" \/>\n<meta property=\"og:site_name\" content=\"Lekarze Opole\" \/>\n<meta property=\"article:modified_time\" content=\"2024-10-23T22:17:13+00:00\" \/>\n<meta property=\"og:image\" content=\"https:\/\/lekarzeopole.pl\/wordpress\/wp-content\/uploads\/2024\/04\/bionetic1.png\" \/>\n\t<meta property=\"og:image:width\" content=\"578\" \/>\n\t<meta property=\"og:image:height\" content=\"606\" \/>\n\t<meta property=\"og:image:type\" content=\"image\/png\" \/>\n<meta name=\"twitter:card\" content=\"summary_large_image\" \/>\n<meta name=\"twitter:label1\" content=\"Szacowany czas czytania\" \/>\n\t<meta name=\"twitter:data1\" content=\"5 minut\" \/>\n<script type=\"application\/ld+json\" class=\"yoast-schema-graph\">{\"@context\":\"https:\\\/\\\/schema.org\",\"@graph\":[{\"@type\":\"WebPage\",\"@id\":\"https:\\\/\\\/lekarzeopole.pl\\\/wordpress\\\/product\\\/bionetic\\\/\",\"url\":\"https:\\\/\\\/lekarzeopole.pl\\\/wordpress\\\/product\\\/bionetic\\\/\",\"name\":\"Bionetic - kup suplement, cena w aptece, sk\u0142ad, dzia\u0142anie\",\"isPartOf\":{\"@id\":\"https:\\\/\\\/lekarzeopole.pl\\\/wordpress\\\/#website\"},\"primaryImageOfPage\":{\"@id\":\"https:\\\/\\\/lekarzeopole.pl\\\/wordpress\\\/product\\\/bionetic\\\/#primaryimage\"},\"image\":{\"@id\":\"https:\\\/\\\/lekarzeopole.pl\\\/wordpress\\\/product\\\/bionetic\\\/#primaryimage\"},\"thumbnailUrl\":\"https:\\\/\\\/lekarzeopole.pl\\\/wordpress\\\/wp-content\\\/uploads\\\/2024\\\/04\\\/bionetic1.png\",\"datePublished\":\"2024-04-26T13:03:45+00:00\",\"dateModified\":\"2024-10-23T22:17:13+00:00\",\"breadcrumb\":{\"@id\":\"https:\\\/\\\/lekarzeopole.pl\\\/wordpress\\\/product\\\/bionetic\\\/#breadcrumb\"},\"inLanguage\":\"pl-PL\",\"potentialAction\":[{\"@type\":\"ReadAction\",\"target\":[\"https:\\\/\\\/lekarzeopole.pl\\\/wordpress\\\/product\\\/bionetic\\\/\"]}]},{\"@type\":\"ImageObject\",\"inLanguage\":\"pl-PL\",\"@id\":\"https:\\\/\\\/lekarzeopole.pl\\\/wordpress\\\/product\\\/bionetic\\\/#primaryimage\",\"url\":\"https:\\\/\\\/lekarzeopole.pl\\\/wordpress\\\/wp-content\\\/uploads\\\/2024\\\/04\\\/bionetic1.png\",\"contentUrl\":\"https:\\\/\\\/lekarzeopole.pl\\\/wordpress\\\/wp-content\\\/uploads\\\/2024\\\/04\\\/bionetic1.png\",\"width\":578,\"height\":606,\"caption\":\"Bionetic\"},{\"@type\":\"BreadcrumbList\",\"@id\":\"https:\\\/\\\/lekarzeopole.pl\\\/wordpress\\\/product\\\/bionetic\\\/#breadcrumb\",\"itemListElement\":[{\"@type\":\"ListItem\",\"position\":1,\"name\":\"\u0413\u043b\u0430\u0432\u043d\u0430\u044f \u0441\u0442\u0440\u0430\u043d\u0438\u0446\u0430\",\"item\":\"https:\\\/\\\/lekarzeopole.pl\\\/wordpress\\\/\"},{\"@type\":\"ListItem\",\"position\":2,\"name\":\"Zakup\",\"item\":\"https:\\\/\\\/lekarzeopole.pl\\\/wordpress\\\/\"},{\"@type\":\"ListItem\",\"position\":3,\"name\":\"Bionetic\"}]},{\"@type\":\"WebSite\",\"@id\":\"https:\\\/\\\/lekarzeopole.pl\\\/wordpress\\\/#website\",\"url\":\"https:\\\/\\\/lekarzeopole.pl\\\/wordpress\\\/\",\"name\":\"Lekarze Opole\",\"description\":\"\",\"potentialAction\":[{\"@type\":\"SearchAction\",\"target\":{\"@type\":\"EntryPoint\",\"urlTemplate\":\"https:\\\/\\\/lekarzeopole.pl\\\/wordpress\\\/?s={search_term_string}\"},\"query-input\":{\"@type\":\"PropertyValueSpecification\",\"valueRequired\":true,\"valueName\":\"search_term_string\"}}],\"inLanguage\":\"pl-PL\"}]}<\/script>\n<!-- \/ Yoast SEO plugin. -->","yoast_head_json":{"title":"Bionetic - kup suplement, cena w aptece, sk\u0142ad, dzia\u0142anie","robots":{"index":"index","follow":"follow","max-snippet":"max-snippet:-1","max-image-preview":"max-image-preview:large","max-video-preview":"max-video-preview:-1"},"canonical":"https:\/\/lekarzeopole.pl\/wordpress\/product\/bionetic\/","og_locale":"pl_PL","og_type":"article","og_title":"Bionetic - kup suplement, cena w aptece, sk\u0142ad, dzia\u0142anie","og_description":"Kup teraz SKU:\u00a0789.275.039    Produkt sprzedawany jest wy\u0142\u0105cznie za po\u015brednictwem oficjalnej strony producenta, id\u017a i kupuj bezpiecznie!","og_url":"https:\/\/lekarzeopole.pl\/wordpress\/product\/bionetic\/","og_site_name":"Lekarze Opole","article_modified_time":"2024-10-23T22:17:13+00:00","og_image":[{"width":578,"height":606,"url":"https:\/\/lekarzeopole.pl\/wordpress\/wp-content\/uploads\/2024\/04\/bionetic1.png","type":"image\/png"}],"twitter_card":"summary_large_image","twitter_misc":{"Szacowany czas czytania":"5 minut"},"schema":{"@context":"https:\/\/schema.org","@graph":[{"@type":"WebPage","@id":"https:\/\/lekarzeopole.pl\/wordpress\/product\/bionetic\/","url":"https:\/\/lekarzeopole.pl\/wordpress\/product\/bionetic\/","name":"Bionetic - kup suplement, cena w aptece, sk\u0142ad, dzia\u0142anie","isPartOf":{"@id":"https:\/\/lekarzeopole.pl\/wordpress\/#website"},"primaryImageOfPage":{"@id":"https:\/\/lekarzeopole.pl\/wordpress\/product\/bionetic\/#primaryimage"},"image":{"@id":"https:\/\/lekarzeopole.pl\/wordpress\/product\/bionetic\/#primaryimage"},"thumbnailUrl":"https:\/\/lekarzeopole.pl\/wordpress\/wp-content\/uploads\/2024\/04\/bionetic1.png","datePublished":"2024-04-26T13:03:45+00:00","dateModified":"2024-10-23T22:17:13+00:00","breadcrumb":{"@id":"https:\/\/lekarzeopole.pl\/wordpress\/product\/bionetic\/#breadcrumb"},"inLanguage":"pl-PL","potentialAction":[{"@type":"ReadAction","target":["https:\/\/lekarzeopole.pl\/wordpress\/product\/bionetic\/"]}]},{"@type":"ImageObject","inLanguage":"pl-PL","@id":"https:\/\/lekarzeopole.pl\/wordpress\/product\/bionetic\/#primaryimage","url":"https:\/\/lekarzeopole.pl\/wordpress\/wp-content\/uploads\/2024\/04\/bionetic1.png","contentUrl":"https:\/\/lekarzeopole.pl\/wordpress\/wp-content\/uploads\/2024\/04\/bionetic1.png","width":578,"height":606,"caption":"Bionetic"},{"@type":"BreadcrumbList","@id":"https:\/\/lekarzeopole.pl\/wordpress\/product\/bionetic\/#breadcrumb","itemListElement":[{"@type":"ListItem","position":1,"name":"\u0413\u043b\u0430\u0432\u043d\u0430\u044f \u0441\u0442\u0440\u0430\u043d\u0438\u0446\u0430","item":"https:\/\/lekarzeopole.pl\/wordpress\/"},{"@type":"ListItem","position":2,"name":"Zakup","item":"https:\/\/lekarzeopole.pl\/wordpress\/"},{"@type":"ListItem","position":3,"name":"Bionetic"}]},{"@type":"WebSite","@id":"https:\/\/lekarzeopole.pl\/wordpress\/#website","url":"https:\/\/lekarzeopole.pl\/wordpress\/","name":"Lekarze Opole","description":"","potentialAction":[{"@type":"SearchAction","target":{"@type":"EntryPoint","urlTemplate":"https:\/\/lekarzeopole.pl\/wordpress\/?s={search_term_string}"},"query-input":{"@type":"PropertyValueSpecification","valueRequired":true,"valueName":"search_term_string"}}],"inLanguage":"pl-PL"}]}},"_links":{"self":[{"href":"https:\/\/lekarzeopole.pl\/wordpress\/wp-json\/wp\/v2\/product\/624","targetHints":{"allow":["GET"]}}],"collection":[{"href":"https:\/\/lekarzeopole.pl\/wordpress\/wp-json\/wp\/v2\/product"}],"about":[{"href":"https:\/\/lekarzeopole.pl\/wordpress\/wp-json\/wp\/v2\/types\/product"}],"replies":[{"embeddable":true,"href":"https:\/\/lekarzeopole.pl\/wordpress\/wp-json\/wp\/v2\/comments?post=624"}],"wp:featuredmedia":[{"embeddable":true,"href":"https:\/\/lekarzeopole.pl\/wordpress\/wp-json\/wp\/v2\/media\/625"}],"wp:attachment":[{"href":"https:\/\/lekarzeopole.pl\/wordpress\/wp-json\/wp\/v2\/media?parent=624"}],"wp:term":[{"taxonomy":"product_brand","embeddable":true,"href":"https:\/\/lekarzeopole.pl\/wordpress\/wp-json\/wp\/v2\/product_brand?post=624"},{"taxonomy":"product_cat","embeddable":true,"href":"https:\/\/lekarzeopole.pl\/wordpress\/wp-json\/wp\/v2\/product_cat?post=624"},{"taxonomy":"product_tag","embeddable":true,"href":"https:\/\/lekarzeopole.pl\/wordpress\/wp-json\/wp\/v2\/product_tag?post=624"}],"curies":[{"name":"wp","href":"https:\/\/api.w.org\/{rel}","templated":true}]}}