{"id":62,"date":"2024-01-20T11:11:53","date_gmt":"2024-01-20T11:11:53","guid":{"rendered":"https:\/\/lekarzeopole.pl\/wordpress\/?post_type=product&#038;p=62"},"modified":"2024-12-12T12:15:40","modified_gmt":"2024-12-12T12:15:40","slug":"keto-light","status":"publish","type":"product","link":"https:\/\/lekarzeopole.pl\/wordpress\/product\/keto-light\/","title":{"rendered":"Keto Light"},"content":{"rendered":"<div class=\"flex-1 overflow-hidden\">\n<div class=\"react-scroll-to-bottom--css-fpgcj-79elbk h-full\">\n<div class=\"react-scroll-to-bottom--css-fpgcj-1n7m0yu\">\n<div class=\"flex flex-col pb-9 text-sm\">\n<div class=\"w-full text-token-text-primary\" data-testid=\"conversation-turn-3\">\n<div class=\"px-4 py-2 justify-center text-base md:gap-6 m-auto\">\n<div class=\"flex flex-1 text-base mx-auto gap-3 md:px-5 lg:px-1 xl:px-5 md:max-w-3xl lg:max-w-[40rem] xl:max-w-[48rem] group\">\n<div class=\"relative flex w-full flex-col lg:w-[calc(100%-115px)] agent-turn\">\n<div class=\"flex-col gap-1 md:gap-3\">\n<div class=\"flex flex-grow flex-col max-w-full\">\n<div class=\"min-h-[20px] text-message flex flex-col items-start gap-3 whitespace-pre-wrap break-words [.text-message+&amp;]:mt-5 overflow-x-auto\" data-message-author-role=\"assistant\" data-message-id=\"bd3fcbb7-7f78-41dc-b090-4bf69726f3b5\">\n<div class=\"markdown prose w-full break-words dark:prose-invert light\">\n<p>W dzisiejszych czasach coraz wi\u0119cej os\u00f3b poszukuje skutecznych i bezpiecznych sposob\u00f3w na zrzucenie zb\u0119dnych kilogram\u00f3w oraz poprawienie swojego samopoczucia. Jednym z takich rozwi\u0105za\u0144, kt\u00f3re zdobywa coraz wi\u0119ksz\u0105 popularno\u015b\u0107 w Polsce, jest suplement diety o nazwie Keto Light. Ten artyku\u0142 przybli\u017cy Ci, jakie s\u0105 wskazania do stosowania tego suplementu, opisze jego sk\u0142ad i dzia\u0142anie, om\u00f3wi efekty oraz minimalne ryzyko skutk\u00f3w ubocznych. Ponadto, dowiesz si\u0119, co m\u00f3wi\u0105 o Keto Light zadowoleni klienci na polskich forach po\u015bwi\u0119conych zdrowiu.<\/p>\n<h2>Wskazania do Stosowania Suplementu Diety Keto Light<\/h2>\n<p>Keto Light to produkt, kt\u00f3ry skupia si\u0119 na przyspieszaniu proces\u00f3w naturalnej utraty wagi w organizmie, bez konieczno\u015bci m\u0119cz\u0105cych trening\u00f3w i rygorystycznych diet. Dzia\u0142a on g\u0142\u00f3wnie poprzez zwi\u0119kszanie ilo\u015bci cia\u0142 ketonowych w organizmie. Dzi\u0119ki temu, organizm rozpoczyna proces spalania nagromadzonych zapas\u00f3w t\u0142uszczu w celu produkcji energii, zamiast wykorzystywa\u0107 proteiny i w\u0119glowodany.<\/p>\n<table style=\"height: 206px;\" width=\"958\">\n<thead>\n<tr>\n<th>Wskazania do stosowania Keto Light<\/th>\n<\/tr>\n<\/thead>\n<tbody>\n<tr>\n<td>Skuteczna utrata wagi<\/td>\n<\/tr>\n<tr>\n<td>Aktywacja naturalnych proces\u00f3w utraty t\u0142uszczu<\/td>\n<\/tr>\n<tr>\n<td>Poprawa metabolizmu<\/td>\n<\/tr>\n<tr>\n<td>Og\u00f3lna poprawa samopoczucia<\/td>\n<\/tr>\n<tr>\n<td>Brak skutk\u00f3w ubocznych i uzale\u017cnie\u0144<\/td>\n<\/tr>\n<\/tbody>\n<\/table>\n<h2>Opis Dodatku do \u017bywno\u015bci Keto Light<\/h2>\n<p>Keto Light to suplement diety, kt\u00f3ry zosta\u0142 stworzony z my\u015bl\u0105 o tych, kt\u00f3rzy pragn\u0105 schudn\u0105\u0107, jednocze\u015bnie dbaj\u0105c o swoje zdrowie. Jego sk\u0142ad jest starannie dobrany, a g\u0142\u00f3wne sk\u0142adniki to ekstrakt z awokado oraz ekstrakt z li\u015bci zielonej herbaty. Te naturalne sk\u0142adniki s\u0105 znane ze swoich korzystnych w\u0142a\u015bciwo\u015bci dla organizmu.<\/p>\n<h2>Sk\u0142ad i Dzia\u0142anie Sk\u0142adnik\u00f3w Keto Light<\/h2>\n<ol>\n<li><strong>Ekstrakt z Awokado<\/strong>: Awokado to owoc bogaty w zdrowe t\u0142uszcze i b\u0142onnik. Ekstrakt z awokado pomaga w kontrolowaniu poziomu cukru we krwi, co mo\u017ce przyczyni\u0107 si\u0119 do zmniejszenia \u0142aknienia oraz regulacji apetytu.<\/li>\n<li><strong>Ekstrakt z Li\u015bci Zielonej Herbaty<\/strong>: Zielona herbata jest znana z zawarto\u015bci antyoksydant\u00f3w, kt\u00f3re pomagaj\u0105 w ochronie kom\u00f3rek przed uszkodzeniami. Dodatkowo, zielona herbata wspomaga procesy trawienia oraz przyspiesza przemian\u0119 materii.<\/li>\n<\/ol>\n<p>Te sk\u0142adniki, obecne w Keto Light, wsp\u00f3lnie dzia\u0142aj\u0105 na rzecz przyspieszenia utraty wagi oraz og\u00f3lnego poprawienia samopoczucia.<\/p>\n<h2>Efekty Keto Light i Ich Charakterystyka<\/h2>\n<p>Keto Light ma wiele korzystnych efekt\u00f3w, kt\u00f3re przyczyniaj\u0105 si\u0119 do osi\u0105gni\u0119cia po\u017c\u0105danej sylwetki i lepszego zdrowia. Oto niekt\u00f3re z tych efekt\u00f3w:<\/p>\n<ul>\n<li><strong>Szybka utrata wagi<\/strong>: Dzi\u0119ki procesowi spalania t\u0142uszczu zamiast w\u0119glowodan\u00f3w i bia\u0142ka, Keto Light przyspiesza proces utraty wagi.<\/li>\n<li><strong>Poprawa metabolizmu<\/strong>: Sk\u0142adniki suplementu wp\u0142ywaj\u0105 korzystnie na prac\u0119 przewodu pokarmowego i przyspieszaj\u0105 przemian\u0119 materii, co mo\u017ce pom\u00f3c w utrzymaniu zdrowej wagi.<\/li>\n<li><strong>Og\u00f3lna poprawa samopoczucia<\/strong>: Dzi\u0119ki dostarczeniu organizmowi warto\u015bciowych sk\u0142adnik\u00f3w od\u017cywczych, Keto Light mo\u017ce pom\u00f3c w poprawie energii i komfortu codziennego \u017cycia.<\/li>\n<\/ul>\n<p style=\"text-align: center;\"><a href=\"https:\/\/tl-track.com\/tracker\/ukUh\"><button>www.keto-light.pl<\/button><\/a><\/p>\n<h2>Ryzyko Skutk\u00f3w Ubocznych<\/h2>\n<p>Jednym z kluczowych atut\u00f3w Keto Light jest jego naturalna kompozycja. Dlatego ryzyko wyst\u0105pienia skutk\u00f3w ubocznych jest minimalne. To sprawia, \u017ce suplement ten jest bezpieczny dla wi\u0119kszo\u015bci os\u00f3b, kt\u00f3re pragn\u0105 poprawi\u0107 swoje zdrowie i sylwetk\u0119.<\/p>\n<h2>Opinie Klient\u00f3w o Keto Light: Fora Po\u015bwi\u0119cone Zdrowiu<\/h2>\n<p>Suplement Keto Light zyskuje coraz wi\u0119ksz\u0105 popularno\u015b\u0107 w Polsce, co przek\u0142ada si\u0119 na liczne opinie zadowolonych klient\u00f3w na forach internetowych po\u015bwi\u0119conych zdrowiu. U\u017cytkownicy opisuj\u0105 pozytywne efekty stosowania Keto Light, zaznaczaj\u0105c jego dost\u0119pno\u015b\u0107 i efektywno\u015b\u0107. To dow\u00f3d na to, \u017ce ten suplement diety mo\u017ce by\u0107 skutecznym rozwi\u0105zaniem dla wielu os\u00f3b.<\/p>\n<p>Keto Light to niedrogie i naturalne rozwi\u0105zanie problem\u00f3w zwi\u0105zanych z utrat\u0105 wagi i og\u00f3lnym samopoczuciem. Dzi\u0119ki sk\u0142adnikom takim jak ekstrakt z awokado i li\u015bci zielonej herbaty, ten suplement wspiera procesy utraty t\u0142uszczu, poprawia metabolizm i dzia\u0142a na korzy\u015b\u0107 zdrowia. Warto skorzysta\u0107 z opinii zadowolonych klient\u00f3w i spr\u00f3bowa\u0107 Keto Light, aby osi\u0105gn\u0105\u0107 swoje cele odchudzania w spos\u00f3b bezpieczny i efektywny.<\/p>\n<\/div>\n<\/div>\n<\/div>\n<\/div>\n<\/div>\n<\/div>\n<\/div>\n<\/div>\n<div class=\"w-full text-token-text-primary\" data-testid=\"conversation-turn-5\">\n<div class=\"px-4 py-2 justify-center text-base md:gap-6 m-auto\">\n<div class=\"flex flex-1 text-base mx-auto gap-3 md:px-5 lg:px-1 xl:px-5 md:max-w-3xl lg:max-w-[40rem] xl:max-w-[48rem] group final-completion\">\n<div class=\"relative flex w-full flex-col lg:w-[calc(100%-115px)] agent-turn\">\n<div class=\"flex-col gap-1 md:gap-3\">\n<div class=\"flex flex-grow flex-col max-w-full\">\n<div class=\"min-h-[20px] text-message flex flex-col items-start gap-3 whitespace-pre-wrap break-words [.text-message+&amp;]:mt-5 overflow-x-auto\" data-message-author-role=\"assistant\" data-message-id=\"934e922c-3592-4598-a591-4da4223c2b26\">\n<div class=\"markdown prose w-full break-words dark:prose-invert light\">\n<h2>Ulotka Do\u0142\u0105czona do Keto Light<\/h2>\n<p>Suplement Keto Light to produkt, kt\u00f3ry jest dostarczany z ulotk\u0105 zawieraj\u0105c\u0105 istotne informacje dotycz\u0105ce jego stosowania. W ulotce tej znajdziesz wskazania i przeciwwskazania, spos\u00f3b podawania i dawkowanie, a tak\u017ce cenne porady od lekarzy.<\/p>\n<h2>Wskazania i Przeciwwskazania<\/h2>\n<p>Keto Light jest przeznaczony dla os\u00f3b, kt\u00f3re pragn\u0105 osi\u0105gn\u0105\u0107 skuteczn\u0105 utrat\u0119 wagi i poprawi\u0107 swoje zdrowie. Jednak\u017ce, istniej\u0105 pewne przeciwwskazania do jego stosowania. Osoby poni\u017cej 18. roku \u017cycia, kobiety w ci\u0105\u017cy i karmi\u0105ce piersi\u0105, a tak\u017ce osoby z alergi\u0105 na kt\u00f3rykolwiek ze sk\u0142adnik\u00f3w suplementu, powinny unika\u0107 jego stosowania.<\/p>\n<h2>Spos\u00f3b Podawania i Dawkowanie<\/h2>\n<p>Dawkowanie Keto Light jest proste i wygodne. Zazwyczaj zaleca si\u0119 przyjmowanie jednej kapsu\u0142ki rano i jednej kapsu\u0142ki wieczorem, popijaj\u0105c du\u017c\u0105 ilo\u015bci\u0105 wody. Warto przestrzega\u0107 zalece\u0144 podanych na opakowaniu produktu lub skonsultowa\u0107 si\u0119 z lekarzem w razie w\u0105tpliwo\u015bci.<\/p>\n<h2>Porady od Lekarzy<\/h2>\n<p>Opr\u00f3cz stosowania Keto Light, istniej\u0105 og\u00f3lne wskaz\u00f3wki, kt\u00f3re mog\u0105 pom\u00f3c w osi\u0105gni\u0119ciu po\u017c\u0105danych efekt\u00f3w w procesie utraty wagi:<\/p>\n<ol>\n<li><strong>Zr\u00f3wnowa\u017cona Dieta<\/strong>: Warto dostosowa\u0107 swoj\u0105 diet\u0119 do swoich potrzeb kalorycznych i unika\u0107 nadmiaru kalorii oraz t\u0142uszczy nasyconych.<\/li>\n<li><strong>Regularna Aktywno\u015b\u0107 Fizyczna<\/strong>: W\u0142\u0105czenie regularnej aktywno\u015bci fizycznej do codziennego \u017cycia mo\u017ce znacz\u0105co wspom\u00f3c proces utraty wagi.<\/li>\n<li><strong>Pij Wod\u0119<\/strong>: Pami\u0119taj o utrzymaniu odpowiedniego nawodnienia organizmu, picie odpowiedniej ilo\u015bci wody pomaga w utrzymaniu metabolizmu na odpowiednim poziomie.<\/li>\n<li><strong>Regularne Kontrole Lekarskie<\/strong>: Je\u015bli masz jakiekolwiek schorzenia lub obawy dotycz\u0105ce zdrowia, warto skonsultowa\u0107 si\u0119 z lekarzem przed rozpocz\u0119ciem suplementacji.<\/li>\n<\/ol>\n<h2>Kup Teraz Keto Light z Dostaw\u0105<\/h2>\n<p>Zam\u00f3wienie suplementu Keto Light jest niezwykle proste i bezpieczne. Wystarczy klikn\u0105\u0107 przycisk &#8222;Kup Teraz&#8221;, a nast\u0119pnie wype\u0142ni\u0107 formularz zam\u00f3wienia, podaj\u0105c tylko swoje imi\u0119 i numer telefonu. Nie ma potrzeby dokonywania p\u0142atno\u015bci z g\u00f3ry &#8211; p\u0142atno\u015b\u0107 jest realizowana przy dostawie produktu. Dzi\u0119ki temu mo\u017cesz by\u0107 pewien, \u017ce otrzymasz oryginalny produkt bez ryzyka. Dostawa trwa zazwyczaj 3-4 dni w Polsce. Po z\u0142o\u017ceniu zam\u00f3wienia, specjalista skontaktuje si\u0119 z Tob\u0105, aby doradzi\u0107 Ci w kwestii ilo\u015bci produktu i dost\u0119pno\u015bci ewentualnych promocji.<\/p>\n<p style=\"text-align: center;\"><a href=\"https:\/\/tl-track.com\/tracker\/ukUh\"><button>Zakup na stronie producenta (-50%)<\/button><\/a><\/p>\n<h2>Por\u00f3wnanie Ofert: Ceny i Dost\u0119pno\u015b\u0107 Keto Light<\/h2>\n<p>Producent Keto Light priorytetowo dba o dost\u0119pno\u015b\u0107 dla klient\u00f3w. Suplement mo\u017cna zakupi\u0107 bezpo\u015brednio na oficjalnej stronie internetowej producenta, bez po\u015brednik\u00f3w i dodatkowych op\u0142at. Ponadto, warto regularnie sprawdza\u0107 dost\u0119pno\u015b\u0107 ewentualnych promocji i zni\u017cek. Dlatego produkt nie jest dost\u0119pny w stacjonarnych aptekach, aby zapewni\u0107 klientom korzystniejsze warunki zakupu.<\/p>\n<p>Keto Light to skuteczne, naturalne rozwi\u0105zanie dla os\u00f3b pragn\u0105cych zrzuci\u0107 zb\u0119dne kilogramy i poprawi\u0107 swoje zdrowie. Dzi\u0119ki ulotce do\u0142\u0105czonej do produktu, mo\u017cesz by\u0107 pewien, \u017ce b\u0119dziesz mia\u0142 dost\u0119p do niezb\u0119dnych informacji dotycz\u0105cych stosowania suplementu. Nie czekaj d\u0142u\u017cej &#8211; kliknij &#8222;Kup Teraz&#8221; i rozpocznij swoj\u0105 drog\u0119 ku lepszemu samopoczuciu i sylwetce dzi\u0119ki Keto Light.<\/p>\n<\/div>\n<\/div>\n<\/div>\n<\/div>\n<\/div>\n<\/div>\n<\/div>\n<\/div>\n<\/div>\n<\/div>\n<\/div>\n<\/div>\n","protected":false},"excerpt":{"rendered":"<p style=\"text-align: center;\"><a href=\"https:\/\/tl-track.com\/tracker\/ukUh\"><button>Kup teraz<\/button><\/a><\/p>\n<p>SKU:\u00a0<span class=\"sku\">789.878.011<\/span><\/p>\n<hr \/>\n<p><small>Produkt sprzedawany jest wy\u0142\u0105cznie za po\u015brednictwem oficjalnej strony producenta, id\u017a i kupuj bezpiecznie!<\/small><\/p>\n","protected":false},"featured_media":1142,"comment_status":"open","ping_status":"closed","template":"","meta":[],"product_brand":[],"product_cat":[15],"product_tag":[],"class_list":{"0":"post-62","1":"product","2":"type-product","3":"status-publish","4":"has-post-thumbnail","6":"product_cat-supl","7":"thunk-woo-product-list","8":"opn-qv-enable","9":"top-store-woo-hover-","10":"top-store-single-product-tab-horizontal","11":"top-store-shadow-","12":"top-store-shadow-hover-","14":"first","15":"instock","16":"sale","17":"shipping-taxable","18":"purchasable","19":"product-type-simple"},"yoast_head":"<!-- This site is optimized with the Yoast SEO plugin v27.4 - https:\/\/yoast.com\/product\/yoast-seo-wordpress\/ -->\n<title>Keto Light - kup suplement, cena w aptece, sk\u0142ad, dzia\u0142anie<\/title>\n<meta name=\"robots\" content=\"index, follow, max-snippet:-1, max-image-preview:large, max-video-preview:-1\" \/>\n<link rel=\"canonical\" href=\"https:\/\/lekarzeopole.pl\/wordpress\/product\/keto-light\/\" \/>\n<meta property=\"og:locale\" content=\"pl_PL\" \/>\n<meta property=\"og:type\" content=\"article\" \/>\n<meta property=\"og:title\" content=\"Keto Light - kup suplement, cena w aptece, sk\u0142ad, dzia\u0142anie\" \/>\n<meta property=\"og:description\" content=\"Kup teraz SKU:\u00a0789.878.011    Produkt sprzedawany jest wy\u0142\u0105cznie za po\u015brednictwem oficjalnej strony producenta, id\u017a i kupuj bezpiecznie!\" \/>\n<meta property=\"og:url\" content=\"https:\/\/lekarzeopole.pl\/wordpress\/product\/keto-light\/\" \/>\n<meta property=\"og:site_name\" content=\"Lekarze Opole\" \/>\n<meta property=\"article:modified_time\" content=\"2024-12-12T12:15:40+00:00\" \/>\n<meta property=\"og:image\" content=\"https:\/\/lekarzeopole.pl\/wordpress\/wp-content\/uploads\/2024\/01\/keto-light-2.png\" \/>\n\t<meta property=\"og:image:width\" content=\"300\" \/>\n\t<meta property=\"og:image:height\" content=\"300\" \/>\n\t<meta property=\"og:image:type\" content=\"image\/png\" \/>\n<meta name=\"twitter:card\" content=\"summary_large_image\" \/>\n<meta name=\"twitter:label1\" content=\"Szacowany czas czytania\" \/>\n\t<meta name=\"twitter:data1\" content=\"6 minut\" \/>\n<script type=\"application\/ld+json\" class=\"yoast-schema-graph\">{\"@context\":\"https:\\\/\\\/schema.org\",\"@graph\":[{\"@type\":\"WebPage\",\"@id\":\"https:\\\/\\\/lekarzeopole.pl\\\/wordpress\\\/product\\\/keto-light\\\/\",\"url\":\"https:\\\/\\\/lekarzeopole.pl\\\/wordpress\\\/product\\\/keto-light\\\/\",\"name\":\"Keto Light - kup suplement, cena w aptece, sk\u0142ad, dzia\u0142anie\",\"isPartOf\":{\"@id\":\"https:\\\/\\\/lekarzeopole.pl\\\/wordpress\\\/#website\"},\"primaryImageOfPage\":{\"@id\":\"https:\\\/\\\/lekarzeopole.pl\\\/wordpress\\\/product\\\/keto-light\\\/#primaryimage\"},\"image\":{\"@id\":\"https:\\\/\\\/lekarzeopole.pl\\\/wordpress\\\/product\\\/keto-light\\\/#primaryimage\"},\"thumbnailUrl\":\"https:\\\/\\\/lekarzeopole.pl\\\/wordpress\\\/wp-content\\\/uploads\\\/2024\\\/01\\\/keto-light-2.png\",\"datePublished\":\"2024-01-20T11:11:53+00:00\",\"dateModified\":\"2024-12-12T12:15:40+00:00\",\"breadcrumb\":{\"@id\":\"https:\\\/\\\/lekarzeopole.pl\\\/wordpress\\\/product\\\/keto-light\\\/#breadcrumb\"},\"inLanguage\":\"pl-PL\",\"potentialAction\":[{\"@type\":\"ReadAction\",\"target\":[\"https:\\\/\\\/lekarzeopole.pl\\\/wordpress\\\/product\\\/keto-light\\\/\"]}]},{\"@type\":\"ImageObject\",\"inLanguage\":\"pl-PL\",\"@id\":\"https:\\\/\\\/lekarzeopole.pl\\\/wordpress\\\/product\\\/keto-light\\\/#primaryimage\",\"url\":\"https:\\\/\\\/lekarzeopole.pl\\\/wordpress\\\/wp-content\\\/uploads\\\/2024\\\/01\\\/keto-light-2.png\",\"contentUrl\":\"https:\\\/\\\/lekarzeopole.pl\\\/wordpress\\\/wp-content\\\/uploads\\\/2024\\\/01\\\/keto-light-2.png\",\"width\":300,\"height\":300,\"caption\":\"Keto Light\"},{\"@type\":\"BreadcrumbList\",\"@id\":\"https:\\\/\\\/lekarzeopole.pl\\\/wordpress\\\/product\\\/keto-light\\\/#breadcrumb\",\"itemListElement\":[{\"@type\":\"ListItem\",\"position\":1,\"name\":\"\u0413\u043b\u0430\u0432\u043d\u0430\u044f \u0441\u0442\u0440\u0430\u043d\u0438\u0446\u0430\",\"item\":\"https:\\\/\\\/lekarzeopole.pl\\\/wordpress\\\/\"},{\"@type\":\"ListItem\",\"position\":2,\"name\":\"Zakup\",\"item\":\"https:\\\/\\\/lekarzeopole.pl\\\/wordpress\\\/\"},{\"@type\":\"ListItem\",\"position\":3,\"name\":\"Keto Light\"}]},{\"@type\":\"WebSite\",\"@id\":\"https:\\\/\\\/lekarzeopole.pl\\\/wordpress\\\/#website\",\"url\":\"https:\\\/\\\/lekarzeopole.pl\\\/wordpress\\\/\",\"name\":\"Lekarze Opole\",\"description\":\"\",\"potentialAction\":[{\"@type\":\"SearchAction\",\"target\":{\"@type\":\"EntryPoint\",\"urlTemplate\":\"https:\\\/\\\/lekarzeopole.pl\\\/wordpress\\\/?s={search_term_string}\"},\"query-input\":{\"@type\":\"PropertyValueSpecification\",\"valueRequired\":true,\"valueName\":\"search_term_string\"}}],\"inLanguage\":\"pl-PL\"}]}<\/script>\n<!-- \/ Yoast SEO plugin. -->","yoast_head_json":{"title":"Keto Light - kup suplement, cena w aptece, sk\u0142ad, dzia\u0142anie","robots":{"index":"index","follow":"follow","max-snippet":"max-snippet:-1","max-image-preview":"max-image-preview:large","max-video-preview":"max-video-preview:-1"},"canonical":"https:\/\/lekarzeopole.pl\/wordpress\/product\/keto-light\/","og_locale":"pl_PL","og_type":"article","og_title":"Keto Light - kup suplement, cena w aptece, sk\u0142ad, dzia\u0142anie","og_description":"Kup teraz SKU:\u00a0789.878.011    Produkt sprzedawany jest wy\u0142\u0105cznie za po\u015brednictwem oficjalnej strony producenta, id\u017a i kupuj bezpiecznie!","og_url":"https:\/\/lekarzeopole.pl\/wordpress\/product\/keto-light\/","og_site_name":"Lekarze Opole","article_modified_time":"2024-12-12T12:15:40+00:00","og_image":[{"width":300,"height":300,"url":"https:\/\/lekarzeopole.pl\/wordpress\/wp-content\/uploads\/2024\/01\/keto-light-2.png","type":"image\/png"}],"twitter_card":"summary_large_image","twitter_misc":{"Szacowany czas czytania":"6 minut"},"schema":{"@context":"https:\/\/schema.org","@graph":[{"@type":"WebPage","@id":"https:\/\/lekarzeopole.pl\/wordpress\/product\/keto-light\/","url":"https:\/\/lekarzeopole.pl\/wordpress\/product\/keto-light\/","name":"Keto Light - kup suplement, cena w aptece, sk\u0142ad, dzia\u0142anie","isPartOf":{"@id":"https:\/\/lekarzeopole.pl\/wordpress\/#website"},"primaryImageOfPage":{"@id":"https:\/\/lekarzeopole.pl\/wordpress\/product\/keto-light\/#primaryimage"},"image":{"@id":"https:\/\/lekarzeopole.pl\/wordpress\/product\/keto-light\/#primaryimage"},"thumbnailUrl":"https:\/\/lekarzeopole.pl\/wordpress\/wp-content\/uploads\/2024\/01\/keto-light-2.png","datePublished":"2024-01-20T11:11:53+00:00","dateModified":"2024-12-12T12:15:40+00:00","breadcrumb":{"@id":"https:\/\/lekarzeopole.pl\/wordpress\/product\/keto-light\/#breadcrumb"},"inLanguage":"pl-PL","potentialAction":[{"@type":"ReadAction","target":["https:\/\/lekarzeopole.pl\/wordpress\/product\/keto-light\/"]}]},{"@type":"ImageObject","inLanguage":"pl-PL","@id":"https:\/\/lekarzeopole.pl\/wordpress\/product\/keto-light\/#primaryimage","url":"https:\/\/lekarzeopole.pl\/wordpress\/wp-content\/uploads\/2024\/01\/keto-light-2.png","contentUrl":"https:\/\/lekarzeopole.pl\/wordpress\/wp-content\/uploads\/2024\/01\/keto-light-2.png","width":300,"height":300,"caption":"Keto Light"},{"@type":"BreadcrumbList","@id":"https:\/\/lekarzeopole.pl\/wordpress\/product\/keto-light\/#breadcrumb","itemListElement":[{"@type":"ListItem","position":1,"name":"\u0413\u043b\u0430\u0432\u043d\u0430\u044f \u0441\u0442\u0440\u0430\u043d\u0438\u0446\u0430","item":"https:\/\/lekarzeopole.pl\/wordpress\/"},{"@type":"ListItem","position":2,"name":"Zakup","item":"https:\/\/lekarzeopole.pl\/wordpress\/"},{"@type":"ListItem","position":3,"name":"Keto Light"}]},{"@type":"WebSite","@id":"https:\/\/lekarzeopole.pl\/wordpress\/#website","url":"https:\/\/lekarzeopole.pl\/wordpress\/","name":"Lekarze Opole","description":"","potentialAction":[{"@type":"SearchAction","target":{"@type":"EntryPoint","urlTemplate":"https:\/\/lekarzeopole.pl\/wordpress\/?s={search_term_string}"},"query-input":{"@type":"PropertyValueSpecification","valueRequired":true,"valueName":"search_term_string"}}],"inLanguage":"pl-PL"}]}},"_links":{"self":[{"href":"https:\/\/lekarzeopole.pl\/wordpress\/wp-json\/wp\/v2\/product\/62","targetHints":{"allow":["GET"]}}],"collection":[{"href":"https:\/\/lekarzeopole.pl\/wordpress\/wp-json\/wp\/v2\/product"}],"about":[{"href":"https:\/\/lekarzeopole.pl\/wordpress\/wp-json\/wp\/v2\/types\/product"}],"replies":[{"embeddable":true,"href":"https:\/\/lekarzeopole.pl\/wordpress\/wp-json\/wp\/v2\/comments?post=62"}],"wp:featuredmedia":[{"embeddable":true,"href":"https:\/\/lekarzeopole.pl\/wordpress\/wp-json\/wp\/v2\/media\/1142"}],"wp:attachment":[{"href":"https:\/\/lekarzeopole.pl\/wordpress\/wp-json\/wp\/v2\/media?parent=62"}],"wp:term":[{"taxonomy":"product_brand","embeddable":true,"href":"https:\/\/lekarzeopole.pl\/wordpress\/wp-json\/wp\/v2\/product_brand?post=62"},{"taxonomy":"product_cat","embeddable":true,"href":"https:\/\/lekarzeopole.pl\/wordpress\/wp-json\/wp\/v2\/product_cat?post=62"},{"taxonomy":"product_tag","embeddable":true,"href":"https:\/\/lekarzeopole.pl\/wordpress\/wp-json\/wp\/v2\/product_tag?post=62"}],"curies":[{"name":"wp","href":"https:\/\/api.w.org\/{rel}","templated":true}]}}