{"id":610,"date":"2024-02-13T12:47:27","date_gmt":"2024-02-13T12:47:27","guid":{"rendered":"https:\/\/lekarzeopole.pl\/wordpress\/?post_type=product&#038;p=610"},"modified":"2024-06-08T10:52:51","modified_gmt":"2024-06-08T10:52:51","slug":"profolan","status":"publish","type":"product","link":"https:\/\/lekarzeopole.pl\/wordpress\/product\/profolan\/","title":{"rendered":"Profolan"},"content":{"rendered":"<div class=\"flex-1 overflow-hidden\">\n<div class=\"react-scroll-to-bottom--css-yqmyl-79elbk h-full\">\n<div class=\"react-scroll-to-bottom--css-yqmyl-1n7m0yu\">\n<div class=\"flex flex-col pb-9 text-sm\">\n<div class=\"w-full text-token-text-primary\" data-testid=\"conversation-turn-3\">\n<div class=\"px-4 py-2 justify-center text-base md:gap-6 m-auto\">\n<div class=\"flex flex-1 text-base mx-auto gap-3 md:px-5 lg:px-1 xl:px-5 md:max-w-3xl lg:max-w-[40rem] xl:max-w-[48rem] group\">\n<div class=\"relative flex w-full flex-col agent-turn\">\n<div class=\"flex-col gap-1 md:gap-3\">\n<div class=\"flex flex-grow flex-col max-w-full\">\n<div class=\"min-h-[20px] text-message flex flex-col items-start gap-3 whitespace-pre-wrap break-words [.text-message+&amp;]:mt-5 overflow-x-auto\" data-message-author-role=\"assistant\" data-message-id=\"de2196d5-e4d8-47f4-bf10-1e96add10f78\">\n<div class=\"markdown prose w-full break-words dark:prose-invert light\">\n<p><strong>Profolan<\/strong> to innowacyjny suplement diety, kt\u00f3ry zosta\u0142 stworzony, aby pom\u00f3c osobom borykaj\u0105cym si\u0119 z problemem wypadania w\u0142os\u00f3w oraz os\u0142abion\u0105 kondycj\u0105 w\u0142os\u00f3w. Produkt dedykowany jest zar\u00f3wno m\u0119\u017cczyznom, jak i kobietom, kt\u00f3rzy chc\u0105 skutecznie zadba\u0107 o swoje w\u0142osy i zapobiec nadmiernemu ich wypadaniu.<\/p>\n<h2>G\u0142\u00f3wne wskazania do stosowania<\/h2>\n<p>Profolan obejmuj\u0105:<\/p>\n<ol>\n<li><strong>Wypadanie w\u0142os\u00f3w:<\/strong> Profolan mo\u017ce by\u0107 skutecznym rozwi\u0105zaniem dla os\u00f3b, kt\u00f3re zauwa\u017cy\u0142y nadmierne wypadanie w\u0142os\u00f3w i chc\u0105 wzmocni\u0107 cebulki w\u0142osowe oraz zahamowa\u0107 ten proces.<\/li>\n<li><strong>Os\u0142abiona kondycja w\u0142os\u00f3w:<\/strong> Je\u015bli Twoje w\u0142osy staj\u0105 si\u0119 \u0142amliwe, matowe i pozbawione \u017cycia, Profolan mo\u017ce pom\u00f3c w przywr\u00f3ceniu im zdrowego wygl\u0105du i blasku.<\/li>\n<li><strong>Problemy zwi\u0105zane z utrat\u0105 naturalnego koloru w\u0142os\u00f3w:<\/strong> Sk\u0142adniki zawarte w Profolan mog\u0105 r\u00f3wnie\u017c pom\u00f3c w utrzymaniu naturalnego koloru w\u0142os\u00f3w, zapobiegaj\u0105c przedwczesnemu siwieniu.<\/li>\n<\/ol>\n<p style=\"text-align: center;\"><a href=\"https:\/\/nplink.net\/o5477r7p\"><button>www.profolan.pl<\/button><\/a><\/p>\n<h2>Sk\u0142ad i dzia\u0142anie sk\u0142adnik\u00f3w Profolan<\/h2>\n<p>Profolan zawiera starannie dobrane sk\u0142adniki, kt\u00f3re dzia\u0142aj\u0105 synergistycznie, aby zapewni\u0107 kompleksow\u0105 pomoc w walce z wypadaniem w\u0142os\u00f3w oraz poprawi\u0107 ich og\u00f3ln\u0105 kondycj\u0119. Oto g\u0142\u00f3wne sk\u0142adniki Profolan i ich dzia\u0142anie:<\/p>\n<ol>\n<li><strong>Ekstrakt z pokrzywy:<\/strong> Pokrzywa jest bogatym \u017ar\u00f3d\u0142em sk\u0142adnik\u00f3w od\u017cywczych, takich jak witaminy A i C, kt\u00f3re wzmacniaj\u0105 cebulki w\u0142osowe i stymuluj\u0105 wzrost w\u0142os\u00f3w.<\/li>\n<li><strong>L-karnityna:<\/strong> Ten aminokwas odgrywa kluczow\u0105 rol\u0119 w transporcie kwas\u00f3w t\u0142uszczowych do mitochondri\u00f3w kom\u00f3rek, co mo\u017ce przyczyni\u0107 si\u0119 do poprawy od\u017cywienia cebulek w\u0142osowych.<\/li>\n<li><strong>Ekstrakt z pestek dyni:<\/strong> Jest bogaty w cynk i inne sk\u0142adniki od\u017cywcze, kt\u00f3re s\u0105 niezb\u0119dne do utrzymania zdrowych w\u0142os\u00f3w oraz zapobiegania ich wypadaniu.<\/li>\n<li><strong>Selen:<\/strong> Pierwiastek ten ma dzia\u0142anie przeciwutleniaj\u0105ce i mo\u017ce pom\u00f3c w ochronie kom\u00f3rek sk\u00f3ry g\u0142owy przed uszkodzeniami oksydacyjnymi.<\/li>\n<li><strong>Witaminy i minera\u0142y:<\/strong> Profolan zawiera tak\u017ce witaminy z grupy B oraz biotyn\u0119, kt\u00f3re s\u0105 niezb\u0119dne dla zdrowia w\u0142os\u00f3w i sk\u00f3ry g\u0142owy.<\/li>\n<\/ol>\n<h2>Efekty Profolan i ich charakterystyka<\/h2>\n<p>Korzystanie z Profolan mo\u017ce przynie\u015b\u0107 szereg korzy\u015bci dla os\u00f3b borykaj\u0105cych si\u0119 z problemem wypadania w\u0142os\u00f3w. Oto niekt\u00f3re z g\u0142\u00f3wnych efekt\u00f3w stosowania Profolan:<\/p>\n<ol>\n<li><strong>Wzmo\u017cony wzrost w\u0142os\u00f3w:<\/strong> Regularne stosowanie Profolan mo\u017ce przyspieszy\u0107 wzrost nowych w\u0142os\u00f3w i sprawi\u0107, \u017ce b\u0119d\u0105 one mocniejsze i zdrowsze.<\/li>\n<li><strong>Zmniejszenie wypadania w\u0142os\u00f3w:<\/strong> Dzi\u0119ki dzia\u0142aniu sk\u0142adnik\u00f3w aktywnych, Profolan mo\u017ce zmniejszy\u0107 ilo\u015b\u0107 wypadaj\u0105cych w\u0142os\u00f3w oraz zapobiec nadmiernemu ich przerzedzeniu.<\/li>\n<li><strong>Poprawa kondycji w\u0142os\u00f3w:<\/strong> W\u0142osy staj\u0105 si\u0119 mocniejsze, bardziej odporne na uszkodzenia mechaniczne oraz nabieraj\u0105 zdrowego wygl\u0105du i blasku.<\/li>\n<li><strong>Zachowanie naturalnego koloru w\u0142os\u00f3w:<\/strong> Sk\u0142adniki zawarte w Profolan mog\u0105 pom\u00f3c w utrzymaniu naturalnego koloru w\u0142os\u00f3w, co przeciwdzia\u0142a przedwczesnemu siwieniu.<\/li>\n<\/ol>\n<h2>Ryzyko skutk\u00f3w ubocznych<\/h2>\n<p>Profolan oparty jest na naturalnych sk\u0142adnikach, co minimalizuje ryzyko wyst\u0105pienia skutk\u00f3w ubocznych. Preparat jest bezpieczny w stosowaniu dla wi\u0119kszo\u015bci os\u00f3b, jednak\u017ce zawsze zaleca si\u0119 skonsultowanie si\u0119 z lekarzem przed rozpocz\u0119ciem suplementacji, zw\u0142aszcza w przypadku os\u00f3b z chorobami przewlek\u0142ymi, kobiet w ci\u0105\u017cy oraz os\u00f3b przyjmuj\u0105cych regularnie leki. W przypadku alergii na kt\u00f3rykolwiek ze sk\u0142adnik\u00f3w produktu nale\u017cy przerwa\u0107 jego stosowanie i skonsultowa\u0107 si\u0119 z lekarzem w celu dobrania alternatywnego rozwi\u0105zania.<\/p>\n<\/div>\n<\/div>\n<\/div>\n<\/div>\n<\/div>\n<\/div>\n<\/div>\n<\/div>\n<div class=\"w-full text-token-text-primary\" data-testid=\"conversation-turn-5\">\n<div class=\"px-4 py-2 justify-center text-base md:gap-6 m-auto\">\n<div class=\"flex flex-1 text-base mx-auto gap-3 md:px-5 lg:px-1 xl:px-5 md:max-w-3xl lg:max-w-[40rem] xl:max-w-[48rem] group final-completion\">\n<div class=\"relative flex w-full flex-col agent-turn\">\n<div class=\"flex-col gap-1 md:gap-3\">\n<div class=\"flex flex-grow flex-col max-w-full\">\n<div class=\"min-h-[20px] text-message flex flex-col items-start gap-3 whitespace-pre-wrap break-words [.text-message+&amp;]:mt-5 overflow-x-auto\" data-message-author-role=\"assistant\" data-message-id=\"26fd801d-e1b2-4b10-840e-42e7fd956b7b\">\n<div class=\"markdown prose w-full break-words dark:prose-invert light\">\n<h2>Opinie klient\u00f3w o Profolan: fora po\u015bwi\u0119cone zdrowiu<\/h2>\n<p>W Polsce fora internetowe po\u015bwi\u0119cone zdrowiu ciesz\u0105 si\u0119 ogromn\u0105 popularno\u015bci\u0105 jako miejsce, gdzie u\u017cytkownicy dziel\u0105 si\u0119 swoimi do\u015bwiadczeniami zwi\u0105zanych z r\u00f3\u017cnymi suplementami diety oraz innymi produktami wspomagaj\u0105cymi zdrowie. Profolan, b\u0119d\u0105c skutecznym preparatem na wypadanie w\u0142os\u00f3w, nie jest wyj\u0105tkiem. Coraz wi\u0119cej os\u00f3b decyduje si\u0119 podzieli\u0107 swoimi opiniami na temat tego suplementu, co jest dowodem na jego rosn\u0105c\u0105 popularno\u015b\u0107. Wi\u0119kszo\u015b\u0107 u\u017cytkownik\u00f3w opisuje pozytywne efekty stosowania Profolan oraz podkre\u015bla jego dost\u0119pno\u015b\u0107. Poni\u017cej przedstawiamy dwa komentarze od u\u017cytkownik\u00f3w:<\/p>\n<ol>\n<li><strong>Kasia:<\/strong> &#8222;Od d\u0142u\u017cszego czasu boryka\u0142am si\u0119 z problemem wypadaj\u0105cych w\u0142os\u00f3w. Profolan zosta\u0142 mi polecany przez przyjaci\u00f3\u0142k\u0119 i postanowi\u0142am go wypr\u00f3bowa\u0107. Po kilku tygodniach stosowania zauwa\u017cy\u0142am znaczn\u0105 popraw\u0119 &#8211; w\u0142osy przesta\u0142y wypada\u0107, a nawet zacz\u0119\u0142y rosn\u0105\u0107 nowe. Jestem bardzo zadowolona z efekt\u00f3w!&#8221;<\/li>\n<li><strong>Micha\u0142:<\/strong> &#8222;Po kilku miesi\u0105cach u\u017cywania Profolan mog\u0119 \u015bmia\u0142o stwierdzi\u0107, \u017ce to najlepszy preparat na wypadanie w\u0142os\u00f3w, jaki kiedykolwiek stosowa\u0142em. Moje w\u0142osy s\u0105 teraz znacznie g\u0119stsze i mocniejsze, a dodatkowo nie zauwa\u017cy\u0142em \u017cadnych skutk\u00f3w ubocznych. Polecam wszystkim, kt\u00f3rzy borykaj\u0105 si\u0119 z podobnym problemem.&#8221;<\/li>\n<\/ol>\n<h2>Spos\u00f3b podawania i dawkowanie<\/h2>\n<p>Profolan wyst\u0119puje w postaci kapsu\u0142ek, kt\u00f3re nale\u017cy regularnie przyjmowa\u0107 doustnie. Zalecana dawka to jedna kapsu\u0142ka dziennie, najlepiej popijana szklank\u0105 wody. Wa\u017cne jest regularne stosowanie preparatu, aby osi\u0105gn\u0105\u0107 najlepsze efekty. W przypadku w\u0105tpliwo\u015bci co do dawkowania lub sposobu podawania, zawsze warto skonsultowa\u0107 si\u0119 z lekarzem.<\/p>\n<h2>Kup teraz Profolan z dostaw\u0105<\/h2>\n<p>Zam\u00f3wienie Profolan jest \u0142atwe i wygodne. Produkt mo\u017cna naby\u0107 online bez konieczno\u015bci p\u0142acenia z g\u00f3ry. P\u0142atno\u015b\u0107 za zam\u00f3wienie dokonuje si\u0119 dopiero przy odbiorze, co eliminuje ryzyko oszustw i zapewnia klientowi otrzymanie oryginalnego produktu. Dostawa zam\u00f3wienia zazwyczaj zajmuje 3-4 dni robocze na terenie Polski. Po z\u0142o\u017ceniu zam\u00f3wienia, klient otrzymuje tak\u017ce potwierdzenie telefoniczne od specjalisty, kt\u00f3ry s\u0142u\u017cy pomoc\u0105 i mo\u017ce udzieli\u0107 dodatkowych informacji na temat produktu, dost\u0119pno\u015bci oraz ewentualnych promocji.<\/p>\n<p style=\"text-align: center;\"><a href=\"https:\/\/nplink.net\/o5477r7p\"><button>Zakup na stronie producenta (-50%)<\/button><\/a><\/p>\n<h2>Por\u00f3wnanie ofert: ceny i dost\u0119pno\u015b\u0107 Profolan<\/h2>\n<p>Profolan stawia na bezpo\u015bredni\u0105 dost\u0119pno\u015b\u0107 dla swoich klient\u00f3w, dlatego produkt mo\u017cna zakupi\u0107 bezpo\u015brednio na oficjalnej stronie producenta, eliminuj\u0105c po\u015brednik\u00f3w i dodatkowe mar\u017ce. Regularnie dzia\u0142aj\u0105 promocje i oferty specjalne, kt\u00f3re warto \u015bledzi\u0107, aby skorzysta\u0107 z atrakcyjnych rabat\u00f3w. Warto zaznaczy\u0107, \u017ce Profolan nie jest dost\u0119pny w tradycyjnych aptekach stacjonarnych, co gwarantuje klientowi oryginalno\u015b\u0107 produktu oraz bezpiecze\u0144stwo jego stosowania.<\/p>\n<\/div>\n<\/div>\n<\/div>\n<\/div>\n<\/div>\n<\/div>\n<\/div>\n<\/div>\n<\/div>\n<\/div>\n<\/div>\n<\/div>\n","protected":false},"excerpt":{"rendered":"<p style=\"text-align: center;\"><a href=\"https:\/\/nplink.net\/o5477r7p\"><button>Kup teraz<\/button><\/a><\/p>\n<p>SKU:\u00a0<span class=\"sku\">789.878.01032<\/span><\/p>\n<hr \/>\n<p><small>Produkt sprzedawany jest wy\u0142\u0105cznie za po\u015brednictwem oficjalnej strony producenta, id\u017a i kupuj bezpiecznie!<\/small><\/p>\n","protected":false},"featured_media":611,"comment_status":"open","ping_status":"closed","template":"","meta":[],"product_brand":[],"product_cat":[15],"product_tag":[],"class_list":{"0":"post-610","1":"product","2":"type-product","3":"status-publish","4":"has-post-thumbnail","6":"product_cat-supl","7":"thunk-woo-product-list","8":"opn-qv-enable","9":"top-store-woo-hover-","10":"top-store-single-product-tab-horizontal","11":"top-store-shadow-","12":"top-store-shadow-hover-","14":"first","15":"instock","16":"shipping-taxable","17":"purchasable","18":"product-type-simple"},"yoast_head":"<!-- This site is optimized with the Yoast SEO plugin v27.4 - https:\/\/yoast.com\/product\/yoast-seo-wordpress\/ -->\n<title>Profolan - kup suplement, cena w aptece, sk\u0142ad, dzia\u0142anie<\/title>\n<meta name=\"robots\" content=\"index, follow, max-snippet:-1, max-image-preview:large, max-video-preview:-1\" \/>\n<link rel=\"canonical\" href=\"https:\/\/lekarzeopole.pl\/wordpress\/product\/profolan\/\" \/>\n<meta property=\"og:locale\" content=\"pl_PL\" \/>\n<meta property=\"og:type\" content=\"article\" \/>\n<meta property=\"og:title\" content=\"Profolan - kup suplement, cena w aptece, sk\u0142ad, dzia\u0142anie\" \/>\n<meta property=\"og:description\" content=\"Kup teraz SKU:\u00a0789.878.01032    Produkt sprzedawany jest wy\u0142\u0105cznie za po\u015brednictwem oficjalnej strony producenta, id\u017a i kupuj bezpiecznie!\" \/>\n<meta property=\"og:url\" content=\"https:\/\/lekarzeopole.pl\/wordpress\/product\/profolan\/\" \/>\n<meta property=\"og:site_name\" content=\"Lekarze Opole\" \/>\n<meta property=\"article:modified_time\" content=\"2024-06-08T10:52:51+00:00\" \/>\n<meta property=\"og:image\" content=\"https:\/\/lekarzeopole.pl\/wordpress\/wp-content\/uploads\/2024\/02\/profolan.jpg\" \/>\n\t<meta property=\"og:image:width\" content=\"282\" \/>\n\t<meta property=\"og:image:height\" content=\"431\" \/>\n\t<meta property=\"og:image:type\" content=\"image\/jpeg\" \/>\n<meta name=\"twitter:card\" content=\"summary_large_image\" \/>\n<meta name=\"twitter:label1\" content=\"Szacowany czas czytania\" \/>\n\t<meta name=\"twitter:data1\" content=\"5 minut\" \/>\n<script type=\"application\/ld+json\" class=\"yoast-schema-graph\">{\"@context\":\"https:\\\/\\\/schema.org\",\"@graph\":[{\"@type\":\"WebPage\",\"@id\":\"https:\\\/\\\/lekarzeopole.pl\\\/wordpress\\\/product\\\/profolan\\\/\",\"url\":\"https:\\\/\\\/lekarzeopole.pl\\\/wordpress\\\/product\\\/profolan\\\/\",\"name\":\"Profolan - kup suplement, cena w aptece, sk\u0142ad, dzia\u0142anie\",\"isPartOf\":{\"@id\":\"https:\\\/\\\/lekarzeopole.pl\\\/wordpress\\\/#website\"},\"primaryImageOfPage\":{\"@id\":\"https:\\\/\\\/lekarzeopole.pl\\\/wordpress\\\/product\\\/profolan\\\/#primaryimage\"},\"image\":{\"@id\":\"https:\\\/\\\/lekarzeopole.pl\\\/wordpress\\\/product\\\/profolan\\\/#primaryimage\"},\"thumbnailUrl\":\"https:\\\/\\\/lekarzeopole.pl\\\/wordpress\\\/wp-content\\\/uploads\\\/2024\\\/02\\\/profolan.jpg\",\"datePublished\":\"2024-02-13T12:47:27+00:00\",\"dateModified\":\"2024-06-08T10:52:51+00:00\",\"breadcrumb\":{\"@id\":\"https:\\\/\\\/lekarzeopole.pl\\\/wordpress\\\/product\\\/profolan\\\/#breadcrumb\"},\"inLanguage\":\"pl-PL\",\"potentialAction\":[{\"@type\":\"ReadAction\",\"target\":[\"https:\\\/\\\/lekarzeopole.pl\\\/wordpress\\\/product\\\/profolan\\\/\"]}]},{\"@type\":\"ImageObject\",\"inLanguage\":\"pl-PL\",\"@id\":\"https:\\\/\\\/lekarzeopole.pl\\\/wordpress\\\/product\\\/profolan\\\/#primaryimage\",\"url\":\"https:\\\/\\\/lekarzeopole.pl\\\/wordpress\\\/wp-content\\\/uploads\\\/2024\\\/02\\\/profolan.jpg\",\"contentUrl\":\"https:\\\/\\\/lekarzeopole.pl\\\/wordpress\\\/wp-content\\\/uploads\\\/2024\\\/02\\\/profolan.jpg\",\"width\":282,\"height\":431,\"caption\":\"Profolan\"},{\"@type\":\"BreadcrumbList\",\"@id\":\"https:\\\/\\\/lekarzeopole.pl\\\/wordpress\\\/product\\\/profolan\\\/#breadcrumb\",\"itemListElement\":[{\"@type\":\"ListItem\",\"position\":1,\"name\":\"\u0413\u043b\u0430\u0432\u043d\u0430\u044f \u0441\u0442\u0440\u0430\u043d\u0438\u0446\u0430\",\"item\":\"https:\\\/\\\/lekarzeopole.pl\\\/wordpress\\\/\"},{\"@type\":\"ListItem\",\"position\":2,\"name\":\"Zakup\",\"item\":\"https:\\\/\\\/lekarzeopole.pl\\\/wordpress\\\/\"},{\"@type\":\"ListItem\",\"position\":3,\"name\":\"Profolan\"}]},{\"@type\":\"WebSite\",\"@id\":\"https:\\\/\\\/lekarzeopole.pl\\\/wordpress\\\/#website\",\"url\":\"https:\\\/\\\/lekarzeopole.pl\\\/wordpress\\\/\",\"name\":\"Lekarze Opole\",\"description\":\"\",\"potentialAction\":[{\"@type\":\"SearchAction\",\"target\":{\"@type\":\"EntryPoint\",\"urlTemplate\":\"https:\\\/\\\/lekarzeopole.pl\\\/wordpress\\\/?s={search_term_string}\"},\"query-input\":{\"@type\":\"PropertyValueSpecification\",\"valueRequired\":true,\"valueName\":\"search_term_string\"}}],\"inLanguage\":\"pl-PL\"}]}<\/script>\n<!-- \/ Yoast SEO plugin. -->","yoast_head_json":{"title":"Profolan - kup suplement, cena w aptece, sk\u0142ad, dzia\u0142anie","robots":{"index":"index","follow":"follow","max-snippet":"max-snippet:-1","max-image-preview":"max-image-preview:large","max-video-preview":"max-video-preview:-1"},"canonical":"https:\/\/lekarzeopole.pl\/wordpress\/product\/profolan\/","og_locale":"pl_PL","og_type":"article","og_title":"Profolan - kup suplement, cena w aptece, sk\u0142ad, dzia\u0142anie","og_description":"Kup teraz SKU:\u00a0789.878.01032    Produkt sprzedawany jest wy\u0142\u0105cznie za po\u015brednictwem oficjalnej strony producenta, id\u017a i kupuj bezpiecznie!","og_url":"https:\/\/lekarzeopole.pl\/wordpress\/product\/profolan\/","og_site_name":"Lekarze Opole","article_modified_time":"2024-06-08T10:52:51+00:00","og_image":[{"width":282,"height":431,"url":"https:\/\/lekarzeopole.pl\/wordpress\/wp-content\/uploads\/2024\/02\/profolan.jpg","type":"image\/jpeg"}],"twitter_card":"summary_large_image","twitter_misc":{"Szacowany czas czytania":"5 minut"},"schema":{"@context":"https:\/\/schema.org","@graph":[{"@type":"WebPage","@id":"https:\/\/lekarzeopole.pl\/wordpress\/product\/profolan\/","url":"https:\/\/lekarzeopole.pl\/wordpress\/product\/profolan\/","name":"Profolan - kup suplement, cena w aptece, sk\u0142ad, dzia\u0142anie","isPartOf":{"@id":"https:\/\/lekarzeopole.pl\/wordpress\/#website"},"primaryImageOfPage":{"@id":"https:\/\/lekarzeopole.pl\/wordpress\/product\/profolan\/#primaryimage"},"image":{"@id":"https:\/\/lekarzeopole.pl\/wordpress\/product\/profolan\/#primaryimage"},"thumbnailUrl":"https:\/\/lekarzeopole.pl\/wordpress\/wp-content\/uploads\/2024\/02\/profolan.jpg","datePublished":"2024-02-13T12:47:27+00:00","dateModified":"2024-06-08T10:52:51+00:00","breadcrumb":{"@id":"https:\/\/lekarzeopole.pl\/wordpress\/product\/profolan\/#breadcrumb"},"inLanguage":"pl-PL","potentialAction":[{"@type":"ReadAction","target":["https:\/\/lekarzeopole.pl\/wordpress\/product\/profolan\/"]}]},{"@type":"ImageObject","inLanguage":"pl-PL","@id":"https:\/\/lekarzeopole.pl\/wordpress\/product\/profolan\/#primaryimage","url":"https:\/\/lekarzeopole.pl\/wordpress\/wp-content\/uploads\/2024\/02\/profolan.jpg","contentUrl":"https:\/\/lekarzeopole.pl\/wordpress\/wp-content\/uploads\/2024\/02\/profolan.jpg","width":282,"height":431,"caption":"Profolan"},{"@type":"BreadcrumbList","@id":"https:\/\/lekarzeopole.pl\/wordpress\/product\/profolan\/#breadcrumb","itemListElement":[{"@type":"ListItem","position":1,"name":"\u0413\u043b\u0430\u0432\u043d\u0430\u044f \u0441\u0442\u0440\u0430\u043d\u0438\u0446\u0430","item":"https:\/\/lekarzeopole.pl\/wordpress\/"},{"@type":"ListItem","position":2,"name":"Zakup","item":"https:\/\/lekarzeopole.pl\/wordpress\/"},{"@type":"ListItem","position":3,"name":"Profolan"}]},{"@type":"WebSite","@id":"https:\/\/lekarzeopole.pl\/wordpress\/#website","url":"https:\/\/lekarzeopole.pl\/wordpress\/","name":"Lekarze Opole","description":"","potentialAction":[{"@type":"SearchAction","target":{"@type":"EntryPoint","urlTemplate":"https:\/\/lekarzeopole.pl\/wordpress\/?s={search_term_string}"},"query-input":{"@type":"PropertyValueSpecification","valueRequired":true,"valueName":"search_term_string"}}],"inLanguage":"pl-PL"}]}},"_links":{"self":[{"href":"https:\/\/lekarzeopole.pl\/wordpress\/wp-json\/wp\/v2\/product\/610","targetHints":{"allow":["GET"]}}],"collection":[{"href":"https:\/\/lekarzeopole.pl\/wordpress\/wp-json\/wp\/v2\/product"}],"about":[{"href":"https:\/\/lekarzeopole.pl\/wordpress\/wp-json\/wp\/v2\/types\/product"}],"replies":[{"embeddable":true,"href":"https:\/\/lekarzeopole.pl\/wordpress\/wp-json\/wp\/v2\/comments?post=610"}],"wp:featuredmedia":[{"embeddable":true,"href":"https:\/\/lekarzeopole.pl\/wordpress\/wp-json\/wp\/v2\/media\/611"}],"wp:attachment":[{"href":"https:\/\/lekarzeopole.pl\/wordpress\/wp-json\/wp\/v2\/media?parent=610"}],"wp:term":[{"taxonomy":"product_brand","embeddable":true,"href":"https:\/\/lekarzeopole.pl\/wordpress\/wp-json\/wp\/v2\/product_brand?post=610"},{"taxonomy":"product_cat","embeddable":true,"href":"https:\/\/lekarzeopole.pl\/wordpress\/wp-json\/wp\/v2\/product_cat?post=610"},{"taxonomy":"product_tag","embeddable":true,"href":"https:\/\/lekarzeopole.pl\/wordpress\/wp-json\/wp\/v2\/product_tag?post=610"}],"curies":[{"name":"wp","href":"https:\/\/api.w.org\/{rel}","templated":true}]}}