{"id":608,"date":"2024-02-13T12:24:46","date_gmt":"2024-02-13T12:24:46","guid":{"rendered":"https:\/\/lekarzeopole.pl\/wordpress\/?post_type=product&#038;p=608"},"modified":"2024-06-08T10:52:37","modified_gmt":"2024-06-08T10:52:37","slug":"nonacne","status":"publish","type":"product","link":"https:\/\/lekarzeopole.pl\/wordpress\/product\/nonacne\/","title":{"rendered":"Nonacne"},"content":{"rendered":"<div class=\"w-full text-token-text-primary\" data-testid=\"conversation-turn-3\">\n<div class=\"px-4 py-2 justify-center text-base md:gap-6 m-auto\">\n<div class=\"flex flex-1 text-base mx-auto gap-3 md:px-5 lg:px-1 xl:px-5 md:max-w-3xl lg:max-w-[40rem] xl:max-w-[48rem] group\">\n<div class=\"relative flex w-full flex-col agent-turn\">\n<div class=\"flex-col gap-1 md:gap-3\">\n<div class=\"flex flex-grow flex-col max-w-full\">\n<div class=\"min-h-[20px] text-message flex flex-col items-start gap-3 whitespace-pre-wrap break-words [.text-message+&amp;]:mt-5 overflow-x-auto\" data-message-author-role=\"assistant\" data-message-id=\"b7231c87-92e2-48fe-8fdb-49f66752dfef\">\n<div class=\"markdown prose w-full break-words dark:prose-invert light\">\n<p>Tr\u0105dzik jest powszechnym problemem sk\u00f3rnym, kt\u00f3ry dotyka ludzi w r\u00f3\u017cnym wieku i p\u0142ci. Nie tylko wp\u0142ywa on negatywnie na wygl\u0105d zewn\u0119trzny, ale tak\u017ce mo\u017ce znacz\u0105co wp\u0142yn\u0105\u0107 na samopoczucie psychiczne i emocjonalne. W walce z tr\u0105dzikiem istnieje wiele metod i preparat\u00f3w, ale nie wszystkie s\u0105 skuteczne i bezpieczne. Jednym z takich bezpiecznych rozwi\u0105za\u0144 s\u0105 kapsu\u0142ki Nonacne, oparte na naturalnych sk\u0142adnikach ro\u015blinnych.<\/p>\n<h2>Wskazania do stosowania Nonacne<\/h2>\n<p>Nonacne jest dedykowane osobom borykaj\u0105cym si\u0119 z r\u00f3\u017cnymi rodzajami tr\u0105dziku, w tym tr\u0105dzikiem m\u0142odzie\u0144czym, tr\u0105dzikiem r\u00f3\u017cowatym oraz tr\u0105dzikiem r\u00f3\u017cowatym doros\u0142ych. Preparat mo\u017ce by\u0107 stosowany zar\u00f3wno przez m\u0142odzie\u017c, jak i osoby doros\u0142e, kt\u00f3re poszukuj\u0105 skutecznego i bezpiecznego rozwi\u0105zania swojego problemu sk\u00f3rnego.<\/p>\n<h2>Sk\u0142ad i dzia\u0142anie sk\u0142adnik\u00f3w Nonacne<\/h2>\n<p>Nonacne zawiera unikaln\u0105 mieszank\u0119 naturalnych sk\u0142adnik\u00f3w, kt\u00f3re zosta\u0142y starannie wyselekcjonowane ze wzgl\u0119du na ich potencja\u0142 w walce z tr\u0105dzikiem oraz korzystny wp\u0142yw na kondycj\u0119 sk\u00f3ry. G\u0142\u00f3wne sk\u0142adniki preparatu to:<\/p>\n<ol>\n<li><strong>Czerwony koniczyn<\/strong> &#8211; bogaty w izoflawony, kt\u00f3re dzia\u0142aj\u0105 przeciwzapalnie i przeciwbakteryjnie, redukuj\u0105c wypryski i zaczerwienienia sk\u00f3ry.<\/li>\n<li><strong>Pokrzywa<\/strong> &#8211; znana ze swoich w\u0142a\u015bciwo\u015bci oczyszczaj\u0105cych i przeciwzapalnych, pomaga w redukcji wyprysk\u00f3w oraz reguluje wydzielanie sebum.<\/li>\n<li><strong>Sarsaparilla<\/strong> &#8211; wspomaga naturalne procesy oczyszczania organizmu, eliminuj\u0105c toksyny, co mo\u017ce mie\u0107 korzystny wp\u0142yw na stan sk\u00f3ry.<\/li>\n<li><strong>Winoro\u015bl<\/strong> &#8211; bogata w antyoksydanty, wspomaga regeneracj\u0119 sk\u00f3ry oraz wzmacnia jej barier\u0119 ochronn\u0105, zapobiegaj\u0105c nowym wypryskom.<\/li>\n<li><strong>Witamina C<\/strong> &#8211; wzmacniaj\u0105ca odporno\u015b\u0107 sk\u00f3ry, poprawiaj\u0105c jej elastyczno\u015b\u0107 i j\u0119drno\u015b\u0107, co mo\u017ce pom\u00f3c w redukcji blizn pozosta\u0142ych po tr\u0105dziku.<\/li>\n<\/ol>\n<p>Dzi\u0119ki synergicznemu dzia\u0142aniu tych sk\u0142adnik\u00f3w Nonacne skutecznie redukuje tr\u0105dzik, jednocze\u015bnie wspomagaj\u0105c naturalne procesy regeneracji sk\u00f3ry i chroni\u0105c j\u0105 przed powstawaniem nowych zmian.<\/p>\n<h2>Efekty Nonacne i ich charakterystyka<\/h2>\n<p>Regularne stosowanie kapsu\u0142ek Nonacne mo\u017ce przynie\u015b\u0107 szereg korzy\u015bci dla sk\u00f3ry, w tym:<\/p>\n<ul>\n<li>Redukcja istniej\u0105cych wyprysk\u00f3w i zaczerwie\u0144.<\/li>\n<li>Regulacja wydzielania sebum, zapobiegaj\u0105c powstawaniu nowych zmian tr\u0105dzikowych.<\/li>\n<li>Oczyszczenie sk\u00f3ry z toksyn i szkodliwych substancji.<\/li>\n<li>Poprawa elastyczno\u015bci i j\u0119drno\u015bci sk\u00f3ry.<\/li>\n<li>Wzmocnienie naturalnej bariery ochronnej sk\u00f3ry.<\/li>\n<\/ul>\n<p>Efekty stosowania preparatu mog\u0105 by\u0107 zauwa\u017calne po kilku tygodniach regularnego u\u017cytkowania, a ostateczne rezultaty mog\u0105 si\u0119 r\u00f3\u017cni\u0107 w zale\u017cno\u015bci od indywidualnych cech sk\u00f3ry oraz stopnia zaawansowania tr\u0105dziku.<\/p>\n<p style=\"text-align: center;\"><a href=\"https:\/\/nplink.net\/krg0yz4t\"><button>www.nonacne.pl<\/button><\/a><\/p>\n<h2>Ryzyko skutk\u00f3w ubocznych<\/h2>\n<p>Nonacne jest preparatem opartym na naturalnych sk\u0142adnikach ro\u015blinnych, co sprawia, \u017ce ryzyko wyst\u0105pienia skutk\u00f3w ubocznych jest minimalne. Dzi\u0119ki temu preparat jest bezpieczny w d\u0142ugoterminowym stosowaniu, nie powoduj\u0105c efekt\u00f3w niepo\u017c\u0105danych czy alergicznych reakcji. Jednak\u017ce, jak przy ka\u017cdym suplemencie diety, zaleca si\u0119 zachowanie ostro\u017cno\u015bci i skonsultowanie si\u0119 z lekarzem w przypadku jakichkolwiek w\u0105tpliwo\u015bci lub wyst\u0105pienia nietypowych reakcji organizmu.<\/p>\n<p><em>Nonacne stanowi skuteczne i bezpieczne rozwi\u0105zanie dla os\u00f3b borykaj\u0105cych si\u0119 z problemem tr\u0105dziku. Dzi\u0119ki swojej unikalnej formule opartej na naturalnych sk\u0142adnikach ro\u015blinnych, preparat pomaga w redukcji istniej\u0105cych zmian tr\u0105dzikowych oraz zapobiega powstawaniu nowych, jednocze\u015bnie dbaj\u0105c o zdrowie i kondycj\u0119 sk\u00f3ry.<\/em><\/p>\n<\/div>\n<\/div>\n<\/div>\n<\/div>\n<\/div>\n<\/div>\n<\/div>\n<\/div>\n<div class=\"w-full text-token-text-primary\" data-testid=\"conversation-turn-5\">\n<div class=\"px-4 py-2 justify-center text-base md:gap-6 m-auto\">\n<div class=\"flex flex-1 text-base mx-auto gap-3 md:px-5 lg:px-1 xl:px-5 md:max-w-3xl lg:max-w-[40rem] xl:max-w-[48rem] group final-completion\">\n<div class=\"relative flex w-full flex-col agent-turn\">\n<div class=\"flex-col gap-1 md:gap-3\">\n<div class=\"flex flex-grow flex-col max-w-full\">\n<div class=\"min-h-[20px] text-message flex flex-col items-start gap-3 whitespace-pre-wrap break-words [.text-message+&amp;]:mt-5 overflow-x-auto\" data-message-author-role=\"assistant\" data-message-id=\"5f2b74fd-fbcf-4ded-ba7d-9ae67af1b145\">\n<div class=\"markdown prose w-full break-words dark:prose-invert light\">\n<h2>Opinie klient\u00f3w o Nonacne: fora po\u015bwi\u0119cone zdrowiu<\/h2>\n<p>W Polsce fora internetowe po\u015bwi\u0119cone zdrowiu ciesz\u0105 si\u0119 du\u017c\u0105 popularno\u015bci\u0105, stanowi\u0105c wa\u017cne \u017ar\u00f3d\u0142o informacji dla os\u00f3b poszukuj\u0105cych skutecznych rozwi\u0105za\u0144 swoich problem\u00f3w zdrowotnych. Nonacne, b\u0119d\u0105c jednym z najskuteczniejszych preparat\u00f3w przeciwko tr\u0105dzikowi, zdobywa coraz wi\u0119ksz\u0105 popularno\u015b\u0107 w\u015br\u00f3d klient\u00f3w, co znajduje odzwierciedlenie w licznych opinii na temat jego dzia\u0142ania.<\/p>\n<p>Wi\u0119kszo\u015b\u0107 u\u017cytkownik\u00f3w opisuje pozytywne do\u015bwiadczenia zwi\u0105zane z korzystaniem z Nonacne. Oto przyk\u0142adowe opinie od u\u017cytkownik\u00f3w:<\/p>\n<ol>\n<li><strong>Anna<\/strong>: &#8222;Od lat zmaga\u0142am si\u0119 z tr\u0105dzikiem, pr\u00f3buj\u0105c r\u00f3\u017cnych preparat\u00f3w bez skutku. Dopiero Nonacne okaza\u0142 si\u0119 skutecznym rozwi\u0105zaniem! Po kilku tygodniach regularnego stosowania zauwa\u017cy\u0142am znaczn\u0105 popraw\u0119 kondycji mojej sk\u00f3ry. Polecam!&#8221;<\/li>\n<li><strong>Piotr<\/strong>: &#8222;Jestem pod wra\u017ceniem efekt\u00f3w, jakie przyni\u00f3s\u0142 mi Nonacne. Moja sk\u00f3ra sta\u0142a si\u0119 o wiele czystsza i bardziej g\u0142adka, a do tego nie pojawi\u0142y si\u0119 \u017cadne niepo\u017c\u0105dane skutki uboczne. Naprawd\u0119 warto spr\u00f3bowa\u0107!&#8221;<\/li>\n<\/ol>\n<h2>Spos\u00f3b podawania i dawkowanie<\/h2>\n<p>Nonacne wyst\u0119puje w postaci kapsu\u0142ek, kt\u00f3re nale\u017cy regularnie za\u017cywa\u0107 doustnie. Zalecana dawka preparatu to jedna kapsu\u0142ka dwa razy dziennie, najlepiej po posi\u0142ku, popijaj\u0105c wod\u0105. Wa\u017cne jest stosowanie preparatu zgodnie z zaleceniami producenta oraz regularno\u015b\u0107 w przyjmowaniu kapsu\u0142ek, aby osi\u0105gn\u0105\u0107 maksymalne efekty w redukcji tr\u0105dziku.<\/p>\n<h2>Kup teraz Nonacne z dostaw\u0105<\/h2>\n<p>Zakup Nonacne jest niezwykle prosty i wygodny. Produkt mo\u017cna naby\u0107 online, bez konieczno\u015bci wychodzenia z domu. Co wi\u0119cej, nie ma potrzeby p\u0142acenia z g\u00f3ry &#8211; op\u0142ata za produkt odbywa si\u0119 dopiero przy jego dostawie, co gwarantuje bezpiecze\u0144stwo i pewno\u015b\u0107 otrzymania oryginalnego produktu.<\/p>\n<p>Dostawa Nonacne zajmuje zazwyczaj od 3 do 4 dni roboczych na terenie Polski. Po z\u0142o\u017ceniu zam\u00f3wienia, klient otrzymuje potwierdzenie telefoniczne od specjalisty, kt\u00f3ry s\u0142u\u017cy pomoc\u0105 w kwestiach zwi\u0105zanych z produktem oraz mo\u017ce udzieli\u0107 informacji o ewentualnych promocjach czy dost\u0119pno\u015bci produktu.<\/p>\n<p style=\"text-align: center;\"><a href=\"https:\/\/nplink.net\/krg0yz4t\"><button>Zakup na stronie producenta (-50%)<\/button><\/a><\/p>\n<h2>Por\u00f3wnanie ofert: ceny i dost\u0119pno\u015b\u0107 Nonacne<\/h2>\n<p>Producent Nonacne stawia na dost\u0119pno\u015b\u0107 i wygod\u0119 dla swoich klient\u00f3w, dlatego preparat mo\u017cna naby\u0107 bezpo\u015brednio na oficjalnej stronie internetowej producenta, eliminuj\u0105c po\u015brednik\u00f3w i unikaj\u0105c dodatkowych koszt\u00f3w. Warto regularnie sprawdza\u0107 dost\u0119pno\u015b\u0107 promocji i rabat\u00f3w, aby skorzysta\u0107 z atrakcyjnych ofert.<\/p>\n<p>Warto zaznaczy\u0107, \u017ce Nonacne nie jest dost\u0119pne w stacjonarnych aptekach, co stanowi kolejny pow\u00f3d, by skorzysta\u0107 z oficjalnej strony producenta i mie\u0107 pewno\u015b\u0107 co do oryginalno\u015bci produktu oraz atrakcyjnej ceny.<\/p>\n<\/div>\n<\/div>\n<\/div>\n<\/div>\n<\/div>\n<\/div>\n<\/div>\n<\/div>\n","protected":false},"excerpt":{"rendered":"<p style=\"text-align: center;\"><a href=\"https:\/\/nplink.net\/krg0yz4t\"><button>Kup teraz<\/button><\/a><\/p>\n<p>SKU:\u00a0<span class=\"sku\">789.878.01031<\/span><\/p>\n<hr \/>\n<p><small>Produkt sprzedawany jest wy\u0142\u0105cznie za po\u015brednictwem oficjalnej strony producenta, id\u017a i kupuj bezpiecznie!<\/small><\/p>\n","protected":false},"featured_media":609,"comment_status":"open","ping_status":"closed","template":"","meta":[],"product_brand":[],"product_cat":[15],"product_tag":[],"class_list":{"0":"post-608","1":"product","2":"type-product","3":"status-publish","4":"has-post-thumbnail","6":"product_cat-supl","7":"thunk-woo-product-list","8":"opn-qv-enable","9":"top-store-woo-hover-","10":"top-store-single-product-tab-horizontal","11":"top-store-shadow-","12":"top-store-shadow-hover-","14":"first","15":"instock","16":"shipping-taxable","17":"purchasable","18":"product-type-simple"},"yoast_head":"<!-- This site is optimized with the Yoast SEO plugin v27.4 - https:\/\/yoast.com\/product\/yoast-seo-wordpress\/ -->\n<title>Nonacne - kup suplement, cena w aptece, sk\u0142ad, dzia\u0142anie<\/title>\n<meta name=\"robots\" content=\"index, follow, max-snippet:-1, max-image-preview:large, max-video-preview:-1\" \/>\n<link rel=\"canonical\" href=\"https:\/\/lekarzeopole.pl\/wordpress\/product\/nonacne\/\" \/>\n<meta property=\"og:locale\" content=\"pl_PL\" \/>\n<meta property=\"og:type\" content=\"article\" \/>\n<meta property=\"og:title\" content=\"Nonacne - kup suplement, cena w aptece, sk\u0142ad, dzia\u0142anie\" \/>\n<meta property=\"og:description\" content=\"Kup teraz SKU:\u00a0789.878.01031    Produkt sprzedawany jest wy\u0142\u0105cznie za po\u015brednictwem oficjalnej strony producenta, id\u017a i kupuj bezpiecznie!\" \/>\n<meta property=\"og:url\" content=\"https:\/\/lekarzeopole.pl\/wordpress\/product\/nonacne\/\" \/>\n<meta property=\"og:site_name\" content=\"Lekarze Opole\" \/>\n<meta property=\"article:modified_time\" content=\"2024-06-08T10:52:37+00:00\" \/>\n<meta property=\"og:image\" content=\"https:\/\/lekarzeopole.pl\/wordpress\/wp-content\/uploads\/2024\/02\/nonacne.jpg\" \/>\n\t<meta property=\"og:image:width\" content=\"342\" \/>\n\t<meta property=\"og:image:height\" content=\"530\" \/>\n\t<meta property=\"og:image:type\" content=\"image\/jpeg\" \/>\n<meta name=\"twitter:card\" content=\"summary_large_image\" \/>\n<meta name=\"twitter:label1\" content=\"Szacowany czas czytania\" \/>\n\t<meta name=\"twitter:data1\" content=\"5 minut\" \/>\n<script type=\"application\/ld+json\" class=\"yoast-schema-graph\">{\"@context\":\"https:\\\/\\\/schema.org\",\"@graph\":[{\"@type\":\"WebPage\",\"@id\":\"https:\\\/\\\/lekarzeopole.pl\\\/wordpress\\\/product\\\/nonacne\\\/\",\"url\":\"https:\\\/\\\/lekarzeopole.pl\\\/wordpress\\\/product\\\/nonacne\\\/\",\"name\":\"Nonacne - kup suplement, cena w aptece, sk\u0142ad, dzia\u0142anie\",\"isPartOf\":{\"@id\":\"https:\\\/\\\/lekarzeopole.pl\\\/wordpress\\\/#website\"},\"primaryImageOfPage\":{\"@id\":\"https:\\\/\\\/lekarzeopole.pl\\\/wordpress\\\/product\\\/nonacne\\\/#primaryimage\"},\"image\":{\"@id\":\"https:\\\/\\\/lekarzeopole.pl\\\/wordpress\\\/product\\\/nonacne\\\/#primaryimage\"},\"thumbnailUrl\":\"https:\\\/\\\/lekarzeopole.pl\\\/wordpress\\\/wp-content\\\/uploads\\\/2024\\\/02\\\/nonacne.jpg\",\"datePublished\":\"2024-02-13T12:24:46+00:00\",\"dateModified\":\"2024-06-08T10:52:37+00:00\",\"breadcrumb\":{\"@id\":\"https:\\\/\\\/lekarzeopole.pl\\\/wordpress\\\/product\\\/nonacne\\\/#breadcrumb\"},\"inLanguage\":\"pl-PL\",\"potentialAction\":[{\"@type\":\"ReadAction\",\"target\":[\"https:\\\/\\\/lekarzeopole.pl\\\/wordpress\\\/product\\\/nonacne\\\/\"]}]},{\"@type\":\"ImageObject\",\"inLanguage\":\"pl-PL\",\"@id\":\"https:\\\/\\\/lekarzeopole.pl\\\/wordpress\\\/product\\\/nonacne\\\/#primaryimage\",\"url\":\"https:\\\/\\\/lekarzeopole.pl\\\/wordpress\\\/wp-content\\\/uploads\\\/2024\\\/02\\\/nonacne.jpg\",\"contentUrl\":\"https:\\\/\\\/lekarzeopole.pl\\\/wordpress\\\/wp-content\\\/uploads\\\/2024\\\/02\\\/nonacne.jpg\",\"width\":342,\"height\":530,\"caption\":\"Nonacne\"},{\"@type\":\"BreadcrumbList\",\"@id\":\"https:\\\/\\\/lekarzeopole.pl\\\/wordpress\\\/product\\\/nonacne\\\/#breadcrumb\",\"itemListElement\":[{\"@type\":\"ListItem\",\"position\":1,\"name\":\"\u0413\u043b\u0430\u0432\u043d\u0430\u044f \u0441\u0442\u0440\u0430\u043d\u0438\u0446\u0430\",\"item\":\"https:\\\/\\\/lekarzeopole.pl\\\/wordpress\\\/\"},{\"@type\":\"ListItem\",\"position\":2,\"name\":\"Zakup\",\"item\":\"https:\\\/\\\/lekarzeopole.pl\\\/wordpress\\\/\"},{\"@type\":\"ListItem\",\"position\":3,\"name\":\"Nonacne\"}]},{\"@type\":\"WebSite\",\"@id\":\"https:\\\/\\\/lekarzeopole.pl\\\/wordpress\\\/#website\",\"url\":\"https:\\\/\\\/lekarzeopole.pl\\\/wordpress\\\/\",\"name\":\"Lekarze Opole\",\"description\":\"\",\"potentialAction\":[{\"@type\":\"SearchAction\",\"target\":{\"@type\":\"EntryPoint\",\"urlTemplate\":\"https:\\\/\\\/lekarzeopole.pl\\\/wordpress\\\/?s={search_term_string}\"},\"query-input\":{\"@type\":\"PropertyValueSpecification\",\"valueRequired\":true,\"valueName\":\"search_term_string\"}}],\"inLanguage\":\"pl-PL\"}]}<\/script>\n<!-- \/ Yoast SEO plugin. -->","yoast_head_json":{"title":"Nonacne - kup suplement, cena w aptece, sk\u0142ad, dzia\u0142anie","robots":{"index":"index","follow":"follow","max-snippet":"max-snippet:-1","max-image-preview":"max-image-preview:large","max-video-preview":"max-video-preview:-1"},"canonical":"https:\/\/lekarzeopole.pl\/wordpress\/product\/nonacne\/","og_locale":"pl_PL","og_type":"article","og_title":"Nonacne - kup suplement, cena w aptece, sk\u0142ad, dzia\u0142anie","og_description":"Kup teraz SKU:\u00a0789.878.01031    Produkt sprzedawany jest wy\u0142\u0105cznie za po\u015brednictwem oficjalnej strony producenta, id\u017a i kupuj bezpiecznie!","og_url":"https:\/\/lekarzeopole.pl\/wordpress\/product\/nonacne\/","og_site_name":"Lekarze Opole","article_modified_time":"2024-06-08T10:52:37+00:00","og_image":[{"width":342,"height":530,"url":"https:\/\/lekarzeopole.pl\/wordpress\/wp-content\/uploads\/2024\/02\/nonacne.jpg","type":"image\/jpeg"}],"twitter_card":"summary_large_image","twitter_misc":{"Szacowany czas czytania":"5 minut"},"schema":{"@context":"https:\/\/schema.org","@graph":[{"@type":"WebPage","@id":"https:\/\/lekarzeopole.pl\/wordpress\/product\/nonacne\/","url":"https:\/\/lekarzeopole.pl\/wordpress\/product\/nonacne\/","name":"Nonacne - kup suplement, cena w aptece, sk\u0142ad, dzia\u0142anie","isPartOf":{"@id":"https:\/\/lekarzeopole.pl\/wordpress\/#website"},"primaryImageOfPage":{"@id":"https:\/\/lekarzeopole.pl\/wordpress\/product\/nonacne\/#primaryimage"},"image":{"@id":"https:\/\/lekarzeopole.pl\/wordpress\/product\/nonacne\/#primaryimage"},"thumbnailUrl":"https:\/\/lekarzeopole.pl\/wordpress\/wp-content\/uploads\/2024\/02\/nonacne.jpg","datePublished":"2024-02-13T12:24:46+00:00","dateModified":"2024-06-08T10:52:37+00:00","breadcrumb":{"@id":"https:\/\/lekarzeopole.pl\/wordpress\/product\/nonacne\/#breadcrumb"},"inLanguage":"pl-PL","potentialAction":[{"@type":"ReadAction","target":["https:\/\/lekarzeopole.pl\/wordpress\/product\/nonacne\/"]}]},{"@type":"ImageObject","inLanguage":"pl-PL","@id":"https:\/\/lekarzeopole.pl\/wordpress\/product\/nonacne\/#primaryimage","url":"https:\/\/lekarzeopole.pl\/wordpress\/wp-content\/uploads\/2024\/02\/nonacne.jpg","contentUrl":"https:\/\/lekarzeopole.pl\/wordpress\/wp-content\/uploads\/2024\/02\/nonacne.jpg","width":342,"height":530,"caption":"Nonacne"},{"@type":"BreadcrumbList","@id":"https:\/\/lekarzeopole.pl\/wordpress\/product\/nonacne\/#breadcrumb","itemListElement":[{"@type":"ListItem","position":1,"name":"\u0413\u043b\u0430\u0432\u043d\u0430\u044f \u0441\u0442\u0440\u0430\u043d\u0438\u0446\u0430","item":"https:\/\/lekarzeopole.pl\/wordpress\/"},{"@type":"ListItem","position":2,"name":"Zakup","item":"https:\/\/lekarzeopole.pl\/wordpress\/"},{"@type":"ListItem","position":3,"name":"Nonacne"}]},{"@type":"WebSite","@id":"https:\/\/lekarzeopole.pl\/wordpress\/#website","url":"https:\/\/lekarzeopole.pl\/wordpress\/","name":"Lekarze Opole","description":"","potentialAction":[{"@type":"SearchAction","target":{"@type":"EntryPoint","urlTemplate":"https:\/\/lekarzeopole.pl\/wordpress\/?s={search_term_string}"},"query-input":{"@type":"PropertyValueSpecification","valueRequired":true,"valueName":"search_term_string"}}],"inLanguage":"pl-PL"}]}},"_links":{"self":[{"href":"https:\/\/lekarzeopole.pl\/wordpress\/wp-json\/wp\/v2\/product\/608","targetHints":{"allow":["GET"]}}],"collection":[{"href":"https:\/\/lekarzeopole.pl\/wordpress\/wp-json\/wp\/v2\/product"}],"about":[{"href":"https:\/\/lekarzeopole.pl\/wordpress\/wp-json\/wp\/v2\/types\/product"}],"replies":[{"embeddable":true,"href":"https:\/\/lekarzeopole.pl\/wordpress\/wp-json\/wp\/v2\/comments?post=608"}],"wp:featuredmedia":[{"embeddable":true,"href":"https:\/\/lekarzeopole.pl\/wordpress\/wp-json\/wp\/v2\/media\/609"}],"wp:attachment":[{"href":"https:\/\/lekarzeopole.pl\/wordpress\/wp-json\/wp\/v2\/media?parent=608"}],"wp:term":[{"taxonomy":"product_brand","embeddable":true,"href":"https:\/\/lekarzeopole.pl\/wordpress\/wp-json\/wp\/v2\/product_brand?post=608"},{"taxonomy":"product_cat","embeddable":true,"href":"https:\/\/lekarzeopole.pl\/wordpress\/wp-json\/wp\/v2\/product_cat?post=608"},{"taxonomy":"product_tag","embeddable":true,"href":"https:\/\/lekarzeopole.pl\/wordpress\/wp-json\/wp\/v2\/product_tag?post=608"}],"curies":[{"name":"wp","href":"https:\/\/api.w.org\/{rel}","templated":true}]}}