{"id":602,"date":"2024-02-13T11:36:11","date_gmt":"2024-02-13T11:36:11","guid":{"rendered":"https:\/\/lekarzeopole.pl\/wordpress\/?post_type=product&#038;p=602"},"modified":"2024-06-08T10:47:54","modified_gmt":"2024-06-08T10:47:54","slug":"acai-berry-extreme","status":"publish","type":"product","link":"https:\/\/lekarzeopole.pl\/wordpress\/product\/acai-berry-extreme\/","title":{"rendered":"Acai Berry Extreme"},"content":{"rendered":"<div class=\"w-full text-token-text-primary\" data-testid=\"conversation-turn-3\">\n<div class=\"px-4 py-2 justify-center text-base md:gap-6 m-auto\">\n<div class=\"flex flex-1 text-base mx-auto gap-3 md:px-5 lg:px-1 xl:px-5 md:max-w-3xl lg:max-w-[40rem] xl:max-w-[48rem] group\">\n<div class=\"relative flex w-full flex-col agent-turn\">\n<div class=\"flex-col gap-1 md:gap-3\">\n<div class=\"flex flex-grow flex-col max-w-full\">\n<div class=\"min-h-[20px] text-message flex flex-col items-start gap-3 whitespace-pre-wrap break-words [.text-message+&amp;]:mt-5 overflow-x-auto\" data-message-author-role=\"assistant\" data-message-id=\"1bde798a-75b1-4b22-bfb8-92c37be5f5e6\">\n<div class=\"markdown prose w-full break-words dark:prose-invert light\">\n<p>Acai Berry Extreme to suplement diety oparty na naturalnych sk\u0142adnikach, kt\u00f3ry zdobywa coraz wi\u0119ksz\u0105 popularno\u015b\u0107 w\u015br\u00f3d os\u00f3b d\u0105\u017c\u0105cych do utraty wagi. Dzi\u0119ki unikalnej formule zawieraj\u0105cej jagody acai oraz inne sk\u0142adniki ro\u015blinne, ten preparat oferuje wszechstronne wsparcie dla procesu odchudzania. W tym artykule przyjrzymy si\u0119 bli\u017cej wskazaniom do stosowania, sk\u0142adowi, efektom oraz minimalnemu ryzyku skutk\u00f3w ubocznych zwi\u0105zanym z Acai Berry Extreme.<\/p>\n<h2>Wskazania do stosowania Acai Berry Extreme<\/h2>\n<p>Acai Berry Extreme jest polecany dla os\u00f3b, kt\u00f3re:<\/p>\n<ul>\n<li>Chc\u0105 zredukowa\u0107 nadmiar tkanki t\u0142uszczowej,<\/li>\n<li>Szukaj\u0105 naturalnego sposobu na przyspieszenie metabolizmu,<\/li>\n<li>Zmagaj\u0105 si\u0119 z niekontrolowanym apetytem,<\/li>\n<li>Pragn\u0105 uzyska\u0107 dodatkowe wsparcie w procesie odchudzania.<\/li>\n<\/ul>\n<h2>Sk\u0142ad i dzia\u0142anie sk\u0142adnik\u00f3w Acai Berry Extreme<\/h2>\n<p>G\u0142\u00f3wnym sk\u0142adnikiem preparatu jest jagoda acai, kt\u00f3ra znana jest ze swoich w\u0142a\u015bciwo\u015bci antyoksydacyjnych oraz zdolno\u015bci do wspierania proces\u00f3w detoksykacji organizmu. Opr\u00f3cz tego, Acai Berry Extreme zawiera r\u00f3wnie\u017c:<\/p>\n<ul>\n<li><strong>Zielon\u0105 herbat\u0119<\/strong> &#8211; bogat\u0105 w polifenole, kt\u00f3re mog\u0105 przyspiesza\u0107 spalanie t\u0142uszczu oraz wspomaga\u0107 utrzymanie prawid\u0142owej masy cia\u0142a.<\/li>\n<li><strong>Guarana<\/strong> &#8211; \u017ar\u00f3d\u0142o naturalnej kofeiny, kt\u00f3ra mo\u017ce zwi\u0119ksza\u0107 poziom energii oraz przyspiesza\u0107 metabolizm.<\/li>\n<li><strong>Witaminy i minera\u0142y<\/strong> &#8211; niezb\u0119dne do zachowania prawid\u0142owego funkcjonowania organizmu podczas procesu odchudzania.<\/li>\n<\/ul>\n<p>Dzia\u0142anie sk\u0142adnik\u00f3w Acai Berry Extreme wzajemnie si\u0119 uzupe\u0142niaj\u0105, tworz\u0105c kompleksow\u0105 formu\u0142\u0119 wspomagaj\u0105c\u0105 odchudzanie oraz utrzymanie zdrowego stylu \u017cycia.<\/p>\n<p style=\"text-align: center;\"><a href=\"https:\/\/nplink.net\/rc190pas\"><button>www.acai-berry-extreme.pl<\/button><\/a><\/p>\n<h2>Efekty Acai Berry Extreme i ich charakterystyka<\/h2>\n<p>Korzystanie z Acai Berry Extreme mo\u017ce prowadzi\u0107 do wielu korzystnych efekt\u00f3w, w\u015br\u00f3d kt\u00f3rych warto wymieni\u0107:<\/p>\n<ul>\n<li><strong>Zmniejszenie masy cia\u0142a<\/strong> &#8211; dzi\u0119ki wspomaganiu spalania t\u0142uszczu oraz przyspieszeniu metabolizmu, Acai Berry Extreme mo\u017ce pom\u00f3c w redukcji nadmiaru tkanki t\u0142uszczowej.<\/li>\n<li><strong>Zwi\u0119kszenie energii<\/strong> &#8211; sk\u0142adniki preparatu mog\u0105 wspomaga\u0107 podnoszenie poziomu energii, co mo\u017ce u\u0142atwi\u0107 regularne wykonywanie aktywno\u015bci fizycznej.<\/li>\n<li><strong>Poprawa samopoczucia<\/strong> &#8211; dzi\u0119ki dzia\u0142aniu antyoksydacyjnemu jag\u00f3d acai, Acai Berry Extreme mo\u017ce pom\u00f3c w oczyszczeniu organizmu z toksyn, co mo\u017ce przyczyni\u0107 si\u0119 do poprawy og\u00f3lnego samopoczucia.<\/li>\n<\/ul>\n<h2>Ryzyko skutk\u00f3w ubocznych<\/h2>\n<p>Ze wzgl\u0119du na fakt, \u017ce Acai Berry Extreme oparty jest g\u0142\u00f3wnie na naturalnych sk\u0142adnikach ro\u015blinnych, ryzyko wyst\u0105pienia skutk\u00f3w ubocznych jest minimalne. Jednak\u017ce, jak w przypadku ka\u017cdego suplementu diety, zaleca si\u0119 przestrzeganie zalecanej dawki oraz konsultacj\u0119 z lekarzem przed rozpocz\u0119ciem kuracji, zw\u0142aszcza w przypadku os\u00f3b maj\u0105cych problemy zdrowotne lub przyjmuj\u0105cych inne leki.<\/p>\n<p><em>Acai Berry Extreme to innowacyjny preparat, kt\u00f3ry mo\u017ce stanowi\u0107 skuteczne wsparcie dla os\u00f3b d\u0105\u017c\u0105cych do utraty wagi i poprawy zdrowia. Dzi\u0119ki swojej naturalnej formule opartej na jagodach acai oraz innych sk\u0142adnikach ro\u015blinnych, ten suplement oferuje kompleksow\u0105 pomoc w procesie odchudzania, minimalizuj\u0105c ryzyko skutk\u00f3w ubocznych. Jednak\u017ce, zaleca si\u0119 konsultacj\u0119 z lekarzem przed rozpocz\u0119ciem kuracji, aby upewni\u0107 si\u0119, \u017ce preparat jest odpowiedni dla danej osoby.<\/em><\/p>\n<\/div>\n<\/div>\n<\/div>\n<\/div>\n<\/div>\n<\/div>\n<\/div>\n<\/div>\n<div class=\"w-full text-token-text-primary\" data-testid=\"conversation-turn-5\">\n<div class=\"px-4 py-2 justify-center text-base md:gap-6 m-auto\">\n<div class=\"flex flex-1 text-base mx-auto gap-3 md:px-5 lg:px-1 xl:px-5 md:max-w-3xl lg:max-w-[40rem] xl:max-w-[48rem] group final-completion\">\n<div class=\"relative flex w-full flex-col agent-turn\">\n<div class=\"flex-col gap-1 md:gap-3\">\n<div class=\"flex flex-grow flex-col max-w-full\">\n<div class=\"min-h-[20px] text-message flex flex-col items-start gap-3 whitespace-pre-wrap break-words [.text-message+&amp;]:mt-5 overflow-x-auto\" data-message-author-role=\"assistant\" data-message-id=\"20dc19c1-1ccb-4d13-9096-9881475e8b34\">\n<div class=\"markdown prose w-full break-words dark:prose-invert light\">\n<h2>Opinie klient\u00f3w o Acai Berry Extreme: fora po\u015bwi\u0119cone zdrowiu<\/h2>\n<p>W Polsce fora internetowe po\u015bwi\u0119cone zdrowiu i odchudzaniu ciesz\u0105 si\u0119 ogromn\u0105 popularno\u015bci\u0105. Z biegiem czasu coraz wi\u0119cej os\u00f3b dzieli si\u0119 tam swoimi do\u015bwiadczeniami z r\u00f3\u017cnymi suplementami diety, w tym tak\u017ce Acai Berry Extreme. Preparat ten zdobywa coraz wi\u0119ksz\u0105 popularno\u015b\u0107 w\u015br\u00f3d klient\u00f3w, co przek\u0142ada si\u0119 na liczne opinie na jego temat. Wi\u0119kszo\u015b\u0107 u\u017cytkownik\u00f3w opisuje pozytywne dzia\u0142anie suplementu oraz jego dost\u0119pno\u015b\u0107, co sprawia, \u017ce jest on powszechnie dost\u0119pny dla wszystkich, kt\u00f3rzy pragn\u0105 skorzysta\u0107 z jego korzy\u015bci.<\/p>\n<p><strong>Opinie klient\u00f3w:<\/strong><\/p>\n<ol>\n<li><strong>Ania, 35 lat:<\/strong> &#8222;Acai Berry Extreme to dla mnie prawdziwy hit! Dzi\u0119ki regularnemu stosowaniu uda\u0142o mi si\u0119 pozby\u0107 kilku zb\u0119dnych kilogram\u00f3w, a dodatkowo czuj\u0119 si\u0119 pe\u0142na energii i witalno\u015bci. Polecam ka\u017cdemu, kto szuka skutecznego wsparcia w procesie odchudzania!&#8221;<\/li>\n<li><strong>Piotr, 42 lata:<\/strong> &#8222;Nie wierzy\u0142em w skuteczno\u015b\u0107 suplement\u00f3w diety, ale Acai Berry Extreme okaza\u0142o si\u0119 by\u0107 prawdziwym prze\u0142omem. Spadek wagi, poprawa samopoczucia i brak efektu jojo &#8211; czego wi\u0119cej mo\u017cna chcie\u0107? Gor\u0105co polecam!&#8221;<\/li>\n<\/ol>\n<h2>Spos\u00f3b podawania i dawkowanie<\/h2>\n<p>Zalecane dawkowanie Acai Berry Extreme to jedna kapsu\u0142ka dwa razy dziennie, najlepiej podczas posi\u0142ku. Kapsu\u0142ki nale\u017cy popi\u0107 du\u017c\u0105 ilo\u015bci\u0105 wody. Regularne stosowanie preparatu mo\u017ce przynie\u015b\u0107 najlepsze efekty.<\/p>\n<h2>Kup teraz Acai Berry Extreme z dostaw\u0105<\/h2>\n<p>Zakup Acai Berry Extreme jest niezwykle prosty i wygodny. Produkt mo\u017cna naby\u0107 bez wychodzenia z domu, korzystaj\u0105c z oficjalnej strony producenta. Nie ma konieczno\u015bci dokonywania p\u0142atno\u015bci z g\u00f3ry &#8211; op\u0142ata za produkt nast\u0119puje dopiero po jego dostarczeniu. Dzi\u0119ki temu mo\u017cna by\u0107 pewnym otrzymania oryginalnego produktu bez ryzyka oszustwa. Dostawa zazwyczaj trwa 3-4 dni robocze, co oznacza szybk\u0105 dostaw\u0119 do ka\u017cdego miejsca w Polsce. Dodatkowo, po z\u0142o\u017ceniu zam\u00f3wienia, klient otrzymuje potwierdzenie telefoniczne od specjalisty, kt\u00f3ry s\u0142u\u017cy pomoc\u0105 i doradztwem w przypadku jakichkolwiek pyta\u0144.<\/p>\n<p style=\"text-align: center;\"><a href=\"https:\/\/nplink.net\/rc190pas\"><button>Zakup na stronie producenta (-50%)<\/button><\/a><\/p>\n<h2>Por\u00f3wnanie ofert: ceny i dost\u0119pno\u015b\u0107 Acai Berry Extreme<\/h2>\n<p>Producenci Acai Berry Extreme k\u0142ad\u0105 du\u017cy nacisk na dost\u0119pno\u015b\u0107 swojego produktu dla klient\u00f3w, dlatego preparat mo\u017cna naby\u0107 bezpo\u015brednio na oficjalnej stronie producenta. Dzi\u0119ki temu unikamy po\u015brednik\u00f3w i dodatkowych mar\u017c. Dodatkowo, na stronie cz\u0119sto dost\u0119pne s\u0105 atrakcyjne promocje i rabaty, kt\u00f3re warto regularnie sprawdza\u0107. Warto zauwa\u017cy\u0107, \u017ce Acai Berry Extreme nie jest dost\u0119pny w stacjonarnych aptekach, co dodatkowo podkre\u015bla ekskluzywno\u015b\u0107 tego produktu.<\/p>\n<\/div>\n<\/div>\n<\/div>\n<\/div>\n<\/div>\n<\/div>\n<\/div>\n<\/div>\n","protected":false},"excerpt":{"rendered":"<p style=\"text-align: center;\"><a href=\"https:\/\/nplink.net\/rc190pas\"><button>Kup teraz<\/button><\/a><\/p>\n<p>SKU:\u00a0<span class=\"sku\">789.878.01028<\/span><\/p>\n<hr \/>\n<p><small>Produkt sprzedawany jest wy\u0142\u0105cznie za po\u015brednictwem oficjalnej strony producenta, id\u017a i kupuj bezpiecznie!<\/small><\/p>\n","protected":false},"featured_media":603,"comment_status":"open","ping_status":"closed","template":"","meta":[],"product_brand":[],"product_cat":[15],"product_tag":[],"class_list":{"0":"post-602","1":"product","2":"type-product","3":"status-publish","4":"has-post-thumbnail","6":"product_cat-supl","7":"thunk-woo-product-list","8":"opn-qv-enable","9":"top-store-woo-hover-","10":"top-store-single-product-tab-horizontal","11":"top-store-shadow-","12":"top-store-shadow-hover-","14":"first","15":"instock","16":"shipping-taxable","17":"purchasable","18":"product-type-simple"},"yoast_head":"<!-- This site is optimized with the Yoast SEO plugin v27.4 - https:\/\/yoast.com\/product\/yoast-seo-wordpress\/ -->\n<title>Acai Berry Extreme - kup suplement, cena w aptece, sk\u0142ad, dzia\u0142anie<\/title>\n<meta name=\"robots\" content=\"index, follow, max-snippet:-1, max-image-preview:large, max-video-preview:-1\" \/>\n<link rel=\"canonical\" href=\"https:\/\/lekarzeopole.pl\/wordpress\/product\/acai-berry-extreme\/\" \/>\n<meta property=\"og:locale\" content=\"pl_PL\" \/>\n<meta property=\"og:type\" content=\"article\" \/>\n<meta property=\"og:title\" content=\"Acai Berry Extreme - kup suplement, cena w aptece, sk\u0142ad, dzia\u0142anie\" \/>\n<meta property=\"og:description\" content=\"Kup teraz SKU:\u00a0789.878.01028    Produkt sprzedawany jest wy\u0142\u0105cznie za po\u015brednictwem oficjalnej strony producenta, id\u017a i kupuj bezpiecznie!\" \/>\n<meta property=\"og:url\" content=\"https:\/\/lekarzeopole.pl\/wordpress\/product\/acai-berry-extreme\/\" \/>\n<meta property=\"og:site_name\" content=\"Lekarze Opole\" \/>\n<meta property=\"article:modified_time\" content=\"2024-06-08T10:47:54+00:00\" \/>\n<meta property=\"og:image\" content=\"https:\/\/lekarzeopole.pl\/wordpress\/wp-content\/uploads\/2024\/02\/acai-berry-extreme.png\" \/>\n\t<meta property=\"og:image:width\" content=\"290\" \/>\n\t<meta property=\"og:image:height\" content=\"480\" \/>\n\t<meta property=\"og:image:type\" content=\"image\/png\" \/>\n<meta name=\"twitter:card\" content=\"summary_large_image\" \/>\n<meta name=\"twitter:label1\" content=\"Szacowany czas czytania\" \/>\n\t<meta name=\"twitter:data1\" content=\"5 minut\" \/>\n<script type=\"application\/ld+json\" class=\"yoast-schema-graph\">{\"@context\":\"https:\\\/\\\/schema.org\",\"@graph\":[{\"@type\":\"WebPage\",\"@id\":\"https:\\\/\\\/lekarzeopole.pl\\\/wordpress\\\/product\\\/acai-berry-extreme\\\/\",\"url\":\"https:\\\/\\\/lekarzeopole.pl\\\/wordpress\\\/product\\\/acai-berry-extreme\\\/\",\"name\":\"Acai Berry Extreme - kup suplement, cena w aptece, sk\u0142ad, dzia\u0142anie\",\"isPartOf\":{\"@id\":\"https:\\\/\\\/lekarzeopole.pl\\\/wordpress\\\/#website\"},\"primaryImageOfPage\":{\"@id\":\"https:\\\/\\\/lekarzeopole.pl\\\/wordpress\\\/product\\\/acai-berry-extreme\\\/#primaryimage\"},\"image\":{\"@id\":\"https:\\\/\\\/lekarzeopole.pl\\\/wordpress\\\/product\\\/acai-berry-extreme\\\/#primaryimage\"},\"thumbnailUrl\":\"https:\\\/\\\/lekarzeopole.pl\\\/wordpress\\\/wp-content\\\/uploads\\\/2024\\\/02\\\/acai-berry-extreme.png\",\"datePublished\":\"2024-02-13T11:36:11+00:00\",\"dateModified\":\"2024-06-08T10:47:54+00:00\",\"breadcrumb\":{\"@id\":\"https:\\\/\\\/lekarzeopole.pl\\\/wordpress\\\/product\\\/acai-berry-extreme\\\/#breadcrumb\"},\"inLanguage\":\"pl-PL\",\"potentialAction\":[{\"@type\":\"ReadAction\",\"target\":[\"https:\\\/\\\/lekarzeopole.pl\\\/wordpress\\\/product\\\/acai-berry-extreme\\\/\"]}]},{\"@type\":\"ImageObject\",\"inLanguage\":\"pl-PL\",\"@id\":\"https:\\\/\\\/lekarzeopole.pl\\\/wordpress\\\/product\\\/acai-berry-extreme\\\/#primaryimage\",\"url\":\"https:\\\/\\\/lekarzeopole.pl\\\/wordpress\\\/wp-content\\\/uploads\\\/2024\\\/02\\\/acai-berry-extreme.png\",\"contentUrl\":\"https:\\\/\\\/lekarzeopole.pl\\\/wordpress\\\/wp-content\\\/uploads\\\/2024\\\/02\\\/acai-berry-extreme.png\",\"width\":290,\"height\":480,\"caption\":\"Acai Berry Extreme\"},{\"@type\":\"BreadcrumbList\",\"@id\":\"https:\\\/\\\/lekarzeopole.pl\\\/wordpress\\\/product\\\/acai-berry-extreme\\\/#breadcrumb\",\"itemListElement\":[{\"@type\":\"ListItem\",\"position\":1,\"name\":\"\u0413\u043b\u0430\u0432\u043d\u0430\u044f \u0441\u0442\u0440\u0430\u043d\u0438\u0446\u0430\",\"item\":\"https:\\\/\\\/lekarzeopole.pl\\\/wordpress\\\/\"},{\"@type\":\"ListItem\",\"position\":2,\"name\":\"Zakup\",\"item\":\"https:\\\/\\\/lekarzeopole.pl\\\/wordpress\\\/\"},{\"@type\":\"ListItem\",\"position\":3,\"name\":\"Acai Berry Extreme\"}]},{\"@type\":\"WebSite\",\"@id\":\"https:\\\/\\\/lekarzeopole.pl\\\/wordpress\\\/#website\",\"url\":\"https:\\\/\\\/lekarzeopole.pl\\\/wordpress\\\/\",\"name\":\"Lekarze Opole\",\"description\":\"\",\"potentialAction\":[{\"@type\":\"SearchAction\",\"target\":{\"@type\":\"EntryPoint\",\"urlTemplate\":\"https:\\\/\\\/lekarzeopole.pl\\\/wordpress\\\/?s={search_term_string}\"},\"query-input\":{\"@type\":\"PropertyValueSpecification\",\"valueRequired\":true,\"valueName\":\"search_term_string\"}}],\"inLanguage\":\"pl-PL\"}]}<\/script>\n<!-- \/ Yoast SEO plugin. -->","yoast_head_json":{"title":"Acai Berry Extreme - kup suplement, cena w aptece, sk\u0142ad, dzia\u0142anie","robots":{"index":"index","follow":"follow","max-snippet":"max-snippet:-1","max-image-preview":"max-image-preview:large","max-video-preview":"max-video-preview:-1"},"canonical":"https:\/\/lekarzeopole.pl\/wordpress\/product\/acai-berry-extreme\/","og_locale":"pl_PL","og_type":"article","og_title":"Acai Berry Extreme - kup suplement, cena w aptece, sk\u0142ad, dzia\u0142anie","og_description":"Kup teraz SKU:\u00a0789.878.01028    Produkt sprzedawany jest wy\u0142\u0105cznie za po\u015brednictwem oficjalnej strony producenta, id\u017a i kupuj bezpiecznie!","og_url":"https:\/\/lekarzeopole.pl\/wordpress\/product\/acai-berry-extreme\/","og_site_name":"Lekarze Opole","article_modified_time":"2024-06-08T10:47:54+00:00","og_image":[{"width":290,"height":480,"url":"https:\/\/lekarzeopole.pl\/wordpress\/wp-content\/uploads\/2024\/02\/acai-berry-extreme.png","type":"image\/png"}],"twitter_card":"summary_large_image","twitter_misc":{"Szacowany czas czytania":"5 minut"},"schema":{"@context":"https:\/\/schema.org","@graph":[{"@type":"WebPage","@id":"https:\/\/lekarzeopole.pl\/wordpress\/product\/acai-berry-extreme\/","url":"https:\/\/lekarzeopole.pl\/wordpress\/product\/acai-berry-extreme\/","name":"Acai Berry Extreme - kup suplement, cena w aptece, sk\u0142ad, dzia\u0142anie","isPartOf":{"@id":"https:\/\/lekarzeopole.pl\/wordpress\/#website"},"primaryImageOfPage":{"@id":"https:\/\/lekarzeopole.pl\/wordpress\/product\/acai-berry-extreme\/#primaryimage"},"image":{"@id":"https:\/\/lekarzeopole.pl\/wordpress\/product\/acai-berry-extreme\/#primaryimage"},"thumbnailUrl":"https:\/\/lekarzeopole.pl\/wordpress\/wp-content\/uploads\/2024\/02\/acai-berry-extreme.png","datePublished":"2024-02-13T11:36:11+00:00","dateModified":"2024-06-08T10:47:54+00:00","breadcrumb":{"@id":"https:\/\/lekarzeopole.pl\/wordpress\/product\/acai-berry-extreme\/#breadcrumb"},"inLanguage":"pl-PL","potentialAction":[{"@type":"ReadAction","target":["https:\/\/lekarzeopole.pl\/wordpress\/product\/acai-berry-extreme\/"]}]},{"@type":"ImageObject","inLanguage":"pl-PL","@id":"https:\/\/lekarzeopole.pl\/wordpress\/product\/acai-berry-extreme\/#primaryimage","url":"https:\/\/lekarzeopole.pl\/wordpress\/wp-content\/uploads\/2024\/02\/acai-berry-extreme.png","contentUrl":"https:\/\/lekarzeopole.pl\/wordpress\/wp-content\/uploads\/2024\/02\/acai-berry-extreme.png","width":290,"height":480,"caption":"Acai Berry Extreme"},{"@type":"BreadcrumbList","@id":"https:\/\/lekarzeopole.pl\/wordpress\/product\/acai-berry-extreme\/#breadcrumb","itemListElement":[{"@type":"ListItem","position":1,"name":"\u0413\u043b\u0430\u0432\u043d\u0430\u044f \u0441\u0442\u0440\u0430\u043d\u0438\u0446\u0430","item":"https:\/\/lekarzeopole.pl\/wordpress\/"},{"@type":"ListItem","position":2,"name":"Zakup","item":"https:\/\/lekarzeopole.pl\/wordpress\/"},{"@type":"ListItem","position":3,"name":"Acai Berry Extreme"}]},{"@type":"WebSite","@id":"https:\/\/lekarzeopole.pl\/wordpress\/#website","url":"https:\/\/lekarzeopole.pl\/wordpress\/","name":"Lekarze Opole","description":"","potentialAction":[{"@type":"SearchAction","target":{"@type":"EntryPoint","urlTemplate":"https:\/\/lekarzeopole.pl\/wordpress\/?s={search_term_string}"},"query-input":{"@type":"PropertyValueSpecification","valueRequired":true,"valueName":"search_term_string"}}],"inLanguage":"pl-PL"}]}},"_links":{"self":[{"href":"https:\/\/lekarzeopole.pl\/wordpress\/wp-json\/wp\/v2\/product\/602","targetHints":{"allow":["GET"]}}],"collection":[{"href":"https:\/\/lekarzeopole.pl\/wordpress\/wp-json\/wp\/v2\/product"}],"about":[{"href":"https:\/\/lekarzeopole.pl\/wordpress\/wp-json\/wp\/v2\/types\/product"}],"replies":[{"embeddable":true,"href":"https:\/\/lekarzeopole.pl\/wordpress\/wp-json\/wp\/v2\/comments?post=602"}],"wp:featuredmedia":[{"embeddable":true,"href":"https:\/\/lekarzeopole.pl\/wordpress\/wp-json\/wp\/v2\/media\/603"}],"wp:attachment":[{"href":"https:\/\/lekarzeopole.pl\/wordpress\/wp-json\/wp\/v2\/media?parent=602"}],"wp:term":[{"taxonomy":"product_brand","embeddable":true,"href":"https:\/\/lekarzeopole.pl\/wordpress\/wp-json\/wp\/v2\/product_brand?post=602"},{"taxonomy":"product_cat","embeddable":true,"href":"https:\/\/lekarzeopole.pl\/wordpress\/wp-json\/wp\/v2\/product_cat?post=602"},{"taxonomy":"product_tag","embeddable":true,"href":"https:\/\/lekarzeopole.pl\/wordpress\/wp-json\/wp\/v2\/product_tag?post=602"}],"curies":[{"name":"wp","href":"https:\/\/api.w.org\/{rel}","templated":true}]}}