{"id":594,"date":"2024-02-13T10:52:36","date_gmt":"2024-02-13T10:52:36","guid":{"rendered":"https:\/\/lekarzeopole.pl\/wordpress\/?post_type=product&#038;p=594"},"modified":"2024-06-08T10:00:21","modified_gmt":"2024-06-08T10:00:21","slug":"mass-extreme","status":"publish","type":"product","link":"https:\/\/lekarzeopole.pl\/wordpress\/product\/mass-extreme\/","title":{"rendered":"Mass Extreme"},"content":{"rendered":"<div class=\"w-full text-token-text-primary\" data-testid=\"conversation-turn-3\">\n<div class=\"px-4 py-2 justify-center text-base md:gap-6 m-auto\">\n<div class=\"flex flex-1 text-base mx-auto gap-3 md:px-5 lg:px-1 xl:px-5 md:max-w-3xl lg:max-w-[40rem] xl:max-w-[48rem] group\">\n<div class=\"relative flex w-full flex-col agent-turn\">\n<div class=\"flex-col gap-1 md:gap-3\">\n<div class=\"flex flex-grow flex-col max-w-full\">\n<div class=\"min-h-[20px] text-message flex flex-col items-start gap-3 whitespace-pre-wrap break-words [.text-message+&amp;]:mt-5 overflow-x-auto\" data-message-author-role=\"assistant\" data-message-id=\"9f503431-7a54-4d40-9f7e-69a135dd6e9d\">\n<div class=\"markdown prose w-full break-words dark:prose-invert light\">\n<p>Mass Extreme to innowacyjne kapsu\u0142ki, kt\u00f3re zosta\u0142y stworzone z my\u015bl\u0105 o osobach pragn\u0105cych skutecznie zwi\u0119kszy\u0107 mas\u0119 mi\u0119\u015bniow\u0105, poprawi\u0107 swoj\u0105 sylwetk\u0119 oraz zyska\u0107 dodatkow\u0105 energi\u0119 do intensywnych trening\u00f3w. Preparat ten dedykowany jest przede wszystkim osobom aktywnym fizycznie, trenuj\u0105cym na si\u0142owni lub uprawiaj\u0105cym sporty wymagaj\u0105ce wytrzyma\u0142o\u015bci oraz si\u0142y. Jest idealnym rozwi\u0105zaniem zar\u00f3wno dla pocz\u0105tkuj\u0105cych, kt\u00f3rzy dopiero rozpoczynaj\u0105 swoj\u0105 przygod\u0119 z treningami, jak i dla zaawansowanych sportowc\u00f3w, d\u0105\u017c\u0105cych do osi\u0105gni\u0119cia wy\u017cszych cel\u00f3w w swojej dyscyplinie. Mass Extreme to wsparcie dla wszystkich, kt\u00f3rzy pragn\u0105 szybko i efektywnie osi\u0105gn\u0105\u0107 wymarzon\u0105 sylwetk\u0119 oraz poprawi\u0107 swoje osi\u0105gi sportowe.<\/p>\n<h2>Sk\u0142ad i dzia\u0142anie sk\u0142adnik\u00f3w Mass Extreme<\/h2>\n<p>Mass Extreme zawiera starannie dobran\u0105 kombinacj\u0119 naturalnych sk\u0142adnik\u00f3w, kt\u00f3re dzia\u0142aj\u0105 synergistycznie, wspomagaj\u0105c budow\u0119 masy mi\u0119\u015bniowej oraz poprawiaj\u0105c og\u00f3ln\u0105 wydolno\u015b\u0107 organizmu. G\u0142\u00f3wne sk\u0142adniki preparatu to:<\/p>\n<ol>\n<li><strong>Beta-alanina<\/strong>: Wspomaga regeneracj\u0119 mi\u0119\u015bni po treningu, poprawia wytrzyma\u0142o\u015b\u0107 oraz pozwala na wykonanie wi\u0119kszej ilo\u015bci powt\u00f3rze\u0144 podczas \u0107wicze\u0144.<\/li>\n<li><strong>Kwas d-asparaginowy<\/strong>: Pomaga zwi\u0119kszy\u0107 wydzielanie testosteronu, co przyspiesza proces budowy masy mi\u0119\u015bniowej.<\/li>\n<li><strong>Kreatyna<\/strong>: Znana ze swojego dzia\u0142ania anabolicznego, pomaga w szybszej regeneracji mi\u0119\u015bni oraz zwi\u0119ksza si\u0142\u0119 i wytrzyma\u0142o\u015b\u0107 podczas trening\u00f3w.<\/li>\n<li><strong>L-arginina<\/strong>: Poprawia kr\u0105\u017cenie krwi, co przek\u0142ada si\u0119 na lepszy transport sk\u0142adnik\u00f3w od\u017cywczych do mi\u0119\u015bni oraz zwi\u0119kszon\u0105 pomp\u0119 mi\u0119\u015bniow\u0105 podczas treningu.<\/li>\n<li><strong>Kwas alfa-liponowy<\/strong>: Posiada silne w\u0142a\u015bciwo\u015bci antyoksydacyjne, chroni\u0105c kom\u00f3rki mi\u0119\u015bniowe przed uszkodzeniami spowodowanymi stresem oksydacyjnym.<\/li>\n<\/ol>\n<p>Dzi\u0119ki synergicznemu dzia\u0142aniu tych sk\u0142adnik\u00f3w Mass Extreme staje si\u0119 kompleksowym wsparciem dla os\u00f3b aktywnie trenuj\u0105cych, pomagaj\u0105c im osi\u0105gn\u0105\u0107 szybsze i bardziej zadowalaj\u0105ce rezultaty.<\/p>\n<h2>Efekty Mass Extreme i ich charakterystyka<\/h2>\n<p>Po regularnym stosowaniu Mass Extreme mo\u017cna zauwa\u017cy\u0107 szereg pozytywnych efekt\u00f3w, kt\u00f3re przek\u0142adaj\u0105 si\u0119 na popraw\u0119 sylwetki oraz osi\u0105gane wyniki podczas trening\u00f3w. Nale\u017c\u0105 do nich:<\/p>\n<ol>\n<li><strong>Zwi\u0119kszenie masy mi\u0119\u015bniowej<\/strong>: Regularne stosowanie preparatu pozwala na szybsz\u0105 i efektywniejsz\u0105 budow\u0119 masy mi\u0119\u015bniowej, co jest szczeg\u00f3lnie istotne dla os\u00f3b pragn\u0105cych zyska\u0107 muskulatur\u0119 o wyra\u017anie zdefiniowanej sylwetce.<\/li>\n<li><strong>Poprawa wydolno\u015bci fizycznej<\/strong>: Sk\u0142adniki aktywne Mass Extreme wspieraj\u0105 procesy metaboliczne oraz energetyczne organizmu, co przek\u0142ada si\u0119 na zwi\u0119kszon\u0105 wytrzyma\u0142o\u015b\u0107 podczas trening\u00f3w oraz mo\u017cliwo\u015b\u0107 wykonania wi\u0119kszej ilo\u015bci powt\u00f3rze\u0144.<\/li>\n<li><strong>Szybsza regeneracja mi\u0119\u015bni<\/strong>: Dzi\u0119ki w\u0142a\u015bciwo\u015bciom regeneruj\u0105cym preparatu, mi\u0119\u015bnie regeneruj\u0105 si\u0119 szybciej po intensywnym wysi\u0142ku fizycznym, co pozwala na szybsze powroty do trening\u00f3w oraz minimalizuje ryzyko kontuzji.<\/li>\n<li><strong>Zwi\u0119kszona motywacja i koncentracja<\/strong>: Dodatkowa energia oraz poprawa samopoczucia pozwala na bardziej efektywne i intensywne treningi, co z kolei przek\u0142ada si\u0119 na szybsze osi\u0105ganie zamierzonych cel\u00f3w.<\/li>\n<\/ol>\n<p style=\"text-align: center;\"><a href=\"https:\/\/nplink.net\/oygwb7fu\"><button>www.mass-extreme.pl<\/button><\/a><\/p>\n<h2>Ryzyko skutk\u00f3w ubocznych<\/h2>\n<p>Mass Extreme zosta\u0142 stworzony z my\u015bl\u0105 o bezpiecze\u0144stwie u\u017cytkownik\u00f3w, dlatego sk\u0142adniki aktywne preparatu s\u0105 starannie wyselekcjonowane oraz pochodz\u0105 z naturalnych \u017ar\u00f3de\u0142. Dzi\u0119ki temu ryzyko wyst\u0105pienia skutk\u00f3w ubocznych jest minimalne, a preparat jest dobrze tolerowany przez organizm. Przed rozpocz\u0119ciem stosowania Mass Extreme zaleca si\u0119 jednak skonsultowanie si\u0119 z lekarzem, zw\u0142aszcza w przypadku os\u00f3b maj\u0105cych problemy zdrowotne lub przyjmuj\u0105cych inne leki.<\/p>\n<\/div>\n<\/div>\n<\/div>\n<\/div>\n<\/div>\n<\/div>\n<\/div>\n<\/div>\n<div class=\"w-full text-token-text-primary\" data-testid=\"conversation-turn-5\">\n<div class=\"px-4 py-2 justify-center text-base md:gap-6 m-auto\">\n<div class=\"flex flex-1 text-base mx-auto gap-3 md:px-5 lg:px-1 xl:px-5 md:max-w-3xl lg:max-w-[40rem] xl:max-w-[48rem] group final-completion\">\n<div class=\"relative flex w-full flex-col agent-turn\">\n<div class=\"flex-col gap-1 md:gap-3\">\n<div class=\"flex flex-grow flex-col max-w-full\">\n<div class=\"min-h-[20px] text-message flex flex-col items-start gap-3 whitespace-pre-wrap break-words [.text-message+&amp;]:mt-5 overflow-x-auto\" data-message-author-role=\"assistant\" data-message-id=\"c7df08ec-c349-408b-805a-bfcd8483a826\">\n<div class=\"markdown prose w-full break-words dark:prose-invert light\">\n<h2>Opinie klient\u00f3w o Mass Extreme: fora po\u015bwi\u0119cone zdrowiu<\/h2>\n<p>W Polsce fora internetowe po\u015bwi\u0119cone zdrowiu i aktywno\u015bci fizycznej ciesz\u0105 si\u0119 ogromn\u0105 popularno\u015bci\u0105. To miejsca, gdzie osoby zainteresowane zdrowym stylem \u017cycia dziel\u0105 si\u0119 swoimi do\u015bwiadczeniami, radami oraz opiniami na temat r\u00f3\u017cnych produkt\u00f3w i suplement\u00f3w. W ostatnich latach preparat Mass Extreme zdoby\u0142 znaczn\u0105 popularno\u015b\u0107 w\u015br\u00f3d u\u017cytkownik\u00f3w tych platform, co znajduje odzwierciedlenie w licznych opinii i recenzjach. Wi\u0119kszo\u015b\u0107 u\u017cytkownik\u00f3w opisuje pozytywne do\u015bwiadczenia zwi\u0105zane z u\u017cywaniem tego preparatu, podkre\u015blaj\u0105c jego skuteczno\u015b\u0107, dost\u0119pno\u015b\u0107 oraz bezpiecze\u0144stwo stosowania.<\/p>\n<p><strong>Opinie u\u017cytkownik\u00f3w:<\/strong><\/p>\n<ol>\n<li><strong>Janusz, 35 lat:<\/strong> &#8222;Mass Extreme to produkt, kt\u00f3ry znacz\u0105co pom\u00f3g\u0142 mi w osi\u0105gni\u0119ciu moich cel\u00f3w treningowych. Widzia\u0142em znaczn\u0105 popraw\u0119 w budowie masy mi\u0119\u015bniowej ju\u017c po kilku tygodniach stosowania. Dodatkowo, czuj\u0119 si\u0119 bardziej energiczny i gotowy do intensywnych trening\u00f3w. Polecam ka\u017cdemu, kto szuka skutecznego wsparcia w budowaniu sylwetki!&#8221;<\/li>\n<li><strong>Katarzyna, 28 lat:<\/strong> &#8222;Jestem bardzo zadowolona z efekt\u00f3w, jakie uzyska\u0142am dzi\u0119ki Mass Extreme. Nie tylko zyska\u0142am na masie mi\u0119\u015bniowej, ale r\u00f3wnie\u017c poprawi\u0142a si\u0119 moja wytrzyma\u0142o\u015b\u0107 podczas trening\u00f3w. Dodatkowo, nie do\u015bwiadczy\u0142am \u017cadnych skutk\u00f3w ubocznych, co dla mnie by\u0142o bardzo istotne. Gor\u0105co polecam ten preparat ka\u017cdemu, kto pragnie szybko osi\u0105gn\u0105\u0107 wymarzon\u0105 sylwetk\u0119!&#8221;<\/li>\n<\/ol>\n<h2>Spos\u00f3b podawania i dawkowanie<\/h2>\n<p>Preparat Mass Extreme jest \u0142atwy w u\u017cyciu, co czyni go wygodnym rozwi\u0105zaniem dla os\u00f3b aktywnych fizycznie. Zalecane dawkowanie to 2 kapsu\u0142ki dziennie, najlepiej spo\u017cywane podczas posi\u0142ku. Przed rozpocz\u0119ciem stosowania preparatu zaleca si\u0119 zapoznanie si\u0119 z ulotk\u0105 informacyjn\u0105 oraz ewentualne skonsultowanie si\u0119 z lekarzem, zw\u0142aszcza w przypadku os\u00f3b maj\u0105cych schorzenia zdrowotne lub przyjmuj\u0105cych inne leki.<\/p>\n<h2>Kup teraz Mass Extreme z dostaw\u0105<\/h2>\n<p>Zam\u00f3wienie preparatu Mass Extreme jest szybkie i wygodne. Produkt mo\u017cna naby\u0107 bezpo\u015brednio na oficjalnej stronie internetowej producenta, co eliminuje ryzyko zakupu podr\u00f3bek oraz pozwala na skorzystanie z aktualnych promocji i rabat\u00f3w. Op\u0142ata za produkt odbywa si\u0119 przy odbiorze, co dodatkowo zwi\u0119ksza bezpiecze\u0144stwo transakcji. Dostawa realizowana jest w ci\u0105gu 3-4 dni roboczych na terenie Polski. Po z\u0142o\u017ceniu zam\u00f3wienia, klient otrzymuje r\u00f3wnie\u017c potwierdzenie telefoniczne od specjalisty, kt\u00f3ry s\u0142u\u017cy pomoc\u0105 oraz informacjami na temat dost\u0119pno\u015bci produktu oraz ewentualnych promocji.<\/p>\n<p style=\"text-align: center;\"><a href=\"https:\/\/nplink.net\/oygwb7fu\"><button>Zakup na stronie producenta (-50%)<\/button><\/a><\/p>\n<h2>Por\u00f3wnanie ofert: ceny i dost\u0119pno\u015b\u0107 Mass Extreme<\/h2>\n<p>Producent Mass Extreme stawia na bezpo\u015bredni kontakt z klientem oraz maksymaln\u0105 dost\u0119pno\u015b\u0107 swojego produktu. Dlatego te\u017c preparat nie jest dost\u0119pny w stacjonarnych aptekach, a jedynie na oficjalnej stronie producenta. Jest to gwarancja otrzymania oryginalnego produktu w atrakcyjnej cenie, bez konieczno\u015bci pokrywania dodatkowych mar\u017c po\u015brednik\u00f3w. Dodatkowo, producent regularnie oferuje r\u00f3\u017cnego rodzaju promocje i zni\u017cki, kt\u00f3re mo\u017cna sprawdzi\u0107 na oficjalnej stronie internetowej. Dzi\u0119ki temu Mass Extreme pozostaje produktem \u0142atwo dost\u0119pnym i atrakcyjnym cenowo dla wszystkich os\u00f3b pragn\u0105cych poprawi\u0107 swoj\u0105 sylwetk\u0119 i osi\u0105gn\u0105\u0107 wy\u017csze cele treningowe.<\/p>\n<\/div>\n<\/div>\n<\/div>\n<\/div>\n<\/div>\n<\/div>\n<\/div>\n<\/div>\n","protected":false},"excerpt":{"rendered":"<p style=\"text-align: center;\"><a href=\"https:\/\/nplink.net\/oygwb7fu\"><button>Kup teraz<\/button><\/a><\/p>\n<p>SKU:\u00a0<span class=\"sku\">789.878.01024<\/span><\/p>\n<hr \/>\n<p><small>Produkt sprzedawany jest wy\u0142\u0105cznie za po\u015brednictwem oficjalnej strony producenta, id\u017a i kupuj bezpiecznie!<\/small><\/p>\n","protected":false},"featured_media":595,"comment_status":"open","ping_status":"closed","template":"","meta":[],"product_brand":[],"product_cat":[15],"product_tag":[],"class_list":{"0":"post-594","1":"product","2":"type-product","3":"status-publish","4":"has-post-thumbnail","6":"product_cat-supl","7":"thunk-woo-product-list","8":"opn-qv-enable","9":"top-store-woo-hover-","10":"top-store-single-product-tab-horizontal","11":"top-store-shadow-","12":"top-store-shadow-hover-","14":"first","15":"instock","16":"shipping-taxable","17":"purchasable","18":"product-type-simple"},"yoast_head":"<!-- This site is optimized with the Yoast SEO plugin v27.4 - https:\/\/yoast.com\/product\/yoast-seo-wordpress\/ -->\n<title>Mass Extreme - kup suplement, cena w aptece, sk\u0142ad, dzia\u0142anie<\/title>\n<meta name=\"robots\" content=\"index, follow, max-snippet:-1, max-image-preview:large, max-video-preview:-1\" \/>\n<link rel=\"canonical\" href=\"https:\/\/lekarzeopole.pl\/wordpress\/product\/mass-extreme\/\" \/>\n<meta property=\"og:locale\" content=\"pl_PL\" \/>\n<meta property=\"og:type\" content=\"article\" \/>\n<meta property=\"og:title\" content=\"Mass Extreme - kup suplement, cena w aptece, sk\u0142ad, dzia\u0142anie\" \/>\n<meta property=\"og:description\" content=\"Kup teraz SKU:\u00a0789.878.01024    Produkt sprzedawany jest wy\u0142\u0105cznie za po\u015brednictwem oficjalnej strony producenta, id\u017a i kupuj bezpiecznie!\" \/>\n<meta property=\"og:url\" content=\"https:\/\/lekarzeopole.pl\/wordpress\/product\/mass-extreme\/\" \/>\n<meta property=\"og:site_name\" content=\"Lekarze Opole\" \/>\n<meta property=\"article:modified_time\" content=\"2024-06-08T10:00:21+00:00\" \/>\n<meta property=\"og:image\" content=\"https:\/\/lekarzeopole.pl\/wordpress\/wp-content\/uploads\/2024\/02\/mass-extreme.png\" \/>\n\t<meta property=\"og:image:width\" content=\"432\" \/>\n\t<meta property=\"og:image:height\" content=\"371\" \/>\n\t<meta property=\"og:image:type\" content=\"image\/png\" \/>\n<meta name=\"twitter:card\" content=\"summary_large_image\" \/>\n<meta name=\"twitter:label1\" content=\"Szacowany czas czytania\" \/>\n\t<meta name=\"twitter:data1\" content=\"6 minut\" \/>\n<script type=\"application\/ld+json\" class=\"yoast-schema-graph\">{\"@context\":\"https:\\\/\\\/schema.org\",\"@graph\":[{\"@type\":\"WebPage\",\"@id\":\"https:\\\/\\\/lekarzeopole.pl\\\/wordpress\\\/product\\\/mass-extreme\\\/\",\"url\":\"https:\\\/\\\/lekarzeopole.pl\\\/wordpress\\\/product\\\/mass-extreme\\\/\",\"name\":\"Mass Extreme - kup suplement, cena w aptece, sk\u0142ad, dzia\u0142anie\",\"isPartOf\":{\"@id\":\"https:\\\/\\\/lekarzeopole.pl\\\/wordpress\\\/#website\"},\"primaryImageOfPage\":{\"@id\":\"https:\\\/\\\/lekarzeopole.pl\\\/wordpress\\\/product\\\/mass-extreme\\\/#primaryimage\"},\"image\":{\"@id\":\"https:\\\/\\\/lekarzeopole.pl\\\/wordpress\\\/product\\\/mass-extreme\\\/#primaryimage\"},\"thumbnailUrl\":\"https:\\\/\\\/lekarzeopole.pl\\\/wordpress\\\/wp-content\\\/uploads\\\/2024\\\/02\\\/mass-extreme.png\",\"datePublished\":\"2024-02-13T10:52:36+00:00\",\"dateModified\":\"2024-06-08T10:00:21+00:00\",\"breadcrumb\":{\"@id\":\"https:\\\/\\\/lekarzeopole.pl\\\/wordpress\\\/product\\\/mass-extreme\\\/#breadcrumb\"},\"inLanguage\":\"pl-PL\",\"potentialAction\":[{\"@type\":\"ReadAction\",\"target\":[\"https:\\\/\\\/lekarzeopole.pl\\\/wordpress\\\/product\\\/mass-extreme\\\/\"]}]},{\"@type\":\"ImageObject\",\"inLanguage\":\"pl-PL\",\"@id\":\"https:\\\/\\\/lekarzeopole.pl\\\/wordpress\\\/product\\\/mass-extreme\\\/#primaryimage\",\"url\":\"https:\\\/\\\/lekarzeopole.pl\\\/wordpress\\\/wp-content\\\/uploads\\\/2024\\\/02\\\/mass-extreme.png\",\"contentUrl\":\"https:\\\/\\\/lekarzeopole.pl\\\/wordpress\\\/wp-content\\\/uploads\\\/2024\\\/02\\\/mass-extreme.png\",\"width\":432,\"height\":371,\"caption\":\"Mass Extreme\"},{\"@type\":\"BreadcrumbList\",\"@id\":\"https:\\\/\\\/lekarzeopole.pl\\\/wordpress\\\/product\\\/mass-extreme\\\/#breadcrumb\",\"itemListElement\":[{\"@type\":\"ListItem\",\"position\":1,\"name\":\"\u0413\u043b\u0430\u0432\u043d\u0430\u044f \u0441\u0442\u0440\u0430\u043d\u0438\u0446\u0430\",\"item\":\"https:\\\/\\\/lekarzeopole.pl\\\/wordpress\\\/\"},{\"@type\":\"ListItem\",\"position\":2,\"name\":\"Zakup\",\"item\":\"https:\\\/\\\/lekarzeopole.pl\\\/wordpress\\\/\"},{\"@type\":\"ListItem\",\"position\":3,\"name\":\"Mass Extreme\"}]},{\"@type\":\"WebSite\",\"@id\":\"https:\\\/\\\/lekarzeopole.pl\\\/wordpress\\\/#website\",\"url\":\"https:\\\/\\\/lekarzeopole.pl\\\/wordpress\\\/\",\"name\":\"Lekarze Opole\",\"description\":\"\",\"potentialAction\":[{\"@type\":\"SearchAction\",\"target\":{\"@type\":\"EntryPoint\",\"urlTemplate\":\"https:\\\/\\\/lekarzeopole.pl\\\/wordpress\\\/?s={search_term_string}\"},\"query-input\":{\"@type\":\"PropertyValueSpecification\",\"valueRequired\":true,\"valueName\":\"search_term_string\"}}],\"inLanguage\":\"pl-PL\"}]}<\/script>\n<!-- \/ Yoast SEO plugin. -->","yoast_head_json":{"title":"Mass Extreme - kup suplement, cena w aptece, sk\u0142ad, dzia\u0142anie","robots":{"index":"index","follow":"follow","max-snippet":"max-snippet:-1","max-image-preview":"max-image-preview:large","max-video-preview":"max-video-preview:-1"},"canonical":"https:\/\/lekarzeopole.pl\/wordpress\/product\/mass-extreme\/","og_locale":"pl_PL","og_type":"article","og_title":"Mass Extreme - kup suplement, cena w aptece, sk\u0142ad, dzia\u0142anie","og_description":"Kup teraz SKU:\u00a0789.878.01024    Produkt sprzedawany jest wy\u0142\u0105cznie za po\u015brednictwem oficjalnej strony producenta, id\u017a i kupuj bezpiecznie!","og_url":"https:\/\/lekarzeopole.pl\/wordpress\/product\/mass-extreme\/","og_site_name":"Lekarze Opole","article_modified_time":"2024-06-08T10:00:21+00:00","og_image":[{"width":432,"height":371,"url":"https:\/\/lekarzeopole.pl\/wordpress\/wp-content\/uploads\/2024\/02\/mass-extreme.png","type":"image\/png"}],"twitter_card":"summary_large_image","twitter_misc":{"Szacowany czas czytania":"6 minut"},"schema":{"@context":"https:\/\/schema.org","@graph":[{"@type":"WebPage","@id":"https:\/\/lekarzeopole.pl\/wordpress\/product\/mass-extreme\/","url":"https:\/\/lekarzeopole.pl\/wordpress\/product\/mass-extreme\/","name":"Mass Extreme - kup suplement, cena w aptece, sk\u0142ad, dzia\u0142anie","isPartOf":{"@id":"https:\/\/lekarzeopole.pl\/wordpress\/#website"},"primaryImageOfPage":{"@id":"https:\/\/lekarzeopole.pl\/wordpress\/product\/mass-extreme\/#primaryimage"},"image":{"@id":"https:\/\/lekarzeopole.pl\/wordpress\/product\/mass-extreme\/#primaryimage"},"thumbnailUrl":"https:\/\/lekarzeopole.pl\/wordpress\/wp-content\/uploads\/2024\/02\/mass-extreme.png","datePublished":"2024-02-13T10:52:36+00:00","dateModified":"2024-06-08T10:00:21+00:00","breadcrumb":{"@id":"https:\/\/lekarzeopole.pl\/wordpress\/product\/mass-extreme\/#breadcrumb"},"inLanguage":"pl-PL","potentialAction":[{"@type":"ReadAction","target":["https:\/\/lekarzeopole.pl\/wordpress\/product\/mass-extreme\/"]}]},{"@type":"ImageObject","inLanguage":"pl-PL","@id":"https:\/\/lekarzeopole.pl\/wordpress\/product\/mass-extreme\/#primaryimage","url":"https:\/\/lekarzeopole.pl\/wordpress\/wp-content\/uploads\/2024\/02\/mass-extreme.png","contentUrl":"https:\/\/lekarzeopole.pl\/wordpress\/wp-content\/uploads\/2024\/02\/mass-extreme.png","width":432,"height":371,"caption":"Mass Extreme"},{"@type":"BreadcrumbList","@id":"https:\/\/lekarzeopole.pl\/wordpress\/product\/mass-extreme\/#breadcrumb","itemListElement":[{"@type":"ListItem","position":1,"name":"\u0413\u043b\u0430\u0432\u043d\u0430\u044f \u0441\u0442\u0440\u0430\u043d\u0438\u0446\u0430","item":"https:\/\/lekarzeopole.pl\/wordpress\/"},{"@type":"ListItem","position":2,"name":"Zakup","item":"https:\/\/lekarzeopole.pl\/wordpress\/"},{"@type":"ListItem","position":3,"name":"Mass Extreme"}]},{"@type":"WebSite","@id":"https:\/\/lekarzeopole.pl\/wordpress\/#website","url":"https:\/\/lekarzeopole.pl\/wordpress\/","name":"Lekarze Opole","description":"","potentialAction":[{"@type":"SearchAction","target":{"@type":"EntryPoint","urlTemplate":"https:\/\/lekarzeopole.pl\/wordpress\/?s={search_term_string}"},"query-input":{"@type":"PropertyValueSpecification","valueRequired":true,"valueName":"search_term_string"}}],"inLanguage":"pl-PL"}]}},"_links":{"self":[{"href":"https:\/\/lekarzeopole.pl\/wordpress\/wp-json\/wp\/v2\/product\/594","targetHints":{"allow":["GET"]}}],"collection":[{"href":"https:\/\/lekarzeopole.pl\/wordpress\/wp-json\/wp\/v2\/product"}],"about":[{"href":"https:\/\/lekarzeopole.pl\/wordpress\/wp-json\/wp\/v2\/types\/product"}],"replies":[{"embeddable":true,"href":"https:\/\/lekarzeopole.pl\/wordpress\/wp-json\/wp\/v2\/comments?post=594"}],"wp:featuredmedia":[{"embeddable":true,"href":"https:\/\/lekarzeopole.pl\/wordpress\/wp-json\/wp\/v2\/media\/595"}],"wp:attachment":[{"href":"https:\/\/lekarzeopole.pl\/wordpress\/wp-json\/wp\/v2\/media?parent=594"}],"wp:term":[{"taxonomy":"product_brand","embeddable":true,"href":"https:\/\/lekarzeopole.pl\/wordpress\/wp-json\/wp\/v2\/product_brand?post=594"},{"taxonomy":"product_cat","embeddable":true,"href":"https:\/\/lekarzeopole.pl\/wordpress\/wp-json\/wp\/v2\/product_cat?post=594"},{"taxonomy":"product_tag","embeddable":true,"href":"https:\/\/lekarzeopole.pl\/wordpress\/wp-json\/wp\/v2\/product_tag?post=594"}],"curies":[{"name":"wp","href":"https:\/\/api.w.org\/{rel}","templated":true}]}}