{"id":586,"date":"2024-02-13T10:16:22","date_gmt":"2024-02-13T10:16:22","guid":{"rendered":"https:\/\/lekarzeopole.pl\/wordpress\/?post_type=product&#038;p=586"},"modified":"2024-06-08T09:59:08","modified_gmt":"2024-06-08T09:59:08","slug":"green-barley-plus","status":"publish","type":"product","link":"https:\/\/lekarzeopole.pl\/wordpress\/product\/green-barley-plus\/","title":{"rendered":"Green Barley Plus"},"content":{"rendered":"<div class=\"w-full text-token-text-primary\" data-testid=\"conversation-turn-3\">\n<div class=\"px-4 py-2 justify-center text-base md:gap-6 m-auto\">\n<div class=\"flex flex-1 text-base mx-auto gap-3 md:px-5 lg:px-1 xl:px-5 md:max-w-3xl lg:max-w-[40rem] xl:max-w-[48rem] group\">\n<div class=\"relative flex w-full flex-col agent-turn\">\n<div class=\"flex-col gap-1 md:gap-3\">\n<div class=\"flex flex-grow flex-col max-w-full\">\n<div class=\"min-h-[20px] text-message flex flex-col items-start gap-3 whitespace-pre-wrap break-words [.text-message+&amp;]:mt-5 overflow-x-auto\" data-message-author-role=\"assistant\" data-message-id=\"9536f477-7c77-4350-b5e2-040ddbb10981\">\n<div class=\"markdown prose w-full break-words dark:prose-invert light\">\n<p>Green Barley Plus to suplement diety w postaci kapsu\u0142ek, kt\u00f3ry zdoby\u0142 uznanie u\u017cytkownik\u00f3w dzi\u0119ki swojej skuteczno\u015bci w wspomaganiu procesu odchudzania, oczyszczania organizmu oraz poprawie stanu sk\u00f3ry. Dzi\u0119ki naturalnym sk\u0142adnikom, kt\u00f3re zawiera, jest to produkt bezpieczny i nieinwazyjny, a jego regularne stosowanie mo\u017ce przynie\u015b\u0107 wiele korzy\u015bci dla zdrowia i urody.<\/p>\n<h2>Wskazania do stosowania Green Barley Plus<\/h2>\n<p>Green Barley Plus jest polecany dla os\u00f3b, kt\u00f3re chc\u0105:<\/p>\n<ul>\n<li>Zredukowa\u0107 nadmiar tkanki t\u0142uszczowej i wspom\u00f3c proces odchudzania,<\/li>\n<li>Oczyszcza\u0107 organizm z toksyn i szkodliwych substancji,<\/li>\n<li>Poprawi\u0107 stan sk\u00f3ry, zw\u0142aszcza w walce z cellulitem,<\/li>\n<li>Wzmocni\u0107 w\u0142osy i paznokcie,<\/li>\n<li>Wspom\u00f3c proces trawienia i przyswajania sk\u0142adnik\u00f3w od\u017cywczych.<\/li>\n<\/ul>\n<h2>Sk\u0142ad i dzia\u0142anie sk\u0142adnik\u00f3w Green Barley Plus<\/h2>\n<p>G\u0142\u00f3wnymi sk\u0142adnikami Green Barley Plus s\u0105:<\/p>\n<ul>\n<li><strong>Zielony j\u0119czmie\u0144<\/strong> \u2013 bogaty w chlorofil, witaminy, minera\u0142y i przeciwutleniacze, wspiera proces odchudzania poprzez regulacj\u0119 metabolizmu i popraw\u0119 trawienia.<\/li>\n<li><strong>Ekstrakt z garcinii cambogia<\/strong> \u2013 zawiera kwas hydroksycytrynowy (HCA), kt\u00f3ry hamuje proces gromadzenia si\u0119 tkanki t\u0142uszczowej oraz redukuje uczucie g\u0142odu.<\/li>\n<li><strong>Witamina C<\/strong> \u2013 wspomaga produkcj\u0119 kolagenu, poprawiaj\u0105c elastyczno\u015b\u0107 sk\u00f3ry i redukuj\u0105c cellulit.<\/li>\n<li><strong>Witamina E<\/strong> \u2013 dzia\u0142a przeciwutleniaj\u0105co, chroni\u0105c kom\u00f3rki przed stresem oksydacyjnym i wspieraj\u0105c proces regeneracji sk\u00f3ry.<\/li>\n<li><strong>Chrom<\/strong> \u2013 reguluje poziom glukozy we krwi, co mo\u017ce zmniejszy\u0107 apetyt i poprawi\u0107 metabolizm.<\/li>\n<\/ul>\n<p>Dzia\u0142anie sk\u0142adnik\u00f3w Green Barley Plus jest wieloaspektowe \u2013 wspomagaj\u0105 one procesy metaboliczne, detoksykuj\u0105 organizm, redukuj\u0105 apetyt, poprawiaj\u0105 stan sk\u00f3ry i w\u0142os\u00f3w oraz zwi\u0119kszaj\u0105 og\u00f3ln\u0105 odporno\u015b\u0107 organizmu.<\/p>\n<p style=\"text-align: center;\"><a href=\"https:\/\/nplink.net\/emcf4m5i\"><button>www.green-barley.pl<\/button><\/a><\/p>\n<h2>Efekty Green Barley Plus i ich charakterystyka<\/h2>\n<p>Regularne stosowanie Green Barley Plus mo\u017ce przynie\u015b\u0107 nast\u0119puj\u0105ce efekty:<\/p>\n<ul>\n<li><strong>Redukcja masy cia\u0142a<\/strong> \u2013 dzi\u0119ki regulacji metabolizmu i zmniejszeniu apetytu, mo\u017cna zauwa\u017cy\u0107 stopniow\u0105 utrat\u0119 nadmiaru tkanki t\u0142uszczowej.<\/li>\n<li><strong>Oczyszczenie organizmu<\/strong> \u2013 naturalne sk\u0142adniki preparatu pomagaj\u0105 usun\u0105\u0107 toksyny i zb\u0119dne substancje, poprawiaj\u0105c og\u00f3lne samopoczucie.<\/li>\n<li><strong>Poprawa stanu sk\u00f3ry<\/strong> \u2013 witaminy i przeciwutleniacze zawarte w Green Barley Plus mog\u0105 zmniejszy\u0107 widoczno\u015b\u0107 cellulitu, zwi\u0119kszy\u0107 elastyczno\u015b\u0107 sk\u00f3ry oraz zapewni\u0107 jej zdrowy wygl\u0105d.<\/li>\n<li><strong>Wzmocnienie w\u0142os\u00f3w i paznokci<\/strong> \u2013 regularne spo\u017cycie preparatu mo\u017ce przyczyni\u0107 si\u0119 do poprawy kondycji w\u0142os\u00f3w i paznokci, dzi\u0119ki dostarczeniu im niezb\u0119dnych sk\u0142adnik\u00f3w od\u017cywczych.<\/li>\n<li><strong>Poprawa trawienia i przyswajania sk\u0142adnik\u00f3w od\u017cywczych<\/strong> \u2013 Green Barley Plus wspomaga procesy trawienne, co mo\u017ce zwi\u0119kszy\u0107 efektywno\u015b\u0107 wch\u0142aniania sk\u0142adnik\u00f3w od\u017cywczych z po\u017cywienia.<\/li>\n<\/ul>\n<h2>Ryzyko skutk\u00f3w ubocznych<\/h2>\n<p>Green Barley Plus jest produktem opartym na naturalnych sk\u0142adnikach, dlatego ryzyko wyst\u0105pienia skutk\u00f3w ubocznych jest minimalne. Jednak\u017ce, jak w przypadku ka\u017cdego suplementu diety, istnieje mo\u017cliwo\u015b\u0107 nietolerancji na kt\u00f3rykolwiek z sk\u0142adnik\u00f3w, dlatego przed rozpocz\u0119ciem stosowania zaleca si\u0119 konsultacj\u0119 z lekarzem, zw\u0142aszcza w przypadku os\u00f3b maj\u0105cych problemy zdrowotne czy przyjmuj\u0105cych inne leki.<\/p>\n<p><em>Green Barley Plus to skuteczny i bezpieczny suplement diety, kt\u00f3ry mo\u017ce wspom\u00f3c proces odchudzania, oczyszczania organizmu oraz popraw\u0119 stanu sk\u00f3ry i w\u0142os\u00f3w. Dzi\u0119ki swoim naturalnym sk\u0142adnikom i wieloaspektowemu dzia\u0142aniu jest to produkt godny polecenia dla os\u00f3b dbaj\u0105cych o swoje zdrowie i urod\u0119.<\/em><\/p>\n<\/div>\n<\/div>\n<\/div>\n<\/div>\n<\/div>\n<\/div>\n<\/div>\n<\/div>\n<div class=\"w-full text-token-text-primary\" data-testid=\"conversation-turn-5\">\n<div class=\"px-4 py-2 justify-center text-base md:gap-6 m-auto\">\n<div class=\"flex flex-1 text-base mx-auto gap-3 md:px-5 lg:px-1 xl:px-5 md:max-w-3xl lg:max-w-[40rem] xl:max-w-[48rem] group final-completion\">\n<div class=\"relative flex w-full flex-col agent-turn\">\n<div class=\"flex-col gap-1 md:gap-3\">\n<div class=\"flex flex-grow flex-col max-w-full\">\n<div class=\"min-h-[20px] text-message flex flex-col items-start gap-3 whitespace-pre-wrap break-words [.text-message+&amp;]:mt-5 overflow-x-auto\" data-message-author-role=\"assistant\" data-message-id=\"9274cbf2-30c9-49f5-adb7-42f754a322f3\">\n<div class=\"result-streaming markdown prose w-full break-words dark:prose-invert light\">\n<h2>Opinie klient\u00f3w o Green Barley Plus: fora po\u015bwi\u0119cone zdrowiu<\/h2>\n<p>W Polsce fora internetowe po\u015bwi\u0119cone zdrowiu ciesz\u0105 si\u0119 du\u017c\u0105 popularno\u015bci\u0105, poniewa\u017c s\u0105 miejscem, gdzie ludzie dziel\u0105 si\u0119 swoimi do\u015bwiadczeniami z r\u00f3\u017cnymi suplementami diety i preparatami maj\u0105cymi wp\u0142yw na zdrowie i urod\u0119. Green Barley Plus r\u00f3wnie\u017c jest tematem cz\u0119sto poruszanym na takich platformach, poniewa\u017c zyskuje coraz wi\u0119ksz\u0105 popularno\u015b\u0107 w\u015br\u00f3d kupuj\u0105cych.<\/p>\n<p>Wi\u0119kszo\u015b\u0107 u\u017cytkownik\u00f3w dzieli si\u0119 pozytywnymi opiniami na temat Green Barley Plus. Przewa\u017caj\u0105ce s\u0105 komentarze o pozytywnym wp\u0142ywie preparatu na proces odchudzania, oczyszczanie organizmu oraz popraw\u0119 kondycji sk\u00f3ry i w\u0142os\u00f3w. Oto dwa przyk\u0142adowe opinie od u\u017cytkownik\u00f3w:<\/p>\n<ol>\n<li><strong>Anna67:<\/strong> &#8222;U\u017cywam Green Barley Plus od dw\u00f3ch miesi\u0119cy i widz\u0119 niesamowite efekty! Schud\u0142am kilka kilogram\u00f3w, moja sk\u00f3ra sta\u0142a si\u0119 j\u0119drniejsza, a w\u0142osy zdrowsze. Bardzo polecam!&#8221;<\/li>\n<li><strong>Marcin92:<\/strong> &#8222;By\u0142em sceptycznie nastawiony do suplement\u00f3w diety, ale Green Barley Plus mnie przekona\u0142. Dzia\u0142a naprawd\u0119 skutecznie, a do tego jest \u0142atwo dost\u0119pny i w przyst\u0119pnej cenie.&#8221;<\/li>\n<\/ol>\n<h2>Spos\u00f3b podawania i dawkowanie<\/h2>\n<p>Dawkowanie Green Barley Plus jest bardzo proste. Zazwyczaj zaleca si\u0119 przyjmowanie dw\u00f3ch kapsu\u0142ek dziennie, popijaj\u0105c je du\u017c\u0105 ilo\u015bci\u0105 wody, najlepiej przed posi\u0142kiem. Jednak warto zapozna\u0107 si\u0119 z informacjami zawartymi na opakowaniu produktu oraz skonsultowa\u0107 si\u0119 z farmaceut\u0105 lub lekarzem w przypadku jakichkolwiek w\u0105tpliwo\u015bci.<\/p>\n<h2>Kup teraz Green Barley Plus z dostaw\u0105<\/h2>\n<p>Je\u015bli jeste\u015b zainteresowany zakupem Green Barley Plus, nie musisz wychodzi\u0107 z domu. Produkt mo\u017cna \u0142atwo zam\u00f3wi\u0107 online, bez konieczno\u015bci p\u0142acenia z g\u00f3ry. P\u0142atno\u015b\u0107 dokonuje si\u0119 dopiero przy odbiorze przesy\u0142ki, co zapewnia pewno\u015b\u0107 co do otrzymania oryginalnego produktu bez ryzyka oszustwa.<\/p>\n<p>Dostawa Green Barley Plus zazwyczaj zajmuje od 3 do 4 dni roboczych w Polsce. Po z\u0142o\u017ceniu zam\u00f3wienia, klient otrzymuje tak\u017ce potwierdzenie telefoniczne od specjalisty, kt\u00f3ry mo\u017ce udzieli\u0107 wszelkich dodatkowych informacji na temat produktu oraz ewentualnych promocji i dost\u0119pno\u015bci.<\/p>\n<p style=\"text-align: center;\"><a href=\"https:\/\/nplink.net\/emcf4m5i\"><button>Zakup na stronie producenta (-50%)<\/button><\/a><\/p>\n<h2>Por\u00f3wnanie ofert: ceny i dost\u0119pno\u015b\u0107 Green Barley Plus<\/h2>\n<p>Producenci Green Barley Plus stawiaj\u0105 na bezpo\u015bredni\u0105 dost\u0119pno\u015b\u0107 dla klient\u00f3w. Produkt mo\u017cna naby\u0107 wy\u0142\u0105cznie na oficjalnej stronie internetowej, co eliminuje ryzyko zakupu podr\u00f3bki lub produktu niskiej jako\u015bci. Dodatkowo, dzi\u0119ki brakowi po\u015brednik\u00f3w, ceny s\u0105 konkurencyjne, a dost\u0119pno\u015b\u0107 produktu jest zapewniona przez ca\u0142y czas. Wa\u017cne jest r\u00f3wnie\u017c \u015bledzenie aktualnych promocji i rabat\u00f3w, kt\u00f3re mog\u0105 by\u0107 oferowane przez producenta. Dlatego warto regularnie odwiedza\u0107 stron\u0119 internetow\u0105 w celu skorzystania z aktualnych ofert promocyjnych.<\/p>\n<\/div>\n<\/div>\n<\/div>\n<\/div>\n<\/div>\n<\/div>\n<\/div>\n<\/div>\n","protected":false},"excerpt":{"rendered":"<p style=\"text-align: center;\"><a href=\"https:\/\/nplink.net\/emcf4m5i\"><button>Kup teraz<\/button><\/a><\/p>\n<p>SKU:\u00a0<span class=\"sku\">789.878.01020<\/span><\/p>\n<hr \/>\n<p><small>Produkt sprzedawany jest wy\u0142\u0105cznie za po\u015brednictwem oficjalnej strony producenta, id\u017a i kupuj bezpiecznie!<\/small><\/p>\n","protected":false},"featured_media":587,"comment_status":"open","ping_status":"closed","template":"","meta":[],"product_brand":[],"product_cat":[15],"product_tag":[],"class_list":{"0":"post-586","1":"product","2":"type-product","3":"status-publish","4":"has-post-thumbnail","6":"product_cat-supl","7":"thunk-woo-product-list","8":"opn-qv-enable","9":"top-store-woo-hover-","10":"top-store-single-product-tab-horizontal","11":"top-store-shadow-","12":"top-store-shadow-hover-","14":"first","15":"instock","16":"shipping-taxable","17":"purchasable","18":"product-type-simple"},"yoast_head":"<!-- This site is optimized with the Yoast SEO plugin v27.4 - https:\/\/yoast.com\/product\/yoast-seo-wordpress\/ -->\n<title>Green Barley Plus - kup suplement, cena w aptece, sk\u0142ad, dzia\u0142anie<\/title>\n<meta name=\"robots\" content=\"index, follow, max-snippet:-1, max-image-preview:large, max-video-preview:-1\" \/>\n<link rel=\"canonical\" href=\"https:\/\/lekarzeopole.pl\/wordpress\/product\/green-barley-plus\/\" \/>\n<meta property=\"og:locale\" content=\"pl_PL\" \/>\n<meta property=\"og:type\" content=\"article\" \/>\n<meta property=\"og:title\" content=\"Green Barley Plus - kup suplement, cena w aptece, sk\u0142ad, dzia\u0142anie\" \/>\n<meta property=\"og:description\" content=\"Kup teraz SKU:\u00a0789.878.01020    Produkt sprzedawany jest wy\u0142\u0105cznie za po\u015brednictwem oficjalnej strony producenta, id\u017a i kupuj bezpiecznie!\" \/>\n<meta property=\"og:url\" content=\"https:\/\/lekarzeopole.pl\/wordpress\/product\/green-barley-plus\/\" \/>\n<meta property=\"og:site_name\" content=\"Lekarze Opole\" \/>\n<meta property=\"article:modified_time\" content=\"2024-06-08T09:59:08+00:00\" \/>\n<meta property=\"og:image\" content=\"https:\/\/lekarzeopole.pl\/wordpress\/wp-content\/uploads\/2024\/02\/green-barley-plus.webp\" \/>\n\t<meta property=\"og:image:width\" content=\"600\" \/>\n\t<meta property=\"og:image:height\" content=\"600\" \/>\n\t<meta property=\"og:image:type\" content=\"image\/webp\" \/>\n<meta name=\"twitter:card\" content=\"summary_large_image\" \/>\n<meta name=\"twitter:label1\" content=\"Szacowany czas czytania\" \/>\n\t<meta name=\"twitter:data1\" content=\"5 minut\" \/>\n<script type=\"application\/ld+json\" class=\"yoast-schema-graph\">{\"@context\":\"https:\\\/\\\/schema.org\",\"@graph\":[{\"@type\":\"WebPage\",\"@id\":\"https:\\\/\\\/lekarzeopole.pl\\\/wordpress\\\/product\\\/green-barley-plus\\\/\",\"url\":\"https:\\\/\\\/lekarzeopole.pl\\\/wordpress\\\/product\\\/green-barley-plus\\\/\",\"name\":\"Green Barley Plus - kup suplement, cena w aptece, sk\u0142ad, dzia\u0142anie\",\"isPartOf\":{\"@id\":\"https:\\\/\\\/lekarzeopole.pl\\\/wordpress\\\/#website\"},\"primaryImageOfPage\":{\"@id\":\"https:\\\/\\\/lekarzeopole.pl\\\/wordpress\\\/product\\\/green-barley-plus\\\/#primaryimage\"},\"image\":{\"@id\":\"https:\\\/\\\/lekarzeopole.pl\\\/wordpress\\\/product\\\/green-barley-plus\\\/#primaryimage\"},\"thumbnailUrl\":\"https:\\\/\\\/lekarzeopole.pl\\\/wordpress\\\/wp-content\\\/uploads\\\/2024\\\/02\\\/green-barley-plus.webp\",\"datePublished\":\"2024-02-13T10:16:22+00:00\",\"dateModified\":\"2024-06-08T09:59:08+00:00\",\"breadcrumb\":{\"@id\":\"https:\\\/\\\/lekarzeopole.pl\\\/wordpress\\\/product\\\/green-barley-plus\\\/#breadcrumb\"},\"inLanguage\":\"pl-PL\",\"potentialAction\":[{\"@type\":\"ReadAction\",\"target\":[\"https:\\\/\\\/lekarzeopole.pl\\\/wordpress\\\/product\\\/green-barley-plus\\\/\"]}]},{\"@type\":\"ImageObject\",\"inLanguage\":\"pl-PL\",\"@id\":\"https:\\\/\\\/lekarzeopole.pl\\\/wordpress\\\/product\\\/green-barley-plus\\\/#primaryimage\",\"url\":\"https:\\\/\\\/lekarzeopole.pl\\\/wordpress\\\/wp-content\\\/uploads\\\/2024\\\/02\\\/green-barley-plus.webp\",\"contentUrl\":\"https:\\\/\\\/lekarzeopole.pl\\\/wordpress\\\/wp-content\\\/uploads\\\/2024\\\/02\\\/green-barley-plus.webp\",\"width\":600,\"height\":600,\"caption\":\"Green Barley Plus\"},{\"@type\":\"BreadcrumbList\",\"@id\":\"https:\\\/\\\/lekarzeopole.pl\\\/wordpress\\\/product\\\/green-barley-plus\\\/#breadcrumb\",\"itemListElement\":[{\"@type\":\"ListItem\",\"position\":1,\"name\":\"\u0413\u043b\u0430\u0432\u043d\u0430\u044f \u0441\u0442\u0440\u0430\u043d\u0438\u0446\u0430\",\"item\":\"https:\\\/\\\/lekarzeopole.pl\\\/wordpress\\\/\"},{\"@type\":\"ListItem\",\"position\":2,\"name\":\"Zakup\",\"item\":\"https:\\\/\\\/lekarzeopole.pl\\\/wordpress\\\/\"},{\"@type\":\"ListItem\",\"position\":3,\"name\":\"Green Barley Plus\"}]},{\"@type\":\"WebSite\",\"@id\":\"https:\\\/\\\/lekarzeopole.pl\\\/wordpress\\\/#website\",\"url\":\"https:\\\/\\\/lekarzeopole.pl\\\/wordpress\\\/\",\"name\":\"Lekarze Opole\",\"description\":\"\",\"potentialAction\":[{\"@type\":\"SearchAction\",\"target\":{\"@type\":\"EntryPoint\",\"urlTemplate\":\"https:\\\/\\\/lekarzeopole.pl\\\/wordpress\\\/?s={search_term_string}\"},\"query-input\":{\"@type\":\"PropertyValueSpecification\",\"valueRequired\":true,\"valueName\":\"search_term_string\"}}],\"inLanguage\":\"pl-PL\"}]}<\/script>\n<!-- \/ Yoast SEO plugin. -->","yoast_head_json":{"title":"Green Barley Plus - kup suplement, cena w aptece, sk\u0142ad, dzia\u0142anie","robots":{"index":"index","follow":"follow","max-snippet":"max-snippet:-1","max-image-preview":"max-image-preview:large","max-video-preview":"max-video-preview:-1"},"canonical":"https:\/\/lekarzeopole.pl\/wordpress\/product\/green-barley-plus\/","og_locale":"pl_PL","og_type":"article","og_title":"Green Barley Plus - kup suplement, cena w aptece, sk\u0142ad, dzia\u0142anie","og_description":"Kup teraz SKU:\u00a0789.878.01020    Produkt sprzedawany jest wy\u0142\u0105cznie za po\u015brednictwem oficjalnej strony producenta, id\u017a i kupuj bezpiecznie!","og_url":"https:\/\/lekarzeopole.pl\/wordpress\/product\/green-barley-plus\/","og_site_name":"Lekarze Opole","article_modified_time":"2024-06-08T09:59:08+00:00","og_image":[{"width":600,"height":600,"url":"https:\/\/lekarzeopole.pl\/wordpress\/wp-content\/uploads\/2024\/02\/green-barley-plus.webp","type":"image\/webp"}],"twitter_card":"summary_large_image","twitter_misc":{"Szacowany czas czytania":"5 minut"},"schema":{"@context":"https:\/\/schema.org","@graph":[{"@type":"WebPage","@id":"https:\/\/lekarzeopole.pl\/wordpress\/product\/green-barley-plus\/","url":"https:\/\/lekarzeopole.pl\/wordpress\/product\/green-barley-plus\/","name":"Green Barley Plus - kup suplement, cena w aptece, sk\u0142ad, dzia\u0142anie","isPartOf":{"@id":"https:\/\/lekarzeopole.pl\/wordpress\/#website"},"primaryImageOfPage":{"@id":"https:\/\/lekarzeopole.pl\/wordpress\/product\/green-barley-plus\/#primaryimage"},"image":{"@id":"https:\/\/lekarzeopole.pl\/wordpress\/product\/green-barley-plus\/#primaryimage"},"thumbnailUrl":"https:\/\/lekarzeopole.pl\/wordpress\/wp-content\/uploads\/2024\/02\/green-barley-plus.webp","datePublished":"2024-02-13T10:16:22+00:00","dateModified":"2024-06-08T09:59:08+00:00","breadcrumb":{"@id":"https:\/\/lekarzeopole.pl\/wordpress\/product\/green-barley-plus\/#breadcrumb"},"inLanguage":"pl-PL","potentialAction":[{"@type":"ReadAction","target":["https:\/\/lekarzeopole.pl\/wordpress\/product\/green-barley-plus\/"]}]},{"@type":"ImageObject","inLanguage":"pl-PL","@id":"https:\/\/lekarzeopole.pl\/wordpress\/product\/green-barley-plus\/#primaryimage","url":"https:\/\/lekarzeopole.pl\/wordpress\/wp-content\/uploads\/2024\/02\/green-barley-plus.webp","contentUrl":"https:\/\/lekarzeopole.pl\/wordpress\/wp-content\/uploads\/2024\/02\/green-barley-plus.webp","width":600,"height":600,"caption":"Green Barley Plus"},{"@type":"BreadcrumbList","@id":"https:\/\/lekarzeopole.pl\/wordpress\/product\/green-barley-plus\/#breadcrumb","itemListElement":[{"@type":"ListItem","position":1,"name":"\u0413\u043b\u0430\u0432\u043d\u0430\u044f \u0441\u0442\u0440\u0430\u043d\u0438\u0446\u0430","item":"https:\/\/lekarzeopole.pl\/wordpress\/"},{"@type":"ListItem","position":2,"name":"Zakup","item":"https:\/\/lekarzeopole.pl\/wordpress\/"},{"@type":"ListItem","position":3,"name":"Green Barley Plus"}]},{"@type":"WebSite","@id":"https:\/\/lekarzeopole.pl\/wordpress\/#website","url":"https:\/\/lekarzeopole.pl\/wordpress\/","name":"Lekarze Opole","description":"","potentialAction":[{"@type":"SearchAction","target":{"@type":"EntryPoint","urlTemplate":"https:\/\/lekarzeopole.pl\/wordpress\/?s={search_term_string}"},"query-input":{"@type":"PropertyValueSpecification","valueRequired":true,"valueName":"search_term_string"}}],"inLanguage":"pl-PL"}]}},"_links":{"self":[{"href":"https:\/\/lekarzeopole.pl\/wordpress\/wp-json\/wp\/v2\/product\/586","targetHints":{"allow":["GET"]}}],"collection":[{"href":"https:\/\/lekarzeopole.pl\/wordpress\/wp-json\/wp\/v2\/product"}],"about":[{"href":"https:\/\/lekarzeopole.pl\/wordpress\/wp-json\/wp\/v2\/types\/product"}],"replies":[{"embeddable":true,"href":"https:\/\/lekarzeopole.pl\/wordpress\/wp-json\/wp\/v2\/comments?post=586"}],"wp:featuredmedia":[{"embeddable":true,"href":"https:\/\/lekarzeopole.pl\/wordpress\/wp-json\/wp\/v2\/media\/587"}],"wp:attachment":[{"href":"https:\/\/lekarzeopole.pl\/wordpress\/wp-json\/wp\/v2\/media?parent=586"}],"wp:term":[{"taxonomy":"product_brand","embeddable":true,"href":"https:\/\/lekarzeopole.pl\/wordpress\/wp-json\/wp\/v2\/product_brand?post=586"},{"taxonomy":"product_cat","embeddable":true,"href":"https:\/\/lekarzeopole.pl\/wordpress\/wp-json\/wp\/v2\/product_cat?post=586"},{"taxonomy":"product_tag","embeddable":true,"href":"https:\/\/lekarzeopole.pl\/wordpress\/wp-json\/wp\/v2\/product_tag?post=586"}],"curies":[{"name":"wp","href":"https:\/\/api.w.org\/{rel}","templated":true}]}}