{"id":580,"date":"2024-02-13T09:43:12","date_gmt":"2024-02-13T09:43:12","guid":{"rendered":"https:\/\/lekarzeopole.pl\/wordpress\/?post_type=product&#038;p=580"},"modified":"2024-06-08T09:54:25","modified_gmt":"2024-06-08T09:54:25","slug":"femin-plus","status":"publish","type":"product","link":"https:\/\/lekarzeopole.pl\/wordpress\/product\/femin-plus\/","title":{"rendered":"Femin Plus"},"content":{"rendered":"<div class=\"w-full text-token-text-primary\" data-testid=\"conversation-turn-3\">\n<div class=\"px-4 py-2 justify-center text-base md:gap-6 m-auto\">\n<div class=\"flex flex-1 text-base mx-auto gap-3 md:px-5 lg:px-1 xl:px-5 md:max-w-3xl lg:max-w-[40rem] xl:max-w-[48rem] group\">\n<div class=\"relative flex w-full flex-col agent-turn\">\n<div class=\"flex-col gap-1 md:gap-3\">\n<div class=\"flex flex-grow flex-col max-w-full\">\n<div class=\"min-h-[20px] text-message flex flex-col items-start gap-3 whitespace-pre-wrap break-words [.text-message+&amp;]:mt-5 overflow-x-auto\" data-message-author-role=\"assistant\" data-message-id=\"0f8c7e34-05c9-4e08-8425-756eea08a0a9\">\n<div class=\"markdown prose w-full break-words dark:prose-invert light\">\n<p>W dzisiejszych czasach, coraz wi\u0119cej kobiet do\u015bwiadcza r\u00f3\u017cnych trudno\u015bci zwi\u0105zanych z \u017cyciem seksualnym. Stres, zm\u0119czenie, nieprawid\u0142owa dieta, czy problemy zdrowotne mog\u0105 wp\u0142ywa\u0107 na obni\u017cenie libido i jako\u015b\u0107 \u017cycia intymnego. Dlatego te\u017c coraz wi\u0119ksz\u0105 popularno\u015bci\u0105 ciesz\u0105 si\u0119 suplementy diety, kt\u00f3re mog\u0105 wspom\u00f3c popraw\u0119 nastroju, zwi\u0119kszy\u0107 energi\u0119 oraz poprawi\u0107 ochot\u0119 na aktywno\u015b\u0107 seksualn\u0105. Jednym z takich preparat\u00f3w jest Femin Plus &#8211; innowacyjny produkt oparty na naturalnych sk\u0142adnikach, kt\u00f3ry zosta\u0142 stworzony z my\u015bl\u0105 o kobietach, kt\u00f3re chc\u0105 odzyska\u0107 rado\u015b\u0107 z \u017cycia intymnego.<\/p>\n<h2>Wskazania do stosowania Femin Plus<\/h2>\n<p>Femin Plus jest przeznaczony dla kobiet, kt\u00f3re do\u015bwiadczaj\u0105 problem\u00f3w zwi\u0105zanych z niskim libido, brakiem ochoty na aktywno\u015b\u0107 seksualn\u0105, a tak\u017ce dla tych, kt\u00f3re chc\u0105 poprawi\u0107 jako\u015b\u0107 swojego \u017cycia intymnego. Preparat mo\u017ce by\u0107 stosowany zar\u00f3wno przez m\u0142odsze, jak i starsze kobiety, niezale\u017cnie od przyczyny ich trudno\u015bci seksualnych.<\/p>\n<h2>Sk\u0142ad i dzia\u0142anie sk\u0142adnik\u00f3w Femin Plus<\/h2>\n<p>Skuteczno\u015b\u0107 Femin Plus wynika z unikalnego po\u0142\u0105czenia naturalnych sk\u0142adnik\u00f3w, kt\u00f3re zosta\u0142y starannie dobrane, aby zapewni\u0107 kompleksow\u0105 pomoc w poprawie \u017cycia intymnego. G\u0142\u00f3wne sk\u0142adniki preparatu to:<\/p>\n<ol>\n<li><strong>Maca korze\u0144<\/strong> &#8211; znany ze swoich w\u0142a\u015bciwo\u015bci afrodyzjakalnych, wspomaga zwi\u0119kszenie libido i popraw\u0119 wydolno\u015bci seksualnej.<\/li>\n<li><strong>Kozieradka<\/strong> &#8211; bogata w fitoestrogeny, pomaga w regulacji poziomu hormon\u00f3w \u017ce\u0144skich, co mo\u017ce mie\u0107 pozytywny wp\u0142yw na popraw\u0119 nastroju i zwi\u0119kszenie ochoty na seks.<\/li>\n<li><strong>L-arginina<\/strong> &#8211; aminokwas, kt\u00f3ry poprawia ukrwienie narz\u0105d\u00f3w p\u0142ciowych, co mo\u017ce zwi\u0119kszy\u0107 podniecenie i poprawi\u0107 doznania podczas stosunku.<\/li>\n<li><strong>Witaminy i minera\u0142y<\/strong> &#8211; takie jak witamina E, B6, czy cynk, kt\u00f3re wspieraj\u0105 og\u00f3lny stan zdrowia organizmu oraz mog\u0105 mie\u0107 pozytywny wp\u0142yw na funkcjonowanie uk\u0142adu hormonalnego.<\/li>\n<\/ol>\n<p>Dzi\u0119ki temu unikalnemu po\u0142\u0105czeniu sk\u0142adnik\u00f3w, Femin Plus dzia\u0142a kompleksowo, pomagaj\u0105c kobietom odzyska\u0107 kontrol\u0119 nad swoim \u017cyciem intymnym i czerpa\u0107 rado\u015b\u0107 z blisko\u015bci z partnerem.<\/p>\n<p style=\"text-align: center;\"><a href=\"https:\/\/nplink.net\/ecgzp74y\"><button>www.femin.pl<\/button><\/a><\/p>\n<h2>Efekty Femin Plus i ich charakterystyka<\/h2>\n<p>Regularne stosowanie kapsu\u0142ek Femin Plus mo\u017ce przynie\u015b\u0107 szereg pozytywnych efekt\u00f3w, w tym:<\/p>\n<ul>\n<li><strong>Zwi\u0119kszenie libido<\/strong> &#8211; sk\u0142adniki preparatu dzia\u0142aj\u0105 stymuluj\u0105co na organizm, co mo\u017ce przyczyni\u0107 si\u0119 do zwi\u0119kszenia ochoty na aktywno\u015b\u0107 seksualn\u0105.<\/li>\n<li><strong>Poprawa nastroju<\/strong> &#8211; naturalne sk\u0142adniki Femin Plus mog\u0105 wp\u0142yn\u0105\u0107 na regulacj\u0119 poziomu hormon\u00f3w i popraw\u0119 nastroju, co mo\u017ce mie\u0107 korzystny wp\u0142yw na \u017cycie intymne.<\/li>\n<li><strong>Wi\u0119ksza satysfakcja z \u017cycia seksualnego<\/strong> &#8211; dzi\u0119ki poprawie libido i dozna\u0144 podczas stosunku, kobiety mog\u0105 czerpa\u0107 wi\u0119ksz\u0105 przyjemno\u015b\u0107 z blisko\u015bci z partnerem.<\/li>\n<li><strong>Zwi\u0119kszenie energii i wydolno\u015bci seksualnej<\/strong> &#8211; sk\u0142adniki Femin Plus mog\u0105 pom\u00f3c w zwi\u0119kszeniu energii oraz poprawie wydolno\u015bci seksualnej, co pozytywnie wp\u0142ywa na \u017cycie intymne.<\/li>\n<\/ul>\n<h2>Ryzyko skutk\u00f3w ubocznych<\/h2>\n<p>Jednym z g\u0142\u00f3wnych atut\u00f3w Femin Plus jest jego naturalny sk\u0142ad, oparty na starannie wyselekcjonowanych sk\u0142adnikach ro\u015blinnych i witaminach. Dzi\u0119ki temu ryzyko wyst\u0105pienia skutk\u00f3w ubocznych jest minimalne, a preparat jest dobrze tolerowany przez wi\u0119kszo\u015b\u0107 u\u017cytkowniczek. Niemniej jednak, przed rozpocz\u0119ciem stosowania jakiegokolwiek suplementu diety, zawsze zaleca si\u0119 skonsultowanie si\u0119 z lekarzem, zw\u0142aszcza je\u015bli istniej\u0105 jakiekolwiek obawy zwi\u0105zane z przyjmowaniem preparatu.<\/p>\n<p><em>Femin Plus to innowacyjny preparat, kt\u00f3ry mo\u017ce by\u0107 skuteczn\u0105 pomoc\u0105 dla kobiet do\u015bwiadczaj\u0105cych trudno\u015bci z \u017cyciem seksualnym. Dzi\u0119ki naturalnym sk\u0142adnikom i kompleksowemu dzia\u0142aniu, kapsu\u0142ki Femin Plus mog\u0105 pom\u00f3c kobietom odzyska\u0107 rado\u015b\u0107 z blisko\u015bci z partnerem oraz czerpa\u0107 wi\u0119ksz\u0105 przyjemno\u015b\u0107 z \u017cycia intymnego.<\/em><\/p>\n<\/div>\n<\/div>\n<\/div>\n<\/div>\n<\/div>\n<\/div>\n<\/div>\n<\/div>\n<div class=\"w-full text-token-text-primary\" data-testid=\"conversation-turn-5\">\n<div class=\"px-4 py-2 justify-center text-base md:gap-6 m-auto\">\n<div class=\"flex flex-1 text-base mx-auto gap-3 md:px-5 lg:px-1 xl:px-5 md:max-w-3xl lg:max-w-[40rem] xl:max-w-[48rem] group final-completion\">\n<div class=\"relative flex w-full flex-col agent-turn\">\n<div class=\"flex-col gap-1 md:gap-3\">\n<div class=\"flex flex-grow flex-col max-w-full\">\n<div class=\"min-h-[20px] text-message flex flex-col items-start gap-3 whitespace-pre-wrap break-words [.text-message+&amp;]:mt-5 overflow-x-auto\" data-message-author-role=\"assistant\" data-message-id=\"2cfd7723-bb67-487d-9b75-9222ad155a55\">\n<div class=\"markdown prose w-full break-words dark:prose-invert light\">\n<h2>Opinie klient\u00f3w o Femin Plus: fora po\u015bwi\u0119cone zdrowiu<\/h2>\n<p>W Polsce fora internetowe po\u015bwi\u0119cone zdrowiu ciesz\u0105 si\u0119 ogromn\u0105 popularno\u015bci\u0105. S\u0105 one miejscem, gdzie ludzie dziel\u0105 si\u0119 swoimi do\u015bwiadczeniami zwi\u0105zanych z r\u00f3\u017cnymi produktami i suplementami diety. W ostatnich latach Femin Plus zyska\u0142 szczeg\u00f3lne uznanie w\u015br\u00f3d u\u017cytkownik\u00f3w tych platform, staj\u0105c si\u0119 tematem wielu dyskusji. Wi\u0119kszo\u015b\u0107 u\u017cytkownik\u00f3w opisuje pozytywne dzia\u0142anie preparatu oraz jego dost\u0119pno\u015b\u0107. Oto kilka przyk\u0142adowych opinii:<\/p>\n<ol>\n<li><strong>Anna:<\/strong> &#8222;Femin Plus to rewolucja w moim \u017cyciu intymnym! Od kiedy zacz\u0119\u0142am go stosowa\u0107, zauwa\u017cy\u0142am ogromn\u0105 popraw\u0119 w moim libido oraz wi\u0119ksz\u0105 satysfakcj\u0119 z \u017cycia seksualnego. Polecam ka\u017cdej kobiecie, kt\u00f3ra ma problemy w tej sferze!&#8221;<\/li>\n<li><strong>Katarzyna:<\/strong> &#8222;Jestem bardzo zadowolona z efekt\u00f3w Femin Plus. Preparat nie tylko zwi\u0119kszy\u0142 moje libido, ale tak\u017ce poprawi\u0142 m\u00f3j nastr\u00f3j i og\u00f3ln\u0105 jako\u015b\u0107 \u017cycia. Co wa\u017cne, jest \u0142atwo dost\u0119pny i mo\u017cna go kupi\u0107 bez problemu online.&#8221;<\/li>\n<\/ol>\n<h2>Spos\u00f3b podawania i dawkowanie<\/h2>\n<p>Femin Plus wyst\u0119puje w formie kapsu\u0142ek, kt\u00f3re nale\u017cy regularnie przyjmowa\u0107 doustnie. Zalecane jest stosowanie jednej kapsu\u0142ki dziennie, popijaj\u0105c j\u0105 du\u017c\u0105 ilo\u015bci\u0105 wody. Preparat najlepiej jest przyjmowa\u0107 rano, przed \u015bniadaniem lub wieczorem, przed snem. Regularne stosowanie preparatu mo\u017ce przynie\u015b\u0107 najlepsze efekty w poprawie \u017cycia intymnego.<\/p>\n<h2>Kup teraz Femin Plus z dostaw\u0105<\/h2>\n<p>Zam\u00f3wienie Femin Plus jest niezwykle proste i wygodne. Produkt mo\u017cna naby\u0107 online, bez konieczno\u015bci wychodzenia z domu. Co wa\u017cne, nie trzeba dokonywa\u0107 przedp\u0142aty &#8211; p\u0142atno\u015b\u0107 za produkt odbywa si\u0119 dopiero przy dostawie, co daje gwarancj\u0119 otrzymania oryginalnego produktu bez ryzyka. Dostawa zazwyczaj trwa od 3 do 4 dni roboczych i obejmuje ca\u0142y obszar Polski. Po z\u0142o\u017ceniu zam\u00f3wienia, klient otrzymuje tak\u017ce potwierdzenie telefoniczne od specjalisty, kt\u00f3ry mo\u017ce udzieli\u0107 dodatkowych informacji na temat produktu oraz ewentualnych promocji.<\/p>\n<p style=\"text-align: center;\"><a href=\"https:\/\/nplink.net\/ecgzp74y\"><button>Zakup na stronie producenta (-50%)<\/button><\/a><\/p>\n<h2>Por\u00f3wnanie ofert: ceny i dost\u0119pno\u015b\u0107 Femin Plus<\/h2>\n<p>Producenci Femin Plus stawiaj\u0105 na bezpo\u015bredni\u0105 dost\u0119pno\u015b\u0107 produktu dla swoich klient\u00f3w. Dlatego te\u017c suplement nie jest dost\u0119pny w stacjonarnych aptekach, a mo\u017cna go zakupi\u0107 wy\u0142\u0105cznie na oficjalnej stronie producenta. Dzi\u0119ki temu klient ma pewno\u015b\u0107, \u017ce otrzymuje oryginalny produkt po konkurencyjnej cenie, bez po\u015brednik\u00f3w i dodatkowych koszt\u00f3w. Warto regularnie sprawdza\u0107 dost\u0119pne promocje, aby skorzysta\u0107 z atrakcyjnych rabat\u00f3w. Dzi\u0119ki takiemu podej\u015bciu producenta, Femin Plus jest \u0142atwo dost\u0119pny i bezpieczny w zakupie dla ka\u017cdej kobiety, kt\u00f3ra chce poprawi\u0107 swoje \u017cycie intymne.<\/p>\n<\/div>\n<\/div>\n<\/div>\n<\/div>\n<\/div>\n<\/div>\n<\/div>\n<\/div>\n","protected":false},"excerpt":{"rendered":"<p style=\"text-align: center;\"><a href=\"https:\/\/nplink.net\/ecgzp74y\"><button>Kup teraz<\/button><\/a><\/p>\n<p>SKU:\u00a0<span class=\"sku\">789.878.01017<\/span><\/p>\n<hr \/>\n<p><small>Produkt sprzedawany jest wy\u0142\u0105cznie za po\u015brednictwem oficjalnej strony producenta, id\u017a i kupuj bezpiecznie!<\/small><\/p>\n","protected":false},"featured_media":581,"comment_status":"open","ping_status":"closed","template":"","meta":[],"product_brand":[],"product_cat":[15],"product_tag":[],"class_list":{"0":"post-580","1":"product","2":"type-product","3":"status-publish","4":"has-post-thumbnail","6":"product_cat-supl","7":"thunk-woo-product-list","8":"opn-qv-enable","9":"top-store-woo-hover-","10":"top-store-single-product-tab-horizontal","11":"top-store-shadow-","12":"top-store-shadow-hover-","14":"first","15":"instock","16":"shipping-taxable","17":"purchasable","18":"product-type-simple"},"yoast_head":"<!-- This site is optimized with the Yoast SEO plugin v27.4 - https:\/\/yoast.com\/product\/yoast-seo-wordpress\/ -->\n<title>Femin Plus - kup suplement, cena w aptece, sk\u0142ad, dzia\u0142anie<\/title>\n<meta name=\"robots\" content=\"index, follow, max-snippet:-1, max-image-preview:large, max-video-preview:-1\" \/>\n<link rel=\"canonical\" href=\"https:\/\/lekarzeopole.pl\/wordpress\/product\/femin-plus\/\" \/>\n<meta property=\"og:locale\" content=\"pl_PL\" \/>\n<meta property=\"og:type\" content=\"article\" \/>\n<meta property=\"og:title\" content=\"Femin Plus - kup suplement, cena w aptece, sk\u0142ad, dzia\u0142anie\" \/>\n<meta property=\"og:description\" content=\"Kup teraz SKU:\u00a0789.878.01017    Produkt sprzedawany jest wy\u0142\u0105cznie za po\u015brednictwem oficjalnej strony producenta, id\u017a i kupuj bezpiecznie!\" \/>\n<meta property=\"og:url\" content=\"https:\/\/lekarzeopole.pl\/wordpress\/product\/femin-plus\/\" \/>\n<meta property=\"og:site_name\" content=\"Lekarze Opole\" \/>\n<meta property=\"article:modified_time\" content=\"2024-06-08T09:54:25+00:00\" \/>\n<meta property=\"og:image\" content=\"https:\/\/lekarzeopole.pl\/wordpress\/wp-content\/uploads\/2024\/02\/femin-plus.png\" \/>\n\t<meta property=\"og:image:width\" content=\"472\" \/>\n\t<meta property=\"og:image:height\" content=\"489\" \/>\n\t<meta property=\"og:image:type\" content=\"image\/png\" \/>\n<meta name=\"twitter:card\" content=\"summary_large_image\" \/>\n<meta name=\"twitter:label1\" content=\"Szacowany czas czytania\" \/>\n\t<meta name=\"twitter:data1\" content=\"6 minut\" \/>\n<script type=\"application\/ld+json\" class=\"yoast-schema-graph\">{\"@context\":\"https:\\\/\\\/schema.org\",\"@graph\":[{\"@type\":\"WebPage\",\"@id\":\"https:\\\/\\\/lekarzeopole.pl\\\/wordpress\\\/product\\\/femin-plus\\\/\",\"url\":\"https:\\\/\\\/lekarzeopole.pl\\\/wordpress\\\/product\\\/femin-plus\\\/\",\"name\":\"Femin Plus - kup suplement, cena w aptece, sk\u0142ad, dzia\u0142anie\",\"isPartOf\":{\"@id\":\"https:\\\/\\\/lekarzeopole.pl\\\/wordpress\\\/#website\"},\"primaryImageOfPage\":{\"@id\":\"https:\\\/\\\/lekarzeopole.pl\\\/wordpress\\\/product\\\/femin-plus\\\/#primaryimage\"},\"image\":{\"@id\":\"https:\\\/\\\/lekarzeopole.pl\\\/wordpress\\\/product\\\/femin-plus\\\/#primaryimage\"},\"thumbnailUrl\":\"https:\\\/\\\/lekarzeopole.pl\\\/wordpress\\\/wp-content\\\/uploads\\\/2024\\\/02\\\/femin-plus.png\",\"datePublished\":\"2024-02-13T09:43:12+00:00\",\"dateModified\":\"2024-06-08T09:54:25+00:00\",\"breadcrumb\":{\"@id\":\"https:\\\/\\\/lekarzeopole.pl\\\/wordpress\\\/product\\\/femin-plus\\\/#breadcrumb\"},\"inLanguage\":\"pl-PL\",\"potentialAction\":[{\"@type\":\"ReadAction\",\"target\":[\"https:\\\/\\\/lekarzeopole.pl\\\/wordpress\\\/product\\\/femin-plus\\\/\"]}]},{\"@type\":\"ImageObject\",\"inLanguage\":\"pl-PL\",\"@id\":\"https:\\\/\\\/lekarzeopole.pl\\\/wordpress\\\/product\\\/femin-plus\\\/#primaryimage\",\"url\":\"https:\\\/\\\/lekarzeopole.pl\\\/wordpress\\\/wp-content\\\/uploads\\\/2024\\\/02\\\/femin-plus.png\",\"contentUrl\":\"https:\\\/\\\/lekarzeopole.pl\\\/wordpress\\\/wp-content\\\/uploads\\\/2024\\\/02\\\/femin-plus.png\",\"width\":472,\"height\":489,\"caption\":\"Femin Plus\"},{\"@type\":\"BreadcrumbList\",\"@id\":\"https:\\\/\\\/lekarzeopole.pl\\\/wordpress\\\/product\\\/femin-plus\\\/#breadcrumb\",\"itemListElement\":[{\"@type\":\"ListItem\",\"position\":1,\"name\":\"\u0413\u043b\u0430\u0432\u043d\u0430\u044f \u0441\u0442\u0440\u0430\u043d\u0438\u0446\u0430\",\"item\":\"https:\\\/\\\/lekarzeopole.pl\\\/wordpress\\\/\"},{\"@type\":\"ListItem\",\"position\":2,\"name\":\"Zakup\",\"item\":\"https:\\\/\\\/lekarzeopole.pl\\\/wordpress\\\/\"},{\"@type\":\"ListItem\",\"position\":3,\"name\":\"Femin Plus\"}]},{\"@type\":\"WebSite\",\"@id\":\"https:\\\/\\\/lekarzeopole.pl\\\/wordpress\\\/#website\",\"url\":\"https:\\\/\\\/lekarzeopole.pl\\\/wordpress\\\/\",\"name\":\"Lekarze Opole\",\"description\":\"\",\"potentialAction\":[{\"@type\":\"SearchAction\",\"target\":{\"@type\":\"EntryPoint\",\"urlTemplate\":\"https:\\\/\\\/lekarzeopole.pl\\\/wordpress\\\/?s={search_term_string}\"},\"query-input\":{\"@type\":\"PropertyValueSpecification\",\"valueRequired\":true,\"valueName\":\"search_term_string\"}}],\"inLanguage\":\"pl-PL\"}]}<\/script>\n<!-- \/ Yoast SEO plugin. -->","yoast_head_json":{"title":"Femin Plus - kup suplement, cena w aptece, sk\u0142ad, dzia\u0142anie","robots":{"index":"index","follow":"follow","max-snippet":"max-snippet:-1","max-image-preview":"max-image-preview:large","max-video-preview":"max-video-preview:-1"},"canonical":"https:\/\/lekarzeopole.pl\/wordpress\/product\/femin-plus\/","og_locale":"pl_PL","og_type":"article","og_title":"Femin Plus - kup suplement, cena w aptece, sk\u0142ad, dzia\u0142anie","og_description":"Kup teraz SKU:\u00a0789.878.01017    Produkt sprzedawany jest wy\u0142\u0105cznie za po\u015brednictwem oficjalnej strony producenta, id\u017a i kupuj bezpiecznie!","og_url":"https:\/\/lekarzeopole.pl\/wordpress\/product\/femin-plus\/","og_site_name":"Lekarze Opole","article_modified_time":"2024-06-08T09:54:25+00:00","og_image":[{"width":472,"height":489,"url":"https:\/\/lekarzeopole.pl\/wordpress\/wp-content\/uploads\/2024\/02\/femin-plus.png","type":"image\/png"}],"twitter_card":"summary_large_image","twitter_misc":{"Szacowany czas czytania":"6 minut"},"schema":{"@context":"https:\/\/schema.org","@graph":[{"@type":"WebPage","@id":"https:\/\/lekarzeopole.pl\/wordpress\/product\/femin-plus\/","url":"https:\/\/lekarzeopole.pl\/wordpress\/product\/femin-plus\/","name":"Femin Plus - kup suplement, cena w aptece, sk\u0142ad, dzia\u0142anie","isPartOf":{"@id":"https:\/\/lekarzeopole.pl\/wordpress\/#website"},"primaryImageOfPage":{"@id":"https:\/\/lekarzeopole.pl\/wordpress\/product\/femin-plus\/#primaryimage"},"image":{"@id":"https:\/\/lekarzeopole.pl\/wordpress\/product\/femin-plus\/#primaryimage"},"thumbnailUrl":"https:\/\/lekarzeopole.pl\/wordpress\/wp-content\/uploads\/2024\/02\/femin-plus.png","datePublished":"2024-02-13T09:43:12+00:00","dateModified":"2024-06-08T09:54:25+00:00","breadcrumb":{"@id":"https:\/\/lekarzeopole.pl\/wordpress\/product\/femin-plus\/#breadcrumb"},"inLanguage":"pl-PL","potentialAction":[{"@type":"ReadAction","target":["https:\/\/lekarzeopole.pl\/wordpress\/product\/femin-plus\/"]}]},{"@type":"ImageObject","inLanguage":"pl-PL","@id":"https:\/\/lekarzeopole.pl\/wordpress\/product\/femin-plus\/#primaryimage","url":"https:\/\/lekarzeopole.pl\/wordpress\/wp-content\/uploads\/2024\/02\/femin-plus.png","contentUrl":"https:\/\/lekarzeopole.pl\/wordpress\/wp-content\/uploads\/2024\/02\/femin-plus.png","width":472,"height":489,"caption":"Femin Plus"},{"@type":"BreadcrumbList","@id":"https:\/\/lekarzeopole.pl\/wordpress\/product\/femin-plus\/#breadcrumb","itemListElement":[{"@type":"ListItem","position":1,"name":"\u0413\u043b\u0430\u0432\u043d\u0430\u044f \u0441\u0442\u0440\u0430\u043d\u0438\u0446\u0430","item":"https:\/\/lekarzeopole.pl\/wordpress\/"},{"@type":"ListItem","position":2,"name":"Zakup","item":"https:\/\/lekarzeopole.pl\/wordpress\/"},{"@type":"ListItem","position":3,"name":"Femin Plus"}]},{"@type":"WebSite","@id":"https:\/\/lekarzeopole.pl\/wordpress\/#website","url":"https:\/\/lekarzeopole.pl\/wordpress\/","name":"Lekarze Opole","description":"","potentialAction":[{"@type":"SearchAction","target":{"@type":"EntryPoint","urlTemplate":"https:\/\/lekarzeopole.pl\/wordpress\/?s={search_term_string}"},"query-input":{"@type":"PropertyValueSpecification","valueRequired":true,"valueName":"search_term_string"}}],"inLanguage":"pl-PL"}]}},"_links":{"self":[{"href":"https:\/\/lekarzeopole.pl\/wordpress\/wp-json\/wp\/v2\/product\/580","targetHints":{"allow":["GET"]}}],"collection":[{"href":"https:\/\/lekarzeopole.pl\/wordpress\/wp-json\/wp\/v2\/product"}],"about":[{"href":"https:\/\/lekarzeopole.pl\/wordpress\/wp-json\/wp\/v2\/types\/product"}],"replies":[{"embeddable":true,"href":"https:\/\/lekarzeopole.pl\/wordpress\/wp-json\/wp\/v2\/comments?post=580"}],"wp:featuredmedia":[{"embeddable":true,"href":"https:\/\/lekarzeopole.pl\/wordpress\/wp-json\/wp\/v2\/media\/581"}],"wp:attachment":[{"href":"https:\/\/lekarzeopole.pl\/wordpress\/wp-json\/wp\/v2\/media?parent=580"}],"wp:term":[{"taxonomy":"product_brand","embeddable":true,"href":"https:\/\/lekarzeopole.pl\/wordpress\/wp-json\/wp\/v2\/product_brand?post=580"},{"taxonomy":"product_cat","embeddable":true,"href":"https:\/\/lekarzeopole.pl\/wordpress\/wp-json\/wp\/v2\/product_cat?post=580"},{"taxonomy":"product_tag","embeddable":true,"href":"https:\/\/lekarzeopole.pl\/wordpress\/wp-json\/wp\/v2\/product_tag?post=580"}],"curies":[{"name":"wp","href":"https:\/\/api.w.org\/{rel}","templated":true}]}}