{"id":58,"date":"2024-01-20T10:53:25","date_gmt":"2024-01-20T10:53:25","guid":{"rendered":"https:\/\/lekarzeopole.pl\/wordpress\/?post_type=product&#038;p=58"},"modified":"2024-06-06T15:49:02","modified_gmt":"2024-06-06T15:49:02","slug":"reviten-forte","status":"publish","type":"product","link":"https:\/\/lekarzeopole.pl\/wordpress\/product\/reviten-forte\/","title":{"rendered":"Reviten Forte"},"content":{"rendered":"<div class=\"w-full text-token-text-primary\" data-testid=\"conversation-turn-3\">\n<div class=\"px-4 py-2 justify-center text-base md:gap-6 m-auto\">\n<div class=\"flex flex-1 text-base mx-auto gap-3 md:px-5 lg:px-1 xl:px-5 md:max-w-3xl lg:max-w-[40rem] xl:max-w-[48rem] group\">\n<div class=\"relative flex w-full flex-col lg:w-[calc(100%-115px)] agent-turn\">\n<div class=\"flex-col gap-1 md:gap-3\">\n<div class=\"flex flex-grow flex-col max-w-full\">\n<div class=\"text-message flex flex-col items-start gap-3 whitespace-pre-wrap break-words [.text-message+&amp;]:mt-5 overflow-x-auto\" data-message-author-role=\"assistant\" data-message-id=\"04f1d375-c496-41ff-a477-2a78ad627fd9\">\n<div class=\"markdown prose w-full break-words dark:prose-invert light\">\n<p>Suplementy diety odgrywaj\u0105 kluczow\u0105 rol\u0119 w wspieraniu naszego zdrowia i dobrej kondycji. Jednym z takich produkt\u00f3w, kt\u00f3ry zdobywa coraz wi\u0119ksz\u0105 popularno\u015b\u0107 w Polsce, jest Reviten Forte. Ten naturalny suplement diety jest skonstruowany w taki spos\u00f3b, aby zapewni\u0107 regeneracj\u0119 staw\u00f3w, zwi\u0119kszy\u0107 ich mobilno\u015b\u0107 oraz pozby\u0107 si\u0119 uci\u0105\u017cliwego b\u00f3lu. W dzisiejszym artykule przeanalizujemy, dlaczego warto si\u0119gn\u0105\u0107 po Reviten Forte i jakie efekty mo\u017cna osi\u0105gn\u0105\u0107, stosuj\u0105c ten preparat.<\/p>\n<h2><strong>Wskazania do stosowania suplementu diety Reviten Forte<\/strong><\/h2>\n<p>Przed przej\u015bciem do szczeg\u00f3\u0142owego opisu Reviten Forte, zacznijmy od om\u00f3wienia sytuacji, w kt\u00f3rych ten suplement mo\u017ce okaza\u0107 si\u0119 szczeg\u00f3lnie pomocny. Poni\u017csza tabela prezentuje g\u0142\u00f3wne wskazania do stosowania Reviten Forte:<\/p>\n<table style=\"height: 224px;\" width=\"932\">\n<thead>\n<tr>\n<th>Wskazania do stosowania Reviten Forte<\/th>\n<\/tr>\n<\/thead>\n<tbody>\n<tr>\n<td>&#8211; Problemy z tkank\u0105 chrz\u0119stn\u0105<\/td>\n<\/tr>\n<tr>\n<td>&#8211; Spadek mobilno\u015bci staw\u00f3w<\/td>\n<\/tr>\n<tr>\n<td>&#8211; Obrz\u0119k i zaczerwienienie staw\u00f3w<\/td>\n<\/tr>\n<tr>\n<td>&#8211; B\u00f3l staw\u00f3w<\/td>\n<\/tr>\n<tr>\n<td>&#8211; Sztywno\u015b\u0107 cia\u0142a<\/td>\n<\/tr>\n<\/tbody>\n<\/table>\n<p>Je\u015bli do\u015bwiadczasz kt\u00f3regokolwiek z powy\u017cszych problem\u00f3w, Reviten Forte mo\u017ce by\u0107 odpowiedzi\u0105 na Twoje potrzeby.<\/p>\n<h2><strong>Opis dodatku do \u017cywno\u015bci Reviten Forte<\/strong><\/h2>\n<p>Reviten Forte to suplement diety, kt\u00f3ry skonstruowany zosta\u0142 w oparciu o naturalne sk\u0142adniki. Jego g\u0142\u00f3wnym celem jest wsparcie regeneracji tkanki chrz\u0119stnej, co przek\u0142ada si\u0119 na popraw\u0119 funkcjonowania staw\u00f3w. Dzi\u0119ki starannie dobranym sk\u0142adnikom, preparat ten pomaga zwi\u0119kszy\u0107 mobilno\u015b\u0107 i ruchliwo\u015b\u0107 staw\u00f3w, redukuje obrz\u0119k oraz zaczerwienienie, a tak\u017ce eliminuje dokuczliwy b\u00f3l staw\u00f3w. Osoby borykaj\u0105ce si\u0119 ze sztywno\u015bci\u0105 cia\u0142a r\u00f3wnie\u017c mog\u0105 zauwa\u017cy\u0107 znaczn\u0105 popraw\u0119 po zastosowaniu Reviten Forte.<\/p>\n<h2><strong>Sk\u0142ad i dzia\u0142anie sk\u0142adnik\u00f3w Reviten Forte<\/strong><\/h2>\n<p>Sk\u0142ad Reviten Forte opiera si\u0119 na naturalnych substancjach, kt\u00f3re s\u0105 znane z ich korzystnego wp\u0142ywu na stawy i tkank\u0119 chrz\u0119stn\u0105. G\u0142\u00f3wne sk\u0142adniki to:<\/p>\n<ol>\n<li><strong>Glukozamina<\/strong> &#8211; substancja ta pomaga w odbudowie chrz\u0105stki stawowej, poprawiaj\u0105c jej elastyczno\u015b\u0107 i wytrzyma\u0142o\u015b\u0107.<\/li>\n<li><strong>Chondroityna<\/strong> &#8211; wspomaga produkcj\u0119 kolagenu w organizmie, co jest kluczowe dla zdrowych staw\u00f3w.<\/li>\n<li><strong>Metylosulfonylometan (MSM)<\/strong> &#8211; pomaga w redukcji b\u00f3lu staw\u00f3w, zmniejsza stan zapalny i obrz\u0119k.<\/li>\n<li><strong>Kurkumina<\/strong> &#8211; znana ze swoich w\u0142a\u015bciwo\u015bci przeciwzapalnych i przeciwb\u00f3lowych, pomaga \u0142agodzi\u0107 b\u00f3l staw\u00f3w.<\/li>\n<\/ol>\n<p>Dzi\u0119ki tym sk\u0142adnikom Reviten Forte dzia\u0142a kompleksowo na stawy, wspieraj\u0105c ich regeneracj\u0119 i zdrowie.<\/p>\n<h2><strong>Efekty Reviten Forte i ich charakterystyka<\/strong><\/h2>\n<p>Je\u015bli zastanawiasz si\u0119, jakie efekty mo\u017cna osi\u0105gn\u0105\u0107, stosuj\u0105c Reviten Forte, oto ich charakterystyka:<\/p>\n<ul>\n<li><strong>Regeneracja tkanki chrz\u0119stnej<\/strong>: Reviten Forte wspomaga odbudow\u0119 chrz\u0105stki stawowej, co przek\u0142ada si\u0119 na jej elastyczno\u015b\u0107 i trwa\u0142o\u015b\u0107.<\/li>\n<li><strong>Zwi\u0119kszenie mobilno\u015bci i ruchliwo\u015bci staw\u00f3w<\/strong>: Dzi\u0119ki sk\u0142adnikom aktywnym, ten suplement pomaga zwi\u0119kszy\u0107 zakres ruchu w stawach.<\/li>\n<li><strong>Redukcja obrz\u0119ku i zaczerwienienia<\/strong>: Dzia\u0142anie przeciwzapalne sk\u0142adnik\u00f3w pomaga zmniejszy\u0107 obrz\u0119k i zaczerwienienie wok\u00f3\u0142 staw\u00f3w.<\/li>\n<li><strong>Eliminacja b\u00f3lu staw\u00f3w<\/strong>: Reviten Forte pomaga w redukcji b\u00f3lu staw\u00f3w, co poprawia komfort codziennego \u017cycia.<\/li>\n<li><strong>Zmniejszenie sztywno\u015bci cia\u0142a<\/strong>: Osoby borykaj\u0105ce si\u0119 ze sztywno\u015bci\u0105 cia\u0142a zauwa\u017c\u0105 popraw\u0119 po zastosowaniu tego suplementu.<\/li>\n<\/ul>\n<p style=\"text-align: center;\"><a href=\"http:\/\/tl-track.com\/tracker\/u5yk\"><button>www.reviten-forte.pl<\/button><\/a><\/p>\n<h2><strong>Ryzyko skutk\u00f3w ubocznych<\/strong><\/h2>\n<p>Jednym z g\u0142\u00f3wnych atut\u00f3w Reviten Forte jest jego naturalna kompozycja. Dzi\u0119ki temu ryzyko wyst\u0105pienia skutk\u00f3w ubocznych jest minimalne. Preparat nie powinien powodowa\u0107 \u017cadnych niepo\u017c\u0105danych efekt\u00f3w, dlatego mo\u017ce by\u0107 stosowany przez szerok\u0105 grup\u0119 os\u00f3b bez obaw o potencjalne ryzyko zdrowotne.<\/p>\n<h2><strong>Opinie klient\u00f3w o Reviten Forte: fora po\u015bwi\u0119cone zdrowiu<\/strong><\/h2>\n<p>W Polsce Reviten Forte zdobywa coraz wi\u0119ksz\u0105 popularno\u015b\u0107, a zainteresowanie tym suplementem przek\u0142ada si\u0119 na liczne opinie klient\u00f3w na r\u00f3\u017cnych forach po\u015bwi\u0119conych zdrowiu. Te recenzje potwierdzaj\u0105 skuteczno\u015b\u0107 i dost\u0119pno\u015b\u0107 produktu.<\/p>\n<p>Fora internetowe w Polsce s\u0105 pe\u0142ne pozytywnych opinii od u\u017cytkownik\u00f3w, kt\u00f3rzy do\u015bwiadczyli korzy\u015bci wynikaj\u0105cych ze stosowania Reviten Forte. Wielu z nich podkre\u015bla szybkie efekty ju\u017c po 4 tygodniach stosowania oraz brak jakichkolwiek skutk\u00f3w ubocznych. Popularno\u015b\u0107 suplementu w\u015br\u00f3d os\u00f3b zmagaj\u0105cych si\u0119 z problemami stawowymi jest wi\u0119c zrozumia\u0142a, bior\u0105c pod uwag\u0119 pozytywne do\u015bwiadczenia innych u\u017cytkownik\u00f3w.<\/p>\n<p>Reviten Forte to niedrogi i naturalny suplement diety, kt\u00f3ry mo\u017ce pom\u00f3c w regeneracji staw\u00f3w, poprawie ich mobilno\u015bci oraz wyeliminowaniu b\u00f3lu. Dzi\u0119ki naturalnej kompozycji ryzyko skutk\u00f3w ubocznych jest minimalne, a liczne pozytywne opinie na polskich forach zdrowotnych potwierdzaj\u0105 jego skuteczno\u015b\u0107. Je\u015bli borykasz si\u0119 z problemami stawowymi, warto rozwa\u017cy\u0107 wypr\u00f3bowanie Reviten Forte i cieszy\u0107 si\u0119 lepszym zdrowiem staw\u00f3w ju\u017c po kilku tygodniach stosowania.<\/p>\n<\/div>\n<\/div>\n<\/div>\n<\/div>\n<\/div>\n<\/div>\n<\/div>\n<\/div>\n<div class=\"w-full text-token-text-primary\" data-testid=\"conversation-turn-5\">\n<div class=\"px-4 py-2 justify-center text-base md:gap-6 m-auto\">\n<div class=\"flex flex-1 text-base mx-auto gap-3 md:px-5 lg:px-1 xl:px-5 md:max-w-3xl lg:max-w-[40rem] xl:max-w-[48rem] group final-completion\">\n<div class=\"relative flex w-full flex-col lg:w-[calc(100%-115px)] agent-turn\">\n<div class=\"flex-col gap-1 md:gap-3\">\n<div class=\"flex flex-grow flex-col max-w-full\">\n<div class=\"min-h-[20px] text-message flex flex-col items-start gap-3 whitespace-pre-wrap break-words [.text-message+&amp;]:mt-5 overflow-x-auto\" data-message-author-role=\"assistant\" data-message-id=\"1fd5d8c4-5c26-405f-9287-308b21be517a\">\n<div class=\"markdown prose w-full break-words dark:prose-invert light\">\n<h2><strong>Ulotka do\u0142\u0105czona do Reviten Forte<\/strong><\/h2>\n<p>Ulotka do\u0142\u0105czona do opakowania Reviten Forte zawiera wa\u017cne informacje dotycz\u0105ce stosowania tego suplementu diety. Warto j\u0105 dok\u0142adnie przeczyta\u0107 przed rozpocz\u0119ciem kuracji, aby zapewni\u0107 sobie maksymalne korzy\u015bci i unikn\u0105\u0107 potencjalnych problem\u00f3w.<\/p>\n<h2><strong>Wskazania i przeciwwskazania<\/strong><\/h2>\n<p>Przed rozpocz\u0119ciem stosowania Reviten Forte zawsze warto sprawdzi\u0107 wskazania i przeciwwskazania. Produkt ten jest przeznaczony g\u0142\u00f3wnie dla os\u00f3b borykaj\u0105cych si\u0119 z problemami stawowymi i tkank\u0105 chrz\u0119stn\u0105. Jednak istniej\u0105 pewne sytuacje, w kt\u00f3rych nie zaleca si\u0119 jego stosowania. Nale\u017cy zachowa\u0107 ostro\u017cno\u015b\u0107 w przypadku:<\/p>\n<ul>\n<li>Alergii na kt\u00f3rykolwiek sk\u0142adnik preparatu.<\/li>\n<li><strong>Ci\u0105\u017cy i karmienia piersi\u0105<\/strong> \u2013 w takich przypadkach zawsze warto skonsultowa\u0107 si\u0119 z lekarzem przed rozpocz\u0119ciem kuracji.<\/li>\n<li><strong>Os\u00f3b m\u0142odocianych<\/strong> \u2013 suplement ten jest zazwyczaj polecany dla doros\u0142ych.<\/li>\n<\/ul>\n<h2><strong>Spos\u00f3b podawania i dawkowanie<\/strong><\/h2>\n<p>Spos\u00f3b podawania i dawkowanie Reviten Forte jest prosty i \u0142atwy do zrozumienia. Zazwyczaj zaleca si\u0119 przyjmowanie jednej kapsu\u0142ki dziennie, najlepiej podczas posi\u0142ku. Nale\u017cy pami\u0119ta\u0107, aby nie przekracza\u0107 zalecanej dawki, chyba \u017ce lekarz zaleci inaczej.<\/p>\n<h2><strong>Porady od lekarzy<\/strong><\/h2>\n<p>Cho\u0107 Reviten Forte jest suplementem diety, warto r\u00f3wnie\u017c skonsultowa\u0107 si\u0119 z lekarzem przed rozpocz\u0119ciem kuracji, zw\u0142aszcza je\u015bli masz jakiekolwiek obawy dotycz\u0105ce swojego zdrowia. Lekarze zwykle podkre\u015blaj\u0105 znaczenie utrzymania aktywnego trybu \u017cycia, zdrowej diety i regularnych \u0107wicze\u0144 w celu poprawy kondycji staw\u00f3w. Dodatek diety mo\u017ce by\u0107 cennym wsparciem, ale nie zast\u0105pi zdrowych nawyk\u00f3w.<\/p>\n<p style=\"text-align: center;\"><a href=\"http:\/\/tl-track.com\/tracker\/u5yk\"><button>Zakup na stronie producenta (-50%)<\/button><\/a><\/p>\n<h2><strong>Kup teraz Reviten Forte z dostaw\u0105<\/strong><\/h2>\n<p>Je\u015bli jeste\u015b zainteresowany zakupem Reviten Forte, mo\u017cesz to zrobi\u0107 bez wychodzenia z domu. Wystarczy klikn\u0105\u0107 przycisk &#8222;Kup teraz&#8221;, a nast\u0119pnie wype\u0142ni\u0107 formularz zam\u00f3wienia, podaj\u0105c jedynie swoje imi\u0119 i numer telefonu. Nie ma konieczno\u015bci p\u0142acenia za produkt z g\u00f3ry \u2013 p\u0142atno\u015b\u0107 jest dokonywana przy dostawie. To oznacza, \u017ce otrzymasz oryginalny produkt bez ryzyka. Dostawa zwykle trwa 3-4 dni w Polsce. Po z\u0142o\u017ceniu zam\u00f3wienia, mo\u017cesz oczekiwa\u0107 r\u00f3wnie\u017c telefonu od specjalisty, kt\u00f3ry udzieli Ci dodatkowych informacji na temat ilo\u015bci produktu oraz dost\u0119pno\u015bci ewentualnych promocji.<\/p>\n<h2><strong>Por\u00f3wnanie ofert: ceny i dost\u0119pno\u015b\u0107 Reviten Forte<\/strong><\/h2>\n<p>Producent Reviten Forte dba o dost\u0119pno\u015b\u0107 swojego produktu dla klient\u00f3w, dlatego suplement mo\u017cna zakupi\u0107 bezpo\u015brednio na oficjalnej stronie internetowej producenta, bez po\u015brednik\u00f3w i dodatkowych op\u0142at. Co wi\u0119cej, na stronie cz\u0119sto dost\u0119pne s\u0105 atrakcyjne rabaty, kt\u00f3re warto regularnie sprawdza\u0107. Dlatego produkt nie jest dost\u0119pny w stacjonarnych aptekach \u2013 producent preferuje sprzeda\u017c online, co umo\u017cliwia klientom korzystanie z konkurencyjnych cen i promocji. Wybieraj\u0105c Reviten Forte, masz pewno\u015b\u0107, \u017ce otrzymujesz oryginalny produkt od producenta.<\/p>\n<\/div>\n<\/div>\n<\/div>\n<\/div>\n<\/div>\n<\/div>\n<\/div>\n<\/div>\n","protected":false},"excerpt":{"rendered":"<p style=\"text-align: center;\"><a href=\"http:\/\/tl-track.com\/tracker\/u5yk\"><button>Kup teraz<\/button><\/a><\/p>\n<p>SKU:\u00a0<span class=\"sku\">789.878.009<\/span><\/p>\n<hr \/>\n<p><small>Produkt sprzedawany jest wy\u0142\u0105cznie za po\u015brednictwem oficjalnej strony producenta, id\u017a i kupuj bezpiecznie!<\/small><\/p>\n","protected":false},"featured_media":59,"comment_status":"open","ping_status":"closed","template":"","meta":[],"product_brand":[],"product_cat":[15],"product_tag":[],"class_list":{"0":"post-58","1":"product","2":"type-product","3":"status-publish","4":"has-post-thumbnail","6":"product_cat-supl","7":"thunk-woo-product-list","8":"opn-qv-enable","9":"top-store-woo-hover-","10":"top-store-single-product-tab-horizontal","11":"top-store-shadow-","12":"top-store-shadow-hover-","14":"first","15":"instock","16":"sale","17":"shipping-taxable","18":"purchasable","19":"product-type-simple"},"yoast_head":"<!-- This site is optimized with the Yoast SEO plugin v27.4 - https:\/\/yoast.com\/product\/yoast-seo-wordpress\/ -->\n<title>Reviten Forte - kup suplement, cena w aptece, sk\u0142ad, dzia\u0142anie<\/title>\n<meta name=\"robots\" content=\"index, follow, max-snippet:-1, max-image-preview:large, max-video-preview:-1\" \/>\n<link rel=\"canonical\" href=\"https:\/\/lekarzeopole.pl\/wordpress\/product\/reviten-forte\/\" \/>\n<meta property=\"og:locale\" content=\"pl_PL\" \/>\n<meta property=\"og:type\" content=\"article\" \/>\n<meta property=\"og:title\" content=\"Reviten Forte - kup suplement, cena w aptece, sk\u0142ad, dzia\u0142anie\" \/>\n<meta property=\"og:description\" content=\"Kup teraz SKU:\u00a0789.878.009    Produkt sprzedawany jest wy\u0142\u0105cznie za po\u015brednictwem oficjalnej strony producenta, id\u017a i kupuj bezpiecznie!\" \/>\n<meta property=\"og:url\" content=\"https:\/\/lekarzeopole.pl\/wordpress\/product\/reviten-forte\/\" \/>\n<meta property=\"og:site_name\" content=\"Lekarze Opole\" \/>\n<meta property=\"article:modified_time\" content=\"2024-06-06T15:49:02+00:00\" \/>\n<meta property=\"og:image\" content=\"https:\/\/lekarzeopole.pl\/wordpress\/wp-content\/uploads\/2024\/01\/reviten-forte.png\" \/>\n\t<meta property=\"og:image:width\" content=\"400\" \/>\n\t<meta property=\"og:image:height\" content=\"400\" \/>\n\t<meta property=\"og:image:type\" content=\"image\/png\" \/>\n<meta name=\"twitter:card\" content=\"summary_large_image\" \/>\n<meta name=\"twitter:label1\" content=\"Szacowany czas czytania\" \/>\n\t<meta name=\"twitter:data1\" content=\"6 minut\" \/>\n<script type=\"application\/ld+json\" class=\"yoast-schema-graph\">{\"@context\":\"https:\\\/\\\/schema.org\",\"@graph\":[{\"@type\":\"WebPage\",\"@id\":\"https:\\\/\\\/lekarzeopole.pl\\\/wordpress\\\/product\\\/reviten-forte\\\/\",\"url\":\"https:\\\/\\\/lekarzeopole.pl\\\/wordpress\\\/product\\\/reviten-forte\\\/\",\"name\":\"Reviten Forte - kup suplement, cena w aptece, sk\u0142ad, dzia\u0142anie\",\"isPartOf\":{\"@id\":\"https:\\\/\\\/lekarzeopole.pl\\\/wordpress\\\/#website\"},\"primaryImageOfPage\":{\"@id\":\"https:\\\/\\\/lekarzeopole.pl\\\/wordpress\\\/product\\\/reviten-forte\\\/#primaryimage\"},\"image\":{\"@id\":\"https:\\\/\\\/lekarzeopole.pl\\\/wordpress\\\/product\\\/reviten-forte\\\/#primaryimage\"},\"thumbnailUrl\":\"https:\\\/\\\/lekarzeopole.pl\\\/wordpress\\\/wp-content\\\/uploads\\\/2024\\\/01\\\/reviten-forte.png\",\"datePublished\":\"2024-01-20T10:53:25+00:00\",\"dateModified\":\"2024-06-06T15:49:02+00:00\",\"breadcrumb\":{\"@id\":\"https:\\\/\\\/lekarzeopole.pl\\\/wordpress\\\/product\\\/reviten-forte\\\/#breadcrumb\"},\"inLanguage\":\"pl-PL\",\"potentialAction\":[{\"@type\":\"ReadAction\",\"target\":[\"https:\\\/\\\/lekarzeopole.pl\\\/wordpress\\\/product\\\/reviten-forte\\\/\"]}]},{\"@type\":\"ImageObject\",\"inLanguage\":\"pl-PL\",\"@id\":\"https:\\\/\\\/lekarzeopole.pl\\\/wordpress\\\/product\\\/reviten-forte\\\/#primaryimage\",\"url\":\"https:\\\/\\\/lekarzeopole.pl\\\/wordpress\\\/wp-content\\\/uploads\\\/2024\\\/01\\\/reviten-forte.png\",\"contentUrl\":\"https:\\\/\\\/lekarzeopole.pl\\\/wordpress\\\/wp-content\\\/uploads\\\/2024\\\/01\\\/reviten-forte.png\",\"width\":400,\"height\":400,\"caption\":\"Reviten Forte\"},{\"@type\":\"BreadcrumbList\",\"@id\":\"https:\\\/\\\/lekarzeopole.pl\\\/wordpress\\\/product\\\/reviten-forte\\\/#breadcrumb\",\"itemListElement\":[{\"@type\":\"ListItem\",\"position\":1,\"name\":\"\u0413\u043b\u0430\u0432\u043d\u0430\u044f \u0441\u0442\u0440\u0430\u043d\u0438\u0446\u0430\",\"item\":\"https:\\\/\\\/lekarzeopole.pl\\\/wordpress\\\/\"},{\"@type\":\"ListItem\",\"position\":2,\"name\":\"Zakup\",\"item\":\"https:\\\/\\\/lekarzeopole.pl\\\/wordpress\\\/\"},{\"@type\":\"ListItem\",\"position\":3,\"name\":\"Reviten Forte\"}]},{\"@type\":\"WebSite\",\"@id\":\"https:\\\/\\\/lekarzeopole.pl\\\/wordpress\\\/#website\",\"url\":\"https:\\\/\\\/lekarzeopole.pl\\\/wordpress\\\/\",\"name\":\"Lekarze Opole\",\"description\":\"\",\"potentialAction\":[{\"@type\":\"SearchAction\",\"target\":{\"@type\":\"EntryPoint\",\"urlTemplate\":\"https:\\\/\\\/lekarzeopole.pl\\\/wordpress\\\/?s={search_term_string}\"},\"query-input\":{\"@type\":\"PropertyValueSpecification\",\"valueRequired\":true,\"valueName\":\"search_term_string\"}}],\"inLanguage\":\"pl-PL\"}]}<\/script>\n<!-- \/ Yoast SEO plugin. -->","yoast_head_json":{"title":"Reviten Forte - kup suplement, cena w aptece, sk\u0142ad, dzia\u0142anie","robots":{"index":"index","follow":"follow","max-snippet":"max-snippet:-1","max-image-preview":"max-image-preview:large","max-video-preview":"max-video-preview:-1"},"canonical":"https:\/\/lekarzeopole.pl\/wordpress\/product\/reviten-forte\/","og_locale":"pl_PL","og_type":"article","og_title":"Reviten Forte - kup suplement, cena w aptece, sk\u0142ad, dzia\u0142anie","og_description":"Kup teraz SKU:\u00a0789.878.009    Produkt sprzedawany jest wy\u0142\u0105cznie za po\u015brednictwem oficjalnej strony producenta, id\u017a i kupuj bezpiecznie!","og_url":"https:\/\/lekarzeopole.pl\/wordpress\/product\/reviten-forte\/","og_site_name":"Lekarze Opole","article_modified_time":"2024-06-06T15:49:02+00:00","og_image":[{"width":400,"height":400,"url":"https:\/\/lekarzeopole.pl\/wordpress\/wp-content\/uploads\/2024\/01\/reviten-forte.png","type":"image\/png"}],"twitter_card":"summary_large_image","twitter_misc":{"Szacowany czas czytania":"6 minut"},"schema":{"@context":"https:\/\/schema.org","@graph":[{"@type":"WebPage","@id":"https:\/\/lekarzeopole.pl\/wordpress\/product\/reviten-forte\/","url":"https:\/\/lekarzeopole.pl\/wordpress\/product\/reviten-forte\/","name":"Reviten Forte - kup suplement, cena w aptece, sk\u0142ad, dzia\u0142anie","isPartOf":{"@id":"https:\/\/lekarzeopole.pl\/wordpress\/#website"},"primaryImageOfPage":{"@id":"https:\/\/lekarzeopole.pl\/wordpress\/product\/reviten-forte\/#primaryimage"},"image":{"@id":"https:\/\/lekarzeopole.pl\/wordpress\/product\/reviten-forte\/#primaryimage"},"thumbnailUrl":"https:\/\/lekarzeopole.pl\/wordpress\/wp-content\/uploads\/2024\/01\/reviten-forte.png","datePublished":"2024-01-20T10:53:25+00:00","dateModified":"2024-06-06T15:49:02+00:00","breadcrumb":{"@id":"https:\/\/lekarzeopole.pl\/wordpress\/product\/reviten-forte\/#breadcrumb"},"inLanguage":"pl-PL","potentialAction":[{"@type":"ReadAction","target":["https:\/\/lekarzeopole.pl\/wordpress\/product\/reviten-forte\/"]}]},{"@type":"ImageObject","inLanguage":"pl-PL","@id":"https:\/\/lekarzeopole.pl\/wordpress\/product\/reviten-forte\/#primaryimage","url":"https:\/\/lekarzeopole.pl\/wordpress\/wp-content\/uploads\/2024\/01\/reviten-forte.png","contentUrl":"https:\/\/lekarzeopole.pl\/wordpress\/wp-content\/uploads\/2024\/01\/reviten-forte.png","width":400,"height":400,"caption":"Reviten Forte"},{"@type":"BreadcrumbList","@id":"https:\/\/lekarzeopole.pl\/wordpress\/product\/reviten-forte\/#breadcrumb","itemListElement":[{"@type":"ListItem","position":1,"name":"\u0413\u043b\u0430\u0432\u043d\u0430\u044f \u0441\u0442\u0440\u0430\u043d\u0438\u0446\u0430","item":"https:\/\/lekarzeopole.pl\/wordpress\/"},{"@type":"ListItem","position":2,"name":"Zakup","item":"https:\/\/lekarzeopole.pl\/wordpress\/"},{"@type":"ListItem","position":3,"name":"Reviten Forte"}]},{"@type":"WebSite","@id":"https:\/\/lekarzeopole.pl\/wordpress\/#website","url":"https:\/\/lekarzeopole.pl\/wordpress\/","name":"Lekarze Opole","description":"","potentialAction":[{"@type":"SearchAction","target":{"@type":"EntryPoint","urlTemplate":"https:\/\/lekarzeopole.pl\/wordpress\/?s={search_term_string}"},"query-input":{"@type":"PropertyValueSpecification","valueRequired":true,"valueName":"search_term_string"}}],"inLanguage":"pl-PL"}]}},"_links":{"self":[{"href":"https:\/\/lekarzeopole.pl\/wordpress\/wp-json\/wp\/v2\/product\/58","targetHints":{"allow":["GET"]}}],"collection":[{"href":"https:\/\/lekarzeopole.pl\/wordpress\/wp-json\/wp\/v2\/product"}],"about":[{"href":"https:\/\/lekarzeopole.pl\/wordpress\/wp-json\/wp\/v2\/types\/product"}],"replies":[{"embeddable":true,"href":"https:\/\/lekarzeopole.pl\/wordpress\/wp-json\/wp\/v2\/comments?post=58"}],"wp:featuredmedia":[{"embeddable":true,"href":"https:\/\/lekarzeopole.pl\/wordpress\/wp-json\/wp\/v2\/media\/59"}],"wp:attachment":[{"href":"https:\/\/lekarzeopole.pl\/wordpress\/wp-json\/wp\/v2\/media?parent=58"}],"wp:term":[{"taxonomy":"product_brand","embeddable":true,"href":"https:\/\/lekarzeopole.pl\/wordpress\/wp-json\/wp\/v2\/product_brand?post=58"},{"taxonomy":"product_cat","embeddable":true,"href":"https:\/\/lekarzeopole.pl\/wordpress\/wp-json\/wp\/v2\/product_cat?post=58"},{"taxonomy":"product_tag","embeddable":true,"href":"https:\/\/lekarzeopole.pl\/wordpress\/wp-json\/wp\/v2\/product_tag?post=58"}],"curies":[{"name":"wp","href":"https:\/\/api.w.org\/{rel}","templated":true}]}}