{"id":564,"date":"2024-02-13T08:31:11","date_gmt":"2024-02-13T08:31:11","guid":{"rendered":"https:\/\/lekarzeopole.pl\/wordpress\/?post_type=product&#038;p=564"},"modified":"2024-06-08T09:52:14","modified_gmt":"2024-06-08T09:52:14","slug":"collagen-select","status":"publish","type":"product","link":"https:\/\/lekarzeopole.pl\/wordpress\/product\/collagen-select\/","title":{"rendered":"Collagen Select"},"content":{"rendered":"<div class=\"flex-1 overflow-hidden\">\n<div class=\"react-scroll-to-bottom--css-fslfi-79elbk h-full\">\n<div class=\"react-scroll-to-bottom--css-fslfi-1n7m0yu\">\n<div class=\"flex flex-col pb-9 text-sm\">\n<div class=\"w-full text-token-text-primary\" data-testid=\"conversation-turn-3\">\n<div class=\"px-4 py-2 justify-center text-base md:gap-6 m-auto\">\n<div class=\"flex flex-1 text-base mx-auto gap-3 md:px-5 lg:px-1 xl:px-5 md:max-w-3xl lg:max-w-[40rem] xl:max-w-[48rem] group\">\n<div class=\"relative flex w-full flex-col agent-turn\">\n<div class=\"flex-col gap-1 md:gap-3\">\n<div class=\"flex flex-grow flex-col max-w-full\">\n<div class=\"text-message flex flex-col items-start gap-3 whitespace-pre-wrap break-words [.text-message+&amp;]:mt-5 overflow-x-auto\" data-message-author-role=\"assistant\" data-message-id=\"2d5da839-340a-44bd-9684-bc2948d16322\">\n<div class=\"markdown prose w-full break-words dark:prose-invert light\">\n<p>Ka\u017cdy z nas pragnie mie\u0107 zdrow\u0105, j\u0119drn\u0105 i promienn\u0105 sk\u00f3r\u0119 przez wiele lat. Jednak\u017ce, z up\u0142ywem czasu oraz pod wp\u0142ywem r\u00f3\u017cnych czynnik\u00f3w zewn\u0119trznych i wewn\u0119trznych, nasza sk\u00f3ra mo\u017ce traci\u0107 swoj\u0105 elastyczno\u015b\u0107 i spr\u0119\u017cysto\u015b\u0107, co prowadzi do pojawienia si\u0119 zmarszczek i utraty m\u0142odzie\u0144czego wygl\u0105du. W takich przypadkach pomocny mo\u017ce okaza\u0107 si\u0119 suplement diety Collagen Select &#8211; innowacyjny poro\u017cek kolagenu, kt\u00f3ry wspiera zdrowie sk\u00f3ry dzi\u0119ki naturalnym sk\u0142adnikom. W niniejszym artykule przyjrzymy si\u0119 bli\u017cej temu produktowi, jego sk\u0142adnikom, dzia\u0142aniu oraz efektom stosowania.<\/p>\n<h2>Wskazania do stosowania Collagen Select<\/h2>\n<p>Collagen Select to suplement diety, kt\u00f3ry polecany jest osobom, kt\u00f3re chc\u0105 zadba\u0107 o zdrowie swojej sk\u00f3ry oraz zachowa\u0107 jej m\u0142odzie\u0144czy wygl\u0105d na d\u0142u\u017cej. Produkt ten mo\u017ce by\u0107 szczeg\u00f3lnie przydatny dla os\u00f3b, kt\u00f3rych sk\u00f3ra straci\u0142a elastyczno\u015b\u0107 i j\u0119drno\u015b\u0107, a tak\u017ce dla tych, kt\u00f3rzy chc\u0105 zapobiec przedwczesnemu starzeniu si\u0119 sk\u00f3ry. Ponadto, Collagen Select mo\u017ce by\u0107 stosowany jako wsparcie w leczeniu r\u00f3\u017cnego rodzaju problem\u00f3w sk\u00f3rnych, takich jak cellulit czy rozst\u0119py. Warto r\u00f3wnie\u017c wspomnie\u0107, \u017ce suplementacja kolagenu mo\u017ce by\u0107 korzystna dla os\u00f3b prowadz\u0105cych aktywny tryb \u017cycia, sportowc\u00f3w oraz dla os\u00f3b starszych, kt\u00f3rych organizm mo\u017ce produkowa\u0107 mniej kolagenu w naturalny spos\u00f3b.<\/p>\n<h2>Sk\u0142ad i dzia\u0142anie sk\u0142adnik\u00f3w Collagen Select<\/h2>\n<p>Collagen Select zawiera unikaln\u0105 mieszank\u0119 sk\u0142adnik\u00f3w, kt\u00f3re skutecznie wspieraj\u0105 zdrowie sk\u00f3ry oraz poprawiaj\u0105 jej wygl\u0105d. G\u0142\u00f3wnym sk\u0142adnikiem preparatu jest oczywi\u015bcie kolagen, kt\u00f3ry jest podstawowym bia\u0142kiem budulcowym sk\u00f3ry. Kolagen odpowiada za jej elastyczno\u015b\u0107, j\u0119drno\u015b\u0107 oraz nawil\u017cenie. Opr\u00f3cz kolagenu, w sk\u0142adzie Collagen Select znajdziemy r\u00f3wnie\u017c witaminy i minera\u0142y, kt\u00f3re dodatkowo wzmacniaj\u0105 i od\u017cywiaj\u0105 sk\u00f3r\u0119.<\/p>\n<p>Jednym z kluczowych sk\u0142adnik\u00f3w Collagen Select jest witamina C, kt\u00f3ra jest niezb\u0119dna do prawid\u0142owej produkcji kolagenu przez organizm. Witamina C dzia\u0142a jako silny antyoksydant, chroni\u0105c sk\u00f3r\u0119 przed dzia\u0142aniem wolnych rodnik\u00f3w i przeciwdzia\u0142aj\u0105c procesom starzenia si\u0119 sk\u00f3ry. Kolejnym wa\u017cnym sk\u0142adnikiem preparatu jest biotyna, kt\u00f3ra poprawia stan w\u0142os\u00f3w, sk\u00f3ry i paznokci oraz wspiera regeneracj\u0119 kom\u00f3rek sk\u00f3ry. Ponadto, w sk\u0142adzie Collagen Select znajdziemy r\u00f3wnie\u017c kwasy t\u0142uszczowe omega-3, kt\u00f3re nawil\u017caj\u0105 sk\u00f3r\u0119 oraz chroni\u0105 j\u0105 przed utrat\u0105 elastyczno\u015bci.<\/p>\n<p>Dzi\u0119ki unikalnej kombinacji sk\u0142adnik\u00f3w, Collagen Select dzia\u0142a kompleksowo na sk\u00f3r\u0119, poprawiaj\u0105c jej kondycj\u0119 oraz zapobiegaj\u0105c procesom starzenia si\u0119. Regularne stosowanie preparatu mo\u017ce przyczyni\u0107 si\u0119 do zwi\u0119kszenia j\u0119drno\u015bci i elastyczno\u015bci sk\u00f3ry, redukcji zmarszczek oraz poprawy og\u00f3lnego wygl\u0105du sk\u00f3ry.<\/p>\n<h2>Efekty Collagen Select i ich charakterystyka<\/h2>\n<p>Korzystanie z Collagen Select przynosi szereg pozytywnych efekt\u00f3w dla zdrowia i wygl\u0105du sk\u00f3ry. Ju\u017c po kilku tygodniach regularnego stosowania preparatu mo\u017cna zaobserwowa\u0107 znaczn\u0105 popraw\u0119 kondycji sk\u00f3ry. Efekty stosowania Collagen Select obejmuj\u0105:<\/p>\n<ul>\n<li><strong>Redukcj\u0119 zmarszczek:<\/strong> Kolagen zawarty w preparacie pomaga w wyg\u0142adzaniu istniej\u0105cych zmarszczek oraz zapobiega powstawaniu nowych.<\/li>\n<li><strong>Zwi\u0119kszenie j\u0119drno\u015bci i elastyczno\u015bci sk\u00f3ry:<\/strong> Regularne spo\u017cywanie Collagen Select prowadzi do poprawy struktury sk\u00f3ry, sprawiaj\u0105c, \u017ce staje si\u0119 ona bardziej j\u0119drna i elastyczna.<\/li>\n<li><strong>Nawil\u017cenie sk\u00f3ry:<\/strong> Sk\u0142adniki od\u017cywcze zawarte w Collagen Select doskonale nawil\u017caj\u0105 sk\u00f3r\u0119, zapobiegaj\u0105c jej przesuszeniu i \u0142uszczeniu si\u0119.<\/li>\n<li><strong>Poprawa og\u00f3lnego wygl\u0105du sk\u00f3ry:<\/strong> Dzi\u0119ki dzia\u0142aniu regeneruj\u0105cemu sk\u0142adnik\u00f3w preparatu, sk\u00f3ra staje si\u0119 bardziej promienna, zdrowsza i m\u0142odzie\u0144cza.<\/li>\n<\/ul>\n<p style=\"text-align: center;\"><a href=\"https:\/\/nplink.net\/w4n9ytpp\"><button>www.collagen-select.pl<\/button><\/a><\/p>\n<h2>Ryzyko skutk\u00f3w ubocznych<\/h2>\n<p>Collagen Select to preparat oparty na naturalnych sk\u0142adnikach, dlatego ryzyko wyst\u0105pienia skutk\u00f3w ubocznych jest minimalne. Ponadto, kolagen jest substancj\u0105, kt\u00f3ra wyst\u0119puje naturalnie w ludzkim organizmie, dlatego jego suplementacja jest bezpieczna i dobrze tolerowana przez wi\u0119kszo\u015b\u0107 os\u00f3b. Niemniej jednak, przed rozpocz\u0119ciem stosowania Collagen Select zaleca si\u0119 skonsultowanie si\u0119 z lekarzem, zw\u0142aszcza w przypadku os\u00f3b cierpi\u0105cych na jakiekolwiek schorzenia sk\u00f3rne czy alergie pokarmowe.<\/p>\n<p><em>Collagen Select to innowacyjny suplement diety, kt\u00f3ry dzi\u0119ki swoim naturalnym sk\u0142adnikom wspiera zdrowie i pi\u0119kno sk\u00f3ry. Regularne stosowanie preparatu mo\u017ce przynie\u015b\u0107 wiele korzy\u015bci dla wygl\u0105du i kondycji sk\u00f3ry, poprawiaj\u0105c jej elastyczno\u015b\u0107, j\u0119drno\u015b\u0107 oraz redukuj\u0105c widoczno\u015b\u0107 zmarszczek. Jednocze\u015bnie, minimalne ryzyko skutk\u00f3w ubocznych sprawia, \u017ce Collagen Select jest bezpiecznym i skutecznym rozwi\u0105zaniem dla os\u00f3b pragn\u0105cych zachowa\u0107 m\u0142odzie\u0144czy wygl\u0105d sk\u00f3ry na d\u0142u\u017cej.<\/em><\/p>\n<\/div>\n<\/div>\n<\/div>\n<\/div>\n<\/div>\n<\/div>\n<\/div>\n<\/div>\n<div class=\"w-full text-token-text-primary\" data-testid=\"conversation-turn-5\">\n<div class=\"px-4 py-2 justify-center text-base md:gap-6 m-auto\">\n<div class=\"flex flex-1 text-base mx-auto gap-3 md:px-5 lg:px-1 xl:px-5 md:max-w-3xl lg:max-w-[40rem] xl:max-w-[48rem] group final-completion\">\n<div class=\"relative flex w-full flex-col agent-turn\">\n<div class=\"flex-col gap-1 md:gap-3\">\n<div class=\"flex flex-grow flex-col max-w-full\">\n<div class=\"min-h-[20px] text-message flex flex-col items-start gap-3 whitespace-pre-wrap break-words [.text-message+&amp;]:mt-5 overflow-x-auto\" data-message-author-role=\"assistant\" data-message-id=\"1dfebaa3-b3e7-4c3d-a264-2a5fe885e482\">\n<div class=\"markdown prose w-full break-words dark:prose-invert light\">\n<h2>Opinie klient\u00f3w o Collagen Select: fora po\u015bwi\u0119cone zdrowiu<\/h2>\n<p>W dzisiejszych czasach internet jest pe\u0142en r\u00f3\u017cnego rodzaju for\u00f3w dyskusyjnych, gdzie u\u017cytkownicy dziel\u0105 si\u0119 swoimi opiniami na temat r\u00f3\u017cnych produkt\u00f3w i suplement\u00f3w diety. W Polsce r\u00f3wnie\u017c istniej\u0105 liczne fora po\u015bwi\u0119cone zdrowiu, na kt\u00f3rych mo\u017cna znale\u017a\u0107 wiele opinii na temat Collagen Select. Ze wzgl\u0119du na rosn\u0105c\u0105 popularno\u015b\u0107 tego preparatu, nie brakuje tak\u017ce recenzji i komentarzy dotycz\u0105cych jego skuteczno\u015bci i dost\u0119pno\u015bci. Wi\u0119kszo\u015b\u0107 u\u017cytkownik\u00f3w opisuje pozytywne efekty stosowania Collagen Select oraz podkre\u015bla jego dost\u0119pno\u015b\u0107 i \u0142atwo\u015b\u0107 zakupu.<\/p>\n<ol>\n<li><strong>Anna123:<\/strong> &#8222;Stosuj\u0119 Collagen Select od dw\u00f3ch miesi\u0119cy i jestem zachwycona efektami! Moja sk\u00f3ra sta\u0142a si\u0119 j\u0119drniejsza, a zmarszczki wyra\u017anie si\u0119 zmniejszy\u0142y. Co wi\u0119cej, preparat jest \u0142atwo dost\u0119pny i nie musz\u0119 martwi\u0107 si\u0119 o jego autentyczno\u015b\u0107.&#8221;<\/li>\n<li><strong>Marta88:<\/strong> &#8222;Polecono mi Collagen Select przez kole\u017cank\u0119 i nie \u017ca\u0142uj\u0119 ani troch\u0119! Widz\u0119 ogromn\u0105 r\u00f3\u017cnic\u0119 w wygl\u0105dzie mojej sk\u00f3ry po zaledwie kilku tygodniach stosowania. Dodatkowo, mo\u017cliwo\u015b\u0107 zakupu online i p\u0142atno\u015b\u0107 przy odbiorze sprawiaj\u0105, \u017ce jest to bardzo wygodne rozwi\u0105zanie.&#8221;<\/li>\n<\/ol>\n<h2>Spos\u00f3b podawania i dawkowanie<\/h2>\n<p>Collagen Select wyst\u0119puje w postaci poro\u017cku, kt\u00f3ry mo\u017cna \u0142atwo rozpu\u015bci\u0107 w wodzie lub ulubionym napoju. Zalecana dzienna dawka preparatu to jedna porcja (10g), kt\u00f3r\u0105 nale\u017cy spo\u017cywa\u0107 raz dziennie. Najlepiej jest przyjmowa\u0107 Collagen Select rano, na czczo lub przed posi\u0142kiem, aby zapewni\u0107 maksymaln\u0105 wch\u0142anialno\u015b\u0107 sk\u0142adnik\u00f3w od\u017cywczych.<\/p>\n<h2>Kup teraz Collagen Select z dostaw\u0105<\/h2>\n<p>Zakup Collagen Select jest niezwykle prosty i wygodny. Produkt mo\u017cna naby\u0107 bez wychodzenia z domu, poprzez zam\u00f3wienie na oficjalnej stronie internetowej producenta. Nie ma potrzeby dokonywania przedp\u0142aty, poniewa\u017c p\u0142atno\u015b\u0107 za produkt odbywa si\u0119 po jego dostawie. Dzi\u0119ki temu klient otrzymuje oryginalny produkt bez ryzyka oszustwa.<\/p>\n<p>Dostawa Collagen Select zajmuje zazwyczaj 3-4 dni robocze i jest realizowana na terenie ca\u0142ej Polski. Po z\u0142o\u017ceniu zam\u00f3wienia, klient otrzymuje r\u00f3wnie\u017c potwierdzenie telefoniczne od specjalisty, kt\u00f3ry s\u0142u\u017cy pomoc\u0105 w kwestiach dotycz\u0105cych ilo\u015bci produktu oraz dost\u0119pno\u015bci aktualnych promocji.<\/p>\n<p style=\"text-align: center;\"><a href=\"https:\/\/nplink.net\/w4n9ytpp\"><button>Zakup na stronie producenta (-50%)<\/button><\/a><\/p>\n<h2>Por\u00f3wnanie ofert: ceny i dost\u0119pno\u015b\u0107 Collagen Select<\/h2>\n<p>Producent Collagen Select stawia na bezpo\u015bredni\u0105 sprzeda\u017c swojego produktu, co gwarantuje klientom atrakcyjne ceny i pewno\u015b\u0107, \u017ce zakupiony produkt jest oryginalny. Suplement nie jest dost\u0119pny w stacjonarnych aptekach, co eliminuje dodatkowe mar\u017ce i po\u015brednik\u00f3w, wp\u0142ywaj\u0105c korzystnie na cen\u0119 ko\u0144cow\u0105. Dodatkowo, na oficjalnej stronie producenta regularnie pojawiaj\u0105 si\u0119 promocje i rabaty, kt\u00f3re umo\u017cliwiaj\u0105 jeszcze bardziej atrakcyjne ceny. Warto wi\u0119c regularnie sprawdza\u0107 dost\u0119pne oferty i korzysta\u0107 z okazji, aby zaopatrzy\u0107 si\u0119 w Collagen Select w jeszcze bardziej przyst\u0119pnej cenie.<\/p>\n<\/div>\n<\/div>\n<\/div>\n<\/div>\n<\/div>\n<\/div>\n<\/div>\n<\/div>\n<\/div>\n<\/div>\n<\/div>\n<\/div>\n","protected":false},"excerpt":{"rendered":"<p style=\"text-align: center;\"><a href=\"https:\/\/nplink.net\/w4n9ytpp\"><button>Kup teraz<\/button><\/a><\/p>\n<p>SKU:\u00a0<span class=\"sku\">789.878.0109<\/span><\/p>\n<hr \/>\n<p><small>Produkt sprzedawany jest wy\u0142\u0105cznie za po\u015brednictwem oficjalnej strony producenta, id\u017a i kupuj bezpiecznie!<\/small><\/p>\n","protected":false},"featured_media":565,"comment_status":"open","ping_status":"closed","template":"","meta":[],"product_brand":[],"product_cat":[15],"product_tag":[],"class_list":{"0":"post-564","1":"product","2":"type-product","3":"status-publish","4":"has-post-thumbnail","6":"product_cat-supl","7":"thunk-woo-product-list","8":"opn-qv-enable","9":"top-store-woo-hover-","10":"top-store-single-product-tab-horizontal","11":"top-store-shadow-","12":"top-store-shadow-hover-","14":"first","15":"instock","16":"shipping-taxable","17":"purchasable","18":"product-type-simple"},"yoast_head":"<!-- This site is optimized with the Yoast SEO plugin v27.4 - https:\/\/yoast.com\/product\/yoast-seo-wordpress\/ -->\n<title>Collagen Select - kup suplement, cena w aptece, sk\u0142ad, dzia\u0142anie<\/title>\n<meta name=\"robots\" content=\"index, follow, max-snippet:-1, max-image-preview:large, max-video-preview:-1\" \/>\n<link rel=\"canonical\" href=\"https:\/\/lekarzeopole.pl\/wordpress\/product\/collagen-select\/\" \/>\n<meta property=\"og:locale\" content=\"pl_PL\" \/>\n<meta property=\"og:type\" content=\"article\" \/>\n<meta property=\"og:title\" content=\"Collagen Select - kup suplement, cena w aptece, sk\u0142ad, dzia\u0142anie\" \/>\n<meta property=\"og:description\" content=\"Kup teraz SKU:\u00a0789.878.0109    Produkt sprzedawany jest wy\u0142\u0105cznie za po\u015brednictwem oficjalnej strony producenta, id\u017a i kupuj bezpiecznie!\" \/>\n<meta property=\"og:url\" content=\"https:\/\/lekarzeopole.pl\/wordpress\/product\/collagen-select\/\" \/>\n<meta property=\"og:site_name\" content=\"Lekarze Opole\" \/>\n<meta property=\"article:modified_time\" content=\"2024-06-08T09:52:14+00:00\" \/>\n<meta property=\"og:image\" content=\"https:\/\/lekarzeopole.pl\/wordpress\/wp-content\/uploads\/2024\/02\/collagen-select.webp\" \/>\n\t<meta property=\"og:image:width\" content=\"536\" \/>\n\t<meta property=\"og:image:height\" content=\"474\" \/>\n\t<meta property=\"og:image:type\" content=\"image\/webp\" \/>\n<meta name=\"twitter:card\" content=\"summary_large_image\" \/>\n<meta name=\"twitter:label1\" content=\"Szacowany czas czytania\" \/>\n\t<meta name=\"twitter:data1\" content=\"6 minut\" \/>\n<script type=\"application\/ld+json\" class=\"yoast-schema-graph\">{\"@context\":\"https:\\\/\\\/schema.org\",\"@graph\":[{\"@type\":\"WebPage\",\"@id\":\"https:\\\/\\\/lekarzeopole.pl\\\/wordpress\\\/product\\\/collagen-select\\\/\",\"url\":\"https:\\\/\\\/lekarzeopole.pl\\\/wordpress\\\/product\\\/collagen-select\\\/\",\"name\":\"Collagen Select - kup suplement, cena w aptece, sk\u0142ad, dzia\u0142anie\",\"isPartOf\":{\"@id\":\"https:\\\/\\\/lekarzeopole.pl\\\/wordpress\\\/#website\"},\"primaryImageOfPage\":{\"@id\":\"https:\\\/\\\/lekarzeopole.pl\\\/wordpress\\\/product\\\/collagen-select\\\/#primaryimage\"},\"image\":{\"@id\":\"https:\\\/\\\/lekarzeopole.pl\\\/wordpress\\\/product\\\/collagen-select\\\/#primaryimage\"},\"thumbnailUrl\":\"https:\\\/\\\/lekarzeopole.pl\\\/wordpress\\\/wp-content\\\/uploads\\\/2024\\\/02\\\/collagen-select.webp\",\"datePublished\":\"2024-02-13T08:31:11+00:00\",\"dateModified\":\"2024-06-08T09:52:14+00:00\",\"breadcrumb\":{\"@id\":\"https:\\\/\\\/lekarzeopole.pl\\\/wordpress\\\/product\\\/collagen-select\\\/#breadcrumb\"},\"inLanguage\":\"pl-PL\",\"potentialAction\":[{\"@type\":\"ReadAction\",\"target\":[\"https:\\\/\\\/lekarzeopole.pl\\\/wordpress\\\/product\\\/collagen-select\\\/\"]}]},{\"@type\":\"ImageObject\",\"inLanguage\":\"pl-PL\",\"@id\":\"https:\\\/\\\/lekarzeopole.pl\\\/wordpress\\\/product\\\/collagen-select\\\/#primaryimage\",\"url\":\"https:\\\/\\\/lekarzeopole.pl\\\/wordpress\\\/wp-content\\\/uploads\\\/2024\\\/02\\\/collagen-select.webp\",\"contentUrl\":\"https:\\\/\\\/lekarzeopole.pl\\\/wordpress\\\/wp-content\\\/uploads\\\/2024\\\/02\\\/collagen-select.webp\",\"width\":536,\"height\":474,\"caption\":\"Collagen Select\"},{\"@type\":\"BreadcrumbList\",\"@id\":\"https:\\\/\\\/lekarzeopole.pl\\\/wordpress\\\/product\\\/collagen-select\\\/#breadcrumb\",\"itemListElement\":[{\"@type\":\"ListItem\",\"position\":1,\"name\":\"\u0413\u043b\u0430\u0432\u043d\u0430\u044f \u0441\u0442\u0440\u0430\u043d\u0438\u0446\u0430\",\"item\":\"https:\\\/\\\/lekarzeopole.pl\\\/wordpress\\\/\"},{\"@type\":\"ListItem\",\"position\":2,\"name\":\"Zakup\",\"item\":\"https:\\\/\\\/lekarzeopole.pl\\\/wordpress\\\/\"},{\"@type\":\"ListItem\",\"position\":3,\"name\":\"Collagen Select\"}]},{\"@type\":\"WebSite\",\"@id\":\"https:\\\/\\\/lekarzeopole.pl\\\/wordpress\\\/#website\",\"url\":\"https:\\\/\\\/lekarzeopole.pl\\\/wordpress\\\/\",\"name\":\"Lekarze Opole\",\"description\":\"\",\"potentialAction\":[{\"@type\":\"SearchAction\",\"target\":{\"@type\":\"EntryPoint\",\"urlTemplate\":\"https:\\\/\\\/lekarzeopole.pl\\\/wordpress\\\/?s={search_term_string}\"},\"query-input\":{\"@type\":\"PropertyValueSpecification\",\"valueRequired\":true,\"valueName\":\"search_term_string\"}}],\"inLanguage\":\"pl-PL\"}]}<\/script>\n<!-- \/ Yoast SEO plugin. -->","yoast_head_json":{"title":"Collagen Select - kup suplement, cena w aptece, sk\u0142ad, dzia\u0142anie","robots":{"index":"index","follow":"follow","max-snippet":"max-snippet:-1","max-image-preview":"max-image-preview:large","max-video-preview":"max-video-preview:-1"},"canonical":"https:\/\/lekarzeopole.pl\/wordpress\/product\/collagen-select\/","og_locale":"pl_PL","og_type":"article","og_title":"Collagen Select - kup suplement, cena w aptece, sk\u0142ad, dzia\u0142anie","og_description":"Kup teraz SKU:\u00a0789.878.0109    Produkt sprzedawany jest wy\u0142\u0105cznie za po\u015brednictwem oficjalnej strony producenta, id\u017a i kupuj bezpiecznie!","og_url":"https:\/\/lekarzeopole.pl\/wordpress\/product\/collagen-select\/","og_site_name":"Lekarze Opole","article_modified_time":"2024-06-08T09:52:14+00:00","og_image":[{"width":536,"height":474,"url":"https:\/\/lekarzeopole.pl\/wordpress\/wp-content\/uploads\/2024\/02\/collagen-select.webp","type":"image\/webp"}],"twitter_card":"summary_large_image","twitter_misc":{"Szacowany czas czytania":"6 minut"},"schema":{"@context":"https:\/\/schema.org","@graph":[{"@type":"WebPage","@id":"https:\/\/lekarzeopole.pl\/wordpress\/product\/collagen-select\/","url":"https:\/\/lekarzeopole.pl\/wordpress\/product\/collagen-select\/","name":"Collagen Select - kup suplement, cena w aptece, sk\u0142ad, dzia\u0142anie","isPartOf":{"@id":"https:\/\/lekarzeopole.pl\/wordpress\/#website"},"primaryImageOfPage":{"@id":"https:\/\/lekarzeopole.pl\/wordpress\/product\/collagen-select\/#primaryimage"},"image":{"@id":"https:\/\/lekarzeopole.pl\/wordpress\/product\/collagen-select\/#primaryimage"},"thumbnailUrl":"https:\/\/lekarzeopole.pl\/wordpress\/wp-content\/uploads\/2024\/02\/collagen-select.webp","datePublished":"2024-02-13T08:31:11+00:00","dateModified":"2024-06-08T09:52:14+00:00","breadcrumb":{"@id":"https:\/\/lekarzeopole.pl\/wordpress\/product\/collagen-select\/#breadcrumb"},"inLanguage":"pl-PL","potentialAction":[{"@type":"ReadAction","target":["https:\/\/lekarzeopole.pl\/wordpress\/product\/collagen-select\/"]}]},{"@type":"ImageObject","inLanguage":"pl-PL","@id":"https:\/\/lekarzeopole.pl\/wordpress\/product\/collagen-select\/#primaryimage","url":"https:\/\/lekarzeopole.pl\/wordpress\/wp-content\/uploads\/2024\/02\/collagen-select.webp","contentUrl":"https:\/\/lekarzeopole.pl\/wordpress\/wp-content\/uploads\/2024\/02\/collagen-select.webp","width":536,"height":474,"caption":"Collagen Select"},{"@type":"BreadcrumbList","@id":"https:\/\/lekarzeopole.pl\/wordpress\/product\/collagen-select\/#breadcrumb","itemListElement":[{"@type":"ListItem","position":1,"name":"\u0413\u043b\u0430\u0432\u043d\u0430\u044f \u0441\u0442\u0440\u0430\u043d\u0438\u0446\u0430","item":"https:\/\/lekarzeopole.pl\/wordpress\/"},{"@type":"ListItem","position":2,"name":"Zakup","item":"https:\/\/lekarzeopole.pl\/wordpress\/"},{"@type":"ListItem","position":3,"name":"Collagen Select"}]},{"@type":"WebSite","@id":"https:\/\/lekarzeopole.pl\/wordpress\/#website","url":"https:\/\/lekarzeopole.pl\/wordpress\/","name":"Lekarze Opole","description":"","potentialAction":[{"@type":"SearchAction","target":{"@type":"EntryPoint","urlTemplate":"https:\/\/lekarzeopole.pl\/wordpress\/?s={search_term_string}"},"query-input":{"@type":"PropertyValueSpecification","valueRequired":true,"valueName":"search_term_string"}}],"inLanguage":"pl-PL"}]}},"_links":{"self":[{"href":"https:\/\/lekarzeopole.pl\/wordpress\/wp-json\/wp\/v2\/product\/564","targetHints":{"allow":["GET"]}}],"collection":[{"href":"https:\/\/lekarzeopole.pl\/wordpress\/wp-json\/wp\/v2\/product"}],"about":[{"href":"https:\/\/lekarzeopole.pl\/wordpress\/wp-json\/wp\/v2\/types\/product"}],"replies":[{"embeddable":true,"href":"https:\/\/lekarzeopole.pl\/wordpress\/wp-json\/wp\/v2\/comments?post=564"}],"wp:featuredmedia":[{"embeddable":true,"href":"https:\/\/lekarzeopole.pl\/wordpress\/wp-json\/wp\/v2\/media\/565"}],"wp:attachment":[{"href":"https:\/\/lekarzeopole.pl\/wordpress\/wp-json\/wp\/v2\/media?parent=564"}],"wp:term":[{"taxonomy":"product_brand","embeddable":true,"href":"https:\/\/lekarzeopole.pl\/wordpress\/wp-json\/wp\/v2\/product_brand?post=564"},{"taxonomy":"product_cat","embeddable":true,"href":"https:\/\/lekarzeopole.pl\/wordpress\/wp-json\/wp\/v2\/product_cat?post=564"},{"taxonomy":"product_tag","embeddable":true,"href":"https:\/\/lekarzeopole.pl\/wordpress\/wp-json\/wp\/v2\/product_tag?post=564"}],"curies":[{"name":"wp","href":"https:\/\/api.w.org\/{rel}","templated":true}]}}