{"id":56,"date":"2024-01-20T10:49:31","date_gmt":"2024-01-20T10:49:31","guid":{"rendered":"https:\/\/lekarzeopole.pl\/wordpress\/?post_type=product&#038;p=56"},"modified":"2024-06-06T15:48:38","modified_gmt":"2024-06-06T15:48:38","slug":"oculosin","status":"publish","type":"product","link":"https:\/\/lekarzeopole.pl\/wordpress\/product\/oculosin\/","title":{"rendered":"Oculosin"},"content":{"rendered":"<div class=\"w-full text-token-text-primary\" data-testid=\"conversation-turn-3\">\n<div class=\"px-4 py-2 justify-center text-base md:gap-6 m-auto\">\n<div class=\"flex flex-1 text-base mx-auto gap-3 md:px-5 lg:px-1 xl:px-5 md:max-w-3xl lg:max-w-[40rem] xl:max-w-[48rem] group\">\n<div class=\"relative flex w-full flex-col lg:w-[calc(100%-115px)] agent-turn\">\n<div class=\"flex-col gap-1 md:gap-3\">\n<div class=\"flex flex-grow flex-col max-w-full\">\n<div class=\"min-h-[20px] text-message flex flex-col items-start gap-3 whitespace-pre-wrap break-words [.text-message+&amp;]:mt-5 overflow-x-auto\" data-message-author-role=\"assistant\" data-message-id=\"55fd11ec-c4fb-4397-9bf4-27747320dbd2\">\n<div class=\"markdown prose w-full break-words dark:prose-invert light\">\n<p>Suplement diety Oculosin sta\u0142 si\u0119 innowacyjnym i bezpiecznym sposobem na korekcj\u0119 wzroku, kt\u00f3ry nie wymaga wychodzenia z domu. Dzi\u0119ki unikalnej formule tego preparatu, mo\u017cna uzyska\u0107 wyra\u017ane widzenie literek oraz intensywno\u015b\u0107 barw, jak na pokazanych obrazkach. W dzisiejszym artykule przyjrzymy si\u0119 bli\u017cej temu nieinwazyjnemu rozwi\u0105zaniu i dowiemy si\u0119, dlaczego Oculosin zyskuje tak\u0105 popularno\u015b\u0107 w\u015br\u00f3d Polak\u00f3w.<\/p>\n<h2>Wskazania do Stosowania Suplementu Diety Oculosin<\/h2>\n<table>\n<thead>\n<tr>\n<th>Wskazania<\/th>\n<th>Opis<\/th>\n<\/tr>\n<\/thead>\n<tbody>\n<tr>\n<td>Problemy z widzeniem<\/td>\n<td>Oculosin jest polecany dla os\u00f3b, kt\u00f3re borykaj\u0105 si\u0119 z problemami z widzeniem, w tym wadami wzroku takimi jak kr\u00f3tkowzroczno\u015b\u0107, dalekowzroczno\u015b\u0107 i astygmatyzm.<\/td>\n<\/tr>\n<tr>\n<td>Zm\u0119czone oczy<\/td>\n<td>Osoby sp\u0119dzaj\u0105ce wiele czasu przed komputerem lub innymi ekranami mog\u0105 odczuwa\u0107 zm\u0119czenie oczu &#8211; Oculosin mo\u017ce pom\u00f3c w z\u0142agodzeniu tego problemu.<\/td>\n<\/tr>\n<tr>\n<td>Poprawa ostro\u015bci<\/td>\n<td>Osoby, kt\u00f3re chc\u0105 poprawi\u0107 ostro\u015b\u0107 widzenia i widzie\u0107 bardziej wyra\u017anie litery oraz kolory, r\u00f3wnie\u017c mog\u0105 skorzysta\u0107 z Oculosin.<\/td>\n<\/tr>\n<\/tbody>\n<\/table>\n<h2>Opis Dodatku do \u017bywno\u015bci Oculosin<\/h2>\n<p>Oculosin to suplement diety, kt\u00f3ry zawiera specjalnie opracowan\u0105 receptur\u0119 sk\u0142adnik\u00f3w, niezb\u0119dnych do utrzymania zdrowego wzroku. Jest to produkt dost\u0119pny w formie kapsu\u0142ek, kt\u00f3re mo\u017cna \u0142atwo za\u017cywa\u0107 w domowym zaciszu. Oculosin dzia\u0142a przez ca\u0142y miesi\u0105c, zar\u00f3wno w ci\u0105gu dnia, jak i nocy, wspieraj\u0105c nerwy i mi\u0119\u015bnie oka.<\/p>\n<h2>Sk\u0142ad i Dzia\u0142anie Sk\u0142adnik\u00f3w Oculosin<\/h2>\n<p>Sk\u0142adniki Oculosin zosta\u0142y starannie dobrane, aby zapewni\u0107 oczom wszystkie niezb\u0119dne witaminy i mikroelementy. Kluczowymi sk\u0142adnikami suplementu s\u0105:<\/p>\n<ol>\n<li><strong>Witamina A:<\/strong> Pomaga utrzyma\u0107 zdrow\u0105 rog\u00f3wk\u0119 i b\u0142on\u0119 \u015bluzow\u0105 oka.<\/li>\n<li><strong>Witamina C:<\/strong> Wspiera produkcj\u0119 kolagenu, co jest istotne dla zdrowego soczewki oka.<\/li>\n<li><strong>Luteina i zeaksantyna:<\/strong> Pomagaj\u0105 chroni\u0107 oczy przed dzia\u0142aniem szkodliwych promieni UV i poprawiaj\u0105 ostro\u015b\u0107 widzenia.<\/li>\n<li><strong>Cynk:<\/strong> Bierze udzia\u0142 w procesach metabolicznych w oczach.<\/li>\n<li><strong>Witamina E:<\/strong> Dzia\u0142a przeciwutleniaj\u0105co i pomaga w utrzymaniu zdrowego wzroku.<\/li>\n<\/ol>\n<p>Dzi\u0119ki tym sk\u0142adnikom, Oculosin wzmacnia mi\u0119\u015bnie oka oraz wspiera og\u00f3lny stan zdrowia wzroku.<\/p>\n<p style=\"text-align: center;\"><a href=\"http:\/\/tl-track.com\/tracker\/u5yJ\"><button>www.oculosin.pl<\/button><\/a><\/p>\n<h2>Efekty Oculosin i Ich Charakterystyka<\/h2>\n<p>Regularne stosowanie kapsu\u0142ek Oculosin mo\u017ce przynie\u015b\u0107 wiele korzy\u015bci. Po 3 tygodniach kuracji mo\u017cna oczekiwa\u0107 nast\u0119puj\u0105cych efekt\u00f3w:<\/p>\n<ul>\n<li>Poprawa ostro\u015bci widzenia.<\/li>\n<li>Redukcja zm\u0119czenia oczu.<\/li>\n<li>Zwi\u0119kszenie kontrastu i intensywno\u015bci barw.<\/li>\n<li>Lepsza zdolno\u015b\u0107 widzenia zar\u00f3wno w bliskiej, jak i dalekiej odleg\u0142o\u015bci.<\/li>\n<\/ul>\n<p>Dzi\u0119ki Oculosin mo\u017cesz cieszy\u0107 si\u0119 lepszym widzeniem bez konieczno\u015bci korzystania z inwazyjnych procedur.<\/p>\n<h2>Ryzyko Skutk\u00f3w Ubocznych<\/h2>\n<p>Oculosin ma naturalny sk\u0142ad, dlatego ryzyko wyst\u0105pienia skutk\u00f3w ubocznych jest minimalne. Przy zachowaniu zalecanych dawek, preparat jest bezpieczny dla wi\u0119kszo\u015bci os\u00f3b. Jednak, jak przy ka\u017cdym suplemencie diety, zawsze warto skonsultowa\u0107 si\u0119 z lekarzem przed rozpocz\u0119ciem kuracji, zw\u0142aszcza w przypadku alergii lub innych schorze\u0144.<\/p>\n<h2>Opinie Klient\u00f3w o Oculosin: Fora Po\u015bwi\u0119cone Zdrowiu<\/h2>\n<p>Oculosin zyskuje coraz wi\u0119ksz\u0105 popularno\u015b\u0107 w Polsce, a liczba pozytywnych opinii na forach internetowych po\u015bwi\u0119conych zdrowiu stale ro\u015bnie. Klienci chwal\u0105 sobie dost\u0119pno\u015b\u0107 tego suplementu oraz jego skuteczno\u015b\u0107. Wielu u\u017cytkownik\u00f3w opisuje pozytywne efekty stosowania Oculosin, takie jak szybka poprawa wzroku i zwi\u0119kszenie komfortu widzenia.<\/p>\n<p>Oculosin to niedrogie i naturalne rozwi\u0105zanie problem\u00f3w zwi\u0105zanych z wzrokiem, kt\u00f3re minimalizuje ryzyko skutk\u00f3w ubocznych. Dzi\u0119ki starannie dobranym sk\u0142adnikom i regularnemu stosowaniu mo\u017cna osi\u0105gn\u0105\u0107 znaczn\u0105 popraw\u0119 widzenia ju\u017c po kilku tygodniach. Nie czekaj &#8211; przetestuj Oculosin i ciesz si\u0119 lepszym wzrokiem bez ryzyka i wizyt u okulisty.<\/p>\n<\/div>\n<\/div>\n<\/div>\n<\/div>\n<\/div>\n<\/div>\n<\/div>\n<\/div>\n<div class=\"w-full text-token-text-primary\" data-testid=\"conversation-turn-5\">\n<div class=\"px-4 py-2 justify-center text-base md:gap-6 m-auto\">\n<div class=\"flex flex-1 text-base mx-auto gap-3 md:px-5 lg:px-1 xl:px-5 md:max-w-3xl lg:max-w-[40rem] xl:max-w-[48rem] group final-completion\">\n<div class=\"relative flex w-full flex-col lg:w-[calc(100%-115px)] agent-turn\">\n<div class=\"flex-col gap-1 md:gap-3\">\n<div class=\"flex flex-grow flex-col max-w-full\">\n<div class=\"min-h-[20px] text-message flex flex-col items-start gap-3 whitespace-pre-wrap break-words [.text-message+&amp;]:mt-5 overflow-x-auto\" data-message-author-role=\"assistant\" data-message-id=\"41188a39-596a-4284-afee-52bde1e989a8\">\n<div class=\"markdown prose w-full break-words dark:prose-invert light\">\n<h2>Ulotka Do\u0142\u0105czona do Oculosin: Wskazania i Przeciwwskazania<\/h2>\n<p>Ulotka do\u0142\u0105czona do opakowania Oculosin zawiera istotne informacje dotycz\u0105ce wskaza\u0144 i przeciwwskaza\u0144. Przed rozpocz\u0119ciem kuracji zawsze zaleca si\u0119 zapoznanie si\u0119 z jej tre\u015bci\u0105. Przyk\u0142adowe wskazania do stosowania Oculosin zosta\u0142y ju\u017c om\u00f3wione wcze\u015bniej, jednak warto r\u00f3wnie\u017c dowiedzie\u0107 si\u0119, kiedy lepiej jest zachowa\u0107 ostro\u017cno\u015b\u0107 lub wstrzyma\u0107 si\u0119 od kuracji. W ulotce znajdziesz r\u00f3wnie\u017c informacje dotycz\u0105ce dawkowania i sposobu podawania.<\/p>\n<h2>Spos\u00f3b Podawania i Dawkowanie<\/h2>\n<p>Dawkowanie Oculosin jest proste i wygodne. Zazwyczaj zaleca si\u0119 przyjmowa\u0107 jedn\u0105 kapsu\u0142k\u0119 dziennie, najlepiej w trakcie posi\u0142ku. To \u0142atwy spos\u00f3b na zapewnienie organizmowi wszystkich niezb\u0119dnych sk\u0142adnik\u00f3w od\u017cywczych potrzebnych do utrzymania zdrowego wzroku.<\/p>\n<h2>Porady od Lekarzy<\/h2>\n<p>Opr\u00f3cz regularnego stosowania Oculosin, istniej\u0105 r\u00f3wnie\u017c og\u00f3lne zasady dbania o zdrowie oczu, kt\u00f3re warto wdro\u017cy\u0107:<\/p>\n<ol>\n<li><strong>Regularne badania wzroku:<\/strong> Zaleca si\u0119 regularne badania wzroku u okulisty, zw\u0142aszcza w przypadku wyst\u0119powania problem\u00f3w ze wzrokiem.<\/li>\n<li><strong>Odpowiednia dieta:<\/strong> Dieta bogata w witaminy A, C, E oraz lutein\u0119 i zeaksantyn\u0119 mo\u017ce pom\u00f3c w utrzymaniu zdrowego wzroku. Warto spo\u017cywa\u0107 wi\u0119cej warzyw, owoc\u00f3w i produkt\u00f3w zawieraj\u0105cych te sk\u0142adniki.<\/li>\n<li><strong>Ochrona przed promieniowaniem UV:<\/strong> Noszenie okular\u00f3w przeciws\u0142onecznych jest wa\u017cne, aby chroni\u0107 oczy przed szkodliwym promieniowaniem UV.<\/li>\n<li><strong>Regularne przerwy w pracy przy komputerze:<\/strong> Je\u015bli pracujesz d\u0142ugie godziny przed ekranem, zadbaj o regularne przerwy i \u0107wiczenia dla oczu.<\/li>\n<\/ol>\n<p style=\"text-align: center;\"><a href=\"http:\/\/tl-track.com\/tracker\/u5yJ\"><button>Zakup na stronie producenta (-50%)<\/button><\/a><\/p>\n<h2>Kup Teraz Oculosin z Dostaw\u0105<\/h2>\n<p>Kupno Oculosin jest niezwykle proste i wygodne. Wystarczy klikn\u0105\u0107 przycisk &#8222;Kup Teraz&#8221;, a nast\u0119pnie wype\u0142ni\u0107 formularz zam\u00f3wienia, podaj\u0105c jedynie swoje imi\u0119 i numer telefonu. Nie ma potrzeby dokonywania p\u0142atno\u015bci z g\u00f3ry \u2013 p\u0142atno\u015b\u0107 jest realizowana przy dostawie. To gwarantuje otrzymanie oryginalnego produktu bez \u017cadnych ryzyk. Dostawa trwa zazwyczaj 3-4 dni w Polsce, a zam\u00f3wienie jest dodatkowo potwierdzane telefonicznie przez specjalist\u0119, kt\u00f3ry mo\u017ce doradzi\u0107 w sprawie ilo\u015bci i dost\u0119pno\u015bci promocyjnych ofert.<\/p>\n<h2>Por\u00f3wnanie Ofert: Ceny i Dost\u0119pno\u015b\u0107 Oculosin<\/h2>\n<p>Producent Oculosin priorytetowo dba o dost\u0119pno\u015b\u0107 dla klient\u00f3w, dlatego suplement mo\u017cna zakupi\u0107 bezpo\u015brednio na oficjalnej stronie producenta, bez po\u015brednik\u00f3w i dodatkowych op\u0142at. Dodatkowo, istniej\u0105 dost\u0119pne rabaty, kt\u00f3rych aktualno\u015b\u0107 warto regularnie sprawdza\u0107. Dlatego Oculosin nie jest dost\u0119pny w aptekach stacjonarnych, aby zapewni\u0107 klientom korzystniejsze warunki zakupu i unikn\u0105\u0107 niepotrzebnych koszt\u00f3w.<\/p>\n<p>Oculosin to innowacyjne i skuteczne rozwi\u0105zanie dla tych, kt\u00f3rzy chc\u0105 poprawi\u0107 swoje widzenie naturalnie i bez ryzyka. Zapewniaj\u0105c organizmowi niezb\u0119dne sk\u0142adniki od\u017cywcze, mo\u017cna cieszy\u0107 si\u0119 lepszym zdrowiem oczu i wyra\u017aniejszym widzeniem. Nie zwlekaj &#8211; zam\u00f3w Oculosin ju\u017c teraz i przekonaj si\u0119 o jego skuteczno\u015bci!<\/p>\n<\/div>\n<\/div>\n<\/div>\n<\/div>\n<\/div>\n<\/div>\n<\/div>\n<\/div>\n","protected":false},"excerpt":{"rendered":"<p style=\"text-align: center;\"><a href=\"http:\/\/tl-track.com\/tracker\/u5yJ\"><button>Kup teraz<\/button><\/a><\/p>\n<p>SKU:\u00a0<span class=\"sku\">789.878.008<\/span><\/p>\n<hr \/>\n<p><small>Produkt sprzedawany jest wy\u0142\u0105cznie za po\u015brednictwem oficjalnej strony producenta, id\u017a i kupuj bezpiecznie!<\/small><\/p>\n","protected":false},"featured_media":57,"comment_status":"open","ping_status":"closed","template":"","meta":[],"product_brand":[],"product_cat":[15],"product_tag":[],"class_list":{"0":"post-56","1":"product","2":"type-product","3":"status-publish","4":"has-post-thumbnail","6":"product_cat-supl","7":"thunk-woo-product-list","8":"opn-qv-enable","9":"top-store-woo-hover-","10":"top-store-single-product-tab-horizontal","11":"top-store-shadow-","12":"top-store-shadow-hover-","14":"first","15":"instock","16":"sale","17":"shipping-taxable","18":"purchasable","19":"product-type-simple"},"yoast_head":"<!-- This site is optimized with the Yoast SEO plugin v27.4 - https:\/\/yoast.com\/product\/yoast-seo-wordpress\/ -->\n<title>Oculosin - kup suplement, cena w aptece, sk\u0142ad, dzia\u0142anie<\/title>\n<meta name=\"robots\" content=\"index, follow, max-snippet:-1, max-image-preview:large, max-video-preview:-1\" \/>\n<link rel=\"canonical\" href=\"https:\/\/lekarzeopole.pl\/wordpress\/product\/oculosin\/\" \/>\n<meta property=\"og:locale\" content=\"pl_PL\" \/>\n<meta property=\"og:type\" content=\"article\" \/>\n<meta property=\"og:title\" content=\"Oculosin - kup suplement, cena w aptece, sk\u0142ad, dzia\u0142anie\" \/>\n<meta property=\"og:description\" content=\"Kup teraz SKU:\u00a0789.878.008    Produkt sprzedawany jest wy\u0142\u0105cznie za po\u015brednictwem oficjalnej strony producenta, id\u017a i kupuj bezpiecznie!\" \/>\n<meta property=\"og:url\" content=\"https:\/\/lekarzeopole.pl\/wordpress\/product\/oculosin\/\" \/>\n<meta property=\"og:site_name\" content=\"Lekarze Opole\" \/>\n<meta property=\"article:modified_time\" content=\"2024-06-06T15:48:38+00:00\" \/>\n<meta property=\"og:image\" content=\"https:\/\/lekarzeopole.pl\/wordpress\/wp-content\/uploads\/2024\/01\/oculosin.jpeg\" \/>\n\t<meta property=\"og:image:width\" content=\"493\" \/>\n\t<meta property=\"og:image:height\" content=\"400\" \/>\n\t<meta property=\"og:image:type\" content=\"image\/jpeg\" \/>\n<meta name=\"twitter:card\" content=\"summary_large_image\" \/>\n<meta name=\"twitter:label1\" content=\"Szacowany czas czytania\" \/>\n\t<meta name=\"twitter:data1\" content=\"6 minut\" \/>\n<script type=\"application\/ld+json\" class=\"yoast-schema-graph\">{\"@context\":\"https:\\\/\\\/schema.org\",\"@graph\":[{\"@type\":\"WebPage\",\"@id\":\"https:\\\/\\\/lekarzeopole.pl\\\/wordpress\\\/product\\\/oculosin\\\/\",\"url\":\"https:\\\/\\\/lekarzeopole.pl\\\/wordpress\\\/product\\\/oculosin\\\/\",\"name\":\"Oculosin - kup suplement, cena w aptece, sk\u0142ad, dzia\u0142anie\",\"isPartOf\":{\"@id\":\"https:\\\/\\\/lekarzeopole.pl\\\/wordpress\\\/#website\"},\"primaryImageOfPage\":{\"@id\":\"https:\\\/\\\/lekarzeopole.pl\\\/wordpress\\\/product\\\/oculosin\\\/#primaryimage\"},\"image\":{\"@id\":\"https:\\\/\\\/lekarzeopole.pl\\\/wordpress\\\/product\\\/oculosin\\\/#primaryimage\"},\"thumbnailUrl\":\"https:\\\/\\\/lekarzeopole.pl\\\/wordpress\\\/wp-content\\\/uploads\\\/2024\\\/01\\\/oculosin.jpeg\",\"datePublished\":\"2024-01-20T10:49:31+00:00\",\"dateModified\":\"2024-06-06T15:48:38+00:00\",\"breadcrumb\":{\"@id\":\"https:\\\/\\\/lekarzeopole.pl\\\/wordpress\\\/product\\\/oculosin\\\/#breadcrumb\"},\"inLanguage\":\"pl-PL\",\"potentialAction\":[{\"@type\":\"ReadAction\",\"target\":[\"https:\\\/\\\/lekarzeopole.pl\\\/wordpress\\\/product\\\/oculosin\\\/\"]}]},{\"@type\":\"ImageObject\",\"inLanguage\":\"pl-PL\",\"@id\":\"https:\\\/\\\/lekarzeopole.pl\\\/wordpress\\\/product\\\/oculosin\\\/#primaryimage\",\"url\":\"https:\\\/\\\/lekarzeopole.pl\\\/wordpress\\\/wp-content\\\/uploads\\\/2024\\\/01\\\/oculosin.jpeg\",\"contentUrl\":\"https:\\\/\\\/lekarzeopole.pl\\\/wordpress\\\/wp-content\\\/uploads\\\/2024\\\/01\\\/oculosin.jpeg\",\"width\":493,\"height\":400,\"caption\":\"Oculosin\"},{\"@type\":\"BreadcrumbList\",\"@id\":\"https:\\\/\\\/lekarzeopole.pl\\\/wordpress\\\/product\\\/oculosin\\\/#breadcrumb\",\"itemListElement\":[{\"@type\":\"ListItem\",\"position\":1,\"name\":\"\u0413\u043b\u0430\u0432\u043d\u0430\u044f \u0441\u0442\u0440\u0430\u043d\u0438\u0446\u0430\",\"item\":\"https:\\\/\\\/lekarzeopole.pl\\\/wordpress\\\/\"},{\"@type\":\"ListItem\",\"position\":2,\"name\":\"Zakup\",\"item\":\"https:\\\/\\\/lekarzeopole.pl\\\/wordpress\\\/\"},{\"@type\":\"ListItem\",\"position\":3,\"name\":\"Oculosin\"}]},{\"@type\":\"WebSite\",\"@id\":\"https:\\\/\\\/lekarzeopole.pl\\\/wordpress\\\/#website\",\"url\":\"https:\\\/\\\/lekarzeopole.pl\\\/wordpress\\\/\",\"name\":\"Lekarze Opole\",\"description\":\"\",\"potentialAction\":[{\"@type\":\"SearchAction\",\"target\":{\"@type\":\"EntryPoint\",\"urlTemplate\":\"https:\\\/\\\/lekarzeopole.pl\\\/wordpress\\\/?s={search_term_string}\"},\"query-input\":{\"@type\":\"PropertyValueSpecification\",\"valueRequired\":true,\"valueName\":\"search_term_string\"}}],\"inLanguage\":\"pl-PL\"}]}<\/script>\n<!-- \/ Yoast SEO plugin. -->","yoast_head_json":{"title":"Oculosin - kup suplement, cena w aptece, sk\u0142ad, dzia\u0142anie","robots":{"index":"index","follow":"follow","max-snippet":"max-snippet:-1","max-image-preview":"max-image-preview:large","max-video-preview":"max-video-preview:-1"},"canonical":"https:\/\/lekarzeopole.pl\/wordpress\/product\/oculosin\/","og_locale":"pl_PL","og_type":"article","og_title":"Oculosin - kup suplement, cena w aptece, sk\u0142ad, dzia\u0142anie","og_description":"Kup teraz SKU:\u00a0789.878.008    Produkt sprzedawany jest wy\u0142\u0105cznie za po\u015brednictwem oficjalnej strony producenta, id\u017a i kupuj bezpiecznie!","og_url":"https:\/\/lekarzeopole.pl\/wordpress\/product\/oculosin\/","og_site_name":"Lekarze Opole","article_modified_time":"2024-06-06T15:48:38+00:00","og_image":[{"width":493,"height":400,"url":"https:\/\/lekarzeopole.pl\/wordpress\/wp-content\/uploads\/2024\/01\/oculosin.jpeg","type":"image\/jpeg"}],"twitter_card":"summary_large_image","twitter_misc":{"Szacowany czas czytania":"6 minut"},"schema":{"@context":"https:\/\/schema.org","@graph":[{"@type":"WebPage","@id":"https:\/\/lekarzeopole.pl\/wordpress\/product\/oculosin\/","url":"https:\/\/lekarzeopole.pl\/wordpress\/product\/oculosin\/","name":"Oculosin - kup suplement, cena w aptece, sk\u0142ad, dzia\u0142anie","isPartOf":{"@id":"https:\/\/lekarzeopole.pl\/wordpress\/#website"},"primaryImageOfPage":{"@id":"https:\/\/lekarzeopole.pl\/wordpress\/product\/oculosin\/#primaryimage"},"image":{"@id":"https:\/\/lekarzeopole.pl\/wordpress\/product\/oculosin\/#primaryimage"},"thumbnailUrl":"https:\/\/lekarzeopole.pl\/wordpress\/wp-content\/uploads\/2024\/01\/oculosin.jpeg","datePublished":"2024-01-20T10:49:31+00:00","dateModified":"2024-06-06T15:48:38+00:00","breadcrumb":{"@id":"https:\/\/lekarzeopole.pl\/wordpress\/product\/oculosin\/#breadcrumb"},"inLanguage":"pl-PL","potentialAction":[{"@type":"ReadAction","target":["https:\/\/lekarzeopole.pl\/wordpress\/product\/oculosin\/"]}]},{"@type":"ImageObject","inLanguage":"pl-PL","@id":"https:\/\/lekarzeopole.pl\/wordpress\/product\/oculosin\/#primaryimage","url":"https:\/\/lekarzeopole.pl\/wordpress\/wp-content\/uploads\/2024\/01\/oculosin.jpeg","contentUrl":"https:\/\/lekarzeopole.pl\/wordpress\/wp-content\/uploads\/2024\/01\/oculosin.jpeg","width":493,"height":400,"caption":"Oculosin"},{"@type":"BreadcrumbList","@id":"https:\/\/lekarzeopole.pl\/wordpress\/product\/oculosin\/#breadcrumb","itemListElement":[{"@type":"ListItem","position":1,"name":"\u0413\u043b\u0430\u0432\u043d\u0430\u044f \u0441\u0442\u0440\u0430\u043d\u0438\u0446\u0430","item":"https:\/\/lekarzeopole.pl\/wordpress\/"},{"@type":"ListItem","position":2,"name":"Zakup","item":"https:\/\/lekarzeopole.pl\/wordpress\/"},{"@type":"ListItem","position":3,"name":"Oculosin"}]},{"@type":"WebSite","@id":"https:\/\/lekarzeopole.pl\/wordpress\/#website","url":"https:\/\/lekarzeopole.pl\/wordpress\/","name":"Lekarze Opole","description":"","potentialAction":[{"@type":"SearchAction","target":{"@type":"EntryPoint","urlTemplate":"https:\/\/lekarzeopole.pl\/wordpress\/?s={search_term_string}"},"query-input":{"@type":"PropertyValueSpecification","valueRequired":true,"valueName":"search_term_string"}}],"inLanguage":"pl-PL"}]}},"_links":{"self":[{"href":"https:\/\/lekarzeopole.pl\/wordpress\/wp-json\/wp\/v2\/product\/56","targetHints":{"allow":["GET"]}}],"collection":[{"href":"https:\/\/lekarzeopole.pl\/wordpress\/wp-json\/wp\/v2\/product"}],"about":[{"href":"https:\/\/lekarzeopole.pl\/wordpress\/wp-json\/wp\/v2\/types\/product"}],"replies":[{"embeddable":true,"href":"https:\/\/lekarzeopole.pl\/wordpress\/wp-json\/wp\/v2\/comments?post=56"}],"wp:featuredmedia":[{"embeddable":true,"href":"https:\/\/lekarzeopole.pl\/wordpress\/wp-json\/wp\/v2\/media\/57"}],"wp:attachment":[{"href":"https:\/\/lekarzeopole.pl\/wordpress\/wp-json\/wp\/v2\/media?parent=56"}],"wp:term":[{"taxonomy":"product_brand","embeddable":true,"href":"https:\/\/lekarzeopole.pl\/wordpress\/wp-json\/wp\/v2\/product_brand?post=56"},{"taxonomy":"product_cat","embeddable":true,"href":"https:\/\/lekarzeopole.pl\/wordpress\/wp-json\/wp\/v2\/product_cat?post=56"},{"taxonomy":"product_tag","embeddable":true,"href":"https:\/\/lekarzeopole.pl\/wordpress\/wp-json\/wp\/v2\/product_tag?post=56"}],"curies":[{"name":"wp","href":"https:\/\/api.w.org\/{rel}","templated":true}]}}