{"id":556,"date":"2024-02-13T07:51:58","date_gmt":"2024-02-13T07:51:58","guid":{"rendered":"https:\/\/lekarzeopole.pl\/wordpress\/?post_type=product&#038;p=556"},"modified":"2024-06-08T09:45:17","modified_gmt":"2024-06-08T09:45:17","slug":"folisin","status":"publish","type":"product","link":"https:\/\/lekarzeopole.pl\/wordpress\/product\/folisin\/","title":{"rendered":"Folisin"},"content":{"rendered":"<div class=\"w-full text-token-text-primary\" data-testid=\"conversation-turn-3\">\n<div class=\"px-4 py-2 justify-center text-base md:gap-6 m-auto\">\n<div class=\"flex flex-1 text-base mx-auto gap-3 md:px-5 lg:px-1 xl:px-5 md:max-w-3xl lg:max-w-[40rem] xl:max-w-[48rem] group\">\n<div class=\"relative flex w-full flex-col agent-turn\">\n<div class=\"flex-col gap-1 md:gap-3\">\n<div class=\"flex flex-grow flex-col max-w-full\">\n<div class=\"min-h-[20px] text-message flex flex-col items-start gap-3 whitespace-pre-wrap break-words [.text-message+&amp;]:mt-5 overflow-x-auto\" data-message-author-role=\"assistant\" data-message-id=\"6987f266-c4c6-4779-a992-ff7d99f9039e\">\n<div class=\"markdown prose w-full break-words dark:prose-invert light\">\n<p>W dzisiejszych czasach coraz wi\u0119cej os\u00f3b zmaga si\u0119 z problemem wypadania w\u0142os\u00f3w. Czynniki takie jak stres, niezdrowa dieta, zaburzenia hormonalne czy te\u017c genetyka mog\u0105 przyczynia\u0107 si\u0119 do utraty g\u0119sto\u015bci w\u0142os\u00f3w i \u0142ysienia. Dlatego te\u017c istnieje zapotrzebowanie na skuteczne i bezpieczne metody \u0142agodzenia tego problemu. Jednym z takich rozwi\u0105za\u0144 s\u0105 kapsu\u0142ki Folisin, oparte na naturalnych sk\u0142adnikach, kt\u00f3re zapewniaj\u0105 skuteczn\u0105 pomoc w walce z wypadaniem w\u0142os\u00f3w.<\/p>\n<h2>Wskazania do stosowania Folisin<\/h2>\n<p>Kapsu\u0142ki Folisin s\u0105 przeznaczone dla os\u00f3b borykaj\u0105cych si\u0119 z problemem wypadania w\u0142os\u00f3w oraz os\u0142abionej kondycji w\u0142os\u00f3w. Zalecane s\u0105 zar\u00f3wno dla m\u0119\u017cczyzn, jak i kobiet, niezale\u017cnie od wieku. Przeznaczone s\u0105 r\u00f3wnie\u017c dla os\u00f3b, kt\u00f3re chc\u0105 wzmocni\u0107 swoje w\u0142osy oraz poprawi\u0107 ich kondycj\u0119 i wygl\u0105d.<\/p>\n<h2>Sk\u0142ad i dzia\u0142anie sk\u0142adnik\u00f3w Folisin<\/h2>\n<p>Skuteczno\u015b\u0107 kapsu\u0142ek Folisin wynika z ich unikalnego sk\u0142adu, opartego na naturalnych substancjach, kt\u00f3re wspieraj\u0105 zdrowie w\u0142os\u00f3w od wewn\u0105trz. G\u0142\u00f3wne sk\u0142adniki to:<\/p>\n<ol>\n<li><strong>Ekstrakt z pokrzywy<\/strong> &#8211; bogaty w sk\u0142adniki od\u017cywcze, takie jak witaminy A i C, \u017celazo, krzem, kt\u00f3re wzmacniaj\u0105 cebulki w\u0142os\u00f3w i stymuluj\u0105 ich wzrost.<\/li>\n<li><strong>Ekstrakt z ziaren dyni<\/strong> &#8211; zawiera cenne kwasy t\u0142uszczowe omega-3 i omega-6, kt\u00f3re wzmacniaj\u0105 struktur\u0119 w\u0142osa i zapobiegaj\u0105 jego wypadaniu.<\/li>\n<li><strong>Biotyna<\/strong> &#8211; witamina z grupy B, kt\u00f3ra odgrywa kluczow\u0105 rol\u0119 w utrzymaniu zdrowych w\u0142os\u00f3w, sk\u00f3ry i paznokci.<\/li>\n<li><strong>L-cysteina<\/strong> &#8211; aminokwas, kt\u00f3ry jest budulcem bia\u0142ek keratyny, g\u0142\u00f3wnego sk\u0142adnika w\u0142os\u00f3w, dzi\u0119ki czemu wspomaga ich regeneracj\u0119 i wzrost.<\/li>\n<li><strong>Mied\u017a<\/strong> &#8211; pierwiastek \u015bladowy niezb\u0119dny do produkcji melaniny, kt\u00f3ra nadaje kolor w\u0142osom, oraz do utrzymania ich zdrowego wygl\u0105du.<\/li>\n<\/ol>\n<p>Dzi\u0119ki po\u0142\u0105czeniu tych sk\u0142adnik\u00f3w, kapsu\u0142ki Folisin dzia\u0142aj\u0105 kompleksowo na problem wypadania w\u0142os\u00f3w, wzmacniaj\u0105c je od wewn\u0105trz i poprawiaj\u0105c ich kondycj\u0119.<\/p>\n<p style=\"text-align: center;\"><a href=\"https:\/\/nplink.net\/kl3oes36\"><button>www.folisin.pl<\/button><\/a><\/p>\n<h2>Efekty Folisin i ich charakterystyka<\/h2>\n<p>Regularne stosowanie kapsu\u0142ek Folisin przynosi szereg korzy\u015bci dla zdrowia w\u0142os\u00f3w. W\u015br\u00f3d g\u0142\u00f3wnych efekt\u00f3w mo\u017cna wymieni\u0107:<\/p>\n<ol>\n<li><strong>Wzmo\u017cony wzrost w\u0142os\u00f3w<\/strong> &#8211; sk\u0142adniki aktywne kapsu\u0142ek stymuluj\u0105 cebulki w\u0142os\u00f3w, co sprzyja szybszemu wzrostowi nowych w\u0142os\u00f3w.<\/li>\n<li><strong>Zmniejszenie wypadania w\u0142os\u00f3w<\/strong> &#8211; substancje zawarte w preparacie wzmacniaj\u0105 struktur\u0119 w\u0142osa, zapobiegaj\u0105c jego \u0142amliwo\u015bci i wypadaniu.<\/li>\n<li><strong>Poprawa kondycji w\u0142os\u00f3w<\/strong> &#8211; w\u0142osy staj\u0105 si\u0119 mocniejsze, bardziej elastyczne i bardziej b\u0142yszcz\u0105ce.<\/li>\n<li><strong>Wzmocnienie paznokci<\/strong> &#8211; sk\u0142adniki od\u017cywcze zawarte w kapsu\u0142kach maj\u0105 korzystny wp\u0142yw nie tylko na w\u0142osy, ale tak\u017ce na paznokcie, sprawiaj\u0105c, \u017ce staj\u0105 si\u0119 one mocniejsze i mniej \u0142amliwe.<\/li>\n<\/ol>\n<h2>Ryzyko skutk\u00f3w ubocznych<\/h2>\n<p>Preparat Folisin jest formu\u0142\u0105 opart\u0105 wy\u0142\u0105cznie na naturalnych sk\u0142adnikach, dlatego ryzyko wyst\u0105pienia skutk\u00f3w ubocznych jest minimalne. Dzi\u0119ki temu kapsu\u0142ki mog\u0105 by\u0107 stosowane przez d\u0142u\u017cszy czas bez obaw o negatywny wp\u0142yw na organizm. Niemniej jednak, zawsze zaleca si\u0119 skonsultowanie si\u0119 z lekarzem przed rozpocz\u0119ciem kuracji, zw\u0142aszcza w przypadku os\u00f3b uczulonych na kt\u00f3rykolwiek z sk\u0142adnik\u00f3w preparatu.<\/p>\n<p><em>Kapsu\u0142ki Folisin to skuteczny i bezpieczny spos\u00f3b na walk\u0119 z problemem wypadania w\u0142os\u00f3w oraz popraw\u0119 ich kondycji. Dzi\u0119ki starannie dobranym sk\u0142adnikom aktywnym preparat wspomaga wzrost zdrowych i mocnych w\u0142os\u00f3w, minimalizuj\u0105c ryzyko skutk\u00f3w ubocznych. Dla os\u00f3b poszukuj\u0105cych naturalnego wsparcia w walce o pi\u0119kn\u0105 fryzur\u0119, Folisin mo\u017ce okaza\u0107 si\u0119 idealnym rozwi\u0105zaniem.<\/em><\/p>\n<\/div>\n<\/div>\n<\/div>\n<\/div>\n<\/div>\n<\/div>\n<\/div>\n<\/div>\n<div class=\"w-full text-token-text-primary\" data-testid=\"conversation-turn-5\">\n<div class=\"px-4 py-2 justify-center text-base md:gap-6 m-auto\">\n<div class=\"flex flex-1 text-base mx-auto gap-3 md:px-5 lg:px-1 xl:px-5 md:max-w-3xl lg:max-w-[40rem] xl:max-w-[48rem] group final-completion\">\n<div class=\"relative flex w-full flex-col agent-turn\">\n<div class=\"flex-col gap-1 md:gap-3\">\n<div class=\"flex flex-grow flex-col max-w-full\">\n<div class=\"min-h-[20px] text-message flex flex-col items-start gap-3 whitespace-pre-wrap break-words [.text-message+&amp;]:mt-5 overflow-x-auto\" data-message-author-role=\"assistant\" data-message-id=\"a6e5c300-3420-4db0-9941-5240c2ff5579\">\n<div class=\"markdown prose w-full break-words dark:prose-invert light\">\n<h2>Opinie klient\u00f3w o Folisin: fora po\u015bwi\u0119cone zdrowiu<\/h2>\n<p>W Polsce fora internetowe po\u015bwi\u0119cone zdrowiu i urodzie ciesz\u0105 si\u0119 ogromn\u0105 popularno\u015bci\u0105. Ludzie dziel\u0105 si\u0119 tam swoimi do\u015bwiadczeniami oraz radami dotycz\u0105cymi r\u00f3\u017cnych produkt\u00f3w i metod piel\u0119gnacyjnych. W ostatnich latach Folisin sta\u0142 si\u0119 jednym z gor\u0105cych temat\u00f3w na tych platformach, poniewa\u017c coraz wi\u0119cej os\u00f3b poszukuje skutecznych sposob\u00f3w na popraw\u0119 kondycji swoich w\u0142os\u00f3w.<\/p>\n<p>Wi\u0119kszo\u015b\u0107 opinii na temat Folisin jest pozytywna. U\u017cytkownicy chwal\u0105 preparat za jego skuteczno\u015b\u0107 i dost\u0119pno\u015b\u0107. Poni\u017cej znajduj\u0105 si\u0119 dwa przyk\u0142adowe opinie:<\/p>\n<ol>\n<li><strong>Anna<\/strong>: &#8222;Od kiedy zacz\u0119\u0142am stosowa\u0107 Folisin, zauwa\u017cy\u0142am znaczn\u0105 popraw\u0119 w kondycji moich w\u0142os\u00f3w. S\u0105 mocniejsze, grubsze i l\u015bni\u0105ce. Polecam ten produkt wszystkim, kt\u00f3rzy borykaj\u0105 si\u0119 z problemem wypadania w\u0142os\u00f3w!&#8221;<\/li>\n<li><strong>Piotr<\/strong>: &#8222;Folisin to dla mnie prawdziwy ratunek! Mia\u0142em powa\u017cne problemy z \u0142ysieniem, ale regularne stosowanie tych kapsu\u0142ek przynios\u0142o znaczn\u0105 popraw\u0119. Teraz nie tylko moje w\u0142osy s\u0105 zdrowsze, ale tak\u017ce czuj\u0119 si\u0119 bardziej pewny siebie. Dzi\u0119ki Folisin zn\u00f3w mog\u0119 cieszy\u0107 si\u0119 g\u0119stymi w\u0142osami.&#8221;<\/li>\n<\/ol>\n<h2>Spos\u00f3b podawania i dawkowanie<\/h2>\n<p>Zalecane jest stosowanie Folisin zgodnie z zaleceniami producenta. Zazwyczaj dawka to jedna kapsu\u0142ka dziennie, najlepiej popijana wod\u0105, najlepiej po posi\u0142ku. Wa\u017cne jest regularne przyjmowanie preparatu, aby uzyska\u0107 najlepsze efekty.<\/p>\n<h2>Kup teraz Folisin z dostaw\u0105<\/h2>\n<p>Zam\u00f3wienie Folisin jest bardzo proste i wygodne. Produkt mo\u017cna zakupi\u0107 online na oficjalnej stronie producenta, co zapewnia pewno\u015b\u0107 co do oryginalno\u015bci produktu oraz eliminuje ryzyko zakupu podr\u00f3bki. Wa\u017cne jest, \u017ceby nie trzeba by\u0142o p\u0142aci\u0107 z g\u00f3ry &#8211; op\u0142ata za produkt dokonywana jest dopiero przy odbiorze przesy\u0142ki. Dostawa trwa zazwyczaj od 3 do 4 dni roboczych i obejmuje teren ca\u0142ej Polski. Po z\u0142o\u017ceniu zam\u00f3wienia specjalista kontaktuje si\u0119 z klientem telefonicznie, aby potwierdzi\u0107 szczeg\u00f3\u0142y zam\u00f3wienia oraz udzieli\u0107 ewentualnych dodatkowych informacji.<\/p>\n<p style=\"text-align: center;\"><a href=\"https:\/\/nplink.net\/kl3oes36\"><button>Zakup na stronie producenta (-50%)<\/button><\/a><\/p>\n<h2>Por\u00f3wnanie ofert: ceny i dost\u0119pno\u015b\u0107 Folisin<\/h2>\n<p>Producent Folisin k\u0142adzie du\u017cy nacisk na dost\u0119pno\u015b\u0107 produktu dla swoich klient\u00f3w. Dlatego te\u017c preparat jest dost\u0119pny bezpo\u015brednio na oficjalnej stronie producenta, co eliminuje po\u015brednik\u00f3w i dodatkowe koszty. Dodatkowo, na stronie producenta mo\u017cna sprawdzi\u0107 aktualne promocje i zni\u017cki, dzi\u0119ki czemu mo\u017cna zaoszcz\u0119dzi\u0107 na zakupie. Warto regularnie odwiedza\u0107 stron\u0119, aby by\u0107 na bie\u017c\u0105co z ofertami. Warto r\u00f3wnie\u017c zauwa\u017cy\u0107, \u017ce Folisin nie jest dost\u0119pny w stacjonarnych aptekach, co podkre\u015bla wyj\u0105tkowo\u015b\u0107 tego produktu oraz pozwala unikn\u0105\u0107 ewentualnych podr\u00f3bek.<\/p>\n<\/div>\n<\/div>\n<\/div>\n<\/div>\n<\/div>\n<\/div>\n<\/div>\n<\/div>\n","protected":false},"excerpt":{"rendered":"<p style=\"text-align: center;\"><a href=\"https:\/\/nplink.net\/kl3oes36\"><button>Kup teraz<\/button><\/a><\/p>\n<p>SKU:\u00a0<span class=\"sku\">789.878.0105<\/span><\/p>\n<hr \/>\n<p><small>Produkt sprzedawany jest wy\u0142\u0105cznie za po\u015brednictwem oficjalnej strony producenta, id\u017a i kupuj bezpiecznie!<\/small><\/p>\n","protected":false},"featured_media":557,"comment_status":"open","ping_status":"closed","template":"","meta":[],"product_brand":[],"product_cat":[15],"product_tag":[],"class_list":{"0":"post-556","1":"product","2":"type-product","3":"status-publish","4":"has-post-thumbnail","6":"product_cat-supl","7":"thunk-woo-product-list","8":"opn-qv-enable","9":"top-store-woo-hover-","10":"top-store-single-product-tab-horizontal","11":"top-store-shadow-","12":"top-store-shadow-hover-","14":"first","15":"instock","16":"shipping-taxable","17":"purchasable","18":"product-type-simple"},"yoast_head":"<!-- This site is optimized with the Yoast SEO plugin v27.4 - https:\/\/yoast.com\/product\/yoast-seo-wordpress\/ -->\n<title>Folisin - kup suplement, cena w aptece, sk\u0142ad, dzia\u0142anie<\/title>\n<meta name=\"robots\" content=\"index, follow, max-snippet:-1, max-image-preview:large, max-video-preview:-1\" \/>\n<link rel=\"canonical\" href=\"https:\/\/lekarzeopole.pl\/wordpress\/product\/folisin\/\" \/>\n<meta property=\"og:locale\" content=\"pl_PL\" \/>\n<meta property=\"og:type\" content=\"article\" \/>\n<meta property=\"og:title\" content=\"Folisin - kup suplement, cena w aptece, sk\u0142ad, dzia\u0142anie\" \/>\n<meta property=\"og:description\" content=\"Kup teraz SKU:\u00a0789.878.0105    Produkt sprzedawany jest wy\u0142\u0105cznie za po\u015brednictwem oficjalnej strony producenta, id\u017a i kupuj bezpiecznie!\" \/>\n<meta property=\"og:url\" content=\"https:\/\/lekarzeopole.pl\/wordpress\/product\/folisin\/\" \/>\n<meta property=\"og:site_name\" content=\"Lekarze Opole\" \/>\n<meta property=\"article:modified_time\" content=\"2024-06-08T09:45:17+00:00\" \/>\n<meta property=\"og:image\" content=\"https:\/\/lekarzeopole.pl\/wordpress\/wp-content\/uploads\/2024\/02\/folisin.webp\" \/>\n\t<meta property=\"og:image:width\" content=\"537\" \/>\n\t<meta property=\"og:image:height\" content=\"475\" \/>\n\t<meta property=\"og:image:type\" content=\"image\/webp\" \/>\n<meta name=\"twitter:card\" content=\"summary_large_image\" \/>\n<meta name=\"twitter:label1\" content=\"Szacowany czas czytania\" \/>\n\t<meta name=\"twitter:data1\" content=\"5 minut\" \/>\n<script type=\"application\/ld+json\" class=\"yoast-schema-graph\">{\"@context\":\"https:\\\/\\\/schema.org\",\"@graph\":[{\"@type\":\"WebPage\",\"@id\":\"https:\\\/\\\/lekarzeopole.pl\\\/wordpress\\\/product\\\/folisin\\\/\",\"url\":\"https:\\\/\\\/lekarzeopole.pl\\\/wordpress\\\/product\\\/folisin\\\/\",\"name\":\"Folisin - kup suplement, cena w aptece, sk\u0142ad, dzia\u0142anie\",\"isPartOf\":{\"@id\":\"https:\\\/\\\/lekarzeopole.pl\\\/wordpress\\\/#website\"},\"primaryImageOfPage\":{\"@id\":\"https:\\\/\\\/lekarzeopole.pl\\\/wordpress\\\/product\\\/folisin\\\/#primaryimage\"},\"image\":{\"@id\":\"https:\\\/\\\/lekarzeopole.pl\\\/wordpress\\\/product\\\/folisin\\\/#primaryimage\"},\"thumbnailUrl\":\"https:\\\/\\\/lekarzeopole.pl\\\/wordpress\\\/wp-content\\\/uploads\\\/2024\\\/02\\\/folisin.webp\",\"datePublished\":\"2024-02-13T07:51:58+00:00\",\"dateModified\":\"2024-06-08T09:45:17+00:00\",\"breadcrumb\":{\"@id\":\"https:\\\/\\\/lekarzeopole.pl\\\/wordpress\\\/product\\\/folisin\\\/#breadcrumb\"},\"inLanguage\":\"pl-PL\",\"potentialAction\":[{\"@type\":\"ReadAction\",\"target\":[\"https:\\\/\\\/lekarzeopole.pl\\\/wordpress\\\/product\\\/folisin\\\/\"]}]},{\"@type\":\"ImageObject\",\"inLanguage\":\"pl-PL\",\"@id\":\"https:\\\/\\\/lekarzeopole.pl\\\/wordpress\\\/product\\\/folisin\\\/#primaryimage\",\"url\":\"https:\\\/\\\/lekarzeopole.pl\\\/wordpress\\\/wp-content\\\/uploads\\\/2024\\\/02\\\/folisin.webp\",\"contentUrl\":\"https:\\\/\\\/lekarzeopole.pl\\\/wordpress\\\/wp-content\\\/uploads\\\/2024\\\/02\\\/folisin.webp\",\"width\":537,\"height\":475,\"caption\":\"Folisin\"},{\"@type\":\"BreadcrumbList\",\"@id\":\"https:\\\/\\\/lekarzeopole.pl\\\/wordpress\\\/product\\\/folisin\\\/#breadcrumb\",\"itemListElement\":[{\"@type\":\"ListItem\",\"position\":1,\"name\":\"\u0413\u043b\u0430\u0432\u043d\u0430\u044f \u0441\u0442\u0440\u0430\u043d\u0438\u0446\u0430\",\"item\":\"https:\\\/\\\/lekarzeopole.pl\\\/wordpress\\\/\"},{\"@type\":\"ListItem\",\"position\":2,\"name\":\"Zakup\",\"item\":\"https:\\\/\\\/lekarzeopole.pl\\\/wordpress\\\/\"},{\"@type\":\"ListItem\",\"position\":3,\"name\":\"Folisin\"}]},{\"@type\":\"WebSite\",\"@id\":\"https:\\\/\\\/lekarzeopole.pl\\\/wordpress\\\/#website\",\"url\":\"https:\\\/\\\/lekarzeopole.pl\\\/wordpress\\\/\",\"name\":\"Lekarze Opole\",\"description\":\"\",\"potentialAction\":[{\"@type\":\"SearchAction\",\"target\":{\"@type\":\"EntryPoint\",\"urlTemplate\":\"https:\\\/\\\/lekarzeopole.pl\\\/wordpress\\\/?s={search_term_string}\"},\"query-input\":{\"@type\":\"PropertyValueSpecification\",\"valueRequired\":true,\"valueName\":\"search_term_string\"}}],\"inLanguage\":\"pl-PL\"}]}<\/script>\n<!-- \/ Yoast SEO plugin. -->","yoast_head_json":{"title":"Folisin - kup suplement, cena w aptece, sk\u0142ad, dzia\u0142anie","robots":{"index":"index","follow":"follow","max-snippet":"max-snippet:-1","max-image-preview":"max-image-preview:large","max-video-preview":"max-video-preview:-1"},"canonical":"https:\/\/lekarzeopole.pl\/wordpress\/product\/folisin\/","og_locale":"pl_PL","og_type":"article","og_title":"Folisin - kup suplement, cena w aptece, sk\u0142ad, dzia\u0142anie","og_description":"Kup teraz SKU:\u00a0789.878.0105    Produkt sprzedawany jest wy\u0142\u0105cznie za po\u015brednictwem oficjalnej strony producenta, id\u017a i kupuj bezpiecznie!","og_url":"https:\/\/lekarzeopole.pl\/wordpress\/product\/folisin\/","og_site_name":"Lekarze Opole","article_modified_time":"2024-06-08T09:45:17+00:00","og_image":[{"width":537,"height":475,"url":"https:\/\/lekarzeopole.pl\/wordpress\/wp-content\/uploads\/2024\/02\/folisin.webp","type":"image\/webp"}],"twitter_card":"summary_large_image","twitter_misc":{"Szacowany czas czytania":"5 minut"},"schema":{"@context":"https:\/\/schema.org","@graph":[{"@type":"WebPage","@id":"https:\/\/lekarzeopole.pl\/wordpress\/product\/folisin\/","url":"https:\/\/lekarzeopole.pl\/wordpress\/product\/folisin\/","name":"Folisin - kup suplement, cena w aptece, sk\u0142ad, dzia\u0142anie","isPartOf":{"@id":"https:\/\/lekarzeopole.pl\/wordpress\/#website"},"primaryImageOfPage":{"@id":"https:\/\/lekarzeopole.pl\/wordpress\/product\/folisin\/#primaryimage"},"image":{"@id":"https:\/\/lekarzeopole.pl\/wordpress\/product\/folisin\/#primaryimage"},"thumbnailUrl":"https:\/\/lekarzeopole.pl\/wordpress\/wp-content\/uploads\/2024\/02\/folisin.webp","datePublished":"2024-02-13T07:51:58+00:00","dateModified":"2024-06-08T09:45:17+00:00","breadcrumb":{"@id":"https:\/\/lekarzeopole.pl\/wordpress\/product\/folisin\/#breadcrumb"},"inLanguage":"pl-PL","potentialAction":[{"@type":"ReadAction","target":["https:\/\/lekarzeopole.pl\/wordpress\/product\/folisin\/"]}]},{"@type":"ImageObject","inLanguage":"pl-PL","@id":"https:\/\/lekarzeopole.pl\/wordpress\/product\/folisin\/#primaryimage","url":"https:\/\/lekarzeopole.pl\/wordpress\/wp-content\/uploads\/2024\/02\/folisin.webp","contentUrl":"https:\/\/lekarzeopole.pl\/wordpress\/wp-content\/uploads\/2024\/02\/folisin.webp","width":537,"height":475,"caption":"Folisin"},{"@type":"BreadcrumbList","@id":"https:\/\/lekarzeopole.pl\/wordpress\/product\/folisin\/#breadcrumb","itemListElement":[{"@type":"ListItem","position":1,"name":"\u0413\u043b\u0430\u0432\u043d\u0430\u044f \u0441\u0442\u0440\u0430\u043d\u0438\u0446\u0430","item":"https:\/\/lekarzeopole.pl\/wordpress\/"},{"@type":"ListItem","position":2,"name":"Zakup","item":"https:\/\/lekarzeopole.pl\/wordpress\/"},{"@type":"ListItem","position":3,"name":"Folisin"}]},{"@type":"WebSite","@id":"https:\/\/lekarzeopole.pl\/wordpress\/#website","url":"https:\/\/lekarzeopole.pl\/wordpress\/","name":"Lekarze Opole","description":"","potentialAction":[{"@type":"SearchAction","target":{"@type":"EntryPoint","urlTemplate":"https:\/\/lekarzeopole.pl\/wordpress\/?s={search_term_string}"},"query-input":{"@type":"PropertyValueSpecification","valueRequired":true,"valueName":"search_term_string"}}],"inLanguage":"pl-PL"}]}},"_links":{"self":[{"href":"https:\/\/lekarzeopole.pl\/wordpress\/wp-json\/wp\/v2\/product\/556","targetHints":{"allow":["GET"]}}],"collection":[{"href":"https:\/\/lekarzeopole.pl\/wordpress\/wp-json\/wp\/v2\/product"}],"about":[{"href":"https:\/\/lekarzeopole.pl\/wordpress\/wp-json\/wp\/v2\/types\/product"}],"replies":[{"embeddable":true,"href":"https:\/\/lekarzeopole.pl\/wordpress\/wp-json\/wp\/v2\/comments?post=556"}],"wp:featuredmedia":[{"embeddable":true,"href":"https:\/\/lekarzeopole.pl\/wordpress\/wp-json\/wp\/v2\/media\/557"}],"wp:attachment":[{"href":"https:\/\/lekarzeopole.pl\/wordpress\/wp-json\/wp\/v2\/media?parent=556"}],"wp:term":[{"taxonomy":"product_brand","embeddable":true,"href":"https:\/\/lekarzeopole.pl\/wordpress\/wp-json\/wp\/v2\/product_brand?post=556"},{"taxonomy":"product_cat","embeddable":true,"href":"https:\/\/lekarzeopole.pl\/wordpress\/wp-json\/wp\/v2\/product_cat?post=556"},{"taxonomy":"product_tag","embeddable":true,"href":"https:\/\/lekarzeopole.pl\/wordpress\/wp-json\/wp\/v2\/product_tag?post=556"}],"curies":[{"name":"wp","href":"https:\/\/api.w.org\/{rel}","templated":true}]}}