{"id":536,"date":"2024-02-12T11:14:54","date_gmt":"2024-02-12T11:14:54","guid":{"rendered":"https:\/\/lekarzeopole.pl\/wordpress\/?post_type=product&#038;p=536"},"modified":"2024-06-08T09:38:48","modified_gmt":"2024-06-08T09:38:48","slug":"gigantx","status":"publish","type":"product","link":"https:\/\/lekarzeopole.pl\/wordpress\/product\/gigantx\/","title":{"rendered":"GigantX"},"content":{"rendered":"<div class=\"w-full text-token-text-primary\" data-testid=\"conversation-turn-3\">\n<div class=\"px-4 py-2 justify-center text-base md:gap-6 m-auto\">\n<div class=\"flex flex-1 text-base mx-auto gap-3 md:px-5 lg:px-1 xl:px-5 md:max-w-3xl lg:max-w-[40rem] xl:max-w-[48rem] group\">\n<div class=\"relative flex w-full flex-col lg:w-[calc(100%-115px)] agent-turn\">\n<div class=\"flex-col gap-1 md:gap-3\">\n<div class=\"flex flex-grow flex-col max-w-full\">\n<div class=\"min-h-[20px] text-message flex flex-col items-start gap-3 whitespace-pre-wrap break-words [.text-message+&amp;]:mt-5 overflow-x-auto\" data-message-author-role=\"assistant\" data-message-id=\"864afb67-004d-464a-962d-314127cbf8da\">\n<div class=\"markdown prose w-full break-words dark:prose-invert light\">\n<p>GigantX to suplement diety stworzony z my\u015bl\u0105 o m\u0119\u017cczyznach, kt\u00f3rzy pragn\u0105 poprawi\u0107 swoje \u017cycie seksualne i zwi\u0119kszy\u0107 swoje pewno\u015b\u0107 siebie w sypialni. Kapsu\u0142ki GigantX s\u0105 polecane dla m\u0119\u017cczyzn odczuwaj\u0105cych problemy z erekcj\u0105, kt\u00f3rzy chc\u0105 poprawi\u0107 swoj\u0105 wydolno\u015b\u0107 seksualn\u0105, zwi\u0119kszy\u0107 rozmiar penisa oraz intensywno\u015b\u0107 dozna\u0144 podczas stosunku. Suplement mo\u017ce by\u0107 stosowany tak\u017ce przez m\u0119\u017cczyzn, kt\u00f3rzy chc\u0105 zapobiec problemom z potencj\u0105 oraz utrzyma\u0107 zdrowe \u017cycie seksualne na d\u0142u\u017csz\u0105 met\u0119.<\/p>\n<h2>Sk\u0142ad i dzia\u0142anie sk\u0142adnik\u00f3w GigantX<\/h2>\n<p>GigantX zawiera starannie dobrane naturalne sk\u0142adniki, kt\u00f3re maj\u0105 pozytywny wp\u0142yw na funkcjonowanie uk\u0142adu moczowo-p\u0142ciowego oraz popraw\u0119 \u017cycia seksualnego. G\u0142\u00f3wne sk\u0142adniki kapsu\u0142ek to:<\/p>\n<ol>\n<li><strong>Wyci\u0105g z buzdyganka ziemnego<\/strong> &#8211; ro\u015blina ta znana jest ze swoich w\u0142a\u015bciwo\u015bci poprawiaj\u0105cych kr\u0105\u017cenie krwi, co wp\u0142ywa korzystnie na jako\u015b\u0107 erekcji oraz wydolno\u015b\u0107 seksualn\u0105.<\/li>\n<li><strong>Ekstrakt z \u017ce\u0144-szenia<\/strong> &#8211; dzia\u0142a stymuluj\u0105co na organizm, zwi\u0119ksza libido oraz poprawia kondycj\u0119 fizyczn\u0105, co przek\u0142ada si\u0119 na lepsze osi\u0105gi w \u0142\u00f3\u017cku.<\/li>\n<li><strong>Tribulus terrestris<\/strong> &#8211; ro\u015blina ta wspomaga produkcj\u0119 testosteronu, co przek\u0142ada si\u0119 na zwi\u0119kszenie pop\u0119du seksualnego oraz popraw\u0119 sprawno\u015bci seksualnej.<\/li>\n<\/ol>\n<p>Dzia\u0142anie sk\u0142adnik\u00f3w GigantX polega na stymulowaniu kr\u0105\u017cenia krwi w obr\u0119bie penisa, co prowadzi do lepszej erekcji oraz zwi\u0119kszenia rozmiaru i obj\u0119to\u015bci cz\u0142onka. Dodatkowo sk\u0142adniki te wp\u0142ywaj\u0105 korzystnie na popraw\u0119 libido, co sprawia, \u017ce stosunek jest bardziej intensywny i satysfakcjonuj\u0105cy dla obu partner\u00f3w.<\/p>\n<p style=\"text-align: center;\"><a href=\"https:\/\/nplink.net\/0nde5pga\"><button>www.gigant-x.pl<\/button><\/a><\/p>\n<h2>Efekty GigantX i ich charakterystyka<\/h2>\n<p>Regularne stosowanie kapsu\u0142ek GigantX przynosi szereg korzy\u015bci dla m\u0119\u017cczyzn, kt\u00f3rzy borykaj\u0105 si\u0119 z problemami z potencj\u0105 oraz pragn\u0105 poprawi\u0107 swoje \u017cycie seksualne. G\u0142\u00f3wne efekty stosowania GigantX to:<\/p>\n<ol>\n<li><strong>Zwi\u0119kszenie rozmiaru penisa<\/strong> &#8211; dzi\u0119ki poprawie kr\u0105\u017cenia krwi w obr\u0119bie pr\u0105cia, penis staje si\u0119 wi\u0119kszy zar\u00f3wno podczas erekcji, jak i w stanie spoczynku.<\/li>\n<li><strong>Poprawa erekcji<\/strong> &#8211; sk\u0142adniki zawarte w GigantX wspomagaj\u0105 utrzymanie silnej i trwa\u0142ej erekcji, co eliminuje problemy z przedwczesnym wytryskiem oraz zapewnia d\u0142ugotrwa\u0142e i satysfakcjonuj\u0105ce stosunki.<\/li>\n<li><strong>Zwi\u0119kszenie libido<\/strong> &#8211; regularne stosowanie kapsu\u0142ek GigantX zwi\u0119ksza ochot\u0119 na seks oraz poprawia sprawno\u015b\u0107 seksualn\u0105, co przek\u0142ada si\u0119 na intensywniejsze doznania podczas stosunku.<\/li>\n<li><strong>Wi\u0119ksza pewno\u015b\u0107 siebie<\/strong> &#8211; poprawa \u017cycia seksualnego dzi\u0119ki GigantX sprawia, \u017ce m\u0119\u017cczy\u017ani czuj\u0105 si\u0119 bardziej pewnie w sypialni oraz zyskuj\u0105 wi\u0119ksz\u0105 satysfakcj\u0119 ze swojego \u017cycia intymnego.<\/li>\n<\/ol>\n<h2>Ryzyko skutk\u00f3w ubocznych<\/h2>\n<p>GigantX to preparat oparty na naturalnych sk\u0142adnikach, dlatego ryzyko wyst\u0105pienia skutk\u00f3w ubocznych jest minimalne. Sk\u0142adniki zawarte w kapsu\u0142kach s\u0105 starannie dobrane i bezpieczne dla zdrowia, co sprawia, \u017ce suplement mo\u017cna stosowa\u0107 bez obaw o niepo\u017c\u0105dane efekty uboczne. Przed rozpocz\u0119ciem stosowania GigantX zaleca si\u0119 jednak skonsultowanie si\u0119 z lekarzem, zw\u0142aszcza je\u015bli m\u0119\u017cczyzna ma jakiekolwiek schorzenia lub przyjmuje inne leki.<\/p>\n<p><em>GigantX to skuteczny i bezpieczny spos\u00f3b na popraw\u0119 \u017cycia seksualnego m\u0119\u017cczyzn. Dzi\u0119ki starannie dobranym sk\u0142adnikom naturalnym, suplement ten pomaga zwi\u0119kszy\u0107 rozmiar penisa, poprawi\u0107 erekcj\u0119 oraz intensywno\u015b\u0107 dozna\u0144 podczas stosunku, co przek\u0142ada si\u0119 na wi\u0119ksz\u0105 satysfakcj\u0119 zar\u00f3wno dla m\u0119\u017cczyzny, jak i jego partnerki.<\/em><\/p>\n<\/div>\n<\/div>\n<\/div>\n<\/div>\n<\/div>\n<\/div>\n<\/div>\n<\/div>\n<div class=\"w-full text-token-text-primary\" data-testid=\"conversation-turn-5\">\n<div class=\"px-4 py-2 justify-center text-base md:gap-6 m-auto\">\n<div class=\"flex flex-1 text-base mx-auto gap-3 md:px-5 lg:px-1 xl:px-5 md:max-w-3xl lg:max-w-[40rem] xl:max-w-[48rem] group final-completion\">\n<div class=\"relative flex w-full flex-col lg:w-[calc(100%-115px)] agent-turn\">\n<div class=\"flex-col gap-1 md:gap-3\">\n<div class=\"flex flex-grow flex-col max-w-full\">\n<div class=\"min-h-[20px] text-message flex flex-col items-start gap-3 whitespace-pre-wrap break-words [.text-message+&amp;]:mt-5 overflow-x-auto\" data-message-author-role=\"assistant\" data-message-id=\"bbee61ed-0ee5-40f4-86a5-7cbaf26b1986\">\n<div class=\"markdown prose w-full break-words dark:prose-invert light\">\n<h2>Opinie klient\u00f3w \u043e GigantX : fora po\u015bwi\u0119cone zdrowiu<\/h2>\n<p>W Polsce fora internetowe po\u015bwi\u0119cone zdrowiu i \u017cyciu seksualnemu ciesz\u0105 si\u0119 ogromn\u0105 popularno\u015bci\u0105 w\u015br\u00f3d u\u017cytkownik\u00f3w, kt\u00f3rzy chc\u0105 dzieli\u0107 si\u0119 swoimi do\u015bwiadczeniami oraz szuka\u0107 porad dotycz\u0105cych r\u00f3\u017cnych suplement\u00f3w i preparat\u00f3w. W ostatnim czasie mo\u017cna zauwa\u017cy\u0107 wzrost zainteresowania produktem jakim jest GigantX. Ten naturalny suplement zdobywa coraz wi\u0119ksz\u0105 popularno\u015b\u0107 w\u015br\u00f3d m\u0119\u017cczyzn pragn\u0105cych poprawi\u0107 swoje \u017cycie seksualne. Na wielu portalach i forach internetowych mo\u017cna znale\u017a\u0107 liczne pozytywne opinie na temat GigantX. Wi\u0119kszo\u015b\u0107 u\u017cytkownik\u00f3w opisuje pozytywne efekty stosowania preparatu oraz jego dost\u0119pno\u015b\u0107. Poni\u017cej przedstawiamy dwa opinie od u\u017cytkownik\u00f3w:<\/p>\n<ol>\n<li><strong>Marek67:<\/strong> &#8222;GigantX to prawdziwy strza\u0142 w dziesi\u0105tk\u0119! Po kilku tygodniach stosowania zauwa\u017cy\u0142em znaczn\u0105 popraw\u0119 erekcji, a moje doznania podczas stosunku s\u0105 znacznie intensywniejsze. Polecam ka\u017cdemu, kto chce poprawi\u0107 swoje \u017cycie seksualne!&#8221;<\/li>\n<li><strong>Kamil89:<\/strong> &#8222;Jestem bardzo zadowolony z efekt\u00f3w stosowania GigantX. Moja partnerka r\u00f3wnie\u017c zauwa\u017cy\u0142a r\u00f3\u017cnic\u0119, a nasze stosunki sta\u0142y si\u0119 bardziej satysfakcjonuj\u0105ce. Dodatkowo ciesz\u0119 si\u0119, \u017ce mog\u0119 kupi\u0107 ten produkt bez obaw o bezpiecze\u0144stwo, poniewa\u017c jest on dost\u0119pny online.&#8221;<\/li>\n<\/ol>\n<h2>Spos\u00f3b podawania i dawkowanie<\/h2>\n<p>GigantX to \u0142atwy w u\u017cyciu suplement, kt\u00f3ry nale\u017cy regularnie stosowa\u0107, aby osi\u0105gn\u0105\u0107 najlepsze rezultaty. Zaleca si\u0119 przyjmowanie jednej kapsu\u0142ki dziennie, najlepiej rano, popijaj\u0105c j\u0105 du\u017c\u0105 ilo\u015bci\u0105 wody. Regularne stosowanie preparatu pozwoli uzyska\u0107 trwa\u0142e efekty i poprawi\u0107 jako\u015b\u0107 \u017cycia seksualnego.<\/p>\n<h2>Kup teraz GigantX z dostaw\u0105<\/h2>\n<p>Zam\u00f3wienie GigantX jest bardzo proste i wygodne. Produkt dost\u0119pny jest do zakupu online na oficjalnej stronie producenta, co eliminuje ryzyko zakupu podr\u00f3bek i gwarantuje otrzymanie oryginalnego produktu. Dodatkowo, proces zakupu jest bezpieczny &#8211; nie ma potrzeby p\u0142acenia z g\u00f3ry, op\u0142ata za produkt pobierana jest dopiero przy dostawie. Dostawa GigantX realizowana jest w ci\u0105gu 3-4 dni roboczych na terenie Polski. Po z\u0142o\u017ceniu zam\u00f3wienia, klient otrzymuje r\u00f3wnie\u017c potwierdzenie telefoniczne od specjalisty, kt\u00f3ry s\u0142u\u017cy pomoc\u0105 i doradztwem w przypadku dodatkowych pyta\u0144.<\/p>\n<p style=\"text-align: center;\"><a href=\"https:\/\/nplink.net\/0nde5pga\"><button>Zakup na stronie producenta (-50%)<\/button><\/a><\/p>\n<h2>Por\u00f3wnanie ofert: ceny i dost\u0119pno\u015b\u0107 GigantX<\/h2>\n<p>Producent GigantX stawia na dost\u0119pno\u015b\u0107 produktu dla swoich klient\u00f3w, dlatego suplement nie jest dost\u0119pny w stacjonarnych aptekach. Jednak\u017ce, mo\u017cna go naby\u0107 bezpo\u015brednio na oficjalnej stronie internetowej producenta, co eliminuje konieczno\u015b\u0107 korzystania z po\u015brednik\u00f3w i dodatkowych na\u0142o\u017conych mar\u017c. Dodatkowo, producent regularnie oferuje atrakcyjne promocje i zni\u017cki, kt\u00f3re warto \u015bledzi\u0107 na stronie internetowej. Dzi\u0119ki temu GigantX jest nie tylko skutecznym, ale tak\u017ce dost\u0119pnym dla ka\u017cdego rozwi\u0105zaniem w poprawie \u017cycia seksualnego.<\/p>\n<\/div>\n<\/div>\n<\/div>\n<\/div>\n<\/div>\n<\/div>\n<\/div>\n<\/div>\n","protected":false},"excerpt":{"rendered":"<p style=\"text-align: center;\"><a href=\"https:\/\/nplink.net\/0nde5pga\"><button>Kup teraz<\/button><\/a><\/p>\n<p>SKU:\u00a0<span class=\"sku\">789.878.096<\/span><\/p>\n<hr \/>\n<p><small>Produkt sprzedawany jest wy\u0142\u0105cznie za po\u015brednictwem oficjalnej strony producenta, id\u017a i kupuj bezpiecznie!<\/small><\/p>\n","protected":false},"featured_media":537,"comment_status":"open","ping_status":"closed","template":"","meta":[],"product_brand":[],"product_cat":[15],"product_tag":[],"class_list":{"0":"post-536","1":"product","2":"type-product","3":"status-publish","4":"has-post-thumbnail","6":"product_cat-supl","7":"thunk-woo-product-list","8":"opn-qv-enable","9":"top-store-woo-hover-","10":"top-store-single-product-tab-horizontal","11":"top-store-shadow-","12":"top-store-shadow-hover-","14":"first","15":"instock","16":"shipping-taxable","17":"purchasable","18":"product-type-simple"},"yoast_head":"<!-- This site is optimized with the Yoast SEO plugin v27.4 - https:\/\/yoast.com\/product\/yoast-seo-wordpress\/ -->\n<title>GigantX - kup suplement, cena w aptece, sk\u0142ad, dzia\u0142anie<\/title>\n<meta name=\"robots\" content=\"index, follow, max-snippet:-1, max-image-preview:large, max-video-preview:-1\" \/>\n<link rel=\"canonical\" href=\"https:\/\/lekarzeopole.pl\/wordpress\/product\/gigantx\/\" \/>\n<meta property=\"og:locale\" content=\"pl_PL\" \/>\n<meta property=\"og:type\" content=\"article\" \/>\n<meta property=\"og:title\" content=\"GigantX - kup suplement, cena w aptece, sk\u0142ad, dzia\u0142anie\" \/>\n<meta property=\"og:description\" content=\"Kup teraz SKU:\u00a0789.878.096    Produkt sprzedawany jest wy\u0142\u0105cznie za po\u015brednictwem oficjalnej strony producenta, id\u017a i kupuj bezpiecznie!\" \/>\n<meta property=\"og:url\" content=\"https:\/\/lekarzeopole.pl\/wordpress\/product\/gigantx\/\" \/>\n<meta property=\"og:site_name\" content=\"Lekarze Opole\" \/>\n<meta property=\"article:modified_time\" content=\"2024-06-08T09:38:48+00:00\" \/>\n<meta property=\"og:image\" content=\"https:\/\/lekarzeopole.pl\/wordpress\/wp-content\/uploads\/2024\/02\/gigantx.webp\" \/>\n\t<meta property=\"og:image:width\" content=\"521\" \/>\n\t<meta property=\"og:image:height\" content=\"622\" \/>\n\t<meta property=\"og:image:type\" content=\"image\/webp\" \/>\n<meta name=\"twitter:card\" content=\"summary_large_image\" \/>\n<meta name=\"twitter:label1\" content=\"Szacowany czas czytania\" \/>\n\t<meta name=\"twitter:data1\" content=\"5 minut\" \/>\n<script type=\"application\/ld+json\" class=\"yoast-schema-graph\">{\"@context\":\"https:\\\/\\\/schema.org\",\"@graph\":[{\"@type\":\"WebPage\",\"@id\":\"https:\\\/\\\/lekarzeopole.pl\\\/wordpress\\\/product\\\/gigantx\\\/\",\"url\":\"https:\\\/\\\/lekarzeopole.pl\\\/wordpress\\\/product\\\/gigantx\\\/\",\"name\":\"GigantX - kup suplement, cena w aptece, sk\u0142ad, dzia\u0142anie\",\"isPartOf\":{\"@id\":\"https:\\\/\\\/lekarzeopole.pl\\\/wordpress\\\/#website\"},\"primaryImageOfPage\":{\"@id\":\"https:\\\/\\\/lekarzeopole.pl\\\/wordpress\\\/product\\\/gigantx\\\/#primaryimage\"},\"image\":{\"@id\":\"https:\\\/\\\/lekarzeopole.pl\\\/wordpress\\\/product\\\/gigantx\\\/#primaryimage\"},\"thumbnailUrl\":\"https:\\\/\\\/lekarzeopole.pl\\\/wordpress\\\/wp-content\\\/uploads\\\/2024\\\/02\\\/gigantx.webp\",\"datePublished\":\"2024-02-12T11:14:54+00:00\",\"dateModified\":\"2024-06-08T09:38:48+00:00\",\"breadcrumb\":{\"@id\":\"https:\\\/\\\/lekarzeopole.pl\\\/wordpress\\\/product\\\/gigantx\\\/#breadcrumb\"},\"inLanguage\":\"pl-PL\",\"potentialAction\":[{\"@type\":\"ReadAction\",\"target\":[\"https:\\\/\\\/lekarzeopole.pl\\\/wordpress\\\/product\\\/gigantx\\\/\"]}]},{\"@type\":\"ImageObject\",\"inLanguage\":\"pl-PL\",\"@id\":\"https:\\\/\\\/lekarzeopole.pl\\\/wordpress\\\/product\\\/gigantx\\\/#primaryimage\",\"url\":\"https:\\\/\\\/lekarzeopole.pl\\\/wordpress\\\/wp-content\\\/uploads\\\/2024\\\/02\\\/gigantx.webp\",\"contentUrl\":\"https:\\\/\\\/lekarzeopole.pl\\\/wordpress\\\/wp-content\\\/uploads\\\/2024\\\/02\\\/gigantx.webp\",\"width\":521,\"height\":622,\"caption\":\"GigantX\"},{\"@type\":\"BreadcrumbList\",\"@id\":\"https:\\\/\\\/lekarzeopole.pl\\\/wordpress\\\/product\\\/gigantx\\\/#breadcrumb\",\"itemListElement\":[{\"@type\":\"ListItem\",\"position\":1,\"name\":\"\u0413\u043b\u0430\u0432\u043d\u0430\u044f \u0441\u0442\u0440\u0430\u043d\u0438\u0446\u0430\",\"item\":\"https:\\\/\\\/lekarzeopole.pl\\\/wordpress\\\/\"},{\"@type\":\"ListItem\",\"position\":2,\"name\":\"Zakup\",\"item\":\"https:\\\/\\\/lekarzeopole.pl\\\/wordpress\\\/\"},{\"@type\":\"ListItem\",\"position\":3,\"name\":\"GigantX\"}]},{\"@type\":\"WebSite\",\"@id\":\"https:\\\/\\\/lekarzeopole.pl\\\/wordpress\\\/#website\",\"url\":\"https:\\\/\\\/lekarzeopole.pl\\\/wordpress\\\/\",\"name\":\"Lekarze Opole\",\"description\":\"\",\"potentialAction\":[{\"@type\":\"SearchAction\",\"target\":{\"@type\":\"EntryPoint\",\"urlTemplate\":\"https:\\\/\\\/lekarzeopole.pl\\\/wordpress\\\/?s={search_term_string}\"},\"query-input\":{\"@type\":\"PropertyValueSpecification\",\"valueRequired\":true,\"valueName\":\"search_term_string\"}}],\"inLanguage\":\"pl-PL\"}]}<\/script>\n<!-- \/ Yoast SEO plugin. -->","yoast_head_json":{"title":"GigantX - kup suplement, cena w aptece, sk\u0142ad, dzia\u0142anie","robots":{"index":"index","follow":"follow","max-snippet":"max-snippet:-1","max-image-preview":"max-image-preview:large","max-video-preview":"max-video-preview:-1"},"canonical":"https:\/\/lekarzeopole.pl\/wordpress\/product\/gigantx\/","og_locale":"pl_PL","og_type":"article","og_title":"GigantX - kup suplement, cena w aptece, sk\u0142ad, dzia\u0142anie","og_description":"Kup teraz SKU:\u00a0789.878.096    Produkt sprzedawany jest wy\u0142\u0105cznie za po\u015brednictwem oficjalnej strony producenta, id\u017a i kupuj bezpiecznie!","og_url":"https:\/\/lekarzeopole.pl\/wordpress\/product\/gigantx\/","og_site_name":"Lekarze Opole","article_modified_time":"2024-06-08T09:38:48+00:00","og_image":[{"width":521,"height":622,"url":"https:\/\/lekarzeopole.pl\/wordpress\/wp-content\/uploads\/2024\/02\/gigantx.webp","type":"image\/webp"}],"twitter_card":"summary_large_image","twitter_misc":{"Szacowany czas czytania":"5 minut"},"schema":{"@context":"https:\/\/schema.org","@graph":[{"@type":"WebPage","@id":"https:\/\/lekarzeopole.pl\/wordpress\/product\/gigantx\/","url":"https:\/\/lekarzeopole.pl\/wordpress\/product\/gigantx\/","name":"GigantX - kup suplement, cena w aptece, sk\u0142ad, dzia\u0142anie","isPartOf":{"@id":"https:\/\/lekarzeopole.pl\/wordpress\/#website"},"primaryImageOfPage":{"@id":"https:\/\/lekarzeopole.pl\/wordpress\/product\/gigantx\/#primaryimage"},"image":{"@id":"https:\/\/lekarzeopole.pl\/wordpress\/product\/gigantx\/#primaryimage"},"thumbnailUrl":"https:\/\/lekarzeopole.pl\/wordpress\/wp-content\/uploads\/2024\/02\/gigantx.webp","datePublished":"2024-02-12T11:14:54+00:00","dateModified":"2024-06-08T09:38:48+00:00","breadcrumb":{"@id":"https:\/\/lekarzeopole.pl\/wordpress\/product\/gigantx\/#breadcrumb"},"inLanguage":"pl-PL","potentialAction":[{"@type":"ReadAction","target":["https:\/\/lekarzeopole.pl\/wordpress\/product\/gigantx\/"]}]},{"@type":"ImageObject","inLanguage":"pl-PL","@id":"https:\/\/lekarzeopole.pl\/wordpress\/product\/gigantx\/#primaryimage","url":"https:\/\/lekarzeopole.pl\/wordpress\/wp-content\/uploads\/2024\/02\/gigantx.webp","contentUrl":"https:\/\/lekarzeopole.pl\/wordpress\/wp-content\/uploads\/2024\/02\/gigantx.webp","width":521,"height":622,"caption":"GigantX"},{"@type":"BreadcrumbList","@id":"https:\/\/lekarzeopole.pl\/wordpress\/product\/gigantx\/#breadcrumb","itemListElement":[{"@type":"ListItem","position":1,"name":"\u0413\u043b\u0430\u0432\u043d\u0430\u044f \u0441\u0442\u0440\u0430\u043d\u0438\u0446\u0430","item":"https:\/\/lekarzeopole.pl\/wordpress\/"},{"@type":"ListItem","position":2,"name":"Zakup","item":"https:\/\/lekarzeopole.pl\/wordpress\/"},{"@type":"ListItem","position":3,"name":"GigantX"}]},{"@type":"WebSite","@id":"https:\/\/lekarzeopole.pl\/wordpress\/#website","url":"https:\/\/lekarzeopole.pl\/wordpress\/","name":"Lekarze Opole","description":"","potentialAction":[{"@type":"SearchAction","target":{"@type":"EntryPoint","urlTemplate":"https:\/\/lekarzeopole.pl\/wordpress\/?s={search_term_string}"},"query-input":{"@type":"PropertyValueSpecification","valueRequired":true,"valueName":"search_term_string"}}],"inLanguage":"pl-PL"}]}},"_links":{"self":[{"href":"https:\/\/lekarzeopole.pl\/wordpress\/wp-json\/wp\/v2\/product\/536","targetHints":{"allow":["GET"]}}],"collection":[{"href":"https:\/\/lekarzeopole.pl\/wordpress\/wp-json\/wp\/v2\/product"}],"about":[{"href":"https:\/\/lekarzeopole.pl\/wordpress\/wp-json\/wp\/v2\/types\/product"}],"replies":[{"embeddable":true,"href":"https:\/\/lekarzeopole.pl\/wordpress\/wp-json\/wp\/v2\/comments?post=536"}],"wp:featuredmedia":[{"embeddable":true,"href":"https:\/\/lekarzeopole.pl\/wordpress\/wp-json\/wp\/v2\/media\/537"}],"wp:attachment":[{"href":"https:\/\/lekarzeopole.pl\/wordpress\/wp-json\/wp\/v2\/media?parent=536"}],"wp:term":[{"taxonomy":"product_brand","embeddable":true,"href":"https:\/\/lekarzeopole.pl\/wordpress\/wp-json\/wp\/v2\/product_brand?post=536"},{"taxonomy":"product_cat","embeddable":true,"href":"https:\/\/lekarzeopole.pl\/wordpress\/wp-json\/wp\/v2\/product_cat?post=536"},{"taxonomy":"product_tag","embeddable":true,"href":"https:\/\/lekarzeopole.pl\/wordpress\/wp-json\/wp\/v2\/product_tag?post=536"}],"curies":[{"name":"wp","href":"https:\/\/api.w.org\/{rel}","templated":true}]}}