{"id":532,"date":"2024-02-12T10:48:31","date_gmt":"2024-02-12T10:48:31","guid":{"rendered":"https:\/\/lekarzeopole.pl\/wordpress\/?post_type=product&#038;p=532"},"modified":"2024-06-08T09:38:07","modified_gmt":"2024-06-08T09:38:07","slug":"nuvialab-vitality","status":"publish","type":"product","link":"https:\/\/lekarzeopole.pl\/wordpress\/product\/nuvialab-vitality\/","title":{"rendered":"NuviaLab Vitality"},"content":{"rendered":"<div class=\"w-full text-token-text-primary\" data-testid=\"conversation-turn-3\">\n<div class=\"px-4 py-2 justify-center text-base md:gap-6 m-auto\">\n<div class=\"flex flex-1 text-base mx-auto gap-3 md:px-5 lg:px-1 xl:px-5 md:max-w-3xl lg:max-w-[40rem] xl:max-w-[48rem] group\">\n<div class=\"relative flex w-full flex-col lg:w-[calc(100%-115px)] agent-turn\">\n<div class=\"flex-col gap-1 md:gap-3\">\n<div class=\"flex flex-grow flex-col max-w-full\">\n<div class=\"min-h-[20px] text-message flex flex-col items-start gap-3 whitespace-pre-wrap break-words [.text-message+&amp;]:mt-5 overflow-x-auto\" data-message-author-role=\"assistant\" data-message-id=\"8189e7a9-9e00-44ce-97cc-f669d76ec5e4\">\n<div class=\"markdown prose w-full break-words dark:prose-invert light\">\n<p>W dzisiejszym zabieganym \u015bwiecie dbanie o zdrowie i kondycj\u0119 fizyczn\u0105 staje si\u0119 coraz wa\u017cniejsze, zw\u0142aszcza dla m\u0119\u017cczyzn aktywnych fizycznie i zawodowo. Niestety, wiele czynnik\u00f3w zewn\u0119trznych mo\u017ce wp\u0142ywa\u0107 na spadek poziomu testosteronu, libido, p\u0142odno\u015bci oraz utrat\u0119 masy mi\u0119\u015bniowej. Na szcz\u0119\u015bcie istniej\u0105 naturalne rozwi\u0105zania, takie jak NuviaLab Vitality \u2013 innowacyjne kapsu\u0142ki stworzone specjalnie dla m\u0119\u017cczyzn, kt\u00f3re wspomagaj\u0105 te kluczowe obszary zdrowia. Przekonajmy si\u0119, dlaczego NuviaLab Vitality sta\u0142 si\u0119 wyborem numer jeden dla wielu aktywnych m\u0119\u017cczyzn.<\/p>\n<h2>Wskazania do stosowania NuviaLab Vitality<\/h2>\n<p>NuviaLab Vitality zosta\u0142 opracowany z my\u015bl\u0105 o m\u0119\u017cczyznach, kt\u00f3rzy chc\u0105 zwi\u0119kszy\u0107 swoj\u0105 sprawno\u015b\u0107 fizyczn\u0105, poprawi\u0107 wydajno\u015b\u0107 seksualn\u0105 oraz zadba\u0107 o swoje zdrowie og\u00f3lne. G\u0142\u00f3wne wskazania do stosowania tego preparatu obejmuj\u0105:<\/p>\n<ol>\n<li><strong>Spadek Libido<\/strong>: Dla m\u0119\u017cczyzn odczuwaj\u0105cych spadek ochoty na seks, NuviaLab Vitality mo\u017ce by\u0107 skutecznym sposobem na przywr\u00f3cenie pe\u0142nej satysfakcji z \u017cycia seksualnego.<\/li>\n<li><strong>Niski Poziom Testosteronu<\/strong>: Z wiekiem poziom testosteronu w organizmie m\u0119\u017cczyzn mo\u017ce male\u0107, co prowadzi do r\u00f3\u017cnych problem\u00f3w zdrowotnych. NuviaLab Vitality zawiera sk\u0142adniki wspomagaj\u0105ce naturaln\u0105 produkcj\u0119 testosteronu.<\/li>\n<li><strong>P\u0142odno\u015b\u0107<\/strong>: Dla m\u0119\u017cczyzn, kt\u00f3rzy planuj\u0105 za\u0142o\u017cenie rodziny lub chc\u0105 poprawi\u0107 p\u0142odno\u015b\u0107, NuviaLab Vitality mo\u017ce by\u0107 pomocnym wsparciem, wzmacniaj\u0105cym zdolno\u015b\u0107 reprodukcyjn\u0105.<\/li>\n<li><strong>Utrata Masy Mi\u0119\u015bniowej<\/strong>: Aktywni m\u0119\u017cczy\u017ani, kt\u00f3rzy chc\u0105 zwi\u0119kszy\u0107 mas\u0119 mi\u0119\u015bniow\u0105 i poprawi\u0107 wydajno\u015b\u0107 trening\u00f3w, mog\u0105 skorzysta\u0107 z korzy\u015bci p\u0142yn\u0105cych z regularnego stosowania NuviaLab Vitality.<\/li>\n<\/ol>\n<h2>Sk\u0142ad i dzia\u0142anie sk\u0142adnik\u00f3w NuviaLab Vitality<\/h2>\n<p>Sk\u0142adniki zawarte w NuviaLab Vitality s\u0105 starannie dobrane, aby zapewni\u0107 maksymalne korzy\u015bci dla zdrowia m\u0119\u017cczyzn. Kluczowe sk\u0142adniki to:<\/p>\n<ol>\n<li><strong>Maca Korze\u0144<\/strong>: Bogata w sk\u0142adniki od\u017cywcze ro\u015blina, kt\u00f3ra od wiek\u00f3w jest wykorzystywana do poprawy libido, p\u0142odno\u015bci i wydolno\u015bci fizycznej.<\/li>\n<li><strong>Tribulus Terrestris<\/strong>: Ro\u015blina ta znana jest z swojego wp\u0142ywu na zwi\u0119kszenie produkcji testosteronu i popraw\u0119 libido.<\/li>\n<li><strong>Buzdyganek Ziarnisty<\/strong>: Wspomaga produkcj\u0119 testosteronu, poprawia libido oraz zwi\u0119ksza wytrzyma\u0142o\u015b\u0107 fizyczn\u0105.<\/li>\n<li><strong>\u017be\u0144-sze\u0144 Korea\u0144ski<\/strong>: Dzia\u0142a tonizuj\u0105co na organizm, poprawiaj\u0105c og\u00f3ln\u0105 wydolno\u015b\u0107 fizyczn\u0105 i psychiczn\u0105.<\/li>\n<\/ol>\n<h2>Efekty NuviaLab Vitality i ich charakterystyka<\/h2>\n<p>Regularne stosowanie NuviaLab Vitality mo\u017ce przynie\u015b\u0107 szereg korzy\u015bci, w tym:<\/p>\n<ol>\n<li><strong>Zwi\u0119kszone Libido<\/strong>: Sk\u0142adniki aktywne preparatu wspomagaj\u0105 produkcj\u0119 hormon\u00f3w odpowiedzialnych za pop\u0119d seksualny, co prowadzi do zwi\u0119kszenia libido.<\/li>\n<li><strong>Poprawa Wydolno\u015bci Fizycznej<\/strong>: Dzi\u0119ki sk\u0142adnikom o dzia\u0142aniu tonizuj\u0105cym i stymuluj\u0105cym organizm, m\u0119\u017cczy\u017ani mog\u0105 odczu\u0107 wzrost energii i wytrzyma\u0142o\u015bci podczas aktywno\u015bci fizycznej.<\/li>\n<li><strong>Wzrost Masy Mi\u0119\u015bniowej<\/strong>: NuviaLab Vitality wspomaga naturaln\u0105 produkcj\u0119 testosteronu, co mo\u017ce przyczyni\u0107 si\u0119 do zwi\u0119kszenia masy mi\u0119\u015bniowej i poprawy efekt\u00f3w trening\u00f3w si\u0142owych.<\/li>\n<li><strong>Poprawa Nastroju<\/strong>: Dzia\u0142anie tonizuj\u0105ce sk\u0142adnik\u00f3w preparatu mo\u017ce przyczyni\u0107 si\u0119 do poprawy nastroju i og\u00f3lnego samopoczucia.<\/li>\n<\/ol>\n<p style=\"text-align: center;\"><a href=\"https:\/\/nplink.net\/6meswc7c\"><button>www.nuvialab.pl<\/button><\/a><\/p>\n<h2>Ryzyko skutk\u00f3w ubocznych<\/h2>\n<p>Jednym z najwi\u0119kszych atut\u00f3w NuviaLab Vitality jest jego naturalny sk\u0142ad, oparty na sprawdzonych ro\u015blinnych sk\u0142adnikach. Dzi\u0119ki temu ryzyko wyst\u0105pienia skutk\u00f3w ubocznych jest minimalne, co czyni ten preparat bezpiecznym dla wi\u0119kszo\u015bci m\u0119\u017cczyzn. Niemniej jednak, zawsze zaleca si\u0119 skonsultowanie si\u0119 z lekarzem przed rozpocz\u0119ciem stosowania jakiegokolwiek suplementu diety, zw\u0142aszcza je\u015bli istniej\u0105 jakiekolwiek istniej\u0105ce schorzenia zdrowotne lub stosowane s\u0105 inne leki.<\/p>\n<p><em>NuviaLab Vitality to nie tylko suplement diety, to styl \u017cycia dla aktywnych m\u0119\u017cczyzn, kt\u00f3rzy pragn\u0105 osi\u0105gn\u0105\u0107 pe\u0142ni\u0119 swojego potencja\u0142u. Dzi\u0119ki starannie dobranym sk\u0142adnikom i dzia\u0142aniu opartemu na naturze, NuviaLab Vitality mo\u017ce by\u0107 nieocenionym wsparciem dla zdrowia i kondycji fizycznej ka\u017cdego m\u0119\u017cczyzny.<\/em><\/p>\n<\/div>\n<\/div>\n<\/div>\n<\/div>\n<\/div>\n<\/div>\n<\/div>\n<\/div>\n<div class=\"w-full text-token-text-primary\" data-testid=\"conversation-turn-5\">\n<div class=\"px-4 py-2 justify-center text-base md:gap-6 m-auto\">\n<div class=\"flex flex-1 text-base mx-auto gap-3 md:px-5 lg:px-1 xl:px-5 md:max-w-3xl lg:max-w-[40rem] xl:max-w-[48rem] group final-completion\">\n<div class=\"relative flex w-full flex-col lg:w-[calc(100%-115px)] agent-turn\">\n<div class=\"flex-col gap-1 md:gap-3\">\n<div class=\"flex flex-grow flex-col max-w-full\">\n<div class=\"min-h-[20px] text-message flex flex-col items-start gap-3 whitespace-pre-wrap break-words [.text-message+&amp;]:mt-5 overflow-x-auto\" data-message-author-role=\"assistant\" data-message-id=\"2e0db371-795c-4de9-a3f6-4f394bb838ec\">\n<div class=\"markdown prose w-full break-words dark:prose-invert light\">\n<h2>Opinie klient\u00f3w o NuviaLab Vitality: fora po\u015bwi\u0119cone zdrowiu<\/h2>\n<p>W dzisiejszych czasach Internet pe\u0142en jest r\u00f3\u017cnorodnych platform, na kt\u00f3rych ludzie dziel\u0105 si\u0119 swoimi do\u015bwiadczeniami zwi\u0105zanych ze zdrowiem i suplementacj\u0105. W Polsce nie brakuje aktywnych spo\u0142eczno\u015bci internetowych, kt\u00f3re po\u015bwi\u0119cone s\u0105 tematom zwi\u0105zanym z dbaniem o zdrowie i kondycj\u0119 fizyczn\u0105. W ostatnich latach NuviaLab Vitality zyskuje coraz wi\u0119ksz\u0105 popularno\u015b\u0107 w\u015br\u00f3d u\u017cytkownik\u00f3w tych for\u00f3w, co przek\u0142ada si\u0119 na rosn\u0105c\u0105 liczb\u0119 opinii na jego temat. Wi\u0119kszo\u015b\u0107 u\u017cytkownik\u00f3w opisuje pozytywne efekty stosowania preparatu oraz jego \u0142atw\u0105 dost\u0119pno\u015b\u0107.<\/p>\n<p><strong>Opinie u\u017cytkownik\u00f3w:<\/strong><\/p>\n<ol>\n<li><strong>Marek:<\/strong> &#8222;Sta\u0142em si\u0119 wielkim fanem NuviaLab Vitality od momentu, gdy zauwa\u017cy\u0142em pierwsze efekty jego stosowania. Po kilku tygodniach czu\u0142em si\u0119 bardziej energiczny, moje treningi sta\u0142y si\u0119 bardziej intensywne, a libido wzros\u0142o. Polecam ka\u017cdemu, kto chce poprawi\u0107 swoje samopoczucie i wydajno\u015b\u0107 fizyczn\u0105!&#8221;<\/li>\n<li><strong>Krzysztof:<\/strong> &#8222;Nie wierzy\u0142em w suplementy diety, dop\u00f3ki nie spr\u00f3bowa\u0142em NuviaLab Vitality. Efekty przeros\u0142y moje oczekiwania \u2013 poprawa libido, wi\u0119cej energii i lepsza wytrzyma\u0142o\u015b\u0107 podczas trening\u00f3w. Teraz nie wyobra\u017cam sobie dnia bez tego preparatu!&#8221;<\/li>\n<\/ol>\n<h2>Spos\u00f3b podawania i dawkowanie<\/h2>\n<p>NuviaLab Vitality jest dost\u0119pny w postaci kapsu\u0142ek, co czyni go wygodnym w stosowaniu. Zalecana dawka to jedna kapsu\u0142ka dziennie, najlepiej z posi\u0142kiem. Regularne stosowanie preparatu pozwala osi\u0105gn\u0105\u0107 najlepsze rezultaty. Przed rozpocz\u0119ciem stosowania zawsze warto zapozna\u0107 si\u0119 z ulotk\u0105 do\u0142\u0105czon\u0105 do opakowania oraz skonsultowa\u0107 si\u0119 z lekarzem, zw\u0142aszcza je\u015bli istniej\u0105 jakiekolwiek istniej\u0105ce schorzenia zdrowotne lub stosowane s\u0105 inne leki.<\/p>\n<h2>Kup teraz NuviaLab Vitality z dostaw\u0105<\/h2>\n<p>Zam\u00f3wienie NuviaLab Vitality jest szybkie i \u0142atwe. Produkt mo\u017cna naby\u0107 bezpo\u015brednio na oficjalnej stronie producenta, co gwarantuje otrzymanie oryginalnego produktu bez ryzyka podr\u00f3bek. P\u0142atno\u015b\u0107 za produkt odbywa si\u0119 dopiero przy odbiorze, co oznacza brak ryzyka dla klienta. Dostawa trwa zazwyczaj od 3 do 4 dni roboczych, co oznacza szybkie otrzymanie zam\u00f3wienia. Dodatkowym atutem jest kontakt telefoniczny z specjalist\u0105, kt\u00f3ry mo\u017ce udzieli\u0107 dodatkowych informacji o produkcie oraz pom\u00f3c w wyborze odpowiedniej ilo\u015bci, a tak\u017ce poinformowa\u0107 o aktualnych promocjach.<\/p>\n<p style=\"text-align: center;\"><a href=\"https:\/\/nplink.net\/6meswc7c\"><button>Zakup na stronie producenta (-50%)<\/button><\/a><\/p>\n<h2>Por\u00f3wnanie ofert: ceny i dost\u0119pno\u015b\u0107 NuviaLab Vitality<\/h2>\n<p>Producenci NuviaLab Vitality zale\u017cy na zapewnieniu klientom jak najwi\u0119kszej dost\u0119pno\u015bci preparatu. Dlatego produkt jest dost\u0119pny wy\u0142\u0105cznie na oficjalnej stronie internetowej producenta, bez po\u015brednik\u00f3w i dodatkowych mar\u017c. Warto regularnie sprawdza\u0107 stron\u0119 producenta, aby by\u0107 na bie\u017c\u0105co z ewentualnymi promocjami i rabatami. Jest to r\u00f3wnie\u017c pow\u00f3d, dla kt\u00f3rego preparat nie jest dost\u0119pny w stacjonarnych aptekach. Jednak korzy\u015bci p\u0142yn\u0105ce z bezpo\u015bredniego zakupu od producenta przewa\u017caj\u0105 nad niedogodno\u015bciami zwi\u0105zanymi z brakiem dost\u0119pno\u015bci w aptekach.<\/p>\n<\/div>\n<\/div>\n<\/div>\n<\/div>\n<\/div>\n<\/div>\n<\/div>\n<\/div>\n","protected":false},"excerpt":{"rendered":"<p style=\"text-align: center;\"><a href=\"https:\/\/nplink.net\/6meswc7c\"><button>Kup teraz<\/button><\/a><\/p>\n<p>SKU:\u00a0<span class=\"sku\">789.878.094<\/span><\/p>\n<hr \/>\n<p><small>Produkt sprzedawany jest wy\u0142\u0105cznie za po\u015brednictwem oficjalnej strony producenta, id\u017a i kupuj bezpiecznie!<\/small><\/p>\n","protected":false},"featured_media":533,"comment_status":"open","ping_status":"closed","template":"","meta":[],"product_brand":[],"product_cat":[15],"product_tag":[],"class_list":{"0":"post-532","1":"product","2":"type-product","3":"status-publish","4":"has-post-thumbnail","6":"product_cat-supl","7":"thunk-woo-product-list","8":"opn-qv-enable","9":"top-store-woo-hover-","10":"top-store-single-product-tab-horizontal","11":"top-store-shadow-","12":"top-store-shadow-hover-","14":"first","15":"instock","16":"shipping-taxable","17":"purchasable","18":"product-type-simple"},"yoast_head":"<!-- This site is optimized with the Yoast SEO plugin v27.4 - https:\/\/yoast.com\/product\/yoast-seo-wordpress\/ -->\n<title>NuviaLab Vitality - kup suplement, cena w aptece, sk\u0142ad, dzia\u0142anie<\/title>\n<meta name=\"robots\" content=\"index, follow, max-snippet:-1, max-image-preview:large, max-video-preview:-1\" \/>\n<link rel=\"canonical\" href=\"https:\/\/lekarzeopole.pl\/wordpress\/product\/nuvialab-vitality\/\" \/>\n<meta property=\"og:locale\" content=\"pl_PL\" \/>\n<meta property=\"og:type\" content=\"article\" \/>\n<meta property=\"og:title\" content=\"NuviaLab Vitality - kup suplement, cena w aptece, sk\u0142ad, dzia\u0142anie\" \/>\n<meta property=\"og:description\" content=\"Kup teraz SKU:\u00a0789.878.094    Produkt sprzedawany jest wy\u0142\u0105cznie za po\u015brednictwem oficjalnej strony producenta, id\u017a i kupuj bezpiecznie!\" \/>\n<meta property=\"og:url\" content=\"https:\/\/lekarzeopole.pl\/wordpress\/product\/nuvialab-vitality\/\" \/>\n<meta property=\"og:site_name\" content=\"Lekarze Opole\" \/>\n<meta property=\"article:modified_time\" content=\"2024-06-08T09:38:07+00:00\" \/>\n<meta property=\"og:image\" content=\"https:\/\/lekarzeopole.pl\/wordpress\/wp-content\/uploads\/2024\/02\/nuvialab-vitality.webp\" \/>\n\t<meta property=\"og:image:width\" content=\"571\" \/>\n\t<meta property=\"og:image:height\" content=\"512\" \/>\n\t<meta property=\"og:image:type\" content=\"image\/webp\" \/>\n<meta name=\"twitter:card\" content=\"summary_large_image\" \/>\n<meta name=\"twitter:label1\" content=\"Szacowany czas czytania\" \/>\n\t<meta name=\"twitter:data1\" content=\"6 minut\" \/>\n<script type=\"application\/ld+json\" class=\"yoast-schema-graph\">{\"@context\":\"https:\\\/\\\/schema.org\",\"@graph\":[{\"@type\":\"WebPage\",\"@id\":\"https:\\\/\\\/lekarzeopole.pl\\\/wordpress\\\/product\\\/nuvialab-vitality\\\/\",\"url\":\"https:\\\/\\\/lekarzeopole.pl\\\/wordpress\\\/product\\\/nuvialab-vitality\\\/\",\"name\":\"NuviaLab Vitality - kup suplement, cena w aptece, sk\u0142ad, dzia\u0142anie\",\"isPartOf\":{\"@id\":\"https:\\\/\\\/lekarzeopole.pl\\\/wordpress\\\/#website\"},\"primaryImageOfPage\":{\"@id\":\"https:\\\/\\\/lekarzeopole.pl\\\/wordpress\\\/product\\\/nuvialab-vitality\\\/#primaryimage\"},\"image\":{\"@id\":\"https:\\\/\\\/lekarzeopole.pl\\\/wordpress\\\/product\\\/nuvialab-vitality\\\/#primaryimage\"},\"thumbnailUrl\":\"https:\\\/\\\/lekarzeopole.pl\\\/wordpress\\\/wp-content\\\/uploads\\\/2024\\\/02\\\/nuvialab-vitality.webp\",\"datePublished\":\"2024-02-12T10:48:31+00:00\",\"dateModified\":\"2024-06-08T09:38:07+00:00\",\"breadcrumb\":{\"@id\":\"https:\\\/\\\/lekarzeopole.pl\\\/wordpress\\\/product\\\/nuvialab-vitality\\\/#breadcrumb\"},\"inLanguage\":\"pl-PL\",\"potentialAction\":[{\"@type\":\"ReadAction\",\"target\":[\"https:\\\/\\\/lekarzeopole.pl\\\/wordpress\\\/product\\\/nuvialab-vitality\\\/\"]}]},{\"@type\":\"ImageObject\",\"inLanguage\":\"pl-PL\",\"@id\":\"https:\\\/\\\/lekarzeopole.pl\\\/wordpress\\\/product\\\/nuvialab-vitality\\\/#primaryimage\",\"url\":\"https:\\\/\\\/lekarzeopole.pl\\\/wordpress\\\/wp-content\\\/uploads\\\/2024\\\/02\\\/nuvialab-vitality.webp\",\"contentUrl\":\"https:\\\/\\\/lekarzeopole.pl\\\/wordpress\\\/wp-content\\\/uploads\\\/2024\\\/02\\\/nuvialab-vitality.webp\",\"width\":571,\"height\":512,\"caption\":\"NuviaLab Vitality\"},{\"@type\":\"BreadcrumbList\",\"@id\":\"https:\\\/\\\/lekarzeopole.pl\\\/wordpress\\\/product\\\/nuvialab-vitality\\\/#breadcrumb\",\"itemListElement\":[{\"@type\":\"ListItem\",\"position\":1,\"name\":\"\u0413\u043b\u0430\u0432\u043d\u0430\u044f \u0441\u0442\u0440\u0430\u043d\u0438\u0446\u0430\",\"item\":\"https:\\\/\\\/lekarzeopole.pl\\\/wordpress\\\/\"},{\"@type\":\"ListItem\",\"position\":2,\"name\":\"Zakup\",\"item\":\"https:\\\/\\\/lekarzeopole.pl\\\/wordpress\\\/\"},{\"@type\":\"ListItem\",\"position\":3,\"name\":\"NuviaLab Vitality\"}]},{\"@type\":\"WebSite\",\"@id\":\"https:\\\/\\\/lekarzeopole.pl\\\/wordpress\\\/#website\",\"url\":\"https:\\\/\\\/lekarzeopole.pl\\\/wordpress\\\/\",\"name\":\"Lekarze Opole\",\"description\":\"\",\"potentialAction\":[{\"@type\":\"SearchAction\",\"target\":{\"@type\":\"EntryPoint\",\"urlTemplate\":\"https:\\\/\\\/lekarzeopole.pl\\\/wordpress\\\/?s={search_term_string}\"},\"query-input\":{\"@type\":\"PropertyValueSpecification\",\"valueRequired\":true,\"valueName\":\"search_term_string\"}}],\"inLanguage\":\"pl-PL\"}]}<\/script>\n<!-- \/ Yoast SEO plugin. -->","yoast_head_json":{"title":"NuviaLab Vitality - kup suplement, cena w aptece, sk\u0142ad, dzia\u0142anie","robots":{"index":"index","follow":"follow","max-snippet":"max-snippet:-1","max-image-preview":"max-image-preview:large","max-video-preview":"max-video-preview:-1"},"canonical":"https:\/\/lekarzeopole.pl\/wordpress\/product\/nuvialab-vitality\/","og_locale":"pl_PL","og_type":"article","og_title":"NuviaLab Vitality - kup suplement, cena w aptece, sk\u0142ad, dzia\u0142anie","og_description":"Kup teraz SKU:\u00a0789.878.094    Produkt sprzedawany jest wy\u0142\u0105cznie za po\u015brednictwem oficjalnej strony producenta, id\u017a i kupuj bezpiecznie!","og_url":"https:\/\/lekarzeopole.pl\/wordpress\/product\/nuvialab-vitality\/","og_site_name":"Lekarze Opole","article_modified_time":"2024-06-08T09:38:07+00:00","og_image":[{"width":571,"height":512,"url":"https:\/\/lekarzeopole.pl\/wordpress\/wp-content\/uploads\/2024\/02\/nuvialab-vitality.webp","type":"image\/webp"}],"twitter_card":"summary_large_image","twitter_misc":{"Szacowany czas czytania":"6 minut"},"schema":{"@context":"https:\/\/schema.org","@graph":[{"@type":"WebPage","@id":"https:\/\/lekarzeopole.pl\/wordpress\/product\/nuvialab-vitality\/","url":"https:\/\/lekarzeopole.pl\/wordpress\/product\/nuvialab-vitality\/","name":"NuviaLab Vitality - kup suplement, cena w aptece, sk\u0142ad, dzia\u0142anie","isPartOf":{"@id":"https:\/\/lekarzeopole.pl\/wordpress\/#website"},"primaryImageOfPage":{"@id":"https:\/\/lekarzeopole.pl\/wordpress\/product\/nuvialab-vitality\/#primaryimage"},"image":{"@id":"https:\/\/lekarzeopole.pl\/wordpress\/product\/nuvialab-vitality\/#primaryimage"},"thumbnailUrl":"https:\/\/lekarzeopole.pl\/wordpress\/wp-content\/uploads\/2024\/02\/nuvialab-vitality.webp","datePublished":"2024-02-12T10:48:31+00:00","dateModified":"2024-06-08T09:38:07+00:00","breadcrumb":{"@id":"https:\/\/lekarzeopole.pl\/wordpress\/product\/nuvialab-vitality\/#breadcrumb"},"inLanguage":"pl-PL","potentialAction":[{"@type":"ReadAction","target":["https:\/\/lekarzeopole.pl\/wordpress\/product\/nuvialab-vitality\/"]}]},{"@type":"ImageObject","inLanguage":"pl-PL","@id":"https:\/\/lekarzeopole.pl\/wordpress\/product\/nuvialab-vitality\/#primaryimage","url":"https:\/\/lekarzeopole.pl\/wordpress\/wp-content\/uploads\/2024\/02\/nuvialab-vitality.webp","contentUrl":"https:\/\/lekarzeopole.pl\/wordpress\/wp-content\/uploads\/2024\/02\/nuvialab-vitality.webp","width":571,"height":512,"caption":"NuviaLab Vitality"},{"@type":"BreadcrumbList","@id":"https:\/\/lekarzeopole.pl\/wordpress\/product\/nuvialab-vitality\/#breadcrumb","itemListElement":[{"@type":"ListItem","position":1,"name":"\u0413\u043b\u0430\u0432\u043d\u0430\u044f \u0441\u0442\u0440\u0430\u043d\u0438\u0446\u0430","item":"https:\/\/lekarzeopole.pl\/wordpress\/"},{"@type":"ListItem","position":2,"name":"Zakup","item":"https:\/\/lekarzeopole.pl\/wordpress\/"},{"@type":"ListItem","position":3,"name":"NuviaLab Vitality"}]},{"@type":"WebSite","@id":"https:\/\/lekarzeopole.pl\/wordpress\/#website","url":"https:\/\/lekarzeopole.pl\/wordpress\/","name":"Lekarze Opole","description":"","potentialAction":[{"@type":"SearchAction","target":{"@type":"EntryPoint","urlTemplate":"https:\/\/lekarzeopole.pl\/wordpress\/?s={search_term_string}"},"query-input":{"@type":"PropertyValueSpecification","valueRequired":true,"valueName":"search_term_string"}}],"inLanguage":"pl-PL"}]}},"_links":{"self":[{"href":"https:\/\/lekarzeopole.pl\/wordpress\/wp-json\/wp\/v2\/product\/532","targetHints":{"allow":["GET"]}}],"collection":[{"href":"https:\/\/lekarzeopole.pl\/wordpress\/wp-json\/wp\/v2\/product"}],"about":[{"href":"https:\/\/lekarzeopole.pl\/wordpress\/wp-json\/wp\/v2\/types\/product"}],"replies":[{"embeddable":true,"href":"https:\/\/lekarzeopole.pl\/wordpress\/wp-json\/wp\/v2\/comments?post=532"}],"wp:featuredmedia":[{"embeddable":true,"href":"https:\/\/lekarzeopole.pl\/wordpress\/wp-json\/wp\/v2\/media\/533"}],"wp:attachment":[{"href":"https:\/\/lekarzeopole.pl\/wordpress\/wp-json\/wp\/v2\/media?parent=532"}],"wp:term":[{"taxonomy":"product_brand","embeddable":true,"href":"https:\/\/lekarzeopole.pl\/wordpress\/wp-json\/wp\/v2\/product_brand?post=532"},{"taxonomy":"product_cat","embeddable":true,"href":"https:\/\/lekarzeopole.pl\/wordpress\/wp-json\/wp\/v2\/product_cat?post=532"},{"taxonomy":"product_tag","embeddable":true,"href":"https:\/\/lekarzeopole.pl\/wordpress\/wp-json\/wp\/v2\/product_tag?post=532"}],"curies":[{"name":"wp","href":"https:\/\/api.w.org\/{rel}","templated":true}]}}