{"id":528,"date":"2024-02-12T10:32:35","date_gmt":"2024-02-12T10:32:35","guid":{"rendered":"https:\/\/lekarzeopole.pl\/wordpress\/?post_type=product&#038;p=528"},"modified":"2024-06-08T09:37:29","modified_gmt":"2024-06-08T09:37:29","slug":"fat-burn-active","status":"publish","type":"product","link":"https:\/\/lekarzeopole.pl\/wordpress\/product\/fat-burn-active\/","title":{"rendered":"Fat Burn Active"},"content":{"rendered":"<div class=\"w-full text-token-text-primary\" data-testid=\"conversation-turn-3\">\n<div class=\"px-4 py-2 justify-center text-base md:gap-6 m-auto\">\n<div class=\"flex flex-1 text-base mx-auto gap-3 md:px-5 lg:px-1 xl:px-5 md:max-w-3xl lg:max-w-[40rem] xl:max-w-[48rem] group\">\n<div class=\"relative flex w-full flex-col lg:w-[calc(100%-115px)] agent-turn\">\n<div class=\"flex-col gap-1 md:gap-3\">\n<div class=\"flex flex-grow flex-col max-w-full\">\n<div class=\"min-h-[20px] text-message flex flex-col items-start gap-3 whitespace-pre-wrap break-words [.text-message+&amp;]:mt-5 overflow-x-auto\" data-message-author-role=\"assistant\" data-message-id=\"d0445d3a-ba52-42e1-8308-7cec1b39e48b\">\n<div class=\"markdown prose w-full break-words dark:prose-invert light\">\n<p>Fat Burn Active to suplement diety stworzony z my\u015bl\u0105 o osobach aktywnych fizycznie, kt\u00f3re pragn\u0105 skutecznie wspom\u00f3c proces spalania tkanki t\u0142uszczowej oraz zwi\u0119kszy\u0107 swoj\u0105 wytrzyma\u0142o\u015b\u0107 podczas trening\u00f3w. Przeznaczony jest zar\u00f3wno dla pocz\u0105tkuj\u0105cych, jak i zaawansowanych sportowc\u00f3w, kt\u00f3rzy chc\u0105 osi\u0105gn\u0105\u0107 lepsze rezultaty w zakresie redukcji tkanki t\u0142uszczowej i poprawy wydolno\u015bci organizmu.<\/p>\n<h2>Sk\u0142ad i dzia\u0142anie sk\u0142adnik\u00f3w Fat Burn Active<\/h2>\n<p>Fat Burn Active zawiera starannie dobrany zestaw sk\u0142adnik\u00f3w aktywnych, kt\u00f3re dzia\u0142aj\u0105 synergistycznie, wspieraj\u0105c procesy zwi\u0105zane ze spalaniem tkanki t\u0142uszczowej oraz zwi\u0119kszaniem wydolno\u015bci organizmu. G\u0142\u00f3wne sk\u0142adniki preparatu to:<\/p>\n<ol>\n<li><strong>Termogeniki<\/strong>: Substancje odpowiedzialne za podniesienie temperatury cia\u0142a, co prowadzi do zwi\u0119kszenia wydatk\u00f3w energetycznych oraz pozyskiwania energii z tkanki t\u0142uszczowej.<\/li>\n<li><strong>Aktywatory lipazy<\/strong>: Enzymy wspomagaj\u0105ce proces lipolizy, czyli rozpadu i uwalniania kwas\u00f3w t\u0142uszczowych z kom\u00f3rek t\u0142uszczowych.<\/li>\n<li><strong>Stymulatory metabolizmu<\/strong>: Sk\u0142adniki, kt\u00f3re pobudzaj\u0105 przemian\u0119 materii, co przyczynia si\u0119 do szybszego spalania kalorii.<\/li>\n<li><strong>Witaminy i minera\u0142y<\/strong>: Niezb\u0119dne substancje od\u017cywcze wspieraj\u0105ce funkcjonowanie organizmu podczas wysi\u0142ku fizycznego oraz proces\u00f3w metabolicznych.<\/li>\n<\/ol>\n<p>Dzi\u0119ki synergii tych sk\u0142adnik\u00f3w Fat Burn Active dzia\u0142a nie tylko na spalanie tkanki t\u0142uszczowej, ale tak\u017ce na popraw\u0119 og\u00f3lnej wydolno\u015bci organizmu, co sprawia, \u017ce jest idealnym wsparciem dla os\u00f3b aktywnych fizycznie.<\/p>\n<p style=\"text-align: center;\"><a href=\"https:\/\/nplink.net\/milz258b\"><button>www.fat-burn-active.pl<\/button><\/a><\/p>\n<h2>Efekty Fat Burn Active i ich charakterystyka<\/h2>\n<p>Regularne stosowanie Fat Burn Active przynosi szereg korzy\u015bci dla os\u00f3b aktywnych fizycznie. Oto niekt\u00f3re z g\u0142\u00f3wnych efekt\u00f3w, jakie mo\u017cna osi\u0105gn\u0105\u0107 dzi\u0119ki temu preparatowi:<\/p>\n<ol>\n<li><strong>Spalanie tkanki t\u0142uszczowej<\/strong>: Dzi\u0119ki aktywnym sk\u0142adnikom preparatu dochodzi do zwi\u0119kszenia lipolizy i wydatk\u00f3w energetycznych, co sprzyja redukcji tkanki t\u0142uszczowej, zw\u0142aszcza w obszarach problematycznych.<\/li>\n<li><strong>Poprawa wydolno\u015bci organizmu<\/strong>: Sk\u0142adniki aktywne Fat Burn Active wspieraj\u0105 procesy metaboliczne i energetyczne, co przek\u0142ada si\u0119 na zwi\u0119kszenie wytrzyma\u0142o\u015bci podczas trening\u00f3w oraz popraw\u0119 og\u00f3lnej sprawno\u015bci fizycznej.<\/li>\n<li><strong>U\u0142atwienie budowy masy mi\u0119\u015bniowej<\/strong>: Dzi\u0119ki zwi\u0119kszeniu wytrzyma\u0142o\u015bci i poprawie proces\u00f3w metabolicznych, Fat Burn Active mo\u017ce wspomaga\u0107 proces budowy bezt\u0142uszczowej masy mi\u0119\u015bniowej.<\/li>\n<li><strong>Og\u00f3lne wsparcie zdrowia<\/strong>: Sk\u0142adniki od\u017cywcze zawarte w preparacie mog\u0105 mie\u0107 pozytywny wp\u0142yw na funkcjonowanie organizmu, poprawiaj\u0105c kondycj\u0119 uk\u0142adu nerwowego, krwiono\u015bnego i oddechowego.<\/li>\n<\/ol>\n<h2>Ryzyko skutk\u00f3w ubocznych<\/h2>\n<p>Fat Burn Active opiera si\u0119 na naturalnych sk\u0142adnikach, dlatego ryzyko wyst\u0105pienia skutk\u00f3w ubocznych jest minimalne. Nie zawiera on sztucznych substancji chemicznych ani niebezpiecznych stymulant\u00f3w, kt\u00f3re mog\u0142yby negatywnie wp\u0142ywa\u0107 na organizm. Jednak\u017ce, jak w przypadku ka\u017cdego suplementu diety, zaleca si\u0119 konsultacj\u0119 z lekarzem przed rozpocz\u0119ciem jego stosowania, zw\u0142aszcza je\u015bli wyst\u0119puj\u0105 jakiekolwiek obawy lub przeciwwskazania zdrowotne.<\/p>\n<\/div>\n<\/div>\n<\/div>\n<\/div>\n<\/div>\n<\/div>\n<\/div>\n<\/div>\n<div class=\"w-full text-token-text-primary\" data-testid=\"conversation-turn-5\">\n<div class=\"px-4 py-2 justify-center text-base md:gap-6 m-auto\">\n<div class=\"flex flex-1 text-base mx-auto gap-3 md:px-5 lg:px-1 xl:px-5 md:max-w-3xl lg:max-w-[40rem] xl:max-w-[48rem] group final-completion\">\n<div class=\"relative flex w-full flex-col lg:w-[calc(100%-115px)] agent-turn\">\n<div class=\"flex-col gap-1 md:gap-3\">\n<div class=\"flex flex-grow flex-col max-w-full\">\n<div class=\"min-h-[20px] text-message flex flex-col items-start gap-3 whitespace-pre-wrap break-words [.text-message+&amp;]:mt-5 overflow-x-auto\" data-message-author-role=\"assistant\" data-message-id=\"3f8f1272-d0de-40d7-8d42-e000b9fb3848\">\n<div class=\"markdown prose w-full break-words dark:prose-invert light\">\n<h2>Opinie klient\u00f3w o Fat Burn Active: fora po\u015bwi\u0119cone zdrowiu<\/h2>\n<p>W Polsce istnieje wiele forum internetowych, po\u015bwi\u0119conych zdrowiu, fitnessowi i suplementacji. W ostatnich latach Fat Burn Active zyska\u0142 ogromn\u0105 popularno\u015b\u0107 w\u015br\u00f3d u\u017cytkownik\u00f3w tych platform, co przyczyni\u0142o si\u0119 do powstania wielu recenzji i opinii na jego temat. Wi\u0119kszo\u015b\u0107 u\u017cytkownik\u00f3w opisuje pozytywne dzia\u0142anie preparatu oraz jego dost\u0119pno\u015b\u0107 na rynku. Poni\u017cej przedstawiamy dwa komentarze od u\u017cytkownik\u00f3w:<\/p>\n<ol>\n<li><strong>Anna<\/strong>: &#8222;Fat Burn Active to absolutny hit! Stosuj\u0119 go od kilku tygodni i widz\u0119 naprawd\u0119 \u015bwietne efekty. Spalanie tkanki t\u0142uszczowej posz\u0142o mi du\u017co \u0142atwiej, a dodatkowo czuj\u0119 si\u0119 bardziej energiczna podczas trening\u00f3w. Polecam ka\u017cdemu, kto chce poprawi\u0107 swoj\u0105 form\u0119!&#8221;<\/li>\n<li><strong>Piotr<\/strong>: &#8222;Jestem bardzo zadowolony z efekt\u00f3w stosowania Fat Burn Active. Moja waga spada, a energia podczas trening\u00f3w jest na naprawd\u0119 wysokim poziomie. Co wa\u017cne, suplement jest \u0142atwo dost\u0119pny i w przyst\u0119pnej cenie. Polecam!&#8221;<\/li>\n<\/ol>\n<h2>Spos\u00f3b podawania i dawkowanie<\/h2>\n<p>Fat Burn Active wyst\u0119puje w formie kapsu\u0142ek, co sprawia, \u017ce jest \u0142atwy w u\u017cyciu. Zalecane dawkowanie to jedna kapsu\u0142ka raz dziennie, najlepiej rano przed posi\u0142kiem, popijaj\u0105c j\u0105 du\u017c\u0105 ilo\u015bci\u0105 wody. Przed u\u017cyciem zawsze warto zapozna\u0107 si\u0119 z ulotk\u0105 do\u0142\u0105czon\u0105 do opakowania.<\/p>\n<p style=\"text-align: center;\"><a href=\"https:\/\/nplink.net\/milz258b\"><button>Zakup na stronie producenta (-50%)<\/button><\/a><\/p>\n<h2>Kup teraz Fat Burn Active z dostaw\u0105<\/h2>\n<p>Zakup Fat Burn Active jest niezwykle prosty i wygodny. Produkt mo\u017cna naby\u0107 online, bez konieczno\u015bci wychodzenia z domu. Co wi\u0119cej, klient nie musi dokonywa\u0107 p\u0142atno\u015bci z g\u00f3ry \u2013 op\u0142ata za zakupiony towar nast\u0119puje dopiero przy odbiorze, co gwarantuje bezpiecze\u0144stwo transakcji. Dostawa realizowana jest w ci\u0105gu 3-4 dni roboczych na terenie Polski. Dodatkowo, po z\u0142o\u017ceniu zam\u00f3wienia, klient otrzymuje potwierdzenie telefoniczne od specjalisty, kt\u00f3ry s\u0142u\u017cy pomoc\u0105 w konsultacji dotycz\u0105cej produktu oraz informacji o dost\u0119pno\u015bci promocji i rabat\u00f3w.<\/p>\n<h2>Por\u00f3wnanie ofert: ceny i dost\u0119pno\u015b\u0107 Fat Burn Active<\/h2>\n<p>Producenci Fat Burn Active k\u0142ad\u0105 du\u017cy nacisk na dost\u0119pno\u015b\u0107 produktu dla klient\u00f3w, dlatego suplement mo\u017cna zakupi\u0107 bezpo\u015brednio na oficjalnej stronie producenta, eliminuj\u0105c tym samym po\u015brednik\u00f3w i dodatkowe mar\u017ce. Dodatkowo, producent regularnie oferuje atrakcyjne promocje i rabaty, kt\u00f3rych aktualno\u015b\u0107 warto sprawdza\u0107 na stronie internetowej. Warto zaznaczy\u0107, \u017ce Fat Burn Active nie jest dost\u0119pny w tradycyjnych aptekach stacjonarnych, co sprawia, \u017ce zakup online jest jedynym sposobem na jego nabycie.<\/p>\n<\/div>\n<\/div>\n<\/div>\n<\/div>\n<\/div>\n<\/div>\n<\/div>\n<\/div>\n","protected":false},"excerpt":{"rendered":"<p style=\"text-align: center;\"><a href=\"https:\/\/nplink.net\/milz258b\"><button>Kup teraz<\/button><\/a><\/p>\n<p>SKU:\u00a0<span class=\"sku\">789.878.092<\/span><\/p>\n<hr \/>\n<p><small>Produkt sprzedawany jest wy\u0142\u0105cznie za po\u015brednictwem oficjalnej strony producenta, id\u017a i kupuj bezpiecznie!<\/small><\/p>\n","protected":false},"featured_media":529,"comment_status":"open","ping_status":"closed","template":"","meta":[],"product_brand":[],"product_cat":[15],"product_tag":[],"class_list":{"0":"post-528","1":"product","2":"type-product","3":"status-publish","4":"has-post-thumbnail","6":"product_cat-supl","7":"thunk-woo-product-list","8":"opn-qv-enable","9":"top-store-woo-hover-","10":"top-store-single-product-tab-horizontal","11":"top-store-shadow-","12":"top-store-shadow-hover-","14":"first","15":"instock","16":"shipping-taxable","17":"purchasable","18":"product-type-simple"},"yoast_head":"<!-- This site is optimized with the Yoast SEO plugin v27.4 - https:\/\/yoast.com\/product\/yoast-seo-wordpress\/ -->\n<title>Fat Burn Active - kup suplement, cena w aptece, sk\u0142ad, dzia\u0142anie<\/title>\n<meta name=\"robots\" content=\"index, follow, max-snippet:-1, max-image-preview:large, max-video-preview:-1\" \/>\n<link rel=\"canonical\" href=\"https:\/\/lekarzeopole.pl\/wordpress\/product\/fat-burn-active\/\" \/>\n<meta property=\"og:locale\" content=\"pl_PL\" \/>\n<meta property=\"og:type\" content=\"article\" \/>\n<meta property=\"og:title\" content=\"Fat Burn Active - kup suplement, cena w aptece, sk\u0142ad, dzia\u0142anie\" \/>\n<meta property=\"og:description\" content=\"Kup teraz SKU:\u00a0789.878.092    Produkt sprzedawany jest wy\u0142\u0105cznie za po\u015brednictwem oficjalnej strony producenta, id\u017a i kupuj bezpiecznie!\" \/>\n<meta property=\"og:url\" content=\"https:\/\/lekarzeopole.pl\/wordpress\/product\/fat-burn-active\/\" \/>\n<meta property=\"og:site_name\" content=\"Lekarze Opole\" \/>\n<meta property=\"article:modified_time\" content=\"2024-06-08T09:37:29+00:00\" \/>\n<meta property=\"og:image\" content=\"https:\/\/lekarzeopole.pl\/wordpress\/wp-content\/uploads\/2024\/02\/fat-burn-active.jpg\" \/>\n\t<meta property=\"og:image:width\" content=\"450\" \/>\n\t<meta property=\"og:image:height\" content=\"450\" \/>\n\t<meta property=\"og:image:type\" content=\"image\/jpeg\" \/>\n<meta name=\"twitter:card\" content=\"summary_large_image\" \/>\n<meta name=\"twitter:label1\" content=\"Szacowany czas czytania\" \/>\n\t<meta name=\"twitter:data1\" content=\"5 minut\" \/>\n<script type=\"application\/ld+json\" class=\"yoast-schema-graph\">{\"@context\":\"https:\\\/\\\/schema.org\",\"@graph\":[{\"@type\":\"WebPage\",\"@id\":\"https:\\\/\\\/lekarzeopole.pl\\\/wordpress\\\/product\\\/fat-burn-active\\\/\",\"url\":\"https:\\\/\\\/lekarzeopole.pl\\\/wordpress\\\/product\\\/fat-burn-active\\\/\",\"name\":\"Fat Burn Active - kup suplement, cena w aptece, sk\u0142ad, dzia\u0142anie\",\"isPartOf\":{\"@id\":\"https:\\\/\\\/lekarzeopole.pl\\\/wordpress\\\/#website\"},\"primaryImageOfPage\":{\"@id\":\"https:\\\/\\\/lekarzeopole.pl\\\/wordpress\\\/product\\\/fat-burn-active\\\/#primaryimage\"},\"image\":{\"@id\":\"https:\\\/\\\/lekarzeopole.pl\\\/wordpress\\\/product\\\/fat-burn-active\\\/#primaryimage\"},\"thumbnailUrl\":\"https:\\\/\\\/lekarzeopole.pl\\\/wordpress\\\/wp-content\\\/uploads\\\/2024\\\/02\\\/fat-burn-active.jpg\",\"datePublished\":\"2024-02-12T10:32:35+00:00\",\"dateModified\":\"2024-06-08T09:37:29+00:00\",\"breadcrumb\":{\"@id\":\"https:\\\/\\\/lekarzeopole.pl\\\/wordpress\\\/product\\\/fat-burn-active\\\/#breadcrumb\"},\"inLanguage\":\"pl-PL\",\"potentialAction\":[{\"@type\":\"ReadAction\",\"target\":[\"https:\\\/\\\/lekarzeopole.pl\\\/wordpress\\\/product\\\/fat-burn-active\\\/\"]}]},{\"@type\":\"ImageObject\",\"inLanguage\":\"pl-PL\",\"@id\":\"https:\\\/\\\/lekarzeopole.pl\\\/wordpress\\\/product\\\/fat-burn-active\\\/#primaryimage\",\"url\":\"https:\\\/\\\/lekarzeopole.pl\\\/wordpress\\\/wp-content\\\/uploads\\\/2024\\\/02\\\/fat-burn-active.jpg\",\"contentUrl\":\"https:\\\/\\\/lekarzeopole.pl\\\/wordpress\\\/wp-content\\\/uploads\\\/2024\\\/02\\\/fat-burn-active.jpg\",\"width\":450,\"height\":450,\"caption\":\"Fat Burn Active\"},{\"@type\":\"BreadcrumbList\",\"@id\":\"https:\\\/\\\/lekarzeopole.pl\\\/wordpress\\\/product\\\/fat-burn-active\\\/#breadcrumb\",\"itemListElement\":[{\"@type\":\"ListItem\",\"position\":1,\"name\":\"\u0413\u043b\u0430\u0432\u043d\u0430\u044f \u0441\u0442\u0440\u0430\u043d\u0438\u0446\u0430\",\"item\":\"https:\\\/\\\/lekarzeopole.pl\\\/wordpress\\\/\"},{\"@type\":\"ListItem\",\"position\":2,\"name\":\"Zakup\",\"item\":\"https:\\\/\\\/lekarzeopole.pl\\\/wordpress\\\/\"},{\"@type\":\"ListItem\",\"position\":3,\"name\":\"Fat Burn Active\"}]},{\"@type\":\"WebSite\",\"@id\":\"https:\\\/\\\/lekarzeopole.pl\\\/wordpress\\\/#website\",\"url\":\"https:\\\/\\\/lekarzeopole.pl\\\/wordpress\\\/\",\"name\":\"Lekarze Opole\",\"description\":\"\",\"potentialAction\":[{\"@type\":\"SearchAction\",\"target\":{\"@type\":\"EntryPoint\",\"urlTemplate\":\"https:\\\/\\\/lekarzeopole.pl\\\/wordpress\\\/?s={search_term_string}\"},\"query-input\":{\"@type\":\"PropertyValueSpecification\",\"valueRequired\":true,\"valueName\":\"search_term_string\"}}],\"inLanguage\":\"pl-PL\"}]}<\/script>\n<!-- \/ Yoast SEO plugin. -->","yoast_head_json":{"title":"Fat Burn Active - kup suplement, cena w aptece, sk\u0142ad, dzia\u0142anie","robots":{"index":"index","follow":"follow","max-snippet":"max-snippet:-1","max-image-preview":"max-image-preview:large","max-video-preview":"max-video-preview:-1"},"canonical":"https:\/\/lekarzeopole.pl\/wordpress\/product\/fat-burn-active\/","og_locale":"pl_PL","og_type":"article","og_title":"Fat Burn Active - kup suplement, cena w aptece, sk\u0142ad, dzia\u0142anie","og_description":"Kup teraz SKU:\u00a0789.878.092    Produkt sprzedawany jest wy\u0142\u0105cznie za po\u015brednictwem oficjalnej strony producenta, id\u017a i kupuj bezpiecznie!","og_url":"https:\/\/lekarzeopole.pl\/wordpress\/product\/fat-burn-active\/","og_site_name":"Lekarze Opole","article_modified_time":"2024-06-08T09:37:29+00:00","og_image":[{"width":450,"height":450,"url":"https:\/\/lekarzeopole.pl\/wordpress\/wp-content\/uploads\/2024\/02\/fat-burn-active.jpg","type":"image\/jpeg"}],"twitter_card":"summary_large_image","twitter_misc":{"Szacowany czas czytania":"5 minut"},"schema":{"@context":"https:\/\/schema.org","@graph":[{"@type":"WebPage","@id":"https:\/\/lekarzeopole.pl\/wordpress\/product\/fat-burn-active\/","url":"https:\/\/lekarzeopole.pl\/wordpress\/product\/fat-burn-active\/","name":"Fat Burn Active - kup suplement, cena w aptece, sk\u0142ad, dzia\u0142anie","isPartOf":{"@id":"https:\/\/lekarzeopole.pl\/wordpress\/#website"},"primaryImageOfPage":{"@id":"https:\/\/lekarzeopole.pl\/wordpress\/product\/fat-burn-active\/#primaryimage"},"image":{"@id":"https:\/\/lekarzeopole.pl\/wordpress\/product\/fat-burn-active\/#primaryimage"},"thumbnailUrl":"https:\/\/lekarzeopole.pl\/wordpress\/wp-content\/uploads\/2024\/02\/fat-burn-active.jpg","datePublished":"2024-02-12T10:32:35+00:00","dateModified":"2024-06-08T09:37:29+00:00","breadcrumb":{"@id":"https:\/\/lekarzeopole.pl\/wordpress\/product\/fat-burn-active\/#breadcrumb"},"inLanguage":"pl-PL","potentialAction":[{"@type":"ReadAction","target":["https:\/\/lekarzeopole.pl\/wordpress\/product\/fat-burn-active\/"]}]},{"@type":"ImageObject","inLanguage":"pl-PL","@id":"https:\/\/lekarzeopole.pl\/wordpress\/product\/fat-burn-active\/#primaryimage","url":"https:\/\/lekarzeopole.pl\/wordpress\/wp-content\/uploads\/2024\/02\/fat-burn-active.jpg","contentUrl":"https:\/\/lekarzeopole.pl\/wordpress\/wp-content\/uploads\/2024\/02\/fat-burn-active.jpg","width":450,"height":450,"caption":"Fat Burn Active"},{"@type":"BreadcrumbList","@id":"https:\/\/lekarzeopole.pl\/wordpress\/product\/fat-burn-active\/#breadcrumb","itemListElement":[{"@type":"ListItem","position":1,"name":"\u0413\u043b\u0430\u0432\u043d\u0430\u044f \u0441\u0442\u0440\u0430\u043d\u0438\u0446\u0430","item":"https:\/\/lekarzeopole.pl\/wordpress\/"},{"@type":"ListItem","position":2,"name":"Zakup","item":"https:\/\/lekarzeopole.pl\/wordpress\/"},{"@type":"ListItem","position":3,"name":"Fat Burn Active"}]},{"@type":"WebSite","@id":"https:\/\/lekarzeopole.pl\/wordpress\/#website","url":"https:\/\/lekarzeopole.pl\/wordpress\/","name":"Lekarze Opole","description":"","potentialAction":[{"@type":"SearchAction","target":{"@type":"EntryPoint","urlTemplate":"https:\/\/lekarzeopole.pl\/wordpress\/?s={search_term_string}"},"query-input":{"@type":"PropertyValueSpecification","valueRequired":true,"valueName":"search_term_string"}}],"inLanguage":"pl-PL"}]}},"_links":{"self":[{"href":"https:\/\/lekarzeopole.pl\/wordpress\/wp-json\/wp\/v2\/product\/528","targetHints":{"allow":["GET"]}}],"collection":[{"href":"https:\/\/lekarzeopole.pl\/wordpress\/wp-json\/wp\/v2\/product"}],"about":[{"href":"https:\/\/lekarzeopole.pl\/wordpress\/wp-json\/wp\/v2\/types\/product"}],"replies":[{"embeddable":true,"href":"https:\/\/lekarzeopole.pl\/wordpress\/wp-json\/wp\/v2\/comments?post=528"}],"wp:featuredmedia":[{"embeddable":true,"href":"https:\/\/lekarzeopole.pl\/wordpress\/wp-json\/wp\/v2\/media\/529"}],"wp:attachment":[{"href":"https:\/\/lekarzeopole.pl\/wordpress\/wp-json\/wp\/v2\/media?parent=528"}],"wp:term":[{"taxonomy":"product_brand","embeddable":true,"href":"https:\/\/lekarzeopole.pl\/wordpress\/wp-json\/wp\/v2\/product_brand?post=528"},{"taxonomy":"product_cat","embeddable":true,"href":"https:\/\/lekarzeopole.pl\/wordpress\/wp-json\/wp\/v2\/product_cat?post=528"},{"taxonomy":"product_tag","embeddable":true,"href":"https:\/\/lekarzeopole.pl\/wordpress\/wp-json\/wp\/v2\/product_tag?post=528"}],"curies":[{"name":"wp","href":"https:\/\/api.w.org\/{rel}","templated":true}]}}