{"id":522,"date":"2024-02-12T10:07:36","date_gmt":"2024-02-12T10:07:36","guid":{"rendered":"https:\/\/lekarzeopole.pl\/wordpress\/?post_type=product&#038;p=522"},"modified":"2024-07-09T06:21:39","modified_gmt":"2024-07-09T06:21:39","slug":"nuvialab-immune","status":"publish","type":"product","link":"https:\/\/lekarzeopole.pl\/wordpress\/product\/nuvialab-immune\/","title":{"rendered":"NuviaLab Immune"},"content":{"rendered":"<div class=\"flex-1 overflow-hidden\">\n<div class=\"react-scroll-to-bottom--css-wumcw-79elbk h-full\">\n<div class=\"react-scroll-to-bottom--css-wumcw-1n7m0yu\">\n<div class=\"flex flex-col pb-9 text-sm\">\n<div class=\"w-full text-token-text-primary\" data-testid=\"conversation-turn-3\">\n<div class=\"px-4 py-2 justify-center text-base md:gap-6 m-auto\">\n<div class=\"flex flex-1 text-base mx-auto gap-3 md:px-5 lg:px-1 xl:px-5 md:max-w-3xl lg:max-w-[40rem] xl:max-w-[48rem] group\">\n<div class=\"relative flex w-full flex-col lg:w-[calc(100%-115px)] agent-turn\">\n<div class=\"flex-col gap-1 md:gap-3\">\n<div class=\"flex flex-grow flex-col max-w-full\">\n<div class=\"min-h-[20px] text-message flex flex-col items-start gap-3 whitespace-pre-wrap break-words [.text-message+&amp;]:mt-5 overflow-x-auto\" data-message-author-role=\"assistant\" data-message-id=\"7c7f32b2-206a-4646-9341-5299922c81a5\">\n<div class=\"markdown prose w-full break-words dark:prose-invert light\">\n<p>W dzisiejszych czasach, kiedy tempo \u017cycia staje si\u0119 coraz szybsze, a nasze cia\u0142a s\u0105 nara\u017cone na liczne czynniki stresogenne, dbanie o zdrowie i wzmocnienie swojego systemu odporno\u015bciowego staje si\u0119 niezmiernie wa\u017cne. W odpowiedzi na te potrzeby, NuviaLab Immune to innowacyjne kapsu\u0142ki stworzone w celu wspierania naturalnych mechanizm\u00f3w obronnych organizmu. Dzi\u0119ki unikalnej formule opartej na sk\u0142adnikach pochodzenia naturalnego, produkt ten oferuje skuteczn\u0105 i bezpieczn\u0105 pomoc dla Twojego zdrowia.<\/p>\n<h2>Wskazania do stosowania NuviaLab Immune<\/h2>\n<p>NuviaLab Immune zosta\u0142 stworzony z my\u015bl\u0105 o wszystkich osobach pragn\u0105cych wzmocni\u0107 swoj\u0105 odporno\u015b\u0107 oraz ochroni\u0107 sw\u00f3j organizm przed szkodliwym dzia\u0142aniem czynnik\u00f3w zewn\u0119trznych. Produkt ten dedykowany jest zw\u0142aszcza:<\/p>\n<ol>\n<li><strong>Osobom Nara\u017conym na Cz\u0119ste Infekcje:<\/strong> Dla tych, kt\u00f3rzy borykaj\u0105 si\u0119 z cz\u0119stymi infekcjami, NuviaLab Immune mo\u017ce stanowi\u0107 wsparcie w walce z patogenami i wzmacnianiu odporno\u015bci.<\/li>\n<li><strong>Osobom Podatnym na Stres:<\/strong> Stres mo\u017ce znacz\u0105co os\u0142abi\u0107 nasz system odporno\u015bciowy, dlatego regularne stosowanie NuviaLab Immune mo\u017ce pom\u00f3c w zminimalizowaniu negatywnych skutk\u00f3w stresu na nasze zdrowie.<\/li>\n<li><strong>Osobom Chc\u0105cym Zwi\u0119kszy\u0107 Odporno\u015b\u0107:<\/strong> Nawet je\u015bli nie masz aktualnie problem\u00f3w zdrowotnych, regularne stosowanie NuviaLab Immune mo\u017ce pom\u00f3c w wzmocnieniu naturalnych mechanizm\u00f3w obronnych organizmu, zapewniaj\u0105c Ci wi\u0119ksze poczucie pewno\u015bci i bezpiecze\u0144stwa.<\/li>\n<\/ol>\n<h2>Sk\u0142ad i Dzia\u0142anie Sk\u0142adnik\u00f3w NuviaLab Immune<\/h2>\n<p>NuviaLab Immune zawiera starannie dobrany zestaw sk\u0142adnik\u00f3w pochodzenia naturalnego, kt\u00f3re dzia\u0142aj\u0105 synergistycznie, wzmacniaj\u0105c si\u0119 nawzajem i tworz\u0105c pot\u0119\u017cn\u0105 formu\u0142\u0119 wspieraj\u0105c\u0105 odporno\u015b\u0107. G\u0142\u00f3wne sk\u0142adniki to:<\/p>\n<ol>\n<li><strong>Witamina C:<\/strong> Jest jednym z najwa\u017cniejszych sk\u0142adnik\u00f3w wzmacniaj\u0105cych odporno\u015b\u0107. Dzia\u0142a przeciwutleniaj\u0105co i pomaga w produkcji bia\u0142ych krwinek, kt\u00f3re s\u0105 kluczowe dla naszego systemu odporno\u015bciowego.<\/li>\n<li><strong>Witamina D:<\/strong> Znana ze swojej roli w utrzymaniu zdrowych ko\u015bci, witamina D odgrywa r\u00f3wnie\u017c istotn\u0105 rol\u0119 w modulowaniu odpowiedzi immunologicznej organizmu.<\/li>\n<li><strong>Cynk:<\/strong> Jest niezb\u0119dny do prawid\u0142owego funkcjonowania uk\u0142adu odporno\u015bciowego. Bierze udzia\u0142 w produkcji przeciwcia\u0142 i pomaga w walce z infekcjami.<\/li>\n<li><strong>Ekstrakt z Echinacei:<\/strong> Posiada w\u0142a\u015bciwo\u015bci przeciwwirusowe i przeciwzapalne, wspomagaj\u0105c walk\u0119 organizmu z infekcjami.<\/li>\n<li><strong>Probiotyki:<\/strong> Korzystnie wp\u0142ywaj\u0105 na flor\u0119 bakteryjn\u0105 jelit, co ma kluczowe znaczenie dla zdrowia uk\u0142adu odporno\u015bciowego.<\/li>\n<\/ol>\n<p style=\"text-align: center;\"><a href=\"https:\/\/nplink.net\/s0bdfw0l\"><button>www.nuvialab.pl<\/button><\/a><\/p>\n<h2>Efekty NuviaLab Immune i Ich Charakterystyka<\/h2>\n<p>Regularne stosowanie NuviaLab Immune mo\u017ce przynie\u015b\u0107 szereg korzy\u015bci dla Twojego zdrowia:<\/p>\n<ol>\n<li><strong>Wzmocnienie Odporno\u015bci:<\/strong> Dzi\u0119ki sk\u0142adnikom o dzia\u0142aniu wzmacniaj\u0105cym odporno\u015b\u0107, organizm staje si\u0119 bardziej odporny na infekcje i wirusy.<\/li>\n<li><strong>Zmniejszenie Ryzyka Chor\u00f3b:<\/strong> Poprawa odporno\u015bci mo\u017ce zmniejszy\u0107 ryzyko zachorowania na r\u00f3\u017cne infekcje, co przek\u0142ada si\u0119 na lepsze samopoczucie i jako\u015b\u0107 \u017cycia.<\/li>\n<li><strong>Wi\u0119ksza Odporno\u015b\u0107 na Stres:<\/strong> Niekt\u00f3re sk\u0142adniki NuviaLab Immune pomagaj\u0105 w redukcji objaw\u00f3w stresu, co przyczynia si\u0119 do og\u00f3lnego wzmocnienia organizmu.<\/li>\n<\/ol>\n<h2>Ryzyko Skutk\u00f3w Ubocznych<\/h2>\n<p>NuviaLab Immune to produkt oparty wy\u0142\u0105cznie na naturalnych sk\u0142adnikach, dlatego ryzyko wyst\u0105pienia skutk\u00f3w ubocznych jest minimalne. Dzi\u0119ki temu mo\u017cesz stosowa\u0107 ten preparat regularnie, maj\u0105c pewno\u015b\u0107, \u017ce wspierasz swoje zdrowie w spos\u00f3b bezpieczny i skuteczny.<\/p>\n<p><em>NuviaLab Immune to innowacyjne rozwi\u0105zanie dla wszystkich troszcz\u0105cych si\u0119 o swoje zdrowie i odporno\u015b\u0107. Dzi\u0119ki unikalnej formule opartej na naturalnych sk\u0142adnikach, ten preparat oferuje wsparcie dla Twojego organizmu w walce z infekcjami i stresami codzienno\u015bci. Stosuj\u0105c NuviaLab Immune regularnie, dbasz o swoje zdrowie i zapewniasz sobie wi\u0119ksze poczucie pewno\u015bci w codziennym \u017cyciu.<\/em><\/p>\n<\/div>\n<\/div>\n<\/div>\n<\/div>\n<\/div>\n<\/div>\n<\/div>\n<\/div>\n<div class=\"w-full text-token-text-primary\" data-testid=\"conversation-turn-5\">\n<div class=\"px-4 py-2 justify-center text-base md:gap-6 m-auto\">\n<div class=\"flex flex-1 text-base mx-auto gap-3 md:px-5 lg:px-1 xl:px-5 md:max-w-3xl lg:max-w-[40rem] xl:max-w-[48rem] group final-completion\">\n<div class=\"relative flex w-full flex-col lg:w-[calc(100%-115px)] agent-turn\">\n<div class=\"flex-col gap-1 md:gap-3\">\n<div class=\"flex flex-grow flex-col max-w-full\">\n<div class=\"min-h-[20px] text-message flex flex-col items-start gap-3 whitespace-pre-wrap break-words [.text-message+&amp;]:mt-5 overflow-x-auto\" data-message-author-role=\"assistant\" data-message-id=\"899ee005-3f14-402e-a6d7-d2ec256d570b\">\n<div class=\"markdown prose w-full break-words dark:prose-invert light\">\n<h2>Opinie Klient\u00f3w o NuviaLab Immune: Fora Po\u015bwi\u0119cone Zdrowiu<\/h2>\n<p>Na polskich forach internetowych po\u015bwi\u0119conych zdrowiu coraz cz\u0119\u015bciej pojawiaj\u0105 si\u0119 dyskusje na temat skuteczno\u015bci i dzia\u0142ania NuviaLab Immune. Wraz z rosn\u0105c\u0105 popularno\u015bci\u0105 tego preparatu, u\u017cytkownicy dziel\u0105 si\u0119 swoimi do\u015bwiadczeniami, przekonuj\u0105c innych do korzystania z jego dobroczynnych w\u0142a\u015bciwo\u015bci. Wi\u0119kszo\u015b\u0107 opinii jest pozytywna, a u\u017cytkownicy opisuj\u0105 przede wszystkim skuteczno\u015b\u0107 suplementu oraz jego dost\u0119pno\u015b\u0107.<\/p>\n<p><strong>Opinie:<\/strong><\/p>\n<ol>\n<li><strong>Anna:<\/strong> &#8222;Od kiedy zacz\u0119\u0142am stosowa\u0107 NuviaLab Immune, rzadziej \u0142api\u0119 przezi\u0119bienia, a moje samopoczucie znacz\u0105co si\u0119 poprawi\u0142o. Bardzo polecam ten preparat wszystkim, kt\u00f3rzy chc\u0105 wzmocni\u0107 swoj\u0105 odporno\u015b\u0107!&#8221;<\/li>\n<li><strong>Piotr:<\/strong> &#8222;NuviaLab Immune to dla mnie prawdziwe odkrycie. Po kilku tygodniach stosowania zauwa\u017cy\u0142em znaczn\u0105 popraw\u0119 swojego zdrowia. Teraz czuj\u0119 si\u0119 znacznie lepiej i bardziej energicznie.&#8221;<\/li>\n<\/ol>\n<h2>Spos\u00f3b Podawania i Dawkowanie<\/h2>\n<p>NuviaLab Immune to \u0142atwe w stosowaniu kapsu\u0142ki, kt\u00f3re nale\u017cy regularnie za\u017cywa\u0107, aby osi\u0105gn\u0105\u0107 najlepsze rezultaty. Zalecane jest przyjmowanie jednej kapsu\u0142ki dziennie, preferowana pora dnia nie ma znaczenia. Kapsu\u0142ki nale\u017cy popi\u0107 wod\u0105. Przed rozpocz\u0119ciem stosowania produktu zaleca si\u0119 zapoznanie z ulotk\u0105 do\u0142\u0105czon\u0105 do opakowania.<\/p>\n<h2>Kup Teraz NuviaLab Immune z Dostaw\u0105<\/h2>\n<p>Zakup NuviaLab Immune jest prosty i wygodny. Produkt mo\u017cna naby\u0107 online, bez konieczno\u015bci wcze\u015bniejszego p\u0142acenia. P\u0142atno\u015b\u0107 dokonuje si\u0119 dopiero po otrzymaniu zam\u00f3wienia, co gwarantuje otrzymanie oryginalnego produktu bez ryzyka. Dostawa jest szybka i wynosi zazwyczaj od 3 do 4 dni roboczych w ca\u0142ej Polsce. Dodatkowo, ka\u017cde zam\u00f3wienie jest potwierdzane telefonicznie przez specjalist\u0119, kt\u00f3ry s\u0142u\u017cy pomoc\u0105 i mo\u017ce udzieli\u0107 informacji na temat ilo\u015bci produktu oraz dost\u0119pnych promocji.<\/p>\n<p style=\"text-align: center;\"><a href=\"https:\/\/nplink.net\/s0bdfw0l\"><button>Zakup na stronie producenta (-50%)<\/button><\/a><\/p>\n<h2>Por\u00f3wnanie Ofert: Ceny i Dost\u0119pno\u015b\u0107 NuviaLab Immune<\/h2>\n<p>Producent NuviaLab Immune stawia na dost\u0119pno\u015b\u0107 dla klient\u00f3w, dlatego produkt mo\u017cna naby\u0107 bezpo\u015brednio na oficjalnej stronie producenta, eliminuj\u0105c po\u015brednik\u00f3w i dodatkowe koszty. Dodatkowo, na stronie regularnie pojawiaj\u0105 si\u0119 promocje i rabaty, kt\u00f3re warto \u015bledzi\u0107. Warto zauwa\u017cy\u0107, \u017ce NuviaLab Immune nie jest dost\u0119pny w stacjonarnych aptekach, co dodatkowo potwierdza oryginalno\u015b\u0107 produktu, kt\u00f3ry mo\u017cna zakupi\u0107 wy\u0142\u0105cznie u producenta. Dzi\u0119ki temu, klient ma pewno\u015b\u0107, \u017ce otrzymuje wysokiej jako\u015bci produkt bez zb\u0119dnych po\u015brednik\u00f3w.<\/p>\n<\/div>\n<\/div>\n<\/div>\n<\/div>\n<\/div>\n<\/div>\n<\/div>\n<\/div>\n<\/div>\n<\/div>\n<\/div>\n<\/div>\n","protected":false},"excerpt":{"rendered":"<p style=\"text-align: center;\"><a href=\"https:\/\/nplink.net\/s0bdfw0l\"><button>Kup teraz<\/button><\/a><\/p>\n<p>SKU:\u00a0<span class=\"sku\">789.878.089<\/span><\/p>\n<hr \/>\n<p><small>Produkt sprzedawany jest wy\u0142\u0105cznie za po\u015brednictwem oficjalnej strony producenta, id\u017a i kupuj bezpiecznie!<\/small><\/p>\n","protected":false},"featured_media":523,"comment_status":"open","ping_status":"closed","template":"","meta":[],"product_brand":[],"product_cat":[15],"product_tag":[],"class_list":{"0":"post-522","1":"product","2":"type-product","3":"status-publish","4":"has-post-thumbnail","6":"product_cat-supl","7":"thunk-woo-product-list","8":"opn-qv-enable","9":"top-store-woo-hover-","10":"top-store-single-product-tab-horizontal","11":"top-store-shadow-","12":"top-store-shadow-hover-","14":"first","15":"instock","16":"shipping-taxable","17":"purchasable","18":"product-type-simple"},"yoast_head":"<!-- This site is optimized with the Yoast SEO plugin v27.4 - https:\/\/yoast.com\/product\/yoast-seo-wordpress\/ -->\n<title>NuviaLab Immune - kup suplement, cena w aptece, sk\u0142ad, dzia\u0142anie<\/title>\n<meta name=\"robots\" content=\"index, follow, max-snippet:-1, max-image-preview:large, max-video-preview:-1\" \/>\n<link rel=\"canonical\" href=\"https:\/\/lekarzeopole.pl\/wordpress\/product\/nuvialab-immune\/\" \/>\n<meta property=\"og:locale\" content=\"pl_PL\" \/>\n<meta property=\"og:type\" content=\"article\" \/>\n<meta property=\"og:title\" content=\"NuviaLab Immune - kup suplement, cena w aptece, sk\u0142ad, dzia\u0142anie\" \/>\n<meta property=\"og:description\" content=\"Kup teraz SKU:\u00a0789.878.089    Produkt sprzedawany jest wy\u0142\u0105cznie za po\u015brednictwem oficjalnej strony producenta, id\u017a i kupuj bezpiecznie!\" \/>\n<meta property=\"og:url\" content=\"https:\/\/lekarzeopole.pl\/wordpress\/product\/nuvialab-immune\/\" \/>\n<meta property=\"og:site_name\" content=\"Lekarze Opole\" \/>\n<meta property=\"article:modified_time\" content=\"2024-07-09T06:21:39+00:00\" \/>\n<meta property=\"og:image\" content=\"https:\/\/lekarzeopole.pl\/wordpress\/wp-content\/uploads\/2024\/02\/nuvialab-immune.webp\" \/>\n\t<meta property=\"og:image:width\" content=\"530\" \/>\n\t<meta property=\"og:image:height\" content=\"530\" \/>\n\t<meta property=\"og:image:type\" content=\"image\/webp\" \/>\n<meta name=\"twitter:card\" content=\"summary_large_image\" \/>\n<meta name=\"twitter:label1\" content=\"Szacowany czas czytania\" \/>\n\t<meta name=\"twitter:data1\" content=\"5 minut\" \/>\n<script type=\"application\/ld+json\" class=\"yoast-schema-graph\">{\"@context\":\"https:\\\/\\\/schema.org\",\"@graph\":[{\"@type\":\"WebPage\",\"@id\":\"https:\\\/\\\/lekarzeopole.pl\\\/wordpress\\\/product\\\/nuvialab-immune\\\/\",\"url\":\"https:\\\/\\\/lekarzeopole.pl\\\/wordpress\\\/product\\\/nuvialab-immune\\\/\",\"name\":\"NuviaLab Immune - kup suplement, cena w aptece, sk\u0142ad, dzia\u0142anie\",\"isPartOf\":{\"@id\":\"https:\\\/\\\/lekarzeopole.pl\\\/wordpress\\\/#website\"},\"primaryImageOfPage\":{\"@id\":\"https:\\\/\\\/lekarzeopole.pl\\\/wordpress\\\/product\\\/nuvialab-immune\\\/#primaryimage\"},\"image\":{\"@id\":\"https:\\\/\\\/lekarzeopole.pl\\\/wordpress\\\/product\\\/nuvialab-immune\\\/#primaryimage\"},\"thumbnailUrl\":\"https:\\\/\\\/lekarzeopole.pl\\\/wordpress\\\/wp-content\\\/uploads\\\/2024\\\/02\\\/nuvialab-immune.webp\",\"datePublished\":\"2024-02-12T10:07:36+00:00\",\"dateModified\":\"2024-07-09T06:21:39+00:00\",\"breadcrumb\":{\"@id\":\"https:\\\/\\\/lekarzeopole.pl\\\/wordpress\\\/product\\\/nuvialab-immune\\\/#breadcrumb\"},\"inLanguage\":\"pl-PL\",\"potentialAction\":[{\"@type\":\"ReadAction\",\"target\":[\"https:\\\/\\\/lekarzeopole.pl\\\/wordpress\\\/product\\\/nuvialab-immune\\\/\"]}]},{\"@type\":\"ImageObject\",\"inLanguage\":\"pl-PL\",\"@id\":\"https:\\\/\\\/lekarzeopole.pl\\\/wordpress\\\/product\\\/nuvialab-immune\\\/#primaryimage\",\"url\":\"https:\\\/\\\/lekarzeopole.pl\\\/wordpress\\\/wp-content\\\/uploads\\\/2024\\\/02\\\/nuvialab-immune.webp\",\"contentUrl\":\"https:\\\/\\\/lekarzeopole.pl\\\/wordpress\\\/wp-content\\\/uploads\\\/2024\\\/02\\\/nuvialab-immune.webp\",\"width\":530,\"height\":530,\"caption\":\"NuviaLab Immune\"},{\"@type\":\"BreadcrumbList\",\"@id\":\"https:\\\/\\\/lekarzeopole.pl\\\/wordpress\\\/product\\\/nuvialab-immune\\\/#breadcrumb\",\"itemListElement\":[{\"@type\":\"ListItem\",\"position\":1,\"name\":\"\u0413\u043b\u0430\u0432\u043d\u0430\u044f \u0441\u0442\u0440\u0430\u043d\u0438\u0446\u0430\",\"item\":\"https:\\\/\\\/lekarzeopole.pl\\\/wordpress\\\/\"},{\"@type\":\"ListItem\",\"position\":2,\"name\":\"Zakup\",\"item\":\"https:\\\/\\\/lekarzeopole.pl\\\/wordpress\\\/\"},{\"@type\":\"ListItem\",\"position\":3,\"name\":\"NuviaLab Immune\"}]},{\"@type\":\"WebSite\",\"@id\":\"https:\\\/\\\/lekarzeopole.pl\\\/wordpress\\\/#website\",\"url\":\"https:\\\/\\\/lekarzeopole.pl\\\/wordpress\\\/\",\"name\":\"Lekarze Opole\",\"description\":\"\",\"potentialAction\":[{\"@type\":\"SearchAction\",\"target\":{\"@type\":\"EntryPoint\",\"urlTemplate\":\"https:\\\/\\\/lekarzeopole.pl\\\/wordpress\\\/?s={search_term_string}\"},\"query-input\":{\"@type\":\"PropertyValueSpecification\",\"valueRequired\":true,\"valueName\":\"search_term_string\"}}],\"inLanguage\":\"pl-PL\"}]}<\/script>\n<!-- \/ Yoast SEO plugin. -->","yoast_head_json":{"title":"NuviaLab Immune - kup suplement, cena w aptece, sk\u0142ad, dzia\u0142anie","robots":{"index":"index","follow":"follow","max-snippet":"max-snippet:-1","max-image-preview":"max-image-preview:large","max-video-preview":"max-video-preview:-1"},"canonical":"https:\/\/lekarzeopole.pl\/wordpress\/product\/nuvialab-immune\/","og_locale":"pl_PL","og_type":"article","og_title":"NuviaLab Immune - kup suplement, cena w aptece, sk\u0142ad, dzia\u0142anie","og_description":"Kup teraz SKU:\u00a0789.878.089    Produkt sprzedawany jest wy\u0142\u0105cznie za po\u015brednictwem oficjalnej strony producenta, id\u017a i kupuj bezpiecznie!","og_url":"https:\/\/lekarzeopole.pl\/wordpress\/product\/nuvialab-immune\/","og_site_name":"Lekarze Opole","article_modified_time":"2024-07-09T06:21:39+00:00","og_image":[{"width":530,"height":530,"url":"https:\/\/lekarzeopole.pl\/wordpress\/wp-content\/uploads\/2024\/02\/nuvialab-immune.webp","type":"image\/webp"}],"twitter_card":"summary_large_image","twitter_misc":{"Szacowany czas czytania":"5 minut"},"schema":{"@context":"https:\/\/schema.org","@graph":[{"@type":"WebPage","@id":"https:\/\/lekarzeopole.pl\/wordpress\/product\/nuvialab-immune\/","url":"https:\/\/lekarzeopole.pl\/wordpress\/product\/nuvialab-immune\/","name":"NuviaLab Immune - kup suplement, cena w aptece, sk\u0142ad, dzia\u0142anie","isPartOf":{"@id":"https:\/\/lekarzeopole.pl\/wordpress\/#website"},"primaryImageOfPage":{"@id":"https:\/\/lekarzeopole.pl\/wordpress\/product\/nuvialab-immune\/#primaryimage"},"image":{"@id":"https:\/\/lekarzeopole.pl\/wordpress\/product\/nuvialab-immune\/#primaryimage"},"thumbnailUrl":"https:\/\/lekarzeopole.pl\/wordpress\/wp-content\/uploads\/2024\/02\/nuvialab-immune.webp","datePublished":"2024-02-12T10:07:36+00:00","dateModified":"2024-07-09T06:21:39+00:00","breadcrumb":{"@id":"https:\/\/lekarzeopole.pl\/wordpress\/product\/nuvialab-immune\/#breadcrumb"},"inLanguage":"pl-PL","potentialAction":[{"@type":"ReadAction","target":["https:\/\/lekarzeopole.pl\/wordpress\/product\/nuvialab-immune\/"]}]},{"@type":"ImageObject","inLanguage":"pl-PL","@id":"https:\/\/lekarzeopole.pl\/wordpress\/product\/nuvialab-immune\/#primaryimage","url":"https:\/\/lekarzeopole.pl\/wordpress\/wp-content\/uploads\/2024\/02\/nuvialab-immune.webp","contentUrl":"https:\/\/lekarzeopole.pl\/wordpress\/wp-content\/uploads\/2024\/02\/nuvialab-immune.webp","width":530,"height":530,"caption":"NuviaLab Immune"},{"@type":"BreadcrumbList","@id":"https:\/\/lekarzeopole.pl\/wordpress\/product\/nuvialab-immune\/#breadcrumb","itemListElement":[{"@type":"ListItem","position":1,"name":"\u0413\u043b\u0430\u0432\u043d\u0430\u044f \u0441\u0442\u0440\u0430\u043d\u0438\u0446\u0430","item":"https:\/\/lekarzeopole.pl\/wordpress\/"},{"@type":"ListItem","position":2,"name":"Zakup","item":"https:\/\/lekarzeopole.pl\/wordpress\/"},{"@type":"ListItem","position":3,"name":"NuviaLab Immune"}]},{"@type":"WebSite","@id":"https:\/\/lekarzeopole.pl\/wordpress\/#website","url":"https:\/\/lekarzeopole.pl\/wordpress\/","name":"Lekarze Opole","description":"","potentialAction":[{"@type":"SearchAction","target":{"@type":"EntryPoint","urlTemplate":"https:\/\/lekarzeopole.pl\/wordpress\/?s={search_term_string}"},"query-input":{"@type":"PropertyValueSpecification","valueRequired":true,"valueName":"search_term_string"}}],"inLanguage":"pl-PL"}]}},"_links":{"self":[{"href":"https:\/\/lekarzeopole.pl\/wordpress\/wp-json\/wp\/v2\/product\/522","targetHints":{"allow":["GET"]}}],"collection":[{"href":"https:\/\/lekarzeopole.pl\/wordpress\/wp-json\/wp\/v2\/product"}],"about":[{"href":"https:\/\/lekarzeopole.pl\/wordpress\/wp-json\/wp\/v2\/types\/product"}],"replies":[{"embeddable":true,"href":"https:\/\/lekarzeopole.pl\/wordpress\/wp-json\/wp\/v2\/comments?post=522"}],"wp:featuredmedia":[{"embeddable":true,"href":"https:\/\/lekarzeopole.pl\/wordpress\/wp-json\/wp\/v2\/media\/523"}],"wp:attachment":[{"href":"https:\/\/lekarzeopole.pl\/wordpress\/wp-json\/wp\/v2\/media?parent=522"}],"wp:term":[{"taxonomy":"product_brand","embeddable":true,"href":"https:\/\/lekarzeopole.pl\/wordpress\/wp-json\/wp\/v2\/product_brand?post=522"},{"taxonomy":"product_cat","embeddable":true,"href":"https:\/\/lekarzeopole.pl\/wordpress\/wp-json\/wp\/v2\/product_cat?post=522"},{"taxonomy":"product_tag","embeddable":true,"href":"https:\/\/lekarzeopole.pl\/wordpress\/wp-json\/wp\/v2\/product_tag?post=522"}],"curies":[{"name":"wp","href":"https:\/\/api.w.org\/{rel}","templated":true}]}}