{"id":500,"date":"2024-02-12T08:33:05","date_gmt":"2024-02-12T08:33:05","guid":{"rendered":"https:\/\/lekarzeopole.pl\/wordpress\/?post_type=product&#038;p=500"},"modified":"2024-06-08T09:26:02","modified_gmt":"2024-06-08T09:26:02","slug":"nuvialab-female-fertility","status":"publish","type":"product","link":"https:\/\/lekarzeopole.pl\/wordpress\/product\/nuvialab-female-fertility\/","title":{"rendered":"NuviaLab Female Fertility"},"content":{"rendered":"<div class=\"w-full text-token-text-primary\" data-testid=\"conversation-turn-2\">\n<div class=\"px-4 py-2 justify-center text-base md:gap-6 m-auto\">\n<div class=\"flex flex-1 text-base mx-auto gap-3 md:px-5 lg:px-1 xl:px-5 md:max-w-3xl lg:max-w-[40rem] xl:max-w-[48rem] group\">\n<div class=\"relative flex w-full flex-col lg:w-[calc(100%-115px)]\">\n<div class=\"flex-col gap-1 md:gap-3\">\n<div class=\"flex flex-grow flex-col max-w-full\">\n<div class=\"min-h-[20px] text-message flex flex-col items-start gap-3 whitespace-pre-wrap break-words [.text-message+&amp;]:mt-5 overflow-x-auto\" data-message-author-role=\"user\" data-message-id=\"aaa231ce-09e8-4345-8e69-762f91100bbb\"><\/div>\n<\/div>\n<\/div>\n<\/div>\n<\/div>\n<\/div>\n<\/div>\n<div class=\"w-full text-token-text-primary\" data-testid=\"conversation-turn-3\">\n<div class=\"px-4 py-2 justify-center text-base md:gap-6 m-auto\">\n<div class=\"flex flex-1 text-base mx-auto gap-3 md:px-5 lg:px-1 xl:px-5 md:max-w-3xl lg:max-w-[40rem] xl:max-w-[48rem] group\">\n<div class=\"relative flex w-full flex-col lg:w-[calc(100%-115px)] agent-turn\">\n<div class=\"flex-col gap-1 md:gap-3\">\n<div class=\"flex flex-grow flex-col max-w-full\">\n<div class=\"min-h-[20px] text-message flex flex-col items-start gap-3 whitespace-pre-wrap break-words [.text-message+&amp;]:mt-5 overflow-x-auto\" data-message-author-role=\"assistant\" data-message-id=\"b9906ac6-6c02-4360-9c4b-d81bd0749a9e\">\n<div class=\"markdown prose w-full break-words dark:prose-invert light\">\n<p>Wsp\u00f3\u0142czesny tryb \u017cycia, stres, niew\u0142a\u015bciwa dieta i inne czynniki mog\u0105 negatywnie wp\u0142ywa\u0107 na zdrowie reprodukcyjne kobiet. Dla wielu os\u00f3b p\u0142odno\u015b\u0107 staje si\u0119 kwesti\u0105 trudn\u0105 do osi\u0105gni\u0119cia, a szukanie naturalnych sposob\u00f3w wspieraj\u0105cych zdrowie reprodukcyjne staje si\u0119 niezwykle istotne. W odpowiedzi na te potrzeby, NuviaLab opracowa\u0142a innowacyjny produkt &#8211; Female Fertility, kapsu\u0142ki, kt\u00f3re opieraj\u0105 si\u0119 na mocy naturalnych sk\u0142adnik\u00f3w, aby wspiera\u0107 zdrowie reprodukcyjne kobiet w spos\u00f3b bezpieczny i skuteczny.<\/p>\n<h2>Wskazania do stosowania NuviaLab Female Fertility<\/h2>\n<p>NuviaLab Female Fertility jest dedykowany dla kobiet, kt\u00f3re chc\u0105 naturalnie wspom\u00f3c swoj\u0105 p\u0142odno\u015b\u0107 i og\u00f3lne zdrowie reprodukcyjne. Przeznaczony jest zar\u00f3wno dla kobiet, kt\u00f3re chc\u0105 zaj\u015b\u0107 w ci\u0105\u017c\u0119, jak i tych, kt\u00f3re chc\u0105 dba\u0107 o swoje zdrowie reprodukcyjne na co dzie\u0144. Mo\u017ce by\u0107 r\u00f3wnie\u017c stosowany jako wsparcie w przypadku r\u00f3\u017cnych zaburze\u0144 hormonalnych czy nieregularno\u015bci cyklu menstruacyjnego.<\/p>\n<h2>Sk\u0142ad i dzia\u0142anie sk\u0142adnik\u00f3w NuviaLab Female Fertility<\/h2>\n<p>NuviaLab Female Fertility zawiera starannie dobrany zestaw naturalnych sk\u0142adnik\u00f3w, kt\u00f3re dzia\u0142aj\u0105 synergistycznie, wspieraj\u0105c zdrowie reprodukcyjne kobiet. W\u015br\u00f3d g\u0142\u00f3wnych sk\u0142adnik\u00f3w znajduj\u0105 si\u0119:<\/p>\n<ul>\n<li><strong>Witamina E<\/strong>: Znana z w\u0142a\u015bciwo\u015bci antyoksydacyjnych, witamina E mo\u017ce pom\u00f3c w ochronie kom\u00f3rek przed stresem oksydacyjnym, co jest istotne dla zdrowia kom\u00f3rek jajowych i macicy.<\/li>\n<li><strong>Kwas foliowy<\/strong>: Niezwykle wa\u017cny w procesie podzia\u0142u kom\u00f3rek, w tym w produkcji nowych kom\u00f3rek jajowych. Kwas foliowy odgrywa istotn\u0105 rol\u0119 w profilaktyce wad wrodzonych u potomstwa.<\/li>\n<li><strong>Wyci\u0105g z korzenia maca<\/strong>: Znany z w\u0142a\u015bciwo\u015bci adaptogennych, korze\u0144 maca mo\u017ce pom\u00f3c w regulacji hormon\u00f3w oraz poprawie libido i p\u0142odno\u015bci.<\/li>\n<li><strong>Ekstrakt z owoc\u00f3w granatu<\/strong>: Bogaty w przeciwutleniacze, ekstrakt z owoc\u00f3w granatu mo\u017ce wspiera\u0107 zdrowie kom\u00f3rek jajowych oraz regulowa\u0107 cykl menstruacyjny.<\/li>\n<li><strong>Kwas alfa-liponowy<\/strong>: Pomaga w ochronie kom\u00f3rek przed uszkodzeniami oksydacyjnymi, co mo\u017ce by\u0107 istotne dla zdrowia reprodukcyjnego.<\/li>\n<\/ul>\n<p>Dzia\u0142anie tych sk\u0142adnik\u00f3w dzia\u0142a kompleksowo, wspieraj\u0105c zar\u00f3wno fizyczne jak i hormonalne aspekty zdrowia reprodukcyjnego kobiet.<\/p>\n<h2>Efekty NuviaLab Female Fertility i ich charakterystyka<\/h2>\n<p>Regularne stosowanie NuviaLab Female Fertility mo\u017ce przynie\u015b\u0107 szereg korzy\u015bci dla zdrowia reprodukcyjnego kobiet. W\u015br\u00f3d potencjalnych efekt\u00f3w mo\u017cna wymieni\u0107:<\/p>\n<ul>\n<li><strong>Poprawa p\u0142odno\u015bci<\/strong>: Dzi\u0119ki sk\u0142adnikom wspieraj\u0105cym produkcj\u0119 kom\u00f3rek jajowych oraz reguluj\u0105cym hormony, NuviaLab Female Fertility mo\u017ce pom\u00f3c w poprawie p\u0142odno\u015bci.<\/li>\n<li><strong>Regulacja cyklu menstruacyjnego<\/strong>: Sk\u0142adniki takie jak kwas foliowy czy ekstrakt z owoc\u00f3w granatu mog\u0105 pom\u00f3c w regulacji cyklu menstruacyjnego, co jest istotne dla planowania ci\u0105\u017cy.<\/li>\n<li><strong>Zwi\u0119kszenie libido<\/strong>: Niekt\u00f3re sk\u0142adniki, takie jak ekstrakt z korzenia maca, mog\u0105 pom\u00f3c w zwi\u0119kszeniu libido i poprawie \u017cycia seksualnego.<\/li>\n<li><strong>Ochrona kom\u00f3rek przed stresem oksydacyjnym<\/strong>: Dzi\u0119ki dzia\u0142aniu antyoksydacyjnemu, NuviaLab Female Fertility mo\u017ce pom\u00f3c w ochronie kom\u00f3rek jajowych przed uszkodzeniami oksydacyjnymi, co jest istotne dla zdrowia reprodukcyjnego.<\/li>\n<\/ul>\n<p>Te efekty mog\u0105 by\u0107 odczuwalne po regularnym i d\u0142ugoterminowym stosowaniu preparatu.<\/p>\n<p style=\"text-align: center;\"><a href=\"https:\/\/nplink.net\/pam273az\"><button>www.nuvialab.pl<\/button><\/a><\/p>\n<h2>Ryzyko skutk\u00f3w ubocznych<\/h2>\n<p>NuviaLab Female Fertility opiera si\u0119 wy\u0142\u0105cznie na naturalnych sk\u0142adnikach, co sprawia, \u017ce ryzyko skutk\u00f3w ubocznych jest minimalne. Ze wzgl\u0119du na brak substancji chemicznych i sztucznych dodatk\u00f3w, preparat jest dobrze tolerowany przez organizm i nie powinien powodowa\u0107 niepo\u017c\u0105danych efekt\u00f3w ubocznych. Niemniej jednak, jak w przypadku ka\u017cdego suplementu diety, zaleca si\u0119 skonsultowanie si\u0119 z lekarzem przed rozpocz\u0119ciem stosowania, zw\u0142aszcza w przypadku kobiet w ci\u0105\u017cy, karmi\u0105cych piersi\u0105, b\u0105d\u017a os\u00f3b stosuj\u0105cych inne leki.<\/p>\n<p><em>NuviaLab Female Fertility to innowacyjny produkt, kt\u00f3ry oferuje wsparcie dla zdrowia reprodukcyjnego kobiet poprzez naturalne sk\u0142adniki. Dzi\u0119ki starannie dobranym sk\u0142adnikom, preparat mo\u017ce przynie\u015b\u0107 szereg korzy\u015bci dla p\u0142odno\u015bci, cyklu menstruacyjnego oraz og\u00f3lnego zdrowia reprodukcyjnego. Bezpieczne stosowanie i minimalne ryzyko skutk\u00f3w ubocznych sprawiaj\u0105, \u017ce NuviaLab Female Fertility mo\u017ce by\u0107 warto\u015bciowym dodatkiem do codziennej rutyny dbania o zdrowie kobiet. Niemniej jednak, zaleca si\u0119 skonsultowanie si\u0119 z lekarzem przed rozpocz\u0119ciem stosowania, zw\u0142aszcza w przypadku kobiet maj\u0105cych problemy zdrowotne lub przyjmuj\u0105cych inne leki.<\/em><\/p>\n<\/div>\n<\/div>\n<\/div>\n<\/div>\n<\/div>\n<\/div>\n<\/div>\n<\/div>\n<div class=\"w-full text-token-text-primary\" data-testid=\"conversation-turn-5\">\n<div class=\"px-4 py-2 justify-center text-base md:gap-6 m-auto\">\n<div class=\"flex flex-1 text-base mx-auto gap-3 md:px-5 lg:px-1 xl:px-5 md:max-w-3xl lg:max-w-[40rem] xl:max-w-[48rem] group final-completion\">\n<div class=\"relative flex w-full flex-col lg:w-[calc(100%-115px)] agent-turn\">\n<div class=\"flex-col gap-1 md:gap-3\">\n<div class=\"flex flex-grow flex-col max-w-full\">\n<div class=\"min-h-[20px] text-message flex flex-col items-start gap-3 whitespace-pre-wrap break-words [.text-message+&amp;]:mt-5 overflow-x-auto\" data-message-author-role=\"assistant\" data-message-id=\"043a9928-ac4f-4428-8b06-b7978a2507a9\">\n<div class=\"markdown prose w-full break-words dark:prose-invert light\">\n<h2>Opinie klient\u00f3w o NuviaLab Female Fertility: fora po\u015bwi\u0119cone zdrowiu<\/h2>\n<p>W Polsce fora internetowe po\u015bwi\u0119cone zdrowiu ciesz\u0105 si\u0119 ogromn\u0105 popularno\u015bci\u0105. S\u0105 to miejsca, gdzie ludzie dziel\u0105 si\u0119 swoimi do\u015bwiadczeniami z r\u00f3\u017cnymi produktami, w tym suplementami diety. NuviaLab Female Fertility zyskuje coraz wi\u0119ksz\u0105 popularno\u015b\u0107 w\u015br\u00f3d u\u017cytkownik\u00f3w tych\u017ce platform. Wi\u0119kszo\u015b\u0107 opinii jest pozytywna, a u\u017cytkownicy opisuj\u0105 korzystne efekty suplementu oraz jego dost\u0119pno\u015b\u0107.<\/p>\n<p>Oto kilka opinii od u\u017cytkownik\u00f3w:<\/p>\n<ol>\n<li><strong>Anna<\/strong>: &#8222;Stara\u0142am si\u0119 o dziecko przez d\u0142ugi czas, ale bez skutku. Postanowi\u0142am spr\u00f3bowa\u0107 NuviaLab Female Fertility i nie mog\u0142am by\u0107 bardziej zadowolona! Po kilku miesi\u0105cach stosowania, zasz\u0142am w ci\u0105\u017c\u0119! Gor\u0105co polecam ka\u017cdej kobiecie, kt\u00f3ra ma problemy z p\u0142odno\u015bci\u0105.&#8221;<\/li>\n<li><strong>Katarzyna<\/strong>: &#8222;Zawsze mia\u0142am nieregularny cykl menstruacyjny, co powodowa\u0142o wiele frustracji. Zdecydowa\u0142am si\u0119 wypr\u00f3bowa\u0107 NuviaLab Female Fertility i nie \u017ca\u0142uj\u0119! Po kilku tygodniach stosowania, m\u00f3j cykl si\u0119 uregulowa\u0142, a ja czuj\u0119 si\u0119 o wiele lepiej. Polecam ka\u017cdej kobiecie z podobnymi problemami.&#8221;<\/li>\n<\/ol>\n<h2>Spos\u00f3b podawania i dawkowanie<\/h2>\n<p>NuviaLab Female Fertility jest \u0142atwy w u\u017cyciu. Zaleca si\u0119 przyjmowanie dw\u00f3ch kapsu\u0142ek dziennie, preferowanych najlepiej podczas posi\u0142ku. Kapsu\u0142ki nale\u017cy popi\u0107 du\u017c\u0105 ilo\u015bci\u0105 wody. Regularne stosowanie suplementu mo\u017ce przynie\u015b\u0107 najlepsze rezultaty, dlatego zaleca si\u0119 trzymanie si\u0119 zalecanej dawki przez d\u0142u\u017cszy okres czasu.<\/p>\n<h2>Kup teraz NuviaLab Female Fertility z dostaw\u0105<\/h2>\n<p>Zam\u00f3wienie NuviaLab Female Fertility jest \u0142atwe i wygodne. Produkt mo\u017cna zakupi\u0107 online, bez konieczno\u015bci op\u0142acania go z g\u00f3ry. P\u0142atno\u015b\u0107 dokonuje si\u0119 dopiero przy odbiorze przesy\u0142ki, co zapewnia pewno\u015b\u0107 co do otrzymania oryginalnego produktu bez ryzyka. Dostawa realizowana jest w ci\u0105gu 3-4 dni roboczych na terenie Polski. Dodatkowo, ka\u017cde zam\u00f3wienie jest potwierdzane telefonicznie przez specjalist\u0119, kt\u00f3ry s\u0142u\u017cy pomoc\u0105 w kwestiach dotycz\u0105cych ilo\u015bci produktu oraz aktualnych promocji.<\/p>\n<p style=\"text-align: center;\"><a href=\"https:\/\/nplink.net\/pam273az\"><button>Zakup na stronie producenta (-50%)<\/button><\/a><\/p>\n<h2>Por\u00f3wnanie ofert: ceny i dost\u0119pno\u015b\u0107 NuviaLab Female Fertility<\/h2>\n<p>Producenci NuviaLab Female Fertility stawiaj\u0105 na bezpo\u015bredni kontakt z klientem i zapewnienie mu \u0142atwego dost\u0119pu do produktu. Dlatego te\u017c suplement nie jest dost\u0119pny w tradycyjnych aptekach, ale mo\u017cna go naby\u0107 bezpo\u015brednio na oficjalnej stronie producenta, eliminuj\u0105c w ten spos\u00f3b po\u015brednik\u00f3w i dodatkowe koszty. Dodatkowo, na stronie producenta regularnie pojawiaj\u0105 si\u0119 promocje i zni\u017cki, kt\u00f3re warto \u015bledzi\u0107. Dzi\u0119ki temu, NuviaLab Female Fertility jest dost\u0119pny dla ka\u017cdego, kto pragnie wspom\u00f3c swoje zdrowie reprodukcyjne w spos\u00f3b bezpieczny i skuteczny.<\/p>\n<\/div>\n<\/div>\n<\/div>\n<\/div>\n<\/div>\n<\/div>\n<\/div>\n<\/div>\n","protected":false},"excerpt":{"rendered":"<p style=\"text-align: center;\"><a href=\"https:\/\/nplink.net\/pam273az\"><button>Kup teraz<\/button><\/a><\/p>\n<p>SKU:\u00a0<span class=\"sku\">789.878.078<\/span><\/p>\n<hr \/>\n<p><small>Produkt sprzedawany jest wy\u0142\u0105cznie za po\u015brednictwem oficjalnej strony producenta, id\u017a i kupuj bezpiecznie!<\/small><\/p>\n","protected":false},"featured_media":501,"comment_status":"open","ping_status":"closed","template":"","meta":[],"product_brand":[],"product_cat":[15],"product_tag":[],"class_list":{"0":"post-500","1":"product","2":"type-product","3":"status-publish","4":"has-post-thumbnail","6":"product_cat-supl","7":"thunk-woo-product-list","8":"opn-qv-enable","9":"top-store-woo-hover-","10":"top-store-single-product-tab-horizontal","11":"top-store-shadow-","12":"top-store-shadow-hover-","14":"first","15":"instock","16":"shipping-taxable","17":"purchasable","18":"product-type-simple"},"yoast_head":"<!-- This site is optimized with the Yoast SEO plugin v27.4 - https:\/\/yoast.com\/product\/yoast-seo-wordpress\/ -->\n<title>NuviaLab Female Fertility - kup suplement, cena w aptece, sk\u0142ad, dzia\u0142anie<\/title>\n<meta name=\"robots\" content=\"index, follow, max-snippet:-1, max-image-preview:large, max-video-preview:-1\" \/>\n<link rel=\"canonical\" href=\"https:\/\/lekarzeopole.pl\/wordpress\/product\/nuvialab-female-fertility\/\" \/>\n<meta property=\"og:locale\" content=\"pl_PL\" \/>\n<meta property=\"og:type\" content=\"article\" \/>\n<meta property=\"og:title\" content=\"NuviaLab Female Fertility - kup suplement, cena w aptece, sk\u0142ad, dzia\u0142anie\" \/>\n<meta property=\"og:description\" content=\"Kup teraz SKU:\u00a0789.878.078    Produkt sprzedawany jest wy\u0142\u0105cznie za po\u015brednictwem oficjalnej strony producenta, id\u017a i kupuj bezpiecznie!\" \/>\n<meta property=\"og:url\" content=\"https:\/\/lekarzeopole.pl\/wordpress\/product\/nuvialab-female-fertility\/\" \/>\n<meta property=\"og:site_name\" content=\"Lekarze Opole\" \/>\n<meta property=\"article:modified_time\" content=\"2024-06-08T09:26:02+00:00\" \/>\n<meta property=\"og:image\" content=\"https:\/\/lekarzeopole.pl\/wordpress\/wp-content\/uploads\/2024\/02\/nuvialab-female-fertility.webp\" \/>\n\t<meta property=\"og:image:width\" content=\"620\" \/>\n\t<meta property=\"og:image:height\" content=\"564\" \/>\n\t<meta property=\"og:image:type\" content=\"image\/webp\" \/>\n<meta name=\"twitter:card\" content=\"summary_large_image\" \/>\n<meta name=\"twitter:label1\" content=\"Szacowany czas czytania\" \/>\n\t<meta name=\"twitter:data1\" content=\"6 minut\" \/>\n<script type=\"application\/ld+json\" class=\"yoast-schema-graph\">{\"@context\":\"https:\\\/\\\/schema.org\",\"@graph\":[{\"@type\":\"WebPage\",\"@id\":\"https:\\\/\\\/lekarzeopole.pl\\\/wordpress\\\/product\\\/nuvialab-female-fertility\\\/\",\"url\":\"https:\\\/\\\/lekarzeopole.pl\\\/wordpress\\\/product\\\/nuvialab-female-fertility\\\/\",\"name\":\"NuviaLab Female Fertility - kup suplement, cena w aptece, sk\u0142ad, dzia\u0142anie\",\"isPartOf\":{\"@id\":\"https:\\\/\\\/lekarzeopole.pl\\\/wordpress\\\/#website\"},\"primaryImageOfPage\":{\"@id\":\"https:\\\/\\\/lekarzeopole.pl\\\/wordpress\\\/product\\\/nuvialab-female-fertility\\\/#primaryimage\"},\"image\":{\"@id\":\"https:\\\/\\\/lekarzeopole.pl\\\/wordpress\\\/product\\\/nuvialab-female-fertility\\\/#primaryimage\"},\"thumbnailUrl\":\"https:\\\/\\\/lekarzeopole.pl\\\/wordpress\\\/wp-content\\\/uploads\\\/2024\\\/02\\\/nuvialab-female-fertility.webp\",\"datePublished\":\"2024-02-12T08:33:05+00:00\",\"dateModified\":\"2024-06-08T09:26:02+00:00\",\"breadcrumb\":{\"@id\":\"https:\\\/\\\/lekarzeopole.pl\\\/wordpress\\\/product\\\/nuvialab-female-fertility\\\/#breadcrumb\"},\"inLanguage\":\"pl-PL\",\"potentialAction\":[{\"@type\":\"ReadAction\",\"target\":[\"https:\\\/\\\/lekarzeopole.pl\\\/wordpress\\\/product\\\/nuvialab-female-fertility\\\/\"]}]},{\"@type\":\"ImageObject\",\"inLanguage\":\"pl-PL\",\"@id\":\"https:\\\/\\\/lekarzeopole.pl\\\/wordpress\\\/product\\\/nuvialab-female-fertility\\\/#primaryimage\",\"url\":\"https:\\\/\\\/lekarzeopole.pl\\\/wordpress\\\/wp-content\\\/uploads\\\/2024\\\/02\\\/nuvialab-female-fertility.webp\",\"contentUrl\":\"https:\\\/\\\/lekarzeopole.pl\\\/wordpress\\\/wp-content\\\/uploads\\\/2024\\\/02\\\/nuvialab-female-fertility.webp\",\"width\":620,\"height\":564,\"caption\":\"NuviaLab Female Fertility\"},{\"@type\":\"BreadcrumbList\",\"@id\":\"https:\\\/\\\/lekarzeopole.pl\\\/wordpress\\\/product\\\/nuvialab-female-fertility\\\/#breadcrumb\",\"itemListElement\":[{\"@type\":\"ListItem\",\"position\":1,\"name\":\"\u0413\u043b\u0430\u0432\u043d\u0430\u044f \u0441\u0442\u0440\u0430\u043d\u0438\u0446\u0430\",\"item\":\"https:\\\/\\\/lekarzeopole.pl\\\/wordpress\\\/\"},{\"@type\":\"ListItem\",\"position\":2,\"name\":\"Zakup\",\"item\":\"https:\\\/\\\/lekarzeopole.pl\\\/wordpress\\\/\"},{\"@type\":\"ListItem\",\"position\":3,\"name\":\"NuviaLab Female Fertility\"}]},{\"@type\":\"WebSite\",\"@id\":\"https:\\\/\\\/lekarzeopole.pl\\\/wordpress\\\/#website\",\"url\":\"https:\\\/\\\/lekarzeopole.pl\\\/wordpress\\\/\",\"name\":\"Lekarze Opole\",\"description\":\"\",\"potentialAction\":[{\"@type\":\"SearchAction\",\"target\":{\"@type\":\"EntryPoint\",\"urlTemplate\":\"https:\\\/\\\/lekarzeopole.pl\\\/wordpress\\\/?s={search_term_string}\"},\"query-input\":{\"@type\":\"PropertyValueSpecification\",\"valueRequired\":true,\"valueName\":\"search_term_string\"}}],\"inLanguage\":\"pl-PL\"}]}<\/script>\n<!-- \/ Yoast SEO plugin. -->","yoast_head_json":{"title":"NuviaLab Female Fertility - kup suplement, cena w aptece, sk\u0142ad, dzia\u0142anie","robots":{"index":"index","follow":"follow","max-snippet":"max-snippet:-1","max-image-preview":"max-image-preview:large","max-video-preview":"max-video-preview:-1"},"canonical":"https:\/\/lekarzeopole.pl\/wordpress\/product\/nuvialab-female-fertility\/","og_locale":"pl_PL","og_type":"article","og_title":"NuviaLab Female Fertility - kup suplement, cena w aptece, sk\u0142ad, dzia\u0142anie","og_description":"Kup teraz SKU:\u00a0789.878.078    Produkt sprzedawany jest wy\u0142\u0105cznie za po\u015brednictwem oficjalnej strony producenta, id\u017a i kupuj bezpiecznie!","og_url":"https:\/\/lekarzeopole.pl\/wordpress\/product\/nuvialab-female-fertility\/","og_site_name":"Lekarze Opole","article_modified_time":"2024-06-08T09:26:02+00:00","og_image":[{"width":620,"height":564,"url":"https:\/\/lekarzeopole.pl\/wordpress\/wp-content\/uploads\/2024\/02\/nuvialab-female-fertility.webp","type":"image\/webp"}],"twitter_card":"summary_large_image","twitter_misc":{"Szacowany czas czytania":"6 minut"},"schema":{"@context":"https:\/\/schema.org","@graph":[{"@type":"WebPage","@id":"https:\/\/lekarzeopole.pl\/wordpress\/product\/nuvialab-female-fertility\/","url":"https:\/\/lekarzeopole.pl\/wordpress\/product\/nuvialab-female-fertility\/","name":"NuviaLab Female Fertility - kup suplement, cena w aptece, sk\u0142ad, dzia\u0142anie","isPartOf":{"@id":"https:\/\/lekarzeopole.pl\/wordpress\/#website"},"primaryImageOfPage":{"@id":"https:\/\/lekarzeopole.pl\/wordpress\/product\/nuvialab-female-fertility\/#primaryimage"},"image":{"@id":"https:\/\/lekarzeopole.pl\/wordpress\/product\/nuvialab-female-fertility\/#primaryimage"},"thumbnailUrl":"https:\/\/lekarzeopole.pl\/wordpress\/wp-content\/uploads\/2024\/02\/nuvialab-female-fertility.webp","datePublished":"2024-02-12T08:33:05+00:00","dateModified":"2024-06-08T09:26:02+00:00","breadcrumb":{"@id":"https:\/\/lekarzeopole.pl\/wordpress\/product\/nuvialab-female-fertility\/#breadcrumb"},"inLanguage":"pl-PL","potentialAction":[{"@type":"ReadAction","target":["https:\/\/lekarzeopole.pl\/wordpress\/product\/nuvialab-female-fertility\/"]}]},{"@type":"ImageObject","inLanguage":"pl-PL","@id":"https:\/\/lekarzeopole.pl\/wordpress\/product\/nuvialab-female-fertility\/#primaryimage","url":"https:\/\/lekarzeopole.pl\/wordpress\/wp-content\/uploads\/2024\/02\/nuvialab-female-fertility.webp","contentUrl":"https:\/\/lekarzeopole.pl\/wordpress\/wp-content\/uploads\/2024\/02\/nuvialab-female-fertility.webp","width":620,"height":564,"caption":"NuviaLab Female Fertility"},{"@type":"BreadcrumbList","@id":"https:\/\/lekarzeopole.pl\/wordpress\/product\/nuvialab-female-fertility\/#breadcrumb","itemListElement":[{"@type":"ListItem","position":1,"name":"\u0413\u043b\u0430\u0432\u043d\u0430\u044f \u0441\u0442\u0440\u0430\u043d\u0438\u0446\u0430","item":"https:\/\/lekarzeopole.pl\/wordpress\/"},{"@type":"ListItem","position":2,"name":"Zakup","item":"https:\/\/lekarzeopole.pl\/wordpress\/"},{"@type":"ListItem","position":3,"name":"NuviaLab Female Fertility"}]},{"@type":"WebSite","@id":"https:\/\/lekarzeopole.pl\/wordpress\/#website","url":"https:\/\/lekarzeopole.pl\/wordpress\/","name":"Lekarze Opole","description":"","potentialAction":[{"@type":"SearchAction","target":{"@type":"EntryPoint","urlTemplate":"https:\/\/lekarzeopole.pl\/wordpress\/?s={search_term_string}"},"query-input":{"@type":"PropertyValueSpecification","valueRequired":true,"valueName":"search_term_string"}}],"inLanguage":"pl-PL"}]}},"_links":{"self":[{"href":"https:\/\/lekarzeopole.pl\/wordpress\/wp-json\/wp\/v2\/product\/500","targetHints":{"allow":["GET"]}}],"collection":[{"href":"https:\/\/lekarzeopole.pl\/wordpress\/wp-json\/wp\/v2\/product"}],"about":[{"href":"https:\/\/lekarzeopole.pl\/wordpress\/wp-json\/wp\/v2\/types\/product"}],"replies":[{"embeddable":true,"href":"https:\/\/lekarzeopole.pl\/wordpress\/wp-json\/wp\/v2\/comments?post=500"}],"wp:featuredmedia":[{"embeddable":true,"href":"https:\/\/lekarzeopole.pl\/wordpress\/wp-json\/wp\/v2\/media\/501"}],"wp:attachment":[{"href":"https:\/\/lekarzeopole.pl\/wordpress\/wp-json\/wp\/v2\/media?parent=500"}],"wp:term":[{"taxonomy":"product_brand","embeddable":true,"href":"https:\/\/lekarzeopole.pl\/wordpress\/wp-json\/wp\/v2\/product_brand?post=500"},{"taxonomy":"product_cat","embeddable":true,"href":"https:\/\/lekarzeopole.pl\/wordpress\/wp-json\/wp\/v2\/product_cat?post=500"},{"taxonomy":"product_tag","embeddable":true,"href":"https:\/\/lekarzeopole.pl\/wordpress\/wp-json\/wp\/v2\/product_tag?post=500"}],"curies":[{"name":"wp","href":"https:\/\/api.w.org\/{rel}","templated":true}]}}