{"id":50,"date":"2024-01-20T10:35:04","date_gmt":"2024-01-20T10:35:04","guid":{"rendered":"https:\/\/lekarzeopole.pl\/wordpress\/?post_type=product&#038;p=50"},"modified":"2025-02-05T17:41:44","modified_gmt":"2025-02-05T17:41:44","slug":"sanuslim","status":"publish","type":"product","link":"https:\/\/lekarzeopole.pl\/wordpress\/product\/sanuslim\/","title":{"rendered":"Sanuslim"},"content":{"rendered":"<div class=\"w-full text-token-text-primary\" data-testid=\"conversation-turn-3\">\n<div class=\"px-4 py-2 justify-center text-base md:gap-6 m-auto\">\n<div class=\"flex flex-1 text-base mx-auto gap-3 md:px-5 lg:px-1 xl:px-5 md:max-w-3xl lg:max-w-[40rem] xl:max-w-[48rem] group\">\n<div class=\"relative flex w-full flex-col lg:w-[calc(100%-115px)] agent-turn\">\n<div class=\"flex-col gap-1 md:gap-3\">\n<div class=\"flex flex-grow flex-col max-w-full\">\n<div class=\"min-h-[20px] text-message flex flex-col items-start gap-3 whitespace-pre-wrap break-words [.text-message+&amp;]:mt-5 overflow-x-auto\" data-message-author-role=\"assistant\" data-message-id=\"267b5fea-9d9a-40d4-ab2e-b485ca3b0c71\">\n<div class=\"markdown prose w-full break-words dark:prose-invert light\">\n<p>Suplement diety Sanuslim to innowacyjne kapsu\u0142ki, kt\u00f3re obiecuj\u0105 pozbycie si\u0119 nadmiernych kilogram\u00f3w raz na zawsze. Dzi\u0119ki najskuteczniejszym sk\u0142adnikom pochodzenia naturalnego, Sanuslim daje Ci to, czego oczekujesz \u2013 smuk\u0142\u0105 sylwetk\u0119, o kt\u00f3rej do tej pory mog\u0142a\u015b\/mog\u0142e\u015b tylko pomarzy\u0107! W tym artykule przyjrzymy si\u0119 bli\u017cej temu suplementowi, jego sk\u0142adnikom, efektom i opinii klient\u00f3w, aby dowiedzie\u0107 si\u0119, dlaczego Sanuslim zdobywa popularno\u015b\u0107 w Polsce.<\/p>\n<h2>Wskazania do Stosowania Suplementu Diety Sanuslim<\/h2>\n<p>Suplement diety Sanuslim jest odpowiedni dla wielu os\u00f3b, kt\u00f3re chc\u0105 schudn\u0105\u0107 skutecznie i bez ryzyka. Oto kr\u00f3tka tabela wskazuj\u0105ca, kto mo\u017ce skorzysta\u0107 z tego suplementu:<\/p>\n<table style=\"height: 207px;\" width=\"927\">\n<thead>\n<tr>\n<th>Wskazania<\/th>\n<\/tr>\n<\/thead>\n<tbody>\n<tr>\n<td>Nadwaga i oty\u0142o\u015b\u0107<\/td>\n<\/tr>\n<tr>\n<td>Wolny metabolizm<\/td>\n<\/tr>\n<tr>\n<td>Nadmierne \u0142aknienie<\/td>\n<\/tr>\n<tr>\n<td>Brak energii i witalno\u015bci<\/td>\n<\/tr>\n<tr>\n<td>Ch\u0119\u0107 przyspieszenia spalania t\u0142uszczu<\/td>\n<\/tr>\n<\/tbody>\n<\/table>\n<h2>Opis Dodatku do \u017bywno\u015bci Sanuslim<\/h2>\n<p>Sanuslim to suplement diety w formie kapsu\u0142ek, kt\u00f3ry zawiera starannie wyselekcjonowane sk\u0142adniki pochodzenia naturalnego. Dzia\u0142a on na organizm wielokierunkowo, przyczyniaj\u0105c si\u0119 do skutecznego spalania tkanki t\u0142uszczowej i przyspieszenia metabolizmu. Co wa\u017cne, Sanuslim pomaga r\u00f3wnie\u017c zmniejszy\u0107 apetyt, co mo\u017ce by\u0107 kluczowe w procesie utraty wagi. Dodatek ten dostarcza r\u00f3wnie\u017c dodatkowej energii, co pozwala zachowa\u0107 aktywno\u015b\u0107 i witalno\u015b\u0107 podczas odchudzania.<\/p>\n<h2>Sk\u0142ad i Dzia\u0142anie Sk\u0142adnik\u00f3w Sanuslim<\/h2>\n<p>Sk\u0142adniki zawarte w Sanuslim s\u0105 kluczowym elementem jego skuteczno\u015bci. Oto kilka z nich, kt\u00f3re zas\u0142uguj\u0105 na uwag\u0119:<\/p>\n<h3>Garcinia Cambogia<\/h3>\n<p>Garcinia Cambogia jest znana z w\u0142a\u015bciwo\u015bci spalania t\u0142uszczu. Zawiera kwas hydroksycytrynowy (HCA), kt\u00f3ry pomaga zahamowa\u0107 produkcj\u0119 t\u0142uszczu w organizmie, jednocze\u015bnie zmniejszaj\u0105c apetyt.<\/p>\n<h3>Zielona Herbata<\/h3>\n<p>Zielona herbata jest bogata w przeciwutleniacze i katechiny, kt\u00f3re przyspieszaj\u0105 metabolizm i wspomagaj\u0105 spalanie kalorii.<\/p>\n<h3>Guarana<\/h3>\n<p>Guarana jest naturalnym \u017ar\u00f3d\u0142em kofeiny, co pomaga zwi\u0119kszy\u0107 energi\u0119 i wytrzyma\u0142o\u015b\u0107 fizyczn\u0105, co mo\u017ce by\u0107 szczeg\u00f3lnie przydatne podczas aktywno\u015bci fizycznej.<\/p>\n<p style=\"text-align: center;\"><a href=\"https:\/\/tl-track.com\/tracker\/u5BX\"><button>www.sanuslim.pl<\/button><\/a><\/p>\n<h2>Efekty Sanuslim i Ich Charakterystyka<\/h2>\n<p>Korzystanie z suplementu Sanuslim mo\u017ce przynie\u015b\u0107 wiele pozytywnych efekt\u00f3w. Oto kilka z nich:<\/p>\n<ul>\n<li><strong>Utrata wagi<\/strong>: Sanuslim pomaga w pozbyciu si\u0119 nawet 20 kilogram\u00f3w w kilka tygodni, co jest efektem spalania tkanki t\u0142uszczowej.<\/li>\n<li><strong>Przyspieszony metabolizm<\/strong>: Sk\u0142adniki Sanuslim wspomagaj\u0105 przyspieszenie metabolizmu, co przek\u0142ada si\u0119 na efektywne spalanie kalorii.<\/li>\n<li><strong>Mniejszy apetyt<\/strong>: Suplement pomaga kontrolowa\u0107 \u0142aknienie, co u\u0142atwia utrzymanie zdrowej diety.<\/li>\n<li><strong>Wi\u0119cej energii<\/strong>: Dzi\u0119ki naturalnym sk\u0142adnikom, Sanuslim dostarcza dodatkowej energii, co pozwala na aktywno\u015b\u0107 fizyczn\u0105 i lepsze samopoczucie.<\/li>\n<\/ul>\n<h2>Ryzyko Skutk\u00f3w Ubocznych<\/h2>\n<p>Suplement Sanuslim ma naturalny sk\u0142ad, co minimalizuje ryzyko wyst\u0105pienia skutk\u00f3w ubocznych. Jednak\u017ce, jak w przypadku ka\u017cdego suplementu, zawsze zaleca si\u0119 skonsultowanie si\u0119 z lekarzem przed rozpocz\u0119ciem kuracji, szczeg\u00f3lnie je\u015bli masz istniej\u0105ce problemy zdrowotne lub przyjmujesz inne leki.<\/p>\n<h2>Opinie Klient\u00f3w o Sanuslim: Fora Po\u015bwi\u0119cone Zdrowiu<\/h2>\n<p>W Polsce Sanuslim zdobywa coraz wi\u0119ksz\u0105 popularno\u015b\u0107 w\u015br\u00f3d kupuj\u0105cych, co skutkuje liczniejszymi opiniami na temat tego suplementu na r\u00f3\u017cnych forach po\u015bwi\u0119conych zdrowiu. Wi\u0119kszo\u015b\u0107 u\u017cytkownik\u00f3w opisuje pozytywny wp\u0142yw Sanuslim na proces odchudzania oraz jego dost\u0119pno\u015b\u0107 na rynku. Klienci chwal\u0105 naturalny sk\u0142ad i brak skutk\u00f3w ubocznych, co dodatkowo zwi\u0119ksza zaufanie do tego produktu.<\/p>\n<p>Sanuslim to niedrogie i naturalne rozwi\u0105zanie problem\u00f3w zwi\u0105zanych z nadwag\u0105 i oty\u0142o\u015bci\u0105, kt\u00f3re obiecuje efektywne spalanie t\u0142uszczu, przyspieszony metabolizm, zmniejszenie apetytu i dodatkow\u0105 energi\u0119. Dzi\u0119ki minimalnemu ryzyku skutk\u00f3w ubocznych i pozytywnym opiniiom klient\u00f3w, warto rozwa\u017cy\u0107 skorzystanie z tego suplementu, aby osi\u0105gn\u0105\u0107 upragnion\u0105 sylwetk\u0119.<\/p>\n<\/div>\n<\/div>\n<\/div>\n<\/div>\n<\/div>\n<\/div>\n<\/div>\n<\/div>\n<div class=\"w-full text-token-text-primary\" data-testid=\"conversation-turn-5\">\n<div class=\"px-4 py-2 justify-center text-base md:gap-6 m-auto\">\n<div class=\"flex flex-1 text-base mx-auto gap-3 md:px-5 lg:px-1 xl:px-5 md:max-w-3xl lg:max-w-[40rem] xl:max-w-[48rem] group final-completion\">\n<div class=\"relative flex w-full flex-col lg:w-[calc(100%-115px)] agent-turn\">\n<div class=\"flex-col gap-1 md:gap-3\">\n<div class=\"flex flex-grow flex-col max-w-full\">\n<div class=\"min-h-[20px] text-message flex flex-col items-start gap-3 whitespace-pre-wrap break-words [.text-message+&amp;]:mt-5 overflow-x-auto\" data-message-author-role=\"assistant\" data-message-id=\"0a384d85-dade-4e5f-b824-ed2fe49c9513\">\n<div class=\"markdown prose w-full break-words dark:prose-invert light\">\n<h2>Ulotka Do\u0142\u0105czona do Sanuslim<\/h2>\n<p>Ka\u017cde opakowanie suplementu Sanuslim zawiera ulotk\u0119, kt\u00f3ra zawiera wa\u017cne informacje na temat stosowania tego produktu. Ulotka ta dostarcza szczeg\u00f3\u0142owych wskaz\u00f3wek dotycz\u0105cych sposobu podawania, dawkowania, oraz przeciwwskaza\u0144, kt\u00f3re warto zna\u0107 przed rozpocz\u0119ciem kuracji.<\/p>\n<h2>Wskazania i Przeciwwskazania<\/h2>\n<p>Przed rozpocz\u0119ciem stosowania Sanuslim zawsze warto zapozna\u0107 si\u0119 z wskazaniami i przeciwwskazaniami. Wskazania obejmuj\u0105 osoby z nadwag\u0105, problemami z wolnym metabolizmem, nadmiernym \u0142aknieniem oraz brakiem energii. Jednak\u017ce istniej\u0105 pewne przeciwwskazania, kt\u00f3re warto wzi\u0105\u0107 pod uwag\u0119, takie jak:<\/p>\n<ul>\n<li>Ci\u0105\u017ca i karmienie piersi\u0105<\/li>\n<li>Osoby niepe\u0142noletnie<\/li>\n<li>Osoby z alergi\u0105 na kt\u00f3rykolwiek sk\u0142adnik suplementu<\/li>\n<\/ul>\n<p>Zawsze zaleca si\u0119 skonsultowanie si\u0119 z lekarzem przed rozpocz\u0119ciem stosowania Sanuslim, szczeg\u00f3lnie je\u015bli masz istniej\u0105ce problemy zdrowotne.<\/p>\n<h2>Spos\u00f3b Podawania i Dawkowanie<\/h2>\n<p>Dawkowanie Sanuslim jest proste i \u0142atwe do zastosowania. Zazwyczaj zaleca si\u0119 przyjmowanie jednej kapsu\u0142ki przed g\u0142\u00f3wnym posi\u0142kiem, najlepiej rano i wieczorem. Kapsu\u0142ki nale\u017cy popi\u0107 szklank\u0105 wody. Pami\u0119taj jednak, aby nie przekracza\u0107 zalecanej dawki, aby unikn\u0105\u0107 niepo\u017c\u0105danych skutk\u00f3w.<\/p>\n<h2>Porady od Lekarzy<\/h2>\n<p>Lekarze zalecaj\u0105 kilka og\u00f3lnych porad, kt\u00f3re mog\u0105 pom\u00f3c w procesie odchudzania. Nale\u017cy pami\u0119ta\u0107 o regularnym ruchu i aktywno\u015bci fizycznej, zdrowej i zr\u00f3wnowa\u017conej diecie oraz odpowiednim nawodnieniu organizmu. Suplementy diety, takie jak Sanuslim, mog\u0105 by\u0107 wsparciem, ale nie zast\u0119puj\u0105 zdrowego stylu \u017cycia.<\/p>\n<h2>Kup Teraz Sanuslim z Dostaw\u0105<\/h2>\n<p>Je\u015bli jeste\u015b zainteresowany zakupem Sanuslim, to jest to bardzo proste. Mo\u017cesz zam\u00f3wi\u0107 suplement, klikaj\u0105c przycisk &#8222;Kup Teraz&#8221;. W formularzu zam\u00f3wienia wystarczy poda\u0107 jedynie swoje imi\u0119 i numer telefonu. Nie jest konieczne p\u0142acenie za produkt z g\u00f3ry \u2013 p\u0142atno\u015b\u0107 jest dokonywana przy dostawie. Dzi\u0119ki temu otrzymasz oryginalny produkt bez ryzyka oszustwa. Dostawa zajmuje zazwyczaj 3-4 dni w Polsce. Dodatkowo, zam\u00f3wienie jest potwierdzane przez specjalist\u0119, kt\u00f3ry mo\u017ce doradzi\u0107 Ci w kwestii ilo\u015bci produktu oraz dost\u0119pnych promocji.<\/p>\n<p style=\"text-align: center;\"><a href=\"https:\/\/tl-track.com\/tracker\/u5BX\"><button>Zakup na stronie producenta (-50%)<\/button><\/a><\/p>\n<h2>Por\u00f3wnanie Ofert: Ceny i Dost\u0119pno\u015b\u0107 Sanuslim<\/h2>\n<p>Producent Sanuslim priorytetowo dba o dost\u0119pno\u015b\u0107 produktu dla klient\u00f3w. Suplement mo\u017cna naby\u0107 bezpo\u015brednio na oficjalnej stronie producenta, bez po\u015brednik\u00f3w i dodatkowych op\u0142at. Regularnie pojawiaj\u0105 si\u0119 r\u00f3wnie\u017c promocje i rabaty, kt\u00f3re warto \u015bledzi\u0107. Dlatego suplement nie jest dost\u0119pny w aptekach stacjonarnych \u2013 producent chce zapewni\u0107 klientom korzystne warunki zakupu na swojej stronie internetowej.<\/p>\n<p>Sanuslim to innowacyjny suplement diety, kt\u00f3ry zdobywa popularno\u015b\u0107 w Polsce dzi\u0119ki swoim naturalnym sk\u0142adnikom i skutecznemu dzia\u0142aniu. Je\u015bli masz problemy z nadwag\u0105 lub wolnym metabolizmem, warto rozwa\u017cy\u0107 jego stosowanie, zawsze jednak pami\u0119taj\u0105c o konsultacji z lekarzem i przestrzeganiu zalece\u0144 producenta. Nie zwlekaj, i ju\u017c teraz zacznij pracowa\u0107 nad zdrowsz\u0105 i smuklejsz\u0105 sylwetk\u0105 dzi\u0119ki Sanuslim!<\/p>\n<\/div>\n<\/div>\n<\/div>\n<\/div>\n<\/div>\n<\/div>\n<\/div>\n<\/div>\n","protected":false},"excerpt":{"rendered":"<p style=\"text-align: center;\"><a href=\"https:\/\/tl-track.com\/tracker\/u5BX\"><button>Kup teraz<\/button><\/a><\/p>\n<p>SKU:\u00a0<span class=\"sku\">789.878.007<\/span><\/p>\n<hr \/>\n<p><small>Produkt sprzedawany jest wy\u0142\u0105cznie za po\u015brednictwem oficjalnej strony producenta, id\u017a i kupuj bezpiecznie!<\/small><\/p>\n","protected":false},"featured_media":51,"comment_status":"open","ping_status":"closed","template":"","meta":[],"product_brand":[],"product_cat":[15],"product_tag":[],"class_list":{"0":"post-50","1":"product","2":"type-product","3":"status-publish","4":"has-post-thumbnail","6":"product_cat-supl","7":"thunk-woo-product-list","8":"opn-qv-enable","9":"top-store-woo-hover-","10":"top-store-single-product-tab-horizontal","11":"top-store-shadow-","12":"top-store-shadow-hover-","14":"first","15":"instock","16":"shipping-taxable","17":"purchasable","18":"product-type-simple"},"yoast_head":"<!-- This site is optimized with the Yoast SEO plugin v27.4 - https:\/\/yoast.com\/product\/yoast-seo-wordpress\/ -->\n<title>Sanuslim - kup suplement, cena w aptece, sk\u0142ad, dzia\u0142anie<\/title>\n<meta name=\"robots\" content=\"index, follow, max-snippet:-1, max-image-preview:large, max-video-preview:-1\" \/>\n<link rel=\"canonical\" href=\"https:\/\/lekarzeopole.pl\/wordpress\/product\/sanuslim\/\" \/>\n<meta property=\"og:locale\" content=\"pl_PL\" \/>\n<meta property=\"og:type\" content=\"article\" \/>\n<meta property=\"og:title\" content=\"Sanuslim - kup suplement, cena w aptece, sk\u0142ad, dzia\u0142anie\" \/>\n<meta property=\"og:description\" content=\"Kup teraz SKU:\u00a0789.878.007    Produkt sprzedawany jest wy\u0142\u0105cznie za po\u015brednictwem oficjalnej strony producenta, id\u017a i kupuj bezpiecznie!\" \/>\n<meta property=\"og:url\" content=\"https:\/\/lekarzeopole.pl\/wordpress\/product\/sanuslim\/\" \/>\n<meta property=\"og:site_name\" content=\"Lekarze Opole\" \/>\n<meta property=\"article:modified_time\" content=\"2025-02-05T17:41:44+00:00\" \/>\n<meta property=\"og:image\" content=\"https:\/\/lekarzeopole.pl\/wordpress\/wp-content\/uploads\/2024\/01\/sanuslim.webp\" \/>\n\t<meta property=\"og:image:width\" content=\"600\" \/>\n\t<meta property=\"og:image:height\" content=\"600\" \/>\n\t<meta property=\"og:image:type\" content=\"image\/webp\" \/>\n<meta name=\"twitter:card\" content=\"summary_large_image\" \/>\n<meta name=\"twitter:label1\" content=\"Szacowany czas czytania\" \/>\n\t<meta name=\"twitter:data1\" content=\"6 minut\" \/>\n<script type=\"application\/ld+json\" class=\"yoast-schema-graph\">{\"@context\":\"https:\\\/\\\/schema.org\",\"@graph\":[{\"@type\":\"WebPage\",\"@id\":\"https:\\\/\\\/lekarzeopole.pl\\\/wordpress\\\/product\\\/sanuslim\\\/\",\"url\":\"https:\\\/\\\/lekarzeopole.pl\\\/wordpress\\\/product\\\/sanuslim\\\/\",\"name\":\"Sanuslim - kup suplement, cena w aptece, sk\u0142ad, dzia\u0142anie\",\"isPartOf\":{\"@id\":\"https:\\\/\\\/lekarzeopole.pl\\\/wordpress\\\/#website\"},\"primaryImageOfPage\":{\"@id\":\"https:\\\/\\\/lekarzeopole.pl\\\/wordpress\\\/product\\\/sanuslim\\\/#primaryimage\"},\"image\":{\"@id\":\"https:\\\/\\\/lekarzeopole.pl\\\/wordpress\\\/product\\\/sanuslim\\\/#primaryimage\"},\"thumbnailUrl\":\"https:\\\/\\\/lekarzeopole.pl\\\/wordpress\\\/wp-content\\\/uploads\\\/2024\\\/01\\\/sanuslim.webp\",\"datePublished\":\"2024-01-20T10:35:04+00:00\",\"dateModified\":\"2025-02-05T17:41:44+00:00\",\"breadcrumb\":{\"@id\":\"https:\\\/\\\/lekarzeopole.pl\\\/wordpress\\\/product\\\/sanuslim\\\/#breadcrumb\"},\"inLanguage\":\"pl-PL\",\"potentialAction\":[{\"@type\":\"ReadAction\",\"target\":[\"https:\\\/\\\/lekarzeopole.pl\\\/wordpress\\\/product\\\/sanuslim\\\/\"]}]},{\"@type\":\"ImageObject\",\"inLanguage\":\"pl-PL\",\"@id\":\"https:\\\/\\\/lekarzeopole.pl\\\/wordpress\\\/product\\\/sanuslim\\\/#primaryimage\",\"url\":\"https:\\\/\\\/lekarzeopole.pl\\\/wordpress\\\/wp-content\\\/uploads\\\/2024\\\/01\\\/sanuslim.webp\",\"contentUrl\":\"https:\\\/\\\/lekarzeopole.pl\\\/wordpress\\\/wp-content\\\/uploads\\\/2024\\\/01\\\/sanuslim.webp\",\"width\":600,\"height\":600,\"caption\":\"Sanuslim\"},{\"@type\":\"BreadcrumbList\",\"@id\":\"https:\\\/\\\/lekarzeopole.pl\\\/wordpress\\\/product\\\/sanuslim\\\/#breadcrumb\",\"itemListElement\":[{\"@type\":\"ListItem\",\"position\":1,\"name\":\"\u0413\u043b\u0430\u0432\u043d\u0430\u044f \u0441\u0442\u0440\u0430\u043d\u0438\u0446\u0430\",\"item\":\"https:\\\/\\\/lekarzeopole.pl\\\/wordpress\\\/\"},{\"@type\":\"ListItem\",\"position\":2,\"name\":\"Zakup\",\"item\":\"https:\\\/\\\/lekarzeopole.pl\\\/wordpress\\\/\"},{\"@type\":\"ListItem\",\"position\":3,\"name\":\"Sanuslim\"}]},{\"@type\":\"WebSite\",\"@id\":\"https:\\\/\\\/lekarzeopole.pl\\\/wordpress\\\/#website\",\"url\":\"https:\\\/\\\/lekarzeopole.pl\\\/wordpress\\\/\",\"name\":\"Lekarze Opole\",\"description\":\"\",\"potentialAction\":[{\"@type\":\"SearchAction\",\"target\":{\"@type\":\"EntryPoint\",\"urlTemplate\":\"https:\\\/\\\/lekarzeopole.pl\\\/wordpress\\\/?s={search_term_string}\"},\"query-input\":{\"@type\":\"PropertyValueSpecification\",\"valueRequired\":true,\"valueName\":\"search_term_string\"}}],\"inLanguage\":\"pl-PL\"}]}<\/script>\n<!-- \/ Yoast SEO plugin. -->","yoast_head_json":{"title":"Sanuslim - kup suplement, cena w aptece, sk\u0142ad, dzia\u0142anie","robots":{"index":"index","follow":"follow","max-snippet":"max-snippet:-1","max-image-preview":"max-image-preview:large","max-video-preview":"max-video-preview:-1"},"canonical":"https:\/\/lekarzeopole.pl\/wordpress\/product\/sanuslim\/","og_locale":"pl_PL","og_type":"article","og_title":"Sanuslim - kup suplement, cena w aptece, sk\u0142ad, dzia\u0142anie","og_description":"Kup teraz SKU:\u00a0789.878.007    Produkt sprzedawany jest wy\u0142\u0105cznie za po\u015brednictwem oficjalnej strony producenta, id\u017a i kupuj bezpiecznie!","og_url":"https:\/\/lekarzeopole.pl\/wordpress\/product\/sanuslim\/","og_site_name":"Lekarze Opole","article_modified_time":"2025-02-05T17:41:44+00:00","og_image":[{"width":600,"height":600,"url":"https:\/\/lekarzeopole.pl\/wordpress\/wp-content\/uploads\/2024\/01\/sanuslim.webp","type":"image\/webp"}],"twitter_card":"summary_large_image","twitter_misc":{"Szacowany czas czytania":"6 minut"},"schema":{"@context":"https:\/\/schema.org","@graph":[{"@type":"WebPage","@id":"https:\/\/lekarzeopole.pl\/wordpress\/product\/sanuslim\/","url":"https:\/\/lekarzeopole.pl\/wordpress\/product\/sanuslim\/","name":"Sanuslim - kup suplement, cena w aptece, sk\u0142ad, dzia\u0142anie","isPartOf":{"@id":"https:\/\/lekarzeopole.pl\/wordpress\/#website"},"primaryImageOfPage":{"@id":"https:\/\/lekarzeopole.pl\/wordpress\/product\/sanuslim\/#primaryimage"},"image":{"@id":"https:\/\/lekarzeopole.pl\/wordpress\/product\/sanuslim\/#primaryimage"},"thumbnailUrl":"https:\/\/lekarzeopole.pl\/wordpress\/wp-content\/uploads\/2024\/01\/sanuslim.webp","datePublished":"2024-01-20T10:35:04+00:00","dateModified":"2025-02-05T17:41:44+00:00","breadcrumb":{"@id":"https:\/\/lekarzeopole.pl\/wordpress\/product\/sanuslim\/#breadcrumb"},"inLanguage":"pl-PL","potentialAction":[{"@type":"ReadAction","target":["https:\/\/lekarzeopole.pl\/wordpress\/product\/sanuslim\/"]}]},{"@type":"ImageObject","inLanguage":"pl-PL","@id":"https:\/\/lekarzeopole.pl\/wordpress\/product\/sanuslim\/#primaryimage","url":"https:\/\/lekarzeopole.pl\/wordpress\/wp-content\/uploads\/2024\/01\/sanuslim.webp","contentUrl":"https:\/\/lekarzeopole.pl\/wordpress\/wp-content\/uploads\/2024\/01\/sanuslim.webp","width":600,"height":600,"caption":"Sanuslim"},{"@type":"BreadcrumbList","@id":"https:\/\/lekarzeopole.pl\/wordpress\/product\/sanuslim\/#breadcrumb","itemListElement":[{"@type":"ListItem","position":1,"name":"\u0413\u043b\u0430\u0432\u043d\u0430\u044f \u0441\u0442\u0440\u0430\u043d\u0438\u0446\u0430","item":"https:\/\/lekarzeopole.pl\/wordpress\/"},{"@type":"ListItem","position":2,"name":"Zakup","item":"https:\/\/lekarzeopole.pl\/wordpress\/"},{"@type":"ListItem","position":3,"name":"Sanuslim"}]},{"@type":"WebSite","@id":"https:\/\/lekarzeopole.pl\/wordpress\/#website","url":"https:\/\/lekarzeopole.pl\/wordpress\/","name":"Lekarze Opole","description":"","potentialAction":[{"@type":"SearchAction","target":{"@type":"EntryPoint","urlTemplate":"https:\/\/lekarzeopole.pl\/wordpress\/?s={search_term_string}"},"query-input":{"@type":"PropertyValueSpecification","valueRequired":true,"valueName":"search_term_string"}}],"inLanguage":"pl-PL"}]}},"_links":{"self":[{"href":"https:\/\/lekarzeopole.pl\/wordpress\/wp-json\/wp\/v2\/product\/50","targetHints":{"allow":["GET"]}}],"collection":[{"href":"https:\/\/lekarzeopole.pl\/wordpress\/wp-json\/wp\/v2\/product"}],"about":[{"href":"https:\/\/lekarzeopole.pl\/wordpress\/wp-json\/wp\/v2\/types\/product"}],"replies":[{"embeddable":true,"href":"https:\/\/lekarzeopole.pl\/wordpress\/wp-json\/wp\/v2\/comments?post=50"}],"wp:featuredmedia":[{"embeddable":true,"href":"https:\/\/lekarzeopole.pl\/wordpress\/wp-json\/wp\/v2\/media\/51"}],"wp:attachment":[{"href":"https:\/\/lekarzeopole.pl\/wordpress\/wp-json\/wp\/v2\/media?parent=50"}],"wp:term":[{"taxonomy":"product_brand","embeddable":true,"href":"https:\/\/lekarzeopole.pl\/wordpress\/wp-json\/wp\/v2\/product_brand?post=50"},{"taxonomy":"product_cat","embeddable":true,"href":"https:\/\/lekarzeopole.pl\/wordpress\/wp-json\/wp\/v2\/product_cat?post=50"},{"taxonomy":"product_tag","embeddable":true,"href":"https:\/\/lekarzeopole.pl\/wordpress\/wp-json\/wp\/v2\/product_tag?post=50"}],"curies":[{"name":"wp","href":"https:\/\/api.w.org\/{rel}","templated":true}]}}