{"id":486,"date":"2024-02-12T07:31:47","date_gmt":"2024-02-12T07:31:47","guid":{"rendered":"https:\/\/lekarzeopole.pl\/wordpress\/?post_type=product&#038;p=486"},"modified":"2026-01-05T14:02:04","modified_gmt":"2026-01-05T14:02:04","slug":"vermixin","status":"publish","type":"product","link":"https:\/\/lekarzeopole.pl\/wordpress\/product\/vermixin\/","title":{"rendered":"Vermixin"},"content":{"rendered":"<div class=\"w-full text-token-text-primary\" data-testid=\"conversation-turn-3\">\n<div class=\"px-4 py-2 justify-center text-base md:gap-6 m-auto\">\n<div class=\"flex flex-1 text-base mx-auto gap-3 md:px-5 lg:px-1 xl:px-5 md:max-w-3xl lg:max-w-[40rem] xl:max-w-[48rem] group\">\n<div class=\"relative flex w-full flex-col lg:w-[calc(100%-115px)] agent-turn\">\n<div class=\"flex-col gap-1 md:gap-3\">\n<div class=\"flex flex-grow flex-col max-w-full\">\n<div class=\"min-h-[20px] text-message flex flex-col items-start gap-3 whitespace-pre-wrap break-words [.text-message+&amp;]:mt-5 overflow-x-auto\" data-message-author-role=\"assistant\" data-message-id=\"d35e690d-4e44-4c67-b0c4-18273f02e855\">\n<div class=\"markdown prose w-full break-words dark:prose-invert light\">\n<p>Wsp\u00f3\u0142czesne \u017cycie niesie ze sob\u0105 wiele zagro\u017ce\u0144 dla zdrowia, w tym r\u00f3wnie\u017c mo\u017cliwo\u015b\u0107 infekcji paso\u017cytami. Paso\u017cyty mog\u0105 by\u0107 niezwykle szkodliwe dla organizmu, prowadz\u0105c do r\u00f3\u017cnych schorze\u0144 i powa\u017cnych problem\u00f3w zdrowotnych. Dlatego kluczow\u0105 rol\u0119 odgrywa profilaktyka i odpowiednie leczenie. W tym kontek\u015bcie warto przyjrze\u0107 si\u0119 Vermixinowi &#8211; innowacyjnemu preparatowi opartemu na naturalnych sk\u0142adnikach, kt\u00f3ry oferuje niezawodn\u0105 pomoc w zwalczaniu paso\u017cyt\u00f3w.<\/p>\n<h2>Wskazania do stosowania Vermixin<\/h2>\n<p>Vermixin to preparat polecany w przypadku infekcji paso\u017cytami, takimi jak owsiki, glisty, czy lamblioza. Mo\u017ce by\u0107 stosowany zar\u00f3wno w celach leczniczych, jak i profilaktycznych. Osoby przebywaj\u0105ce w miejscach o zwi\u0119kszonym ryzyku zaka\u017cenia, na przyk\u0142ad podr\u00f3\u017cuj\u0105ce do kraj\u00f3w o ciep\u0142ym klimacie, powinny r\u00f3wnie\u017c rozwa\u017cy\u0107 stosowanie Vermixinu.<\/p>\n<h2>Sk\u0142ad i dzia\u0142anie sk\u0142adnik\u00f3w Vermixin<\/h2>\n<p>Skuteczno\u015b\u0107 Vermixinu wynika z unikalnego po\u0142\u0105czenia naturalnych sk\u0142adnik\u00f3w, kt\u00f3re dzia\u0142aj\u0105 synergistycznie, zwalczaj\u0105c paso\u017cyty i przywracaj\u0105c r\u00f3wnowag\u0119 w organizmie. G\u0142\u00f3wne sk\u0142adniki to:<\/p>\n<ul>\n<li><strong>Wormwood (Bylica pio\u0142un)<\/strong>: Ro\u015blina ta znana jest ze swoich w\u0142a\u015bciwo\u015bci przeciwpaso\u017cytniczych. Substancje zawarte w bylicy pio\u0142un maj\u0105 zdolno\u015b\u0107 eliminowania paso\u017cyt\u00f3w, jednocze\u015bnie wzmacniaj\u0105c uk\u0142ad odporno\u015bciowy.<\/li>\n<li><strong>Czosnek<\/strong>: Cenne zwi\u0105zki zawarte w czosnku, takie jak allicyna, wykazuj\u0105 silne dzia\u0142anie przeciwpaso\u017cytnicze. Dodatkowo, czosnek wspomaga procesy detoksykacji i oczyszczania organizmu.<\/li>\n<li><strong>Orzech w\u0142oski<\/strong>: Orzechy w\u0142oskie s\u0105 bogatym \u017ar\u00f3d\u0142em kwas\u00f3w t\u0142uszczowych i flawonoid\u00f3w, kt\u00f3re wspieraj\u0105 eliminacj\u0119 paso\u017cyt\u00f3w oraz regeneracj\u0119 uszkodzonych tkanek.<\/li>\n<li><strong>Ostropest plamisty<\/strong>: Ro\u015blina ta posiada w\u0142a\u015bciwo\u015bci oczyszczaj\u0105ce i regeneruj\u0105ce w\u0105trob\u0119, co jest istotne w przypadku infekcji paso\u017cytniczych, gdy\u017c w\u0105troba jest kluczowym organem filtruj\u0105cym toksyny wydzielane przez paso\u017cyty.<\/li>\n<\/ul>\n<p>Dzia\u0142anie sk\u0142adnik\u00f3w Vermixinu nie tylko eliminuje paso\u017cyty, ale r\u00f3wnie\u017c wzmacnia odporno\u015b\u0107 organizmu, poprawiaj\u0105c og\u00f3lny stan zdrowia.<\/p>\n<p style=\"text-align: center;\"><a href=\"https:\/\/kshop34.site\/gpGCrO\/\"><button>www.vermixin.pl<\/button><\/a><\/p>\n<h2>Efekty Vermixin i ich charakterystyka<\/h2>\n<p>Po zastosowaniu Vermixinu, pacjenci zauwa\u017caj\u0105 znaczn\u0105 popraw\u0119 samopoczucia. Objawy zwi\u0105zane z infekcj\u0105 paso\u017cytnicz\u0105, takie jak b\u00f3le brzucha, wzd\u0119cia czy zm\u0119czenie, stopniowo ust\u0119puj\u0105. Dodatkowo, regularne stosowanie preparatu pomaga zapobiega\u0107 ponownej infekcji oraz wspiera naturalne procesy oczyszczania organizmu.<\/p>\n<p>Charakterystyczn\u0105 cech\u0105 Vermixinu jest jego skuteczno\u015b\u0107 oraz bezpiecze\u0144stwo stosowania. Preparat oparty jest wy\u0142\u0105cznie na naturalnych sk\u0142adnikach, co minimalizuje ryzyko wyst\u0105pienia skutk\u00f3w ubocznych. Ponadto, preparat ten jest odpowiedni dla os\u00f3b w r\u00f3\u017cnym wieku, r\u00f3wnie\u017c dla dzieci i os\u00f3b starszych.<\/p>\n<h2>Ryzyko skutk\u00f3w ubocznych<\/h2>\n<p>Ze wzgl\u0119du na wy\u0142\u0105cznie naturalny sk\u0142ad, ryzyko skutk\u00f3w ubocznych stosowania Vermixinu jest minimalne. Jednak\u017ce, jak w przypadku ka\u017cdego preparatu, mo\u017cliwe s\u0105 indywidualne reakcje alergiczne. Dlatego zawsze warto skonsultowa\u0107 si\u0119 z lekarzem przed rozpocz\u0119ciem kuracji, zw\u0142aszcza je\u015bli pacjent cierpi na jakiekolwiek przewlek\u0142e schorzenia lub przyjmuje inne leki.<\/p>\n<p><em>Vermixin to innowacyjny preparat przeciwko paso\u017cytom, kt\u00f3ry oferuje skuteczn\u0105 i bezpieczn\u0105 pomoc opart\u0105 na naturalnych sk\u0142adnikach. Dzi\u0119ki unikalnej formule, Vermixin nie tylko eliminuje paso\u017cyty, ale r\u00f3wnie\u017c wspiera og\u00f3lne zdrowie organizmu, wzmacniaj\u0105c jego naturalne mechanizmy obronne. Dla os\u00f3b zmagaj\u0105cych si\u0119 z infekcj\u0105 paso\u017cytnicz\u0105, Vermixin stanowi niezawodne wsparcie w powrocie do zdrowia i dobrej kondycji fizycznej. Jednocze\u015bnie, preparat ten jest bezpieczny dla os\u00f3b w r\u00f3\u017cnym wieku, co czyni go idealnym rozwi\u0105zaniem dla ca\u0142ych rodzin.<\/em><\/p>\n<\/div>\n<\/div>\n<\/div>\n<\/div>\n<\/div>\n<\/div>\n<\/div>\n<\/div>\n<div class=\"w-full text-token-text-primary\" data-testid=\"conversation-turn-5\">\n<div class=\"px-4 py-2 justify-center text-base md:gap-6 m-auto\">\n<div class=\"flex flex-1 text-base mx-auto gap-3 md:px-5 lg:px-1 xl:px-5 md:max-w-3xl lg:max-w-[40rem] xl:max-w-[48rem] group final-completion\">\n<div class=\"relative flex w-full flex-col lg:w-[calc(100%-115px)] agent-turn\">\n<div class=\"flex-col gap-1 md:gap-3\">\n<div class=\"flex flex-grow flex-col max-w-full\">\n<div class=\"min-h-[20px] text-message flex flex-col items-start gap-3 whitespace-pre-wrap break-words [.text-message+&amp;]:mt-5 overflow-x-auto\" data-message-author-role=\"assistant\" data-message-id=\"9532e24b-4c53-4205-8e35-4855a4cf7d35\">\n<div class=\"markdown prose w-full break-words dark:prose-invert light\">\n<h2>Opinie klient\u00f3w \u043e Vermixin: fora po\u015bwi\u0119cone zdrowiu<\/h2>\n<p>W Polsce fora internetowe po\u015bwi\u0119cone zdrowiu staj\u0105 si\u0119 coraz popularniejsze w\u015br\u00f3d os\u00f3b poszukuj\u0105cych informacji na temat r\u00f3\u017cnych suplement\u00f3w i lek\u00f3w. W\u015br\u00f3d nich Vermixin zdobywa sobie coraz wi\u0119ksz\u0105 popularno\u015b\u0107, co sprawia, \u017ce w sieci mo\u017cna znale\u017a\u0107 wiele opinii na jego temat. Wi\u0119kszo\u015b\u0107 u\u017cytkownik\u00f3w opisuje pozytywne dzia\u0142anie preparatu oraz jego dost\u0119pno\u015b\u0107. Oto dwa przyk\u0142adowe opinie od u\u017cytkownik\u00f3w:<\/p>\n<ol>\n<li><strong>Anna<\/strong>: &#8222;Przez d\u0142ugi czas boryka\u0142am si\u0119 z problemem paso\u017cyt\u00f3w, ale dopiero po zastosowaniu Vermixinu zauwa\u017cy\u0142am znaczn\u0105 popraw\u0119. Preparat jest \u0142atwy w u\u017cyciu, a efekty s\u0105 widoczne ju\u017c po kr\u00f3tkim czasie. Polecam ka\u017cdemu, kto ma podobne problemy!&#8221;<\/li>\n<li><strong>Piotr<\/strong>: &#8222;Zaskoczy\u0142a mnie skuteczno\u015b\u0107 Vermixinu. Po kilku tygodniach stosowania moje dolegliwo\u015bci zwi\u0105zane z paso\u017cytami znikn\u0119\u0142y, a ja czuj\u0119 si\u0119 o wiele lepiej. Dodatkowo, \u0142atwo\u015b\u0107 zakupu i bezpieczna dostawa sprawiaj\u0105, \u017ce warto postawi\u0107 na ten preparat.&#8221;<\/li>\n<\/ol>\n<h2>Spos\u00f3b podawania i dawkowanie<\/h2>\n<p>Vermixin wyst\u0119puje w formie kapsu\u0142ek, kt\u00f3re nale\u017cy regularnie przyjmowa\u0107 zgodnie z zaleceniami producenta. Zazwyczaj zaleca si\u0119 przyjmowanie jednej kapsu\u0142ki dziennie, preferowanych najlepiej rano przed posi\u0142kiem. Wa\u017cne jest tak\u017ce regularne stosowanie preparatu przez okre\u015blony czas, aby osi\u0105gn\u0105\u0107 optymalne rezultaty. Przed rozpocz\u0119ciem kuracji zaleca si\u0119 zapoznanie z ulotk\u0105 do\u0142\u0105czon\u0105 do opakowania oraz konsultacj\u0119 z lekarzem.<\/p>\n<h2>Kup teraz Vermixin z dostaw\u0105<\/h2>\n<p>Zam\u00f3wienie Vermixinu jest niezwykle \u0142atwe i wygodne. Preparat mo\u017cna naby\u0107 online, bez konieczno\u015bci dokonywania przedp\u0142aty. P\u0142atno\u015b\u0107 jest realizowana dopiero przy odbiorze przesy\u0142ki, co zapewnia bezpiecze\u0144stwo transakcji. Dostawa zam\u00f3wienia zwykle zajmuje 3-4 dni robocze i obejmuje ca\u0142\u0105 Polsk\u0119. Dodatkowym atutem jest fakt, \u017ce ka\u017cde zam\u00f3wienie jest potwierdzane telefonicznie przez specjalist\u0119, kt\u00f3ry s\u0142u\u017cy pomoc\u0105 i mo\u017ce udzieli\u0107 informacji na temat dost\u0119pno\u015bci produktu oraz ewentualnych promocji.<\/p>\n<p style=\"text-align: center;\"><a href=\"https:\/\/kshop34.site\/gpGCrO\/\"><button>Zakup na stronie producenta (-50%)<\/button><\/a><\/p>\n<h2>Por\u00f3wnanie ofert: ceny i dost\u0119pno\u015b\u0107 Vermixin<\/h2>\n<p>Producenci Vermixinu stawiaj\u0105 na dost\u0119pno\u015b\u0107 i wygod\u0119 dla klient\u00f3w, dlatego produkt mo\u017cna naby\u0107 bezpo\u015brednio na oficjalnej stronie internetowej producenta. Dzi\u0119ki temu unikamy po\u015brednik\u00f3w i dodatkowych koszt\u00f3w. Dodatkowo, warto regularnie sprawdza\u0107 aktualne promocje i rabaty, kt\u00f3re mog\u0105 by\u0107 oferowane na stronie producenta. Warto zauwa\u017cy\u0107, \u017ce Vermixin nie jest dost\u0119pny w stacjonarnych aptekach, co dodatkowo podkre\u015bla znaczenie zakupu bezpo\u015brednio od producenta.<\/p>\n<\/div>\n<\/div>\n<\/div>\n<\/div>\n<\/div>\n<\/div>\n<\/div>\n<\/div>\n","protected":false},"excerpt":{"rendered":"<p style=\"text-align: center;\"><a href=\"https:\/\/kshop34.site\/gpGCrO\/\"><button>Kup teraz<\/button><\/a><\/p>\n<p>SKU:\u00a0<span class=\"sku\">789.878.071<\/span><\/p>\n<hr \/>\n<p><small>Produkt sprzedawany jest wy\u0142\u0105cznie za po\u015brednictwem oficjalnej strony producenta, id\u017a i kupuj bezpiecznie!<\/small><\/p>\n","protected":false},"featured_media":487,"comment_status":"open","ping_status":"closed","template":"","meta":[],"product_brand":[],"product_cat":[15],"product_tag":[],"class_list":{"0":"post-486","1":"product","2":"type-product","3":"status-publish","4":"has-post-thumbnail","6":"product_cat-supl","7":"thunk-woo-product-list","8":"opn-qv-enable","9":"top-store-woo-hover-","10":"top-store-single-product-tab-horizontal","11":"top-store-shadow-","12":"top-store-shadow-hover-","14":"first","15":"instock","16":"sale","17":"shipping-taxable","18":"purchasable","19":"product-type-simple"},"yoast_head":"<!-- This site is optimized with the Yoast SEO plugin v27.4 - https:\/\/yoast.com\/product\/yoast-seo-wordpress\/ -->\n<title>Vermixin - kup suplement, cena w aptece, sk\u0142ad, dzia\u0142anie<\/title>\n<meta name=\"robots\" content=\"index, follow, max-snippet:-1, max-image-preview:large, max-video-preview:-1\" \/>\n<link rel=\"canonical\" href=\"https:\/\/lekarzeopole.pl\/wordpress\/product\/vermixin\/\" \/>\n<meta property=\"og:locale\" content=\"pl_PL\" \/>\n<meta property=\"og:type\" content=\"article\" \/>\n<meta property=\"og:title\" content=\"Vermixin - kup suplement, cena w aptece, sk\u0142ad, dzia\u0142anie\" \/>\n<meta property=\"og:description\" content=\"Kup teraz SKU:\u00a0789.878.071    Produkt sprzedawany jest wy\u0142\u0105cznie za po\u015brednictwem oficjalnej strony producenta, id\u017a i kupuj bezpiecznie!\" \/>\n<meta property=\"og:url\" content=\"https:\/\/lekarzeopole.pl\/wordpress\/product\/vermixin\/\" \/>\n<meta property=\"og:site_name\" content=\"Lekarze Opole\" \/>\n<meta property=\"article:modified_time\" content=\"2026-01-05T14:02:04+00:00\" \/>\n<meta property=\"og:image\" content=\"https:\/\/lekarzeopole.pl\/wordpress\/wp-content\/uploads\/2024\/02\/vermixin.png\" \/>\n\t<meta property=\"og:image:width\" content=\"455\" \/>\n\t<meta property=\"og:image:height\" content=\"408\" \/>\n\t<meta property=\"og:image:type\" content=\"image\/png\" \/>\n<meta name=\"twitter:card\" content=\"summary_large_image\" \/>\n<meta name=\"twitter:label1\" content=\"Szacowany czas czytania\" \/>\n\t<meta name=\"twitter:data1\" content=\"5 minut\" \/>\n<script type=\"application\/ld+json\" class=\"yoast-schema-graph\">{\"@context\":\"https:\\\/\\\/schema.org\",\"@graph\":[{\"@type\":\"WebPage\",\"@id\":\"https:\\\/\\\/lekarzeopole.pl\\\/wordpress\\\/product\\\/vermixin\\\/\",\"url\":\"https:\\\/\\\/lekarzeopole.pl\\\/wordpress\\\/product\\\/vermixin\\\/\",\"name\":\"Vermixin - kup suplement, cena w aptece, sk\u0142ad, dzia\u0142anie\",\"isPartOf\":{\"@id\":\"https:\\\/\\\/lekarzeopole.pl\\\/wordpress\\\/#website\"},\"primaryImageOfPage\":{\"@id\":\"https:\\\/\\\/lekarzeopole.pl\\\/wordpress\\\/product\\\/vermixin\\\/#primaryimage\"},\"image\":{\"@id\":\"https:\\\/\\\/lekarzeopole.pl\\\/wordpress\\\/product\\\/vermixin\\\/#primaryimage\"},\"thumbnailUrl\":\"https:\\\/\\\/lekarzeopole.pl\\\/wordpress\\\/wp-content\\\/uploads\\\/2024\\\/02\\\/vermixin.png\",\"datePublished\":\"2024-02-12T07:31:47+00:00\",\"dateModified\":\"2026-01-05T14:02:04+00:00\",\"breadcrumb\":{\"@id\":\"https:\\\/\\\/lekarzeopole.pl\\\/wordpress\\\/product\\\/vermixin\\\/#breadcrumb\"},\"inLanguage\":\"pl-PL\",\"potentialAction\":[{\"@type\":\"ReadAction\",\"target\":[\"https:\\\/\\\/lekarzeopole.pl\\\/wordpress\\\/product\\\/vermixin\\\/\"]}]},{\"@type\":\"ImageObject\",\"inLanguage\":\"pl-PL\",\"@id\":\"https:\\\/\\\/lekarzeopole.pl\\\/wordpress\\\/product\\\/vermixin\\\/#primaryimage\",\"url\":\"https:\\\/\\\/lekarzeopole.pl\\\/wordpress\\\/wp-content\\\/uploads\\\/2024\\\/02\\\/vermixin.png\",\"contentUrl\":\"https:\\\/\\\/lekarzeopole.pl\\\/wordpress\\\/wp-content\\\/uploads\\\/2024\\\/02\\\/vermixin.png\",\"width\":455,\"height\":408,\"caption\":\"Vermixin\"},{\"@type\":\"BreadcrumbList\",\"@id\":\"https:\\\/\\\/lekarzeopole.pl\\\/wordpress\\\/product\\\/vermixin\\\/#breadcrumb\",\"itemListElement\":[{\"@type\":\"ListItem\",\"position\":1,\"name\":\"\u0413\u043b\u0430\u0432\u043d\u0430\u044f \u0441\u0442\u0440\u0430\u043d\u0438\u0446\u0430\",\"item\":\"https:\\\/\\\/lekarzeopole.pl\\\/wordpress\\\/\"},{\"@type\":\"ListItem\",\"position\":2,\"name\":\"Zakup\",\"item\":\"https:\\\/\\\/lekarzeopole.pl\\\/wordpress\\\/\"},{\"@type\":\"ListItem\",\"position\":3,\"name\":\"Vermixin\"}]},{\"@type\":\"WebSite\",\"@id\":\"https:\\\/\\\/lekarzeopole.pl\\\/wordpress\\\/#website\",\"url\":\"https:\\\/\\\/lekarzeopole.pl\\\/wordpress\\\/\",\"name\":\"Lekarze Opole\",\"description\":\"\",\"potentialAction\":[{\"@type\":\"SearchAction\",\"target\":{\"@type\":\"EntryPoint\",\"urlTemplate\":\"https:\\\/\\\/lekarzeopole.pl\\\/wordpress\\\/?s={search_term_string}\"},\"query-input\":{\"@type\":\"PropertyValueSpecification\",\"valueRequired\":true,\"valueName\":\"search_term_string\"}}],\"inLanguage\":\"pl-PL\"}]}<\/script>\n<!-- \/ Yoast SEO plugin. -->","yoast_head_json":{"title":"Vermixin - kup suplement, cena w aptece, sk\u0142ad, dzia\u0142anie","robots":{"index":"index","follow":"follow","max-snippet":"max-snippet:-1","max-image-preview":"max-image-preview:large","max-video-preview":"max-video-preview:-1"},"canonical":"https:\/\/lekarzeopole.pl\/wordpress\/product\/vermixin\/","og_locale":"pl_PL","og_type":"article","og_title":"Vermixin - kup suplement, cena w aptece, sk\u0142ad, dzia\u0142anie","og_description":"Kup teraz SKU:\u00a0789.878.071    Produkt sprzedawany jest wy\u0142\u0105cznie za po\u015brednictwem oficjalnej strony producenta, id\u017a i kupuj bezpiecznie!","og_url":"https:\/\/lekarzeopole.pl\/wordpress\/product\/vermixin\/","og_site_name":"Lekarze Opole","article_modified_time":"2026-01-05T14:02:04+00:00","og_image":[{"width":455,"height":408,"url":"https:\/\/lekarzeopole.pl\/wordpress\/wp-content\/uploads\/2024\/02\/vermixin.png","type":"image\/png"}],"twitter_card":"summary_large_image","twitter_misc":{"Szacowany czas czytania":"5 minut"},"schema":{"@context":"https:\/\/schema.org","@graph":[{"@type":"WebPage","@id":"https:\/\/lekarzeopole.pl\/wordpress\/product\/vermixin\/","url":"https:\/\/lekarzeopole.pl\/wordpress\/product\/vermixin\/","name":"Vermixin - kup suplement, cena w aptece, sk\u0142ad, dzia\u0142anie","isPartOf":{"@id":"https:\/\/lekarzeopole.pl\/wordpress\/#website"},"primaryImageOfPage":{"@id":"https:\/\/lekarzeopole.pl\/wordpress\/product\/vermixin\/#primaryimage"},"image":{"@id":"https:\/\/lekarzeopole.pl\/wordpress\/product\/vermixin\/#primaryimage"},"thumbnailUrl":"https:\/\/lekarzeopole.pl\/wordpress\/wp-content\/uploads\/2024\/02\/vermixin.png","datePublished":"2024-02-12T07:31:47+00:00","dateModified":"2026-01-05T14:02:04+00:00","breadcrumb":{"@id":"https:\/\/lekarzeopole.pl\/wordpress\/product\/vermixin\/#breadcrumb"},"inLanguage":"pl-PL","potentialAction":[{"@type":"ReadAction","target":["https:\/\/lekarzeopole.pl\/wordpress\/product\/vermixin\/"]}]},{"@type":"ImageObject","inLanguage":"pl-PL","@id":"https:\/\/lekarzeopole.pl\/wordpress\/product\/vermixin\/#primaryimage","url":"https:\/\/lekarzeopole.pl\/wordpress\/wp-content\/uploads\/2024\/02\/vermixin.png","contentUrl":"https:\/\/lekarzeopole.pl\/wordpress\/wp-content\/uploads\/2024\/02\/vermixin.png","width":455,"height":408,"caption":"Vermixin"},{"@type":"BreadcrumbList","@id":"https:\/\/lekarzeopole.pl\/wordpress\/product\/vermixin\/#breadcrumb","itemListElement":[{"@type":"ListItem","position":1,"name":"\u0413\u043b\u0430\u0432\u043d\u0430\u044f \u0441\u0442\u0440\u0430\u043d\u0438\u0446\u0430","item":"https:\/\/lekarzeopole.pl\/wordpress\/"},{"@type":"ListItem","position":2,"name":"Zakup","item":"https:\/\/lekarzeopole.pl\/wordpress\/"},{"@type":"ListItem","position":3,"name":"Vermixin"}]},{"@type":"WebSite","@id":"https:\/\/lekarzeopole.pl\/wordpress\/#website","url":"https:\/\/lekarzeopole.pl\/wordpress\/","name":"Lekarze Opole","description":"","potentialAction":[{"@type":"SearchAction","target":{"@type":"EntryPoint","urlTemplate":"https:\/\/lekarzeopole.pl\/wordpress\/?s={search_term_string}"},"query-input":{"@type":"PropertyValueSpecification","valueRequired":true,"valueName":"search_term_string"}}],"inLanguage":"pl-PL"}]}},"_links":{"self":[{"href":"https:\/\/lekarzeopole.pl\/wordpress\/wp-json\/wp\/v2\/product\/486","targetHints":{"allow":["GET"]}}],"collection":[{"href":"https:\/\/lekarzeopole.pl\/wordpress\/wp-json\/wp\/v2\/product"}],"about":[{"href":"https:\/\/lekarzeopole.pl\/wordpress\/wp-json\/wp\/v2\/types\/product"}],"replies":[{"embeddable":true,"href":"https:\/\/lekarzeopole.pl\/wordpress\/wp-json\/wp\/v2\/comments?post=486"}],"wp:featuredmedia":[{"embeddable":true,"href":"https:\/\/lekarzeopole.pl\/wordpress\/wp-json\/wp\/v2\/media\/487"}],"wp:attachment":[{"href":"https:\/\/lekarzeopole.pl\/wordpress\/wp-json\/wp\/v2\/media?parent=486"}],"wp:term":[{"taxonomy":"product_brand","embeddable":true,"href":"https:\/\/lekarzeopole.pl\/wordpress\/wp-json\/wp\/v2\/product_brand?post=486"},{"taxonomy":"product_cat","embeddable":true,"href":"https:\/\/lekarzeopole.pl\/wordpress\/wp-json\/wp\/v2\/product_cat?post=486"},{"taxonomy":"product_tag","embeddable":true,"href":"https:\/\/lekarzeopole.pl\/wordpress\/wp-json\/wp\/v2\/product_tag?post=486"}],"curies":[{"name":"wp","href":"https:\/\/api.w.org\/{rel}","templated":true}]}}