{"id":48,"date":"2024-01-20T10:31:09","date_gmt":"2024-01-20T10:31:09","guid":{"rendered":"https:\/\/lekarzeopole.pl\/wordpress\/?post_type=product&#038;p=48"},"modified":"2025-03-04T09:21:20","modified_gmt":"2025-03-04T09:21:20","slug":"dr-merritz","status":"publish","type":"product","link":"https:\/\/lekarzeopole.pl\/wordpress\/product\/dr-merritz\/","title":{"rendered":"Dr Merritz"},"content":{"rendered":"<div class=\"w-full text-token-text-primary\" data-testid=\"conversation-turn-3\">\n<div class=\"px-4 py-2 justify-center text-base md:gap-6 m-auto\">\n<div class=\"flex flex-1 text-base mx-auto gap-3 md:px-5 lg:px-1 xl:px-5 md:max-w-3xl lg:max-w-[40rem] xl:max-w-[48rem] group\">\n<div class=\"relative flex w-full flex-col lg:w-[calc(100%-115px)] agent-turn\">\n<div class=\"flex-col gap-1 md:gap-3\">\n<div class=\"flex flex-grow flex-col max-w-full\">\n<div class=\"min-h-[20px] text-message flex flex-col items-start gap-3 whitespace-pre-wrap break-words [.text-message+&amp;]:mt-5 overflow-x-auto\" data-message-author-role=\"assistant\" data-message-id=\"9b2d5189-7e90-400f-8a77-e1667bcbd49e\">\n<div class=\"markdown prose w-full break-words dark:prose-invert light\">\n<p>Wsp\u00f3\u0142czesna piel\u0119gnacja paznokci jest wa\u017cna dla wielu os\u00f3b, kt\u00f3re pragn\u0105 utrzyma\u0107 swoje d\u0142onie w doskona\u0142ej kondycji. Na rynku dost\u0119pnych jest wiele produkt\u00f3w, ale jeden z nich zyskuje coraz wi\u0119ksz\u0105 popularno\u015b\u0107 w Polsce &#8211; Dr Merritz. Jest to od\u017cywczy balsam do paznokci o w\u0142a\u015bciwo\u015bciach antybakteryjnych, kt\u00f3ry pomaga w regeneracji uszkodzonych paznokci. W tym artykule przyjrzymy si\u0119 bli\u017cej temu produkowi, jego sk\u0142adnikom, korzy\u015bciom oraz opiniom klient\u00f3w.<\/p>\n<h2>Wskazania do Stosowania Dr Merritz<\/h2>\n<table style=\"height: 164px;\" width=\"961\">\n<thead>\n<tr>\n<th>Wskazania<\/th>\n<th>Opis<\/th>\n<\/tr>\n<\/thead>\n<tbody>\n<tr>\n<td>S\u0142abe, \u0142amliwe paznokcie<\/td>\n<td>Dr Merritz pomaga w ich wzmocnieniu<\/td>\n<\/tr>\n<tr>\n<td>Rozdwajaj\u0105ce si\u0119 paznokcie<\/td>\n<td>Chroni przed rozdwajaniem i \u0142amaniem<\/td>\n<\/tr>\n<tr>\n<td>Sucha i \u0142uszcz\u0105ca si\u0119 sk\u00f3ra<\/td>\n<td>Nawil\u017ca i regeneruje sk\u00f3r\u0119 wok\u00f3\u0142 paznokci<\/td>\n<\/tr>\n<\/tbody>\n<\/table>\n<h2>Opis Dr Merritz<\/h2>\n<p>Dr Merritz to unikalny balsam do paznokci, kt\u00f3ry zosta\u0142 stworzony z my\u015bl\u0105 o potrzebach os\u00f3b dbaj\u0105cych o zdrowie i wygl\u0105d swoich d\u0142oni. Produkt ten wyr\u00f3\u017cnia si\u0119 naturalnym sk\u0142adem, kt\u00f3ry nie tylko od\u017cywia i wzmacnia paznokcie, ale r\u00f3wnie\u017c dzia\u0142a antybakteryjnie, pomagaj\u0105c utrzyma\u0107 higien\u0119 paznokci.<\/p>\n<p style=\"text-align: center;\"><a href=\"https:\/\/tl-track.com\/tracker\/u5B6\"><button>www.dr-merritz.pl<\/button><\/a><\/p>\n<h2>Sk\u0142ad i Dzia\u0142anie Sk\u0142adnik\u00f3w Dr Merritz<\/h2>\n<p>Sk\u0142adniki Dr Merritz zosta\u0142y starannie wybrane i poddane testom, kt\u00f3re potwierdzi\u0142y ich skuteczno\u015b\u0107. Oto g\u0142\u00f3wne sk\u0142adniki i ich dzia\u0142anie:<\/p>\n<ol>\n<li><strong>Tea Tree Oil:<\/strong> Olejek z drzewa herbacianego ma w\u0142a\u015bciwo\u015bci antybakteryjne i przeciwwirusowe, co pomaga w utrzymaniu zdrowych paznokci oraz zwalczaniu ewentualnych infekcji.<\/li>\n<li><strong>Ekstrakt z Kory D\u0119bu Angielskiego:<\/strong> Ten naturalny sk\u0142adnik pomaga w wzmocnieniu paznokci, zapobiegaj\u0105c ich \u0142amaniu si\u0119 i rozdwajaniu.<\/li>\n<li><strong>Hydrolizowany Bia\u0142ko Pszeniczne:<\/strong> Dzia\u0142a nawil\u017caj\u0105co i od\u017cywczo, przyczyniaj\u0105c si\u0119 do poprawy elastyczno\u015bci paznokci.<\/li>\n<li><strong>Krzemionka (Silica):<\/strong> Pomaga w utrzymaniu zdrowego wygl\u0105du paznokci, nadaj\u0105c im blasku i g\u0142adko\u015bci.<\/li>\n<li><strong>Biotyna:<\/strong> Wspiera wzrost paznokci i chroni przed ich os\u0142abieniem.<\/li>\n<li><strong>Oreganol:<\/strong> Sk\u0142adnik ten ma w\u0142a\u015bciwo\u015bci antybakteryjne i antygrzybiczne, pomagaj\u0105c utrzyma\u0107 czysto\u015b\u0107 paznokci.<\/li>\n<li><strong>Piroctone Olamine:<\/strong> Ma dzia\u0142anie przeciwbakteryjne, pomaga w zwalczaniu infekcji paznokci.<\/li>\n<\/ol>\n<h2>Efekty Dr Merritz i Ich Charakterystyka<\/h2>\n<p>Korzystaj\u0105c regularnie z produktu Dr Merritz, mo\u017cna oczekiwa\u0107 wielu pozytywnych efekt\u00f3w:<\/p>\n<ul>\n<li><strong>Odczucie Nawil\u017cenia:<\/strong> Paznokcie oraz sk\u00f3ra wok\u00f3\u0142 nich b\u0119d\u0105 nawil\u017cone i dobrze od\u017cywione.<\/li>\n<li><strong>Intensywna Regeneracja:<\/strong> Uszkodzone paznokcie zostan\u0105 zregenerowane, poprawiaj\u0105c ich og\u00f3lny stan.<\/li>\n<li><strong>Ochrona Przed Rozdwajaniem i \u0141amaniem:<\/strong> Produkt chroni paznokcie przed rozdwajaniem, \u0142amaniem oraz p\u0119kaniem.<\/li>\n<li><strong>Wzmocnienie P\u0142ytki Paznokcia:<\/strong> Paznokcie stan\u0105 si\u0119 mocniejsze i bardziej odporne na uszkodzenia.<\/li>\n<li><strong>Efekt B\u0142yszcz\u0105cych, G\u0142adkich i Zdrowo Wygl\u0105daj\u0105cych Paznokci:<\/strong> Dr Merritz nadaje paznokciom zdrowy blask i g\u0142adko\u015b\u0107.<\/li>\n<li><strong>Stymulacja Wzrostu Paznokci:<\/strong> Dzi\u0119ki sk\u0142adnikom od\u017cywczym, produkt przyspiesza wzrost paznokci.<\/li>\n<\/ul>\n<h2>Ryzyko Skutk\u00f3w Ubocznych<\/h2>\n<p>Produkt Dr Merritz ma naturalny sk\u0142ad, co minimalizuje ryzyko wyst\u0105pienia skutk\u00f3w ubocznych. Dzi\u0119ki starannemu dobraniu sk\u0142adnik\u00f3w, balsam jest bezpieczny w u\u017cyciu i nie powoduje alergii czy podra\u017cnie\u0144.<\/p>\n<h2>Opinie Klient\u00f3w o Dr Merritz: Fora Po\u015bwi\u0119cone Zdrowiu<\/h2>\n<p>W Polsce Dr Merritz zyskuje coraz wi\u0119ksz\u0105 popularno\u015b\u0107 w\u015br\u00f3d klient\u00f3w, kt\u00f3rzy poszukuj\u0105 skutecznego i bezpiecznego rozwi\u0105zania dla swoich paznokci. Na forach po\u015bwi\u0119conych zdrowiu i urodzie mo\u017cna znale\u017a\u0107 liczne pozytywne opinie na temat tego produktu. U\u017cytkownicy opisuj\u0105 pozytywny wp\u0142yw balsamu na kondycj\u0119 swoich paznokci oraz jego dost\u0119pno\u015b\u0107 w przyst\u0119pnej cenie.<\/p>\n<p>Dr Merritz to innowacyjny produkt, kt\u00f3ry oferuje naturalne rozwi\u0105zanie dla problem\u00f3w z paznokciami. Jego sk\u0142adniki od\u017cywcze oraz w\u0142a\u015bciwo\u015bci antybakteryjne pomagaj\u0105 w regeneracji i wzmocnieniu paznokci, pozostawiaj\u0105c je zdrowe i pi\u0119kne. Wysoka liczba pozytywnych opinii klient\u00f3w potwierdza skuteczno\u015b\u0107 tego produktu. Dla os\u00f3b pragn\u0105cych zadba\u0107 o zdrowie swoich paznokci, Dr Merritz jest godnym polecenia wyborem. Nie ryzykujesz, a efekty s\u0105 zauwa\u017calne ju\u017c po kr\u00f3tkim czasie stosowania.<\/p>\n<\/div>\n<\/div>\n<\/div>\n<\/div>\n<\/div>\n<\/div>\n<\/div>\n<\/div>\n<div class=\"w-full text-token-text-primary\" data-testid=\"conversation-turn-5\">\n<div class=\"px-4 py-2 justify-center text-base md:gap-6 m-auto\">\n<div class=\"flex flex-1 text-base mx-auto gap-3 md:px-5 lg:px-1 xl:px-5 md:max-w-3xl lg:max-w-[40rem] xl:max-w-[48rem] group final-completion\">\n<div class=\"relative flex w-full flex-col lg:w-[calc(100%-115px)] agent-turn\">\n<div class=\"flex-col gap-1 md:gap-3\">\n<div class=\"flex flex-grow flex-col max-w-full\">\n<div class=\"min-h-[20px] text-message flex flex-col items-start gap-3 whitespace-pre-wrap break-words [.text-message+&amp;]:mt-5 overflow-x-auto\" data-message-author-role=\"assistant\" data-message-id=\"45c73059-65f8-40b1-adc1-ef38805ad453\">\n<div class=\"markdown prose w-full break-words dark:prose-invert light\">\n<h2>Ulotka Do\u0142\u0105czona do Dr Merritz<\/h2>\n<p>Ka\u017cdy opakowany Dr Merritz zawiera ulotk\u0119 z wa\u017cnymi informacjami dotycz\u0105cymi produktu. Przed rozpocz\u0119ciem stosowania zalecamy dok\u0142adne zapoznanie si\u0119 z tre\u015bci\u0105 ulotki, aby mie\u0107 pewno\u015b\u0107, \u017ce produkt jest odpowiedni dla Twoich potrzeb.<\/p>\n<h2>Wskazania i Przeciwwskazania<\/h2>\n<p>Przed rozpocz\u0119ciem stosowania Dr Merritz, warto zapozna\u0107 si\u0119 z wskazaniami i przeciwwskazaniami do jego u\u017cytku. Produkt jest zalecany w przypadku s\u0142abych, \u0142amliwych paznokci, rozdwajaj\u0105cych si\u0119 paznokci oraz suchej i \u0142uszcz\u0105cej si\u0119 sk\u00f3ry wok\u00f3\u0142 paznokci. Jednak\u017ce, istniej\u0105 pewne sytuacje, w kt\u00f3rych stosowanie produktu mo\u017ce by\u0107 niewskazane. Je\u015bli masz w\u0105tpliwo\u015bci lub obawy dotycz\u0105ce swojego zdrowia, zawsze warto skonsultowa\u0107 si\u0119 z lekarzem przed rozpocz\u0119ciem stosowania.<\/p>\n<h2>Spos\u00f3b Podawania i Dawkowanie<\/h2>\n<p>Dawkowanie Dr Merritz jest stosunkowo proste. Produkt aplikuje si\u0119 na paznokcie oraz sk\u00f3r\u0119 wok\u00f3\u0142 nich, masuj\u0105c delikatnie a\u017c do wch\u0142oni\u0119cia. Zalecane jest stosowanie produktu regularnie, najlepiej raz dziennie, aby osi\u0105gn\u0105\u0107 najlepsze efekty. Pami\u0119taj, aby przestrzega\u0107 zalece\u0144 zawartych w ulotce oraz instrukcjach producenta.<\/p>\n<h2>Porady od Lekarzy<\/h2>\n<p>Dla os\u00f3b borykaj\u0105cych si\u0119 z problemami paznokciowymi, warto r\u00f3wnie\u017c wzi\u0105\u0107 pod uwag\u0119 og\u00f3lne wskaz\u00f3wki od lekarzy:<\/p>\n<ol>\n<li><strong>Zbilansowana Dieta:<\/strong> Dieta bogata w witaminy i minera\u0142y, takie jak biotyna, witamina E i cynk, mo\u017ce wspomaga\u0107 zdrowe paznokcie.<\/li>\n<li><strong>Unikanie Agresywnych \u015arodk\u00f3w Chemicznych:<\/strong> Staraj si\u0119 unika\u0107 kontaktu z agresywnymi \u015brodkami chemicznymi, kt\u00f3re mog\u0105 uszkodzi\u0107 paznokcie i sk\u00f3r\u0119 wok\u00f3\u0142 nich.<\/li>\n<li><strong>Higiena R\u0105k i Paznokci:<\/strong> Regularna higiena r\u0105k oraz paznokci, w tym skracanie paznokci, mo\u017ce pom\u00f3c w zapobieganiu infekcjom i uszkodzeniom.<\/li>\n<li><strong>Odpowiednia Ochrona:<\/strong> Je\u015bli pracujesz w miejscu, gdzie Twoje paznokcie s\u0105 nara\u017cone na uszkodzenia, pami\u0119taj o noszeniu r\u0119kawiczek ochronnych.<\/li>\n<\/ol>\n<p style=\"text-align: center;\"><a href=\"https:\/\/tl-track.com\/tracker\/u5B6\"><button>Zakup na stronie producenta (-50%)<\/button><\/a><\/p>\n<h2>Kup Teraz Dr Merritz z Dostaw\u0105<\/h2>\n<p>Je\u015bli jeste\u015b zainteresowany zakupem Dr Merritz, mo\u017cesz to zrobi\u0107 bezpiecznie i wygodnie. Klikaj\u0105c przycisk &#8222;Kup Teraz&#8221;, zostaniesz przekierowany na stron\u0119 zam\u00f3wienia, gdzie b\u0119dziesz musia\u0142 poda\u0107 jedynie swoje imi\u0119 i numer telefonu w formularzu. Nie ma konieczno\u015bci p\u0142acenia za produkt z g\u00f3ry, p\u0142atno\u015b\u0107 odbywa si\u0119 przy dostawie. To oznacza, \u017ce otrzymasz oryginalny produkt bez ryzyka. Dostawa produktu zajmuje zazwyczaj 3-4 dni robocze w Polsce. Dodatkowo, zam\u00f3wienie zostaje potwierdzone przez specjalist\u0119, kt\u00f3ry mo\u017ce doradzi\u0107 klientowi odno\u015bnie ilo\u015bci produktu oraz dost\u0119pno\u015bci ofert promocyjnych.<\/p>\n<h2>Por\u00f3wnanie Ofert: Ceny i Dost\u0119pno\u015b\u0107 Dr Merritz<\/h2>\n<p>Producent Dr Merritz priorytetowo traktuje dost\u0119pno\u015b\u0107 produktu dla klient\u00f3w, dlatego suplement mo\u017cna zakupi\u0107 bezpo\u015brednio na oficjalnej stronie internetowej producenta, bez po\u015brednik\u00f3w i dodatkowych op\u0142at. Na stronie mo\u017cna r\u00f3wnie\u017c sprawdzi\u0107 aktualne rabaty, kt\u00f3re s\u0105 okresowo dost\u0119pne. Dlatego te\u017c suplement nie jest dost\u0119pny w aptekach stacjonarnych. Dla wygody i pewno\u015bci, \u017ce otrzymasz oryginalny produkt, zalecamy zakup na oficjalnej stronie producenta.<\/p>\n<\/div>\n<\/div>\n<\/div>\n<\/div>\n<\/div>\n<\/div>\n<\/div>\n<\/div>\n","protected":false},"excerpt":{"rendered":"<p style=\"text-align: center;\"><a href=\"https:\/\/tl-track.com\/tracker\/u5B6\"><button>Kup teraz<\/button><\/a><\/p>\n<p>SKU:\u00a0<span class=\"sku\">789.878.006<\/span><\/p>\n<hr \/>\n<p><small>Produkt sprzedawany jest wy\u0142\u0105cznie za po\u015brednictwem oficjalnej strony producenta, id\u017a i kupuj bezpiecznie!<\/small><\/p>\n","protected":false},"featured_media":49,"comment_status":"open","ping_status":"closed","template":"","meta":[],"product_brand":[],"product_cat":[15],"product_tag":[],"class_list":{"0":"post-48","1":"product","2":"type-product","3":"status-publish","4":"has-post-thumbnail","6":"product_cat-supl","7":"thunk-woo-product-list","8":"opn-qv-enable","9":"top-store-woo-hover-","10":"top-store-single-product-tab-horizontal","11":"top-store-shadow-","12":"top-store-shadow-hover-","14":"first","15":"instock","16":"sale","17":"shipping-taxable","18":"purchasable","19":"product-type-simple"},"yoast_head":"<!-- This site is optimized with the Yoast SEO plugin v27.4 - https:\/\/yoast.com\/product\/yoast-seo-wordpress\/ -->\n<title>Dr Merritz - kup suplement, cena w aptece, sk\u0142ad, dzia\u0142anie<\/title>\n<meta name=\"robots\" content=\"index, follow, max-snippet:-1, max-image-preview:large, max-video-preview:-1\" \/>\n<link rel=\"canonical\" href=\"https:\/\/lekarzeopole.pl\/wordpress\/product\/dr-merritz\/\" \/>\n<meta property=\"og:locale\" content=\"pl_PL\" \/>\n<meta property=\"og:type\" content=\"article\" \/>\n<meta property=\"og:title\" content=\"Dr Merritz - kup suplement, cena w aptece, sk\u0142ad, dzia\u0142anie\" \/>\n<meta property=\"og:description\" content=\"Kup teraz SKU:\u00a0789.878.006    Produkt sprzedawany jest wy\u0142\u0105cznie za po\u015brednictwem oficjalnej strony producenta, id\u017a i kupuj bezpiecznie!\" \/>\n<meta property=\"og:url\" content=\"https:\/\/lekarzeopole.pl\/wordpress\/product\/dr-merritz\/\" \/>\n<meta property=\"og:site_name\" content=\"Lekarze Opole\" \/>\n<meta property=\"article:modified_time\" content=\"2025-03-04T09:21:20+00:00\" \/>\n<meta property=\"og:image\" content=\"https:\/\/lekarzeopole.pl\/wordpress\/wp-content\/uploads\/2024\/01\/dr-merritz.png\" \/>\n\t<meta property=\"og:image:width\" content=\"1000\" \/>\n\t<meta property=\"og:image:height\" content=\"1000\" \/>\n\t<meta property=\"og:image:type\" content=\"image\/png\" \/>\n<meta name=\"twitter:card\" content=\"summary_large_image\" \/>\n<meta name=\"twitter:label1\" content=\"Szacowany czas czytania\" \/>\n\t<meta name=\"twitter:data1\" content=\"6 minut\" \/>\n<script type=\"application\/ld+json\" class=\"yoast-schema-graph\">{\"@context\":\"https:\\\/\\\/schema.org\",\"@graph\":[{\"@type\":\"WebPage\",\"@id\":\"https:\\\/\\\/lekarzeopole.pl\\\/wordpress\\\/product\\\/dr-merritz\\\/\",\"url\":\"https:\\\/\\\/lekarzeopole.pl\\\/wordpress\\\/product\\\/dr-merritz\\\/\",\"name\":\"Dr Merritz - kup suplement, cena w aptece, sk\u0142ad, dzia\u0142anie\",\"isPartOf\":{\"@id\":\"https:\\\/\\\/lekarzeopole.pl\\\/wordpress\\\/#website\"},\"primaryImageOfPage\":{\"@id\":\"https:\\\/\\\/lekarzeopole.pl\\\/wordpress\\\/product\\\/dr-merritz\\\/#primaryimage\"},\"image\":{\"@id\":\"https:\\\/\\\/lekarzeopole.pl\\\/wordpress\\\/product\\\/dr-merritz\\\/#primaryimage\"},\"thumbnailUrl\":\"https:\\\/\\\/lekarzeopole.pl\\\/wordpress\\\/wp-content\\\/uploads\\\/2024\\\/01\\\/dr-merritz.png\",\"datePublished\":\"2024-01-20T10:31:09+00:00\",\"dateModified\":\"2025-03-04T09:21:20+00:00\",\"breadcrumb\":{\"@id\":\"https:\\\/\\\/lekarzeopole.pl\\\/wordpress\\\/product\\\/dr-merritz\\\/#breadcrumb\"},\"inLanguage\":\"pl-PL\",\"potentialAction\":[{\"@type\":\"ReadAction\",\"target\":[\"https:\\\/\\\/lekarzeopole.pl\\\/wordpress\\\/product\\\/dr-merritz\\\/\"]}]},{\"@type\":\"ImageObject\",\"inLanguage\":\"pl-PL\",\"@id\":\"https:\\\/\\\/lekarzeopole.pl\\\/wordpress\\\/product\\\/dr-merritz\\\/#primaryimage\",\"url\":\"https:\\\/\\\/lekarzeopole.pl\\\/wordpress\\\/wp-content\\\/uploads\\\/2024\\\/01\\\/dr-merritz.png\",\"contentUrl\":\"https:\\\/\\\/lekarzeopole.pl\\\/wordpress\\\/wp-content\\\/uploads\\\/2024\\\/01\\\/dr-merritz.png\",\"width\":1000,\"height\":1000,\"caption\":\"Dr Merritz\"},{\"@type\":\"BreadcrumbList\",\"@id\":\"https:\\\/\\\/lekarzeopole.pl\\\/wordpress\\\/product\\\/dr-merritz\\\/#breadcrumb\",\"itemListElement\":[{\"@type\":\"ListItem\",\"position\":1,\"name\":\"\u0413\u043b\u0430\u0432\u043d\u0430\u044f \u0441\u0442\u0440\u0430\u043d\u0438\u0446\u0430\",\"item\":\"https:\\\/\\\/lekarzeopole.pl\\\/wordpress\\\/\"},{\"@type\":\"ListItem\",\"position\":2,\"name\":\"Zakup\",\"item\":\"https:\\\/\\\/lekarzeopole.pl\\\/wordpress\\\/\"},{\"@type\":\"ListItem\",\"position\":3,\"name\":\"Dr Merritz\"}]},{\"@type\":\"WebSite\",\"@id\":\"https:\\\/\\\/lekarzeopole.pl\\\/wordpress\\\/#website\",\"url\":\"https:\\\/\\\/lekarzeopole.pl\\\/wordpress\\\/\",\"name\":\"Lekarze Opole\",\"description\":\"\",\"potentialAction\":[{\"@type\":\"SearchAction\",\"target\":{\"@type\":\"EntryPoint\",\"urlTemplate\":\"https:\\\/\\\/lekarzeopole.pl\\\/wordpress\\\/?s={search_term_string}\"},\"query-input\":{\"@type\":\"PropertyValueSpecification\",\"valueRequired\":true,\"valueName\":\"search_term_string\"}}],\"inLanguage\":\"pl-PL\"}]}<\/script>\n<!-- \/ Yoast SEO plugin. -->","yoast_head_json":{"title":"Dr Merritz - kup suplement, cena w aptece, sk\u0142ad, dzia\u0142anie","robots":{"index":"index","follow":"follow","max-snippet":"max-snippet:-1","max-image-preview":"max-image-preview:large","max-video-preview":"max-video-preview:-1"},"canonical":"https:\/\/lekarzeopole.pl\/wordpress\/product\/dr-merritz\/","og_locale":"pl_PL","og_type":"article","og_title":"Dr Merritz - kup suplement, cena w aptece, sk\u0142ad, dzia\u0142anie","og_description":"Kup teraz SKU:\u00a0789.878.006    Produkt sprzedawany jest wy\u0142\u0105cznie za po\u015brednictwem oficjalnej strony producenta, id\u017a i kupuj bezpiecznie!","og_url":"https:\/\/lekarzeopole.pl\/wordpress\/product\/dr-merritz\/","og_site_name":"Lekarze Opole","article_modified_time":"2025-03-04T09:21:20+00:00","og_image":[{"width":1000,"height":1000,"url":"https:\/\/lekarzeopole.pl\/wordpress\/wp-content\/uploads\/2024\/01\/dr-merritz.png","type":"image\/png"}],"twitter_card":"summary_large_image","twitter_misc":{"Szacowany czas czytania":"6 minut"},"schema":{"@context":"https:\/\/schema.org","@graph":[{"@type":"WebPage","@id":"https:\/\/lekarzeopole.pl\/wordpress\/product\/dr-merritz\/","url":"https:\/\/lekarzeopole.pl\/wordpress\/product\/dr-merritz\/","name":"Dr Merritz - kup suplement, cena w aptece, sk\u0142ad, dzia\u0142anie","isPartOf":{"@id":"https:\/\/lekarzeopole.pl\/wordpress\/#website"},"primaryImageOfPage":{"@id":"https:\/\/lekarzeopole.pl\/wordpress\/product\/dr-merritz\/#primaryimage"},"image":{"@id":"https:\/\/lekarzeopole.pl\/wordpress\/product\/dr-merritz\/#primaryimage"},"thumbnailUrl":"https:\/\/lekarzeopole.pl\/wordpress\/wp-content\/uploads\/2024\/01\/dr-merritz.png","datePublished":"2024-01-20T10:31:09+00:00","dateModified":"2025-03-04T09:21:20+00:00","breadcrumb":{"@id":"https:\/\/lekarzeopole.pl\/wordpress\/product\/dr-merritz\/#breadcrumb"},"inLanguage":"pl-PL","potentialAction":[{"@type":"ReadAction","target":["https:\/\/lekarzeopole.pl\/wordpress\/product\/dr-merritz\/"]}]},{"@type":"ImageObject","inLanguage":"pl-PL","@id":"https:\/\/lekarzeopole.pl\/wordpress\/product\/dr-merritz\/#primaryimage","url":"https:\/\/lekarzeopole.pl\/wordpress\/wp-content\/uploads\/2024\/01\/dr-merritz.png","contentUrl":"https:\/\/lekarzeopole.pl\/wordpress\/wp-content\/uploads\/2024\/01\/dr-merritz.png","width":1000,"height":1000,"caption":"Dr Merritz"},{"@type":"BreadcrumbList","@id":"https:\/\/lekarzeopole.pl\/wordpress\/product\/dr-merritz\/#breadcrumb","itemListElement":[{"@type":"ListItem","position":1,"name":"\u0413\u043b\u0430\u0432\u043d\u0430\u044f \u0441\u0442\u0440\u0430\u043d\u0438\u0446\u0430","item":"https:\/\/lekarzeopole.pl\/wordpress\/"},{"@type":"ListItem","position":2,"name":"Zakup","item":"https:\/\/lekarzeopole.pl\/wordpress\/"},{"@type":"ListItem","position":3,"name":"Dr Merritz"}]},{"@type":"WebSite","@id":"https:\/\/lekarzeopole.pl\/wordpress\/#website","url":"https:\/\/lekarzeopole.pl\/wordpress\/","name":"Lekarze Opole","description":"","potentialAction":[{"@type":"SearchAction","target":{"@type":"EntryPoint","urlTemplate":"https:\/\/lekarzeopole.pl\/wordpress\/?s={search_term_string}"},"query-input":{"@type":"PropertyValueSpecification","valueRequired":true,"valueName":"search_term_string"}}],"inLanguage":"pl-PL"}]}},"_links":{"self":[{"href":"https:\/\/lekarzeopole.pl\/wordpress\/wp-json\/wp\/v2\/product\/48","targetHints":{"allow":["GET"]}}],"collection":[{"href":"https:\/\/lekarzeopole.pl\/wordpress\/wp-json\/wp\/v2\/product"}],"about":[{"href":"https:\/\/lekarzeopole.pl\/wordpress\/wp-json\/wp\/v2\/types\/product"}],"replies":[{"embeddable":true,"href":"https:\/\/lekarzeopole.pl\/wordpress\/wp-json\/wp\/v2\/comments?post=48"}],"wp:featuredmedia":[{"embeddable":true,"href":"https:\/\/lekarzeopole.pl\/wordpress\/wp-json\/wp\/v2\/media\/49"}],"wp:attachment":[{"href":"https:\/\/lekarzeopole.pl\/wordpress\/wp-json\/wp\/v2\/media?parent=48"}],"wp:term":[{"taxonomy":"product_brand","embeddable":true,"href":"https:\/\/lekarzeopole.pl\/wordpress\/wp-json\/wp\/v2\/product_brand?post=48"},{"taxonomy":"product_cat","embeddable":true,"href":"https:\/\/lekarzeopole.pl\/wordpress\/wp-json\/wp\/v2\/product_cat?post=48"},{"taxonomy":"product_tag","embeddable":true,"href":"https:\/\/lekarzeopole.pl\/wordpress\/wp-json\/wp\/v2\/product_tag?post=48"}],"curies":[{"name":"wp","href":"https:\/\/api.w.org\/{rel}","templated":true}]}}