{"id":473,"date":"2024-02-09T11:14:21","date_gmt":"2024-02-09T11:14:21","guid":{"rendered":"https:\/\/lekarzeopole.pl\/wordpress\/?post_type=product&#038;p=473"},"modified":"2024-08-01T17:28:08","modified_gmt":"2024-08-01T17:28:08","slug":"fortuflex2","status":"publish","type":"product","link":"https:\/\/lekarzeopole.pl\/wordpress\/product\/fortuflex2\/","title":{"rendered":"Fortuflex2"},"content":{"rendered":"<div class=\"w-full text-token-text-primary\" data-testid=\"conversation-turn-3\">\n<div class=\"px-4 py-2 justify-center text-base md:gap-6 m-auto\">\n<div class=\"flex flex-1 text-base mx-auto gap-3 md:px-5 lg:px-1 xl:px-5 md:max-w-3xl lg:max-w-[40rem] xl:max-w-[48rem] group\">\n<div class=\"relative flex w-full flex-col lg:w-[calc(100%-115px)] agent-turn\">\n<div class=\"flex-col gap-1 md:gap-3\">\n<div class=\"flex flex-grow flex-col max-w-full\">\n<div class=\"min-h-[20px] text-message flex flex-col items-start gap-3 whitespace-pre-wrap break-words [.text-message+&amp;]:mt-5 overflow-x-auto\" data-message-author-role=\"assistant\" data-message-id=\"04c09b37-02ed-4fc7-a46c-95b9af3539f2\">\n<div class=\"markdown prose w-full break-words dark:prose-invert light\">\n<p>W dzisiejszym szybkim tempie \u017cycia, dbanie o zdrowie staw\u00f3w staje si\u0119 coraz wa\u017cniejsze. Wieloletnie obci\u0105\u017canie staw\u00f3w, niezdrowa dieta, brak aktywno\u015bci fizycznej &#8211; to wszystko mo\u017ce prowadzi\u0107 do problem\u00f3w ze stawami. Dlatego coraz wi\u0119cej os\u00f3b zwraca uwag\u0119 na suplementy diety wspieraj\u0105ce zdrowie staw\u00f3w. Jednym z takich produkt\u00f3w jest Fortuflex2 &#8211; innowacyjne kapsu\u0142ki, kt\u00f3rych skuteczno\u015b\u0107 opiera si\u0119 na naturalnych sk\u0142adnikach. Prze\u015bled\u017amy, dlaczego warto zwr\u00f3ci\u0107 uwag\u0119 na to nowatorskie rozwi\u0105zanie.<\/p>\n<h2>Wskazania do stosowania Fortuflex2<\/h2>\n<p>Fortuflex2 to preparat, kt\u00f3ry mo\u017ce by\u0107 stosowany przez osoby borykaj\u0105ce si\u0119 z r\u00f3\u017cnego rodzaju problemami stawowymi. Jest to szczeg\u00f3lnie polecane dla os\u00f3b cierpi\u0105cych na b\u00f3le staw\u00f3w, sztywno\u015b\u0107, czy ograniczon\u0105 sprawno\u015b\u0107 ruchow\u0105. Dodatkowo, preparat mo\u017ce by\u0107 u\u017cywany profilaktycznie przez osoby aktywne fizycznie, aby wspom\u00f3c utrzymanie zdrowych staw\u00f3w i zapobiec ich degeneracji w przysz\u0142o\u015bci.<\/p>\n<h2>Sk\u0142ad i dzia\u0142anie sk\u0142adnik\u00f3w Fortuflex2<\/h2>\n<p>Skuteczno\u015b\u0107 Fortuflex2 opiera si\u0119 na starannie dobranych sk\u0142adnikach, kt\u00f3rych synergia wspomaga zdrowie staw\u00f3w.<\/p>\n<ol>\n<li><strong>Chondroityna<\/strong> &#8211; jest kluczowym sk\u0142adnikiem wp\u0142ywaj\u0105cym na stawy. Stymuluje procesy metaboliczne w stawach, spowalniaj\u0105c niszczenie chrz\u0105stki oraz inicjuj\u0105c jej napraw\u0119.<\/li>\n<li><strong>Glukozamina<\/strong> &#8211; kolejny istotny sk\u0142adnik, kt\u00f3ry stymuluje produkcj\u0119 kwasu hialuronowego, odpowiedzialnego za elastyczno\u015b\u0107 tkanki \u0142\u0105cznej. Dodatkowo \u0142agodzi b\u00f3le staw\u00f3w i poprawia ich funkcjonowanie.<\/li>\n<li><strong>Ekstrakt z kumkwatu<\/strong> &#8211; sk\u0142adnik ten charakteryzuje si\u0119 w\u0142a\u015bciwo\u015bciami \u0142agodz\u0105cymi b\u00f3le mi\u0119\u015bni i staw\u00f3w oraz przyspieszaj\u0105cymi proces regeneracji. Ponadto, wspiera uk\u0142ad odporno\u015bciowy organizmu.<\/li>\n<li><strong>Magnez<\/strong> &#8211; jego obecno\u015b\u0107 w preparacie wp\u0142ywa korzystnie na wzrost ko\u015bci, zmniejsza b\u00f3le staw\u00f3w, reguluje napi\u0119cie mi\u0119\u015bni i \u0142agodzi skurcze.<\/li>\n<li><strong>Witamina C<\/strong> &#8211; wspomaga syntez\u0119 kolagenu, kt\u00f3ry zapewnia wytrzyma\u0142o\u015b\u0107 i elastyczno\u015b\u0107 tkanki chrz\u0119stnej, co jest istotne dla zdrowia staw\u00f3w.<\/li>\n<\/ol>\n<p>Dzia\u0142anie tych sk\u0142adnik\u00f3w wzajemnie si\u0119 uzupe\u0142nia, tworz\u0105c kompleksowe wsparcie dla zdrowia staw\u00f3w.<\/p>\n<p style=\"text-align: center;\"><a href=\"https:\/\/myblogshop.top\/r\/kNgT0y5D\/s\"><button>www.fortuflex.pl<\/button><\/a><\/p>\n<h2>Efekty Fortuflex2 i ich charakterystyka<\/h2>\n<p>Regularne stosowanie Fortuflex2 przynosi szereg korzy\u015bci dla zdrowia staw\u00f3w. Ju\u017c po kr\u00f3tkim czasie u\u017cytkowania mo\u017cna zauwa\u017cy\u0107 zmniejszenie dolegliwo\u015bci b\u00f3lowych, zwi\u0119kszenie elastyczno\u015bci staw\u00f3w oraz popraw\u0119 ich funkcjonowania. Osoby aktywne fizycznie mog\u0105 odczu\u0107 wi\u0119ksz\u0105 swobod\u0119 ruch\u00f3w, co przek\u0142ada si\u0119 na lepsz\u0105 wydolno\u015b\u0107 i komfort podczas wykonywania aktywno\u015bci sportowej. Ponadto, preparat mo\u017ce by\u0107 stosowany jako \u015brodek profilaktyczny, zapobiegaj\u0105cy przysz\u0142ym problemom ze stawami.<\/p>\n<h2>Ryzyko skutk\u00f3w ubocznych<\/h2>\n<p>Jednym z g\u0142\u00f3wnych atut\u00f3w Fortuflex2 jest fakt, \u017ce opiera si\u0119 on na naturalnych sk\u0142adnikach. Dzi\u0119ki temu ryzyko wyst\u0105pienia skutk\u00f3w ubocznych jest minimalne, co czyni go bezpiecznym w stosowaniu nawet przez d\u0142u\u017cszy czas. Preparat nie powoduje skutk\u00f3w ubocznych, kt\u00f3re cz\u0119sto towarzysz\u0105 farmaceutycznym lekom przeciwb\u00f3lowym.<\/p>\n<p><em>Warto wi\u0119c postawi\u0107 na naturalne wsparcie dla zdrowia staw\u00f3w, kt\u00f3re oferuje Fortuflex2. Dzi\u0119ki starannie dobranym sk\u0142adnikom i bezpiecznej formule mo\u017cna cieszy\u0107 si\u0119 pe\u0142ni\u0105 \u017cycia, zachowuj\u0105c aktywno\u015b\u0107 fizyczn\u0105 bez obaw o dolegliwo\u015bci stawowe.<\/em><\/p>\n<\/div>\n<\/div>\n<\/div>\n<\/div>\n<\/div>\n<\/div>\n<\/div>\n<\/div>\n<div class=\"w-full text-token-text-primary\" data-testid=\"conversation-turn-5\">\n<div class=\"px-4 py-2 justify-center text-base md:gap-6 m-auto\">\n<div class=\"flex flex-1 text-base mx-auto gap-3 md:px-5 lg:px-1 xl:px-5 md:max-w-3xl lg:max-w-[40rem] xl:max-w-[48rem] group final-completion\">\n<div class=\"relative flex w-full flex-col lg:w-[calc(100%-115px)] agent-turn\">\n<div class=\"flex-col gap-1 md:gap-3\">\n<div class=\"flex flex-grow flex-col max-w-full\">\n<div class=\"min-h-[20px] text-message flex flex-col items-start gap-3 whitespace-pre-wrap break-words [.text-message+&amp;]:mt-5 overflow-x-auto\" data-message-author-role=\"assistant\" data-message-id=\"157c2f87-70e1-477e-8d7a-88cb67454a66\">\n<div class=\"markdown prose w-full break-words dark:prose-invert light\">\n<h2>Opinie klient\u00f3w o Fortuflex2: fora po\u015bwi\u0119cone zdrowiu<\/h2>\n<p>W Polsce coraz wi\u0119cej os\u00f3b korzysta z r\u00f3\u017cnych platform internetowych, takich jak fora zdrowotne, aby dzieli\u0107 si\u0119 swoimi do\u015bwiadczeniami zwi\u0105zanych z suplementacj\u0105 i leczeniem r\u00f3\u017cnych dolegliwo\u015bci. Fortuflex2, jako skuteczny preparat wspieraj\u0105cy zdrowie staw\u00f3w, nie pozostaje w tyle je\u015bli chodzi o obecno\u015b\u0107 w dyskusjach online. Przeciwnie, jego popularno\u015b\u0107 stale ro\u015bnie, co sprawia, \u017ce w sieci znajdziemy mn\u00f3stwo pozytywnych opinii na jego temat.<\/p>\n<p>Wi\u0119kszo\u015b\u0107 u\u017cytkownik\u00f3w opisuje Fortuflex2 jako produkt, kt\u00f3ry przynosi pozytywne efekty w \u0142agodzeniu b\u00f3lu staw\u00f3w, poprawie ruchomo\u015bci oraz og\u00f3lnym komforcie podczas codziennych aktywno\u015bci. Dost\u0119pno\u015b\u0107 preparatu oraz jego stosunkowo niska cena s\u0105 r\u00f3wnie\u017c cz\u0119sto podkre\u015blane. Poni\u017cej przedstawiamy dwa komentarze od u\u017cytkownik\u00f3w:<\/p>\n<ol>\n<li><strong>Anna:<\/strong> &#8222;Od kiedy zacz\u0119\u0142am stosowa\u0107 Fortuflex2, moje \u017cycie zmieni\u0142o si\u0119 na lepsze. B\u00f3le staw\u00f3w, kt\u00f3re wcze\u015bniej utrudnia\u0142y mi codzienne czynno\u015bci, ust\u0105pi\u0142y, a ja zn\u00f3w mog\u0119 cieszy\u0107 si\u0119 aktywno\u015bci\u0105 fizyczn\u0105. Polecam ka\u017cdemu, kto potrzebuje wsparcia dla swoich staw\u00f3w!&#8221;<\/li>\n<li><strong>Krzysztof:<\/strong> &#8222;Jestem bardzo zadowolony z efekt\u00f3w stosowania Fortuflex2. Po kilku tygodniach regularnego za\u017cywania, odczuwam znaczn\u0105 popraw\u0119 w ruchomo\u015bci staw\u00f3w, a b\u00f3le znacznie si\u0119 zmniejszy\u0142y. Dodatkowo, ceni\u0119 sobie fakt, \u017ce preparat jest oparty na naturalnych sk\u0142adnikach.&#8221;<\/li>\n<\/ol>\n<h2>Spos\u00f3b podawania i dawkowanie<\/h2>\n<p>Fortuflex2 jest dost\u0119pny w formie kapsu\u0142ek, co sprawia, \u017ce jest \u0142atwy i wygodny w stosowaniu. Zalecana dawka to jedna kapsu\u0142ka dziennie, najlepiej podczas posi\u0142ku, popijaj\u0105c szklank\u0105 wody. Regularne stosowanie preparatu przynosi najlepsze efekty, dlatego warto trzyma\u0107 si\u0119 zalece\u0144 dotycz\u0105cych dawkowania.<\/p>\n<h2>Kup teraz Fortuflex2 z dostaw\u0105<\/h2>\n<p>Zam\u00f3wienie Fortuflex2 jest niezwykle proste i wygodne. Produkt mo\u017cna zakupi\u0107 online na oficjalnej stronie producenta, bez konieczno\u015bci wychodzenia z domu. Co wa\u017cne, nie trzeba dokonywa\u0107 p\u0142atno\u015bci z g\u00f3ry &#8211; p\u0142atno\u015b\u0107 odbywa si\u0119 przy odbiorze przesy\u0142ki, co daje pewno\u015b\u0107, \u017ce otrzymujemy oryginalny produkt bez ryzyka oszustwa. Dostawa trwa zazwyczaj 3-4 dni robocze, dzi\u0119ki czemu mo\u017cna szybko cieszy\u0107 si\u0119 korzy\u015bciami p\u0142yn\u0105cymi z stosowania Fortuflex2. Po z\u0142o\u017ceniu zam\u00f3wienia, klient otrzymuje r\u00f3wnie\u017c potwierdzenie telefoniczne od specjalisty, kt\u00f3ry s\u0142u\u017cy pomoc\u0105 w przypadku dodatkowych pyta\u0144 czy konsultacji.<\/p>\n<p style=\"text-align: center;\"><a href=\"https:\/\/myblogshop.top\/r\/kNgT0y5D\/s\"><button>Zakup na stronie producenta (-50%)<\/button><\/a><\/p>\n<h2>Por\u00f3wnanie ofert: ceny i dost\u0119pno\u015b\u0107 Fortuflex2<\/h2>\n<p>Producenci Fortuflex2 priorytetowo traktuj\u0105 dost\u0119pno\u015b\u0107 produktu dla swoich klient\u00f3w. Dlatego te\u017c preparat jest dost\u0119pny wy\u0142\u0105cznie na oficjalnej stronie internetowej producenta, eliminuj\u0105c tym samym po\u015brednik\u00f3w i ewentualne podwy\u017cki cen. Dodatkowo, na stronie regularnie pojawiaj\u0105 si\u0119 atrakcyjne promocje i zni\u017cki, kt\u00f3re warto \u015bledzi\u0107. Jest to kolejny pow\u00f3d, dla kt\u00f3rego Fortuflex2 nie jest dost\u0119pny w tradycyjnych aptekach stacjonarnych &#8211; producenci chc\u0105 zapewni\u0107 klientom najlepsz\u0105 jako\u015b\u0107 produktu w konkurencyjnej cenie.<\/p>\n<\/div>\n<\/div>\n<\/div>\n<\/div>\n<\/div>\n<\/div>\n<\/div>\n<\/div>\n","protected":false},"excerpt":{"rendered":"<p style=\"text-align: center;\"><a href=\"https:\/\/myblogshop.top\/r\/kNgT0y5D\/s\"><button>Kup teraz<\/button><\/a><\/p>\n<p>SKU:\u00a0<span class=\"sku\">789.878.065<\/span><\/p>\n<hr \/>\n<p><small>Produkt sprzedawany jest wy\u0142\u0105cznie za po\u015brednictwem oficjalnej strony producenta, id\u017a i kupuj bezpiecznie!<\/small><\/p>\n","protected":false},"featured_media":474,"comment_status":"open","ping_status":"closed","template":"","meta":[],"product_brand":[],"product_cat":[15],"product_tag":[],"class_list":{"0":"post-473","1":"product","2":"type-product","3":"status-publish","4":"has-post-thumbnail","6":"product_cat-supl","7":"thunk-woo-product-list","8":"opn-qv-enable","9":"top-store-woo-hover-","10":"top-store-single-product-tab-horizontal","11":"top-store-shadow-","12":"top-store-shadow-hover-","14":"first","15":"instock","16":"sale","17":"shipping-taxable","18":"purchasable","19":"product-type-simple"},"yoast_head":"<!-- This site is optimized with the Yoast SEO plugin v27.4 - https:\/\/yoast.com\/product\/yoast-seo-wordpress\/ -->\n<title>Fortuflex2 - kup suplement, cena w aptece, sk\u0142ad, dzia\u0142anie<\/title>\n<meta name=\"robots\" content=\"index, follow, max-snippet:-1, max-image-preview:large, max-video-preview:-1\" \/>\n<link rel=\"canonical\" href=\"https:\/\/lekarzeopole.pl\/wordpress\/product\/fortuflex2\/\" \/>\n<meta property=\"og:locale\" content=\"pl_PL\" \/>\n<meta property=\"og:type\" content=\"article\" \/>\n<meta property=\"og:title\" content=\"Fortuflex2 - kup suplement, cena w aptece, sk\u0142ad, dzia\u0142anie\" \/>\n<meta property=\"og:description\" content=\"Kup teraz SKU:\u00a0789.878.065    Produkt sprzedawany jest wy\u0142\u0105cznie za po\u015brednictwem oficjalnej strony producenta, id\u017a i kupuj bezpiecznie!\" \/>\n<meta property=\"og:url\" content=\"https:\/\/lekarzeopole.pl\/wordpress\/product\/fortuflex2\/\" \/>\n<meta property=\"og:site_name\" content=\"Lekarze Opole\" \/>\n<meta property=\"article:modified_time\" content=\"2024-08-01T17:28:08+00:00\" \/>\n<meta property=\"og:image\" content=\"https:\/\/lekarzeopole.pl\/wordpress\/wp-content\/uploads\/2024\/02\/fortuflex2.png\" \/>\n\t<meta property=\"og:image:width\" content=\"500\" \/>\n\t<meta property=\"og:image:height\" content=\"500\" \/>\n\t<meta property=\"og:image:type\" content=\"image\/png\" \/>\n<meta name=\"twitter:card\" content=\"summary_large_image\" \/>\n<meta name=\"twitter:label1\" content=\"Szacowany czas czytania\" \/>\n\t<meta name=\"twitter:data1\" content=\"5 minut\" \/>\n<script type=\"application\/ld+json\" class=\"yoast-schema-graph\">{\"@context\":\"https:\\\/\\\/schema.org\",\"@graph\":[{\"@type\":\"WebPage\",\"@id\":\"https:\\\/\\\/lekarzeopole.pl\\\/wordpress\\\/product\\\/fortuflex2\\\/\",\"url\":\"https:\\\/\\\/lekarzeopole.pl\\\/wordpress\\\/product\\\/fortuflex2\\\/\",\"name\":\"Fortuflex2 - kup suplement, cena w aptece, sk\u0142ad, dzia\u0142anie\",\"isPartOf\":{\"@id\":\"https:\\\/\\\/lekarzeopole.pl\\\/wordpress\\\/#website\"},\"primaryImageOfPage\":{\"@id\":\"https:\\\/\\\/lekarzeopole.pl\\\/wordpress\\\/product\\\/fortuflex2\\\/#primaryimage\"},\"image\":{\"@id\":\"https:\\\/\\\/lekarzeopole.pl\\\/wordpress\\\/product\\\/fortuflex2\\\/#primaryimage\"},\"thumbnailUrl\":\"https:\\\/\\\/lekarzeopole.pl\\\/wordpress\\\/wp-content\\\/uploads\\\/2024\\\/02\\\/fortuflex2.png\",\"datePublished\":\"2024-02-09T11:14:21+00:00\",\"dateModified\":\"2024-08-01T17:28:08+00:00\",\"breadcrumb\":{\"@id\":\"https:\\\/\\\/lekarzeopole.pl\\\/wordpress\\\/product\\\/fortuflex2\\\/#breadcrumb\"},\"inLanguage\":\"pl-PL\",\"potentialAction\":[{\"@type\":\"ReadAction\",\"target\":[\"https:\\\/\\\/lekarzeopole.pl\\\/wordpress\\\/product\\\/fortuflex2\\\/\"]}]},{\"@type\":\"ImageObject\",\"inLanguage\":\"pl-PL\",\"@id\":\"https:\\\/\\\/lekarzeopole.pl\\\/wordpress\\\/product\\\/fortuflex2\\\/#primaryimage\",\"url\":\"https:\\\/\\\/lekarzeopole.pl\\\/wordpress\\\/wp-content\\\/uploads\\\/2024\\\/02\\\/fortuflex2.png\",\"contentUrl\":\"https:\\\/\\\/lekarzeopole.pl\\\/wordpress\\\/wp-content\\\/uploads\\\/2024\\\/02\\\/fortuflex2.png\",\"width\":500,\"height\":500,\"caption\":\"Fortuflex2\"},{\"@type\":\"BreadcrumbList\",\"@id\":\"https:\\\/\\\/lekarzeopole.pl\\\/wordpress\\\/product\\\/fortuflex2\\\/#breadcrumb\",\"itemListElement\":[{\"@type\":\"ListItem\",\"position\":1,\"name\":\"\u0413\u043b\u0430\u0432\u043d\u0430\u044f \u0441\u0442\u0440\u0430\u043d\u0438\u0446\u0430\",\"item\":\"https:\\\/\\\/lekarzeopole.pl\\\/wordpress\\\/\"},{\"@type\":\"ListItem\",\"position\":2,\"name\":\"Zakup\",\"item\":\"https:\\\/\\\/lekarzeopole.pl\\\/wordpress\\\/\"},{\"@type\":\"ListItem\",\"position\":3,\"name\":\"Fortuflex2\"}]},{\"@type\":\"WebSite\",\"@id\":\"https:\\\/\\\/lekarzeopole.pl\\\/wordpress\\\/#website\",\"url\":\"https:\\\/\\\/lekarzeopole.pl\\\/wordpress\\\/\",\"name\":\"Lekarze Opole\",\"description\":\"\",\"potentialAction\":[{\"@type\":\"SearchAction\",\"target\":{\"@type\":\"EntryPoint\",\"urlTemplate\":\"https:\\\/\\\/lekarzeopole.pl\\\/wordpress\\\/?s={search_term_string}\"},\"query-input\":{\"@type\":\"PropertyValueSpecification\",\"valueRequired\":true,\"valueName\":\"search_term_string\"}}],\"inLanguage\":\"pl-PL\"}]}<\/script>\n<!-- \/ Yoast SEO plugin. -->","yoast_head_json":{"title":"Fortuflex2 - kup suplement, cena w aptece, sk\u0142ad, dzia\u0142anie","robots":{"index":"index","follow":"follow","max-snippet":"max-snippet:-1","max-image-preview":"max-image-preview:large","max-video-preview":"max-video-preview:-1"},"canonical":"https:\/\/lekarzeopole.pl\/wordpress\/product\/fortuflex2\/","og_locale":"pl_PL","og_type":"article","og_title":"Fortuflex2 - kup suplement, cena w aptece, sk\u0142ad, dzia\u0142anie","og_description":"Kup teraz SKU:\u00a0789.878.065    Produkt sprzedawany jest wy\u0142\u0105cznie za po\u015brednictwem oficjalnej strony producenta, id\u017a i kupuj bezpiecznie!","og_url":"https:\/\/lekarzeopole.pl\/wordpress\/product\/fortuflex2\/","og_site_name":"Lekarze Opole","article_modified_time":"2024-08-01T17:28:08+00:00","og_image":[{"width":500,"height":500,"url":"https:\/\/lekarzeopole.pl\/wordpress\/wp-content\/uploads\/2024\/02\/fortuflex2.png","type":"image\/png"}],"twitter_card":"summary_large_image","twitter_misc":{"Szacowany czas czytania":"5 minut"},"schema":{"@context":"https:\/\/schema.org","@graph":[{"@type":"WebPage","@id":"https:\/\/lekarzeopole.pl\/wordpress\/product\/fortuflex2\/","url":"https:\/\/lekarzeopole.pl\/wordpress\/product\/fortuflex2\/","name":"Fortuflex2 - kup suplement, cena w aptece, sk\u0142ad, dzia\u0142anie","isPartOf":{"@id":"https:\/\/lekarzeopole.pl\/wordpress\/#website"},"primaryImageOfPage":{"@id":"https:\/\/lekarzeopole.pl\/wordpress\/product\/fortuflex2\/#primaryimage"},"image":{"@id":"https:\/\/lekarzeopole.pl\/wordpress\/product\/fortuflex2\/#primaryimage"},"thumbnailUrl":"https:\/\/lekarzeopole.pl\/wordpress\/wp-content\/uploads\/2024\/02\/fortuflex2.png","datePublished":"2024-02-09T11:14:21+00:00","dateModified":"2024-08-01T17:28:08+00:00","breadcrumb":{"@id":"https:\/\/lekarzeopole.pl\/wordpress\/product\/fortuflex2\/#breadcrumb"},"inLanguage":"pl-PL","potentialAction":[{"@type":"ReadAction","target":["https:\/\/lekarzeopole.pl\/wordpress\/product\/fortuflex2\/"]}]},{"@type":"ImageObject","inLanguage":"pl-PL","@id":"https:\/\/lekarzeopole.pl\/wordpress\/product\/fortuflex2\/#primaryimage","url":"https:\/\/lekarzeopole.pl\/wordpress\/wp-content\/uploads\/2024\/02\/fortuflex2.png","contentUrl":"https:\/\/lekarzeopole.pl\/wordpress\/wp-content\/uploads\/2024\/02\/fortuflex2.png","width":500,"height":500,"caption":"Fortuflex2"},{"@type":"BreadcrumbList","@id":"https:\/\/lekarzeopole.pl\/wordpress\/product\/fortuflex2\/#breadcrumb","itemListElement":[{"@type":"ListItem","position":1,"name":"\u0413\u043b\u0430\u0432\u043d\u0430\u044f \u0441\u0442\u0440\u0430\u043d\u0438\u0446\u0430","item":"https:\/\/lekarzeopole.pl\/wordpress\/"},{"@type":"ListItem","position":2,"name":"Zakup","item":"https:\/\/lekarzeopole.pl\/wordpress\/"},{"@type":"ListItem","position":3,"name":"Fortuflex2"}]},{"@type":"WebSite","@id":"https:\/\/lekarzeopole.pl\/wordpress\/#website","url":"https:\/\/lekarzeopole.pl\/wordpress\/","name":"Lekarze Opole","description":"","potentialAction":[{"@type":"SearchAction","target":{"@type":"EntryPoint","urlTemplate":"https:\/\/lekarzeopole.pl\/wordpress\/?s={search_term_string}"},"query-input":{"@type":"PropertyValueSpecification","valueRequired":true,"valueName":"search_term_string"}}],"inLanguage":"pl-PL"}]}},"_links":{"self":[{"href":"https:\/\/lekarzeopole.pl\/wordpress\/wp-json\/wp\/v2\/product\/473","targetHints":{"allow":["GET"]}}],"collection":[{"href":"https:\/\/lekarzeopole.pl\/wordpress\/wp-json\/wp\/v2\/product"}],"about":[{"href":"https:\/\/lekarzeopole.pl\/wordpress\/wp-json\/wp\/v2\/types\/product"}],"replies":[{"embeddable":true,"href":"https:\/\/lekarzeopole.pl\/wordpress\/wp-json\/wp\/v2\/comments?post=473"}],"wp:featuredmedia":[{"embeddable":true,"href":"https:\/\/lekarzeopole.pl\/wordpress\/wp-json\/wp\/v2\/media\/474"}],"wp:attachment":[{"href":"https:\/\/lekarzeopole.pl\/wordpress\/wp-json\/wp\/v2\/media?parent=473"}],"wp:term":[{"taxonomy":"product_brand","embeddable":true,"href":"https:\/\/lekarzeopole.pl\/wordpress\/wp-json\/wp\/v2\/product_brand?post=473"},{"taxonomy":"product_cat","embeddable":true,"href":"https:\/\/lekarzeopole.pl\/wordpress\/wp-json\/wp\/v2\/product_cat?post=473"},{"taxonomy":"product_tag","embeddable":true,"href":"https:\/\/lekarzeopole.pl\/wordpress\/wp-json\/wp\/v2\/product_tag?post=473"}],"curies":[{"name":"wp","href":"https:\/\/api.w.org\/{rel}","templated":true}]}}