{"id":460,"date":"2024-02-09T10:15:26","date_gmt":"2024-02-09T10:15:26","guid":{"rendered":"https:\/\/lekarzeopole.pl\/wordpress\/?post_type=product&#038;p=460"},"modified":"2025-03-30T15:41:35","modified_gmt":"2025-03-30T15:41:35","slug":"psorilax","status":"publish","type":"product","link":"https:\/\/lekarzeopole.pl\/wordpress\/product\/psorilax\/","title":{"rendered":"Psorilax"},"content":{"rendered":"<div class=\"w-full text-token-text-primary\" data-testid=\"conversation-turn-3\">\n<div class=\"px-4 py-2 justify-center text-base md:gap-6 m-auto\">\n<div class=\"flex flex-1 text-base mx-auto gap-3 md:px-5 lg:px-1 xl:px-5 md:max-w-3xl lg:max-w-[40rem] xl:max-w-[48rem] group\">\n<div class=\"relative flex w-full flex-col lg:w-[calc(100%-115px)] agent-turn\">\n<div class=\"flex-col gap-1 md:gap-3\">\n<div class=\"flex flex-grow flex-col max-w-full\">\n<div class=\"min-h-[20px] text-message flex flex-col items-start gap-3 whitespace-pre-wrap break-words [.text-message+&amp;]:mt-5 overflow-x-auto\" data-message-author-role=\"assistant\" data-message-id=\"d4e0b4c3-d2cc-4769-9c03-bbdb9db4628d\">\n<div class=\"markdown prose w-full break-words dark:prose-invert light\">\n<p>\u0141uszczyca, atopowe zapalenie sk\u00f3ry, egzema &#8211; to tylko niekt\u00f3re z problem\u00f3w sk\u00f3rnych, z kt\u00f3rymi boryka si\u0119 wiele os\u00f3b na ca\u0142ym \u015bwiecie. Wiele z tych dolegliwo\u015bci mo\u017ce by\u0107 trudne do leczenia, wymagaj\u0105c cz\u0119sto wielu pr\u00f3b i b\u0142\u0119d\u00f3w, aby znale\u017a\u0107 skuteczne rozwi\u0105zanie. Psorilax to krem stworzony z my\u015bl\u0105 o osobach zmagaj\u0105cych si\u0119 z takimi schorzeniami sk\u00f3rnymi. Dzi\u0119ki swoim naturalnym sk\u0142adnikom i specjalnej formule, Psorilax mo\u017ce zapewni\u0107 ulg\u0119 i popraw\u0119 stanu sk\u00f3ry.<\/p>\n<h2>Sk\u0142ad i dzia\u0142anie sk\u0142adnik\u00f3w Psorilax<\/h2>\n<p>Skuteczno\u015b\u0107 Psorilax wynika z kombinacji starannie dobranych sk\u0142adnik\u00f3w naturalnych, kt\u00f3re dzia\u0142aj\u0105 synergistycznie, aby przynie\u015b\u0107 ulg\u0119 i popraw\u0119 stanu sk\u00f3ry. G\u0142\u00f3wne sk\u0142adniki to:<\/p>\n<ul>\n<li><strong>Olej z wiesio\u0142ka:<\/strong> bogaty w kwasy t\u0142uszczowe omega-6, wspomaga regeneracj\u0119 sk\u00f3ry i \u0142agodzi podra\u017cnienia.<\/li>\n<li><strong>Olejek z drzewa herbacianego:<\/strong> znany ze swoich w\u0142a\u015bciwo\u015bci antybakteryjnych i przeciwzapalnych, pomaga w zwalczaniu infekcji sk\u00f3rnych.<\/li>\n<li><strong>Ekstrakt z pokrzywy:<\/strong> bogaty w substancje od\u017cywcze, wspomaga proces gojenia si\u0119 sk\u00f3ry i \u0142agodzi \u015bwi\u0105d.<\/li>\n<li><strong>Ekstrakt z lukrecji:<\/strong> dzia\u0142a przeciwzapalnie i \u0142agodzi podra\u017cnienia sk\u00f3ry.<\/li>\n<li><strong>D-pantenol:<\/strong> nawil\u017ca i regeneruje sk\u00f3r\u0119, poprawiaj\u0105c jej elastyczno\u015b\u0107 i g\u0142adko\u015b\u0107.<\/li>\n<\/ul>\n<p>Dzi\u0119ki tym sk\u0142adnikom Psorilax dzia\u0142a wielostronnie, \u0142agodz\u0105c objawy takie jak sw\u0119dzenie, zaczerwienienie, \u0142uszczenie si\u0119 sk\u00f3ry oraz wspomagaj\u0105c proces regeneracji i gojenia si\u0119 sk\u00f3ry.<\/p>\n<p style=\"text-align: center;\"><a href=\"https:\/\/mandarv.com\/TtiS?sub1=sub1&amp;sub2=sub2&amp;sub3=sub3&amp;sub4=sub4&amp;sub5=sub5\"><button>www.psorilax.pl<\/button><\/a><\/p>\n<h2>Efekty Psorilax i ich charakterystyka<\/h2>\n<p>Osoby stosuj\u0105ce Psorilax regularnie zauwa\u017caj\u0105 szybk\u0105 popraw\u0119 stanu swojej sk\u00f3ry. Ju\u017c po kilku aplikacjach mo\u017cna zaobserwowa\u0107 zmniejszenie sw\u0119dzenia, zaczerwienienia i \u0142uszczenia si\u0119 sk\u00f3ry. W d\u0142u\u017cszej perspektywie krem ten pomaga w zmniejszeniu nasilenia objaw\u00f3w chor\u00f3b sk\u00f3rnych, poprawiaj\u0105c og\u00f3lny stan sk\u00f3ry i przywracaj\u0105c jej zdrowy wygl\u0105d.<\/p>\n<h2>Ryzyko skutk\u00f3w ubocznych<\/h2>\n<p>Jednym z najwi\u0119kszych atut\u00f3w Psorilax jest jego naturalny sk\u0142ad, kt\u00f3ry minimalizuje ryzyko wyst\u0105pienia skutk\u00f3w ubocznych. Ponadto, preparat ten zosta\u0142 poddany rygorystycznym testom dermatologicznym, aby zapewni\u0107 bezpiecze\u0144stwo i skuteczno\u015b\u0107 jego stosowania. Dzi\u0119ki temu osoby zmagaj\u0105ce si\u0119 z problemami sk\u00f3rnymi mog\u0105 stosowa\u0107 Psorilax z pe\u0142nym zaufaniem, maj\u0105c pewno\u015b\u0107, \u017ce nie narazi si\u0119 na dodatkowe ryzyko zdrowotne.<\/p>\n<p><em>Psorilax to innowacyjny krem, kt\u00f3ry mo\u017ce stanowi\u0107 skuteczn\u0105 pomoc dla os\u00f3b borykaj\u0105cych si\u0119 z r\u00f3\u017cnego rodzaju schorzeniami sk\u00f3rnymi, takimi jak \u0142uszczyca, atopowe zapalenie sk\u00f3ry czy egzema. Dzi\u0119ki swoim naturalnym sk\u0142adnikom i bezpiecznej formule, Psorilax zapewnia skuteczn\u0105 ulg\u0119 i popraw\u0119 stanu sk\u00f3ry, minimalizuj\u0105c ryzyko wyst\u0105pienia skutk\u00f3w ubocznych.<\/em><\/p>\n<\/div>\n<\/div>\n<\/div>\n<\/div>\n<\/div>\n<\/div>\n<\/div>\n<\/div>\n<div class=\"w-full text-token-text-primary\" data-testid=\"conversation-turn-5\">\n<div class=\"px-4 py-2 justify-center text-base md:gap-6 m-auto\">\n<div class=\"flex flex-1 text-base mx-auto gap-3 md:px-5 lg:px-1 xl:px-5 md:max-w-3xl lg:max-w-[40rem] xl:max-w-[48rem] group final-completion\">\n<div class=\"relative flex w-full flex-col lg:w-[calc(100%-115px)] agent-turn\">\n<div class=\"flex-col gap-1 md:gap-3\">\n<div class=\"flex flex-grow flex-col max-w-full\">\n<div class=\"min-h-[20px] text-message flex flex-col items-start gap-3 whitespace-pre-wrap break-words [.text-message+&amp;]:mt-5 overflow-x-auto\" data-message-author-role=\"assistant\" data-message-id=\"eb2544a1-dfcc-4ca3-89ea-a4684b8b0e4a\">\n<div class=\"markdown prose w-full break-words dark:prose-invert light\">\n<h2>Opinie klient\u00f3w o Psorilax: fora po\u015bwi\u0119cone zdrowiu<\/h2>\n<p>W Polsce fora internetowe po\u015bwi\u0119cone zdrowiu i piel\u0119gnacji ciesz\u0105 si\u0119 ogromn\u0105 popularno\u015bci\u0105 w\u015br\u00f3d os\u00f3b poszukuj\u0105cych informacji o skutecznych metodach leczenia r\u00f3\u017cnych schorze\u0144. Psorilax zyskuje coraz wi\u0119ksz\u0105 popularno\u015b\u0107 w\u015br\u00f3d u\u017cytkownik\u00f3w tych platform, co przek\u0142ada si\u0119 na obfito\u015b\u0107 opinii na jego temat. Wi\u0119kszo\u015b\u0107 os\u00f3b podzielaj\u0105cych swoje do\u015bwiadczenia zwi\u0105zane z u\u017cywaniem tego kremu opisuje jego pozytywne dzia\u0142anie oraz \u0142atwo\u015b\u0107 dost\u0119pu do produktu. Oto dwa \u015bwiadectwa od u\u017cytkownik\u00f3w:<\/p>\n<ol>\n<li><strong>Anna:<\/strong> &#8222;Mam sk\u0142onno\u015b\u0107 do atopowego zapalenia sk\u00f3ry od lat. Pr\u00f3bowa\u0142am wielu r\u00f3\u017cnych krem\u00f3w i ma\u015bci, ale \u017caden nie przynosi\u0142 takiej ulgi jak Psorilax. Moja sk\u00f3ra jest teraz g\u0142adka i wolna od podra\u017cnie\u0144. Polecam ka\u017cdemu zmagaj\u0105cemu si\u0119 z podobnymi problemami!&#8221;<\/li>\n<li><strong>Piotr:<\/strong> &#8222;Po kilku tygodniach regularnego stosowania Psorilax zauwa\u017cy\u0142em ogromn\u0105 popraw\u0119 stanu mojej \u0142uszczycy. Nie tylko zmniejszy\u0142y si\u0119 objawy, ale tak\u017ce moja sk\u00f3ra wydaje si\u0119 by\u0107 zdrowsza i bardziej nawil\u017cona. To naprawd\u0119 wspania\u0142y produkt!&#8221;<\/li>\n<\/ol>\n<h2>Spos\u00f3b podawania i dawkowanie<\/h2>\n<p>Psorilax nale\u017cy stosowa\u0107 zgodnie z zaleceniami producenta. Zazwyczaj zaleca si\u0119 aplikowanie kremu na czyst\u0105 i such\u0105 sk\u00f3r\u0119 dwa razy dziennie, rano i wieczorem, delikatnie masuj\u0105c a\u017c do ca\u0142kowitego wch\u0142oni\u0119cia. Dawkowanie mo\u017ce si\u0119 r\u00f3\u017cni\u0107 w zale\u017cno\u015bci od indywidualnych potrzeb i reakcji sk\u00f3ry, dlatego zawsze warto skonsultowa\u0107 si\u0119 z lekarzem lub farmaceut\u0105 przed rozpocz\u0119ciem stosowania.<\/p>\n<h2>Kup teraz Psorilax z dostaw\u0105<\/h2>\n<p>Zam\u00f3wienie Psorilax jest niezwykle proste i wygodne. Produkt mo\u017cna naby\u0107 bez wychodzenia z domu poprzez oficjaln\u0105 stron\u0119 internetow\u0105 producenta. Nie ma konieczno\u015bci p\u0142acenia z g\u00f3ry &#8211; op\u0142ata za produkt odbywa si\u0119 dopiero przy odbiorze przesy\u0142ki. Dzi\u0119ki temu klient ma pewno\u015b\u0107, \u017ce otrzymuje oryginalny produkt bez ryzyka oszustwa. Czas dostawy to zazwyczaj 3-4 dni robocze, co oznacza szybk\u0105 realizacj\u0119 zam\u00f3wienia. Dodatkowo, ka\u017cde zam\u00f3wienie jest potwierdzane telefonicznie przez specjalist\u0119, kt\u00f3ry s\u0142u\u017cy pomoc\u0105 i doradztwem w przypadku pyta\u0144 dotycz\u0105cych produktu lub dost\u0119pnych promocji.<\/p>\n<p style=\"text-align: center;\"><a href=\"https:\/\/mandarv.com\/TtiS?sub1=sub1&amp;sub2=sub2&amp;sub3=sub3&amp;sub4=sub4&amp;sub5=sub5\"><button>Zakup na stronie producenta (-50%)<\/button><\/a><\/p>\n<h2>Por\u00f3wnanie ofert: ceny i dost\u0119pno\u015b\u0107 Psorilax<\/h2>\n<p>Producent Psorilax stawia na dost\u0119pno\u015b\u0107 dla swoich klient\u00f3w, dlatego produkt mo\u017cna zakupi\u0107 wy\u0142\u0105cznie na oficjalnej stronie internetowej producenta, eliminuj\u0105c po\u015brednik\u00f3w i nadmierne mar\u017ce. Dzi\u0119ki temu klienci mog\u0105 mie\u0107 pewno\u015b\u0107, \u017ce otrzymuj\u0105 oryginalny produkt po konkurencyjnej cenie. Dodatkowo, na stronie producenta regularnie pojawiaj\u0105 si\u0119 promocje i zni\u017cki, kt\u00f3re warto \u015bledzi\u0107, aby skorzysta\u0107 z korzystnych ofert. Warto zaznaczy\u0107, \u017ce Psorilax nie jest dost\u0119pny w tradycyjnych aptekach stacjonarnych, co sprawia, \u017ce zakup przez oficjaln\u0105 stron\u0119 producenta jest jedyn\u0105 pewn\u0105 metod\u0105 nabycia tego skutecznego preparatu.<\/p>\n<\/div>\n<\/div>\n<\/div>\n<\/div>\n<\/div>\n<\/div>\n<\/div>\n<\/div>\n","protected":false},"excerpt":{"rendered":"<p style=\"text-align: center;\"><a href=\"https:\/\/mandarv.com\/TtiS?sub1=sub1&amp;sub2=sub2&amp;sub3=sub3&amp;sub4=sub4&amp;sub5=sub5\"><button>Kup teraz<\/button><\/a><\/p>\n<p>SKU:\u00a0<span class=\"sku\">789.878.059<\/span><\/p>\n<hr \/>\n<p><small>Produkt sprzedawany jest wy\u0142\u0105cznie za po\u015brednictwem oficjalnej strony producenta, id\u017a i kupuj bezpiecznie!<\/small><\/p>\n","protected":false},"featured_media":1233,"comment_status":"open","ping_status":"closed","template":"","meta":[],"product_brand":[],"product_cat":[15],"product_tag":[],"class_list":{"0":"post-460","1":"product","2":"type-product","3":"status-publish","4":"has-post-thumbnail","6":"product_cat-supl","7":"thunk-woo-product-list","8":"opn-qv-enable","9":"top-store-woo-hover-","10":"top-store-single-product-tab-horizontal","11":"top-store-shadow-","12":"top-store-shadow-hover-","14":"first","15":"instock","16":"sale","17":"shipping-taxable","18":"purchasable","19":"product-type-simple"},"yoast_head":"<!-- This site is optimized with the Yoast SEO plugin v27.4 - https:\/\/yoast.com\/product\/yoast-seo-wordpress\/ -->\n<title>Psorilax - kup suplement, cena w aptece, sk\u0142ad, dzia\u0142anie<\/title>\n<meta name=\"robots\" content=\"index, follow, max-snippet:-1, max-image-preview:large, max-video-preview:-1\" \/>\n<link rel=\"canonical\" href=\"https:\/\/lekarzeopole.pl\/wordpress\/product\/psorilax\/\" \/>\n<meta property=\"og:locale\" content=\"pl_PL\" \/>\n<meta property=\"og:type\" content=\"article\" \/>\n<meta property=\"og:title\" content=\"Psorilax - kup suplement, cena w aptece, sk\u0142ad, dzia\u0142anie\" \/>\n<meta property=\"og:description\" content=\"Kup teraz SKU:\u00a0789.878.059    Produkt sprzedawany jest wy\u0142\u0105cznie za po\u015brednictwem oficjalnej strony producenta, id\u017a i kupuj bezpiecznie!\" \/>\n<meta property=\"og:url\" content=\"https:\/\/lekarzeopole.pl\/wordpress\/product\/psorilax\/\" \/>\n<meta property=\"og:site_name\" content=\"Lekarze Opole\" \/>\n<meta property=\"article:modified_time\" content=\"2025-03-30T15:41:35+00:00\" \/>\n<meta property=\"og:image\" content=\"https:\/\/lekarzeopole.pl\/wordpress\/wp-content\/uploads\/2024\/02\/psorilax-2.png\" \/>\n\t<meta property=\"og:image:width\" content=\"495\" \/>\n\t<meta property=\"og:image:height\" content=\"461\" \/>\n\t<meta property=\"og:image:type\" content=\"image\/png\" \/>\n<meta name=\"twitter:card\" content=\"summary_large_image\" \/>\n<meta name=\"twitter:label1\" content=\"Szacowany czas czytania\" \/>\n\t<meta name=\"twitter:data1\" content=\"5 minut\" \/>\n<script type=\"application\/ld+json\" class=\"yoast-schema-graph\">{\"@context\":\"https:\\\/\\\/schema.org\",\"@graph\":[{\"@type\":\"WebPage\",\"@id\":\"https:\\\/\\\/lekarzeopole.pl\\\/wordpress\\\/product\\\/psorilax\\\/\",\"url\":\"https:\\\/\\\/lekarzeopole.pl\\\/wordpress\\\/product\\\/psorilax\\\/\",\"name\":\"Psorilax - kup suplement, cena w aptece, sk\u0142ad, dzia\u0142anie\",\"isPartOf\":{\"@id\":\"https:\\\/\\\/lekarzeopole.pl\\\/wordpress\\\/#website\"},\"primaryImageOfPage\":{\"@id\":\"https:\\\/\\\/lekarzeopole.pl\\\/wordpress\\\/product\\\/psorilax\\\/#primaryimage\"},\"image\":{\"@id\":\"https:\\\/\\\/lekarzeopole.pl\\\/wordpress\\\/product\\\/psorilax\\\/#primaryimage\"},\"thumbnailUrl\":\"https:\\\/\\\/lekarzeopole.pl\\\/wordpress\\\/wp-content\\\/uploads\\\/2024\\\/02\\\/psorilax-2.png\",\"datePublished\":\"2024-02-09T10:15:26+00:00\",\"dateModified\":\"2025-03-30T15:41:35+00:00\",\"breadcrumb\":{\"@id\":\"https:\\\/\\\/lekarzeopole.pl\\\/wordpress\\\/product\\\/psorilax\\\/#breadcrumb\"},\"inLanguage\":\"pl-PL\",\"potentialAction\":[{\"@type\":\"ReadAction\",\"target\":[\"https:\\\/\\\/lekarzeopole.pl\\\/wordpress\\\/product\\\/psorilax\\\/\"]}]},{\"@type\":\"ImageObject\",\"inLanguage\":\"pl-PL\",\"@id\":\"https:\\\/\\\/lekarzeopole.pl\\\/wordpress\\\/product\\\/psorilax\\\/#primaryimage\",\"url\":\"https:\\\/\\\/lekarzeopole.pl\\\/wordpress\\\/wp-content\\\/uploads\\\/2024\\\/02\\\/psorilax-2.png\",\"contentUrl\":\"https:\\\/\\\/lekarzeopole.pl\\\/wordpress\\\/wp-content\\\/uploads\\\/2024\\\/02\\\/psorilax-2.png\",\"width\":495,\"height\":461,\"caption\":\"Psorilax\"},{\"@type\":\"BreadcrumbList\",\"@id\":\"https:\\\/\\\/lekarzeopole.pl\\\/wordpress\\\/product\\\/psorilax\\\/#breadcrumb\",\"itemListElement\":[{\"@type\":\"ListItem\",\"position\":1,\"name\":\"\u0413\u043b\u0430\u0432\u043d\u0430\u044f \u0441\u0442\u0440\u0430\u043d\u0438\u0446\u0430\",\"item\":\"https:\\\/\\\/lekarzeopole.pl\\\/wordpress\\\/\"},{\"@type\":\"ListItem\",\"position\":2,\"name\":\"Zakup\",\"item\":\"https:\\\/\\\/lekarzeopole.pl\\\/wordpress\\\/\"},{\"@type\":\"ListItem\",\"position\":3,\"name\":\"Psorilax\"}]},{\"@type\":\"WebSite\",\"@id\":\"https:\\\/\\\/lekarzeopole.pl\\\/wordpress\\\/#website\",\"url\":\"https:\\\/\\\/lekarzeopole.pl\\\/wordpress\\\/\",\"name\":\"Lekarze Opole\",\"description\":\"\",\"potentialAction\":[{\"@type\":\"SearchAction\",\"target\":{\"@type\":\"EntryPoint\",\"urlTemplate\":\"https:\\\/\\\/lekarzeopole.pl\\\/wordpress\\\/?s={search_term_string}\"},\"query-input\":{\"@type\":\"PropertyValueSpecification\",\"valueRequired\":true,\"valueName\":\"search_term_string\"}}],\"inLanguage\":\"pl-PL\"}]}<\/script>\n<!-- \/ Yoast SEO plugin. -->","yoast_head_json":{"title":"Psorilax - kup suplement, cena w aptece, sk\u0142ad, dzia\u0142anie","robots":{"index":"index","follow":"follow","max-snippet":"max-snippet:-1","max-image-preview":"max-image-preview:large","max-video-preview":"max-video-preview:-1"},"canonical":"https:\/\/lekarzeopole.pl\/wordpress\/product\/psorilax\/","og_locale":"pl_PL","og_type":"article","og_title":"Psorilax - kup suplement, cena w aptece, sk\u0142ad, dzia\u0142anie","og_description":"Kup teraz SKU:\u00a0789.878.059    Produkt sprzedawany jest wy\u0142\u0105cznie za po\u015brednictwem oficjalnej strony producenta, id\u017a i kupuj bezpiecznie!","og_url":"https:\/\/lekarzeopole.pl\/wordpress\/product\/psorilax\/","og_site_name":"Lekarze Opole","article_modified_time":"2025-03-30T15:41:35+00:00","og_image":[{"width":495,"height":461,"url":"https:\/\/lekarzeopole.pl\/wordpress\/wp-content\/uploads\/2024\/02\/psorilax-2.png","type":"image\/png"}],"twitter_card":"summary_large_image","twitter_misc":{"Szacowany czas czytania":"5 minut"},"schema":{"@context":"https:\/\/schema.org","@graph":[{"@type":"WebPage","@id":"https:\/\/lekarzeopole.pl\/wordpress\/product\/psorilax\/","url":"https:\/\/lekarzeopole.pl\/wordpress\/product\/psorilax\/","name":"Psorilax - kup suplement, cena w aptece, sk\u0142ad, dzia\u0142anie","isPartOf":{"@id":"https:\/\/lekarzeopole.pl\/wordpress\/#website"},"primaryImageOfPage":{"@id":"https:\/\/lekarzeopole.pl\/wordpress\/product\/psorilax\/#primaryimage"},"image":{"@id":"https:\/\/lekarzeopole.pl\/wordpress\/product\/psorilax\/#primaryimage"},"thumbnailUrl":"https:\/\/lekarzeopole.pl\/wordpress\/wp-content\/uploads\/2024\/02\/psorilax-2.png","datePublished":"2024-02-09T10:15:26+00:00","dateModified":"2025-03-30T15:41:35+00:00","breadcrumb":{"@id":"https:\/\/lekarzeopole.pl\/wordpress\/product\/psorilax\/#breadcrumb"},"inLanguage":"pl-PL","potentialAction":[{"@type":"ReadAction","target":["https:\/\/lekarzeopole.pl\/wordpress\/product\/psorilax\/"]}]},{"@type":"ImageObject","inLanguage":"pl-PL","@id":"https:\/\/lekarzeopole.pl\/wordpress\/product\/psorilax\/#primaryimage","url":"https:\/\/lekarzeopole.pl\/wordpress\/wp-content\/uploads\/2024\/02\/psorilax-2.png","contentUrl":"https:\/\/lekarzeopole.pl\/wordpress\/wp-content\/uploads\/2024\/02\/psorilax-2.png","width":495,"height":461,"caption":"Psorilax"},{"@type":"BreadcrumbList","@id":"https:\/\/lekarzeopole.pl\/wordpress\/product\/psorilax\/#breadcrumb","itemListElement":[{"@type":"ListItem","position":1,"name":"\u0413\u043b\u0430\u0432\u043d\u0430\u044f \u0441\u0442\u0440\u0430\u043d\u0438\u0446\u0430","item":"https:\/\/lekarzeopole.pl\/wordpress\/"},{"@type":"ListItem","position":2,"name":"Zakup","item":"https:\/\/lekarzeopole.pl\/wordpress\/"},{"@type":"ListItem","position":3,"name":"Psorilax"}]},{"@type":"WebSite","@id":"https:\/\/lekarzeopole.pl\/wordpress\/#website","url":"https:\/\/lekarzeopole.pl\/wordpress\/","name":"Lekarze Opole","description":"","potentialAction":[{"@type":"SearchAction","target":{"@type":"EntryPoint","urlTemplate":"https:\/\/lekarzeopole.pl\/wordpress\/?s={search_term_string}"},"query-input":{"@type":"PropertyValueSpecification","valueRequired":true,"valueName":"search_term_string"}}],"inLanguage":"pl-PL"}]}},"_links":{"self":[{"href":"https:\/\/lekarzeopole.pl\/wordpress\/wp-json\/wp\/v2\/product\/460","targetHints":{"allow":["GET"]}}],"collection":[{"href":"https:\/\/lekarzeopole.pl\/wordpress\/wp-json\/wp\/v2\/product"}],"about":[{"href":"https:\/\/lekarzeopole.pl\/wordpress\/wp-json\/wp\/v2\/types\/product"}],"replies":[{"embeddable":true,"href":"https:\/\/lekarzeopole.pl\/wordpress\/wp-json\/wp\/v2\/comments?post=460"}],"wp:featuredmedia":[{"embeddable":true,"href":"https:\/\/lekarzeopole.pl\/wordpress\/wp-json\/wp\/v2\/media\/1233"}],"wp:attachment":[{"href":"https:\/\/lekarzeopole.pl\/wordpress\/wp-json\/wp\/v2\/media?parent=460"}],"wp:term":[{"taxonomy":"product_brand","embeddable":true,"href":"https:\/\/lekarzeopole.pl\/wordpress\/wp-json\/wp\/v2\/product_brand?post=460"},{"taxonomy":"product_cat","embeddable":true,"href":"https:\/\/lekarzeopole.pl\/wordpress\/wp-json\/wp\/v2\/product_cat?post=460"},{"taxonomy":"product_tag","embeddable":true,"href":"https:\/\/lekarzeopole.pl\/wordpress\/wp-json\/wp\/v2\/product_tag?post=460"}],"curies":[{"name":"wp","href":"https:\/\/api.w.org\/{rel}","templated":true}]}}