{"id":46,"date":"2024-01-20T10:27:47","date_gmt":"2024-01-20T10:27:47","guid":{"rendered":"https:\/\/lekarzeopole.pl\/wordpress\/?post_type=product&#038;p=46"},"modified":"2024-12-12T10:56:08","modified_gmt":"2024-12-12T10:56:08","slug":"coralift","status":"publish","type":"product","link":"https:\/\/lekarzeopole.pl\/wordpress\/product\/coralift\/","title":{"rendered":"Coralift"},"content":{"rendered":"<div class=\"w-full text-token-text-primary\" data-testid=\"conversation-turn-3\">\n<div class=\"px-4 py-2 justify-center text-base md:gap-6 m-auto\">\n<div class=\"flex flex-1 text-base mx-auto gap-3 md:px-5 lg:px-1 xl:px-5 md:max-w-3xl lg:max-w-[40rem] xl:max-w-[48rem] group\">\n<div class=\"relative flex w-full flex-col lg:w-[calc(100%-115px)] agent-turn\">\n<div class=\"flex-col gap-1 md:gap-3\">\n<div class=\"flex flex-grow flex-col max-w-full\">\n<div class=\"min-h-[20px] text-message flex flex-col items-start gap-3 whitespace-pre-wrap break-words [.text-message+&amp;]:mt-5 overflow-x-auto\" data-message-author-role=\"assistant\" data-message-id=\"4ea6b03e-a5e1-4f29-858c-5126e2b95dea\">\n<div class=\"markdown prose w-full break-words dark:prose-invert light\">\n<p>Coralift to innowacyjne rozwi\u0105zanie, kt\u00f3re pomaga osobom powy\u017cej 25. roku \u017cycia pozby\u0107 si\u0119 zmarszczek, poprawiaj\u0105c og\u00f3lny stan sk\u00f3ry. Dzia\u0142anie tego produktu opiera si\u0119 na naturalnych sk\u0142adnikach, kt\u00f3re wspomagaj\u0105 mikrokr\u0105\u017cenie i procesy metaboliczne w sk\u00f3rze. Dzi\u0119ki temu sk\u00f3ra jest intensywnie nawil\u017cona, od\u017cywiona, a tak\u017ce staje si\u0119 bardziej j\u0119drna. Coralift aktywuje produkcj\u0119 kolagenu i elastyny, co pomaga w wyr\u00f3wnaniu tonu i tekstury sk\u00f3ry oraz zapobiega powstawaniu nowych zmarszczek. Jednak zanim si\u0119gniemy po ten produkt, warto zrozumie\u0107, kiedy jest on wskazany do stosowania.<\/p>\n<table style=\"height: 219px;\" width=\"940\">\n<thead>\n<tr>\n<th>Wskazania do stosowania Coralift<\/th>\n<\/tr>\n<\/thead>\n<tbody>\n<tr>\n<td>1. Zmarszczki i utrata elastyczno\u015bci sk\u00f3ry<\/td>\n<\/tr>\n<tr>\n<td>2. Pragnienie poprawy mikrokr\u0105\u017cenia sk\u00f3ry<\/td>\n<\/tr>\n<tr>\n<td>3. Sucha i odwodniona sk\u00f3ra<\/td>\n<\/tr>\n<tr>\n<td>4. Konieczno\u015b\u0107 nawil\u017cenia i od\u017cywienia sk\u00f3ry<\/td>\n<\/tr>\n<tr>\n<td>5. Osoby powy\u017cej 25. roku \u017cycia<\/td>\n<\/tr>\n<\/tbody>\n<\/table>\n<h2>Opis Coralift<\/h2>\n<p>Coralift to produkt stworzony z my\u015bl\u0105 o osobach, kt\u00f3re chc\u0105 cieszy\u0107 si\u0119 m\u0142odszym i zdrowszym wygl\u0105dem sk\u00f3ry. G\u0142\u00f3wnym atutem tego preparatu jest jego naturalna kompozycja, kt\u00f3ra minimalizuje ryzyko wyst\u0105pienia skutk\u00f3w ubocznych. Coralift zawiera sk\u0142adniki takie jak ekstrakt z zielonej kawioru, ekstrakt z fukusa oraz oleje: macadamia, winogronowe i kokosowe.<\/p>\n<p style=\"text-align: center;\"><a href=\"https:\/\/tl-track.com\/tracker\/uFTf\"><button>www.coralift.pl<\/button><\/a><\/p>\n<h2>Sk\u0142ad i Dzia\u0142anie Sk\u0142adnik\u00f3w Coralift<\/h2>\n<ol>\n<li><strong>Ekstrakt z Zielonej Kawioru:<\/strong> Ten niezwyk\u0142y sk\u0142adnik dostarcza sk\u00f3rze niezb\u0119dnych sk\u0142adnik\u00f3w od\u017cywczych. Bogaty w witaminy i minera\u0142y, ekstrakt z zielonej kawioru poprawia elastyczno\u015b\u0107 sk\u00f3ry, zapewniaj\u0105c jej m\u0142odszy wygl\u0105d.<\/li>\n<li><strong>Ekstrakt z Fukusa:<\/strong> Ten sk\u0142adnik pomaga w poprawie mikrokr\u0105\u017cenia, co z kolei wp\u0142ywa na lepsze od\u017cywienie sk\u00f3ry. Dzia\u0142a przeciwzapalnie i antyoksydacyjnie, chroni\u0105c sk\u00f3r\u0119 przed szkodliwymi czynnikami zewn\u0119trznymi.<\/li>\n<li><strong>Olej Macadamia:<\/strong> Olej ten jest znany ze swojego intensywnego dzia\u0142ania nawil\u017caj\u0105cego. Pomaga utrzyma\u0107 odpowiednie nawodnienie sk\u00f3ry, co jest kluczowe dla zapobiegania powstawaniu zmarszczek.<\/li>\n<li><strong>Olej Winogronowy<\/strong>: Olej ten dzia\u0142a przeciwstarzeniowo i wzmacnia barier\u0119 ochronn\u0105 sk\u00f3ry, chroni\u0105c j\u0105 przed negatywnymi skutkami czynnik\u00f3w zewn\u0119trznych.<\/li>\n<li><strong>Olej Kokosowy:<\/strong> Olej ten dostarcza sk\u00f3rze niezb\u0119dnych kwas\u00f3w t\u0142uszczowych, kt\u00f3re pomagaj\u0105 utrzyma\u0107 j\u0119drno\u015b\u0107 i elastyczno\u015b\u0107.<\/li>\n<\/ol>\n<h2>Efekty Coralift i Ich Charakterystyka<\/h2>\n<p>Korzystanie z Coralift mo\u017ce przynie\u015b\u0107 wiele korzy\u015bci. Dzia\u0142anie tego produktu obejmuje:<\/p>\n<ul>\n<li>Redukcj\u0119 zmarszczek i popraw\u0119 elastyczno\u015bci sk\u00f3ry.<\/li>\n<li>Popraw\u0119 mikrokr\u0105\u017cenia i lepsze od\u017cywienie sk\u00f3ry.<\/li>\n<li>Intensywne nawil\u017cenie i od\u017cywienie sk\u00f3ry, pozostawiaj\u0105c j\u0105 mi\u0119kk\u0105 i g\u0142adk\u0105.<\/li>\n<li>Wzmo\u017con\u0105 produkcj\u0119 kolagenu i elastyny, co przek\u0142ada si\u0119 na wyr\u00f3wnanie tonu i tekstury sk\u00f3ry oraz zapobieganie powstawaniu nowych zmarszczek.<\/li>\n<\/ul>\n<h2>Ryzyko Skutk\u00f3w Ubocznych<\/h2>\n<p>Jednym z g\u0142\u00f3wnych atut\u00f3w Coralift jest jego naturalna kompozycja, kt\u00f3ra minimalizuje ryzyko wyst\u0105pienia skutk\u00f3w ubocznych. Dzi\u0119ki temu produkt ten jest odpowiedni dla wi\u0119kszo\u015bci os\u00f3b i nie powinien powodowa\u0107 alergii ani innych negatywnych reakcji sk\u00f3rnych. Przed u\u017cyciem zawsze warto jednak skonsultowa\u0107 si\u0119 z lekarzem, szczeg\u00f3lnie je\u015bli masz sk\u00f3r\u0119 nadwra\u017cliw\u0105.<\/p>\n<h2>Opinie Klient\u00f3w o Coralift: Fora Po\u015bwi\u0119cone Zdrowiu<\/h2>\n<p>Coralift zdobywa coraz wi\u0119ksz\u0105 popularno\u015b\u0107 w\u015br\u00f3d konsument\u00f3w w Polsce, co przek\u0142ada si\u0119 na mn\u00f3stwo recenzji i opinii na forach po\u015bwi\u0119conych zdrowiu. Wielu u\u017cytkownik\u00f3w podkre\u015bla pozytywny wp\u0142yw tego preparatu na ich sk\u00f3r\u0119 oraz jego dost\u0119pno\u015b\u0107 na rynku. Zdaniem wielu os\u00f3b, regularne stosowanie Coralift przynios\u0142o im widoczne efekty w postaci g\u0142adkiej, m\u0142odszej i bardziej j\u0119drnej sk\u00f3ry. Warto wzi\u0105\u0107 pod uwag\u0119 te opinie, gdy rozwa\u017camy zakup tego naturalnego suplementu.<\/p>\n<p>Coralift to niedrogie i naturalne rozwi\u0105zanie problem\u00f3w zwi\u0105zanych ze starzeniem si\u0119 sk\u00f3ry, kt\u00f3re nie niesie ze sob\u0105 ryzyka skutk\u00f3w ubocznych. Dzi\u0119ki sk\u0142adnikom takim jak ekstrakt z zielonej kawioru, ekstrakt z fukusa oraz oleje: macadamia, winogronowe i kokosowe, produkt ten pomaga w poprawie elastyczno\u015bci, nawil\u017ceniu, oraz og\u00f3lnym stanie sk\u00f3ry. Opinie klient\u00f3w potwierdzaj\u0105 jego skuteczno\u015b\u0107, co czyni Coralift godnym uwagi produktem dla os\u00f3b chc\u0105cych cieszy\u0107 si\u0119 m\u0142odszym wygl\u0105dem sk\u00f3ry.<\/p>\n<\/div>\n<\/div>\n<\/div>\n<\/div>\n<\/div>\n<\/div>\n<\/div>\n<\/div>\n<div class=\"w-full text-token-text-primary\" data-testid=\"conversation-turn-5\">\n<div class=\"px-4 py-2 justify-center text-base md:gap-6 m-auto\">\n<div class=\"flex flex-1 text-base mx-auto gap-3 md:px-5 lg:px-1 xl:px-5 md:max-w-3xl lg:max-w-[40rem] xl:max-w-[48rem] group final-completion\">\n<div class=\"relative flex w-full flex-col lg:w-[calc(100%-115px)] agent-turn\">\n<div class=\"flex-col gap-1 md:gap-3\">\n<div class=\"flex flex-grow flex-col max-w-full\">\n<div class=\"min-h-[20px] text-message flex flex-col items-start gap-3 whitespace-pre-wrap break-words [.text-message+&amp;]:mt-5 overflow-x-auto\" data-message-author-role=\"assistant\" data-message-id=\"fd7c2df5-ae33-4662-92b4-ebc52c57be82\">\n<div class=\"markdown prose w-full break-words dark:prose-invert light\">\n<h2>Ulotka do\u0142\u0105czona do Coralift<\/h2>\n<p>Coralift to produkt, kt\u00f3ry jest dost\u0119pny z ulotk\u0105 informacyjn\u0105, kt\u00f3ra zawiera wa\u017cne informacje dotycz\u0105ce jego stosowania. Ulotka ta powinna by\u0107 dok\u0142adnie przeczytana przed rozpocz\u0119ciem kuracji, aby zapewni\u0107 maksymalne korzy\u015bci oraz unikn\u0105\u0107 potencjalnych problem\u00f3w.<\/p>\n<h2>Wskazania i Przeciwwskazania<\/h2>\n<p>Coralift jest polecany dla os\u00f3b powy\u017cej 25. roku \u017cycia, kt\u00f3re borykaj\u0105 si\u0119 z problemem zmarszczek, utraty elastyczno\u015bci sk\u00f3ry oraz potrzebuj\u0105 nawil\u017cenia i od\u017cywienia sk\u00f3ry. Jednak istniej\u0105 pewne przeciwwskazania, w kt\u00f3rych nie zaleca si\u0119 stosowania tego produktu. Nale\u017cy unika\u0107 korzystania z Coralift w przypadku alergii na kt\u00f3rykolwiek z jego sk\u0142adnik\u00f3w lub w przypadku wyst\u0105pienia reakcji alergicznych po jego zastosowaniu. Warto tak\u017ce skonsultowa\u0107 si\u0119 z lekarzem przed rozpocz\u0119ciem kuracji, szczeg\u00f3lnie je\u015bli masz sk\u00f3r\u0119 nadwra\u017cliw\u0105 lub choroby sk\u00f3rne.<\/p>\n<h2>Porady od Lekarzy<\/h2>\n<p>Og\u00f3lnie warto dba\u0107 o swoj\u0105 sk\u00f3r\u0119 i zdrowie, niezale\u017cnie od wieku. Oto kilka og\u00f3lnych wskaz\u00f3wek od lekarzy, kt\u00f3re pomog\u0105 utrzyma\u0107 m\u0142odszy wygl\u0105d sk\u00f3ry:<\/p>\n<ol>\n<li>Stosuj codzienn\u0105 piel\u0119gnacj\u0119 sk\u00f3ry, w\u0142\u0105czaj\u0105c w ni\u0105 oczyszczanie, nawil\u017canie i ochron\u0119 przed s\u0142o\u0144cem.<\/li>\n<li>Pij odpowiedni\u0105 ilo\u015b\u0107 wody, aby utrzyma\u0107 sk\u00f3r\u0119 nawil\u017con\u0105.<\/li>\n<li>Zdrowa dieta bogata w witaminy i minera\u0142y mo\u017ce mie\u0107 pozytywny wp\u0142yw na stan sk\u00f3ry.<\/li>\n<li>Unikaj nadmiernego opalania i szkodliwych promieni UV.<\/li>\n<\/ol>\n<p style=\"text-align: center;\"><a href=\"https:\/\/tl-track.com\/tracker\/uFTf\"><button>Zakup na stronie producenta (-50%)<\/button><\/a><\/p>\n<h2>Kup Teraz Coralift z Dostaw\u0105<\/h2>\n<p>Je\u015bli jeste\u015b zainteresowany zakupem Coralift, mo\u017cesz to zrobi\u0107, klikaj\u0105c przycisk &#8222;Kup teraz&#8221;. W formularzu zam\u00f3wienia wystarczy poda\u0107 swoje imi\u0119 oraz numer telefonu. Nie ma potrzeby p\u0142acenia za produkt z g\u00f3ry, op\u0142at\u0119 mo\u017cna uregulowa\u0107 przy odbiorze. Dzi\u0119ki temu masz pewno\u015b\u0107, \u017ce otrzymasz oryginalny produkt, a tak\u017ce mo\u017cliwo\u015b\u0107 konsultacji z specjalist\u0105, kt\u00f3ry mo\u017ce doradzi\u0107 Ci odno\u015bnie ilo\u015bci i dost\u0119pno\u015bci promocji. Dostawa zam\u00f3wienia zajmuje zazwyczaj 3-4 dni w Polsce.<\/p>\n<h2>Por\u00f3wnanie Ofert: Ceny i Dost\u0119pno\u015b\u0107 Coralift<\/h2>\n<p>Producent Coralift priorytetowo dba o dost\u0119pno\u015b\u0107 dla klient\u00f3w, dlatego suplement mo\u017cna zakupi\u0107 bezpo\u015brednio na oficjalnej stronie internetowej producenta, bez po\u015brednik\u00f3w i dodatkowych op\u0142at. Na stronie mo\u017cna r\u00f3wnie\u017c sprawdzi\u0107 aktualne rabaty i promocje, dlatego warto odwiedza\u0107 j\u0105 regularnie. Coralift nie jest dost\u0119pny w sprzeda\u017cy w stacjonarnych aptekach, co oznacza, \u017ce \u200b\u200bmo\u017cesz by\u0107 pewien, \u017ce otrzymujesz produkt od producenta bezpo\u015brednio, co gwarantuje jego jako\u015b\u0107 i autentyczno\u015b\u0107.<\/p>\n<\/div>\n<\/div>\n<\/div>\n<\/div>\n<\/div>\n<\/div>\n<\/div>\n<\/div>\n","protected":false},"excerpt":{"rendered":"<p style=\"text-align: center;\"><a href=\"https:\/\/tl-track.com\/tracker\/uFTf\"><button>Kup teraz<\/button><\/a><\/p>\n<p>SKU:\u00a0<span class=\"sku\">789.878.005<\/span><\/p>\n<hr \/>\n<p><small>Produkt sprzedawany jest wy\u0142\u0105cznie za po\u015brednictwem oficjalnej strony producenta, id\u017a i kupuj bezpiecznie!<\/small><\/p>\n","protected":false},"featured_media":1136,"comment_status":"open","ping_status":"closed","template":"","meta":[],"product_brand":[],"product_cat":[15],"product_tag":[],"class_list":{"0":"post-46","1":"product","2":"type-product","3":"status-publish","4":"has-post-thumbnail","6":"product_cat-supl","7":"thunk-woo-product-list","8":"opn-qv-enable","9":"top-store-woo-hover-","10":"top-store-single-product-tab-horizontal","11":"top-store-shadow-","12":"top-store-shadow-hover-","14":"first","15":"instock","16":"sale","17":"shipping-taxable","18":"purchasable","19":"product-type-simple"},"yoast_head":"<!-- This site is optimized with the Yoast SEO plugin v27.4 - https:\/\/yoast.com\/product\/yoast-seo-wordpress\/ -->\n<title>Coralift - kup suplement, cena w aptece, sk\u0142ad, dzia\u0142anie<\/title>\n<meta name=\"robots\" content=\"index, follow, max-snippet:-1, max-image-preview:large, max-video-preview:-1\" \/>\n<link rel=\"canonical\" href=\"https:\/\/lekarzeopole.pl\/wordpress\/product\/coralift\/\" \/>\n<meta property=\"og:locale\" content=\"pl_PL\" \/>\n<meta property=\"og:type\" content=\"article\" \/>\n<meta property=\"og:title\" content=\"Coralift - kup suplement, cena w aptece, sk\u0142ad, dzia\u0142anie\" \/>\n<meta property=\"og:description\" content=\"Kup teraz SKU:\u00a0789.878.005    Produkt sprzedawany jest wy\u0142\u0105cznie za po\u015brednictwem oficjalnej strony producenta, id\u017a i kupuj bezpiecznie!\" \/>\n<meta property=\"og:url\" content=\"https:\/\/lekarzeopole.pl\/wordpress\/product\/coralift\/\" \/>\n<meta property=\"og:site_name\" content=\"Lekarze Opole\" \/>\n<meta property=\"article:modified_time\" content=\"2024-12-12T10:56:08+00:00\" \/>\n<meta property=\"og:image\" content=\"https:\/\/lekarzeopole.pl\/wordpress\/wp-content\/uploads\/2024\/01\/coralift.jpg\" \/>\n\t<meta property=\"og:image:width\" content=\"600\" \/>\n\t<meta property=\"og:image:height\" content=\"600\" \/>\n\t<meta property=\"og:image:type\" content=\"image\/jpeg\" \/>\n<meta name=\"twitter:card\" content=\"summary_large_image\" \/>\n<meta name=\"twitter:label1\" content=\"Szacowany czas czytania\" \/>\n\t<meta name=\"twitter:data1\" content=\"6 minut\" \/>\n<script type=\"application\/ld+json\" class=\"yoast-schema-graph\">{\"@context\":\"https:\\\/\\\/schema.org\",\"@graph\":[{\"@type\":\"WebPage\",\"@id\":\"https:\\\/\\\/lekarzeopole.pl\\\/wordpress\\\/product\\\/coralift\\\/\",\"url\":\"https:\\\/\\\/lekarzeopole.pl\\\/wordpress\\\/product\\\/coralift\\\/\",\"name\":\"Coralift - kup suplement, cena w aptece, sk\u0142ad, dzia\u0142anie\",\"isPartOf\":{\"@id\":\"https:\\\/\\\/lekarzeopole.pl\\\/wordpress\\\/#website\"},\"primaryImageOfPage\":{\"@id\":\"https:\\\/\\\/lekarzeopole.pl\\\/wordpress\\\/product\\\/coralift\\\/#primaryimage\"},\"image\":{\"@id\":\"https:\\\/\\\/lekarzeopole.pl\\\/wordpress\\\/product\\\/coralift\\\/#primaryimage\"},\"thumbnailUrl\":\"https:\\\/\\\/lekarzeopole.pl\\\/wordpress\\\/wp-content\\\/uploads\\\/2024\\\/01\\\/coralift.jpg\",\"datePublished\":\"2024-01-20T10:27:47+00:00\",\"dateModified\":\"2024-12-12T10:56:08+00:00\",\"breadcrumb\":{\"@id\":\"https:\\\/\\\/lekarzeopole.pl\\\/wordpress\\\/product\\\/coralift\\\/#breadcrumb\"},\"inLanguage\":\"pl-PL\",\"potentialAction\":[{\"@type\":\"ReadAction\",\"target\":[\"https:\\\/\\\/lekarzeopole.pl\\\/wordpress\\\/product\\\/coralift\\\/\"]}]},{\"@type\":\"ImageObject\",\"inLanguage\":\"pl-PL\",\"@id\":\"https:\\\/\\\/lekarzeopole.pl\\\/wordpress\\\/product\\\/coralift\\\/#primaryimage\",\"url\":\"https:\\\/\\\/lekarzeopole.pl\\\/wordpress\\\/wp-content\\\/uploads\\\/2024\\\/01\\\/coralift.jpg\",\"contentUrl\":\"https:\\\/\\\/lekarzeopole.pl\\\/wordpress\\\/wp-content\\\/uploads\\\/2024\\\/01\\\/coralift.jpg\",\"width\":600,\"height\":600,\"caption\":\"Coralift\"},{\"@type\":\"BreadcrumbList\",\"@id\":\"https:\\\/\\\/lekarzeopole.pl\\\/wordpress\\\/product\\\/coralift\\\/#breadcrumb\",\"itemListElement\":[{\"@type\":\"ListItem\",\"position\":1,\"name\":\"\u0413\u043b\u0430\u0432\u043d\u0430\u044f \u0441\u0442\u0440\u0430\u043d\u0438\u0446\u0430\",\"item\":\"https:\\\/\\\/lekarzeopole.pl\\\/wordpress\\\/\"},{\"@type\":\"ListItem\",\"position\":2,\"name\":\"Zakup\",\"item\":\"https:\\\/\\\/lekarzeopole.pl\\\/wordpress\\\/\"},{\"@type\":\"ListItem\",\"position\":3,\"name\":\"Coralift\"}]},{\"@type\":\"WebSite\",\"@id\":\"https:\\\/\\\/lekarzeopole.pl\\\/wordpress\\\/#website\",\"url\":\"https:\\\/\\\/lekarzeopole.pl\\\/wordpress\\\/\",\"name\":\"Lekarze Opole\",\"description\":\"\",\"potentialAction\":[{\"@type\":\"SearchAction\",\"target\":{\"@type\":\"EntryPoint\",\"urlTemplate\":\"https:\\\/\\\/lekarzeopole.pl\\\/wordpress\\\/?s={search_term_string}\"},\"query-input\":{\"@type\":\"PropertyValueSpecification\",\"valueRequired\":true,\"valueName\":\"search_term_string\"}}],\"inLanguage\":\"pl-PL\"}]}<\/script>\n<!-- \/ Yoast SEO plugin. -->","yoast_head_json":{"title":"Coralift - kup suplement, cena w aptece, sk\u0142ad, dzia\u0142anie","robots":{"index":"index","follow":"follow","max-snippet":"max-snippet:-1","max-image-preview":"max-image-preview:large","max-video-preview":"max-video-preview:-1"},"canonical":"https:\/\/lekarzeopole.pl\/wordpress\/product\/coralift\/","og_locale":"pl_PL","og_type":"article","og_title":"Coralift - kup suplement, cena w aptece, sk\u0142ad, dzia\u0142anie","og_description":"Kup teraz SKU:\u00a0789.878.005    Produkt sprzedawany jest wy\u0142\u0105cznie za po\u015brednictwem oficjalnej strony producenta, id\u017a i kupuj bezpiecznie!","og_url":"https:\/\/lekarzeopole.pl\/wordpress\/product\/coralift\/","og_site_name":"Lekarze Opole","article_modified_time":"2024-12-12T10:56:08+00:00","og_image":[{"width":600,"height":600,"url":"https:\/\/lekarzeopole.pl\/wordpress\/wp-content\/uploads\/2024\/01\/coralift.jpg","type":"image\/jpeg"}],"twitter_card":"summary_large_image","twitter_misc":{"Szacowany czas czytania":"6 minut"},"schema":{"@context":"https:\/\/schema.org","@graph":[{"@type":"WebPage","@id":"https:\/\/lekarzeopole.pl\/wordpress\/product\/coralift\/","url":"https:\/\/lekarzeopole.pl\/wordpress\/product\/coralift\/","name":"Coralift - kup suplement, cena w aptece, sk\u0142ad, dzia\u0142anie","isPartOf":{"@id":"https:\/\/lekarzeopole.pl\/wordpress\/#website"},"primaryImageOfPage":{"@id":"https:\/\/lekarzeopole.pl\/wordpress\/product\/coralift\/#primaryimage"},"image":{"@id":"https:\/\/lekarzeopole.pl\/wordpress\/product\/coralift\/#primaryimage"},"thumbnailUrl":"https:\/\/lekarzeopole.pl\/wordpress\/wp-content\/uploads\/2024\/01\/coralift.jpg","datePublished":"2024-01-20T10:27:47+00:00","dateModified":"2024-12-12T10:56:08+00:00","breadcrumb":{"@id":"https:\/\/lekarzeopole.pl\/wordpress\/product\/coralift\/#breadcrumb"},"inLanguage":"pl-PL","potentialAction":[{"@type":"ReadAction","target":["https:\/\/lekarzeopole.pl\/wordpress\/product\/coralift\/"]}]},{"@type":"ImageObject","inLanguage":"pl-PL","@id":"https:\/\/lekarzeopole.pl\/wordpress\/product\/coralift\/#primaryimage","url":"https:\/\/lekarzeopole.pl\/wordpress\/wp-content\/uploads\/2024\/01\/coralift.jpg","contentUrl":"https:\/\/lekarzeopole.pl\/wordpress\/wp-content\/uploads\/2024\/01\/coralift.jpg","width":600,"height":600,"caption":"Coralift"},{"@type":"BreadcrumbList","@id":"https:\/\/lekarzeopole.pl\/wordpress\/product\/coralift\/#breadcrumb","itemListElement":[{"@type":"ListItem","position":1,"name":"\u0413\u043b\u0430\u0432\u043d\u0430\u044f \u0441\u0442\u0440\u0430\u043d\u0438\u0446\u0430","item":"https:\/\/lekarzeopole.pl\/wordpress\/"},{"@type":"ListItem","position":2,"name":"Zakup","item":"https:\/\/lekarzeopole.pl\/wordpress\/"},{"@type":"ListItem","position":3,"name":"Coralift"}]},{"@type":"WebSite","@id":"https:\/\/lekarzeopole.pl\/wordpress\/#website","url":"https:\/\/lekarzeopole.pl\/wordpress\/","name":"Lekarze Opole","description":"","potentialAction":[{"@type":"SearchAction","target":{"@type":"EntryPoint","urlTemplate":"https:\/\/lekarzeopole.pl\/wordpress\/?s={search_term_string}"},"query-input":{"@type":"PropertyValueSpecification","valueRequired":true,"valueName":"search_term_string"}}],"inLanguage":"pl-PL"}]}},"_links":{"self":[{"href":"https:\/\/lekarzeopole.pl\/wordpress\/wp-json\/wp\/v2\/product\/46","targetHints":{"allow":["GET"]}}],"collection":[{"href":"https:\/\/lekarzeopole.pl\/wordpress\/wp-json\/wp\/v2\/product"}],"about":[{"href":"https:\/\/lekarzeopole.pl\/wordpress\/wp-json\/wp\/v2\/types\/product"}],"replies":[{"embeddable":true,"href":"https:\/\/lekarzeopole.pl\/wordpress\/wp-json\/wp\/v2\/comments?post=46"}],"wp:featuredmedia":[{"embeddable":true,"href":"https:\/\/lekarzeopole.pl\/wordpress\/wp-json\/wp\/v2\/media\/1136"}],"wp:attachment":[{"href":"https:\/\/lekarzeopole.pl\/wordpress\/wp-json\/wp\/v2\/media?parent=46"}],"wp:term":[{"taxonomy":"product_brand","embeddable":true,"href":"https:\/\/lekarzeopole.pl\/wordpress\/wp-json\/wp\/v2\/product_brand?post=46"},{"taxonomy":"product_cat","embeddable":true,"href":"https:\/\/lekarzeopole.pl\/wordpress\/wp-json\/wp\/v2\/product_cat?post=46"},{"taxonomy":"product_tag","embeddable":true,"href":"https:\/\/lekarzeopole.pl\/wordpress\/wp-json\/wp\/v2\/product_tag?post=46"}],"curies":[{"name":"wp","href":"https:\/\/api.w.org\/{rel}","templated":true}]}}