{"id":458,"date":"2024-02-09T10:07:31","date_gmt":"2024-02-09T10:07:31","guid":{"rendered":"https:\/\/lekarzeopole.pl\/wordpress\/?post_type=product&#038;p=458"},"modified":"2025-03-07T13:28:03","modified_gmt":"2025-03-07T13:28:03","slug":"maral-gel","status":"publish","type":"product","link":"https:\/\/lekarzeopole.pl\/wordpress\/product\/maral-gel\/","title":{"rendered":"Maral Gel"},"content":{"rendered":"<div class=\"w-full text-token-text-primary\" data-testid=\"conversation-turn-3\">\n<div class=\"px-4 py-2 justify-center text-base md:gap-6 m-auto\">\n<div class=\"flex flex-1 text-base mx-auto gap-3 md:px-5 lg:px-1 xl:px-5 md:max-w-3xl lg:max-w-[40rem] xl:max-w-[48rem] group\">\n<div class=\"relative flex w-full flex-col lg:w-[calc(100%-115px)] agent-turn\">\n<div class=\"flex-col gap-1 md:gap-3\">\n<div class=\"flex flex-grow flex-col max-w-full\">\n<div class=\"min-h-[20px] text-message flex flex-col items-start gap-3 whitespace-pre-wrap break-words [.text-message+&amp;]:mt-5 overflow-x-auto\" data-message-author-role=\"assistant\" data-message-id=\"6f233395-65eb-40da-b3c1-c67b42395f95\">\n<div class=\"markdown prose w-full break-words dark:prose-invert light\">\n<p>W dzisiejszych czasach wiele os\u00f3b boryka si\u0119 z problemami zwi\u0105zanych z \u017cyciem seksualnym. Niezale\u017cnie od wieku czy stylu \u017cycia, trudno\u015bci te mog\u0105 dotkn\u0105\u0107 ka\u017cdego. Dlatego coraz wi\u0119cej os\u00f3b zwraca uwag\u0119 na naturalne metody poprawy jako\u015bci swojego \u017cycia seksualnego. Jednym z takich rozwi\u0105za\u0144 jest Maral Gel &#8211; innowacyjny preparat stworzony na bazie naturalnych sk\u0142adnik\u00f3w, kt\u00f3ry pomaga w poprawie jako\u015bci \u017cycia seksualnego i zwi\u0119kszeniu rozmiar\u00f3w penisa.<\/p>\n<h2>Wskazania do stosowania Maral Gel<\/h2>\n<p>Maral Gel jest przeznaczony dla m\u0119\u017cczyzn, kt\u00f3rzy chc\u0105 poprawi\u0107 swoje \u017cycie seksualne oraz zwi\u0119kszy\u0107 rozmiary penisa. Wskazaniami do stosowania preparatu s\u0105:<\/p>\n<ul>\n<li>Zaburzenia erekcji<\/li>\n<li>Zbyt ma\u0142y rozmiar penisa<\/li>\n<li>Brak satysfakcji z \u017cycia seksualnego<\/li>\n<li>Problemy z utrzymaniem erekcji<\/li>\n<li>Niska libido<\/li>\n<\/ul>\n<h2>Sk\u0142ad i dzia\u0142anie sk\u0142adnik\u00f3w Maral Gel<\/h2>\n<p>Maral Gel opiera swoje dzia\u0142anie na starannie dobranych naturalnych sk\u0142adnikach, kt\u00f3re wspieraj\u0105 prawid\u0142owe funkcjonowanie uk\u0142adu moczowo-p\u0142ciowego oraz poprawiaj\u0105 kr\u0105\u017cenie krwi w penisie. G\u0142\u00f3wne sk\u0142adniki preparatu to:<\/p>\n<ul>\n<li><strong>Ekstrakt z korzenia marala<\/strong>: Jest to ro\u015blina, kt\u00f3ra od wiek\u00f3w wykorzystywana jest w medycynie ludowej do poprawy potencji i libido. Dzia\u0142a stymuluj\u0105co na uk\u0142ad nerwowy, poprawiaj\u0105c w ten spos\u00f3b jako\u015b\u0107 erekcji.<\/li>\n<li><strong>L-arginina<\/strong>: Aminokwas ten pomaga w rozszerzaniu naczy\u0144 krwiono\u015bnych, co prowadzi do lepszego ukrwienia penisa i poprawy erekcji.<\/li>\n<li><strong>Ekstrakt z \u017ce\u0144-szenia<\/strong>: Ro\u015blina ta znana jest ze swoich w\u0142a\u015bciwo\u015bci adaptogennych, kt\u00f3re pomagaj\u0105 w walce ze stresem i zm\u0119czeniem. Dodatkowo, poprawia kr\u0105\u017cenie krwi, co mo\u017ce przyczyni\u0107 si\u0119 do poprawy \u017cycia seksualnego.<\/li>\n<li><strong>Mentol<\/strong>: Dzia\u0142a od\u015bwie\u017caj\u0105co i \u0142agodzi podra\u017cnienia sk\u00f3ry, co sprawia, \u017ce stosowanie Maral Gel jest komfortowe i przyjemne.<\/li>\n<\/ul>\n<p style=\"text-align: center;\"><a href=\"https:\/\/price-low.eu\/a\/M1gOh6p9gSkNNW\"><button>www.maral-gel.pl<\/button><\/a><\/p>\n<h2>Efekty Maral Gel i ich charakterystyka<\/h2>\n<p>Stosowanie Maral Gel przynosi szereg korzy\u015bci dla m\u0119\u017cczyzn, kt\u00f3rzy borykaj\u0105 si\u0119 z problemami z \u017cyciem seksualnym. Do g\u0142\u00f3wnych efekt\u00f3w preparatu nale\u017c\u0105:<\/p>\n<ul>\n<li><strong>Poprawa erekcji<\/strong>: Dzi\u0119ki skutecznemu dzia\u0142aniu sk\u0142adnik\u00f3w aktywnych preparatu, Maral Gel pomaga w poprawie jako\u015bci i wytrzyma\u0142o\u015bci erekcji, co przek\u0142ada si\u0119 na lepsze doznania podczas stosunku.<\/li>\n<li><strong>Zwi\u0119kszenie libido<\/strong>: Regularne stosowanie preparatu mo\u017ce prowadzi\u0107 do wzrostu libido i zwi\u0119kszenia ochoty na aktywno\u015b\u0107 seksualn\u0105.<\/li>\n<li><strong>Zwi\u0119kszenie rozmiar\u00f3w penisa<\/strong>: Dzia\u0142anie sk\u0142adnik\u00f3w aktywnych wspiera popraw\u0119 ukrwienia cia\u0142 jamistych penisa, co mo\u017ce skutkowa\u0107 jego lepszym ukrwieniem i tym samym zwi\u0119kszeniem rozmiar\u00f3w.<\/li>\n<li><strong>Wi\u0119ksza pewno\u015b\u0107 siebie<\/strong>: Poprawa jako\u015bci \u017cycia seksualnego przek\u0142ada si\u0119 na wi\u0119ksz\u0105 pewno\u015b\u0107 siebie i lepsze samopoczucie.<\/li>\n<\/ul>\n<h2>Ryzyko skutk\u00f3w ubocznych<\/h2>\n<p>Maral Gel jest preparatem opartym na naturalnych sk\u0142adnikach, dlatego ryzyko wyst\u0105pienia skutk\u00f3w ubocznych jest minimalne. Ze wzgl\u0119du na brak substancji chemicznych i sztucznych dodatk\u00f3w, preparat jest dobrze tolerowany przez organizm i nie powoduje niepo\u017c\u0105danych reakcji. Niemniej jednak, przed rozpocz\u0119ciem stosowania preparatu zaleca si\u0119 skonsultowanie si\u0119 z lekarzem, zw\u0142aszcza w przypadku os\u00f3b z chorobami przewlek\u0142ymi czy przyjmuj\u0105cych regularnie leki.<\/p>\n<p><em>Maral Gel to innowacyjny preparat oparty na naturalnych sk\u0142adnikach, kt\u00f3ry pomaga w poprawie jako\u015bci \u017cycia seksualnego oraz zwi\u0119kszeniu rozmiar\u00f3w penisa. Dzi\u0119ki starannie dobranym sk\u0142adnikom aktywnym, preparat dzia\u0142a skutecznie i bezpiecznie, minimalizuj\u0105c ryzyko wyst\u0105pienia skutk\u00f3w ubocznych. Dla m\u0119\u017cczyzn poszukuj\u0105cych naturalnych rozwi\u0105za\u0144 na problemy z \u017cyciem seksualnym, Maral Gel mo\u017ce by\u0107 doskona\u0142ym wyborem. Jednak przed rozpocz\u0119ciem stosowania preparatu zawsze warto skonsultowa\u0107 si\u0119 z lekarzem, aby dobra\u0107 odpowiedni\u0105 dawk\u0119 i upewni\u0107 si\u0119, \u017ce preparat jest bezpieczny dla danego organizmu.<\/em><\/p>\n<\/div>\n<\/div>\n<\/div>\n<\/div>\n<\/div>\n<\/div>\n<\/div>\n<\/div>\n<div class=\"w-full text-token-text-primary\" data-testid=\"conversation-turn-5\">\n<div class=\"px-4 py-2 justify-center text-base md:gap-6 m-auto\">\n<div class=\"flex flex-1 text-base mx-auto gap-3 md:px-5 lg:px-1 xl:px-5 md:max-w-3xl lg:max-w-[40rem] xl:max-w-[48rem] group final-completion\">\n<div class=\"relative flex w-full flex-col lg:w-[calc(100%-115px)] agent-turn\">\n<div class=\"flex-col gap-1 md:gap-3\">\n<div class=\"flex flex-grow flex-col max-w-full\">\n<div class=\"min-h-[20px] text-message flex flex-col items-start gap-3 whitespace-pre-wrap break-words [.text-message+&amp;]:mt-5 overflow-x-auto\" data-message-author-role=\"assistant\" data-message-id=\"d212c2c8-8add-4006-a9d1-03a6f67e74fe\">\n<div class=\"markdown prose w-full break-words dark:prose-invert light\">\n<h2>Opinie klient\u00f3w o Maral Gel: fora po\u015bwi\u0119cone zdrowiu<\/h2>\n<p>W Polsce fora internetowe po\u015bwi\u0119cone zdrowiu i sprawom seksualnym ciesz\u0105 si\u0119 ogromn\u0105 popularno\u015bci\u0105. Dzi\u0119ki nim ludzie mog\u0105 wymienia\u0107 si\u0119 do\u015bwiadczeniami, radami oraz opiniami na temat r\u00f3\u017cnych preparat\u00f3w i metod poprawy \u017cycia seksualnego. W ostatnim czasie coraz cz\u0119\u015bciej mo\u017cna spotka\u0107 w\u0105tki po\u015bwi\u0119cone Maral Gel, preparatowi znacznie zyskuj\u0105cemu na popularno\u015bci w\u015br\u00f3d m\u0119\u017cczyzn. Wi\u0119kszo\u015b\u0107 u\u017cytkownik\u00f3w tych for\u00f3w opisuje pozytywne dzia\u0142anie preparatu oraz jego dost\u0119pno\u015b\u0107, co sprawia, \u017ce staje si\u0119 on coraz bardziej powszechnym wyborem w\u015br\u00f3d os\u00f3b szukaj\u0105cych naturalnych sposob\u00f3w na popraw\u0119 \u017cycia seksualnego.<\/p>\n<p><strong>Opinie u\u017cytkownik\u00f3w:<\/strong><\/p>\n<ol>\n<li><strong>Mariusz, 38 lat:<\/strong> &#8222;Maral Gel to prawdziwy hit! Ju\u017c po kilku tygodniach stosowania zauwa\u017cy\u0142em znaczn\u0105 popraw\u0119 w swoim \u017cyciu seksualnym. Erekcje s\u0105 mocniejsze, a przyjemno\u015b\u0107 z seksu zdecydowanie wi\u0119ksza. Polecam wszystkim, kt\u00f3rzy chc\u0105 zwi\u0119kszy\u0107 swoj\u0105 pewno\u015b\u0107 siebie w sypialni!&#8221;<\/li>\n<li><strong>Krzysztof, 45 lat:<\/strong> &#8222;By\u0142em sceptycznie nastawiony do tego typu preparat\u00f3w, ale Maral Gel przekona\u0142 mnie do swojej skuteczno\u015bci. Jest \u0142atwy w u\u017cyciu, a efekty s\u0105 naprawd\u0119 imponuj\u0105ce. Teraz czuj\u0119 si\u0119 pewniejszy siebie i bardziej zadowolony z w\u0142asnego \u017cycia seksualnego. Gor\u0105co polecam!&#8221;<\/li>\n<\/ol>\n<h2>Spos\u00f3b podawania i dawkowanie<\/h2>\n<p>Maral Gel jest \u0142atwy w u\u017cyciu. Nale\u017cy nanie\u015b\u0107 niewielk\u0105 ilo\u015b\u0107 \u017celu na czyst\u0105 sk\u00f3r\u0119 penisa i delikatnie wmasowa\u0107 a\u017c do ca\u0142kowitego wch\u0142oni\u0119cia. Preparat mo\u017cna stosowa\u0107 kilka minut przed planowanym stosunkiem seksualnym. Nie ma potrzeby stosowania go codziennie, jednak regularne u\u017cywanie preparatu mo\u017ce przynie\u015b\u0107 najlepsze efekty.<\/p>\n<h2>Kup teraz Maral Gel z dostaw\u0105<\/h2>\n<p>Zam\u00f3wienie Maral Gel jest proste i wygodne. Produkt mo\u017cna naby\u0107 bez wychodzenia z domu, poprzez oficjaln\u0105 stron\u0119 internetow\u0105 producenta. Nie ma konieczno\u015bci p\u0142acenia za produkt z g\u00f3ry &#8211; p\u0142atno\u015b\u0107 odbywa si\u0119 dopiero przy odbiorze przesy\u0142ki. Dzi\u0119ki temu kupuj\u0105cy mog\u0105 mie\u0107 pewno\u015b\u0107, \u017ce otrzymaj\u0105 oryginalny produkt bez ryzyka oszustwa. Dostawa zazwyczaj zajmuje od 3 do 4 dni roboczych, co sprawia, \u017ce preparat jest szybko dost\u0119pny dla klient\u00f3w w ca\u0142ej Polsce. Dodatkowo, po z\u0142o\u017ceniu zam\u00f3wienia, klient otrzymuje potwierdzenie telefoniczne od specjalisty, kt\u00f3ry mo\u017ce udzieli\u0107 dodatkowych informacji na temat produktu oraz dost\u0119pnych promocji.<\/p>\n<p style=\"text-align: center;\"><a href=\"https:\/\/price-low.eu\/a\/M1gOh6p9gSkNNW\"><button>Zakup na stronie producenta (-50%)<\/button><\/a><\/p>\n<h2>Por\u00f3wnanie ofert: ceny i dost\u0119pno\u015b\u0107 Maral Gel<\/h2>\n<p>Producent Maral Gel stawia na dost\u0119pno\u015b\u0107 i bezpo\u015bredni kontakt z klientem. Dlatego te\u017c preparat mo\u017cna naby\u0107 wy\u0142\u0105cznie na oficjalnej stronie internetowej producenta, eliminuj\u0105c po\u015brednik\u00f3w i dodatkowe koszty. Na stronie regularnie pojawiaj\u0105 si\u0119 atrakcyjne promocje i rabaty, jednak ich dost\u0119pno\u015b\u0107 mo\u017ce by\u0107 ograniczona w czasie. Dlatego warto regularnie sprawdza\u0107 aktualne oferty. Istotne jest r\u00f3wnie\u017c to, \u017ce Maral Gel nie jest dost\u0119pny w stacjonarnych aptekach, co gwarantuje klientom oryginalny produkt po konkurencyjnej cenie, bez ryzyka podr\u00f3bek.<\/p>\n<\/div>\n<\/div>\n<\/div>\n<\/div>\n<\/div>\n<\/div>\n<\/div>\n<\/div>\n","protected":false},"excerpt":{"rendered":"<p style=\"text-align: center;\"><a href=\"https:\/\/price-low.eu\/a\/M1gOh6p9gSkNNW\"><button>Kup teraz<\/button><\/a><\/p>\n<p>SKU:\u00a0<span class=\"sku\">789.878.058<\/span><\/p>\n<hr \/>\n<p><small>Produkt sprzedawany jest wy\u0142\u0105cznie za po\u015brednictwem oficjalnej strony producenta, id\u017a i kupuj bezpiecznie!<\/small><\/p>\n","protected":false},"featured_media":459,"comment_status":"open","ping_status":"closed","template":"","meta":[],"product_brand":[],"product_cat":[15],"product_tag":[],"class_list":{"0":"post-458","1":"product","2":"type-product","3":"status-publish","4":"has-post-thumbnail","6":"product_cat-supl","7":"thunk-woo-product-list","8":"opn-qv-enable","9":"top-store-woo-hover-","10":"top-store-single-product-tab-horizontal","11":"top-store-shadow-","12":"top-store-shadow-hover-","14":"first","15":"instock","16":"sale","17":"shipping-taxable","18":"purchasable","19":"product-type-simple"},"yoast_head":"<!-- This site is optimized with the Yoast SEO plugin v27.4 - https:\/\/yoast.com\/product\/yoast-seo-wordpress\/ -->\n<title>Maral Gel - kup suplement, cena w aptece, sk\u0142ad, dzia\u0142anie<\/title>\n<meta name=\"robots\" content=\"index, follow, max-snippet:-1, max-image-preview:large, max-video-preview:-1\" \/>\n<link rel=\"canonical\" href=\"https:\/\/lekarzeopole.pl\/wordpress\/product\/maral-gel\/\" \/>\n<meta property=\"og:locale\" content=\"pl_PL\" \/>\n<meta property=\"og:type\" content=\"article\" \/>\n<meta property=\"og:title\" content=\"Maral Gel - kup suplement, cena w aptece, sk\u0142ad, dzia\u0142anie\" \/>\n<meta property=\"og:description\" content=\"Kup teraz SKU:\u00a0789.878.058    Produkt sprzedawany jest wy\u0142\u0105cznie za po\u015brednictwem oficjalnej strony producenta, id\u017a i kupuj bezpiecznie!\" \/>\n<meta property=\"og:url\" content=\"https:\/\/lekarzeopole.pl\/wordpress\/product\/maral-gel\/\" \/>\n<meta property=\"og:site_name\" content=\"Lekarze Opole\" \/>\n<meta property=\"article:modified_time\" content=\"2025-03-07T13:28:03+00:00\" \/>\n<meta property=\"og:image\" content=\"https:\/\/lekarzeopole.pl\/wordpress\/wp-content\/uploads\/2024\/02\/maral-gel.jpg\" \/>\n\t<meta property=\"og:image:width\" content=\"1200\" \/>\n\t<meta property=\"og:image:height\" content=\"1392\" \/>\n\t<meta property=\"og:image:type\" content=\"image\/jpeg\" \/>\n<meta name=\"twitter:card\" content=\"summary_large_image\" \/>\n<meta name=\"twitter:label1\" content=\"Szacowany czas czytania\" \/>\n\t<meta name=\"twitter:data1\" content=\"6 minut\" \/>\n<script type=\"application\/ld+json\" class=\"yoast-schema-graph\">{\"@context\":\"https:\\\/\\\/schema.org\",\"@graph\":[{\"@type\":\"WebPage\",\"@id\":\"https:\\\/\\\/lekarzeopole.pl\\\/wordpress\\\/product\\\/maral-gel\\\/\",\"url\":\"https:\\\/\\\/lekarzeopole.pl\\\/wordpress\\\/product\\\/maral-gel\\\/\",\"name\":\"Maral Gel - kup suplement, cena w aptece, sk\u0142ad, dzia\u0142anie\",\"isPartOf\":{\"@id\":\"https:\\\/\\\/lekarzeopole.pl\\\/wordpress\\\/#website\"},\"primaryImageOfPage\":{\"@id\":\"https:\\\/\\\/lekarzeopole.pl\\\/wordpress\\\/product\\\/maral-gel\\\/#primaryimage\"},\"image\":{\"@id\":\"https:\\\/\\\/lekarzeopole.pl\\\/wordpress\\\/product\\\/maral-gel\\\/#primaryimage\"},\"thumbnailUrl\":\"https:\\\/\\\/lekarzeopole.pl\\\/wordpress\\\/wp-content\\\/uploads\\\/2024\\\/02\\\/maral-gel.jpg\",\"datePublished\":\"2024-02-09T10:07:31+00:00\",\"dateModified\":\"2025-03-07T13:28:03+00:00\",\"breadcrumb\":{\"@id\":\"https:\\\/\\\/lekarzeopole.pl\\\/wordpress\\\/product\\\/maral-gel\\\/#breadcrumb\"},\"inLanguage\":\"pl-PL\",\"potentialAction\":[{\"@type\":\"ReadAction\",\"target\":[\"https:\\\/\\\/lekarzeopole.pl\\\/wordpress\\\/product\\\/maral-gel\\\/\"]}]},{\"@type\":\"ImageObject\",\"inLanguage\":\"pl-PL\",\"@id\":\"https:\\\/\\\/lekarzeopole.pl\\\/wordpress\\\/product\\\/maral-gel\\\/#primaryimage\",\"url\":\"https:\\\/\\\/lekarzeopole.pl\\\/wordpress\\\/wp-content\\\/uploads\\\/2024\\\/02\\\/maral-gel.jpg\",\"contentUrl\":\"https:\\\/\\\/lekarzeopole.pl\\\/wordpress\\\/wp-content\\\/uploads\\\/2024\\\/02\\\/maral-gel.jpg\",\"width\":1200,\"height\":1392,\"caption\":\"Maral Gel\"},{\"@type\":\"BreadcrumbList\",\"@id\":\"https:\\\/\\\/lekarzeopole.pl\\\/wordpress\\\/product\\\/maral-gel\\\/#breadcrumb\",\"itemListElement\":[{\"@type\":\"ListItem\",\"position\":1,\"name\":\"\u0413\u043b\u0430\u0432\u043d\u0430\u044f \u0441\u0442\u0440\u0430\u043d\u0438\u0446\u0430\",\"item\":\"https:\\\/\\\/lekarzeopole.pl\\\/wordpress\\\/\"},{\"@type\":\"ListItem\",\"position\":2,\"name\":\"Zakup\",\"item\":\"https:\\\/\\\/lekarzeopole.pl\\\/wordpress\\\/\"},{\"@type\":\"ListItem\",\"position\":3,\"name\":\"Maral Gel\"}]},{\"@type\":\"WebSite\",\"@id\":\"https:\\\/\\\/lekarzeopole.pl\\\/wordpress\\\/#website\",\"url\":\"https:\\\/\\\/lekarzeopole.pl\\\/wordpress\\\/\",\"name\":\"Lekarze Opole\",\"description\":\"\",\"potentialAction\":[{\"@type\":\"SearchAction\",\"target\":{\"@type\":\"EntryPoint\",\"urlTemplate\":\"https:\\\/\\\/lekarzeopole.pl\\\/wordpress\\\/?s={search_term_string}\"},\"query-input\":{\"@type\":\"PropertyValueSpecification\",\"valueRequired\":true,\"valueName\":\"search_term_string\"}}],\"inLanguage\":\"pl-PL\"}]}<\/script>\n<!-- \/ Yoast SEO plugin. -->","yoast_head_json":{"title":"Maral Gel - kup suplement, cena w aptece, sk\u0142ad, dzia\u0142anie","robots":{"index":"index","follow":"follow","max-snippet":"max-snippet:-1","max-image-preview":"max-image-preview:large","max-video-preview":"max-video-preview:-1"},"canonical":"https:\/\/lekarzeopole.pl\/wordpress\/product\/maral-gel\/","og_locale":"pl_PL","og_type":"article","og_title":"Maral Gel - kup suplement, cena w aptece, sk\u0142ad, dzia\u0142anie","og_description":"Kup teraz SKU:\u00a0789.878.058    Produkt sprzedawany jest wy\u0142\u0105cznie za po\u015brednictwem oficjalnej strony producenta, id\u017a i kupuj bezpiecznie!","og_url":"https:\/\/lekarzeopole.pl\/wordpress\/product\/maral-gel\/","og_site_name":"Lekarze Opole","article_modified_time":"2025-03-07T13:28:03+00:00","og_image":[{"width":1200,"height":1392,"url":"https:\/\/lekarzeopole.pl\/wordpress\/wp-content\/uploads\/2024\/02\/maral-gel.jpg","type":"image\/jpeg"}],"twitter_card":"summary_large_image","twitter_misc":{"Szacowany czas czytania":"6 minut"},"schema":{"@context":"https:\/\/schema.org","@graph":[{"@type":"WebPage","@id":"https:\/\/lekarzeopole.pl\/wordpress\/product\/maral-gel\/","url":"https:\/\/lekarzeopole.pl\/wordpress\/product\/maral-gel\/","name":"Maral Gel - kup suplement, cena w aptece, sk\u0142ad, dzia\u0142anie","isPartOf":{"@id":"https:\/\/lekarzeopole.pl\/wordpress\/#website"},"primaryImageOfPage":{"@id":"https:\/\/lekarzeopole.pl\/wordpress\/product\/maral-gel\/#primaryimage"},"image":{"@id":"https:\/\/lekarzeopole.pl\/wordpress\/product\/maral-gel\/#primaryimage"},"thumbnailUrl":"https:\/\/lekarzeopole.pl\/wordpress\/wp-content\/uploads\/2024\/02\/maral-gel.jpg","datePublished":"2024-02-09T10:07:31+00:00","dateModified":"2025-03-07T13:28:03+00:00","breadcrumb":{"@id":"https:\/\/lekarzeopole.pl\/wordpress\/product\/maral-gel\/#breadcrumb"},"inLanguage":"pl-PL","potentialAction":[{"@type":"ReadAction","target":["https:\/\/lekarzeopole.pl\/wordpress\/product\/maral-gel\/"]}]},{"@type":"ImageObject","inLanguage":"pl-PL","@id":"https:\/\/lekarzeopole.pl\/wordpress\/product\/maral-gel\/#primaryimage","url":"https:\/\/lekarzeopole.pl\/wordpress\/wp-content\/uploads\/2024\/02\/maral-gel.jpg","contentUrl":"https:\/\/lekarzeopole.pl\/wordpress\/wp-content\/uploads\/2024\/02\/maral-gel.jpg","width":1200,"height":1392,"caption":"Maral Gel"},{"@type":"BreadcrumbList","@id":"https:\/\/lekarzeopole.pl\/wordpress\/product\/maral-gel\/#breadcrumb","itemListElement":[{"@type":"ListItem","position":1,"name":"\u0413\u043b\u0430\u0432\u043d\u0430\u044f \u0441\u0442\u0440\u0430\u043d\u0438\u0446\u0430","item":"https:\/\/lekarzeopole.pl\/wordpress\/"},{"@type":"ListItem","position":2,"name":"Zakup","item":"https:\/\/lekarzeopole.pl\/wordpress\/"},{"@type":"ListItem","position":3,"name":"Maral Gel"}]},{"@type":"WebSite","@id":"https:\/\/lekarzeopole.pl\/wordpress\/#website","url":"https:\/\/lekarzeopole.pl\/wordpress\/","name":"Lekarze Opole","description":"","potentialAction":[{"@type":"SearchAction","target":{"@type":"EntryPoint","urlTemplate":"https:\/\/lekarzeopole.pl\/wordpress\/?s={search_term_string}"},"query-input":{"@type":"PropertyValueSpecification","valueRequired":true,"valueName":"search_term_string"}}],"inLanguage":"pl-PL"}]}},"_links":{"self":[{"href":"https:\/\/lekarzeopole.pl\/wordpress\/wp-json\/wp\/v2\/product\/458","targetHints":{"allow":["GET"]}}],"collection":[{"href":"https:\/\/lekarzeopole.pl\/wordpress\/wp-json\/wp\/v2\/product"}],"about":[{"href":"https:\/\/lekarzeopole.pl\/wordpress\/wp-json\/wp\/v2\/types\/product"}],"replies":[{"embeddable":true,"href":"https:\/\/lekarzeopole.pl\/wordpress\/wp-json\/wp\/v2\/comments?post=458"}],"wp:featuredmedia":[{"embeddable":true,"href":"https:\/\/lekarzeopole.pl\/wordpress\/wp-json\/wp\/v2\/media\/459"}],"wp:attachment":[{"href":"https:\/\/lekarzeopole.pl\/wordpress\/wp-json\/wp\/v2\/media?parent=458"}],"wp:term":[{"taxonomy":"product_brand","embeddable":true,"href":"https:\/\/lekarzeopole.pl\/wordpress\/wp-json\/wp\/v2\/product_brand?post=458"},{"taxonomy":"product_cat","embeddable":true,"href":"https:\/\/lekarzeopole.pl\/wordpress\/wp-json\/wp\/v2\/product_cat?post=458"},{"taxonomy":"product_tag","embeddable":true,"href":"https:\/\/lekarzeopole.pl\/wordpress\/wp-json\/wp\/v2\/product_tag?post=458"}],"curies":[{"name":"wp","href":"https:\/\/api.w.org\/{rel}","templated":true}]}}