{"id":446,"date":"2024-02-09T09:23:14","date_gmt":"2024-02-09T09:23:14","guid":{"rendered":"https:\/\/lekarzeopole.pl\/wordpress\/?post_type=product&#038;p=446"},"modified":"2025-09-24T10:57:48","modified_gmt":"2025-09-24T10:57:48","slug":"eternelle-gold-night","status":"publish","type":"product","link":"https:\/\/lekarzeopole.pl\/wordpress\/product\/eternelle-gold-night\/","title":{"rendered":"Eternelle Gold Night"},"content":{"rendered":"<div class=\"w-full text-token-text-primary\" data-testid=\"conversation-turn-3\">\n<div class=\"px-4 py-2 justify-center text-base md:gap-6 m-auto\">\n<div class=\"flex flex-1 text-base mx-auto gap-3 md:px-5 lg:px-1 xl:px-5 md:max-w-3xl lg:max-w-[40rem] xl:max-w-[48rem] group\">\n<div class=\"relative flex w-full flex-col lg:w-[calc(100%-115px)] agent-turn\">\n<div class=\"flex-col gap-1 md:gap-3\">\n<div class=\"flex flex-grow flex-col max-w-full\">\n<div class=\"min-h-[20px] text-message flex flex-col items-start gap-3 whitespace-pre-wrap break-words [.text-message+&amp;]:mt-5 overflow-x-auto\" data-message-author-role=\"assistant\" data-message-id=\"b4fe113e-edf4-4051-8c92-07fa3963033e\">\n<div class=\"markdown prose w-full break-words dark:prose-invert light\">\n<p>W dzisiejszym zabieganym \u015bwiecie, piel\u0119gnacja sk\u00f3ry staje si\u0119 coraz wa\u017cniejsza. Wraz z up\u0142ywem czasu sk\u00f3ra traci swoj\u0105 elastyczno\u015b\u0107 i j\u0119drno\u015b\u0107, pojawiaj\u0105 si\u0119 zmarszczki i inne oznaki starzenia. W odpowiedzi na te problemy, wielu z nas zwraca uwag\u0119 na innowacyjne rozwi\u0105zania, kt\u00f3re mog\u0105 pom\u00f3c w zwalczaniu tych niepo\u017c\u0105danych objaw\u00f3w starzenia si\u0119 sk\u00f3ry. Jednym z takich rozwi\u0105za\u0144 jest Eternelle Gold Night &#8211; nocny krem do podtrzymywania j\u0119drno\u015bci sk\u00f3ry i redukcji zmarszczek, bez konieczno\u015bci si\u0119gania po bolesne zastrzyki czy operacje plastyczne.<\/p>\n<h2>Wskazania do stosowania Eternelle Gold Night<\/h2>\n<p>Eternelle Gold Night jest przeznaczony dla wszystkich os\u00f3b, kt\u00f3re chc\u0105 zadba\u0107 o kondycj\u0119 swojej sk\u00f3ry i zwalczy\u0107 objawy starzenia si\u0119. G\u0142\u00f3wne wskazania do stosowania tego kremu to:<\/p>\n<ol>\n<li><strong>Zmarszczki i linie mimiczne:<\/strong> Krem Eternelle Gold Night dzia\u0142a g\u0142\u0119boko w sk\u00f3rze, redukuj\u0105c widoczno\u015b\u0107 zmarszczek i linii mimicznych, co sprawia, \u017ce sk\u00f3ra staje si\u0119 g\u0142adsza i bardziej j\u0119drna.<\/li>\n<li><strong>Utrata elastyczno\u015bci sk\u00f3ry:<\/strong> Dzi\u0119ki zawarto\u015bci sk\u0142adnik\u00f3w aktywnych, krem ten pomaga w przywracaniu elastyczno\u015bci sk\u00f3rze, sprawiaj\u0105c, \u017ce staje si\u0119 bardziej spr\u0119\u017cysta i elastyczna.<\/li>\n<li><strong>Niedoskona\u0142o\u015bci sk\u00f3ry:<\/strong> Eternelle Gold Night pomaga w redukcji przebarwie\u0144, plam pigmentacyjnych oraz drobnych niedoskona\u0142o\u015bci sk\u00f3ry, nadaj\u0105c jej jednolity i promienny wygl\u0105d.<\/li>\n<li><strong>Odnowa i regeneracja:<\/strong> Krem ten wspomaga procesy regeneracji sk\u00f3ry podczas snu, dzi\u0119ki czemu sk\u00f3ra jest od\u015bwie\u017cona i wypocz\u0119ta ka\u017cdego ranka.<\/li>\n<\/ol>\n<h2>Sk\u0142ad i dzia\u0142anie sk\u0142adnik\u00f3w Eternelle Gold Night<\/h2>\n<p>Eternelle Gold Night zawiera unikaln\u0105 mieszank\u0119 sk\u0142adnik\u00f3w aktywnych, kt\u00f3re dzia\u0142aj\u0105 synergistycznie, aby zapewni\u0107 kompleksow\u0105 piel\u0119gnacj\u0119 sk\u00f3ry podczas snu. G\u0142\u00f3wne sk\u0142adniki i ich dzia\u0142anie to:<\/p>\n<ol>\n<li><strong>Kolagen:<\/strong> Jest to bia\u0142ko odpowiedzialne za j\u0119drno\u015b\u0107 i elastyczno\u015b\u0107 sk\u00f3ry. Kolagen zawarty w kremie Eternelle Gold Night pomaga wzmocni\u0107 struktur\u0119 sk\u00f3ry i redukuje widoczno\u015b\u0107 zmarszczek.<\/li>\n<li><strong>Kwas hialuronowy:<\/strong> To silny nawil\u017cacz, kt\u00f3ry przyci\u0105ga i zatrzymuje wilgo\u0107 w sk\u00f3rze, zapobiegaj\u0105c jej przesuszeniu i \u0142uszczeniu si\u0119.<\/li>\n<li><strong>Ekstrakt z \u017ce\u0144-szenia:<\/strong> Posiada w\u0142a\u015bciwo\u015bci tonizuj\u0105ce i przeciwstarzeniowe, pobudzaj\u0105c regeneracj\u0119 sk\u00f3ry i poprawiaj\u0105c jej koloryt.<\/li>\n<li><strong>Witamina E:<\/strong> Jest silnym przeciwutleniaczem, kt\u00f3ry chroni sk\u00f3r\u0119 przed szkodliwym dzia\u0142aniem wolnych rodnik\u00f3w, op\u00f3\u017aniaj\u0105c procesy starzenia si\u0119 sk\u00f3ry.<\/li>\n<li><strong>Olejek arganowy:<\/strong> Bogaty w kwasy t\u0142uszczowe i witaminy, olejek arganowy od\u017cywia i nawil\u017ca sk\u00f3r\u0119, przywracaj\u0105c jej mi\u0119kko\u015b\u0107 i elastyczno\u015b\u0107.<\/li>\n<\/ol>\n<p style=\"text-align: center;\"><a href=\"https:\/\/tl-track.com\/tracker\/uFTf\"><button>www.eternelle-gold-night.pl<\/button><\/a><\/p>\n<h2>Efekty Eternelle Gold Night i ich charakterystyka<\/h2>\n<p>Regularne stosowanie kremu Eternelle Gold Night mo\u017ce przynie\u015b\u0107 szereg korzy\u015bci dla sk\u00f3ry, w tym:<\/p>\n<ul>\n<li>Redukcja widoczno\u015bci zmarszczek i linii mimicznych.<\/li>\n<li>Poprawa j\u0119drno\u015bci i elastyczno\u015bci sk\u00f3ry.<\/li>\n<li>Nawil\u017cenie i od\u017cywienie sk\u00f3ry, nadaj\u0105c jej promienny wygl\u0105d.<\/li>\n<li>Redukcja niedoskona\u0142o\u015bci sk\u00f3ry, takich jak przebarwienia czy plamy pigmentacyjne.<\/li>\n<li>Odnowa i regeneracja sk\u00f3ry podczas snu, co sprawia, \u017ce sk\u00f3ra wygl\u0105da m\u0142odziej i bardziej wypocz\u0119ta.<\/li>\n<\/ul>\n<h2>Ryzyko skutk\u00f3w ubocznych<\/h2>\n<p>Eternelle Gold Night jest formu\u0142\u0105 opart\u0105 na naturalnych sk\u0142adnikach, dlatego ryzyko wyst\u0105pienia skutk\u00f3w ubocznych jest minimalne. Dzi\u0119ki starannie dobranym sk\u0142adnikom, krem ten jest \u0142agodny dla sk\u00f3ry i nadaje si\u0119 do stosowania przez osoby o r\u00f3\u017cnych typach cery, r\u00f3wnie\u017c wra\u017cliwej i sk\u0142onnej do podra\u017cnie\u0144. Niemniej jednak, przed rozpocz\u0119ciem stosowania nowego produktu kosmetycznego zaleca si\u0119 przeprowadzenie testu sk\u00f3rno-alergicznego, aby upewni\u0107 si\u0119, \u017ce nie wyst\u0105pi\u0105 reakcje alergiczne. W przypadku wyst\u0105pienia jakichkolwiek niepo\u017c\u0105danych objaw\u00f3w, nale\u017cy przerwa\u0107 stosowanie kremu i skonsultowa\u0107 si\u0119 z dermatologiem.<\/p>\n<p><em>Eternelle Gold Night to innowacyjny nocny krem do piel\u0119gnacji sk\u00f3ry, kt\u00f3ry dzi\u0119ki swoim naturalnym sk\u0142adnikom pomaga w redukcji zmarszczek, poprawie j\u0119drno\u015bci sk\u00f3ry i przywr\u00f3ceniu jej m\u0142odzie\u0144czego wygl\u0105du, bez konieczno\u015bci si\u0119gania po bolesne zabiegi kosmetyczne czy operacje plastyczne. Dzi\u0119ki regularnemu stosowaniu tego kremu, mo\u017cna cieszy\u0107 si\u0119 promienn\u0105 i wypocz\u0119t\u0105 sk\u00f3r\u0105 ka\u017cdego dnia.<\/em><\/p>\n<\/div>\n<\/div>\n<\/div>\n<\/div>\n<\/div>\n<\/div>\n<\/div>\n<\/div>\n<div class=\"w-full text-token-text-primary\" data-testid=\"conversation-turn-5\">\n<div class=\"px-4 py-2 justify-center text-base md:gap-6 m-auto\">\n<div class=\"flex flex-1 text-base mx-auto gap-3 md:px-5 lg:px-1 xl:px-5 md:max-w-3xl lg:max-w-[40rem] xl:max-w-[48rem] group final-completion\">\n<div class=\"relative flex w-full flex-col lg:w-[calc(100%-115px)] agent-turn\">\n<div class=\"flex-col gap-1 md:gap-3\">\n<div class=\"flex flex-grow flex-col max-w-full\">\n<div class=\"min-h-[20px] text-message flex flex-col items-start gap-3 whitespace-pre-wrap break-words [.text-message+&amp;]:mt-5 overflow-x-auto\" data-message-author-role=\"assistant\" data-message-id=\"3f154d64-e3a9-4c34-8cf4-b45da187300e\">\n<div class=\"markdown prose w-full break-words dark:prose-invert light\">\n<h2>Opinie klient\u00f3w o Eternelle Gold Night: fora po\u015bwi\u0119cone zdrowiu<\/h2>\n<p>W dzisiejszych czasach, kiedy wiele os\u00f3b poszukuje skutecznych metod piel\u0119gnacji sk\u00f3ry, fora internetowe po\u015bwi\u0119cone zdrowiu sta\u0142y si\u0119 miejscem, gdzie u\u017cytkownicy dziel\u0105 si\u0119 swoimi do\u015bwiadczeniami z r\u00f3\u017cnymi produktami. Nie inaczej jest w przypadku Eternelle Gold Night &#8211; nocnego kremu do piel\u0119gnacji sk\u00f3ry. W polskich internetowych spo\u0142eczno\u015bciach po\u015bwi\u0119conych zdrowiu i urodzie coraz cz\u0119\u015bciej pojawiaj\u0105 si\u0119 w\u0105tki dotycz\u0105ce tego produktu. Wielu u\u017cytkownik\u00f3w opisuje pozytywne efekty stosowania kremu Eternelle Gold Night oraz podkre\u015bla jego dost\u0119pno\u015b\u0107 i skuteczno\u015b\u0107.<\/p>\n<p><strong>Oto kilka opinii od u\u017cytkownik\u00f3w:<\/strong><\/p>\n<ol>\n<li><strong>Marta:<\/strong> &#8222;Od d\u0142u\u017cszego czasu szuka\u0142am skutecznego kremu na zmarszczki i wreszcie znalaz\u0142am go w Eternelle Gold Night! Po kilku tygodniach stosowania zauwa\u017cy\u0142am wyra\u017an\u0105 popraw\u0119 w j\u0119drno\u015bci mojej sk\u00f3ry. Jestem zachwycona efektami!&#8221;<\/li>\n<li><strong>Ewa:<\/strong> &#8222;Jestem bardzo zadowolony z efekt\u00f3w, jakie uzyska\u0142em po zastosowaniu kremu Eternelle Gold Night. Moja sk\u00f3ra jest teraz bardziej nawil\u017cona i g\u0142adka, a zmarszczki sta\u0142y si\u0119 mniej widoczne. Polecam ten produkt wszystkim osobom, kt\u00f3re chc\u0105 zadba\u0107 o kondycj\u0119 swojej sk\u00f3ry!&#8221;<\/li>\n<\/ol>\n<h2>Spos\u00f3b podawania i dawkowanie<\/h2>\n<p>Eternelle Gold Night jest przeznaczony do stosowania na noc, po oczyszczeniu sk\u00f3ry. Niewielk\u0105 ilo\u015b\u0107 kremu nale\u017cy delikatnie wmasowa\u0107 w sk\u00f3r\u0119 twarzy i szyi, unikaj\u0105c kontaktu z oczami. Regularne stosowanie kremu pozwala osi\u0105gn\u0105\u0107 najlepsze efekty, dlatego zaleca si\u0119 aplikacj\u0119 produktu codziennie przed snem.<\/p>\n<h2>Kup teraz Eternelle Gold Night z dostaw\u0105<\/h2>\n<p>Zam\u00f3wienie Eternelle Gold Night jest niezwykle \u0142atwe i wygodne. Produkt mo\u017cna zakupi\u0107 online, bez konieczno\u015bci wychodzenia z domu. Nie trzeba dokonywa\u0107 p\u0142atno\u015bci z g\u00f3ry &#8211; op\u0142ata za produkt jest pobierana dopiero przy dostawie, co pozwala unikn\u0105\u0107 ryzyka oszustwa i zapewnia otrzymanie oryginalnego produktu. Dostawa kremu zajmuje zazwyczaj 3-4 dni robocze, a ka\u017cde zam\u00f3wienie jest dodatkowo potwierdzane przez telefon przez specjalist\u0119, kt\u00f3ry s\u0142u\u017cy pomoc\u0105 i mo\u017ce udzieli\u0107 informacji na temat dost\u0119pno\u015bci produktu oraz ewentualnych promocji.<\/p>\n<p style=\"text-align: center;\"><a href=\"https:\/\/tl-track.com\/tracker\/uFTf\"><button>Zakup na stronie producenta (-50%)<\/button><\/a><\/p>\n<h2>Por\u00f3wnanie ofert: ceny i dost\u0119pno\u015b\u0107 Eternelle Gold Night<\/h2>\n<p>Producent Eternelle Gold Night stawia na dost\u0119pno\u015b\u0107 swojego produktu dla klient\u00f3w, dlatego zaleca si\u0119 zakup bezpo\u015brednio na oficjalnej stronie internetowej producenta. Dzi\u0119ki temu mo\u017cna mie\u0107 pewno\u015b\u0107, \u017ce otrzymuje si\u0119 oryginalny produkt po konkurencyjnej cenie, bez po\u015brednik\u00f3w i dodatkowych op\u0142at. Dodatkowo, na stronie producenta cz\u0119sto dost\u0119pne s\u0105 atrakcyjne promocje i rabaty, kt\u00f3re warto \u015bledzi\u0107. Warto zauwa\u017cy\u0107, \u017ce Eternelle Gold Night nie jest dost\u0119pny w stacjonarnych aptekach, co sprawia, \u017ce zakup przez internet jest jedynym sposobem na nabycie tego skutecznego kremu do piel\u0119gnacji sk\u00f3ry.<\/p>\n<\/div>\n<\/div>\n<\/div>\n<\/div>\n<\/div>\n<\/div>\n<\/div>\n<\/div>\n","protected":false},"excerpt":{"rendered":"<p style=\"text-align: center;\"><a href=\"https:\/\/tl-track.com\/tracker\/uFTf\"><button>Kup teraz<\/button><\/a><\/p>\n<p>SKU:\u00a0<span class=\"sku\">789.878.052<\/span><\/p>\n<hr \/>\n<p><small>Produkt sprzedawany jest wy\u0142\u0105cznie za po\u015brednictwem oficjalnej strony producenta, id\u017a i kupuj bezpiecznie!<\/small><\/p>\n","protected":false},"featured_media":1369,"comment_status":"open","ping_status":"closed","template":"","meta":[],"product_brand":[],"product_cat":[15],"product_tag":[],"class_list":{"0":"post-446","1":"product","2":"type-product","3":"status-publish","4":"has-post-thumbnail","6":"product_cat-supl","7":"thunk-woo-product-list","8":"opn-qv-enable","9":"top-store-woo-hover-","10":"top-store-single-product-tab-horizontal","11":"top-store-shadow-","12":"top-store-shadow-hover-","14":"first","15":"instock","16":"sale","17":"shipping-taxable","18":"purchasable","19":"product-type-simple"},"yoast_head":"<!-- This site is optimized with the Yoast SEO plugin v27.4 - https:\/\/yoast.com\/product\/yoast-seo-wordpress\/ -->\n<title>Eternelle Gold Night - kup suplement, cena w aptece, sk\u0142ad, dzia\u0142anie<\/title>\n<meta name=\"robots\" content=\"index, follow, max-snippet:-1, max-image-preview:large, max-video-preview:-1\" \/>\n<link rel=\"canonical\" href=\"https:\/\/lekarzeopole.pl\/wordpress\/product\/eternelle-gold-night\/\" \/>\n<meta property=\"og:locale\" content=\"pl_PL\" \/>\n<meta property=\"og:type\" content=\"article\" \/>\n<meta property=\"og:title\" content=\"Eternelle Gold Night - kup suplement, cena w aptece, sk\u0142ad, dzia\u0142anie\" \/>\n<meta property=\"og:description\" content=\"Kup teraz SKU:\u00a0789.878.052    Produkt sprzedawany jest wy\u0142\u0105cznie za po\u015brednictwem oficjalnej strony producenta, id\u017a i kupuj bezpiecznie!\" \/>\n<meta property=\"og:url\" content=\"https:\/\/lekarzeopole.pl\/wordpress\/product\/eternelle-gold-night\/\" \/>\n<meta property=\"og:site_name\" content=\"Lekarze Opole\" \/>\n<meta property=\"article:modified_time\" content=\"2025-09-24T10:57:48+00:00\" \/>\n<meta property=\"og:image\" content=\"https:\/\/lekarzeopole.pl\/wordpress\/wp-content\/uploads\/2024\/02\/eternelle-gold-night-3.png\" \/>\n\t<meta property=\"og:image:width\" content=\"2000\" \/>\n\t<meta property=\"og:image:height\" content=\"1335\" \/>\n\t<meta property=\"og:image:type\" content=\"image\/png\" \/>\n<meta name=\"twitter:card\" content=\"summary_large_image\" \/>\n<meta name=\"twitter:label1\" content=\"Szacowany czas czytania\" \/>\n\t<meta name=\"twitter:data1\" content=\"6 minut\" \/>\n<script type=\"application\/ld+json\" class=\"yoast-schema-graph\">{\"@context\":\"https:\\\/\\\/schema.org\",\"@graph\":[{\"@type\":\"WebPage\",\"@id\":\"https:\\\/\\\/lekarzeopole.pl\\\/wordpress\\\/product\\\/eternelle-gold-night\\\/\",\"url\":\"https:\\\/\\\/lekarzeopole.pl\\\/wordpress\\\/product\\\/eternelle-gold-night\\\/\",\"name\":\"Eternelle Gold Night - kup suplement, cena w aptece, sk\u0142ad, dzia\u0142anie\",\"isPartOf\":{\"@id\":\"https:\\\/\\\/lekarzeopole.pl\\\/wordpress\\\/#website\"},\"primaryImageOfPage\":{\"@id\":\"https:\\\/\\\/lekarzeopole.pl\\\/wordpress\\\/product\\\/eternelle-gold-night\\\/#primaryimage\"},\"image\":{\"@id\":\"https:\\\/\\\/lekarzeopole.pl\\\/wordpress\\\/product\\\/eternelle-gold-night\\\/#primaryimage\"},\"thumbnailUrl\":\"https:\\\/\\\/lekarzeopole.pl\\\/wordpress\\\/wp-content\\\/uploads\\\/2024\\\/02\\\/eternelle-gold-night-3.png\",\"datePublished\":\"2024-02-09T09:23:14+00:00\",\"dateModified\":\"2025-09-24T10:57:48+00:00\",\"breadcrumb\":{\"@id\":\"https:\\\/\\\/lekarzeopole.pl\\\/wordpress\\\/product\\\/eternelle-gold-night\\\/#breadcrumb\"},\"inLanguage\":\"pl-PL\",\"potentialAction\":[{\"@type\":\"ReadAction\",\"target\":[\"https:\\\/\\\/lekarzeopole.pl\\\/wordpress\\\/product\\\/eternelle-gold-night\\\/\"]}]},{\"@type\":\"ImageObject\",\"inLanguage\":\"pl-PL\",\"@id\":\"https:\\\/\\\/lekarzeopole.pl\\\/wordpress\\\/product\\\/eternelle-gold-night\\\/#primaryimage\",\"url\":\"https:\\\/\\\/lekarzeopole.pl\\\/wordpress\\\/wp-content\\\/uploads\\\/2024\\\/02\\\/eternelle-gold-night-3.png\",\"contentUrl\":\"https:\\\/\\\/lekarzeopole.pl\\\/wordpress\\\/wp-content\\\/uploads\\\/2024\\\/02\\\/eternelle-gold-night-3.png\",\"width\":2000,\"height\":1335,\"caption\":\"Eternelle Gold Night\"},{\"@type\":\"BreadcrumbList\",\"@id\":\"https:\\\/\\\/lekarzeopole.pl\\\/wordpress\\\/product\\\/eternelle-gold-night\\\/#breadcrumb\",\"itemListElement\":[{\"@type\":\"ListItem\",\"position\":1,\"name\":\"\u0413\u043b\u0430\u0432\u043d\u0430\u044f \u0441\u0442\u0440\u0430\u043d\u0438\u0446\u0430\",\"item\":\"https:\\\/\\\/lekarzeopole.pl\\\/wordpress\\\/\"},{\"@type\":\"ListItem\",\"position\":2,\"name\":\"Zakup\",\"item\":\"https:\\\/\\\/lekarzeopole.pl\\\/wordpress\\\/\"},{\"@type\":\"ListItem\",\"position\":3,\"name\":\"Eternelle Gold Night\"}]},{\"@type\":\"WebSite\",\"@id\":\"https:\\\/\\\/lekarzeopole.pl\\\/wordpress\\\/#website\",\"url\":\"https:\\\/\\\/lekarzeopole.pl\\\/wordpress\\\/\",\"name\":\"Lekarze Opole\",\"description\":\"\",\"potentialAction\":[{\"@type\":\"SearchAction\",\"target\":{\"@type\":\"EntryPoint\",\"urlTemplate\":\"https:\\\/\\\/lekarzeopole.pl\\\/wordpress\\\/?s={search_term_string}\"},\"query-input\":{\"@type\":\"PropertyValueSpecification\",\"valueRequired\":true,\"valueName\":\"search_term_string\"}}],\"inLanguage\":\"pl-PL\"}]}<\/script>\n<!-- \/ Yoast SEO plugin. -->","yoast_head_json":{"title":"Eternelle Gold Night - kup suplement, cena w aptece, sk\u0142ad, dzia\u0142anie","robots":{"index":"index","follow":"follow","max-snippet":"max-snippet:-1","max-image-preview":"max-image-preview:large","max-video-preview":"max-video-preview:-1"},"canonical":"https:\/\/lekarzeopole.pl\/wordpress\/product\/eternelle-gold-night\/","og_locale":"pl_PL","og_type":"article","og_title":"Eternelle Gold Night - kup suplement, cena w aptece, sk\u0142ad, dzia\u0142anie","og_description":"Kup teraz SKU:\u00a0789.878.052    Produkt sprzedawany jest wy\u0142\u0105cznie za po\u015brednictwem oficjalnej strony producenta, id\u017a i kupuj bezpiecznie!","og_url":"https:\/\/lekarzeopole.pl\/wordpress\/product\/eternelle-gold-night\/","og_site_name":"Lekarze Opole","article_modified_time":"2025-09-24T10:57:48+00:00","og_image":[{"width":2000,"height":1335,"url":"https:\/\/lekarzeopole.pl\/wordpress\/wp-content\/uploads\/2024\/02\/eternelle-gold-night-3.png","type":"image\/png"}],"twitter_card":"summary_large_image","twitter_misc":{"Szacowany czas czytania":"6 minut"},"schema":{"@context":"https:\/\/schema.org","@graph":[{"@type":"WebPage","@id":"https:\/\/lekarzeopole.pl\/wordpress\/product\/eternelle-gold-night\/","url":"https:\/\/lekarzeopole.pl\/wordpress\/product\/eternelle-gold-night\/","name":"Eternelle Gold Night - kup suplement, cena w aptece, sk\u0142ad, dzia\u0142anie","isPartOf":{"@id":"https:\/\/lekarzeopole.pl\/wordpress\/#website"},"primaryImageOfPage":{"@id":"https:\/\/lekarzeopole.pl\/wordpress\/product\/eternelle-gold-night\/#primaryimage"},"image":{"@id":"https:\/\/lekarzeopole.pl\/wordpress\/product\/eternelle-gold-night\/#primaryimage"},"thumbnailUrl":"https:\/\/lekarzeopole.pl\/wordpress\/wp-content\/uploads\/2024\/02\/eternelle-gold-night-3.png","datePublished":"2024-02-09T09:23:14+00:00","dateModified":"2025-09-24T10:57:48+00:00","breadcrumb":{"@id":"https:\/\/lekarzeopole.pl\/wordpress\/product\/eternelle-gold-night\/#breadcrumb"},"inLanguage":"pl-PL","potentialAction":[{"@type":"ReadAction","target":["https:\/\/lekarzeopole.pl\/wordpress\/product\/eternelle-gold-night\/"]}]},{"@type":"ImageObject","inLanguage":"pl-PL","@id":"https:\/\/lekarzeopole.pl\/wordpress\/product\/eternelle-gold-night\/#primaryimage","url":"https:\/\/lekarzeopole.pl\/wordpress\/wp-content\/uploads\/2024\/02\/eternelle-gold-night-3.png","contentUrl":"https:\/\/lekarzeopole.pl\/wordpress\/wp-content\/uploads\/2024\/02\/eternelle-gold-night-3.png","width":2000,"height":1335,"caption":"Eternelle Gold Night"},{"@type":"BreadcrumbList","@id":"https:\/\/lekarzeopole.pl\/wordpress\/product\/eternelle-gold-night\/#breadcrumb","itemListElement":[{"@type":"ListItem","position":1,"name":"\u0413\u043b\u0430\u0432\u043d\u0430\u044f \u0441\u0442\u0440\u0430\u043d\u0438\u0446\u0430","item":"https:\/\/lekarzeopole.pl\/wordpress\/"},{"@type":"ListItem","position":2,"name":"Zakup","item":"https:\/\/lekarzeopole.pl\/wordpress\/"},{"@type":"ListItem","position":3,"name":"Eternelle Gold Night"}]},{"@type":"WebSite","@id":"https:\/\/lekarzeopole.pl\/wordpress\/#website","url":"https:\/\/lekarzeopole.pl\/wordpress\/","name":"Lekarze Opole","description":"","potentialAction":[{"@type":"SearchAction","target":{"@type":"EntryPoint","urlTemplate":"https:\/\/lekarzeopole.pl\/wordpress\/?s={search_term_string}"},"query-input":{"@type":"PropertyValueSpecification","valueRequired":true,"valueName":"search_term_string"}}],"inLanguage":"pl-PL"}]}},"_links":{"self":[{"href":"https:\/\/lekarzeopole.pl\/wordpress\/wp-json\/wp\/v2\/product\/446","targetHints":{"allow":["GET"]}}],"collection":[{"href":"https:\/\/lekarzeopole.pl\/wordpress\/wp-json\/wp\/v2\/product"}],"about":[{"href":"https:\/\/lekarzeopole.pl\/wordpress\/wp-json\/wp\/v2\/types\/product"}],"replies":[{"embeddable":true,"href":"https:\/\/lekarzeopole.pl\/wordpress\/wp-json\/wp\/v2\/comments?post=446"}],"wp:featuredmedia":[{"embeddable":true,"href":"https:\/\/lekarzeopole.pl\/wordpress\/wp-json\/wp\/v2\/media\/1369"}],"wp:attachment":[{"href":"https:\/\/lekarzeopole.pl\/wordpress\/wp-json\/wp\/v2\/media?parent=446"}],"wp:term":[{"taxonomy":"product_brand","embeddable":true,"href":"https:\/\/lekarzeopole.pl\/wordpress\/wp-json\/wp\/v2\/product_brand?post=446"},{"taxonomy":"product_cat","embeddable":true,"href":"https:\/\/lekarzeopole.pl\/wordpress\/wp-json\/wp\/v2\/product_cat?post=446"},{"taxonomy":"product_tag","embeddable":true,"href":"https:\/\/lekarzeopole.pl\/wordpress\/wp-json\/wp\/v2\/product_tag?post=446"}],"curies":[{"name":"wp","href":"https:\/\/api.w.org\/{rel}","templated":true}]}}