{"id":44,"date":"2024-01-20T09:34:26","date_gmt":"2024-01-20T09:34:26","guid":{"rendered":"https:\/\/lekarzeopole.pl\/wordpress\/?post_type=product&#038;p=44"},"modified":"2025-12-26T16:41:13","modified_gmt":"2025-12-26T16:41:13","slug":"retoxin","status":"publish","type":"product","link":"https:\/\/lekarzeopole.pl\/wordpress\/product\/retoxin\/","title":{"rendered":"Retoxin"},"content":{"rendered":"<div class=\"w-full text-token-text-primary\" data-testid=\"conversation-turn-3\">\n<div class=\"px-4 py-2 justify-center text-base md:gap-6 m-auto\">\n<div class=\"flex flex-1 text-base mx-auto gap-3 md:px-5 lg:px-1 xl:px-5 md:max-w-3xl lg:max-w-[40rem] xl:max-w-[48rem] group\">\n<div class=\"relative flex w-full flex-col lg:w-[calc(100%-115px)] agent-turn\">\n<div class=\"flex-col gap-1 md:gap-3\">\n<div class=\"flex flex-grow flex-col max-w-full\">\n<div class=\"min-h-[20px] text-message flex flex-col items-start gap-3 whitespace-pre-wrap break-words [.text-message+&amp;]:mt-5 overflow-x-auto\" data-message-author-role=\"assistant\" data-message-id=\"4c863bf8-638b-4159-84ce-3a7449688d00\">\n<div class=\"markdown prose w-full break-words dark:prose-invert light\">\n<p>Retoxin, to rewolucyjny suplement diety, kt\u00f3ry zdobywa coraz wi\u0119ksz\u0105 popularno\u015b\u0107 w\u015br\u00f3d os\u00f3b, kt\u00f3re dbaj\u0105 o swoje zdrowie i dobre samopoczucie. To niedrogie i naturalne rozwi\u0105zanie problem\u00f3w zwi\u0105zanych z toksynami i z\u0142ogami w organizmie. Ni\u017cej przedstawiamy tabel\u0119 z wskazaniami do stosowania tego wyj\u0105tkowego suplementu:<\/p>\n<table style=\"height: 157px;\" width=\"962\">\n<thead>\n<tr>\n<th>Wskazania do Stosowania Retoxin<\/th>\n<\/tr>\n<\/thead>\n<tbody>\n<tr>\n<td>1. Oczyszczanie organizmu z toksyn i z\u0142og\u00f3w<\/td>\n<\/tr>\n<tr>\n<td>2. Przywracanie 100% si\u0142 witalnych<\/td>\n<\/tr>\n<tr>\n<td>3. Od\u017cywianie i wzmacnianie organizmu<\/td>\n<\/tr>\n<\/tbody>\n<\/table>\n<h2>Opis Dodatku do \u017bywno\u015bci Retoxin<\/h2>\n<p>Retoxin to serum w formie kapsu\u0142ek o dzia\u0142aniu oczyszczaj\u0105cym. Jest to produkt, kt\u00f3ry dzia\u0142a na zasadzie stymulacji organizmu do pozbycia si\u0119 wszelkiego rodzaju szkodliwych substancji, takich jak pestycydy, konserwanty, barwniki, aromaty i inne chemiczne dodatki obecne w naszej codziennej diecie. Dzi\u0119ki Retoxin mo\u017cemy przywr\u00f3ci\u0107 organizmowi naturaln\u0105 r\u00f3wnowag\u0119 i energi\u0119.<\/p>\n<p style=\"text-align: center;\"><a href=\"https:\/\/tl-track.com\/tracker\/u4XU\"><button>www.retoxin.pl<\/button><\/a><\/p>\n<h2>Sk\u0142ad i Dzia\u0142anie Sk\u0142adnik\u00f3w Retoxin<\/h2>\n<p>Retoxin zawiera wyj\u0105tkowy sk\u0142ad naturalnych sk\u0142adnik\u00f3w, kt\u00f3re dzia\u0142aj\u0105 na organizm kompleksowo. Jego g\u0142\u00f3wne sk\u0142adniki to du\u017ca zawarto\u015b\u0107 chlorofilu oraz p\u0119dy Hordeum vulgare. Te sk\u0142adniki dzia\u0142aj\u0105 synergicznie, pomagaj\u0105c stopniowo wydala\u0107 z organizmu szkodliwe substancje.<\/p>\n<p>Chlorofil znany jest ze swoich w\u0142a\u015bciwo\u015bci oczyszczaj\u0105cych, pomagaj\u0105c organizmowi pozby\u0107 si\u0119 toksyn. P\u0119dy Hordeum vulgare natomiast dostarczaj\u0105 organizmowi wiele cennych sk\u0142adnik\u00f3w od\u017cywczych, takich jak witaminy B, C, E, K, magnez, wap\u0144, cynk i krzem. Dzi\u0119ki temu Retoxin nie tylko oczyszcza organizm, ale tak\u017ce go od\u017cywia i wzmacnia.<\/p>\n<h2>Efekty Retoxin i Ich Charakterystyka<\/h2>\n<p>Korzystanie z Retoxin mo\u017ce przynie\u015b\u0107 wiele pozytywnych efekt\u00f3w dla zdrowia i samopoczucia. Oto niekt\u00f3re z g\u0142\u00f3wnych efekt\u00f3w, kt\u00f3re mo\u017cna osi\u0105gn\u0105\u0107 dzi\u0119ki temu suplementowi:<\/p>\n<ol>\n<li><strong>Oczyszczenie Organizmu z Z\u0142og\u00f3w i Toksyn<\/strong>: Retoxin pomaga usun\u0105\u0107 nagromadzone toksyny i z\u0142ogi, kt\u00f3re mog\u0105 prowadzi\u0107 do r\u00f3\u017cnych problem\u00f3w zdrowotnych.<\/li>\n<li><strong>Przywr\u00f3cenie 100% Si\u0142 Witalnych<\/strong>: Dzi\u0119ki oczyszczeniu organizmu, Retoxin pomaga zwi\u0119kszy\u0107 energi\u0119 i wytrzyma\u0142o\u015b\u0107, poprawiaj\u0105c jako\u015b\u0107 \u017cycia.<\/li>\n<li><strong>Od\u017cywienie i Wzmocnienie:<\/strong> Sk\u0142adniki Retoxin dostarczaj\u0105 organizmowi niezb\u0119dnych witamin i minera\u0142\u00f3w, poprawiaj\u0105c kondycj\u0119 sk\u00f3ry, paznokci i og\u00f3ln\u0105 zdrowotno\u015b\u0107.<\/li>\n<\/ol>\n<h2>Ryzyko Skutk\u00f3w Ubocznych<\/h2>\n<p>Suplement Retoxin ma naturalny sk\u0142ad, co minimalizuje ryzyko wyst\u0105pienia skutk\u00f3w ubocznych. Dzi\u0119ki temu mo\u017cna go stosowa\u0107 bez obaw o negatywne reakcje organizmu. Jest to szczeg\u00f3lnie istotne dla os\u00f3b poszukuj\u0105cych bezpiecznych i skutecznych rozwi\u0105za\u0144 dla swojego zdrowia.<\/p>\n<h2>Opinie Klient\u00f3w o Retoxin: Fora Po\u015bwi\u0119cone Zdrowiu<\/h2>\n<p>W Polsce Retoxin zdobywa coraz wi\u0119ksz\u0105 popularno\u015b\u0107, co skutkuje powstaniem licznych opinii klient\u00f3w na r\u00f3\u017cnych forach po\u015bwi\u0119conych zdrowiu. U\u017cytkownicy dziel\u0105 si\u0119 swoimi do\u015bwiadczeniami zwi\u0105zanymi z korzystaniem z tego suplementu, a wi\u0119kszo\u015b\u0107 z nich opisuje pozytywne efekty i dost\u0119pno\u015b\u0107 produktu. Retoxin staje si\u0119 rozwi\u0105zaniem dla wielu os\u00f3b, kt\u00f3re poszukuj\u0105 naturalnych metod oczyszczania organizmu i poprawy swojego samopoczucia.<\/p>\n<p>Retoxin to niedrogie i naturalne rozwi\u0105zanie problem\u00f3w zwi\u0105zanych z toksynami i z\u0142ogami w organizmie. Dzi\u0119ki swojemu unikalnemu sk\u0142adowi i dzia\u0142aniu, suplement ten mo\u017ce pom\u00f3c w oczyszczeniu organizmu, przywr\u00f3ceniu si\u0142 witalnych oraz od\u017cywieniu i wzmocnieniu ca\u0142ego organizmu. Jest to bezpieczna alternatywa dla os\u00f3b, kt\u00f3re dbaj\u0105 o swoje zdrowie i chc\u0105 cieszy\u0107 si\u0119 pe\u0142nymi si\u0142ami ka\u017cdego dnia. Nie dziwi wi\u0119c rosn\u0105ca popularno\u015b\u0107 Retoxin na polskim rynku, kt\u00f3ra znajduje potwierdzenie w pozytywnych opiniach klient\u00f3w na forach zdrowotnych.<\/p>\n<\/div>\n<\/div>\n<\/div>\n<\/div>\n<\/div>\n<\/div>\n<\/div>\n<\/div>\n<div class=\"w-full text-token-text-primary\" data-testid=\"conversation-turn-5\">\n<div class=\"px-4 py-2 justify-center text-base md:gap-6 m-auto\">\n<div class=\"flex flex-1 text-base mx-auto gap-3 md:px-5 lg:px-1 xl:px-5 md:max-w-3xl lg:max-w-[40rem] xl:max-w-[48rem] group final-completion\">\n<div class=\"relative flex w-full flex-col lg:w-[calc(100%-115px)] agent-turn\">\n<div class=\"flex-col gap-1 md:gap-3\">\n<div class=\"flex flex-grow flex-col max-w-full\">\n<div class=\"min-h-[20px] text-message flex flex-col items-start gap-3 whitespace-pre-wrap break-words [.text-message+&amp;]:mt-5 overflow-x-auto\" data-message-author-role=\"assistant\" data-message-id=\"b6479e06-eb5c-4523-8bff-0988cad2f9a5\">\n<div class=\"markdown prose w-full break-words dark:prose-invert light\">\n<h2>Ulotka Do\u0142\u0105czona do Retoxin: Wskazania i Przeciwwskazania<\/h2>\n<p>Warto dok\u0142adnie zapozna\u0107 si\u0119 z ulotk\u0105 do\u0142\u0105czon\u0105 do opakowania Retoxin, aby mie\u0107 pe\u0142n\u0105 wiedz\u0119 na temat wskaza\u0144 i przeciwwskaza\u0144 zwi\u0105zanych z korzystaniem z tego suplementu diety. Retoxin jest zalecany osobom, kt\u00f3re chc\u0105 oczy\u015bci\u0107 sw\u00f3j organizm z toksyn i z\u0142og\u00f3w, przywr\u00f3ci\u0107 si\u0142y witalne oraz poprawi\u0107 kondycj\u0119 sk\u00f3ry i paznokci. Niemniej jednak, istniej\u0105 pewne przeciwwskazania, kt\u00f3re nale\u017cy uwzgl\u0119dni\u0107, takie jak alergie na kt\u00f3rykolwiek ze sk\u0142adnik\u00f3w produktu.<\/p>\n<h2>Spos\u00f3b Podawania i Dawkowanie<\/h2>\n<p>Spos\u00f3b podawania Retoxin jest prosty i wygodny. Zazwyczaj zaleca si\u0119 przyjmowanie 1-2 kapsu\u0142ek dziennie, najlepiej podczas posi\u0142k\u00f3w, popijaj\u0105c je wod\u0105. Dawkowanie mo\u017ce si\u0119 r\u00f3\u017cni\u0107 w zale\u017cno\u015bci od indywidualnych potrzeb i cel\u00f3w. Zawsze jednak warto skonsultowa\u0107 si\u0119 z lekarzem przed rozpocz\u0119ciem kuracji, aby dostosowa\u0107 dawkowanie do swoich potrzeb.<\/p>\n<h2>Porady od Lekarzy<\/h2>\n<p>Oczyszczanie organizmu i poprawa og\u00f3lnego stanu zdrowia to cele, kt\u00f3re wielu z nas d\u0105\u017cy do osi\u0105gni\u0119cia. Oto kilka og\u00f3lnych porad od lekarzy, kt\u00f3re mog\u0105 pom\u00f3c w rozwi\u0105zaniu problem\u00f3w zwi\u0105zanych z toksynami i z\u0142ogami w organizmie:<\/p>\n<ol>\n<li>Zadbaj o zdrow\u0105 i zr\u00f3wnowa\u017con\u0105 diet\u0119, bogat\u0105 w warzywa, owoce i produkty pe\u0142noziarniste.<\/li>\n<li>Pij du\u017co wody, aby wspom\u00f3c naturalny proces oczyszczania organizmu.<\/li>\n<li>Regularnie uprawiaj sport lub aktywno\u015b\u0107 fizyczn\u0105, aby pobudzi\u0107 kr\u0105\u017cenie krwi i przyspieszy\u0107 proces detoksykacji.<\/li>\n<li>Ogranicz spo\u017cycie alkoholu i unikaj papieros\u00f3w oraz innych substancji szkodliwych dla zdrowia.<\/li>\n<\/ol>\n<p style=\"text-align: center;\"><a href=\"https:\/\/tl-track.com\/tracker\/u4XU\"><button>Zakup na stronie producenta (-50%)<\/button><\/a><\/p>\n<h2>Kup Teraz Retoxin z Dostaw\u0105<\/h2>\n<p>Je\u015bli jeste\u015b zainteresowany zakupem Retoxin, mo\u017cesz to zrobi\u0107 \u0142atwo i wygodnie, klikaj\u0105c przycisk &#8222;Kup Teraz&#8221;. Wype\u0142nij formularz zam\u00f3wienia, podaj\u0105c tylko swoje imi\u0119 i numer telefonu. Nie ma potrzeby p\u0142acenia za produkt z g\u00f3ry, p\u0142atno\u015b\u0107 jest dokonywana przy dostawie. Dzi\u0119ki temu masz pewno\u015b\u0107, \u017ce otrzymasz oryginalny produkt bez ryzyka. Dostawa trwa zazwyczaj 3-4 dni w Polsce, a dodatkowo zam\u00f3wienie zostaje potwierdzone przez specjalist\u0119 telefonicznie. To doskona\u0142a okazja, aby skonsultowa\u0107 si\u0119 z ekspertem, kt\u00f3ry mo\u017ce doradzi\u0107 Ci w kwestii ilo\u015bci i dost\u0119pno\u015bci ofert promocyjnych.<\/p>\n<h2>Por\u00f3wnanie Ofert: Ceny i Dost\u0119pno\u015b\u0107 Retoxin<\/h2>\n<p>Producent Retoxin stawia na dost\u0119pno\u015b\u0107 dla klient\u00f3w, dlatego suplement mo\u017cna naby\u0107 bezpo\u015brednio na oficjalnej stronie producenta, bez po\u015brednik\u00f3w i dodatkowych op\u0142at. Dodatkowo, warto regularnie sprawdza\u0107 dost\u0119pno\u015b\u0107 promocji i zni\u017cek, kt\u00f3re mog\u0105 by\u0107 oferowane przez producenta. Dlatego te\u017c suplement nie jest dost\u0119pny w sprzeda\u017cy w stacjonarnych aptekach.<\/p>\n<p>Retoxin to innowacyjny suplement diety, kt\u00f3ry oferuje naturalne rozwi\u0105zanie problem\u00f3w zwi\u0105zanych z toksynami i z\u0142ogami w organizmie. Dzi\u0119ki skutecznemu dzia\u0142aniu i bezpiecznemu sk\u0142adowi, jest to coraz bardziej popularny wyb\u00f3r w Polsce, wspieraj\u0105c wiele os\u00f3b w osi\u0105gni\u0119ciu lepszego zdrowia i samopoczucia. Nie czekaj d\u0142u\u017cej i wypr\u00f3buj Retoxin ju\u017c teraz!<\/p>\n<\/div>\n<\/div>\n<\/div>\n<\/div>\n<\/div>\n<\/div>\n<\/div>\n<\/div>\n","protected":false},"excerpt":{"rendered":"<p style=\"text-align: center;\"><a href=\"https:\/\/tl-track.com\/tracker\/u4XU\"><button>Kup teraz<\/button><\/a><\/p>\n<p>SKU:\u00a0<span class=\"sku\">789.878.004<\/span><\/p>\n<hr \/>\n<p><small>Produkt sprzedawany jest wy\u0142\u0105cznie za po\u015brednictwem oficjalnej strony producenta, id\u017a i kupuj bezpiecznie!<\/small><\/p>\n","protected":false},"featured_media":45,"comment_status":"open","ping_status":"closed","template":"","meta":[],"product_brand":[],"product_cat":[15],"product_tag":[],"class_list":{"0":"post-44","1":"product","2":"type-product","3":"status-publish","4":"has-post-thumbnail","6":"product_cat-supl","7":"thunk-woo-product-list","8":"opn-qv-enable","9":"top-store-woo-hover-","10":"top-store-single-product-tab-horizontal","11":"top-store-shadow-","12":"top-store-shadow-hover-","14":"first","15":"instock","16":"sale","17":"shipping-taxable","18":"purchasable","19":"product-type-simple"},"yoast_head":"<!-- This site is optimized with the Yoast SEO plugin v27.4 - https:\/\/yoast.com\/product\/yoast-seo-wordpress\/ -->\n<title>Retoxin - kup suplement, cena w aptece, sk\u0142ad, dzia\u0142anie<\/title>\n<meta name=\"robots\" content=\"index, follow, max-snippet:-1, max-image-preview:large, max-video-preview:-1\" \/>\n<link rel=\"canonical\" href=\"https:\/\/lekarzeopole.pl\/wordpress\/product\/retoxin\/\" \/>\n<meta property=\"og:locale\" content=\"pl_PL\" \/>\n<meta property=\"og:type\" content=\"article\" \/>\n<meta property=\"og:title\" content=\"Retoxin - kup suplement, cena w aptece, sk\u0142ad, dzia\u0142anie\" \/>\n<meta property=\"og:description\" content=\"Kup teraz SKU:\u00a0789.878.004    Produkt sprzedawany jest wy\u0142\u0105cznie za po\u015brednictwem oficjalnej strony producenta, id\u017a i kupuj bezpiecznie!\" \/>\n<meta property=\"og:url\" content=\"https:\/\/lekarzeopole.pl\/wordpress\/product\/retoxin\/\" \/>\n<meta property=\"og:site_name\" content=\"Lekarze Opole\" \/>\n<meta property=\"article:modified_time\" content=\"2025-12-26T16:41:13+00:00\" \/>\n<meta property=\"og:image\" content=\"https:\/\/lekarzeopole.pl\/wordpress\/wp-content\/uploads\/2024\/01\/retoxin.webp\" \/>\n\t<meta property=\"og:image:width\" content=\"500\" \/>\n\t<meta property=\"og:image:height\" content=\"500\" \/>\n\t<meta property=\"og:image:type\" content=\"image\/webp\" \/>\n<meta name=\"twitter:card\" content=\"summary_large_image\" \/>\n<meta name=\"twitter:label1\" content=\"Szacowany czas czytania\" \/>\n\t<meta name=\"twitter:data1\" content=\"6 minut\" \/>\n<script type=\"application\/ld+json\" class=\"yoast-schema-graph\">{\"@context\":\"https:\\\/\\\/schema.org\",\"@graph\":[{\"@type\":\"WebPage\",\"@id\":\"https:\\\/\\\/lekarzeopole.pl\\\/wordpress\\\/product\\\/retoxin\\\/\",\"url\":\"https:\\\/\\\/lekarzeopole.pl\\\/wordpress\\\/product\\\/retoxin\\\/\",\"name\":\"Retoxin - kup suplement, cena w aptece, sk\u0142ad, dzia\u0142anie\",\"isPartOf\":{\"@id\":\"https:\\\/\\\/lekarzeopole.pl\\\/wordpress\\\/#website\"},\"primaryImageOfPage\":{\"@id\":\"https:\\\/\\\/lekarzeopole.pl\\\/wordpress\\\/product\\\/retoxin\\\/#primaryimage\"},\"image\":{\"@id\":\"https:\\\/\\\/lekarzeopole.pl\\\/wordpress\\\/product\\\/retoxin\\\/#primaryimage\"},\"thumbnailUrl\":\"https:\\\/\\\/lekarzeopole.pl\\\/wordpress\\\/wp-content\\\/uploads\\\/2024\\\/01\\\/retoxin.webp\",\"datePublished\":\"2024-01-20T09:34:26+00:00\",\"dateModified\":\"2025-12-26T16:41:13+00:00\",\"breadcrumb\":{\"@id\":\"https:\\\/\\\/lekarzeopole.pl\\\/wordpress\\\/product\\\/retoxin\\\/#breadcrumb\"},\"inLanguage\":\"pl-PL\",\"potentialAction\":[{\"@type\":\"ReadAction\",\"target\":[\"https:\\\/\\\/lekarzeopole.pl\\\/wordpress\\\/product\\\/retoxin\\\/\"]}]},{\"@type\":\"ImageObject\",\"inLanguage\":\"pl-PL\",\"@id\":\"https:\\\/\\\/lekarzeopole.pl\\\/wordpress\\\/product\\\/retoxin\\\/#primaryimage\",\"url\":\"https:\\\/\\\/lekarzeopole.pl\\\/wordpress\\\/wp-content\\\/uploads\\\/2024\\\/01\\\/retoxin.webp\",\"contentUrl\":\"https:\\\/\\\/lekarzeopole.pl\\\/wordpress\\\/wp-content\\\/uploads\\\/2024\\\/01\\\/retoxin.webp\",\"width\":500,\"height\":500,\"caption\":\"Retoxin\"},{\"@type\":\"BreadcrumbList\",\"@id\":\"https:\\\/\\\/lekarzeopole.pl\\\/wordpress\\\/product\\\/retoxin\\\/#breadcrumb\",\"itemListElement\":[{\"@type\":\"ListItem\",\"position\":1,\"name\":\"\u0413\u043b\u0430\u0432\u043d\u0430\u044f \u0441\u0442\u0440\u0430\u043d\u0438\u0446\u0430\",\"item\":\"https:\\\/\\\/lekarzeopole.pl\\\/wordpress\\\/\"},{\"@type\":\"ListItem\",\"position\":2,\"name\":\"Zakup\",\"item\":\"https:\\\/\\\/lekarzeopole.pl\\\/wordpress\\\/\"},{\"@type\":\"ListItem\",\"position\":3,\"name\":\"Retoxin\"}]},{\"@type\":\"WebSite\",\"@id\":\"https:\\\/\\\/lekarzeopole.pl\\\/wordpress\\\/#website\",\"url\":\"https:\\\/\\\/lekarzeopole.pl\\\/wordpress\\\/\",\"name\":\"Lekarze Opole\",\"description\":\"\",\"potentialAction\":[{\"@type\":\"SearchAction\",\"target\":{\"@type\":\"EntryPoint\",\"urlTemplate\":\"https:\\\/\\\/lekarzeopole.pl\\\/wordpress\\\/?s={search_term_string}\"},\"query-input\":{\"@type\":\"PropertyValueSpecification\",\"valueRequired\":true,\"valueName\":\"search_term_string\"}}],\"inLanguage\":\"pl-PL\"}]}<\/script>\n<!-- \/ Yoast SEO plugin. -->","yoast_head_json":{"title":"Retoxin - kup suplement, cena w aptece, sk\u0142ad, dzia\u0142anie","robots":{"index":"index","follow":"follow","max-snippet":"max-snippet:-1","max-image-preview":"max-image-preview:large","max-video-preview":"max-video-preview:-1"},"canonical":"https:\/\/lekarzeopole.pl\/wordpress\/product\/retoxin\/","og_locale":"pl_PL","og_type":"article","og_title":"Retoxin - kup suplement, cena w aptece, sk\u0142ad, dzia\u0142anie","og_description":"Kup teraz SKU:\u00a0789.878.004    Produkt sprzedawany jest wy\u0142\u0105cznie za po\u015brednictwem oficjalnej strony producenta, id\u017a i kupuj bezpiecznie!","og_url":"https:\/\/lekarzeopole.pl\/wordpress\/product\/retoxin\/","og_site_name":"Lekarze Opole","article_modified_time":"2025-12-26T16:41:13+00:00","og_image":[{"width":500,"height":500,"url":"https:\/\/lekarzeopole.pl\/wordpress\/wp-content\/uploads\/2024\/01\/retoxin.webp","type":"image\/webp"}],"twitter_card":"summary_large_image","twitter_misc":{"Szacowany czas czytania":"6 minut"},"schema":{"@context":"https:\/\/schema.org","@graph":[{"@type":"WebPage","@id":"https:\/\/lekarzeopole.pl\/wordpress\/product\/retoxin\/","url":"https:\/\/lekarzeopole.pl\/wordpress\/product\/retoxin\/","name":"Retoxin - kup suplement, cena w aptece, sk\u0142ad, dzia\u0142anie","isPartOf":{"@id":"https:\/\/lekarzeopole.pl\/wordpress\/#website"},"primaryImageOfPage":{"@id":"https:\/\/lekarzeopole.pl\/wordpress\/product\/retoxin\/#primaryimage"},"image":{"@id":"https:\/\/lekarzeopole.pl\/wordpress\/product\/retoxin\/#primaryimage"},"thumbnailUrl":"https:\/\/lekarzeopole.pl\/wordpress\/wp-content\/uploads\/2024\/01\/retoxin.webp","datePublished":"2024-01-20T09:34:26+00:00","dateModified":"2025-12-26T16:41:13+00:00","breadcrumb":{"@id":"https:\/\/lekarzeopole.pl\/wordpress\/product\/retoxin\/#breadcrumb"},"inLanguage":"pl-PL","potentialAction":[{"@type":"ReadAction","target":["https:\/\/lekarzeopole.pl\/wordpress\/product\/retoxin\/"]}]},{"@type":"ImageObject","inLanguage":"pl-PL","@id":"https:\/\/lekarzeopole.pl\/wordpress\/product\/retoxin\/#primaryimage","url":"https:\/\/lekarzeopole.pl\/wordpress\/wp-content\/uploads\/2024\/01\/retoxin.webp","contentUrl":"https:\/\/lekarzeopole.pl\/wordpress\/wp-content\/uploads\/2024\/01\/retoxin.webp","width":500,"height":500,"caption":"Retoxin"},{"@type":"BreadcrumbList","@id":"https:\/\/lekarzeopole.pl\/wordpress\/product\/retoxin\/#breadcrumb","itemListElement":[{"@type":"ListItem","position":1,"name":"\u0413\u043b\u0430\u0432\u043d\u0430\u044f \u0441\u0442\u0440\u0430\u043d\u0438\u0446\u0430","item":"https:\/\/lekarzeopole.pl\/wordpress\/"},{"@type":"ListItem","position":2,"name":"Zakup","item":"https:\/\/lekarzeopole.pl\/wordpress\/"},{"@type":"ListItem","position":3,"name":"Retoxin"}]},{"@type":"WebSite","@id":"https:\/\/lekarzeopole.pl\/wordpress\/#website","url":"https:\/\/lekarzeopole.pl\/wordpress\/","name":"Lekarze Opole","description":"","potentialAction":[{"@type":"SearchAction","target":{"@type":"EntryPoint","urlTemplate":"https:\/\/lekarzeopole.pl\/wordpress\/?s={search_term_string}"},"query-input":{"@type":"PropertyValueSpecification","valueRequired":true,"valueName":"search_term_string"}}],"inLanguage":"pl-PL"}]}},"_links":{"self":[{"href":"https:\/\/lekarzeopole.pl\/wordpress\/wp-json\/wp\/v2\/product\/44","targetHints":{"allow":["GET"]}}],"collection":[{"href":"https:\/\/lekarzeopole.pl\/wordpress\/wp-json\/wp\/v2\/product"}],"about":[{"href":"https:\/\/lekarzeopole.pl\/wordpress\/wp-json\/wp\/v2\/types\/product"}],"replies":[{"embeddable":true,"href":"https:\/\/lekarzeopole.pl\/wordpress\/wp-json\/wp\/v2\/comments?post=44"}],"wp:featuredmedia":[{"embeddable":true,"href":"https:\/\/lekarzeopole.pl\/wordpress\/wp-json\/wp\/v2\/media\/45"}],"wp:attachment":[{"href":"https:\/\/lekarzeopole.pl\/wordpress\/wp-json\/wp\/v2\/media?parent=44"}],"wp:term":[{"taxonomy":"product_brand","embeddable":true,"href":"https:\/\/lekarzeopole.pl\/wordpress\/wp-json\/wp\/v2\/product_brand?post=44"},{"taxonomy":"product_cat","embeddable":true,"href":"https:\/\/lekarzeopole.pl\/wordpress\/wp-json\/wp\/v2\/product_cat?post=44"},{"taxonomy":"product_tag","embeddable":true,"href":"https:\/\/lekarzeopole.pl\/wordpress\/wp-json\/wp\/v2\/product_tag?post=44"}],"curies":[{"name":"wp","href":"https:\/\/api.w.org\/{rel}","templated":true}]}}