{"id":434,"date":"2024-02-09T08:22:22","date_gmt":"2024-02-09T08:22:22","guid":{"rendered":"https:\/\/lekarzeopole.pl\/wordpress\/?post_type=product&#038;p=434"},"modified":"2024-12-06T13:31:13","modified_gmt":"2024-12-06T13:31:13","slug":"bentolit","status":"publish","type":"product","link":"https:\/\/lekarzeopole.pl\/wordpress\/product\/bentolit\/","title":{"rendered":"Bentolit"},"content":{"rendered":"<div class=\"flex-1 overflow-hidden\">\n<div class=\"react-scroll-to-bottom--css-elffy-79elbk h-full\">\n<div class=\"react-scroll-to-bottom--css-elffy-1n7m0yu\">\n<div class=\"flex flex-col pb-9 text-sm\">\n<div class=\"w-full text-token-text-primary\" data-testid=\"conversation-turn-3\">\n<div class=\"px-4 py-2 justify-center text-base md:gap-6 m-auto\">\n<div class=\"flex flex-1 text-base mx-auto gap-3 md:px-5 lg:px-1 xl:px-5 md:max-w-3xl lg:max-w-[40rem] xl:max-w-[48rem] group\">\n<div class=\"relative flex w-full flex-col lg:w-[calc(100%-115px)] agent-turn\">\n<div class=\"flex-col gap-1 md:gap-3\">\n<div class=\"flex flex-grow flex-col max-w-full\">\n<div class=\"min-h-[20px] text-message flex flex-col items-start gap-3 whitespace-pre-wrap break-words [.text-message+&amp;]:mt-5 overflow-x-auto\" data-message-author-role=\"assistant\" data-message-id=\"e2442478-a1f0-46e2-b5fa-3503d6d75966\">\n<div class=\"markdown prose w-full break-words dark:prose-invert light\">\n<p><strong>Bentolit<\/strong> to naturalny proszek, kt\u00f3ry zyska\u0142 popularno\u015b\u0107 w\u015br\u00f3d os\u00f3b d\u0105\u017c\u0105cych do utraty wagi. Przeznaczony jest dla wszystkich, kt\u00f3rzy pragn\u0105 wsparcia w procesie odchudzania. Produkt ten mo\u017ce by\u0107 stosowany przez osoby w r\u00f3\u017cnym wieku i o r\u00f3\u017cnym stopniu aktywno\u015bci fizycznej. Wskazania do stosowania Bentolit obejmuj\u0105:<\/p>\n<ol>\n<li>Osoby z nadwag\u0105 lub oty\u0142o\u015bci\u0105, kt\u00f3re pragn\u0105 zredukowa\u0107 zb\u0119dne kilogramy.<\/li>\n<li>Osoby prowadz\u0105ce aktywny tryb \u017cycia i chc\u0105ce utrzyma\u0107 zdrow\u0105 wag\u0119.<\/li>\n<li>Osoby odczuwaj\u0105ce potrzeb\u0119 oczyszczenia organizmu z toksyn i nadmiaru zalegaj\u0105cych substancji.<\/li>\n<li>Osoby pragn\u0105ce poprawi\u0107 trawienie i regulacj\u0119 funkcji jelitowej.<\/li>\n<li>Osoby, kt\u00f3re szukaj\u0105 naturalnych metod wspieraj\u0105cych proces detoksykacji organizmu.<\/li>\n<\/ol>\n<h2>Sk\u0142ad i dzia\u0142anie sk\u0142adnik\u00f3w Bentolit<\/h2>\n<p>Bentolit to mieszanka naturalnych sk\u0142adnik\u00f3w, kt\u00f3re dzia\u0142aj\u0105 synergistycznie, wspomagaj\u0105c proces odchudzania oraz oczyszczanie organizmu. G\u0142\u00f3wne sk\u0142adniki Bentolit to:<\/p>\n<ol>\n<li><strong>Bentonit<\/strong> &#8211; minera\u0142 z grupy glin, znany ze swoich w\u0142a\u015bciwo\u015bci absorpcyjnych. Bentonit wi\u0105\u017ce toksyny i szkodliwe substancje, u\u0142atwiaj\u0105c ich wydalanie z organizmu.<\/li>\n<li><strong>W\u0119giel aktywny<\/strong> &#8211; znany ze zdolno\u015bci adsorpcji substancji chemicznych, gaz\u00f3w oraz toksyn. W\u0119giel aktywny pomaga w procesie oczyszczania organizmu z zanieczyszcze\u0144.<\/li>\n<li><strong>Ekstrakt z cytryny<\/strong> &#8211; bogaty w witamin\u0119 C, dzia\u0142a oczyszczaj\u0105co i detoksykuj\u0105co na organizm. Dodatkowo wspomaga metabolizm t\u0142uszcz\u00f3w.<\/li>\n<li><strong>Ekstrakt z imbiru<\/strong> &#8211; pobudza proces trawienia, redukuje uczucie g\u0142odu oraz wspomaga proces spalania tkanki t\u0142uszczowej.<\/li>\n<li><strong>Ekstrakt z mniszka lekarskiego<\/strong> &#8211; dzia\u0142anie detoksykacyjne i oczyszczaj\u0105ce, wspomaga prac\u0119 w\u0105troby i jelit.<\/li>\n<\/ol>\n<p>Dzi\u0119ki zr\u00f3wnowa\u017conej kombinacji tych sk\u0142adnik\u00f3w, Bentolit nie tylko wspomaga proces odchudzania poprzez redukcj\u0119 apetytu i przyspieszenie metabolizmu, ale r\u00f3wnie\u017c oczyszcza organizm z toksyn i szkodliwych substancji.<\/p>\n<p style=\"text-align: center;\"><a href=\"https:\/\/tl-track.com\/tracker\/ukUh\"><button>www.bentolit.pl<\/button><\/a><\/p>\n<h2>Efekty Bentolit i ich charakterystyka<\/h2>\n<p>Korzystanie z Bentolitu przynosi wiele korzy\u015bci dla organizmu. G\u0142\u00f3wne efekty stosowania tego preparatu to:<\/p>\n<ol>\n<li><strong>Redukcja wagi<\/strong> &#8211; regularne stosowanie Bentolitu wspomaga utrat\u0119 zb\u0119dnych kilogram\u00f3w poprzez zmniejszenie apetytu oraz przyspieszenie proces\u00f3w metabolicznych.<\/li>\n<li><strong>Oczyszczanie organizmu<\/strong> &#8211; sk\u0142adniki aktywne proszku Bentolit wi\u0105\u017c\u0105 toksyny i szkodliwe substancje, u\u0142atwiaj\u0105c ich wydalanie z organizmu.<\/li>\n<li><strong>Poprawa trawienia<\/strong> &#8211; ekstrakty ro\u015blinne zawarte w Bentolicie wspieraj\u0105 proces trawienia, redukuj\u0105c problem wzd\u0119\u0107 i niestrawno\u015bci.<\/li>\n<li><strong>Zwi\u0119kszenie energii<\/strong> &#8211; regularne stosowanie Bentolitu mo\u017ce skutkowa\u0107 zwi\u0119kszeniem energii i popraw\u0105 samopoczucia dzi\u0119ki oczyszczeniu organizmu.<\/li>\n<\/ol>\n<h2>Ryzyko skutk\u00f3w ubocznych<\/h2>\n<p>Bentolit to preparat oparty na naturalnych sk\u0142adnikach, dlatego ryzyko wyst\u0105pienia skutk\u00f3w ubocznych jest minimalne. Jednak\u017ce, ka\u017cda osoba mo\u017ce reagowa\u0107 inaczej na poszczeg\u00f3lne sk\u0142adniki preparatu, dlatego zaleca si\u0119 skonsultowanie si\u0119 z lekarzem przed rozpocz\u0119ciem kuracji, zw\u0142aszcza w przypadku os\u00f3b cierpi\u0105cych na schorzenia przewlek\u0142e lub stosuj\u0105cych regularnie leki. W przypadku nietolerancji na kt\u00f3rykolwiek ze sk\u0142adnik\u00f3w preparatu, nale\u017cy przerwa\u0107 jego stosowanie i skonsultowa\u0107 si\u0119 z lekarzem w celu wybrania alternatywnej metody odchudzania.<\/p>\n<p><em>Bentolit to naturalny proszek wspomagaj\u0105cy odchudzanie, kt\u00f3ry dzi\u0119ki zr\u00f3wnowa\u017conej kombinacji sk\u0142adnik\u00f3w aktywnych wspiera proces redukcji wagi oraz oczyszczania organizmu. Regularne stosowanie Bentolitu mo\u017ce przynie\u015b\u0107 pozytywne efekty dla zdrowia i samopoczucia, minimalizuj\u0105c jednocze\u015bnie ryzyko wyst\u0105pienia skutk\u00f3w ubocznych.<\/em><\/p>\n<\/div>\n<\/div>\n<\/div>\n<\/div>\n<\/div>\n<\/div>\n<\/div>\n<\/div>\n<div class=\"w-full text-token-text-primary\" data-testid=\"conversation-turn-5\">\n<div class=\"px-4 py-2 justify-center text-base md:gap-6 m-auto\">\n<div class=\"flex flex-1 text-base mx-auto gap-3 md:px-5 lg:px-1 xl:px-5 md:max-w-3xl lg:max-w-[40rem] xl:max-w-[48rem] group final-completion\">\n<div class=\"relative flex w-full flex-col lg:w-[calc(100%-115px)] agent-turn\">\n<div class=\"flex-col gap-1 md:gap-3\">\n<div class=\"flex flex-grow flex-col max-w-full\">\n<div class=\"min-h-[20px] text-message flex flex-col items-start gap-3 whitespace-pre-wrap break-words [.text-message+&amp;]:mt-5 overflow-x-auto\" data-message-author-role=\"assistant\" data-message-id=\"7d6e1b08-c18e-469a-a5e3-df8ccaec2dd8\">\n<div class=\"markdown prose w-full break-words dark:prose-invert light\">\n<h2>Opinie klient\u00f3w o Bentolit: fora po\u015bwi\u0119cone zdrowiu<\/h2>\n<p>Na polskich forach po\u015bwi\u0119conych zdrowiu i odchudzaniu nie brakuje w\u0105tk\u00f3w dotycz\u0105cych Bentolitu. Preparat ten zyska\u0142 ogromn\u0105 popularno\u015b\u0107 w\u015br\u00f3d klient\u00f3w, co sprawia, \u017ce opinii na jego temat jest mn\u00f3stwo. Wi\u0119kszo\u015b\u0107 u\u017cytkownik\u00f3w opisuje pozytywne dzia\u0142anie Bentolitu oraz jego dost\u0119pno\u015b\u0107. Poni\u017cej przedstawiamy dwa przyk\u0142adowe opinie od u\u017cytkownik\u00f3w:<\/p>\n<ol>\n<li><strong>Anna67:<\/strong> &#8222;Od kiedy zacz\u0119\u0142am stosowa\u0107 Bentolit, zauwa\u017cy\u0142am znaczn\u0105 popraw\u0119 mojego samopoczucia. Mam wi\u0119cej energii, a dodatkowo widz\u0119, \u017ce stopniowo trac\u0119 zb\u0119dne kilogramy. Bardzo polecam ten preparat wszystkim, kt\u00f3rzy szukaj\u0105 skutecznej i naturalnej metody odchudzania.&#8221;<\/li>\n<li><strong>Kamil24:<\/strong> &#8222;Jestem pod wielkim wra\u017ceniem efekt\u00f3w, jakie osi\u0105gn\u0105\u0142em dzi\u0119ki Bentolitowi. Nie tylko straci\u0142em na wadze, ale r\u00f3wnie\u017c czuj\u0119 si\u0119 o wiele lepiej. Mniej mam problem\u00f3w z trawieniem, a moja sk\u00f3ra wygl\u0105da zdrowiej. Dla mnie to rewelacyjny produkt!&#8221;<\/li>\n<\/ol>\n<h2>Spos\u00f3b podawania i dawkowanie<\/h2>\n<p>Spos\u00f3b podawania Bentolitu jest niezwykle prosty. Preparat wyst\u0119puje w postaci proszku, kt\u00f3ry nale\u017cy rozpu\u015bci\u0107 w wodzie i wypi\u0107. Zalecane dawkowanie to jedna porcja preparatu rozpuszczona w szklance wody, spo\u017cywana raz dziennie przed posi\u0142kiem. Wa\u017cne jest r\u00f3wnie\u017c regularne picie wody w ci\u0105gu dnia, aby wspom\u00f3c proces detoksykacji organizmu.<\/p>\n<h2>Kup teraz Bentolit z dostaw\u0105<\/h2>\n<p>Zam\u00f3wienie Bentolitu jest niezwykle proste i wygodne. Produkt dost\u0119pny jest do zakupu online, co eliminuje konieczno\u015b\u0107 wychodzenia z domu. Co wi\u0119cej, nie ma potrzeby dokonywania przedp\u0142aty &#8211; p\u0142atno\u015b\u0107 za produkt nast\u0119puje dopiero po jego otrzymaniu, co gwarantuje otrzymanie oryginalnego produktu bez ryzyka oszustwa. Dostawa zazwyczaj trwa od 3 do 4 dni roboczych na terenie Polski. Dodatkowo, po z\u0142o\u017ceniu zam\u00f3wienia, klient otrzymuje potwierdzenie telefoniczne od specjalisty, kt\u00f3ry mo\u017ce udzieli\u0107 wszelkich dodatkowych informacji oraz porad dotycz\u0105cych ilo\u015bci produktu oraz dost\u0119pnych promocji.<\/p>\n<p style=\"text-align: center;\"><a href=\"https:\/\/tl-track.com\/tracker\/ukUh\"><button>Zakup na stronie producenta (-50%)<\/button><\/a><\/p>\n<h2>Por\u00f3wnanie ofert: ceny i dost\u0119pno\u015b\u0107 Bentolit<\/h2>\n<p>Producent Bentolitu stawia na bezpo\u015bredni\u0105 dost\u0119pno\u015b\u0107 dla klient\u00f3w, dlatego preparat mo\u017cna zakupi\u0107 bezpo\u015brednio na oficjalnej stronie producenta, eliminuj\u0105c po\u015brednik\u00f3w i dodatkowe mar\u017ce. Dodatkowo, na stronie producenta cz\u0119sto dost\u0119pne s\u0105 atrakcyjne promocje i rabaty, kt\u00f3re warto regularnie sprawdza\u0107. Jest to tak\u017ce pow\u00f3d, dla kt\u00f3rego preparat nie jest dost\u0119pny w stacjonarnych aptekach &#8211; producent chce zagwarantowa\u0107 klientom oryginalno\u015b\u0107 produktu oraz atrakcyjne ceny.<\/p>\n<\/div>\n<\/div>\n<\/div>\n<\/div>\n<\/div>\n<\/div>\n<\/div>\n<\/div>\n<\/div>\n<\/div>\n<\/div>\n<\/div>\n","protected":false},"excerpt":{"rendered":"<p style=\"text-align: center;\"><a href=\"https:\/\/tl-track.com\/tracker\/ukUh\"><button>Kup teraz<\/button><\/a><\/p>\n<p>SKU:\u00a0<span class=\"sku\">789.878.046<\/span><\/p>\n<hr \/>\n<p><small>Produkt sprzedawany jest wy\u0142\u0105cznie za po\u015brednictwem oficjalnej strony producenta, id\u017a i kupuj bezpiecznie!<\/small><\/p>\n","protected":false},"featured_media":435,"comment_status":"open","ping_status":"closed","template":"","meta":[],"product_brand":[],"product_cat":[15],"product_tag":[],"class_list":{"0":"post-434","1":"product","2":"type-product","3":"status-publish","4":"has-post-thumbnail","6":"product_cat-supl","7":"thunk-woo-product-list","8":"opn-qv-enable","9":"top-store-woo-hover-","10":"top-store-single-product-tab-horizontal","11":"top-store-shadow-","12":"top-store-shadow-hover-","14":"first","15":"instock","16":"sale","17":"shipping-taxable","18":"purchasable","19":"product-type-simple"},"yoast_head":"<!-- This site is optimized with the Yoast SEO plugin v27.4 - https:\/\/yoast.com\/product\/yoast-seo-wordpress\/ -->\n<title>Bentolit - kup suplement, cena w aptece, sk\u0142ad, dzia\u0142anie<\/title>\n<meta name=\"robots\" content=\"index, follow, max-snippet:-1, max-image-preview:large, max-video-preview:-1\" \/>\n<link rel=\"canonical\" href=\"https:\/\/lekarzeopole.pl\/wordpress\/product\/bentolit\/\" \/>\n<meta property=\"og:locale\" content=\"pl_PL\" \/>\n<meta property=\"og:type\" content=\"article\" \/>\n<meta property=\"og:title\" content=\"Bentolit - kup suplement, cena w aptece, sk\u0142ad, dzia\u0142anie\" \/>\n<meta property=\"og:description\" content=\"Kup teraz SKU:\u00a0789.878.046    Produkt sprzedawany jest wy\u0142\u0105cznie za po\u015brednictwem oficjalnej strony producenta, id\u017a i kupuj bezpiecznie!\" \/>\n<meta property=\"og:url\" content=\"https:\/\/lekarzeopole.pl\/wordpress\/product\/bentolit\/\" \/>\n<meta property=\"og:site_name\" content=\"Lekarze Opole\" \/>\n<meta property=\"article:modified_time\" content=\"2024-12-06T13:31:13+00:00\" \/>\n<meta property=\"og:image\" content=\"https:\/\/lekarzeopole.pl\/wordpress\/wp-content\/uploads\/2024\/02\/bentolit-1024x846.png\" \/>\n\t<meta property=\"og:image:width\" content=\"1024\" \/>\n\t<meta property=\"og:image:height\" content=\"846\" \/>\n\t<meta property=\"og:image:type\" content=\"image\/png\" \/>\n<meta name=\"twitter:card\" content=\"summary_large_image\" \/>\n<meta name=\"twitter:label1\" content=\"Szacowany czas czytania\" \/>\n\t<meta name=\"twitter:data1\" content=\"5 minut\" \/>\n<script type=\"application\/ld+json\" class=\"yoast-schema-graph\">{\"@context\":\"https:\\\/\\\/schema.org\",\"@graph\":[{\"@type\":\"WebPage\",\"@id\":\"https:\\\/\\\/lekarzeopole.pl\\\/wordpress\\\/product\\\/bentolit\\\/\",\"url\":\"https:\\\/\\\/lekarzeopole.pl\\\/wordpress\\\/product\\\/bentolit\\\/\",\"name\":\"Bentolit - kup suplement, cena w aptece, sk\u0142ad, dzia\u0142anie\",\"isPartOf\":{\"@id\":\"https:\\\/\\\/lekarzeopole.pl\\\/wordpress\\\/#website\"},\"primaryImageOfPage\":{\"@id\":\"https:\\\/\\\/lekarzeopole.pl\\\/wordpress\\\/product\\\/bentolit\\\/#primaryimage\"},\"image\":{\"@id\":\"https:\\\/\\\/lekarzeopole.pl\\\/wordpress\\\/product\\\/bentolit\\\/#primaryimage\"},\"thumbnailUrl\":\"https:\\\/\\\/lekarzeopole.pl\\\/wordpress\\\/wp-content\\\/uploads\\\/2024\\\/02\\\/bentolit.png\",\"datePublished\":\"2024-02-09T08:22:22+00:00\",\"dateModified\":\"2024-12-06T13:31:13+00:00\",\"breadcrumb\":{\"@id\":\"https:\\\/\\\/lekarzeopole.pl\\\/wordpress\\\/product\\\/bentolit\\\/#breadcrumb\"},\"inLanguage\":\"pl-PL\",\"potentialAction\":[{\"@type\":\"ReadAction\",\"target\":[\"https:\\\/\\\/lekarzeopole.pl\\\/wordpress\\\/product\\\/bentolit\\\/\"]}]},{\"@type\":\"ImageObject\",\"inLanguage\":\"pl-PL\",\"@id\":\"https:\\\/\\\/lekarzeopole.pl\\\/wordpress\\\/product\\\/bentolit\\\/#primaryimage\",\"url\":\"https:\\\/\\\/lekarzeopole.pl\\\/wordpress\\\/wp-content\\\/uploads\\\/2024\\\/02\\\/bentolit.png\",\"contentUrl\":\"https:\\\/\\\/lekarzeopole.pl\\\/wordpress\\\/wp-content\\\/uploads\\\/2024\\\/02\\\/bentolit.png\",\"width\":1722,\"height\":1423,\"caption\":\"Bentolit\"},{\"@type\":\"BreadcrumbList\",\"@id\":\"https:\\\/\\\/lekarzeopole.pl\\\/wordpress\\\/product\\\/bentolit\\\/#breadcrumb\",\"itemListElement\":[{\"@type\":\"ListItem\",\"position\":1,\"name\":\"\u0413\u043b\u0430\u0432\u043d\u0430\u044f \u0441\u0442\u0440\u0430\u043d\u0438\u0446\u0430\",\"item\":\"https:\\\/\\\/lekarzeopole.pl\\\/wordpress\\\/\"},{\"@type\":\"ListItem\",\"position\":2,\"name\":\"Zakup\",\"item\":\"https:\\\/\\\/lekarzeopole.pl\\\/wordpress\\\/\"},{\"@type\":\"ListItem\",\"position\":3,\"name\":\"Bentolit\"}]},{\"@type\":\"WebSite\",\"@id\":\"https:\\\/\\\/lekarzeopole.pl\\\/wordpress\\\/#website\",\"url\":\"https:\\\/\\\/lekarzeopole.pl\\\/wordpress\\\/\",\"name\":\"Lekarze Opole\",\"description\":\"\",\"potentialAction\":[{\"@type\":\"SearchAction\",\"target\":{\"@type\":\"EntryPoint\",\"urlTemplate\":\"https:\\\/\\\/lekarzeopole.pl\\\/wordpress\\\/?s={search_term_string}\"},\"query-input\":{\"@type\":\"PropertyValueSpecification\",\"valueRequired\":true,\"valueName\":\"search_term_string\"}}],\"inLanguage\":\"pl-PL\"}]}<\/script>\n<!-- \/ Yoast SEO plugin. -->","yoast_head_json":{"title":"Bentolit - kup suplement, cena w aptece, sk\u0142ad, dzia\u0142anie","robots":{"index":"index","follow":"follow","max-snippet":"max-snippet:-1","max-image-preview":"max-image-preview:large","max-video-preview":"max-video-preview:-1"},"canonical":"https:\/\/lekarzeopole.pl\/wordpress\/product\/bentolit\/","og_locale":"pl_PL","og_type":"article","og_title":"Bentolit - kup suplement, cena w aptece, sk\u0142ad, dzia\u0142anie","og_description":"Kup teraz SKU:\u00a0789.878.046    Produkt sprzedawany jest wy\u0142\u0105cznie za po\u015brednictwem oficjalnej strony producenta, id\u017a i kupuj bezpiecznie!","og_url":"https:\/\/lekarzeopole.pl\/wordpress\/product\/bentolit\/","og_site_name":"Lekarze Opole","article_modified_time":"2024-12-06T13:31:13+00:00","og_image":[{"width":1024,"height":846,"url":"https:\/\/lekarzeopole.pl\/wordpress\/wp-content\/uploads\/2024\/02\/bentolit-1024x846.png","type":"image\/png"}],"twitter_card":"summary_large_image","twitter_misc":{"Szacowany czas czytania":"5 minut"},"schema":{"@context":"https:\/\/schema.org","@graph":[{"@type":"WebPage","@id":"https:\/\/lekarzeopole.pl\/wordpress\/product\/bentolit\/","url":"https:\/\/lekarzeopole.pl\/wordpress\/product\/bentolit\/","name":"Bentolit - kup suplement, cena w aptece, sk\u0142ad, dzia\u0142anie","isPartOf":{"@id":"https:\/\/lekarzeopole.pl\/wordpress\/#website"},"primaryImageOfPage":{"@id":"https:\/\/lekarzeopole.pl\/wordpress\/product\/bentolit\/#primaryimage"},"image":{"@id":"https:\/\/lekarzeopole.pl\/wordpress\/product\/bentolit\/#primaryimage"},"thumbnailUrl":"https:\/\/lekarzeopole.pl\/wordpress\/wp-content\/uploads\/2024\/02\/bentolit.png","datePublished":"2024-02-09T08:22:22+00:00","dateModified":"2024-12-06T13:31:13+00:00","breadcrumb":{"@id":"https:\/\/lekarzeopole.pl\/wordpress\/product\/bentolit\/#breadcrumb"},"inLanguage":"pl-PL","potentialAction":[{"@type":"ReadAction","target":["https:\/\/lekarzeopole.pl\/wordpress\/product\/bentolit\/"]}]},{"@type":"ImageObject","inLanguage":"pl-PL","@id":"https:\/\/lekarzeopole.pl\/wordpress\/product\/bentolit\/#primaryimage","url":"https:\/\/lekarzeopole.pl\/wordpress\/wp-content\/uploads\/2024\/02\/bentolit.png","contentUrl":"https:\/\/lekarzeopole.pl\/wordpress\/wp-content\/uploads\/2024\/02\/bentolit.png","width":1722,"height":1423,"caption":"Bentolit"},{"@type":"BreadcrumbList","@id":"https:\/\/lekarzeopole.pl\/wordpress\/product\/bentolit\/#breadcrumb","itemListElement":[{"@type":"ListItem","position":1,"name":"\u0413\u043b\u0430\u0432\u043d\u0430\u044f \u0441\u0442\u0440\u0430\u043d\u0438\u0446\u0430","item":"https:\/\/lekarzeopole.pl\/wordpress\/"},{"@type":"ListItem","position":2,"name":"Zakup","item":"https:\/\/lekarzeopole.pl\/wordpress\/"},{"@type":"ListItem","position":3,"name":"Bentolit"}]},{"@type":"WebSite","@id":"https:\/\/lekarzeopole.pl\/wordpress\/#website","url":"https:\/\/lekarzeopole.pl\/wordpress\/","name":"Lekarze Opole","description":"","potentialAction":[{"@type":"SearchAction","target":{"@type":"EntryPoint","urlTemplate":"https:\/\/lekarzeopole.pl\/wordpress\/?s={search_term_string}"},"query-input":{"@type":"PropertyValueSpecification","valueRequired":true,"valueName":"search_term_string"}}],"inLanguage":"pl-PL"}]}},"_links":{"self":[{"href":"https:\/\/lekarzeopole.pl\/wordpress\/wp-json\/wp\/v2\/product\/434","targetHints":{"allow":["GET"]}}],"collection":[{"href":"https:\/\/lekarzeopole.pl\/wordpress\/wp-json\/wp\/v2\/product"}],"about":[{"href":"https:\/\/lekarzeopole.pl\/wordpress\/wp-json\/wp\/v2\/types\/product"}],"replies":[{"embeddable":true,"href":"https:\/\/lekarzeopole.pl\/wordpress\/wp-json\/wp\/v2\/comments?post=434"}],"wp:featuredmedia":[{"embeddable":true,"href":"https:\/\/lekarzeopole.pl\/wordpress\/wp-json\/wp\/v2\/media\/435"}],"wp:attachment":[{"href":"https:\/\/lekarzeopole.pl\/wordpress\/wp-json\/wp\/v2\/media?parent=434"}],"wp:term":[{"taxonomy":"product_brand","embeddable":true,"href":"https:\/\/lekarzeopole.pl\/wordpress\/wp-json\/wp\/v2\/product_brand?post=434"},{"taxonomy":"product_cat","embeddable":true,"href":"https:\/\/lekarzeopole.pl\/wordpress\/wp-json\/wp\/v2\/product_cat?post=434"},{"taxonomy":"product_tag","embeddable":true,"href":"https:\/\/lekarzeopole.pl\/wordpress\/wp-json\/wp\/v2\/product_tag?post=434"}],"curies":[{"name":"wp","href":"https:\/\/api.w.org\/{rel}","templated":true}]}}