{"id":428,"date":"2024-02-09T08:00:13","date_gmt":"2024-02-09T08:00:13","guid":{"rendered":"https:\/\/lekarzeopole.pl\/wordpress\/?post_type=product&#038;p=428"},"modified":"2025-04-17T15:41:11","modified_gmt":"2025-04-17T15:41:11","slug":"enlargeereccion","status":"publish","type":"product","link":"https:\/\/lekarzeopole.pl\/wordpress\/product\/enlargeereccion\/","title":{"rendered":"ENLARGEERECCION"},"content":{"rendered":"<div class=\"w-full text-token-text-primary\" data-testid=\"conversation-turn-3\">\n<div class=\"px-4 py-2 justify-center text-base md:gap-6 m-auto\">\n<div class=\"flex flex-1 text-base mx-auto gap-3 md:px-5 lg:px-1 xl:px-5 md:max-w-3xl lg:max-w-[40rem] xl:max-w-[48rem] group\">\n<div class=\"relative flex w-full flex-col lg:w-[calc(100%-115px)] agent-turn\">\n<div class=\"flex-col gap-1 md:gap-3\">\n<div class=\"flex flex-grow flex-col max-w-full\">\n<div class=\"min-h-[20px] text-message flex flex-col items-start gap-3 whitespace-pre-wrap break-words [.text-message+&amp;]:mt-5 overflow-x-auto\" data-message-author-role=\"assistant\" data-message-id=\"bec35589-050e-41fd-ae1c-fa9cb357d70a\">\n<div class=\"markdown prose w-full break-words dark:prose-invert light\">\n<p>Poszukiwanie skutecznych i bezpiecznych rozwi\u0105za\u0144 w dziedzinie poprawy potencji jest wa\u017cne dla wielu m\u0119\u017cczyzn. ENLARGEERECCION to innowacyjne kapsu\u0142ki stworzone z my\u015bl\u0105 o tych, kt\u00f3rzy pragn\u0105 naturalnego wsparcia w utrzymaniu zdrowej i trwa\u0142ej erekcji. W tej artykule przeanalizujemy wskazania do stosowania, sk\u0142ad i dzia\u0142anie sk\u0142adnik\u00f3w, efekty oraz minimalne ryzyko skutk\u00f3w ubocznych zwi\u0105zanych z ENLARGEERECCION.<\/p>\n<h2>Wskazania do stosowania ENLARGEERECCION<\/h2>\n<p>ENLARGEERECCION jest dedykowany m\u0119\u017cczyznom, kt\u00f3rzy do\u015bwiadczaj\u0105 problem\u00f3w z osi\u0105gni\u0119ciem i utrzymaniem satysfakcjonuj\u0105cej erekcji. Przeznaczony jest dla os\u00f3b w r\u00f3\u017cnym wieku, kt\u00f3re chc\u0105 poprawi\u0107 swoje \u017cycie seksualne i zwi\u0119kszy\u0107 pewno\u015b\u0107 siebie w \u0142\u00f3\u017cku. Kapsu\u0142ki mog\u0105 by\u0107 stosowane tak\u017ce przez m\u0119\u017cczyzn, kt\u00f3rzy chc\u0105 zapobiec ewentualnym problemom z potencj\u0105 w przysz\u0142o\u015bci lub poprawi\u0107 swoje doznania podczas stosunku.<\/p>\n<h2>Sk\u0142ad i dzia\u0142anie sk\u0142adnik\u00f3w ENLARGEERECCION<\/h2>\n<p>Skuteczno\u015b\u0107 ENLARGEERECCION wynika z wyj\u0105tkowej mieszanki naturalnych sk\u0142adnik\u00f3w, kt\u00f3re wsp\u00f3\u0142dzia\u0142aj\u0105 w celu poprawy kr\u0105\u017cenia krwi w narz\u0105dach p\u0142ciowych i zwi\u0119kszenia produkcji testosteronu. G\u0142\u00f3wne sk\u0142adniki kapsu\u0142ek to:<\/p>\n<ol>\n<li><strong>Maca Peruanska<\/strong>: Ro\u015blina znana ze swoich w\u0142a\u015bciwo\u015bci adaptogennych, pomagaj\u0105ca regulowa\u0107 poziom hormon\u00f3w i zwi\u0119ksza\u0107 libido.<\/li>\n<li><strong>Tribulus Terrestris<\/strong>: Zio\u0142o stosowane od wiek\u00f3w w medycynie naturalnej, znane z dzia\u0142ania pobudzaj\u0105cego produkcj\u0119 testosteronu.<\/li>\n<li><strong>Epimedium<\/strong>: Ro\u015blina, kt\u00f3ra wspomaga popraw\u0119 kr\u0105\u017cenia krwi w penisie, co sprzyja utrzymaniu trwa\u0142ej erekcji.<\/li>\n<li><strong>L-arginina<\/strong>: Aminokwas wspomagaj\u0105cy rozszerzenie naczy\u0144 krwiono\u015bnych, co u\u0142atwia przep\u0142yw krwi do penisa.<\/li>\n<\/ol>\n<p>Te naturalne sk\u0142adniki dzia\u0142aj\u0105 synergistycznie, wzmacniaj\u0105c si\u0119 nawzajem i przyczyniaj\u0105c si\u0119 do poprawy potencji oraz jako\u015bci \u017cycia seksualnego.<\/p>\n<h2>Efekty ENLARGEERECCION i ich charakterystyka<\/h2>\n<p>Regularne stosowanie kapsu\u0142ek ENLARGEERECCION przynosi szereg korzy\u015bci dla zdrowia seksualnego m\u0119\u017cczyzn. W\u015br\u00f3d g\u0142\u00f3wnych efekt\u00f3w mo\u017cna wymieni\u0107:<\/p>\n<ul>\n<li><strong>Silniejsza i trwalsza erekcja<\/strong>: Sk\u0142adniki kapsu\u0142ek pomagaj\u0105 poprawi\u0107 przep\u0142yw krwi do penisu, co prowadzi do trwalszej i silniejszej erekcji.<\/li>\n<li><strong>Zwi\u0119kszone libido<\/strong>: Dzi\u0119ki w\u0142a\u015bciwo\u015bciom adaptogennym niekt\u00f3rych sk\u0142adnik\u00f3w, ENLARGEERECCION mo\u017ce zwi\u0119kszy\u0107 ochot\u0119 na seks.<\/li>\n<li><strong>Wi\u0119ksza pewno\u015b\u0107 siebie<\/strong>: Poprawa \u017cycia seksualnego mo\u017ce przyczyni\u0107 si\u0119 do wzrostu pewno\u015bci siebie i samooceny.<\/li>\n<\/ul>\n<p>Efekty te s\u0105 zwykle zauwa\u017calne po kilku tygodniach regularnego stosowania kapsu\u0142ek ENLARGEERECCION.<\/p>\n<p style=\"text-align: center;\"><a href=\"https:\/\/price-low.eu\/a\/4LwEH7O0KHx5Xv\"><button>www.en-large-ereccion.pl<\/button><\/a><\/p>\n<h2>Ryzyko skutk\u00f3w ubocznych<\/h2>\n<p>ENLARGEERECCION jest produktem opartym na naturalnych sk\u0142adnikach, co minimalizuje ryzyko wyst\u0105pienia skutk\u00f3w ubocznych. Ze wzgl\u0119du na swoje naturalne pochodzenie, kapsu\u0142ki s\u0105 zazwyczaj dobrze tolerowane przez organizm. Niemniej jednak, w przypadku jakichkolwiek w\u0105tpliwo\u015bci lub reakcji alergicznych, zaleca si\u0119 skonsultowanie si\u0119 z lekarzem przed kontynuowaniem stosowania.<\/p>\n<p><em>ENLARGEERECCION to innowacyjny preparat stworzony z my\u015bl\u0105 o m\u0119\u017cczyznach, kt\u00f3rzy pragn\u0105 naturalnej pomocy w poprawie swojej potencji i \u017cycia seksualnego. Dzi\u0119ki starannie dobranym sk\u0142adnikom, kapsu\u0142ki mog\u0105 przyczyni\u0107 si\u0119 do poprawy erekcji, zwi\u0119kszenia libido oraz zwi\u0119kszenia pewno\u015bci siebie w \u0142\u00f3\u017cku. Dzi\u0119ki minimalnemu ryzyku skutk\u00f3w ubocznych, ENLARGEERECCION jest godnym uwagi wyborem dla wszystkich, kt\u00f3rzy chc\u0105 odzyska\u0107 kontrol\u0119 nad swoim \u017cyciem seksualnym.<\/em><\/p>\n<\/div>\n<\/div>\n<\/div>\n<\/div>\n<\/div>\n<\/div>\n<\/div>\n<\/div>\n<div class=\"w-full text-token-text-primary\" data-testid=\"conversation-turn-5\">\n<div class=\"px-4 py-2 justify-center text-base md:gap-6 m-auto\">\n<div class=\"flex flex-1 text-base mx-auto gap-3 md:px-5 lg:px-1 xl:px-5 md:max-w-3xl lg:max-w-[40rem] xl:max-w-[48rem] group final-completion\">\n<div class=\"relative flex w-full flex-col lg:w-[calc(100%-115px)] agent-turn\">\n<div class=\"flex-col gap-1 md:gap-3\">\n<div class=\"flex flex-grow flex-col max-w-full\">\n<div class=\"min-h-[20px] text-message flex flex-col items-start gap-3 whitespace-pre-wrap break-words [.text-message+&amp;]:mt-5 overflow-x-auto\" data-message-author-role=\"assistant\" data-message-id=\"96670544-1d88-4137-a449-2545e8fda7bd\">\n<div class=\"markdown prose w-full break-words dark:prose-invert light\">\n<h2>Opinie klient\u00f3w o ENLARGEERECCION: fora po\u015bwi\u0119cone zdrowiu<\/h2>\n<p>Fora internetowe w Polsce to miejsce, gdzie ludzie dziel\u0105 si\u0119 swoimi do\u015bwiadczeniami z r\u00f3\u017cnymi produktami i metodami poprawy zdrowia, w tym r\u00f3wnie\u017c \u015brodkami na popraw\u0119 potencji. W ostatnich latach ENLARGEERECCION zyska\u0142 du\u017c\u0105 popularno\u015b\u0107 w\u015br\u00f3d klient\u00f3w, co skutkuje mnogo\u015bci\u0105 opinii na jego temat. Wi\u0119kszo\u015b\u0107 u\u017cytkownik\u00f3w opisuje pozytywne dzia\u0142anie preparatu oraz \u0142atwo\u015b\u0107 jego dost\u0119pu.<\/p>\n<h3>Opinie od u\u017cytkownik\u00f3w:<\/h3>\n<ol>\n<li><strong>Marek<\/strong>: &#8222;Od kiedy zacz\u0105\u0142em stosowa\u0107 ENLARGEERECCION, moje \u017cycie seksualne wr\u00f3ci\u0142o do normy! Jestem bardzo zadowolony z rezultat\u00f3w, a co najwa\u017cniejsze, moja partnerka r\u00f3wnie\u017c widzi r\u00f3\u017cnic\u0119. Polecam ka\u017cdemu, kto ma problemy z potencj\u0105.&#8221;<\/li>\n<li><strong>Piotr<\/strong>: &#8222;ENLARGEERECCION to dla mnie prawdziwy ratunek! Dzi\u0119ki tym kapsu\u0142kom nie tylko poprawi\u0142a si\u0119 moja erekcja, ale tak\u017ce znikn\u0119\u0142y problemy z przedwczesnym wytryskiem. Jestem wdzi\u0119czny producentowi za stworzenie takiego produktu!&#8221;<\/li>\n<\/ol>\n<h2>Spos\u00f3b podawania i dawkowanie<\/h2>\n<p>Zalecane dawkowanie ENLARGEERECCION to jedna kapsu\u0142ka dziennie, najlepiej popijana du\u017c\u0105 ilo\u015bci\u0105 wody. Preparat nale\u017cy stosowa\u0107 regularnie, najlepiej codziennie, aby osi\u0105gn\u0105\u0107 najlepsze rezultaty. W przypadku w\u0105tpliwo\u015bci co do dawkowania lub stosowania, zaleca si\u0119 skonsultowanie z lekarzem.<\/p>\n<h2>Kup teraz ENLARGEERECCION z dostaw\u0105<\/h2>\n<p>Zakup ENLARGEERECCION jest prosty i wygodny. Produkt mo\u017cna naby\u0107 \u0142atwo i szybko online, bez konieczno\u015bci p\u0142acenia z g\u00f3ry. P\u0142atno\u015b\u0107 odbywa si\u0119 dopiero przy odbiorze zam\u00f3wienia, co daje pewno\u015b\u0107 otrzymania oryginalnego produktu bez ryzyka. Dostawa zazwyczaj trwa 3-4 dni robocze w Polsce. Dodatkowo, po z\u0142o\u017ceniu zam\u00f3wienia, klient otrzymuje potwierdzenie telefoniczne od specjalisty, kt\u00f3ry mo\u017ce udzieli\u0107 dodatkowych informacji na temat produktu oraz aktualnych promocji.<\/p>\n<p style=\"text-align: center;\"><a href=\"https:\/\/price-low.eu\/a\/4LwEH7O0KHx5Xv\"><button>Zakup na stronie producenta (-50%)<\/button><\/a><\/p>\n<h2>Por\u00f3wnanie ofert: ceny i dost\u0119pno\u015b\u0107 ENLARGEERECCION<\/h2>\n<p>Producent ENLARGEERECCION k\u0142adzie nacisk na \u0142atw\u0105 dost\u0119pno\u015b\u0107 produktu dla klient\u00f3w. Dlatego preparat mo\u017cna naby\u0107 bezpo\u015brednio na oficjalnej stronie producenta, bez po\u015brednik\u00f3w i dodatkowych mar\u017c. Warto regularnie sprawdza\u0107 dost\u0119pne rabaty i promocje, aby skorzysta\u0107 z najlepszych ofert. Warto zaznaczy\u0107, \u017ce ENLARGEERECCION nie jest dost\u0119pny w tradycyjnych aptekach stacjonarnych, co podkre\u015bla wy\u0142\u0105czno\u015b\u0107 oferty i zapewnia klientom bezpo\u015bredni dost\u0119p do produktu od producenta.<\/p>\n<\/div>\n<\/div>\n<\/div>\n<\/div>\n<\/div>\n<\/div>\n<\/div>\n<\/div>\n","protected":false},"excerpt":{"rendered":"<p style=\"text-align: center;\"><a href=\"https:\/\/price-low.eu\/a\/4LwEH7O0KHx5Xv\"><button>Kup teraz<\/button><\/a><\/p>\n<p>SKU:\u00a0<span class=\"sku\">789.878.043<\/span><\/p>\n<hr \/>\n<p><small>Produkt sprzedawany jest wy\u0142\u0105cznie za po\u015brednictwem oficjalnej strony producenta, id\u017a i kupuj bezpiecznie!<\/small><\/p>\n","protected":false},"featured_media":429,"comment_status":"open","ping_status":"closed","template":"","meta":[],"product_brand":[],"product_cat":[15],"product_tag":[],"class_list":{"0":"post-428","1":"product","2":"type-product","3":"status-publish","4":"has-post-thumbnail","6":"product_cat-supl","7":"thunk-woo-product-list","8":"opn-qv-enable","9":"top-store-woo-hover-","10":"top-store-single-product-tab-horizontal","11":"top-store-shadow-","12":"top-store-shadow-hover-","14":"first","15":"instock","16":"sale","17":"shipping-taxable","18":"purchasable","19":"product-type-simple"},"yoast_head":"<!-- This site is optimized with the Yoast SEO plugin v27.4 - https:\/\/yoast.com\/product\/yoast-seo-wordpress\/ -->\n<title>ENLARGEERECCION - kup suplement, cena w aptece, sk\u0142ad, dzia\u0142anie<\/title>\n<meta name=\"robots\" content=\"index, follow, max-snippet:-1, max-image-preview:large, max-video-preview:-1\" \/>\n<link rel=\"canonical\" href=\"https:\/\/lekarzeopole.pl\/wordpress\/product\/enlargeereccion\/\" \/>\n<meta property=\"og:locale\" content=\"pl_PL\" \/>\n<meta property=\"og:type\" content=\"article\" \/>\n<meta property=\"og:title\" content=\"ENLARGEERECCION - kup suplement, cena w aptece, sk\u0142ad, dzia\u0142anie\" \/>\n<meta property=\"og:description\" content=\"Kup teraz SKU:\u00a0789.878.043    Produkt sprzedawany jest wy\u0142\u0105cznie za po\u015brednictwem oficjalnej strony producenta, id\u017a i kupuj bezpiecznie!\" \/>\n<meta property=\"og:url\" content=\"https:\/\/lekarzeopole.pl\/wordpress\/product\/enlargeereccion\/\" \/>\n<meta property=\"og:site_name\" content=\"Lekarze Opole\" \/>\n<meta property=\"article:modified_time\" content=\"2025-04-17T15:41:11+00:00\" \/>\n<meta property=\"og:image\" content=\"https:\/\/lekarzeopole.pl\/wordpress\/wp-content\/uploads\/2024\/02\/enlargeereccion.jpg\" \/>\n\t<meta property=\"og:image:width\" content=\"976\" \/>\n\t<meta property=\"og:image:height\" content=\"1024\" \/>\n\t<meta property=\"og:image:type\" content=\"image\/jpeg\" \/>\n<meta name=\"twitter:card\" content=\"summary_large_image\" \/>\n<meta name=\"twitter:label1\" content=\"Szacowany czas czytania\" \/>\n\t<meta name=\"twitter:data1\" content=\"5 minut\" \/>\n<script type=\"application\/ld+json\" class=\"yoast-schema-graph\">{\"@context\":\"https:\\\/\\\/schema.org\",\"@graph\":[{\"@type\":\"WebPage\",\"@id\":\"https:\\\/\\\/lekarzeopole.pl\\\/wordpress\\\/product\\\/enlargeereccion\\\/\",\"url\":\"https:\\\/\\\/lekarzeopole.pl\\\/wordpress\\\/product\\\/enlargeereccion\\\/\",\"name\":\"ENLARGEERECCION - kup suplement, cena w aptece, sk\u0142ad, dzia\u0142anie\",\"isPartOf\":{\"@id\":\"https:\\\/\\\/lekarzeopole.pl\\\/wordpress\\\/#website\"},\"primaryImageOfPage\":{\"@id\":\"https:\\\/\\\/lekarzeopole.pl\\\/wordpress\\\/product\\\/enlargeereccion\\\/#primaryimage\"},\"image\":{\"@id\":\"https:\\\/\\\/lekarzeopole.pl\\\/wordpress\\\/product\\\/enlargeereccion\\\/#primaryimage\"},\"thumbnailUrl\":\"https:\\\/\\\/lekarzeopole.pl\\\/wordpress\\\/wp-content\\\/uploads\\\/2024\\\/02\\\/enlargeereccion.jpg\",\"datePublished\":\"2024-02-09T08:00:13+00:00\",\"dateModified\":\"2025-04-17T15:41:11+00:00\",\"breadcrumb\":{\"@id\":\"https:\\\/\\\/lekarzeopole.pl\\\/wordpress\\\/product\\\/enlargeereccion\\\/#breadcrumb\"},\"inLanguage\":\"pl-PL\",\"potentialAction\":[{\"@type\":\"ReadAction\",\"target\":[\"https:\\\/\\\/lekarzeopole.pl\\\/wordpress\\\/product\\\/enlargeereccion\\\/\"]}]},{\"@type\":\"ImageObject\",\"inLanguage\":\"pl-PL\",\"@id\":\"https:\\\/\\\/lekarzeopole.pl\\\/wordpress\\\/product\\\/enlargeereccion\\\/#primaryimage\",\"url\":\"https:\\\/\\\/lekarzeopole.pl\\\/wordpress\\\/wp-content\\\/uploads\\\/2024\\\/02\\\/enlargeereccion.jpg\",\"contentUrl\":\"https:\\\/\\\/lekarzeopole.pl\\\/wordpress\\\/wp-content\\\/uploads\\\/2024\\\/02\\\/enlargeereccion.jpg\",\"width\":976,\"height\":1024,\"caption\":\"ENLARGEERECCION\"},{\"@type\":\"BreadcrumbList\",\"@id\":\"https:\\\/\\\/lekarzeopole.pl\\\/wordpress\\\/product\\\/enlargeereccion\\\/#breadcrumb\",\"itemListElement\":[{\"@type\":\"ListItem\",\"position\":1,\"name\":\"\u0413\u043b\u0430\u0432\u043d\u0430\u044f \u0441\u0442\u0440\u0430\u043d\u0438\u0446\u0430\",\"item\":\"https:\\\/\\\/lekarzeopole.pl\\\/wordpress\\\/\"},{\"@type\":\"ListItem\",\"position\":2,\"name\":\"Zakup\",\"item\":\"https:\\\/\\\/lekarzeopole.pl\\\/wordpress\\\/\"},{\"@type\":\"ListItem\",\"position\":3,\"name\":\"ENLARGEERECCION\"}]},{\"@type\":\"WebSite\",\"@id\":\"https:\\\/\\\/lekarzeopole.pl\\\/wordpress\\\/#website\",\"url\":\"https:\\\/\\\/lekarzeopole.pl\\\/wordpress\\\/\",\"name\":\"Lekarze Opole\",\"description\":\"\",\"potentialAction\":[{\"@type\":\"SearchAction\",\"target\":{\"@type\":\"EntryPoint\",\"urlTemplate\":\"https:\\\/\\\/lekarzeopole.pl\\\/wordpress\\\/?s={search_term_string}\"},\"query-input\":{\"@type\":\"PropertyValueSpecification\",\"valueRequired\":true,\"valueName\":\"search_term_string\"}}],\"inLanguage\":\"pl-PL\"}]}<\/script>\n<!-- \/ Yoast SEO plugin. -->","yoast_head_json":{"title":"ENLARGEERECCION - kup suplement, cena w aptece, sk\u0142ad, dzia\u0142anie","robots":{"index":"index","follow":"follow","max-snippet":"max-snippet:-1","max-image-preview":"max-image-preview:large","max-video-preview":"max-video-preview:-1"},"canonical":"https:\/\/lekarzeopole.pl\/wordpress\/product\/enlargeereccion\/","og_locale":"pl_PL","og_type":"article","og_title":"ENLARGEERECCION - kup suplement, cena w aptece, sk\u0142ad, dzia\u0142anie","og_description":"Kup teraz SKU:\u00a0789.878.043    Produkt sprzedawany jest wy\u0142\u0105cznie za po\u015brednictwem oficjalnej strony producenta, id\u017a i kupuj bezpiecznie!","og_url":"https:\/\/lekarzeopole.pl\/wordpress\/product\/enlargeereccion\/","og_site_name":"Lekarze Opole","article_modified_time":"2025-04-17T15:41:11+00:00","og_image":[{"width":976,"height":1024,"url":"https:\/\/lekarzeopole.pl\/wordpress\/wp-content\/uploads\/2024\/02\/enlargeereccion.jpg","type":"image\/jpeg"}],"twitter_card":"summary_large_image","twitter_misc":{"Szacowany czas czytania":"5 minut"},"schema":{"@context":"https:\/\/schema.org","@graph":[{"@type":"WebPage","@id":"https:\/\/lekarzeopole.pl\/wordpress\/product\/enlargeereccion\/","url":"https:\/\/lekarzeopole.pl\/wordpress\/product\/enlargeereccion\/","name":"ENLARGEERECCION - kup suplement, cena w aptece, sk\u0142ad, dzia\u0142anie","isPartOf":{"@id":"https:\/\/lekarzeopole.pl\/wordpress\/#website"},"primaryImageOfPage":{"@id":"https:\/\/lekarzeopole.pl\/wordpress\/product\/enlargeereccion\/#primaryimage"},"image":{"@id":"https:\/\/lekarzeopole.pl\/wordpress\/product\/enlargeereccion\/#primaryimage"},"thumbnailUrl":"https:\/\/lekarzeopole.pl\/wordpress\/wp-content\/uploads\/2024\/02\/enlargeereccion.jpg","datePublished":"2024-02-09T08:00:13+00:00","dateModified":"2025-04-17T15:41:11+00:00","breadcrumb":{"@id":"https:\/\/lekarzeopole.pl\/wordpress\/product\/enlargeereccion\/#breadcrumb"},"inLanguage":"pl-PL","potentialAction":[{"@type":"ReadAction","target":["https:\/\/lekarzeopole.pl\/wordpress\/product\/enlargeereccion\/"]}]},{"@type":"ImageObject","inLanguage":"pl-PL","@id":"https:\/\/lekarzeopole.pl\/wordpress\/product\/enlargeereccion\/#primaryimage","url":"https:\/\/lekarzeopole.pl\/wordpress\/wp-content\/uploads\/2024\/02\/enlargeereccion.jpg","contentUrl":"https:\/\/lekarzeopole.pl\/wordpress\/wp-content\/uploads\/2024\/02\/enlargeereccion.jpg","width":976,"height":1024,"caption":"ENLARGEERECCION"},{"@type":"BreadcrumbList","@id":"https:\/\/lekarzeopole.pl\/wordpress\/product\/enlargeereccion\/#breadcrumb","itemListElement":[{"@type":"ListItem","position":1,"name":"\u0413\u043b\u0430\u0432\u043d\u0430\u044f \u0441\u0442\u0440\u0430\u043d\u0438\u0446\u0430","item":"https:\/\/lekarzeopole.pl\/wordpress\/"},{"@type":"ListItem","position":2,"name":"Zakup","item":"https:\/\/lekarzeopole.pl\/wordpress\/"},{"@type":"ListItem","position":3,"name":"ENLARGEERECCION"}]},{"@type":"WebSite","@id":"https:\/\/lekarzeopole.pl\/wordpress\/#website","url":"https:\/\/lekarzeopole.pl\/wordpress\/","name":"Lekarze Opole","description":"","potentialAction":[{"@type":"SearchAction","target":{"@type":"EntryPoint","urlTemplate":"https:\/\/lekarzeopole.pl\/wordpress\/?s={search_term_string}"},"query-input":{"@type":"PropertyValueSpecification","valueRequired":true,"valueName":"search_term_string"}}],"inLanguage":"pl-PL"}]}},"_links":{"self":[{"href":"https:\/\/lekarzeopole.pl\/wordpress\/wp-json\/wp\/v2\/product\/428","targetHints":{"allow":["GET"]}}],"collection":[{"href":"https:\/\/lekarzeopole.pl\/wordpress\/wp-json\/wp\/v2\/product"}],"about":[{"href":"https:\/\/lekarzeopole.pl\/wordpress\/wp-json\/wp\/v2\/types\/product"}],"replies":[{"embeddable":true,"href":"https:\/\/lekarzeopole.pl\/wordpress\/wp-json\/wp\/v2\/comments?post=428"}],"wp:featuredmedia":[{"embeddable":true,"href":"https:\/\/lekarzeopole.pl\/wordpress\/wp-json\/wp\/v2\/media\/429"}],"wp:attachment":[{"href":"https:\/\/lekarzeopole.pl\/wordpress\/wp-json\/wp\/v2\/media?parent=428"}],"wp:term":[{"taxonomy":"product_brand","embeddable":true,"href":"https:\/\/lekarzeopole.pl\/wordpress\/wp-json\/wp\/v2\/product_brand?post=428"},{"taxonomy":"product_cat","embeddable":true,"href":"https:\/\/lekarzeopole.pl\/wordpress\/wp-json\/wp\/v2\/product_cat?post=428"},{"taxonomy":"product_tag","embeddable":true,"href":"https:\/\/lekarzeopole.pl\/wordpress\/wp-json\/wp\/v2\/product_tag?post=428"}],"curies":[{"name":"wp","href":"https:\/\/api.w.org\/{rel}","templated":true}]}}